{"id":7736,"date":"1970-01-01T00:00:00","date_gmt":"1970-01-01T00:00:00","guid":{"rendered":"https:\/\/elfsight.com\/pt\/?page_id=7736"},"modified":"2025-03-07T05:44:07","modified_gmt":"2025-03-07T05:44:07","slug":"webflow","status":"publish","type":"page","link":"https:\/\/elfsight.com\/pt\/restaurant-menu-widget\/webflow\/","title":{"rendered":"Restaurant Menu &#8211; Webflow"},"content":{"rendered":"\n<div class=\"application-platform-content-item-description application-platform-content-item\" id=\"description\" data-nav-section=\"description\"> <h2>Incorpore o menu do restaurante no Webflow com o widget Elfsight<\/h2><p>O menu do restaurante Elfsight \u00e9 uma \u00f3tima maneira de demonstrar sua deliciosa culin\u00e1ria para o p\u00fablico, representa um conceito e atrai-o a visitar o restaurante. O instrumento \u00e9 extremamente personalizado e voc\u00ea pode criar v\u00e1rios menus com uma variedade incr\u00edvel de se\u00e7\u00f5es e itens. Selecione o esquema claro, escuro ou altere os elementos que desejar, alterando todas as cores de destaque. Al\u00e9m disso, o seu menu pode permanecer sempre relevante: corrigir pre\u00e7os, lista de pratos, adicionar novas bebidas ou at\u00e9 menus sazonais em poucos segundos! Chega de menus prontos para imprimir que voc\u00ea precisa reescrever desde o in\u00edcio. Basta come\u00e7ar a criar seu menu estiloso agora mesmo. <\/p> <p><b>Experimente aplicar o Menu do Restaurante para atingir seus objetivos de neg\u00f3cios com mais efici\u00eancia! Tendo o menu em sua p\u00e1gina, seu estabelecimento pode receber mais visitantes e ver o crescimento ativo do neg\u00f3cio e aumento de vendas<\/b><\/p> <\/div> <div class=\"application-platform-content-item-features application-platform-content-item\" id=\"features\" data-nav-section=\"features\"> <h2>Encontre abaixo os recursos fundamentais do widget: <\/h2> <ul><li>F\u00e1cil de gerenciar, mesmo para usu\u00e1rios n\u00e3o t\u00e9cnicos<\/li><li>Quantidade ilimitada de menus, se\u00e7\u00f5es ou itens, organizados com a ajuda de diferentes layouts fascinantes<\/li><li>Informa\u00e7\u00f5es sempre relevantes. Corrija os pre\u00e7os, adicione promo\u00e7\u00f5es sazonais ou bebidas sempre que quiser.<\/li><li> Exiba caracter\u00edsticas extras dos itens, por exemplo, \u00edcones, elementos nutricionais e emblemas.<\/li><li>Fa\u00e7a upload de fotos impressionantes para os itens e at\u00e9 mesmo mostre-os. -los em pop-up<\/li><li>Modifique e altere a cor de quaisquer elementos: texto, esquema de cores e \u00edcones<\/li><\/ul><p><a href=\"#demo\">Teste todos os recursos de personaliza\u00e7\u00e3o em demonstra\u00e7\u00e3o totalmente funcional<\/a><\/p> <\/div> <div class=\"application-platform-content-item-installation application-platform-content-item\" id=\"installation\" data-nav-section=\"installation\"> <h2>Como posso incorporar o Restaurant Menu no meu site Webflow? <\/h2><div class=\"video-container\"><iframe width=\"720\" height=\"405\" src=\"https:\/\/www.youtube.com\/embed\/xLXaB0tc_WU\" frameborder=\"0\" allowfullscreen=\"\"><\/iframe><\/div><p>Basta seguir estas etapas descritas abaixo para come\u00e7ar a trabalhar com o widget: <\/p> <ol><li><b>Abra nossa demonstra\u00e7\u00e3o gratuita e comece a formar seu widget personalizado. <\/b><br> Especifique a apar\u00eancia e as especifica\u00e7\u00f5es preferidas do widget e salve as modifica\u00e7\u00f5es. <\/li> <li><b>Receba o c\u00f3digo exclusivo mostrado na janela dos aplicativos Elfsight. <\/b><br> Ap\u00f3s o estabelecimento de sua ferramenta pessoal, copie o c\u00f3digo pessoal na janela exibida e guarde-o para uso posterior. <\/li> <li><b>Comece a usar o widget em seu site Webflow. <\/b><br> Integre o c\u00f3digo que voc\u00ea salvou recentemente em sua p\u00e1gina web e salve as modifica\u00e7\u00f5es. <\/li> <li><b>Conclu\u00eddo! A incorpora\u00e7\u00e3o foi realizada com sucesso. <\/b><br> Visite seu site para verificar o funcionamento da ferramenta. <\/li><\/ol> <p>Supondo que voc\u00ea enfrente algum obst\u00e1culo, procure ajuda de nossa equipe de atendimento ao cliente. Nossos consultores est\u00e3o ansiosos para ajud\u00e1-lo com todas as d\u00favidas que voc\u00ea possa ter com o widget. <\/p> <div class=\"faq\" data-component=\"FAQ\"><div class=\"faq-item\">\r\n\t\t\t\t\t<div class=\"faq-item-question\">\r\n\t\t\t\t\t\t<h3 class=\"faq-item-question-text\">Existe uma maneira de adicionar Menu de Restaurante \u00e0 minha p\u00e1gina Webflow sem habilidades de codifica\u00e7\u00e3o?<\/h3>\r\n\r\n\t\t\t\t\t\t<div class=\"faq-item-question-icon\"><\/div>\r\n\t\t\t\t\t<\/div>\r\n\r\n\t\t\t\t\t<div class=\"faq-item-answer\">\r\n\t\t\t\t\t\t<div class=\"faq-item-answer-text\"> <p>A empresa Elfsight apresenta uma solu\u00e7\u00e3o em nuvem que permite aos usu\u00e1rios criarem voc\u00ea mesmo um aplicativo de Menu de Restaurante , veja como o processo \u00e9 simples: Trabalhe diretamente na demonstra\u00e7\u00e3o online para criar uma se\u00e7\u00e3o de menu de restaurante que voc\u00ea gostaria de integrar no site Webflow. Clique em um dos modelos pr\u00e9-fabricados e ajuste as configura\u00e7\u00f5es do Menu do Restaurante, atualize seu conte\u00fado, altere o layout e o esquema de cores sem qualquer experi\u00eancia em codifica\u00e7\u00e3o. Salve o menu do restaurante e copie o c\u00f3digo do widget para incorpora\u00e7\u00e3o, que pode ser facilmente inclu\u00eddo em qualquer p\u00e1gina do Webflow sem a necessidade de adquirir uma assinatura paga. Usando nosso editor amig\u00e1vel, cada usu\u00e1rio da web pode criar um plugin de menu de restaurante e adicion\u00e1-lo facilmente ao site Webflow. Voc\u00ea n\u00e3o deve adquirir um plano pago ou divulgar os dados do seu cart\u00e3o para acessar nosso servi\u00e7o. Se voc\u00ea encontrar algum obst\u00e1culo em qualquer etapa, entre em contato com nossa equipe de suporte t\u00e9cnico.<\/p> <\/div>\r\n\t\t\t\t\t<\/div>\r\n\t\t\t\t<\/div> <\/div><\/div>\n","protected":false},"excerpt":{"rendered":"","protected":false},"author":9,"featured_media":0,"parent":1472,"menu_order":0,"comment_status":"closed","ping_status":"closed","template":"templates\/template-application-platform.php","meta":{"publish_to_discourse":"","publish_post_category":"","wpdc_auto_publish_overridden":"","wpdc_topic_tags":"","wpdc_pin_topic":"","wpdc_pin_until":"","discourse_post_id":"","discourse_permalink":"","wpdc_publishing_response":"","wpdc_publishing_error":"","footnotes":""},"class_list":["post-7736","page","type-page","status-publish","hentry"],"yoast_head":"<!-- This site is optimized with the Yoast SEO plugin v25.3.1 - https:\/\/yoast.com\/wordpress\/plugins\/seo\/ -->\n<title>Widget de menu de restaurante para sites Webflow - gratuito e impressionante<\/title>\n<meta name=\"description\" content=\"Insira um widget de menu de restaurante f\u00e1cil de usar em sua p\u00e1gina do Webflow. Experimente a demonstra\u00e7\u00e3o pr\u00e1tica da Elfsight e crie seu widget exclusivo em apenas alguns minutos\" \/>\n<meta name=\"robots\" content=\"index, follow, max-snippet:-1, max-image-preview:large, max-video-preview:-1\" \/>\n<link rel=\"canonical\" href=\"https:\/\/elfsight.com\/pt\/restaurant-menu-widget\/webflow\/\" \/>\n<meta property=\"og:locale\" content=\"pt_PT\" \/>\n<meta property=\"og:type\" content=\"article\" \/>\n<meta property=\"og:title\" content=\"Widget de menu de restaurante para sites Webflow - gratuito e impressionante\" \/>\n<meta property=\"og:description\" content=\"Insira um widget de menu de restaurante f\u00e1cil de usar em sua p\u00e1gina do Webflow. Experimente a demonstra\u00e7\u00e3o pr\u00e1tica da Elfsight e crie seu widget exclusivo em apenas alguns minutos\" \/>\n<meta property=\"og:url\" content=\"https:\/\/elfsight.com\/pt\/restaurant-menu-widget\/webflow\/\" \/>\n<meta property=\"og:site_name\" content=\"Elfsight PT\" \/>\n<meta property=\"article:modified_time\" content=\"2025-03-07T05:44:07+00:00\" \/>\n<meta name=\"twitter:card\" content=\"summary_large_image\" \/>\n<meta name=\"twitter:label1\" content=\"Tempo estimado de leitura\" \/>\n\t<meta name=\"twitter:data1\" content=\"4 minutos\" \/>\n<!-- \/ Yoast SEO plugin. -->","yoast_head_json":{"title":"Widget de menu de restaurante para sites Webflow - gratuito e impressionante","description":"Insira um widget de menu de restaurante f\u00e1cil de usar em sua p\u00e1gina do Webflow. Experimente a demonstra\u00e7\u00e3o pr\u00e1tica da Elfsight e crie seu widget exclusivo em apenas alguns minutos","robots":{"index":"index","follow":"follow","max-snippet":"max-snippet:-1","max-image-preview":"max-image-preview:large","max-video-preview":"max-video-preview:-1"},"canonical":"https:\/\/elfsight.com\/pt\/restaurant-menu-widget\/webflow\/","og_locale":"pt_PT","og_type":"article","og_title":"Widget de menu de restaurante para sites Webflow - gratuito e impressionante","og_description":"Insira um widget de menu de restaurante f\u00e1cil de usar em sua p\u00e1gina do Webflow. Experimente a demonstra\u00e7\u00e3o pr\u00e1tica da Elfsight e crie seu widget exclusivo em apenas alguns minutos","og_url":"https:\/\/elfsight.com\/pt\/restaurant-menu-widget\/webflow\/","og_site_name":"Elfsight PT","article_modified_time":"2025-03-07T05:44:07+00:00","twitter_card":"summary_large_image","twitter_misc":{"Tempo estimado de leitura":"4 minutos"},"schema":{"@context":"https:\/\/schema.org","@graph":[{"@type":"WebPage","@id":"https:\/\/elfsight.com\/pt\/restaurant-menu-widget\/webflow\/","url":"https:\/\/elfsight.com\/pt\/restaurant-menu-widget\/webflow\/","name":"Widget de menu de restaurante para sites Webflow - gratuito e impressionante","isPartOf":{"@id":"https:\/\/elfsight.com\/pt\/#website"},"datePublished":"1970-01-01T00:00:00+00:00","dateModified":"2025-03-07T05:44:07+00:00","description":"Insira um widget de menu de restaurante f\u00e1cil de usar em sua p\u00e1gina do Webflow. Experimente a demonstra\u00e7\u00e3o pr\u00e1tica da Elfsight e crie seu widget exclusivo em apenas alguns minutos","breadcrumb":{"@id":"https:\/\/elfsight.com\/pt\/restaurant-menu-widget\/webflow\/#breadcrumb"},"inLanguage":"pt-PT","potentialAction":[{"@type":"ReadAction","target":["https:\/\/elfsight.com\/pt\/restaurant-menu-widget\/webflow\/"]}]},{"@type":"BreadcrumbList","@id":"https:\/\/elfsight.com\/pt\/restaurant-menu-widget\/webflow\/#breadcrumb","itemListElement":[{"@type":"ListItem","position":1,"name":"Home","item":"https:\/\/elfsight.com\/pt\/"},{"@type":"ListItem","position":2,"name":"Restaurant Menu","item":"https:\/\/elfsight.com\/pt\/restaurant-menu-widget\/"},{"@type":"ListItem","position":3,"name":"Restaurant Menu &#8211; Webflow"}]},{"@type":"WebSite","@id":"https:\/\/elfsight.com\/pt\/#website","url":"https:\/\/elfsight.com\/pt\/","name":"Elfsight PT","description":"Just another Elfsight Sites site","potentialAction":[{"@type":"SearchAction","target":{"@type":"EntryPoint","urlTemplate":"https:\/\/elfsight.com\/pt\/?s={search_term_string}"},"query-input":{"@type":"PropertyValueSpecification","valueRequired":true,"valueName":"search_term_string"}}],"inLanguage":"pt-PT"}]}},"meta_box":{"industry":"","seo_heading":"","heading":"","description":"","cta_heading":"","cta_description":"","application":"1471","h1":"Widget do menu do restaurante Webflow","h1_caption":"Exiba uma grande variedade de suas comidas e bebidas para receber mais convidados em seu restaurante","application_category":[],"applications_title":"","applications_request_title":"","applications_request_button_text":"","hero_text":"","hero_video":"","hero_video_schema_markup":"","selling_points_title":"","selling_points_caption":"","selling_points":[],"selling_points_cta_text":"","features_title":"","features":"","ed_cta_examples_text":"","ed_cta_examples_hidden":"","ed_cta_demo_text":"","ed_cta_demo_hidden":"","why_caption":"","why_editor_title":"","why_editor_text":"","why_team_title":"","why_team_text":"","why_service_title":"","why_service_text":"","template_catalog_visible":"0","template_catalog_title":"","template_catalog_text":"","template_catalog_categories_visible":"","demo_title":"Crie o widget do menu do seu restaurante","demo_caption":"Configure o card\u00e1pio do seu restaurante e adicione-o ao seu site Webflow gratuitamente!","default_faq_hidden":"","app_template_category":[],"platform":"70","template_public_id":"","codecanyon_url":"","codecanyon_item_id":"","codecanyon_price":"","pricing_caption":"","pricing_elfsight_apps_hide_column":"","pricing_elfsight_apps_url":"","pricing_codecanyon_price_caption":"","integration_category":[],"integration_request_title":"","integration_request_cta":"","integration_platform":"","integrations":[],"platform_category":[],"video_schema_markup":"","price":"a partir de US$ 0\/m\u00eas","trial":"","benefits":[{"text":"Assist\u00eancia de instala\u00e7\u00e3o gratuita"},{"text":"Suporte excepcional"},{"text":"Garantia de reembolso de 14 dias"},{"text":"Desenvolvimento cont\u00ednuo"}],"button_url":"#demo","button_target_blank":"0","button_nofollow":"0","attributes":[{"name":"Instala\u00e7\u00f5es","content":"10,000 - 100,000"},{"name":"Responsivo","content":"Sim"},{"name":"Navegadores compat\u00edveis","content":"Firefox, Safari, Opera, Edge, Chrome"}],"tags":[],"tags_disable_links":"0","hide_more_platforms":"0","video_object":"","demo_hide_cta":"0","demo_hide_cloud_options":"0","pricing_title":"","pricing":[{"pricing_icon":"platform","pricing_title":"Elfsight Apps","pricing_title_caption":"Vers\u00e3o independente de plataforma","pricing_price":"a partir de US$ 0\/m\u00eas","pricing_price_caption":"comece com plano gratuito","pricing_benefits":[{"text":"Sites ilimitados"},{"text":"Suporte dedicado e pontual"},{"text":"Suporte dedicado e pontual"},{"text":"Oferta especial para v\u00e1rios aplicativos"}],"pricing_button_text":"Adicionar ao site","pricing_button_url":"#demo"}],"related_apps_title":"","related_apps_hidden":"0","author":"","image":[],"title":"","job":"","social_networks":[]},"_links":{"self":[{"href":"https:\/\/elfsight.com\/pt\/wp-json\/wp\/v2\/pages\/7736","targetHints":{"allow":["GET"]}}],"collection":[{"href":"https:\/\/elfsight.com\/pt\/wp-json\/wp\/v2\/pages"}],"about":[{"href":"https:\/\/elfsight.com\/pt\/wp-json\/wp\/v2\/types\/page"}],"author":[{"embeddable":true,"href":"https:\/\/elfsight.com\/pt\/wp-json\/wp\/v2\/users\/9"}],"replies":[{"embeddable":true,"href":"https:\/\/elfsight.com\/pt\/wp-json\/wp\/v2\/comments?post=7736"}],"version-history":[{"count":3,"href":"https:\/\/elfsight.com\/pt\/wp-json\/wp\/v2\/pages\/7736\/revisions"}],"predecessor-version":[{"id":14536,"href":"https:\/\/elfsight.com\/pt\/wp-json\/wp\/v2\/pages\/7736\/revisions\/14536"}],"up":[{"embeddable":true,"href":"https:\/\/elfsight.com\/pt\/wp-json\/wp\/v2\/pages\/1472"}],"wp:attachment":[{"href":"https:\/\/elfsight.com\/pt\/wp-json\/wp\/v2\/media?parent=7736"}],"curies":[{"name":"wp","href":"https:\/\/api.w.org\/{rel}","templated":true}]}}