{"id":7730,"date":"1970-01-01T00:00:00","date_gmt":"1970-01-01T00:00:00","guid":{"rendered":"https:\/\/elfsight.com\/pt\/?page_id=7730"},"modified":"2024-11-12T15:33:13","modified_gmt":"2024-11-12T15:33:13","slug":"godaddy","status":"publish","type":"page","link":"https:\/\/elfsight.com\/pt\/restaurant-menu-widget\/godaddy\/","title":{"rendered":"Restaurant Menu &#8211; GoDaddy"},"content":{"rendered":"<div class=\"application-platform-content-item-description application-platform-content-item\" id=\"description\" data-nav-section=\"description\"> <h2>Incorpore o menu do restaurante no GoDaddy com o widget Elfsight<\/h2><p>O Elfsight Restaurant Menu \u00e9 um plugin f\u00e1cil de gerenciar para o GoDaddy por exibir sua diversidade de itens diretamente em seu site. \u00c9 uma forma f\u00e1cil de informar os seus visitantes sobre a sua cozinha, representar um conceito \u00fanico e captar a sua aten\u00e7\u00e3o com tentadoras fotos de refei\u00e7\u00f5es. O aplicativo \u00e9 absolutamente \u00fatil. Voc\u00ea pode criar um n\u00famero ilimitado de menus com uma quantidade incr\u00edvel de itens. Ou apenas crie uma lista concisa das especialidades que voc\u00ea atende. Sinta-se \u00e0 vontade para escolher esquemas claros e escuros ou adaptar as configura\u00e7\u00f5es desejadas, alterando todas as cores de destaque. Al\u00e9m disso, seu card\u00e1pio pode ficar sempre atualizado: voc\u00ea pode atualizar pre\u00e7os, lista de itens, adicionar novas refei\u00e7\u00f5es ou at\u00e9 card\u00e1pios em poucos segundos! Chega de menus prontos para imprimir que voc\u00ea precisa criar desde o in\u00edcio. Basta come\u00e7ar a criar seu menu apetitoso agora mesmo.<\/p> <p><b>Experimente o Menu do Restaurante para atingir o pico do seu com\u00e9rcio eletr\u00f4nico mais rapidamente! Com o card\u00e1pio em seu site seu estabelecimento pode atrair mais clientes em potencial e alcan\u00e7ar um forte crescimento do neg\u00f3cio e aumentar as vendas. Experimente usar o Menu do Restaurante da Elfsight. <\/b><\/p><\/div> <div class=\"application-platform-content-item-features application-platform-content-item\" id=\"features\" data-nav-section=\"features\"> <h2>Os recursos fundamentais do plug-in incluem<\/h2> <ul><li>amig\u00e1vel, mesmo para usu\u00e1rios n\u00e3o profissionais. <\/li><li>Quantidade infinita de menus, se\u00e7\u00f5es ou itens, organizados com layouts de guia, lista ou alvenaria. <\/li><li>simplesmente para corrigir o menu e todas as suas configura\u00e7\u00f5es em qualquer momento que voc\u00ea precisar: descontos, pratos e bebidas sazonais e etc. <\/li><li> Exibe uma descri\u00e7\u00e3o extensa dos itens, por exemplo, \u00edcones, nutri\u00e7\u00e3o elementos e emblemas. <\/li><li>Adicione fotos apetitosas aos itens e at\u00e9 mesmo exiba-os em modo pop-up. <\/li><li>Ajuste e recolora quaisquer elementos: texto, esquema de cores e \u00edcones. <\/li><\/ul><p><a href=\"#demo\">Experimente esta demonstra\u00e7\u00e3o para ter uma ideia completa<\/a><\/p> <\/div> <div class=\"application-platform-content-item-installation application-platform-content-item\" id=\"installation\" data-nav-section=\"installation\"> <h2>Como posso adicionar o menu do restaurante ao meu site GoDaddy? <\/h2> <p>Basta seguir as orienta\u00e7\u00f5es abaixo para adicionar a ferramenta. <\/p> <ol><li><b>Inicie nossa demonstra\u00e7\u00e3o gratuita e comece a formar seu plugin personalizado. <\/b><br> Especifique a forma e os recursos desej\u00e1veis \u200b\u200bdo plugin e salve as edi\u00e7\u00f5es. <\/li> <li><b>Obtenha o seu c\u00f3digo individual que \u00e9 mostrado no formul\u00e1rio especial nas aplica\u00e7\u00f5es Elfsight. <\/b><br> Assim que a cria\u00e7\u00e3o do seu plugin for conclu\u00edda, copie o c\u00f3digo pessoal do pop-up exibido e salve-o para uso posterior. <\/li> <li><b>Comece a usar o plug-in na p\u00e1gina da GoDaddy. <\/b><br> Adicione o c\u00f3digo que voc\u00ea salvou anteriormente em sua p\u00e1gina web e aplique os ajustes. <\/li> <li><b>A instala\u00e7\u00e3o foi totalmente conclu\u00edda. <\/b><br> Acesse sua p\u00e1gina para observar como est\u00e1 funcionando o plugin. <\/li><\/ol> <p>Supondo que voc\u00ea tenha alguma dificuldade, sinta-se \u00e0 vontade para entrar em contato com nossa equipe de atendimento ao cliente. Nossos consultores est\u00e3o ansiosos para ajud\u00e1-lo com todas as dificuldades que voc\u00ea possa ter com o plugin. <\/p> <div class=\"faq\" data-component=\"FAQ\"><div class=\"faq-item\">\r\n\t\t\t\t\t<div class=\"faq-item-question\">\r\n\t\t\t\t\t\t<h3 class=\"faq-item-question-text\">Como adicionar o menu do restaurante ao meu site GoDaddy sem experi\u00eancia de codifica\u00e7\u00e3o?<\/h3>\r\n\r\n\t\t\t\t\t\t<div class=\"faq-item-question-icon\"><\/div>\r\n\t\t\t\t\t<\/div>\r\n\r\n\t\t\t\t\t<div class=\"faq-item-answer\">\r\n\t\t\t\t\t\t<div class=\"faq-item-answer-text\"> <p>A Elfsight fornece uma solu\u00e7\u00e3o SaaS que permite que um grande p\u00fablico crie voc\u00ea mesmo um aplicativo do menu do restaurante. Descubra como \u00e9 simples \u00e9: V\u00e1 para a demonstra\u00e7\u00e3o ao vivo para criar um plugin de menu de restaurante que voc\u00ea gostaria de adicionar ao seu GoDaddy. Escolha um dos nossos modelos pr\u00e9-desenhados e ajuste as configura\u00e7\u00f5es do Menu do Restaurante, altere o layout e a cor dos elementos incluindo o seu conte\u00fado, sem qualquer codifica\u00e7\u00e3o. Salve o Menu do Restaurante e copie o c\u00f3digo de instala\u00e7\u00e3o que pode ser facilmente inclu\u00eddo no site GoDaddy sem a necessidade de adquirir um plano pago. Trabalhando no Editor simples, qualquer usu\u00e1rio da Internet pode gerar um widget de Menu de Restaurante e col\u00e1-lo no site GoDaddy. N\u00e3o h\u00e1 necessidade de pagar ou enviar as credenciais do seu cart\u00e3o para entrar no servi\u00e7o. Se voc\u00ea encontrar algum problema em qualquer etapa, n\u00e3o hesite em entrar em contato com nosso suporte t\u00e9cnico ao cliente.<\/p> <\/div>\r\n\t\t\t\t\t<\/div>\r\n\t\t\t\t<\/div> <\/div><\/div>","protected":false},"excerpt":{"rendered":"","protected":false},"author":9,"featured_media":0,"parent":1472,"menu_order":0,"comment_status":"closed","ping_status":"closed","template":"templates\/template-application-platform.php","meta":{"publish_to_discourse":"","publish_post_category":"","wpdc_auto_publish_overridden":"","wpdc_topic_tags":"","wpdc_pin_topic":"","wpdc_pin_until":"","discourse_post_id":"","discourse_permalink":"","wpdc_publishing_response":"","wpdc_publishing_error":"","footnotes":""},"class_list":["post-7730","page","type-page","status-publish","hentry"],"yoast_head":"<!-- This site is optimized with the Yoast SEO plugin v25.3.1 - https:\/\/yoast.com\/wordpress\/plugins\/seo\/ -->\n<title>Menu do Restaurante - Adicione o plugin do Menu do Restaurante ao site GoDaddy!<\/title>\n<meta name=\"description\" content=\"Insira um plugin de menu de restaurante responsivo em sua p\u00e1gina GoDaddy. Use a demonstra\u00e7\u00e3o pr\u00e1tica da Elfsight e gere seu plugin exclusivo\" \/>\n<meta name=\"robots\" content=\"index, follow, max-snippet:-1, max-image-preview:large, max-video-preview:-1\" \/>\n<link rel=\"canonical\" href=\"https:\/\/elfsight.com\/pt\/restaurant-menu-widget\/godaddy\/\" \/>\n<meta property=\"og:locale\" content=\"pt_PT\" \/>\n<meta property=\"og:type\" content=\"article\" \/>\n<meta property=\"og:title\" content=\"Menu do Restaurante - Adicione o plugin do Menu do Restaurante ao site GoDaddy!\" \/>\n<meta property=\"og:description\" content=\"Insira um plugin de menu de restaurante responsivo em sua p\u00e1gina GoDaddy. Use a demonstra\u00e7\u00e3o pr\u00e1tica da Elfsight e gere seu plugin exclusivo\" \/>\n<meta property=\"og:url\" content=\"https:\/\/elfsight.com\/pt\/restaurant-menu-widget\/godaddy\/\" \/>\n<meta property=\"og:site_name\" content=\"Elfsight PT\" \/>\n<meta property=\"article:modified_time\" content=\"2024-11-12T15:33:13+00:00\" \/>\n<meta name=\"twitter:card\" content=\"summary_large_image\" \/>\n<meta name=\"twitter:label1\" content=\"Tempo estimado de leitura\" \/>\n\t<meta name=\"twitter:data1\" content=\"4 minutos\" \/>\n<!-- \/ Yoast SEO plugin. -->","yoast_head_json":{"title":"Menu do Restaurante - Adicione o plugin do Menu do Restaurante ao site GoDaddy!","description":"Insira um plugin de menu de restaurante responsivo em sua p\u00e1gina GoDaddy. Use a demonstra\u00e7\u00e3o pr\u00e1tica da Elfsight e gere seu plugin exclusivo","robots":{"index":"index","follow":"follow","max-snippet":"max-snippet:-1","max-image-preview":"max-image-preview:large","max-video-preview":"max-video-preview:-1"},"canonical":"https:\/\/elfsight.com\/pt\/restaurant-menu-widget\/godaddy\/","og_locale":"pt_PT","og_type":"article","og_title":"Menu do Restaurante - Adicione o plugin do Menu do Restaurante ao site GoDaddy!","og_description":"Insira um plugin de menu de restaurante responsivo em sua p\u00e1gina GoDaddy. Use a demonstra\u00e7\u00e3o pr\u00e1tica da Elfsight e gere seu plugin exclusivo","og_url":"https:\/\/elfsight.com\/pt\/restaurant-menu-widget\/godaddy\/","og_site_name":"Elfsight PT","article_modified_time":"2024-11-12T15:33:13+00:00","twitter_card":"summary_large_image","twitter_misc":{"Tempo estimado de leitura":"4 minutos"},"schema":{"@context":"https:\/\/schema.org","@graph":[{"@type":"WebPage","@id":"https:\/\/elfsight.com\/pt\/restaurant-menu-widget\/godaddy\/","url":"https:\/\/elfsight.com\/pt\/restaurant-menu-widget\/godaddy\/","name":"Menu do Restaurante - Adicione o plugin do Menu do Restaurante ao site GoDaddy!","isPartOf":{"@id":"https:\/\/elfsight.com\/pt\/#website"},"datePublished":"1970-01-01T00:00:00+00:00","dateModified":"2024-11-12T15:33:13+00:00","description":"Insira um plugin de menu de restaurante responsivo em sua p\u00e1gina GoDaddy. Use a demonstra\u00e7\u00e3o pr\u00e1tica da Elfsight e gere seu plugin exclusivo","breadcrumb":{"@id":"https:\/\/elfsight.com\/pt\/restaurant-menu-widget\/godaddy\/#breadcrumb"},"inLanguage":"pt-PT","potentialAction":[{"@type":"ReadAction","target":["https:\/\/elfsight.com\/pt\/restaurant-menu-widget\/godaddy\/"]}]},{"@type":"BreadcrumbList","@id":"https:\/\/elfsight.com\/pt\/restaurant-menu-widget\/godaddy\/#breadcrumb","itemListElement":[{"@type":"ListItem","position":1,"name":"Home","item":"https:\/\/elfsight.com\/pt\/"},{"@type":"ListItem","position":2,"name":"Restaurant Menu","item":"https:\/\/elfsight.com\/pt\/restaurant-menu-widget\/"},{"@type":"ListItem","position":3,"name":"Restaurant Menu &#8211; GoDaddy"}]},{"@type":"WebSite","@id":"https:\/\/elfsight.com\/pt\/#website","url":"https:\/\/elfsight.com\/pt\/","name":"Elfsight PT","description":"Just another Elfsight Sites site","potentialAction":[{"@type":"SearchAction","target":{"@type":"EntryPoint","urlTemplate":"https:\/\/elfsight.com\/pt\/?s={search_term_string}"},"query-input":{"@type":"PropertyValueSpecification","valueRequired":true,"valueName":"search_term_string"}}],"inLanguage":"pt-PT"}]}},"meta_box":{"industry":"","seo_heading":"","heading":"","description":"","cta_heading":"","cta_description":"","application":"1471","h1":"Plug-in do menu do restaurante GoDaddy","h1_caption":"Nova maneira surpreendente de exibir uma grande variedade de sua culin\u00e1ria","application_category":[],"applications_title":"","applications_request_title":"","applications_request_button_text":"","hero_text":"","hero_video":"","hero_video_schema_markup":"","selling_points_title":"","selling_points_caption":"","selling_points":[],"selling_points_cta_text":"","features_title":"","features":"","ed_cta_examples_text":"","ed_cta_examples_hidden":"","ed_cta_demo_text":"","ed_cta_demo_hidden":"","why_caption":"","why_editor_title":"","why_editor_text":"","why_team_title":"","why_team_text":"","why_service_title":"","why_service_text":"","template_catalog_visible":"","template_catalog_title":"","template_catalog_text":"","template_catalog_categories_visible":"","demo_title":"Crie o plugin do seu menu de restaurante","demo_caption":"Configure o menu do seu restaurante e adicione-o ao site GoDaddy gratuitamente!","default_faq_hidden":"","app_template_category":[],"platform":"4908","template_public_id":"","codecanyon_url":"","codecanyon_item_id":"","codecanyon_price":"","pricing_caption":"","pricing_elfsight_apps_hide_column":"","pricing_elfsight_apps_url":"","pricing_codecanyon_price_caption":"","integration_category":[],"integration_request_title":"","integration_request_cta":"","integration_platform":"","integrations":[],"platform_category":[],"video_schema_markup":"","price":"a partir de US$ 0\/m\u00eas","trial":"","benefits":[{"text":"Assist\u00eancia de instala\u00e7\u00e3o gratuita"},{"text":"Atendimento ao cliente eficaz"},{"text":"Garantia de reembolso de 14 dias"},{"text":"Desenvolvimento cont\u00ednuo"}],"button_url":"#demo","button_target_blank":"","button_nofollow":"","attributes":[{"name":"Instala\u00e7\u00f5es","content":"10,000 - 100,000"},{"name":"Responsivo","content":"Sim"},{"name":"Navegadores compat\u00edveis","content":"IE11, Firefox, Safari, Opera, Chrome, Edge"}],"tags":[],"tags_disable_links":"","hide_more_platforms":"","video_object":"","demo_hide_cta":"","demo_hide_cloud_options":"","pricing_title":"","pricing":[{"pricing_icon":"platform","pricing_title":"Elfsight Apps","pricing_title_caption":"Solu\u00e7\u00e3o digital multiplataforma que se adapta a qualquer site","pricing_price":"a partir de US$ 0\/m\u00eas","pricing_price_caption":"comece com plano gratuito","pricing_benefits":[{"text":"Dom\u00ednios ilimitados"},{"text":"Suporte dedicado ao cliente"},{"text":"Suporte dedicado ao cliente"},{"text":"100% personaliz\u00e1vel"}],"pricing_button_text":"Adicionar ao site","pricing_button_url":"#demo"}],"related_apps_title":"","related_apps_hidden":"","author":"","image":[],"title":"","job":"","social_networks":[]},"_links":{"self":[{"href":"https:\/\/elfsight.com\/pt\/wp-json\/wp\/v2\/pages\/7730","targetHints":{"allow":["GET"]}}],"collection":[{"href":"https:\/\/elfsight.com\/pt\/wp-json\/wp\/v2\/pages"}],"about":[{"href":"https:\/\/elfsight.com\/pt\/wp-json\/wp\/v2\/types\/page"}],"author":[{"embeddable":true,"href":"https:\/\/elfsight.com\/pt\/wp-json\/wp\/v2\/users\/9"}],"replies":[{"embeddable":true,"href":"https:\/\/elfsight.com\/pt\/wp-json\/wp\/v2\/comments?post=7730"}],"version-history":[{"count":1,"href":"https:\/\/elfsight.com\/pt\/wp-json\/wp\/v2\/pages\/7730\/revisions"}],"predecessor-version":[{"id":7734,"href":"https:\/\/elfsight.com\/pt\/wp-json\/wp\/v2\/pages\/7730\/revisions\/7734"}],"up":[{"embeddable":true,"href":"https:\/\/elfsight.com\/pt\/wp-json\/wp\/v2\/pages\/1472"}],"wp:attachment":[{"href":"https:\/\/elfsight.com\/pt\/wp-json\/wp\/v2\/media?parent=7730"}],"curies":[{"name":"wp","href":"https:\/\/api.w.org\/{rel}","templated":true}]}}