{"id":7721,"date":"1970-01-01T00:00:00","date_gmt":"1970-01-01T00:00:00","guid":{"rendered":"https:\/\/elfsight.com\/pt\/?page_id=7721"},"modified":"2024-11-13T11:33:03","modified_gmt":"2024-11-13T11:33:03","slug":"blogger","status":"publish","type":"page","link":"https:\/\/elfsight.com\/pt\/radio-player-widget\/blogger\/","title":{"rendered":"Radio Player &#8211; Blogger"},"content":{"rendered":"<div class=\"application-platform-content-item-description application-platform-content-item\" id=\"description\" data-nav-section=\"description\"> <h2>Descri\u00e7\u00e3o<\/h2> <p>Elfsight Player \u00e9 um widget simples que lhe permite transmitir esta\u00e7\u00f5es de r\u00e1dio diretamente na sua p\u00e1gina web. A ferramenta \u00e9 extremamente modific\u00e1vel: voc\u00ea pode alterar sua posi\u00e7\u00e3o, configurando-a em qualquer lugar da p\u00e1gina, alterar seu tamanho, repintar o fundo e todas as outras partes para combin\u00e1-lo com o estilo do seu site, aplicar esquema de cores escuras, demonstrar imagens e demonstrar ou ocultar tr\u00eas componentes adicionais do jogador, como t\u00edtulo, status e outros. Voc\u00ea pode enviar quantas esta\u00e7\u00f5es desejar para encantar seus usu\u00e1rios, ativar a reprodu\u00e7\u00e3o autom\u00e1tica e ter certeza: seu p\u00fablico n\u00e3o sair\u00e1 do seu site com pressa! <\/p> <p><b>Apresente aos seus usu\u00e1rios mais uma fonte de conte\u00fado \u00fatil e interessante usando o Elfsight Streaming Radio for Blogger<\/b><\/p> <\/div> <div class=\"application-platform-content-item-features application-platform-content-item\" id=\"features\" data-nav-section=\"features\"> <h2> Aqui est\u00e3o os principais recursos do widget:<\/h2> <ul><li>Numerosas varia\u00e7\u00f5es de cores.<\/li><li>Tema de cores claras\/escuras.<\/li><li>Dois layouts aplic\u00e1veis.<\/li> <li>Possibilidade de adicionar imagem de fundo.<\/li><li>Adjetar uma quantidade infinita de esta\u00e7\u00f5es.<\/li><\/ul><p><a href=\"#demo\">Explore todos os recursos de personaliza\u00e7\u00e3o em 100% demonstra\u00e7\u00e3o funcional<\/a><\/p> <\/div> <div class=\"application-platform-content-item-installation application-platform-content-item\" id=\"installation\" data-nav-section=\"installation\"> <h2>Como posso incorporar o Radio Player em minha p\u00e1gina da web do Blogger?<\/h2> <div class=\"video-container\"><iframe width=\"720\" height=\"405\" src=\"https:\/\/www.youtube.com\/embed\/TGUTfHUOukk\" frameborder=\"0\" allowfullscreen><\/iframe><\/div><p>Basta pegar siga as etapas a seguir apresentadas abaixo para come\u00e7ar a usar a ferramenta.<\/p> <ol><li><b>Gerenciando nosso configurador gratuito, comece a criar seu widget personalizado.<\/b><br> Escolha a apar\u00eancia e os aspectos preferidos do plugin e aplique as modifica\u00e7\u00f5es.<\/li> <li><b>Receba seu c\u00f3digo exclusivo mostrado no formul\u00e1rio especial nos aplicativos Elfsight.<\/b><br> Assim que o estabelecimento do seu plugin terminar, copie o c\u00f3digo pessoal no pop-up exibido e salve-o para futuras ocasi\u00f5es.<\/li> <li><b>Comece a aplicar o streaming de r\u00e1dio em sua p\u00e1gina do Blogger.<\/b><br> Implemente o c\u00f3digo salvo recentemente em sua p\u00e1gina e aplique as melhorias. <\/li> <li><b>Pronto! A incorpora\u00e7\u00e3o foi finalizada com sucesso.<\/b><br> Acesse seu site para examinar o desempenho do plug-in.<\/li><\/ol> <p>Se tiver d\u00favidas ou encontrar algum obst\u00e1culo, entre em contato com nosso equipe de suporte. Nossos consultores est\u00e3o ansiosos para ajud\u00e1-lo com todos os problemas que voc\u00ea possa ter com o produto.<\/p> <\/div>","protected":false},"excerpt":{"rendered":"","protected":false},"author":9,"featured_media":0,"parent":1455,"menu_order":0,"comment_status":"closed","ping_status":"closed","template":"templates\/template-application-platform.php","meta":{"publish_to_discourse":"","publish_post_category":"","wpdc_auto_publish_overridden":"","wpdc_topic_tags":"","wpdc_pin_topic":"","wpdc_pin_until":"","discourse_post_id":"","discourse_permalink":"","wpdc_publishing_response":"","wpdc_publishing_error":"","footnotes":""},"class_list":["post-7721","page","type-page","status-publish","hentry"],"yoast_head":"<!-- This site is optimized with the Yoast SEO plugin v25.3.1 - https:\/\/yoast.com\/wordpress\/plugins\/seo\/ -->\n<title>Widget Streaming Radio Player para o site do Blogger (gratuito e f\u00e1cil)<\/title>\n<meta name=\"description\" content=\"Incorpore um widget Streaming Radio Player ao seu site do Blogger. Aplique nossa demonstra\u00e7\u00e3o pr\u00e1tica e crie seu plugin de r\u00e1dio sem esfor\u00e7o!\" \/>\n<meta name=\"robots\" content=\"index, follow, max-snippet:-1, max-image-preview:large, max-video-preview:-1\" \/>\n<link rel=\"canonical\" href=\"https:\/\/elfsight.com\/pt\/radio-player-widget\/blogger\/\" \/>\n<meta property=\"og:locale\" content=\"pt_PT\" \/>\n<meta property=\"og:type\" content=\"article\" \/>\n<meta property=\"og:title\" content=\"Widget Streaming Radio Player para o site do Blogger (gratuito e f\u00e1cil)\" \/>\n<meta property=\"og:description\" content=\"Incorpore um widget Streaming Radio Player ao seu site do Blogger. Aplique nossa demonstra\u00e7\u00e3o pr\u00e1tica e crie seu plugin de r\u00e1dio sem esfor\u00e7o!\" \/>\n<meta property=\"og:url\" content=\"https:\/\/elfsight.com\/pt\/radio-player-widget\/blogger\/\" \/>\n<meta property=\"og:site_name\" content=\"Elfsight PT\" \/>\n<meta property=\"article:modified_time\" content=\"2024-11-13T11:33:03+00:00\" \/>\n<meta name=\"twitter:card\" content=\"summary_large_image\" \/>\n<meta name=\"twitter:label1\" content=\"Tempo estimado de leitura\" \/>\n\t<meta name=\"twitter:data1\" content=\"2 minutos\" \/>\n<!-- \/ Yoast SEO plugin. -->","yoast_head_json":{"title":"Widget Streaming Radio Player para o site do Blogger (gratuito e f\u00e1cil)","description":"Incorpore um widget Streaming Radio Player ao seu site do Blogger. Aplique nossa demonstra\u00e7\u00e3o pr\u00e1tica e crie seu plugin de r\u00e1dio sem esfor\u00e7o!","robots":{"index":"index","follow":"follow","max-snippet":"max-snippet:-1","max-image-preview":"max-image-preview:large","max-video-preview":"max-video-preview:-1"},"canonical":"https:\/\/elfsight.com\/pt\/radio-player-widget\/blogger\/","og_locale":"pt_PT","og_type":"article","og_title":"Widget Streaming Radio Player para o site do Blogger (gratuito e f\u00e1cil)","og_description":"Incorpore um widget Streaming Radio Player ao seu site do Blogger. Aplique nossa demonstra\u00e7\u00e3o pr\u00e1tica e crie seu plugin de r\u00e1dio sem esfor\u00e7o!","og_url":"https:\/\/elfsight.com\/pt\/radio-player-widget\/blogger\/","og_site_name":"Elfsight PT","article_modified_time":"2024-11-13T11:33:03+00:00","twitter_card":"summary_large_image","twitter_misc":{"Tempo estimado de leitura":"2 minutos"},"schema":{"@context":"https:\/\/schema.org","@graph":[{"@type":"WebPage","@id":"https:\/\/elfsight.com\/pt\/radio-player-widget\/blogger\/","url":"https:\/\/elfsight.com\/pt\/radio-player-widget\/blogger\/","name":"Widget Streaming Radio Player para o site do Blogger (gratuito e f\u00e1cil)","isPartOf":{"@id":"https:\/\/elfsight.com\/pt\/#website"},"datePublished":"1970-01-01T00:00:00+00:00","dateModified":"2024-11-13T11:33:03+00:00","description":"Incorpore um widget Streaming Radio Player ao seu site do Blogger. Aplique nossa demonstra\u00e7\u00e3o pr\u00e1tica e crie seu plugin de r\u00e1dio sem esfor\u00e7o!","breadcrumb":{"@id":"https:\/\/elfsight.com\/pt\/radio-player-widget\/blogger\/#breadcrumb"},"inLanguage":"pt-PT","potentialAction":[{"@type":"ReadAction","target":["https:\/\/elfsight.com\/pt\/radio-player-widget\/blogger\/"]}]},{"@type":"BreadcrumbList","@id":"https:\/\/elfsight.com\/pt\/radio-player-widget\/blogger\/#breadcrumb","itemListElement":[{"@type":"ListItem","position":1,"name":"Home","item":"https:\/\/elfsight.com\/pt\/"},{"@type":"ListItem","position":2,"name":"Radio Player","item":"https:\/\/elfsight.com\/pt\/radio-player-widget\/"},{"@type":"ListItem","position":3,"name":"Radio Player &#8211; Blogger"}]},{"@type":"WebSite","@id":"https:\/\/elfsight.com\/pt\/#website","url":"https:\/\/elfsight.com\/pt\/","name":"Elfsight PT","description":"Just another Elfsight Sites site","potentialAction":[{"@type":"SearchAction","target":{"@type":"EntryPoint","urlTemplate":"https:\/\/elfsight.com\/pt\/?s={search_term_string}"},"query-input":{"@type":"PropertyValueSpecification","valueRequired":true,"valueName":"search_term_string"}}],"inLanguage":"pt-PT"}]}},"meta_box":{"industry":"","seo_heading":"","heading":"","description":"","cta_heading":"","cta_description":"","application":"1454","h1":"Widget do reprodutor de r\u00e1dio do Blogger","h1_caption":"Intercale suas op\u00e7\u00f5es de conte\u00fado e destaque-se na multid\u00e3o","application_category":[],"applications_title":"","applications_request_title":"","applications_request_button_text":"","hero_text":"","hero_video":"","hero_video_schema_markup":"","selling_points_title":"","selling_points_caption":"","selling_points":[],"selling_points_cta_text":"","features_title":"","features":"","ed_cta_examples_text":"","ed_cta_examples_hidden":"","ed_cta_demo_text":"","ed_cta_demo_hidden":"","why_caption":"","why_editor_title":"","why_editor_text":"","why_team_title":"","why_team_text":"","why_service_title":"","why_service_text":"","template_catalog_visible":"","template_catalog_title":"","template_catalog_text":"","template_catalog_categories_visible":"","demo_title":"Crie seu widget Radio Player","demo_caption":"Configure seu Radio Player e adicione-o ao seu site do Blogger gratuitamente!","default_faq_hidden":"","app_template_category":[],"platform":"46","template_public_id":"","codecanyon_url":"","codecanyon_item_id":"","codecanyon_price":"","pricing_caption":"","pricing_elfsight_apps_hide_column":"","pricing_elfsight_apps_url":"","pricing_codecanyon_price_caption":"","integration_category":[],"integration_request_title":"","integration_request_cta":"","integration_platform":"","integrations":[],"platform_category":[],"video_schema_markup":"","price":"a partir de US$ 0\/m\u00eas","trial":"","benefits":[{"text":"Ajuda de instala\u00e7\u00e3o gratuita"},{"text":"Atendimento ao cliente eficaz"},{"text":"Garantia de reembolso de 14 dias"},{"text":"Atualiza\u00e7\u00f5es gratuitas vital\u00edcias"}],"button_url":"#demo","button_target_blank":"","button_nofollow":"","attributes":[{"name":"Instala\u00e7\u00f5es","content":"10,000 - 100,000"},{"name":"Responsivo","content":"Sim"},{"name":"Navegadores compat\u00edveis","content":"Firefox, Safari, Opera, Chrome, Edge"}],"tags":[],"tags_disable_links":"","hide_more_platforms":"","video_object":"","demo_hide_cta":"","demo_hide_cloud_options":"","pricing_title":"","pricing":[{"pricing_icon":"platform","pricing_title":"Elfsight Apps","pricing_title_caption":"Vers\u00e3o multiplataforma que funciona em qualquer site","pricing_price":"a partir de US$ 0\/m\u00eas","pricing_price_caption":"comece com um plano gratuito","pricing_benefits":[{"text":"Dom\u00ednios ilimitados"},{"text":"Suporte profissional e bem documentado"},{"text":"Suporte profissional e bem documentado"},{"text":"Totalmente personaliz\u00e1vel"}],"pricing_button_text":"Adicionar ao site","pricing_button_url":"#demo"}],"related_apps_title":"","related_apps_hidden":"","author":"","image":[],"title":"","job":"","social_networks":[]},"_links":{"self":[{"href":"https:\/\/elfsight.com\/pt\/wp-json\/wp\/v2\/pages\/7721","targetHints":{"allow":["GET"]}}],"collection":[{"href":"https:\/\/elfsight.com\/pt\/wp-json\/wp\/v2\/pages"}],"about":[{"href":"https:\/\/elfsight.com\/pt\/wp-json\/wp\/v2\/types\/page"}],"author":[{"embeddable":true,"href":"https:\/\/elfsight.com\/pt\/wp-json\/wp\/v2\/users\/9"}],"replies":[{"embeddable":true,"href":"https:\/\/elfsight.com\/pt\/wp-json\/wp\/v2\/comments?post=7721"}],"version-history":[{"count":2,"href":"https:\/\/elfsight.com\/pt\/wp-json\/wp\/v2\/pages\/7721\/revisions"}],"predecessor-version":[{"id":12150,"href":"https:\/\/elfsight.com\/pt\/wp-json\/wp\/v2\/pages\/7721\/revisions\/12150"}],"up":[{"embeddable":true,"href":"https:\/\/elfsight.com\/pt\/wp-json\/wp\/v2\/pages\/1455"}],"wp:attachment":[{"href":"https:\/\/elfsight.com\/pt\/wp-json\/wp\/v2\/media?parent=7721"}],"curies":[{"name":"wp","href":"https:\/\/api.w.org\/{rel}","templated":true}]}}