{"id":7720,"date":"1970-01-01T00:00:00","date_gmt":"1970-01-01T00:00:00","guid":{"rendered":"https:\/\/elfsight.com\/pt\/?page_id=7720"},"modified":"2025-02-27T10:13:03","modified_gmt":"2025-02-27T10:13:03","slug":"drupal","status":"publish","type":"page","link":"https:\/\/elfsight.com\/pt\/radio-player-widget\/drupal\/","title":{"rendered":"Radio Player &#8211; Drupal"},"content":{"rendered":"\n<div class=\"application-platform-content-item-description application-platform-content-item\" id=\"description\" data-nav-section=\"description\"> <h2>Descri\u00e7\u00e3o<\/h2> <p>O m\u00f3dulo Elfsight Radio \u00e9 uma ferramenta simples que lhe d\u00e1 a oportunidade de reproduzir esta\u00e7\u00f5es de r\u00e1dio diretamente no seu site. O widget \u00e9 extremamente ajust\u00e1vel: voc\u00ea pode alterar sua posi\u00e7\u00e3o, incorpor\u00e1-lo em qualquer lugar da p\u00e1gina, alterar seu tamanho, recolorir o fundo e todos os outros elementos para combin\u00e1-lo com o design do seu site, aplicar tema escuro, mostrar capas e mostrar ou ocultar tr\u00eas outras partes do jogador, por exemplo, t\u00edtulo, status e muito mais. Adicione quantas esta\u00e7\u00f5es desejar para entreter seus visitantes, ative a op\u00e7\u00e3o de reprodu\u00e7\u00e3o autom\u00e1tica e n\u00e3o hesite &#8211; seu p\u00fablico n\u00e3o sair\u00e1 do site t\u00e3o cedo! <\/p> <p><b>Forne\u00e7a aos seus visitantes mais uma fonte de conte\u00fado \u00fatil e divertido usando o Radio Player para Drupal<\/b><\/p> <\/div> <div class=\"application-platform-content-item-features application-platform-content-item\" id=\"features\" data-nav-section=\"features\"> <h2> Conhe\u00e7a a lista dos recursos mais \u00fateis: <\/h2> <ul><li>Numerosas altera\u00e7\u00f5es de cores. <\/li><li>Tema de cores claras\/escuras. <\/li><li>2 layouts dispon\u00edveis. <\/li><li>Uma oportunidade para adicionar imagem de fundo. <\/li><li>Adicione um n\u00famero ilimitado de esta\u00e7\u00f5es<\/li><\/ul><p><a href=\"#demo\">Basta verificar esta demonstra\u00e7\u00e3o para ver como funciona<\/a><\/p> <\/div> <div class=\"application-platform-content-item-installation application-platform-content-item\" id=\"installation\" data-nav-section=\"installation\"> <h2>Como adicionar o Radio Player no meu site Drupal?<\/h2><div class=\"video-container\"><iframe width=\"720\" height=\"405\" src=\"https:\/\/www.youtube.com\/embed\/PLMlzTHsVPM\" frameborder=\"0\" allowfullscreen><\/iframe><\/div><p>Basta seguir as instru\u00e7\u00f5es abaixo para ativar o m\u00f3dulo.<\/p> <ol><li><b>Use nosso editor gratuito e comece a trabalhar com seu m\u00f3dulo personalizado. <\/b><br> Escolha a interface personalizada e as especifica\u00e7\u00f5es do m\u00f3dulo e aplique todas as corre\u00e7\u00f5es. <\/li> <li><b>Copie o seu c\u00f3digo pessoal que aparece na caixa dos aplicativos Elfsight. <\/b><br> Logo ap\u00f3s a gera\u00e7\u00e3o do seu m\u00f3dulo, copie o seu c\u00f3digo da caixa exibida e salve-o para uso posterior. <\/li> <li><b>Iniciar a utiliza\u00e7\u00e3o do m\u00f3dulo no site Drupal. <\/b><br> Incorpore o c\u00f3digo que voc\u00ea salvou recentemente em sua p\u00e1gina da web e salve as modifica\u00e7\u00f5es. <\/li> <li><b>A instala\u00e7\u00e3o foi finalizada com sucesso. <\/b><br> Visite seu site para examinar o desempenho do m\u00f3dulo. <\/li><\/ol><p>Se voc\u00ea tiver alguma dificuldade, entre em contato com nossa equipe de atendimento ao cliente. Nossos consultores ter\u00e3o prazer em resolver todas as d\u00favidas que voc\u00ea possa ter sobre o produto.<\/p> <\/div>\n","protected":false},"excerpt":{"rendered":"","protected":false},"author":9,"featured_media":0,"parent":1455,"menu_order":0,"comment_status":"closed","ping_status":"closed","template":"templates\/template-application-platform.php","meta":{"publish_to_discourse":"","publish_post_category":"","wpdc_auto_publish_overridden":"","wpdc_topic_tags":"","wpdc_pin_topic":"","wpdc_pin_until":"","discourse_post_id":"","discourse_permalink":"","wpdc_publishing_response":"","wpdc_publishing_error":"","footnotes":""},"class_list":["post-7720","page","type-page","status-publish","hentry"],"yoast_head":"<!-- This site is optimized with the Yoast SEO plugin v25.3.1 - https:\/\/yoast.com\/wordpress\/plugins\/seo\/ -->\n<title>Widget Streaming Radio Player para site Drupal (gratuito e f\u00e1cil)<\/title>\n<meta name=\"description\" content=\"Incorpore um m\u00f3dulo de r\u00e1dio responsivo ao seu site Drupal. Utilize nossa demonstra\u00e7\u00e3o pr\u00e1tica e gere seu widget de R\u00e1dio sem esfor\u00e7o!\" \/>\n<meta name=\"robots\" content=\"index, follow, max-snippet:-1, max-image-preview:large, max-video-preview:-1\" \/>\n<link rel=\"canonical\" href=\"https:\/\/elfsight.com\/pt\/radio-player-widget\/drupal\/\" \/>\n<meta property=\"og:locale\" content=\"pt_PT\" \/>\n<meta property=\"og:type\" content=\"article\" \/>\n<meta property=\"og:title\" content=\"Widget Streaming Radio Player para site Drupal (gratuito e f\u00e1cil)\" \/>\n<meta property=\"og:description\" content=\"Incorpore um m\u00f3dulo de r\u00e1dio responsivo ao seu site Drupal. Utilize nossa demonstra\u00e7\u00e3o pr\u00e1tica e gere seu widget de R\u00e1dio sem esfor\u00e7o!\" \/>\n<meta property=\"og:url\" content=\"https:\/\/elfsight.com\/pt\/radio-player-widget\/drupal\/\" \/>\n<meta property=\"og:site_name\" content=\"Elfsight PT\" \/>\n<meta property=\"article:modified_time\" content=\"2025-02-27T10:13:03+00:00\" \/>\n<meta name=\"twitter:card\" content=\"summary_large_image\" \/>\n<meta name=\"twitter:label1\" content=\"Tempo estimado de leitura\" \/>\n\t<meta name=\"twitter:data1\" content=\"2 minutos\" \/>\n<!-- \/ Yoast SEO plugin. -->","yoast_head_json":{"title":"Widget Streaming Radio Player para site Drupal (gratuito e f\u00e1cil)","description":"Incorpore um m\u00f3dulo de r\u00e1dio responsivo ao seu site Drupal. Utilize nossa demonstra\u00e7\u00e3o pr\u00e1tica e gere seu widget de R\u00e1dio sem esfor\u00e7o!","robots":{"index":"index","follow":"follow","max-snippet":"max-snippet:-1","max-image-preview":"max-image-preview:large","max-video-preview":"max-video-preview:-1"},"canonical":"https:\/\/elfsight.com\/pt\/radio-player-widget\/drupal\/","og_locale":"pt_PT","og_type":"article","og_title":"Widget Streaming Radio Player para site Drupal (gratuito e f\u00e1cil)","og_description":"Incorpore um m\u00f3dulo de r\u00e1dio responsivo ao seu site Drupal. Utilize nossa demonstra\u00e7\u00e3o pr\u00e1tica e gere seu widget de R\u00e1dio sem esfor\u00e7o!","og_url":"https:\/\/elfsight.com\/pt\/radio-player-widget\/drupal\/","og_site_name":"Elfsight PT","article_modified_time":"2025-02-27T10:13:03+00:00","twitter_card":"summary_large_image","twitter_misc":{"Tempo estimado de leitura":"2 minutos"},"schema":{"@context":"https:\/\/schema.org","@graph":[{"@type":"WebPage","@id":"https:\/\/elfsight.com\/pt\/radio-player-widget\/drupal\/","url":"https:\/\/elfsight.com\/pt\/radio-player-widget\/drupal\/","name":"Widget Streaming Radio Player para site Drupal (gratuito e f\u00e1cil)","isPartOf":{"@id":"https:\/\/elfsight.com\/pt\/#website"},"datePublished":"1970-01-01T00:00:00+00:00","dateModified":"2025-02-27T10:13:03+00:00","description":"Incorpore um m\u00f3dulo de r\u00e1dio responsivo ao seu site Drupal. Utilize nossa demonstra\u00e7\u00e3o pr\u00e1tica e gere seu widget de R\u00e1dio sem esfor\u00e7o!","breadcrumb":{"@id":"https:\/\/elfsight.com\/pt\/radio-player-widget\/drupal\/#breadcrumb"},"inLanguage":"pt-PT","potentialAction":[{"@type":"ReadAction","target":["https:\/\/elfsight.com\/pt\/radio-player-widget\/drupal\/"]}]},{"@type":"BreadcrumbList","@id":"https:\/\/elfsight.com\/pt\/radio-player-widget\/drupal\/#breadcrumb","itemListElement":[{"@type":"ListItem","position":1,"name":"Home","item":"https:\/\/elfsight.com\/pt\/"},{"@type":"ListItem","position":2,"name":"Radio Player","item":"https:\/\/elfsight.com\/pt\/radio-player-widget\/"},{"@type":"ListItem","position":3,"name":"Radio Player &#8211; Drupal"}]},{"@type":"WebSite","@id":"https:\/\/elfsight.com\/pt\/#website","url":"https:\/\/elfsight.com\/pt\/","name":"Elfsight PT","description":"Just another Elfsight Sites site","potentialAction":[{"@type":"SearchAction","target":{"@type":"EntryPoint","urlTemplate":"https:\/\/elfsight.com\/pt\/?s={search_term_string}"},"query-input":{"@type":"PropertyValueSpecification","valueRequired":true,"valueName":"search_term_string"}}],"inLanguage":"pt-PT"}]}},"meta_box":{"industry":"","seo_heading":"","heading":"","description":"","cta_heading":"","cta_description":"","application":"1454","h1":"M\u00f3dulo Drupal Radio Player","h1_caption":"Varie suas variantes de conte\u00fado e supere seus concorrentes","application_category":[],"applications_title":"","applications_request_title":"","applications_request_button_text":"","hero_text":"","hero_video":"","hero_video_schema_markup":"","selling_points_title":"","selling_points_caption":"","selling_points":[],"selling_points_cta_text":"","features_title":"","features":"","ed_cta_examples_text":"","ed_cta_examples_hidden":"","ed_cta_demo_text":"","ed_cta_demo_hidden":"","why_caption":"","why_editor_title":"","why_editor_text":"","why_team_title":"","why_team_text":"","why_service_title":"","why_service_text":"","template_catalog_visible":"0","template_catalog_title":"","template_catalog_text":"","template_catalog_categories_visible":"","demo_title":"Crie seu m\u00f3dulo Radio Player","demo_caption":"Configure seu Radio Player e adicione-o ao seu site Drupal gratuitamente!","default_faq_hidden":"","app_template_category":[],"platform":"4905","template_public_id":"","codecanyon_url":"","codecanyon_item_id":"","codecanyon_price":"","pricing_caption":"","pricing_elfsight_apps_hide_column":"","pricing_elfsight_apps_url":"","pricing_codecanyon_price_caption":"","integration_category":[],"integration_request_title":"","integration_request_cta":"","integration_platform":"","integrations":[],"platform_category":[],"video_schema_markup":"","price":"a partir de US$ 0\/m\u00eas","trial":"","benefits":[{"text":"Servi\u00e7o de instala\u00e7\u00e3o gratuito"},{"text":"Suporte premium"},{"text":"Garantia de reembolso de 14 dias"},{"text":"Atualizando constantemente"}],"button_url":"#demo","button_target_blank":"0","button_nofollow":"0","attributes":[{"name":"Instala\u00e7\u00f5es","content":"10,000 - 100,000"},{"name":"Responsivo","content":"Sim"},{"name":"Navegadores compat\u00edveis","content":"Firefox, Safari, Opera, Chrome, Edge"}],"tags":[],"tags_disable_links":"0","hide_more_platforms":"0","video_object":"","demo_hide_cta":"0","demo_hide_cloud_options":"0","pricing_title":"","pricing":[{"pricing_icon":"platform","pricing_title":"Elfsight Apps","pricing_title_caption":"Vers\u00e3o multiplataforma adequada para qualquer site","pricing_price":"a partir de US$ 0\/m\u00eas","pricing_price_caption":"comece com plano gratuito","pricing_benefits":[{"text":"Sites ilimitados"},{"text":"Suporte profissional"},{"text":"Suporte profissional"},{"text":"Pre\u00e7o especial para v\u00e1rios aplicativos"}],"pricing_button_text":"Adicionar ao site","pricing_button_url":"#demo"}],"related_apps_title":"","related_apps_hidden":"0","author":"","image":[],"title":"","job":"","social_networks":[]},"_links":{"self":[{"href":"https:\/\/elfsight.com\/pt\/wp-json\/wp\/v2\/pages\/7720","targetHints":{"allow":["GET"]}}],"collection":[{"href":"https:\/\/elfsight.com\/pt\/wp-json\/wp\/v2\/pages"}],"about":[{"href":"https:\/\/elfsight.com\/pt\/wp-json\/wp\/v2\/types\/page"}],"author":[{"embeddable":true,"href":"https:\/\/elfsight.com\/pt\/wp-json\/wp\/v2\/users\/9"}],"replies":[{"embeddable":true,"href":"https:\/\/elfsight.com\/pt\/wp-json\/wp\/v2\/comments?post=7720"}],"version-history":[{"count":3,"href":"https:\/\/elfsight.com\/pt\/wp-json\/wp\/v2\/pages\/7720\/revisions"}],"predecessor-version":[{"id":14038,"href":"https:\/\/elfsight.com\/pt\/wp-json\/wp\/v2\/pages\/7720\/revisions\/14038"}],"up":[{"embeddable":true,"href":"https:\/\/elfsight.com\/pt\/wp-json\/wp\/v2\/pages\/1455"}],"wp:attachment":[{"href":"https:\/\/elfsight.com\/pt\/wp-json\/wp\/v2\/media?parent=7720"}],"curies":[{"name":"wp","href":"https:\/\/api.w.org\/{rel}","templated":true}]}}