{"id":7714,"date":"1970-01-01T00:00:00","date_gmt":"1970-01-01T00:00:00","guid":{"rendered":"https:\/\/elfsight.com\/pt\/?page_id=7714"},"modified":"2025-02-27T10:18:44","modified_gmt":"2025-02-27T10:18:44","slug":"elementor","status":"publish","type":"page","link":"https:\/\/elfsight.com\/pt\/radio-player-widget\/elementor\/","title":{"rendered":"Radio Player &#8211; Elementor"},"content":{"rendered":"\n<div class=\"application-platform-content-item-description application-platform-content-item\" id=\"description\" data-nav-section=\"description\"> <h2>Incorpore o Radio Player no Elementor com o widget Elfsight<\/h2> <p>O Elfsight Player \u00e9 um widget descomplicado que oferece a oportunidade de reproduzir r\u00e1dio esta\u00e7\u00f5es diretamente nas p\u00e1ginas do seu site. O plugin \u00e9 altamente personaliz\u00e1vel: voc\u00ea tem liberdade para mudar sua posi\u00e7\u00e3o, coloc\u00e1-lo em qualquer lugar da p\u00e1gina, alterar seu tamanho, fazer sobre o fundo e outras partes para mesclar com o estilo do seu site, usar esquema de cores escuras, mostrar imagens e exibir ou ocultar tr\u00eas elementos adicionais do jogador, como t\u00edtulo, status e muito mais. Carregue quantas esta\u00e7\u00f5es voc\u00ea precisar para encantar seus usu\u00e1rios, ative a op\u00e7\u00e3o de reprodu\u00e7\u00e3o autom\u00e1tica e n\u00e3o tenha d\u00favidas: seus visitantes n\u00e3o sair\u00e3o de sua p\u00e1gina imediatamente! <\/p> <p><b>Equipe seus usu\u00e1rios com uma nova fonte de conte\u00fado \u00fatil e interessante empregando o Elfsight Radio Player para Elementor<\/b><\/p> <\/div> <div class=\"application-platform-content-item-features application-platform-content-item\" id=\"features\" data-nav-section=\"features\"> <h2> Veja a lista dos recursos mais \u00fateis: <\/h2> <ul><li>Varia\u00e7\u00f5es de cores ilimitadas.<\/li><li>Esquema de cores claras\/escuras.<\/li><li>2 layouts prontos para uso.<\/li><li>Uma op\u00e7\u00e3o para anexar imagem de fundo.<\/li><li>Adicione um n\u00famero ilimitado de esta\u00e7\u00f5es.<\/li><\/ul><p><a href=\"#demo\">Voc\u00ea pode descobrir o recursos completos do widget na demonstra\u00e7\u00e3o <\/a><\/p> <\/div> <div class=\"application-platform-content-item-installation application-platform-content-item\" id=\"installation\" data-nav-section=\"installation\"> <h2>Como posso adicionar o Radio Player ao meu site Elementor?<\/h2><div class=\"video-container\"><iframe width=\"720\" height=\"405\" src=\"https:\/\/www.youtube.com\/embed\/jqhwmGwQQZU\" frameborder=\"0\" allowfullscreen=\"\"><\/iframe><\/div><p>Basta seguir algumas etapas abaixo para incorporar o widget.<\/p> <ol><li><b>Use nossa demonstra\u00e7\u00e3o gratuita e comece a criar seu pr\u00f3prio widget.<\/b><br> Determine a forma personalizada e os aspectos do plugin e aplique as edi\u00e7\u00f5es.<\/li> <li><b>Copie o c\u00f3digo pessoal mostrado na janela dos aplicativos Elfsight.<\/b><br> Quando a configura\u00e7\u00e3o do seu c\u00f3digo pessoal o plugin estiver conclu\u00eddo, copie o c\u00f3digo individual da janela que aparece e salve-o para uso posterior.<\/li> <li><b>Inicie a utiliza\u00e7\u00e3o do widget no site Elementor.<\/b><br> Implemente o c\u00f3digo do plugin copiado antes em sua p\u00e1gina e salve as corre\u00e7\u00f5es.<\/li> <li><b>Pronto! A integra\u00e7\u00e3o foi realizada com sucesso.<\/b><br> Acesse seu site para verificar o funcionamento do plugin.<\/li><\/ol> <p>Na condi\u00e7\u00e3o de enfrentar d\u00favidas ou passar por alguma dificuldade, n\u00e3o hesite para falar com nossa equipe de suporte. Nossos consultores ter\u00e3o prazer em ajud\u00e1-lo com todas as d\u00favidas que voc\u00ea possa ter sobre o widget.<\/p> \n<div class=\"faq\" data-component=\"FAQ\"><div class=\"faq-item\">\r\n\t\t\t\t\t<div class=\"faq-item-question\">\r\n\t\t\t\t\t\t<h3 class=\"faq-item-question-text\">Como posso adicionar um widget Radio Player no meu site Elementor sem habilidades de codifica\u00e7\u00e3o?<\/h3>\r\n\r\n\t\t\t\t\t\t<div class=\"faq-item-question-icon\"><\/div>\r\n\t\t\t\t\t<\/div>\r\n\r\n\t\t\t\t\t<div class=\"faq-item-answer\">\r\n\t\t\t\t\t\t<div class=\"faq-item-answer-text\"><p>Com a solu\u00e7\u00e3o baseada em nuvem da Elfsight, voc\u00ea pode facilmente criar um widget Radio Player sem a necessidade de conhecimentos t\u00e9cnicos. Veja como funciona:<\/p>\n\n<li>Abra o Editor online para criar a se\u00e7\u00e3o do widget Radio Player que voc\u00ea deseja integrar ao seu site Elementor.<\/li>\n\n<li>Escolha um de nossos modelos prontos e personalize as configura\u00e7\u00f5es do widget \u2013 altere o layout, as cores e adicione seu conte\u00fado, tudo sem codifica\u00e7\u00e3o.<\/li>\n\n<li>Salve suas personaliza\u00e7\u00f5es e obtenha o c\u00f3digo que pode ser facilmente inserido e gratuito na sua p\u00e1gina do Elementor.<\/li>\n\n<p>Com o editor amig\u00e1vel, at\u00e9 mesmo iniciantes podem criar um widget Radio Player e integr\u00e1-lo ao seu site. N\u00e3o \u00e9 necess\u00e1rio fazer pagamentos ou inserir dados de cart\u00e3o. Se voc\u00ea tiver alguma d\u00favida ou encontrar algum problema, nosso suporte ao cliente est\u00e1 dispon\u00edvel para ajud\u00e1-lo a qualquer momento.<\/p><\/div>\r\n\t\t\t\t\t<\/div>\r\n\t\t\t\t<\/div><\/div>\n<\/div>\n","protected":false},"excerpt":{"rendered":"","protected":false},"author":9,"featured_media":0,"parent":1455,"menu_order":0,"comment_status":"closed","ping_status":"closed","template":"templates\/template-application-platform.php","meta":{"publish_to_discourse":"","publish_post_category":"","wpdc_auto_publish_overridden":"","wpdc_topic_tags":"","wpdc_pin_topic":"","wpdc_pin_until":"","discourse_post_id":"","discourse_permalink":"","wpdc_publishing_response":"","wpdc_publishing_error":"","footnotes":""},"class_list":["post-7714","page","type-page","status-publish","hentry"],"yoast_head":"<!-- This site is optimized with the Yoast SEO plugin v25.3.1 - https:\/\/yoast.com\/wordpress\/plugins\/seo\/ -->\n<title>Site Elfsight Radio Player para Elementor (gratuito e r\u00e1pido)<\/title>\n<meta name=\"description\" content=\"Adicione um widget Radio Player responsivo ao seu site. Aproveite nossa demonstra\u00e7\u00e3o conveniente e molde sua ferramenta sem esfor\u00e7o!\" \/>\n<meta name=\"robots\" content=\"index, follow, max-snippet:-1, max-image-preview:large, max-video-preview:-1\" \/>\n<link rel=\"canonical\" href=\"https:\/\/elfsight.com\/pt\/radio-player-widget\/elementor\/\" \/>\n<meta property=\"og:locale\" content=\"pt_PT\" \/>\n<meta property=\"og:type\" content=\"article\" \/>\n<meta property=\"og:title\" content=\"Site Elfsight Radio Player para Elementor (gratuito e r\u00e1pido)\" \/>\n<meta property=\"og:description\" content=\"Adicione um widget Radio Player responsivo ao seu site. Aproveite nossa demonstra\u00e7\u00e3o conveniente e molde sua ferramenta sem esfor\u00e7o!\" \/>\n<meta property=\"og:url\" content=\"https:\/\/elfsight.com\/pt\/radio-player-widget\/elementor\/\" \/>\n<meta property=\"og:site_name\" content=\"Elfsight PT\" \/>\n<meta property=\"article:modified_time\" content=\"2025-02-27T10:18:44+00:00\" \/>\n<meta name=\"twitter:card\" content=\"summary_large_image\" \/>\n<meta name=\"twitter:label1\" content=\"Tempo estimado de leitura\" \/>\n\t<meta name=\"twitter:data1\" content=\"3 minutos\" \/>\n<!-- \/ Yoast SEO plugin. -->","yoast_head_json":{"title":"Site Elfsight Radio Player para Elementor (gratuito e r\u00e1pido)","description":"Adicione um widget Radio Player responsivo ao seu site. Aproveite nossa demonstra\u00e7\u00e3o conveniente e molde sua ferramenta sem esfor\u00e7o!","robots":{"index":"index","follow":"follow","max-snippet":"max-snippet:-1","max-image-preview":"max-image-preview:large","max-video-preview":"max-video-preview:-1"},"canonical":"https:\/\/elfsight.com\/pt\/radio-player-widget\/elementor\/","og_locale":"pt_PT","og_type":"article","og_title":"Site Elfsight Radio Player para Elementor (gratuito e r\u00e1pido)","og_description":"Adicione um widget Radio Player responsivo ao seu site. Aproveite nossa demonstra\u00e7\u00e3o conveniente e molde sua ferramenta sem esfor\u00e7o!","og_url":"https:\/\/elfsight.com\/pt\/radio-player-widget\/elementor\/","og_site_name":"Elfsight PT","article_modified_time":"2025-02-27T10:18:44+00:00","twitter_card":"summary_large_image","twitter_misc":{"Tempo estimado de leitura":"3 minutos"},"schema":{"@context":"https:\/\/schema.org","@graph":[{"@type":"WebPage","@id":"https:\/\/elfsight.com\/pt\/radio-player-widget\/elementor\/","url":"https:\/\/elfsight.com\/pt\/radio-player-widget\/elementor\/","name":"Site Elfsight Radio Player para Elementor (gratuito e r\u00e1pido)","isPartOf":{"@id":"https:\/\/elfsight.com\/pt\/#website"},"datePublished":"1970-01-01T00:00:00+00:00","dateModified":"2025-02-27T10:18:44+00:00","description":"Adicione um widget Radio Player responsivo ao seu site. Aproveite nossa demonstra\u00e7\u00e3o conveniente e molde sua ferramenta sem esfor\u00e7o!","breadcrumb":{"@id":"https:\/\/elfsight.com\/pt\/radio-player-widget\/elementor\/#breadcrumb"},"inLanguage":"pt-PT","potentialAction":[{"@type":"ReadAction","target":["https:\/\/elfsight.com\/pt\/radio-player-widget\/elementor\/"]}]},{"@type":"BreadcrumbList","@id":"https:\/\/elfsight.com\/pt\/radio-player-widget\/elementor\/#breadcrumb","itemListElement":[{"@type":"ListItem","position":1,"name":"Home","item":"https:\/\/elfsight.com\/pt\/"},{"@type":"ListItem","position":2,"name":"Radio Player","item":"https:\/\/elfsight.com\/pt\/radio-player-widget\/"},{"@type":"ListItem","position":3,"name":"Radio Player &#8211; Elementor"}]},{"@type":"WebSite","@id":"https:\/\/elfsight.com\/pt\/#website","url":"https:\/\/elfsight.com\/pt\/","name":"Elfsight PT","description":"Just another Elfsight Sites site","potentialAction":[{"@type":"SearchAction","target":{"@type":"EntryPoint","urlTemplate":"https:\/\/elfsight.com\/pt\/?s={search_term_string}"},"query-input":{"@type":"PropertyValueSpecification","valueRequired":true,"valueName":"search_term_string"}}],"inLanguage":"pt-PT"}]}},"meta_box":{"industry":"","seo_heading":"","heading":"","description":"","cta_heading":"","cta_description":"","application":"1454","h1":"Widget do reprodutor de r\u00e1dio Elementor","h1_caption":"Intercale suas op\u00e7\u00f5es de conte\u00fado e se destaque dos concorrentes","application_category":[],"applications_title":"","applications_request_title":"","applications_request_button_text":"","hero_text":"","hero_video":"","hero_video_schema_markup":"","selling_points_title":"","selling_points_caption":"","selling_points":[],"selling_points_cta_text":"","features_title":"","features":"","ed_cta_examples_text":"","ed_cta_examples_hidden":"","ed_cta_demo_text":"","ed_cta_demo_hidden":"","why_caption":"","why_editor_title":"","why_editor_text":"","why_team_title":"","why_team_text":"","why_service_title":"","why_service_text":"","template_catalog_visible":"0","template_catalog_title":"","template_catalog_text":"","template_catalog_categories_visible":"","demo_title":"Crie seu widget Radio Player","demo_caption":"Configure seu Radio Player e adicione-o ao seu site Elementor gratuitamente!","default_faq_hidden":"","app_template_category":[],"platform":"100","template_public_id":"","codecanyon_url":"","codecanyon_item_id":"","codecanyon_price":"","pricing_caption":"","pricing_elfsight_apps_hide_column":"","pricing_elfsight_apps_url":"","pricing_codecanyon_price_caption":"","integration_category":[],"integration_request_title":"","integration_request_cta":"","integration_platform":"","integrations":[],"platform_category":[],"video_schema_markup":"","price":"a partir de US$ 0\/m\u00eas","trial":"","benefits":[{"text":"Assist\u00eancia de instala\u00e7\u00e3o gratuita"},{"text":"Suporte excepcional"},{"text":"Garantia de reembolso de 14 dias"},{"text":"Melhorias cont\u00ednuas"}],"button_url":"#demo","button_target_blank":"0","button_nofollow":"0","attributes":[{"name":"Instala\u00e7\u00f5es","content":"10,000 - 100,000"},{"name":"Responsivo","content":"Sim"},{"name":"Navegadores compat\u00edveis","content":"Firefox, Safari, Opera, Chrome, Edge"}],"tags":[],"tags_disable_links":"0","hide_more_platforms":"0","video_object":"","demo_hide_cta":"0","demo_hide_cloud_options":"0","pricing_title":"","pricing":[{"pricing_icon":"platform","pricing_title":"Elfsight Apps","pricing_title_caption":"Software independente de plataforma que funciona em qualquer site","pricing_price":"a partir de US$ 0\/m\u00eas","pricing_price_caption":"comece com plano gratuito","pricing_benefits":[{"text":"Sites ilimitados"},{"text":"Suporte 24 horas por dia, 7 dias por semana"},{"text":"Suporte 24 horas por dia, 7 dias por semana"},{"text":"\u00d3timo neg\u00f3cio para v\u00e1rios aplicativos"}],"pricing_button_text":"Adicionar ao site","pricing_button_url":"#demo"}],"related_apps_title":"","related_apps_hidden":"0","author":"","image":[],"title":"","job":"","social_networks":[]},"_links":{"self":[{"href":"https:\/\/elfsight.com\/pt\/wp-json\/wp\/v2\/pages\/7714","targetHints":{"allow":["GET"]}}],"collection":[{"href":"https:\/\/elfsight.com\/pt\/wp-json\/wp\/v2\/pages"}],"about":[{"href":"https:\/\/elfsight.com\/pt\/wp-json\/wp\/v2\/types\/page"}],"author":[{"embeddable":true,"href":"https:\/\/elfsight.com\/pt\/wp-json\/wp\/v2\/users\/9"}],"replies":[{"embeddable":true,"href":"https:\/\/elfsight.com\/pt\/wp-json\/wp\/v2\/comments?post=7714"}],"version-history":[{"count":3,"href":"https:\/\/elfsight.com\/pt\/wp-json\/wp\/v2\/pages\/7714\/revisions"}],"predecessor-version":[{"id":14039,"href":"https:\/\/elfsight.com\/pt\/wp-json\/wp\/v2\/pages\/7714\/revisions\/14039"}],"up":[{"embeddable":true,"href":"https:\/\/elfsight.com\/pt\/wp-json\/wp\/v2\/pages\/1455"}],"wp:attachment":[{"href":"https:\/\/elfsight.com\/pt\/wp-json\/wp\/v2\/media?parent=7714"}],"curies":[{"name":"wp","href":"https:\/\/api.w.org\/{rel}","templated":true}]}}