{"id":7712,"date":"1970-01-01T00:00:00","date_gmt":"1970-01-01T00:00:00","guid":{"rendered":"https:\/\/elfsight.com\/pt\/?page_id=7712"},"modified":"2025-02-27T10:29:36","modified_gmt":"2025-02-27T10:29:36","slug":"jquery","status":"publish","type":"page","link":"https:\/\/elfsight.com\/pt\/radio-player-widget\/jquery\/","title":{"rendered":"Radio Player &#8211; jQuery"},"content":{"rendered":"\n<div class=\"application-platform-content-item-description application-platform-content-item\" id=\"description\" data-nav-section=\"description\"> <h2>Descri\u00e7\u00e3o<\/h2> <p>Elfsight Radio \u00e9 um plugin simples que lhe d\u00e1 a oportunidade de reproduzir esta\u00e7\u00f5es de r\u00e1dio diretamente nas p\u00e1ginas do seu site. O widget \u00e9 totalmente modific\u00e1vel: voc\u00ea pode alterar sua posi\u00e7\u00e3o, acomodando-o em qualquer lugar da p\u00e1gina, dimensionar seu tamanho, repintar o fundo e todos os outros elementos para combin\u00e1-lo com o design do seu site, empregar esquema de cores escuras, demonstrar capas e display ou ocultar tr\u00eas outras partes do jogador, como t\u00edtulo, status e outras. Inclua quantas esta\u00e7\u00f5es quiser para encantar seus visitantes, ative a op\u00e7\u00e3o de reprodu\u00e7\u00e3o autom\u00e1tica e tenha certeza: seus visitantes n\u00e3o sair\u00e3o do seu site t\u00e3o cedo! <\/p> <p><b>Forne\u00e7a ao seu p\u00fablico uma nova fonte de conte\u00fado \u00fatil e envolvente atrav\u00e9s do Elfsight Radio Player<\/b><\/p> <\/div> <div class=\"application-platform-content-item-features application-platform-content-item\" id=\"features\" data-nav-section=\"features\"> <h2>Ver a lista dos recursos mais importantes: <\/h2> <ul><li>V\u00e1rias varia\u00e7\u00f5es de cores.<\/li><li>Esquema de cores claras\/escuras.<\/li><li>Dois layouts aplic\u00e1veis.<\/li> <li>Possibilidade de adicionar imagem de fundo.<\/li><li>Um n\u00famero infinito de esta\u00e7\u00f5es.<\/li><\/ul><p><a href=\"#demo\">Voc\u00ea pode experimentar todas as funcionalidades do plugin na demonstra\u00e7\u00e3o nesta p\u00e1gina<\/a><\/p> <\/div> <div class=\"application-platform-content-item-installation application-platform-content-item\" id=\"installation\" data-nav-section=\"installation\"> <h2>Como incorporar o Radio Player no meu site jQuery?<\/h2> <p>Basta executar o diretrizes abaixo para incorporar o plug-in.<\/p> <ol><li><b>Abra nosso editor gratuito e comece a criar seu plug-in personalizado.<\/b><br> Determine a forma preferida e as caracter\u00edsticas funcionais do plug-in e salve as corre\u00e7\u00f5es.<\/li> <li><b>Receba o c\u00f3digo exclusivo que aparece na caixa dos aplicativos Elfsight.<\/b><br> Assim que a personaliza\u00e7\u00e3o do seu widget pessoal terminar, copie o c\u00f3digo individual em a janela exibida e guarde-a para ocasi\u00f5es posteriores.<\/li> <li><b>Comece a usar o widget Radio na p\u00e1gina inicial do jQuery.<\/b><br> Integre o c\u00f3digo salvo recentemente em sua p\u00e1gina web e aplique as edi\u00e7\u00f5es.<\/li> <li><b>Conclu\u00eddo! A incorpora\u00e7\u00e3o est\u00e1 totalmente realizada.<\/b><br> Acesse sua p\u00e1gina para revisar o trabalho do widget.<\/li><\/ol> <p>Caso voc\u00ea tenha alguma dificuldade, n\u00e3o hesite em entrar em contato com nosso equipe de suporte. Nosso pessoal ter\u00e1 prazer em resolver todos os problemas que voc\u00ea possa ter com o produto. <\/p> <\/div>\n","protected":false},"excerpt":{"rendered":"","protected":false},"author":9,"featured_media":0,"parent":1455,"menu_order":0,"comment_status":"closed","ping_status":"closed","template":"templates\/template-application-platform.php","meta":{"publish_to_discourse":"","publish_post_category":"","wpdc_auto_publish_overridden":"","wpdc_topic_tags":"","wpdc_pin_topic":"","wpdc_pin_until":"","discourse_post_id":"","discourse_permalink":"","wpdc_publishing_response":"","wpdc_publishing_error":"","footnotes":""},"class_list":["post-7712","page","type-page","status-publish","hentry"],"yoast_head":"<!-- This site is optimized with the Yoast SEO plugin v25.3.1 - https:\/\/yoast.com\/wordpress\/plugins\/seo\/ -->\n<title>Elfsight Radio Player para site jQuery (r\u00e1pido e gratuito)<\/title>\n<meta name=\"description\" content=\"Implemente um plugin responsivo do Radio Player em sua p\u00e1gina inicial. Use nossa demonstra\u00e7\u00e3o gerenci\u00e1vel e crie seu plugin facilmente!\" \/>\n<meta name=\"robots\" content=\"index, follow, max-snippet:-1, max-image-preview:large, max-video-preview:-1\" \/>\n<link rel=\"canonical\" href=\"https:\/\/elfsight.com\/pt\/radio-player-widget\/jquery\/\" \/>\n<meta property=\"og:locale\" content=\"pt_PT\" \/>\n<meta property=\"og:type\" content=\"article\" \/>\n<meta property=\"og:title\" content=\"Elfsight Radio Player para site jQuery (r\u00e1pido e gratuito)\" \/>\n<meta property=\"og:description\" content=\"Implemente um plugin responsivo do Radio Player em sua p\u00e1gina inicial. Use nossa demonstra\u00e7\u00e3o gerenci\u00e1vel e crie seu plugin facilmente!\" \/>\n<meta property=\"og:url\" content=\"https:\/\/elfsight.com\/pt\/radio-player-widget\/jquery\/\" \/>\n<meta property=\"og:site_name\" content=\"Elfsight PT\" \/>\n<meta property=\"article:modified_time\" content=\"2025-02-27T10:29:36+00:00\" \/>\n<meta name=\"twitter:card\" content=\"summary_large_image\" \/>\n<meta name=\"twitter:label1\" content=\"Tempo estimado de leitura\" \/>\n\t<meta name=\"twitter:data1\" content=\"2 minutos\" \/>\n<!-- \/ Yoast SEO plugin. -->","yoast_head_json":{"title":"Elfsight Radio Player para site jQuery (r\u00e1pido e gratuito)","description":"Implemente um plugin responsivo do Radio Player em sua p\u00e1gina inicial. Use nossa demonstra\u00e7\u00e3o gerenci\u00e1vel e crie seu plugin facilmente!","robots":{"index":"index","follow":"follow","max-snippet":"max-snippet:-1","max-image-preview":"max-image-preview:large","max-video-preview":"max-video-preview:-1"},"canonical":"https:\/\/elfsight.com\/pt\/radio-player-widget\/jquery\/","og_locale":"pt_PT","og_type":"article","og_title":"Elfsight Radio Player para site jQuery (r\u00e1pido e gratuito)","og_description":"Implemente um plugin responsivo do Radio Player em sua p\u00e1gina inicial. Use nossa demonstra\u00e7\u00e3o gerenci\u00e1vel e crie seu plugin facilmente!","og_url":"https:\/\/elfsight.com\/pt\/radio-player-widget\/jquery\/","og_site_name":"Elfsight PT","article_modified_time":"2025-02-27T10:29:36+00:00","twitter_card":"summary_large_image","twitter_misc":{"Tempo estimado de leitura":"2 minutos"},"schema":{"@context":"https:\/\/schema.org","@graph":[{"@type":"WebPage","@id":"https:\/\/elfsight.com\/pt\/radio-player-widget\/jquery\/","url":"https:\/\/elfsight.com\/pt\/radio-player-widget\/jquery\/","name":"Elfsight Radio Player para site jQuery (r\u00e1pido e gratuito)","isPartOf":{"@id":"https:\/\/elfsight.com\/pt\/#website"},"datePublished":"1970-01-01T00:00:00+00:00","dateModified":"2025-02-27T10:29:36+00:00","description":"Implemente um plugin responsivo do Radio Player em sua p\u00e1gina inicial. Use nossa demonstra\u00e7\u00e3o gerenci\u00e1vel e crie seu plugin facilmente!","breadcrumb":{"@id":"https:\/\/elfsight.com\/pt\/radio-player-widget\/jquery\/#breadcrumb"},"inLanguage":"pt-PT","potentialAction":[{"@type":"ReadAction","target":["https:\/\/elfsight.com\/pt\/radio-player-widget\/jquery\/"]}]},{"@type":"BreadcrumbList","@id":"https:\/\/elfsight.com\/pt\/radio-player-widget\/jquery\/#breadcrumb","itemListElement":[{"@type":"ListItem","position":1,"name":"Home","item":"https:\/\/elfsight.com\/pt\/"},{"@type":"ListItem","position":2,"name":"Radio Player","item":"https:\/\/elfsight.com\/pt\/radio-player-widget\/"},{"@type":"ListItem","position":3,"name":"Radio Player &#8211; jQuery"}]},{"@type":"WebSite","@id":"https:\/\/elfsight.com\/pt\/#website","url":"https:\/\/elfsight.com\/pt\/","name":"Elfsight PT","description":"Just another Elfsight Sites site","potentialAction":[{"@type":"SearchAction","target":{"@type":"EntryPoint","urlTemplate":"https:\/\/elfsight.com\/pt\/?s={search_term_string}"},"query-input":{"@type":"PropertyValueSpecification","valueRequired":true,"valueName":"search_term_string"}}],"inLanguage":"pt-PT"}]}},"meta_box":{"industry":"","seo_heading":"","heading":"","description":"","cta_heading":"","cta_description":"","application":"1454","h1":"Plug-in jQuery Radio Player","h1_caption":"Expanda suas op\u00e7\u00f5es de conte\u00fado e destaque-se de seus concorrentes","application_category":[],"applications_title":"","applications_request_title":"","applications_request_button_text":"","hero_text":"","hero_video":"","hero_video_schema_markup":"","selling_points_title":"","selling_points_caption":"","selling_points":[],"selling_points_cta_text":"","features_title":"","features":"","ed_cta_examples_text":"","ed_cta_examples_hidden":"","ed_cta_demo_text":"","ed_cta_demo_hidden":"","why_caption":"","why_editor_title":"","why_editor_text":"","why_team_title":"","why_team_text":"","why_service_title":"","why_service_text":"","template_catalog_visible":"0","template_catalog_title":"","template_catalog_text":"","template_catalog_categories_visible":"","demo_title":"Crie seu plugin Radio Player","demo_caption":"Configure seu Radio Player e adicione-o ao seu site jQuery gratuitamente!","default_faq_hidden":"","app_template_category":[],"platform":"55","template_public_id":"","codecanyon_url":"","codecanyon_item_id":"","codecanyon_price":"","pricing_caption":"","pricing_elfsight_apps_hide_column":"","pricing_elfsight_apps_url":"","pricing_codecanyon_price_caption":"","integration_category":[],"integration_request_title":"","integration_request_cta":"","integration_platform":"","integrations":[],"platform_category":[],"video_schema_markup":"","price":"a partir de US$ 0\/m\u00eas","trial":"","benefits":[{"text":"Ajuda de instala\u00e7\u00e3o gratuita"},{"text":"Suporte ao cliente experiente"},{"text":"Garantia de devolu\u00e7\u00e3o do dinheiro em 14 dias"},{"text":"Atualizando constantemente"}],"button_url":"#demo","button_target_blank":"0","button_nofollow":"0","attributes":[{"name":"Instala\u00e7\u00f5es","content":"10,000 - 100,000"},{"name":"Responsivo","content":"Sim"},{"name":"Navegadores compat\u00edveis","content":"Firefox, Safari, Opera, Chrome, Edge"}],"tags":[],"tags_disable_links":"0","hide_more_platforms":"0","video_object":"","demo_hide_cta":"0","demo_hide_cloud_options":"0","pricing_title":"","pricing":[{"pricing_icon":"platform","pricing_title":"Elfsight Apps","pricing_title_caption":"Solu\u00e7\u00e3o multiplataforma","pricing_price":"a partir de US$ 0\/m\u00eas","pricing_price_caption":"comece com um plano gratuito","pricing_benefits":[{"text":"Sites ilimitados"},{"text":"Suporte ao cliente premium e bem documentado"},{"text":"Suporte ao cliente premium e bem documentado"},{"text":"100% personaliz\u00e1vel"}],"pricing_button_text":"Adicionar ao site","pricing_button_url":"#demo"}],"related_apps_title":"","related_apps_hidden":"0","author":"","image":[],"title":"","job":"","social_networks":[]},"_links":{"self":[{"href":"https:\/\/elfsight.com\/pt\/wp-json\/wp\/v2\/pages\/7712","targetHints":{"allow":["GET"]}}],"collection":[{"href":"https:\/\/elfsight.com\/pt\/wp-json\/wp\/v2\/pages"}],"about":[{"href":"https:\/\/elfsight.com\/pt\/wp-json\/wp\/v2\/types\/page"}],"author":[{"embeddable":true,"href":"https:\/\/elfsight.com\/pt\/wp-json\/wp\/v2\/users\/9"}],"replies":[{"embeddable":true,"href":"https:\/\/elfsight.com\/pt\/wp-json\/wp\/v2\/comments?post=7712"}],"version-history":[{"count":2,"href":"https:\/\/elfsight.com\/pt\/wp-json\/wp\/v2\/pages\/7712\/revisions"}],"predecessor-version":[{"id":14043,"href":"https:\/\/elfsight.com\/pt\/wp-json\/wp\/v2\/pages\/7712\/revisions\/14043"}],"up":[{"embeddable":true,"href":"https:\/\/elfsight.com\/pt\/wp-json\/wp\/v2\/pages\/1455"}],"wp:attachment":[{"href":"https:\/\/elfsight.com\/pt\/wp-json\/wp\/v2\/media?parent=7712"}],"curies":[{"name":"wp","href":"https:\/\/api.w.org\/{rel}","templated":true}]}}