{"id":7711,"date":"1970-01-01T00:00:00","date_gmt":"1970-01-01T00:00:00","guid":{"rendered":"https:\/\/elfsight.com\/pt\/?page_id=7711"},"modified":"2025-02-27T10:49:51","modified_gmt":"2025-02-27T10:49:51","slug":"iframe","status":"publish","type":"page","link":"https:\/\/elfsight.com\/pt\/radio-player-widget\/iframe\/","title":{"rendered":"Radio Player &#8211; iFrame"},"content":{"rendered":"\n<div class=\"application-platform-content-item-description application-platform-content-item\" id=\"description\" data-nav-section=\"description\"> <h2>Incorpore o Radio Player no iFrame com o widget Elfsight<\/h2> <p>Elfsight Radio \u00e9 um widget descomplicado que permite reproduzir esta\u00e7\u00f5es de r\u00e1dio diretamente em seu site. O plugin \u00e9 notavelmente modific\u00e1vel: voc\u00ea \u00e9 livre para alterar sua posi\u00e7\u00e3o, coloc\u00e1-lo em qualquer lugar da p\u00e1gina, alterar seu tamanho, fazer sobre o fundo e outros elementos para mistur\u00e1-lo com o layout do seu site, aplicar esquema de cores escuras, mostrar capas e demonstrar ou ocultar tr\u00eas detalhes adicionais do jogador, por exemplo, t\u00edtulo, status e muito mais. Inclua quantas esta\u00e7\u00f5es desejar para entreter seus visitantes, ative a reprodu\u00e7\u00e3o autom\u00e1tica e tenha certeza: seu p\u00fablico n\u00e3o sair\u00e1 da sua p\u00e1gina inicial t\u00e3o cedo!<\/p> <p><b>Ofere\u00e7a ao seu p\u00fablico mais uma fonte de informa\u00e7\u00f5es \u00fateis. e conte\u00fado envolvente usando o Elfsight Radio Player.<\/b><\/p> <\/div> <div class=\"application-platform-content-item-features application-platform-content-item\" id=\"features\" data-nav-section=\"features\"> <h2>O widget inclui recursos pr\u00e1ticos e r\u00e1pidos, veja alguns deles:<\/h2> <ul><li>V\u00e1rias varia\u00e7\u00f5es de cores.<\/li><li>Tema de cores claras\/escuras.<\/li><li>Dois layouts aplic\u00e1veis.<\/li><li>Uma op\u00e7\u00e3o para anexar imagem de fundo.<\/li> <li>Uma quantidade infinita de esta\u00e7\u00f5es.<\/li><\/ul><p><a href=\"#demo\">Experimente esta demonstra\u00e7\u00e3o para ver quanto vale o plugin<\/a><\/p> <\/div> <div class=\"application-platform-content-item-installation application-platform-content-item\" id=\"installation\" data-nav-section=\"installation\"> <h2>Como adiciono o plugin Radio Player ao iFrame?<\/h2> <p>Basta aplicar as instru\u00e7\u00f5es abaixo para adicionar o widget.<\/p> <ol><li> <b>Execute nosso configurador gratuito e comece a moldar seu instrumento personalizado.<\/b><br> Escolha a forma e os par\u00e2metros adequados do widget e salve as edi\u00e7\u00f5es.<\/li> <li><b>Obtenha o c\u00f3digo individual revelado na caixa dos aplicativos Elfsight.<\/b><br> Quando a cria\u00e7\u00e3o do seu widget pessoal estiver conclu\u00edda, copie o c\u00f3digo individual da janela exibida e salve-o para uso futuro.<\/li> <li><b>Iniciar utiliza\u00e7\u00e3o do plugin de r\u00e1dio no iFrame.<\/b><br> Cole o c\u00f3digo salvo anteriormente em seu site e salve as melhorias.<\/li> <li><b>A instala\u00e7\u00e3o est\u00e1 totalmente realizada.<\/b><br> Visite sua p\u00e1gina para ver como est\u00e1 o funcionamento do widget.<\/li><\/ol> <p>Na condi\u00e7\u00e3o de lidar com d\u00favidas ou encontrar alguma dificuldade, procure assist\u00eancia de nossa equipe de atendimento ao cliente. Nossos especialistas ter\u00e3o prazer em resolver todas as dificuldades que voc\u00ea possa ter com o plugin.<\/p> <div class=\"faq\" data-component=\"FAQ\"><div class=\"faq-item\">\r\n\t\t\t\t\t<div class=\"faq-item-question\">\r\n\t\t\t\t\t\t<h3 class=\"faq-item-question-text\">Como posso incorporar um widget Radio Player em meu site via iFrame sem habilidades de codifica\u00e7\u00e3o?<\/h3>\r\n\r\n\t\t\t\t\t\t<div class=\"faq-item-question-icon\"><\/div>\r\n\t\t\t\t\t<\/div>\r\n\r\n\t\t\t\t\t<div class=\"faq-item-answer\">\r\n\t\t\t\t\t\t<div class=\"faq-item-answer-text\"><p> A Elfsight fornece uma solu\u00e7\u00e3o baseada em nuvem que permite aos usu\u00e1rios estabelecerem eles pr\u00f3prios um widget Radio Player. Veja como o processo \u00e9 simples:<\/p><ul><li>Acesse o Editor on-line para criar uma se\u00e7\u00e3o de widget do Radio Player que voc\u00ea gostaria de incorporar ao seu site usando iFrame.<\/li><li>Escolha um dos nossos modelos pr\u00e9-projetados e defina as configura\u00e7\u00f5es do widget Radio Player, ajuste o layout e o esquema de cores e inclua seu conte\u00fado sem a necessidade de codifica\u00e7\u00e3o.<\/li><li>Salve as configura\u00e7\u00f5es que voc\u00ea adaptou para o widget Radio Player e adquira o c\u00f3digo para incorpora\u00e7\u00e3o, que pode ser facilmente inserido em seu site via iFrame, sem nenhum custo.<\/li><\/ul><p>Ao usar o editor amig\u00e1vel, qualquer usu\u00e1rio da Internet pode criar uma se\u00e7\u00e3o de widget do Radio Player e adicionar no seu site via iFrame. N\u00e3o h\u00e1 exig\u00eancia de pagamento ou de divulga\u00e7\u00e3o dos dados do seu cart\u00e3o para acessar o Editor Elfsight. Se voc\u00ea encontrar algum desafio em qualquer est\u00e1gio, n\u00e3o hesite em entrar em contato com nosso suporte ao cliente para obter assist\u00eancia.<\/p><\/div>\r\n\t\t\t\t\t<\/div>\r\n\t\t\t\t<\/div><\/div>\n<\/div>\n","protected":false},"excerpt":{"rendered":"","protected":false},"author":9,"featured_media":0,"parent":1455,"menu_order":0,"comment_status":"closed","ping_status":"closed","template":"templates\/template-application-platform.php","meta":{"publish_to_discourse":"","publish_post_category":"","wpdc_auto_publish_overridden":"","wpdc_topic_tags":"","wpdc_pin_topic":"","wpdc_pin_until":"","discourse_post_id":"","discourse_permalink":"","wpdc_publishing_response":"","wpdc_publishing_error":"","footnotes":""},"class_list":["post-7711","page","type-page","status-publish","hentry"],"yoast_head":"<!-- This site is optimized with the Yoast SEO plugin v25.3.1 - https:\/\/yoast.com\/wordpress\/plugins\/seo\/ -->\n<title>Widget Radio Player para site iFrame (gratuito e f\u00e1cil)<\/title>\n<meta name=\"description\" content=\"Integre um bot\u00e3o Radio Player responsivo em sua p\u00e1gina da web iFrame. Use nossa demonstra\u00e7\u00e3o conveniente e gere seu plugin facilmente!\" \/>\n<meta name=\"robots\" content=\"index, follow, max-snippet:-1, max-image-preview:large, max-video-preview:-1\" \/>\n<link rel=\"canonical\" href=\"https:\/\/elfsight.com\/pt\/radio-player-widget\/iframe\/\" \/>\n<meta property=\"og:locale\" content=\"pt_PT\" \/>\n<meta property=\"og:type\" content=\"article\" \/>\n<meta property=\"og:title\" content=\"Widget Radio Player para site iFrame (gratuito e f\u00e1cil)\" \/>\n<meta property=\"og:description\" content=\"Integre um bot\u00e3o Radio Player responsivo em sua p\u00e1gina da web iFrame. Use nossa demonstra\u00e7\u00e3o conveniente e gere seu plugin facilmente!\" \/>\n<meta property=\"og:url\" content=\"https:\/\/elfsight.com\/pt\/radio-player-widget\/iframe\/\" \/>\n<meta property=\"og:site_name\" content=\"Elfsight PT\" \/>\n<meta property=\"article:modified_time\" content=\"2025-02-27T10:49:51+00:00\" \/>\n<meta name=\"twitter:card\" content=\"summary_large_image\" \/>\n<meta name=\"twitter:label1\" content=\"Tempo estimado de leitura\" \/>\n\t<meta name=\"twitter:data1\" content=\"3 minutos\" \/>\n<!-- \/ Yoast SEO plugin. -->","yoast_head_json":{"title":"Widget Radio Player para site iFrame (gratuito e f\u00e1cil)","description":"Integre um bot\u00e3o Radio Player responsivo em sua p\u00e1gina da web iFrame. Use nossa demonstra\u00e7\u00e3o conveniente e gere seu plugin facilmente!","robots":{"index":"index","follow":"follow","max-snippet":"max-snippet:-1","max-image-preview":"max-image-preview:large","max-video-preview":"max-video-preview:-1"},"canonical":"https:\/\/elfsight.com\/pt\/radio-player-widget\/iframe\/","og_locale":"pt_PT","og_type":"article","og_title":"Widget Radio Player para site iFrame (gratuito e f\u00e1cil)","og_description":"Integre um bot\u00e3o Radio Player responsivo em sua p\u00e1gina da web iFrame. Use nossa demonstra\u00e7\u00e3o conveniente e gere seu plugin facilmente!","og_url":"https:\/\/elfsight.com\/pt\/radio-player-widget\/iframe\/","og_site_name":"Elfsight PT","article_modified_time":"2025-02-27T10:49:51+00:00","twitter_card":"summary_large_image","twitter_misc":{"Tempo estimado de leitura":"3 minutos"},"schema":{"@context":"https:\/\/schema.org","@graph":[{"@type":"WebPage","@id":"https:\/\/elfsight.com\/pt\/radio-player-widget\/iframe\/","url":"https:\/\/elfsight.com\/pt\/radio-player-widget\/iframe\/","name":"Widget Radio Player para site iFrame (gratuito e f\u00e1cil)","isPartOf":{"@id":"https:\/\/elfsight.com\/pt\/#website"},"datePublished":"1970-01-01T00:00:00+00:00","dateModified":"2025-02-27T10:49:51+00:00","description":"Integre um bot\u00e3o Radio Player responsivo em sua p\u00e1gina da web iFrame. Use nossa demonstra\u00e7\u00e3o conveniente e gere seu plugin facilmente!","breadcrumb":{"@id":"https:\/\/elfsight.com\/pt\/radio-player-widget\/iframe\/#breadcrumb"},"inLanguage":"pt-PT","potentialAction":[{"@type":"ReadAction","target":["https:\/\/elfsight.com\/pt\/radio-player-widget\/iframe\/"]}]},{"@type":"BreadcrumbList","@id":"https:\/\/elfsight.com\/pt\/radio-player-widget\/iframe\/#breadcrumb","itemListElement":[{"@type":"ListItem","position":1,"name":"Home","item":"https:\/\/elfsight.com\/pt\/"},{"@type":"ListItem","position":2,"name":"Radio Player","item":"https:\/\/elfsight.com\/pt\/radio-player-widget\/"},{"@type":"ListItem","position":3,"name":"Radio Player &#8211; iFrame"}]},{"@type":"WebSite","@id":"https:\/\/elfsight.com\/pt\/#website","url":"https:\/\/elfsight.com\/pt\/","name":"Elfsight PT","description":"Just another Elfsight Sites site","potentialAction":[{"@type":"SearchAction","target":{"@type":"EntryPoint","urlTemplate":"https:\/\/elfsight.com\/pt\/?s={search_term_string}"},"query-input":{"@type":"PropertyValueSpecification","valueRequired":true,"valueName":"search_term_string"}}],"inLanguage":"pt-PT"}]}},"meta_box":{"industry":"","seo_heading":"","heading":"","description":"","cta_heading":"","cta_description":"","application":"1454","h1":"Widget do reprodutor de r\u00e1dio iFrame","h1_caption":"Intercale suas op\u00e7\u00f5es de conte\u00fado e destaque-se na multid\u00e3o","application_category":[],"applications_title":"","applications_request_title":"","applications_request_button_text":"","hero_text":"","hero_video":"","hero_video_schema_markup":"","selling_points_title":"","selling_points_caption":"","selling_points":[],"selling_points_cta_text":"","features_title":"","features":"","ed_cta_examples_text":"","ed_cta_examples_hidden":"","ed_cta_demo_text":"","ed_cta_demo_hidden":"","why_caption":"","why_editor_title":"","why_editor_text":"","why_team_title":"","why_team_text":"","why_service_title":"","why_service_text":"","template_catalog_visible":"0","template_catalog_title":"","template_catalog_text":"","template_catalog_categories_visible":"","demo_title":"Crie seu widget Radio Player","demo_caption":"Configure seu Radio Player e adicione-o ao seu site iFrame gratuitamente!","default_faq_hidden":"","app_template_category":[],"platform":"4911","template_public_id":"","codecanyon_url":"","codecanyon_item_id":"","codecanyon_price":"","pricing_caption":"","pricing_elfsight_apps_hide_column":"","pricing_elfsight_apps_url":"","pricing_codecanyon_price_caption":"","integration_category":[],"integration_request_title":"","integration_request_cta":"","integration_platform":"","integrations":[],"platform_category":[],"video_schema_markup":"","price":"a partir de US$ 0\/m\u00eas","trial":"","benefits":[{"text":"Ajuda de instala\u00e7\u00e3o gratuita"},{"text":"Atendimento ao cliente competente"},{"text":"Garantia de reembolso de 14 dias"},{"text":"Futuras atualiza\u00e7\u00f5es gratuitas"}],"button_url":"#demo","button_target_blank":"0","button_nofollow":"0","attributes":[{"name":"Instala\u00e7\u00f5es","content":"10,000 - 100,000"},{"name":"Responsivo","content":"Sim"},{"name":"Navegadores compat\u00edveis","content":"Firefox, Safari, Opera, Chrome, Edge"}],"tags":[],"tags_disable_links":"0","hide_more_platforms":"0","video_object":"","demo_hide_cta":"0","demo_hide_cloud_options":"0","pricing_title":"","pricing":[{"pricing_icon":"platform","pricing_title":"Elfsight Apps","pricing_title_caption":"Software multiplataforma que se adapta a qualquer site","pricing_price":"a partir de US$ 0\/m\u00eas","pricing_price_caption":"comece com plano gratuito","pricing_benefits":[{"text":"Sites ilimitados"},{"text":"Suporte premium"},{"text":"Suporte premium"},{"text":"Oferta especial para v\u00e1rios aplicativos"}],"pricing_button_text":"Adicionar ao site","pricing_button_url":"#demo"}],"related_apps_title":"","related_apps_hidden":"0","author":"","image":[],"title":"","job":"","social_networks":[]},"_links":{"self":[{"href":"https:\/\/elfsight.com\/pt\/wp-json\/wp\/v2\/pages\/7711","targetHints":{"allow":["GET"]}}],"collection":[{"href":"https:\/\/elfsight.com\/pt\/wp-json\/wp\/v2\/pages"}],"about":[{"href":"https:\/\/elfsight.com\/pt\/wp-json\/wp\/v2\/types\/page"}],"author":[{"embeddable":true,"href":"https:\/\/elfsight.com\/pt\/wp-json\/wp\/v2\/users\/9"}],"replies":[{"embeddable":true,"href":"https:\/\/elfsight.com\/pt\/wp-json\/wp\/v2\/comments?post=7711"}],"version-history":[{"count":2,"href":"https:\/\/elfsight.com\/pt\/wp-json\/wp\/v2\/pages\/7711\/revisions"}],"predecessor-version":[{"id":14045,"href":"https:\/\/elfsight.com\/pt\/wp-json\/wp\/v2\/pages\/7711\/revisions\/14045"}],"up":[{"embeddable":true,"href":"https:\/\/elfsight.com\/pt\/wp-json\/wp\/v2\/pages\/1455"}],"wp:attachment":[{"href":"https:\/\/elfsight.com\/pt\/wp-json\/wp\/v2\/media?parent=7711"}],"curies":[{"name":"wp","href":"https:\/\/api.w.org\/{rel}","templated":true}]}}