{"id":7703,"date":"1970-01-01T00:00:00","date_gmt":"1970-01-01T00:00:00","guid":{"rendered":"https:\/\/elfsight.com\/pt\/?page_id=7703"},"modified":"2024-11-13T11:32:38","modified_gmt":"2024-11-13T11:32:38","slug":"opencart","status":"publish","type":"page","link":"https:\/\/elfsight.com\/pt\/radio-player-widget\/opencart\/","title":{"rendered":"Radio Player &#8211; OpenCart"},"content":{"rendered":"<div class=\"application-platform-content-item-description application-platform-content-item\" id=\"description\" data-nav-section=\"description\"> <h2>Descri\u00e7\u00e3o<\/h2> <p>Elfsight Radio \u00e9 uma extens\u00e3o simples que permite reproduzir esta\u00e7\u00f5es de r\u00e1dio no seu site. O m\u00f3dulo \u00e9 totalmente customiz\u00e1vel: voc\u00ea pode alterar sua posi\u00e7\u00e3o, incorpor\u00e1-lo em qualquer lugar da p\u00e1gina, dimensionar seu tamanho, repintar o fundo e todas as outras partes para combin\u00e1-lo com o estilo do seu site, empregar esquema de cores escuras, mostrar capas e mostrar ou ocultar tr\u00eas outros componentes do jogador, como t\u00edtulo, status e outros. Adicione quantas esta\u00e7\u00f5es voc\u00ea precisar para encantar seus usu\u00e1rios, ative a reprodu\u00e7\u00e3o autom\u00e1tica e tenha certeza &#8211; seus visitantes n\u00e3o sair\u00e3o de sua p\u00e1gina da web imediatamente!<\/p><p><b>Equipe seu p\u00fablico com mais uma fonte de conte\u00fado \u00fatil. e conte\u00fado de entretenimento que emprega a extens\u00e3o Radio Player.<\/b><\/p> <\/div> <div class=\"application-platform-content-item-features application-platform-content-item\" id=\"features\" data-nav-section=\"features\"> <h2>Aqui est\u00e3o os recursos fundamentais da extens\u00e3o:<\/h2> <ul><li>V\u00e1rios varia\u00e7\u00f5es de cores.<\/li><li>Tema de cores claras\/escuras.<\/li><li>Dois layouts prontos para uso.<\/li><li>Possibilidade de anexar imagem de fundo.<\/li><li>Adject n\u00famero infinito de esta\u00e7\u00f5es.<\/li><\/ul><p><a href=\"#demo\">Explore todos os recursos de personaliza\u00e7\u00e3o em uma demonstra\u00e7\u00e3o completa<\/a><\/p> <\/div> <div class=\"application-platform-content-item-instala\u00e7\u00e3o application-platform-content-item\" id=\"instala\u00e7\u00e3o\" data-nav-section=\"instala\u00e7\u00e3o\"> <h2>Como adicionar o Radio Player ao meu site OpenCart?<\/h2> <p>Basta seguir os passos descritos abaixo para ativar o m\u00f3dulo.<\/p> <ol><li><b>Iniciar nosso editor gratuito e comece a formar sua extens\u00e3o personalizada. <\/b><br> Escolha o arranjo e as op\u00e7\u00f5es desej\u00e1veis \u200b\u200bda extens\u00e3o e aplique todas as modifica\u00e7\u00f5es. <\/li> <li><b>Receba o seu c\u00f3digo individual mostrado na janela das aplica\u00e7\u00f5es Elfsight. <\/b><br> Logo ap\u00f3s a conclus\u00e3o do estabelecimento de sua extens\u00e3o, copie seu c\u00f3digo no pop-up exibido e guarde-o para uso posterior. <\/li> <li><b>Iniciar a utiliza\u00e7\u00e3o da extens\u00e3o no site OpenCart. <\/b><br> Integre o c\u00f3digo copiado anteriormente em seu site e salve os ajustes. <\/li> <li><b>Pronto! A incorpora\u00e7\u00e3o est\u00e1 totalmente realizada. <\/b><br> Acesse seu site para examinar o desempenho da extens\u00e3o. <\/li><\/ol><p>Na condi\u00e7\u00e3o de enfrentar d\u00favidas ou enfrentar alguns obst\u00e1culos, n\u00e3o tenha medo de entrar em contato com nossa equipe de suporte. Nosso pessoal deseja resolver todos os problemas que voc\u00ea possa ter com a ferramenta.<\/p> <\/div>","protected":false},"excerpt":{"rendered":"","protected":false},"author":9,"featured_media":0,"parent":1455,"menu_order":0,"comment_status":"closed","ping_status":"closed","template":"templates\/template-application-platform.php","meta":{"publish_to_discourse":"","publish_post_category":"","wpdc_auto_publish_overridden":"","wpdc_topic_tags":"","wpdc_pin_topic":"","wpdc_pin_until":"","discourse_post_id":"","discourse_permalink":"","wpdc_publishing_response":"","wpdc_publishing_error":"","footnotes":""},"class_list":["post-7703","page","type-page","status-publish","hentry"],"yoast_head":"<!-- This site is optimized with the Yoast SEO plugin v25.3.1 - https:\/\/yoast.com\/wordpress\/plugins\/seo\/ -->\n<title>Elfsight Radio Player para sites OpenCart (gratuito e f\u00e1cil}<\/title>\n<meta name=\"description\" content=\"Introduza uma extens\u00e3o responsiva do Radio Player em seu site. Aplique nossa demonstra\u00e7\u00e3o conveniente e construa sua ferramenta com apenas alguns cliques!\" \/>\n<meta name=\"robots\" content=\"index, follow, max-snippet:-1, max-image-preview:large, max-video-preview:-1\" \/>\n<link rel=\"canonical\" href=\"https:\/\/elfsight.com\/pt\/radio-player-widget\/opencart\/\" \/>\n<meta property=\"og:locale\" content=\"pt_PT\" \/>\n<meta property=\"og:type\" content=\"article\" \/>\n<meta property=\"og:title\" content=\"Elfsight Radio Player para sites OpenCart (gratuito e f\u00e1cil}\" \/>\n<meta property=\"og:description\" content=\"Introduza uma extens\u00e3o responsiva do Radio Player em seu site. Aplique nossa demonstra\u00e7\u00e3o conveniente e construa sua ferramenta com apenas alguns cliques!\" \/>\n<meta property=\"og:url\" content=\"https:\/\/elfsight.com\/pt\/radio-player-widget\/opencart\/\" \/>\n<meta property=\"og:site_name\" content=\"Elfsight PT\" \/>\n<meta property=\"article:modified_time\" content=\"2024-11-13T11:32:38+00:00\" \/>\n<meta name=\"twitter:card\" content=\"summary_large_image\" \/>\n<meta name=\"twitter:label1\" content=\"Tempo estimado de leitura\" \/>\n\t<meta name=\"twitter:data1\" content=\"2 minutos\" \/>\n<!-- \/ Yoast SEO plugin. -->","yoast_head_json":{"title":"Elfsight Radio Player para sites OpenCart (gratuito e f\u00e1cil}","description":"Introduza uma extens\u00e3o responsiva do Radio Player em seu site. Aplique nossa demonstra\u00e7\u00e3o conveniente e construa sua ferramenta com apenas alguns cliques!","robots":{"index":"index","follow":"follow","max-snippet":"max-snippet:-1","max-image-preview":"max-image-preview:large","max-video-preview":"max-video-preview:-1"},"canonical":"https:\/\/elfsight.com\/pt\/radio-player-widget\/opencart\/","og_locale":"pt_PT","og_type":"article","og_title":"Elfsight Radio Player para sites OpenCart (gratuito e f\u00e1cil}","og_description":"Introduza uma extens\u00e3o responsiva do Radio Player em seu site. Aplique nossa demonstra\u00e7\u00e3o conveniente e construa sua ferramenta com apenas alguns cliques!","og_url":"https:\/\/elfsight.com\/pt\/radio-player-widget\/opencart\/","og_site_name":"Elfsight PT","article_modified_time":"2024-11-13T11:32:38+00:00","twitter_card":"summary_large_image","twitter_misc":{"Tempo estimado de leitura":"2 minutos"},"schema":{"@context":"https:\/\/schema.org","@graph":[{"@type":"WebPage","@id":"https:\/\/elfsight.com\/pt\/radio-player-widget\/opencart\/","url":"https:\/\/elfsight.com\/pt\/radio-player-widget\/opencart\/","name":"Elfsight Radio Player para sites OpenCart (gratuito e f\u00e1cil}","isPartOf":{"@id":"https:\/\/elfsight.com\/pt\/#website"},"datePublished":"1970-01-01T00:00:00+00:00","dateModified":"2024-11-13T11:32:38+00:00","description":"Introduza uma extens\u00e3o responsiva do Radio Player em seu site. Aplique nossa demonstra\u00e7\u00e3o conveniente e construa sua ferramenta com apenas alguns cliques!","breadcrumb":{"@id":"https:\/\/elfsight.com\/pt\/radio-player-widget\/opencart\/#breadcrumb"},"inLanguage":"pt-PT","potentialAction":[{"@type":"ReadAction","target":["https:\/\/elfsight.com\/pt\/radio-player-widget\/opencart\/"]}]},{"@type":"BreadcrumbList","@id":"https:\/\/elfsight.com\/pt\/radio-player-widget\/opencart\/#breadcrumb","itemListElement":[{"@type":"ListItem","position":1,"name":"Home","item":"https:\/\/elfsight.com\/pt\/"},{"@type":"ListItem","position":2,"name":"Radio Player","item":"https:\/\/elfsight.com\/pt\/radio-player-widget\/"},{"@type":"ListItem","position":3,"name":"Radio Player &#8211; OpenCart"}]},{"@type":"WebSite","@id":"https:\/\/elfsight.com\/pt\/#website","url":"https:\/\/elfsight.com\/pt\/","name":"Elfsight PT","description":"Just another Elfsight Sites site","potentialAction":[{"@type":"SearchAction","target":{"@type":"EntryPoint","urlTemplate":"https:\/\/elfsight.com\/pt\/?s={search_term_string}"},"query-input":{"@type":"PropertyValueSpecification","valueRequired":true,"valueName":"search_term_string"}}],"inLanguage":"pt-PT"}]}},"meta_box":{"industry":"","seo_heading":"","heading":"","description":"","cta_heading":"","cta_description":"","application":"1454","h1":"Extens\u00e3o OpenCart Radio Player","h1_caption":"Diversifique suas variantes de conte\u00fado e destaque-se na multid\u00e3o","application_category":[],"applications_title":"","applications_request_title":"","applications_request_button_text":"","hero_text":"","hero_video":"","hero_video_schema_markup":"","selling_points_title":"","selling_points_caption":"","selling_points":[],"selling_points_cta_text":"","features_title":"","features":"","ed_cta_examples_text":"","ed_cta_examples_hidden":"","ed_cta_demo_text":"","ed_cta_demo_hidden":"","why_caption":"","why_editor_title":"","why_editor_text":"","why_team_title":"","why_team_text":"","why_service_title":"","why_service_text":"","template_catalog_visible":"","template_catalog_title":"","template_catalog_text":"","template_catalog_categories_visible":"","demo_title":"Crie sua extens\u00e3o Radio Player","demo_caption":"Configure seu Radio Player e adicione-o ao seu site OpenCart gratuitamente!","default_faq_hidden":"","app_template_category":[],"platform":"61","template_public_id":"","codecanyon_url":"","codecanyon_item_id":"","codecanyon_price":"","pricing_caption":"","pricing_elfsight_apps_hide_column":"","pricing_elfsight_apps_url":"","pricing_codecanyon_price_caption":"","integration_category":[],"integration_request_title":"","integration_request_cta":"","integration_platform":"","integrations":[],"platform_category":[],"video_schema_markup":"","price":"a partir de US$ 0\/m\u00eas","trial":"","benefits":[{"text":"Assist\u00eancia de instala\u00e7\u00e3o gratuita"},{"text":"Atendimento ao cliente eficaz"},{"text":"Garantia de reembolso de 14 dias"},{"text":"Atualiza\u00e7\u00f5es cont\u00ednuas"}],"button_url":"#demo","button_target_blank":"","button_nofollow":"","attributes":[{"name":"Instala\u00e7\u00f5es","content":"10,000 - 100,000"},{"name":"Responsivo","content":"Sim"},{"name":"Navegadores compat\u00edveis","content":"Chrome, Firefox, Opera, Edge, Safari"}],"tags":[],"tags_disable_links":"","hide_more_platforms":"","video_object":"","demo_hide_cta":"","demo_hide_cloud_options":"","pricing_title":"","pricing":[{"pricing_icon":"platform","pricing_title":"Elfsight Apps","pricing_title_caption":"Solu\u00e7\u00e3o digital multiplataforma","pricing_price":"a partir de US$ 0\/m\u00eas","pricing_price_caption":"comece com plano gratuito","pricing_benefits":[{"text":"Dom\u00ednios ilimitados"},{"text":"Suporte r\u00e1pido e pontual"},{"text":"Suporte r\u00e1pido e pontual"},{"text":"Design flex\u00edvel"}],"pricing_button_text":"Adicionar ao site","pricing_button_url":"#demo"}],"related_apps_title":"","related_apps_hidden":"","author":"","image":[],"title":"","job":"","social_networks":[]},"_links":{"self":[{"href":"https:\/\/elfsight.com\/pt\/wp-json\/wp\/v2\/pages\/7703","targetHints":{"allow":["GET"]}}],"collection":[{"href":"https:\/\/elfsight.com\/pt\/wp-json\/wp\/v2\/pages"}],"about":[{"href":"https:\/\/elfsight.com\/pt\/wp-json\/wp\/v2\/types\/page"}],"author":[{"embeddable":true,"href":"https:\/\/elfsight.com\/pt\/wp-json\/wp\/v2\/users\/9"}],"replies":[{"embeddable":true,"href":"https:\/\/elfsight.com\/pt\/wp-json\/wp\/v2\/comments?post=7703"}],"version-history":[{"count":1,"href":"https:\/\/elfsight.com\/pt\/wp-json\/wp\/v2\/pages\/7703\/revisions"}],"predecessor-version":[{"id":7707,"href":"https:\/\/elfsight.com\/pt\/wp-json\/wp\/v2\/pages\/7703\/revisions\/7707"}],"up":[{"embeddable":true,"href":"https:\/\/elfsight.com\/pt\/wp-json\/wp\/v2\/pages\/1455"}],"wp:attachment":[{"href":"https:\/\/elfsight.com\/pt\/wp-json\/wp\/v2\/media?parent=7703"}],"curies":[{"name":"wp","href":"https:\/\/api.w.org\/{rel}","templated":true}]}}