{"id":7698,"date":"1970-01-01T00:00:00","date_gmt":"1970-01-01T00:00:00","guid":{"rendered":"https:\/\/elfsight.com\/pt\/?page_id=7698"},"modified":"2025-02-27T10:54:27","modified_gmt":"2025-02-27T10:54:27","slug":"shopify","status":"publish","type":"page","link":"https:\/\/elfsight.com\/pt\/radio-player-widget\/shopify\/","title":{"rendered":"Radio Player &#8211; Shopify"},"content":{"rendered":"\n<div class=\"application-platform-content-item-description application-platform-content-item\" id=\"description\" data-nav-section=\"description\"> <h2>Incorpore o Radio Player no Shopify com o widget Elfsight<\/h2> <p>Elfsight Radio \u00e9 um aplicativo simples que permite transmitir esta\u00e7\u00f5es de r\u00e1dio diretamente em seu site. O aplicativo \u00e9 altamente personaliz\u00e1vel: voc\u00ea pode alterar seu posicionamento, posicionando-o em qualquer lugar da p\u00e1gina, alterar seu tamanho, recolorir o fundo e outros elementos para combin\u00e1-lo com o layout do seu site, usar esquema de cores escuras, exibir imagens e mostrar ou ocultar tr\u00eas outras partes do jogador, por exemplo, t\u00edtulo, status e muito mais. Voc\u00ea pode enviar quantas esta\u00e7\u00f5es precisar para entreter seus usu\u00e1rios, ative a reprodu\u00e7\u00e3o autom\u00e1tica e tenha certeza &#8211; seus visitantes n\u00e3o sair\u00e3o do seu site imediatamente!<\/p> <p><b>Forne\u00e7a aos seus visitantes mais uma fonte de conte\u00fado \u00fatil e envolvente por meio do Radio Player<\/b><\/p> <\/div> <div class=\"application-platform-content-item-features application-platform-content-item\" id=\"features\" data-nav-section=\"features\"> <h2>Estes s\u00e3o apenas alguns dos v\u00e1rios recursos do aplicativo:<\/h2> <ul><li>Numerosas varia\u00e7\u00f5es de cores.<\/li><li>Tema de cores claras\/escuras.<\/li><li>Dois layouts aplic\u00e1veis.<\/li><li>Uma oportunidade de usar a imagem de fundo.<\/li><li>Adicione uma quantidade infinita de esta\u00e7\u00f5es.<\/li><\/ul><p><a href=\"#demo\">Voc\u00ea pode ver quando o aplicativo oferece usando a demonstra\u00e7\u00e3o<\/a><\/p> <\/div> <div class=\"application-platform-content-item-installation application-platform-content-item\" id=\"installation\" data-nav-section=\"installation\"> <h2>Como incorporar o Radio Player ao meu site do Shopify?<\/h2><div class=\"video-container\"><iframe width=\"720\" height=\"405\" src=\"https:\/\/www.youtube.com\/embed\/XBI3KIu9iHI\" frameborder=\"0\" allowfullscreen=\"\"><\/iframe><\/div><p>Basta seguir as orienta\u00e7\u00f5es abaixo para inserir o aplicativo.<\/p> <ol><li><b>Execute nosso editor gratuito e comece a criar seu aplicativo personalizado. <\/b><br> Escolha a apar\u00eancia e os par\u00e2metros preferidos do aplicativo e salve todas as corre\u00e7\u00f5es. <\/li> <li><b>Obtenha seu c\u00f3digo exclusivo revelado na janela dos aplicativos Elfsight. <\/b><br> Logo ap\u00f3s o t\u00e9rmino da gera\u00e7\u00e3o do seu aplicativo, copie o c\u00f3digo pessoal na caixa que surgiu e guarde-o para uso posterior. <\/li> <li><b>Iniciar o uso do aplicativo no site da Shopify. <\/b><br> Adicione o c\u00f3digo copiado anteriormente em sua p\u00e1gina e salve as modifica\u00e7\u00f5es. <\/li> <li><b>Pronto! A incorpora\u00e7\u00e3o foi realizada com sucesso. <\/b><br> Acesse sua p\u00e1gina da web para ver como o aplicativo funciona. <\/li><\/ol><p>Na condi\u00e7\u00e3o de enfrentar d\u00favidas ou dificuldades, n\u00e3o tenha medo de entrar em contato com nossa equipe de atendimento ao cliente. Nossos especialistas ter\u00e3o prazer em ajud\u00e1-lo com todas as dificuldades que voc\u00ea possa ter com o widget. <\/p> <div class=\"faq\" data-component=\"FAQ\"><div class=\"faq-item\">\r\n\t\t\t\t\t<div class=\"faq-item-question\">\r\n\t\t\t\t\t\t<h3 class=\"faq-item-question-text\">Como posso incorporar um reprodutor de r\u00e1dio no Shopify sem conhecimentos de codifica\u00e7\u00e3o?<\/h3>\r\n\r\n\t\t\t\t\t\t<div class=\"faq-item-question-icon\"><\/div>\r\n\t\t\t\t\t<\/div>\r\n\r\n\t\t\t\t\t<div class=\"faq-item-answer\">\r\n\t\t\t\t\t\t<div class=\"faq-item-answer-text\"><p>A Elfsight oferece uma solu\u00e7\u00e3o baseada na nuvem que permite aos usu\u00e1rios criarem um reprodutor de r\u00e1dio para o Shopify por conta pr\u00f3pria . Explore como o processo pode ser simples:<\/p><ul><li>Acesse o Editor on-line para gerar uma se\u00e7\u00e3o do Radio Player que voc\u00ea gostaria de integrar \u00e0 sua loja Shopify.<\/li><li>Escolha uma das op\u00e7\u00f5es nossos modelos pr\u00e9-concebidos e personalize as configura\u00e7\u00f5es do Radio Player, ajustando o layout e o esquema de cores, e incluindo seu conte\u00fado sem qualquer necessidade de codifica\u00e7\u00e3o.<\/li><li>Salve as configura\u00e7\u00f5es que voc\u00ea configurou para o Radio Player e obtenha o c\u00f3digo para incorpora\u00e7\u00e3o, que pode ser facilmente adicionado \u00e0 sua loja Shopify sem nenhum custo.<\/li><\/ul><p>Ao trabalhar no editor f\u00e1cil de usar, qualquer usu\u00e1rio da Internet pode criar uma se\u00e7\u00e3o do Radio Player e incorpor\u00e1-la ao sua loja Shopify. N\u00e3o h\u00e1 exig\u00eancia de pagamento ou divulga\u00e7\u00e3o dos dados do seu cart\u00e3o para acessar o Editor Elfsight. Se voc\u00ea encontrar alguma dificuldade em qualquer est\u00e1gio, sinta-se \u00e0 vontade para entrar em contato com nosso suporte ao cliente.<\/p><\/div>\r\n\t\t\t\t\t<\/div>\r\n\t\t\t\t<\/div><\/div><\/div>\n","protected":false},"excerpt":{"rendered":"","protected":false},"author":9,"featured_media":0,"parent":1455,"menu_order":0,"comment_status":"closed","ping_status":"closed","template":"templates\/template-application-platform.php","meta":{"publish_to_discourse":"","publish_post_category":"","wpdc_auto_publish_overridden":"","wpdc_topic_tags":"","wpdc_pin_topic":"","wpdc_pin_until":"","discourse_post_id":"","discourse_permalink":"","wpdc_publishing_response":"","wpdc_publishing_error":"","footnotes":""},"class_list":["post-7698","page","type-page","status-publish","hentry"],"yoast_head":"<!-- This site is optimized with the Yoast SEO plugin v25.3.1 - https:\/\/yoast.com\/wordpress\/plugins\/seo\/ -->\n<title>Elfsight Radio Player para sites Shopify (gratuito e r\u00e1pido)<\/title>\n<meta name=\"description\" content=\"Adicione um aplicativo Radio Player responsivo \u00e0 sua p\u00e1gina inicial. Aplique nossa pr\u00e1tica demonstra\u00e7\u00e3o e construa sua ferramenta com apenas alguns cliques!\" \/>\n<meta name=\"robots\" content=\"index, follow, max-snippet:-1, max-image-preview:large, max-video-preview:-1\" \/>\n<link rel=\"canonical\" href=\"https:\/\/elfsight.com\/pt\/radio-player-widget\/shopify\/\" \/>\n<meta property=\"og:locale\" content=\"pt_PT\" \/>\n<meta property=\"og:type\" content=\"article\" \/>\n<meta property=\"og:title\" content=\"Elfsight Radio Player para sites Shopify (gratuito e r\u00e1pido)\" \/>\n<meta property=\"og:description\" content=\"Adicione um aplicativo Radio Player responsivo \u00e0 sua p\u00e1gina inicial. Aplique nossa pr\u00e1tica demonstra\u00e7\u00e3o e construa sua ferramenta com apenas alguns cliques!\" \/>\n<meta property=\"og:url\" content=\"https:\/\/elfsight.com\/pt\/radio-player-widget\/shopify\/\" \/>\n<meta property=\"og:site_name\" content=\"Elfsight PT\" \/>\n<meta property=\"article:modified_time\" content=\"2025-02-27T10:54:27+00:00\" \/>\n<meta name=\"twitter:card\" content=\"summary_large_image\" \/>\n<meta name=\"twitter:label1\" content=\"Tempo estimado de leitura\" \/>\n\t<meta name=\"twitter:data1\" content=\"3 minutos\" \/>\n<!-- \/ Yoast SEO plugin. -->","yoast_head_json":{"title":"Elfsight Radio Player para sites Shopify (gratuito e r\u00e1pido)","description":"Adicione um aplicativo Radio Player responsivo \u00e0 sua p\u00e1gina inicial. Aplique nossa pr\u00e1tica demonstra\u00e7\u00e3o e construa sua ferramenta com apenas alguns cliques!","robots":{"index":"index","follow":"follow","max-snippet":"max-snippet:-1","max-image-preview":"max-image-preview:large","max-video-preview":"max-video-preview:-1"},"canonical":"https:\/\/elfsight.com\/pt\/radio-player-widget\/shopify\/","og_locale":"pt_PT","og_type":"article","og_title":"Elfsight Radio Player para sites Shopify (gratuito e r\u00e1pido)","og_description":"Adicione um aplicativo Radio Player responsivo \u00e0 sua p\u00e1gina inicial. Aplique nossa pr\u00e1tica demonstra\u00e7\u00e3o e construa sua ferramenta com apenas alguns cliques!","og_url":"https:\/\/elfsight.com\/pt\/radio-player-widget\/shopify\/","og_site_name":"Elfsight PT","article_modified_time":"2025-02-27T10:54:27+00:00","twitter_card":"summary_large_image","twitter_misc":{"Tempo estimado de leitura":"3 minutos"},"schema":{"@context":"https:\/\/schema.org","@graph":[{"@type":"WebPage","@id":"https:\/\/elfsight.com\/pt\/radio-player-widget\/shopify\/","url":"https:\/\/elfsight.com\/pt\/radio-player-widget\/shopify\/","name":"Elfsight Radio Player para sites Shopify (gratuito e r\u00e1pido)","isPartOf":{"@id":"https:\/\/elfsight.com\/pt\/#website"},"datePublished":"1970-01-01T00:00:00+00:00","dateModified":"2025-02-27T10:54:27+00:00","description":"Adicione um aplicativo Radio Player responsivo \u00e0 sua p\u00e1gina inicial. Aplique nossa pr\u00e1tica demonstra\u00e7\u00e3o e construa sua ferramenta com apenas alguns cliques!","breadcrumb":{"@id":"https:\/\/elfsight.com\/pt\/radio-player-widget\/shopify\/#breadcrumb"},"inLanguage":"pt-PT","potentialAction":[{"@type":"ReadAction","target":["https:\/\/elfsight.com\/pt\/radio-player-widget\/shopify\/"]}]},{"@type":"BreadcrumbList","@id":"https:\/\/elfsight.com\/pt\/radio-player-widget\/shopify\/#breadcrumb","itemListElement":[{"@type":"ListItem","position":1,"name":"Home","item":"https:\/\/elfsight.com\/pt\/"},{"@type":"ListItem","position":2,"name":"Radio Player","item":"https:\/\/elfsight.com\/pt\/radio-player-widget\/"},{"@type":"ListItem","position":3,"name":"Radio Player &#8211; Shopify"}]},{"@type":"WebSite","@id":"https:\/\/elfsight.com\/pt\/#website","url":"https:\/\/elfsight.com\/pt\/","name":"Elfsight PT","description":"Just another Elfsight Sites site","potentialAction":[{"@type":"SearchAction","target":{"@type":"EntryPoint","urlTemplate":"https:\/\/elfsight.com\/pt\/?s={search_term_string}"},"query-input":{"@type":"PropertyValueSpecification","valueRequired":true,"valueName":"search_term_string"}}],"inLanguage":"pt-PT"}]}},"meta_box":{"industry":"","seo_heading":"","heading":"","description":"","cta_heading":"","cta_description":"","application":"1454","h1":"Aplicativo Shopify Radio Player","h1_caption":"Expanda suas op\u00e7\u00f5es de conte\u00fado e destaque-se de seus concorrentes","application_category":[],"applications_title":"","applications_request_title":"","applications_request_button_text":"","hero_text":"","hero_video":"","hero_video_schema_markup":"","selling_points_title":"","selling_points_caption":"","selling_points":[],"selling_points_cta_text":"","features_title":"","features":"","ed_cta_examples_text":"","ed_cta_examples_hidden":"","ed_cta_demo_text":"","ed_cta_demo_hidden":"","why_caption":"","why_editor_title":"","why_editor_text":"","why_team_title":"","why_team_text":"","why_service_title":"","why_service_text":"","template_catalog_visible":"0","template_catalog_title":"","template_catalog_text":"","template_catalog_categories_visible":"","demo_title":"Crie seu aplicativo Radio Player","demo_caption":"Configure seu Radio Player e adicione-o ao seu site Shopify gratuitamente!","default_faq_hidden":"","app_template_category":[],"platform":"64","template_public_id":"","codecanyon_url":"","codecanyon_item_id":"","codecanyon_price":"","pricing_caption":"","pricing_elfsight_apps_hide_column":"","pricing_elfsight_apps_url":"","pricing_codecanyon_price_caption":"","integration_category":[],"integration_request_title":"","integration_request_cta":"","integration_platform":"","integrations":[],"platform_category":[],"video_schema_markup":"","price":"a partir de US$ 0\/m\u00eas","trial":"","benefits":[{"text":"Servi\u00e7o de instala\u00e7\u00e3o gratuito"},{"text":"Suporte premium"},{"text":"Garantia de devolu\u00e7\u00e3o do dinheiro em 14 dias"},{"text":"Atualiza\u00e7\u00f5es gratuitas cont\u00ednuas"}],"button_url":"#demo","button_target_blank":"0","button_nofollow":"0","attributes":[{"name":"Instala\u00e7\u00f5es","content":"10,000 - 100,000"},{"name":"Responsivo","content":"Sim"},{"name":"Navegadores compat\u00edveis","content":"Firefox, Safari, Opera, Chrome, Edge"}],"tags":[],"tags_disable_links":"0","hide_more_platforms":"0","video_object":"","demo_hide_cta":"0","demo_hide_cloud_options":"0","pricing_title":"","pricing":[{"pricing_icon":"cloud","pricing_title":"Elfsight Apps","pricing_title_caption":"Vers\u00e3o multiplataforma que funciona em qualquer site","pricing_price":"a partir de US$ 0\/m\u00eas","pricing_price_caption":"comece com plano gratuito","pricing_benefits":[{"text":"Sites ilimitados"},{"text":"Suporte premium"},{"text":"Suporte premium"},{"text":"Oferta especial para v\u00e1rios aplicativos"}],"pricing_button_text":"Adicionar ao site","pricing_button_url":"#demo"}],"related_apps_title":"","related_apps_hidden":"0","author":"","image":[],"title":"","job":"","social_networks":[]},"_links":{"self":[{"href":"https:\/\/elfsight.com\/pt\/wp-json\/wp\/v2\/pages\/7698","targetHints":{"allow":["GET"]}}],"collection":[{"href":"https:\/\/elfsight.com\/pt\/wp-json\/wp\/v2\/pages"}],"about":[{"href":"https:\/\/elfsight.com\/pt\/wp-json\/wp\/v2\/types\/page"}],"author":[{"embeddable":true,"href":"https:\/\/elfsight.com\/pt\/wp-json\/wp\/v2\/users\/9"}],"replies":[{"embeddable":true,"href":"https:\/\/elfsight.com\/pt\/wp-json\/wp\/v2\/comments?post=7698"}],"version-history":[{"count":3,"href":"https:\/\/elfsight.com\/pt\/wp-json\/wp\/v2\/pages\/7698\/revisions"}],"predecessor-version":[{"id":14046,"href":"https:\/\/elfsight.com\/pt\/wp-json\/wp\/v2\/pages\/7698\/revisions\/14046"}],"up":[{"embeddable":true,"href":"https:\/\/elfsight.com\/pt\/wp-json\/wp\/v2\/pages\/1455"}],"wp:attachment":[{"href":"https:\/\/elfsight.com\/pt\/wp-json\/wp\/v2\/media?parent=7698"}],"curies":[{"name":"wp","href":"https:\/\/api.w.org\/{rel}","templated":true}]}}