{"id":7696,"date":"1970-01-01T00:00:00","date_gmt":"1970-01-01T00:00:00","guid":{"rendered":"https:\/\/elfsight.com\/pt\/?page_id=7696"},"modified":"2025-02-27T10:58:20","modified_gmt":"2025-02-27T10:58:20","slug":"webflow","status":"publish","type":"page","link":"https:\/\/elfsight.com\/pt\/radio-player-widget\/webflow\/","title":{"rendered":"Radio Player &#8211; Webflow"},"content":{"rendered":"\n<div class=\"application-platform-content-item-description application-platform-content-item\" id=\"description\" data-nav-section=\"description\"> <h2>Incorpore o Radio Player no Webflow com o widget Elfsight<\/h2> <p>O widget Elfsight Radio \u00e9 uma ferramenta simples que permite transmitir r\u00e1dio esta\u00e7\u00f5es nas p\u00e1ginas do seu site. O plugin \u00e9 extremamente ajust\u00e1vel: voc\u00ea pode alterar sua posi\u00e7\u00e3o, configurando-o em qualquer lugar da p\u00e1gina, alterar seu tamanho, fazer sobre o fundo e outras partes para combin\u00e1-lo com o design do seu site, empregar esquema de cores escuras, revelar imagens e demonstrar ou ocultar 3 componentes adicionais do jogador, como t\u00edtulo, status e muito mais. Voc\u00ea pode enviar quantas esta\u00e7\u00f5es desejar para envolver seu p\u00fablico, ativar a op\u00e7\u00e3o de reprodu\u00e7\u00e3o autom\u00e1tica e ter certeza: seus visitantes n\u00e3o sair\u00e3o do seu site imediatamente!<\/p> <p><b>Forne\u00e7a aos seus visitantes uma nova fonte de conte\u00fado \u00fatil e interessante aplicando o Radio Player.<\/b><\/p> <\/div> <div class=\"application-platform-content-item-features application-platform-content-item\" id=\"features\" data-nav-section=\"features\"> <h2>O widget inclui recursos \u00fateis e r\u00e1pidos, veja alguns deles:<\/h2> <ul><li>V\u00e1rias varia\u00e7\u00f5es de cores.<\/li><li>Tema de cores claras\/escuras.<\/li><li>Dois layouts aplic\u00e1veis.<\/li><li>Uma op\u00e7\u00e3o para adicionar imagem de fundo.<\/li><li>Um n\u00famero ilimitado de esta\u00e7\u00f5es.<\/li><\/ul><p><a href=\"#demo\">Voc\u00ea pode explorar como o widget funciona experimentando a demonstra\u00e7\u00e3o<\/a><\/p> <\/div> <div class=\"application-platform-content-item-installation application-platform-content-item\" id=\"installation\" data-nav-section=\"installation\"> <h2>Como posso incorporar o Radio Player em meu site Webflow?<\/h2><div class=\"video-container\"><iframe width=\"720\" height=\"405\" src=\"https:\/\/www.youtube.com\/embed\/SN1x_pYrglc\" frameborder=\"0\" allowfullscreen=\"\"><\/iframe><\/div><p>Basta aplicar as instru\u00e7\u00f5es abaixo para inserir a ferramenta.<\/p> <ol><li><b>Use nosso configurador gratuito e comece a formar seu widget personalizado.<\/b><br> Especifique o layout preferido e as especifica\u00e7\u00f5es do plugin e salve as edi\u00e7\u00f5es.<\/li> <li><b>Receba o seu c\u00f3digo exclusivo revelado na janela das aplica\u00e7\u00f5es Elfsight.<\/b><br> Logo ap\u00f3s terminar a personaliza\u00e7\u00e3o da sua ferramenta pessoal, copie o c\u00f3digo exclusivo do pop-up que aparece e guarde-o para futuras necessidades.<\/li> <li><b>Comece a aplicar o widget em seu site Webflow.<\/b><br> Coloque o c\u00f3digo que voc\u00ea salvou antes em sua p\u00e1gina web e salve os ajustes. <\/li> <li><b>A instala\u00e7\u00e3o foi totalmente realizada.<\/b><br> Visite seu site para ver como est\u00e1 o desempenho do plugin.<\/li><\/ol> <p>Desde que tiver d\u00favidas ou tiver algum problema, n\u00e3o hesite em entrar em contato com nossa equipe de suporte. Os nossos consultores est\u00e3o ansiosos por resolver todas as quest\u00f5es que possa ter com o widget.<\/p> <div class=\"faq\" data-component=\"FAQ\"><div class=\"faq-item\">\r\n\t\t\t\t\t<div class=\"faq-item-question\">\r\n\t\t\t\t\t\t<h3 class=\"faq-item-question-text\">Como posso incorporar um widget Radio Player no meu site Webflow sem conhecimentos de codifica\u00e7\u00e3o?<\/h3>\r\n\r\n\t\t\t\t\t\t<div class=\"faq-item-question-icon\"><\/div>\r\n\t\t\t\t\t<\/div>\r\n\r\n\t\t\t\t\t<div class=\"faq-item-answer\">\r\n\t\t\t\t\t\t<div class=\"faq-item-answer-text\"><p>Elfsight fornece uma solu\u00e7\u00e3o baseada em nuvem que permite aos usu\u00e1rios criar um widget Radio Player por conta pr\u00f3pria. Veja como o processo \u00e9 simples:<\/p><ul><li>Acesse o editor on-line para gerar uma se\u00e7\u00e3o de widget Radio Player que voc\u00ea deseja gostaria de integrar ao seu site Webflow.<\/li><li>Escolha um de nossos modelos pr\u00e9-concebidos e personalize as configura\u00e7\u00f5es do widget Radio Player, modifique o layout e o esquema de cores, inclua seu conte\u00fado sem qualquer necessidade de codifica\u00e7\u00e3o.<\/li><li>Salve as configura\u00e7\u00f5es que voc\u00ea definiu para o widget Radio Player e obtenha o c\u00f3digo para incorporar o widget, que pode ser facilmente adicionado ao seu site Webflow sem nenhum custo.<\/li><\/ul><p>Por trabalhando no Editor amig\u00e1vel, qualquer usu\u00e1rio da Internet pode criar uma se\u00e7\u00e3o de widget do Radio Player e incorpor\u00e1-la em seu site Webflow. N\u00e3o h\u00e1 exig\u00eancia de pagamento ou divulga\u00e7\u00e3o dos dados do seu cart\u00e3o para acessar o Editor Elfsight. Se voc\u00ea encontrar alguma dificuldade em qualquer est\u00e1gio, sinta-se \u00e0 vontade para entrar em contato com nosso suporte ao cliente.<\/p><\/div>\r\n\t\t\t\t\t<\/div>\r\n\t\t\t\t<\/div><\/div><\/div>\n","protected":false},"excerpt":{"rendered":"","protected":false},"author":9,"featured_media":0,"parent":1455,"menu_order":0,"comment_status":"closed","ping_status":"closed","template":"templates\/template-application-platform.php","meta":{"publish_to_discourse":"","publish_post_category":"","wpdc_auto_publish_overridden":"","wpdc_topic_tags":"","wpdc_pin_topic":"","wpdc_pin_until":"","discourse_post_id":"","discourse_permalink":"","wpdc_publishing_response":"","wpdc_publishing_error":"","footnotes":""},"class_list":["post-7696","page","type-page","status-publish","hentry"],"yoast_head":"<!-- This site is optimized with the Yoast SEO plugin v25.3.1 - https:\/\/yoast.com\/wordpress\/plugins\/seo\/ -->\n<title>Elfsight Radio Player para site Webflow (gratuito e f\u00e1cil de adicionar)<\/title>\n<meta name=\"description\" content=\"Implemente um widget Radio Player responsivo em sua p\u00e1gina inicial. Use nossa demonstra\u00e7\u00e3o pr\u00e1tica e construa-a com apenas alguns cliques!\" \/>\n<meta name=\"robots\" content=\"index, follow, max-snippet:-1, max-image-preview:large, max-video-preview:-1\" \/>\n<link rel=\"canonical\" href=\"https:\/\/elfsight.com\/pt\/radio-player-widget\/webflow\/\" \/>\n<meta property=\"og:locale\" content=\"pt_PT\" \/>\n<meta property=\"og:type\" content=\"article\" \/>\n<meta property=\"og:title\" content=\"Elfsight Radio Player para site Webflow (gratuito e f\u00e1cil de adicionar)\" \/>\n<meta property=\"og:description\" content=\"Implemente um widget Radio Player responsivo em sua p\u00e1gina inicial. Use nossa demonstra\u00e7\u00e3o pr\u00e1tica e construa-a com apenas alguns cliques!\" \/>\n<meta property=\"og:url\" content=\"https:\/\/elfsight.com\/pt\/radio-player-widget\/webflow\/\" \/>\n<meta property=\"og:site_name\" content=\"Elfsight PT\" \/>\n<meta property=\"article:modified_time\" content=\"2025-02-27T10:58:20+00:00\" \/>\n<meta name=\"twitter:card\" content=\"summary_large_image\" \/>\n<meta name=\"twitter:label1\" content=\"Tempo estimado de leitura\" \/>\n\t<meta name=\"twitter:data1\" content=\"3 minutos\" \/>\n<!-- \/ Yoast SEO plugin. -->","yoast_head_json":{"title":"Elfsight Radio Player para site Webflow (gratuito e f\u00e1cil de adicionar)","description":"Implemente um widget Radio Player responsivo em sua p\u00e1gina inicial. Use nossa demonstra\u00e7\u00e3o pr\u00e1tica e construa-a com apenas alguns cliques!","robots":{"index":"index","follow":"follow","max-snippet":"max-snippet:-1","max-image-preview":"max-image-preview:large","max-video-preview":"max-video-preview:-1"},"canonical":"https:\/\/elfsight.com\/pt\/radio-player-widget\/webflow\/","og_locale":"pt_PT","og_type":"article","og_title":"Elfsight Radio Player para site Webflow (gratuito e f\u00e1cil de adicionar)","og_description":"Implemente um widget Radio Player responsivo em sua p\u00e1gina inicial. Use nossa demonstra\u00e7\u00e3o pr\u00e1tica e construa-a com apenas alguns cliques!","og_url":"https:\/\/elfsight.com\/pt\/radio-player-widget\/webflow\/","og_site_name":"Elfsight PT","article_modified_time":"2025-02-27T10:58:20+00:00","twitter_card":"summary_large_image","twitter_misc":{"Tempo estimado de leitura":"3 minutos"},"schema":{"@context":"https:\/\/schema.org","@graph":[{"@type":"WebPage","@id":"https:\/\/elfsight.com\/pt\/radio-player-widget\/webflow\/","url":"https:\/\/elfsight.com\/pt\/radio-player-widget\/webflow\/","name":"Elfsight Radio Player para site Webflow (gratuito e f\u00e1cil de adicionar)","isPartOf":{"@id":"https:\/\/elfsight.com\/pt\/#website"},"datePublished":"1970-01-01T00:00:00+00:00","dateModified":"2025-02-27T10:58:20+00:00","description":"Implemente um widget Radio Player responsivo em sua p\u00e1gina inicial. Use nossa demonstra\u00e7\u00e3o pr\u00e1tica e construa-a com apenas alguns cliques!","breadcrumb":{"@id":"https:\/\/elfsight.com\/pt\/radio-player-widget\/webflow\/#breadcrumb"},"inLanguage":"pt-PT","potentialAction":[{"@type":"ReadAction","target":["https:\/\/elfsight.com\/pt\/radio-player-widget\/webflow\/"]}]},{"@type":"BreadcrumbList","@id":"https:\/\/elfsight.com\/pt\/radio-player-widget\/webflow\/#breadcrumb","itemListElement":[{"@type":"ListItem","position":1,"name":"Home","item":"https:\/\/elfsight.com\/pt\/"},{"@type":"ListItem","position":2,"name":"Radio Player","item":"https:\/\/elfsight.com\/pt\/radio-player-widget\/"},{"@type":"ListItem","position":3,"name":"Radio Player &#8211; Webflow"}]},{"@type":"WebSite","@id":"https:\/\/elfsight.com\/pt\/#website","url":"https:\/\/elfsight.com\/pt\/","name":"Elfsight PT","description":"Just another Elfsight Sites site","potentialAction":[{"@type":"SearchAction","target":{"@type":"EntryPoint","urlTemplate":"https:\/\/elfsight.com\/pt\/?s={search_term_string}"},"query-input":{"@type":"PropertyValueSpecification","valueRequired":true,"valueName":"search_term_string"}}],"inLanguage":"pt-PT"}]}},"meta_box":{"industry":"","seo_heading":"","heading":"","description":"","cta_heading":"","cta_description":"","application":"1454","h1":"Widget do reprodutor de r\u00e1dio Webflow","h1_caption":"Varie suas variantes de conte\u00fado e destaque-se na multid\u00e3o","application_category":[],"applications_title":"","applications_request_title":"","applications_request_button_text":"","hero_text":"","hero_video":"","hero_video_schema_markup":"","selling_points_title":"","selling_points_caption":"","selling_points":[],"selling_points_cta_text":"","features_title":"","features":"","ed_cta_examples_text":"","ed_cta_examples_hidden":"","ed_cta_demo_text":"","ed_cta_demo_hidden":"","why_caption":"","why_editor_title":"","why_editor_text":"","why_team_title":"","why_team_text":"","why_service_title":"","why_service_text":"","template_catalog_visible":"0","template_catalog_title":"","template_catalog_text":"","template_catalog_categories_visible":"","demo_title":"Crie seu widget Radio Player","demo_caption":"Configure seu Radio Player e adicione-o ao seu site Webflow gratuitamente!","default_faq_hidden":"","app_template_category":[],"platform":"70","template_public_id":"","codecanyon_url":"","codecanyon_item_id":"","codecanyon_price":"","pricing_caption":"","pricing_elfsight_apps_hide_column":"","pricing_elfsight_apps_url":"","pricing_codecanyon_price_caption":"","integration_category":[],"integration_request_title":"","integration_request_cta":"","integration_platform":"","integrations":[],"platform_category":[],"video_schema_markup":"","price":"a partir de US$ 0\/m\u00eas","trial":"","benefits":[{"text":"Assist\u00eancia de instala\u00e7\u00e3o gratuita"},{"text":"Suporte excepcional"},{"text":"Garantia de devolu\u00e7\u00e3o do dinheiro em 14 dias"},{"text":"Atualiza\u00e7\u00f5es gratuitas vital\u00edcias"}],"button_url":"#demo","button_target_blank":"0","button_nofollow":"0","attributes":[{"name":"Instala\u00e7\u00f5es","content":"10,000 - 100,000"},{"name":"Responsivo","content":"Sim"},{"name":"Navegadores compat\u00edveis","content":"Chrome, Firefox, Safari, Opera, Edge"}],"tags":[],"tags_disable_links":"0","hide_more_platforms":"0","video_object":"","demo_hide_cta":"0","demo_hide_cloud_options":"0","pricing_title":"","pricing":[{"pricing_icon":"platform","pricing_title":"Elfsight Apps","pricing_title_caption":"Solu\u00e7\u00e3o digital independente de plataforma que se adapta a qualquer site","pricing_price":"a partir de US$ 0\/m\u00eas","pricing_price_caption":"comece com plano gratuito","pricing_benefits":[{"text":"Dom\u00ednios ilimitados"},{"text":"Suporte dedicado ao cliente"},{"text":"Suporte dedicado ao cliente"},{"text":"Oferta especial para v\u00e1rios aplicativos"}],"pricing_button_text":"Adicionar ao site","pricing_button_url":"#demo"}],"related_apps_title":"","related_apps_hidden":"0","author":"","image":[],"title":"","job":"","social_networks":[]},"_links":{"self":[{"href":"https:\/\/elfsight.com\/pt\/wp-json\/wp\/v2\/pages\/7696","targetHints":{"allow":["GET"]}}],"collection":[{"href":"https:\/\/elfsight.com\/pt\/wp-json\/wp\/v2\/pages"}],"about":[{"href":"https:\/\/elfsight.com\/pt\/wp-json\/wp\/v2\/types\/page"}],"author":[{"embeddable":true,"href":"https:\/\/elfsight.com\/pt\/wp-json\/wp\/v2\/users\/9"}],"replies":[{"embeddable":true,"href":"https:\/\/elfsight.com\/pt\/wp-json\/wp\/v2\/comments?post=7696"}],"version-history":[{"count":3,"href":"https:\/\/elfsight.com\/pt\/wp-json\/wp\/v2\/pages\/7696\/revisions"}],"predecessor-version":[{"id":14048,"href":"https:\/\/elfsight.com\/pt\/wp-json\/wp\/v2\/pages\/7696\/revisions\/14048"}],"up":[{"embeddable":true,"href":"https:\/\/elfsight.com\/pt\/wp-json\/wp\/v2\/pages\/1455"}],"wp:attachment":[{"href":"https:\/\/elfsight.com\/pt\/wp-json\/wp\/v2\/media?parent=7696"}],"curies":[{"name":"wp","href":"https:\/\/api.w.org\/{rel}","templated":true}]}}