{"id":7695,"date":"1970-01-01T00:00:00","date_gmt":"1970-01-01T00:00:00","guid":{"rendered":"https:\/\/elfsight.com\/pt\/?page_id=7695"},"modified":"2025-02-27T11:03:41","modified_gmt":"2025-02-27T11:03:41","slug":"webnode","status":"publish","type":"page","link":"https:\/\/elfsight.com\/pt\/radio-player-widget\/webnode\/","title":{"rendered":"Radio Player &#8211; Webnode"},"content":{"rendered":"\n<div class=\"application-platform-content-item-description application-platform-content-item\" id=\"description\" data-nav-section=\"description\"> <h2>Descri\u00e7\u00e3o<\/h2> <p>O widget Elfsight Radio \u00e9 um widget descomplicado que lhe permite reproduzir esta\u00e7\u00f5es de r\u00e1dio nas p\u00e1ginas do seu site. O widget \u00e9 extremamente modific\u00e1vel: voc\u00ea pode alterar seu posicionamento, inserindo-o em qualquer lugar da p\u00e1gina, alterar seu tamanho, recolorir o fundo e todas as outras partes para combin\u00e1-lo com o estilo do seu site, empregar esquema de cores escuras, mostrar imagens e demonstrar ou ocultar tr\u00eas partes adicionais do jogador, como t\u00edtulo, status e outras. Adicione quantas esta\u00e7\u00f5es desejar para entreter seus usu\u00e1rios, ative a reprodu\u00e7\u00e3o autom\u00e1tica e n\u00e3o hesite &#8211; seu p\u00fablico n\u00e3o sair\u00e1 do seu site com pressa! <\/p> <p><b>Apresente aos seus usu\u00e1rios uma nova fonte de conte\u00fado \u00fatil e envolvente atrav\u00e9s do Elfsight Radio Player<\/b><\/p> <\/div> <div class=\"application-platform-content-item-features application-platform-content-item\" id=\"features\" data-nav-section=\"features\"> <h2>Estas s\u00e3o apenas v\u00e1rios dos muitos recursos do widget: <\/h2> <ul><li>V\u00e1rias altera\u00e7\u00f5es de cores. <\/li><li>Esquema de cores claras\/escuras. <\/li><li>2 layouts aplic\u00e1veis. <\/li><li>Possibilidade de anexar imagem de fundo. <\/li><li>Uma quantidade infinita de esta\u00e7\u00f5es<\/li><\/ul><p><a href=\"#demo\">Basta verificar esta demonstra\u00e7\u00e3o para ter uma ideia completa<\/a><\/p> <\/div> <div class=\"application-platform-content-item-installation application-platform-content-item\" id=\"installation\" data-nav-section=\"installation\"> <h2>Como posso incorporar o Radio Player no meu site Webnode? <\/h2> <p>Basta seguir os passos apresentados abaixo para come\u00e7ar a trabalhar com o widget. <\/p> <ol><li><b>Utilize nosso editor gratuito e comece a criar seu instrumento personalizado. <\/b><br> Encontre o layout e os recursos adequados do plugin e salve as edi\u00e7\u00f5es. <\/li> <li><b>Receba o seu c\u00f3digo individual revelado no formul\u00e1rio especial nas aplica\u00e7\u00f5es Elfsight. <\/b><br> Ap\u00f3s a conclus\u00e3o do estabelecimento do seu plugin, copie o c\u00f3digo exclusivo do pop-up que surgiu e salve-o para uso futuro. <\/li> <li><b>Iniciar a utiliza\u00e7\u00e3o do widget no site Webnode. <\/b><br> Coloque o c\u00f3digo que voc\u00ea copiou anteriormente em seu site e salve os ajustes. <\/li> <li><b>A configura\u00e7\u00e3o foi totalmente executada. <\/b><br> Acesse seu site para observar o desempenho do widget. <\/li><\/ol> <p>Caso voc\u00ea desafie alguma dificuldade, sinta-se \u00e0 vontade para escrever para nossa equipe de suporte. Nossos consultores est\u00e3o ansiosos para resolver todas as d\u00favidas que voc\u00ea possa ter com o plugin. <\/p> <\/div>\n","protected":false},"excerpt":{"rendered":"","protected":false},"author":9,"featured_media":0,"parent":1455,"menu_order":0,"comment_status":"closed","ping_status":"closed","template":"templates\/template-application-platform.php","meta":{"publish_to_discourse":"","publish_post_category":"","wpdc_auto_publish_overridden":"","wpdc_topic_tags":"","wpdc_pin_topic":"","wpdc_pin_until":"","discourse_post_id":"","discourse_permalink":"","wpdc_publishing_response":"","wpdc_publishing_error":"","footnotes":""},"class_list":["post-7695","page","type-page","status-publish","hentry"],"yoast_head":"<!-- This site is optimized with the Yoast SEO plugin v25.3.1 - https:\/\/yoast.com\/wordpress\/plugins\/seo\/ -->\n<title>Elfsight Radio Player para sites Webnode (f\u00e1cil de incorporar e gratuito)<\/title>\n<meta name=\"description\" content=\"Implemente um widget Radio Player responsivo em sua p\u00e1gina da web. Aproveite nossa pr\u00e1tica demonstra\u00e7\u00e3o e construa sua ferramenta sem esfor\u00e7o!\" \/>\n<meta name=\"robots\" content=\"index, follow, max-snippet:-1, max-image-preview:large, max-video-preview:-1\" \/>\n<link rel=\"canonical\" href=\"https:\/\/elfsight.com\/pt\/radio-player-widget\/webnode\/\" \/>\n<meta property=\"og:locale\" content=\"pt_PT\" \/>\n<meta property=\"og:type\" content=\"article\" \/>\n<meta property=\"og:title\" content=\"Elfsight Radio Player para sites Webnode (f\u00e1cil de incorporar e gratuito)\" \/>\n<meta property=\"og:description\" content=\"Implemente um widget Radio Player responsivo em sua p\u00e1gina da web. Aproveite nossa pr\u00e1tica demonstra\u00e7\u00e3o e construa sua ferramenta sem esfor\u00e7o!\" \/>\n<meta property=\"og:url\" content=\"https:\/\/elfsight.com\/pt\/radio-player-widget\/webnode\/\" \/>\n<meta property=\"og:site_name\" content=\"Elfsight PT\" \/>\n<meta property=\"article:modified_time\" content=\"2025-02-27T11:03:41+00:00\" \/>\n<meta name=\"twitter:card\" content=\"summary_large_image\" \/>\n<meta name=\"twitter:label1\" content=\"Tempo estimado de leitura\" \/>\n\t<meta name=\"twitter:data1\" content=\"2 minutos\" \/>\n<!-- \/ Yoast SEO plugin. -->","yoast_head_json":{"title":"Elfsight Radio Player para sites Webnode (f\u00e1cil de incorporar e gratuito)","description":"Implemente um widget Radio Player responsivo em sua p\u00e1gina da web. Aproveite nossa pr\u00e1tica demonstra\u00e7\u00e3o e construa sua ferramenta sem esfor\u00e7o!","robots":{"index":"index","follow":"follow","max-snippet":"max-snippet:-1","max-image-preview":"max-image-preview:large","max-video-preview":"max-video-preview:-1"},"canonical":"https:\/\/elfsight.com\/pt\/radio-player-widget\/webnode\/","og_locale":"pt_PT","og_type":"article","og_title":"Elfsight Radio Player para sites Webnode (f\u00e1cil de incorporar e gratuito)","og_description":"Implemente um widget Radio Player responsivo em sua p\u00e1gina da web. Aproveite nossa pr\u00e1tica demonstra\u00e7\u00e3o e construa sua ferramenta sem esfor\u00e7o!","og_url":"https:\/\/elfsight.com\/pt\/radio-player-widget\/webnode\/","og_site_name":"Elfsight PT","article_modified_time":"2025-02-27T11:03:41+00:00","twitter_card":"summary_large_image","twitter_misc":{"Tempo estimado de leitura":"2 minutos"},"schema":{"@context":"https:\/\/schema.org","@graph":[{"@type":"WebPage","@id":"https:\/\/elfsight.com\/pt\/radio-player-widget\/webnode\/","url":"https:\/\/elfsight.com\/pt\/radio-player-widget\/webnode\/","name":"Elfsight Radio Player para sites Webnode (f\u00e1cil de incorporar e gratuito)","isPartOf":{"@id":"https:\/\/elfsight.com\/pt\/#website"},"datePublished":"1970-01-01T00:00:00+00:00","dateModified":"2025-02-27T11:03:41+00:00","description":"Implemente um widget Radio Player responsivo em sua p\u00e1gina da web. Aproveite nossa pr\u00e1tica demonstra\u00e7\u00e3o e construa sua ferramenta sem esfor\u00e7o!","breadcrumb":{"@id":"https:\/\/elfsight.com\/pt\/radio-player-widget\/webnode\/#breadcrumb"},"inLanguage":"pt-PT","potentialAction":[{"@type":"ReadAction","target":["https:\/\/elfsight.com\/pt\/radio-player-widget\/webnode\/"]}]},{"@type":"BreadcrumbList","@id":"https:\/\/elfsight.com\/pt\/radio-player-widget\/webnode\/#breadcrumb","itemListElement":[{"@type":"ListItem","position":1,"name":"Home","item":"https:\/\/elfsight.com\/pt\/"},{"@type":"ListItem","position":2,"name":"Radio Player","item":"https:\/\/elfsight.com\/pt\/radio-player-widget\/"},{"@type":"ListItem","position":3,"name":"Radio Player &#8211; Webnode"}]},{"@type":"WebSite","@id":"https:\/\/elfsight.com\/pt\/#website","url":"https:\/\/elfsight.com\/pt\/","name":"Elfsight PT","description":"Just another Elfsight Sites site","potentialAction":[{"@type":"SearchAction","target":{"@type":"EntryPoint","urlTemplate":"https:\/\/elfsight.com\/pt\/?s={search_term_string}"},"query-input":{"@type":"PropertyValueSpecification","valueRequired":true,"valueName":"search_term_string"}}],"inLanguage":"pt-PT"}]}},"meta_box":{"industry":"","seo_heading":"","heading":"","description":"","cta_heading":"","cta_description":"","application":"1454","h1":"Widget do reprodutor de r\u00e1dio Webnode","h1_caption":"Expanda suas op\u00e7\u00f5es de conte\u00fado e supere seus concorrentes","application_category":[],"applications_title":"","applications_request_title":"","applications_request_button_text":"","hero_text":"","hero_video":"","hero_video_schema_markup":"","selling_points_title":"","selling_points_caption":"","selling_points":[],"selling_points_cta_text":"","features_title":"","features":"","ed_cta_examples_text":"","ed_cta_examples_hidden":"","ed_cta_demo_text":"","ed_cta_demo_hidden":"","why_caption":"","why_editor_title":"","why_editor_text":"","why_team_title":"","why_team_text":"","why_service_title":"","why_service_text":"","template_catalog_visible":"0","template_catalog_title":"","template_catalog_text":"","template_catalog_categories_visible":"","demo_title":"Crie seu widget Radio Player","demo_caption":"Configure seu Radio Player e adicione-o ao seu site Webnode gratuitamente!","default_faq_hidden":"","app_template_category":[],"platform":"4917","template_public_id":"","codecanyon_url":"","codecanyon_item_id":"","codecanyon_price":"","pricing_caption":"","pricing_elfsight_apps_hide_column":"","pricing_elfsight_apps_url":"","pricing_codecanyon_price_caption":"","integration_category":[],"integration_request_title":"","integration_request_cta":"","integration_platform":"","integrations":[],"platform_category":[],"video_schema_markup":"","price":"a partir de US$ 0\/m\u00eas","trial":"","benefits":[{"text":"Servi\u00e7o de instala\u00e7\u00e3o gratuito"},{"text":"Suporte profissional ao cliente"},{"text":"Garantia de reembolso de 14 dias"},{"text":"Atualiza\u00e7\u00f5es cont\u00ednuas"}],"button_url":"#demo","button_target_blank":"0","button_nofollow":"0","attributes":[{"name":"Instala\u00e7\u00f5es","content":"10,000 - 100,000"},{"name":"Responsivo","content":"Sim"},{"name":"Navegadores compat\u00edveis","content":"Firefox, Safari, Opera, Chrome, Edge"}],"tags":[],"tags_disable_links":"0","hide_more_platforms":"0","video_object":"","demo_hide_cta":"0","demo_hide_cloud_options":"0","pricing_title":"","pricing":[{"pricing_icon":"platform","pricing_title":"Elfsight Apps","pricing_title_caption":"Solu\u00e7\u00e3o digital multiplataforma","pricing_price":"a partir de US$ 0\/m\u00eas","pricing_price_caption":"comece com plano gratuito","pricing_benefits":[{"text":"Dom\u00ednios ilimitados"},{"text":"Suporte premium e pontual"},{"text":"Suporte premium e pontual"},{"text":"Oferta por tempo limitado para v\u00e1rios aplicativos"}],"pricing_button_text":"Adicionar ao site","pricing_button_url":"#demo"}],"related_apps_title":"","related_apps_hidden":"0","author":"","image":[],"title":"","job":"","social_networks":[]},"_links":{"self":[{"href":"https:\/\/elfsight.com\/pt\/wp-json\/wp\/v2\/pages\/7695","targetHints":{"allow":["GET"]}}],"collection":[{"href":"https:\/\/elfsight.com\/pt\/wp-json\/wp\/v2\/pages"}],"about":[{"href":"https:\/\/elfsight.com\/pt\/wp-json\/wp\/v2\/types\/page"}],"author":[{"embeddable":true,"href":"https:\/\/elfsight.com\/pt\/wp-json\/wp\/v2\/users\/9"}],"replies":[{"embeddable":true,"href":"https:\/\/elfsight.com\/pt\/wp-json\/wp\/v2\/comments?post=7695"}],"version-history":[{"count":2,"href":"https:\/\/elfsight.com\/pt\/wp-json\/wp\/v2\/pages\/7695\/revisions"}],"predecessor-version":[{"id":14049,"href":"https:\/\/elfsight.com\/pt\/wp-json\/wp\/v2\/pages\/7695\/revisions\/14049"}],"up":[{"embeddable":true,"href":"https:\/\/elfsight.com\/pt\/wp-json\/wp\/v2\/pages\/1455"}],"wp:attachment":[{"href":"https:\/\/elfsight.com\/pt\/wp-json\/wp\/v2\/media?parent=7695"}],"curies":[{"name":"wp","href":"https:\/\/api.w.org\/{rel}","templated":true}]}}