{"id":7690,"date":"1970-01-01T00:00:00","date_gmt":"1970-01-01T00:00:00","guid":{"rendered":"https:\/\/elfsight.com\/pt\/?page_id=7690"},"modified":"2024-11-13T11:32:30","modified_gmt":"2024-11-13T11:32:30","slug":"weebly","status":"publish","type":"page","link":"https:\/\/elfsight.com\/pt\/radio-player-widget\/weebly\/","title":{"rendered":"Radio Player &#8211; Weebly"},"content":{"rendered":"<div class=\"application-platform-content-item-description application-platform-content-item\" id=\"description\" data-nav-section=\"description\"> <h2>Descri\u00e7\u00e3o<\/h2> <p>Elfsight Radio \u00e9 um aplicativo simples que oferece a oportunidade de transmitir esta\u00e7\u00f5es de r\u00e1dio diretamente nas p\u00e1ginas do seu site . A ferramenta \u00e9 extremamente personaliz\u00e1vel: voc\u00ea pode alterar seu posicionamento, configurando-a em qualquer lugar da p\u00e1gina, alterar seu tamanho, recolorir o fundo e outros elementos para mistur\u00e1-lo com o estilo do seu site, aplicar tema escuro, revelar capas e demonstrar ou ocultar tr\u00eas jogadores adicionais. componentes como t\u00edtulo, status e outros. Adicione quantas esta\u00e7\u00f5es quiser para encantar seus usu\u00e1rios, ative o autoplay e n\u00e3o tenha d\u00favidas: seus usu\u00e1rios n\u00e3o sair\u00e3o do seu site com pressa! <\/p> <p><b>Equipe seu p\u00fablico com uma nova fonte de conte\u00fado \u00fatil e envolvente aplicando o widget Elfsight Radio Player<\/b><\/p> <\/div> <div class=\"application-platform-content-item-features application-platform-content-item\" id=\"features\" data-nav-section=\"features\"> <h2> Aqui est\u00e1 a lista dos recursos mais valiosos: <\/h2> <ul><li>Altera\u00e7\u00f5es de cores ilimitadas. <\/li><li>Tema de cores claras\/escuras. <\/li><li>2 layouts prontos para uso. <\/li><li>Uma oportunidade de usar imagem de fundo. <\/li><li>Adicione um n\u00famero infinito de esta\u00e7\u00f5es<\/li><\/ul><p><a href=\"#demo\">Voc\u00ea pode sentir como o aplicativo funciona experimentando a demonstra\u00e7\u00e3o<\/a><\/p> <\/div> <div class=\"application-platform-content-item-installation application-platform-content-item\" id=\"installation\" data-nav-section=\"installation\"> <h2>Como adicionar o Radio Player ao meu site do Weebly? <\/h2><div class=\"video-container\"><iframe width=\"720\" height=\"405\" src=\"https:\/\/www.youtube.com\/embed\/cxyrYbFUOgQ\" frameborder=\"0\" allowfullscreen><\/iframe><\/div><p>Basta seguir as orienta\u00e7\u00f5es abaixo para inserir o aplicativo. <\/p> <ol><li><b>Utilize nossa demonstra\u00e7\u00e3o gratuita e comece a moldar seu aplicativo personalizado. <\/b><br> Determine a interface personalizada e as caracter\u00edsticas funcionais do aplicativo e salve todas as edi\u00e7\u00f5es. <\/li> <li><b>Adquira o c\u00f3digo individual que aparece no formul\u00e1rio especial nas aplica\u00e7\u00f5es Elfsight. <\/b><br> Quando a cria\u00e7\u00e3o do seu aplicativo pessoal for conclu\u00edda, copie seu c\u00f3digo na janela exibida e salve-o para uso futuro. <\/li> <li><b>Inicie a utiliza\u00e7\u00e3o do aplicativo em seu site do Weebly. <\/b><br> Adicione o c\u00f3digo copiado recentemente em sua p\u00e1gina e aplique as corre\u00e7\u00f5es. <\/li> <li><b>A configura\u00e7\u00e3o foi totalmente executada. <\/b><br> Abra sua p\u00e1gina da web para ver o funcionamento do aplicativo. <\/li><\/ol><p>Na condi\u00e7\u00e3o de enfrentar d\u00favidas ou enfrentar quaisquer obst\u00e1culos, sinta-se \u00e0 vontade para se inscrever em nossa equipe de atendimento ao cliente. Nossos especialistas desejam ajud\u00e1-lo com todos os problemas que voc\u00ea possa ter com o widget. <\/p> <\/div>","protected":false},"excerpt":{"rendered":"","protected":false},"author":9,"featured_media":0,"parent":1455,"menu_order":0,"comment_status":"closed","ping_status":"closed","template":"templates\/template-application-platform.php","meta":{"publish_to_discourse":"","publish_post_category":"","wpdc_auto_publish_overridden":"","wpdc_topic_tags":"","wpdc_pin_topic":"","wpdc_pin_until":"","discourse_post_id":"","discourse_permalink":"","wpdc_publishing_response":"","wpdc_publishing_error":"","footnotes":""},"class_list":["post-7690","page","type-page","status-publish","hentry"],"yoast_head":"<!-- This site is optimized with the Yoast SEO plugin v25.3.1 - https:\/\/yoast.com\/wordpress\/plugins\/seo\/ -->\n<title>Elfsight Radio Player para sites do Weebly (r\u00e1pido e gratuito)<\/title>\n<meta name=\"description\" content=\"Apresente um aplicativo Radio Player responsivo em seu site. Aplique nossa demonstra\u00e7\u00e3o conveniente e crie sua ferramenta com apenas alguns cliques!\" \/>\n<meta name=\"robots\" content=\"index, follow, max-snippet:-1, max-image-preview:large, max-video-preview:-1\" \/>\n<link rel=\"canonical\" href=\"https:\/\/elfsight.com\/pt\/radio-player-widget\/weebly\/\" \/>\n<meta property=\"og:locale\" content=\"pt_PT\" \/>\n<meta property=\"og:type\" content=\"article\" \/>\n<meta property=\"og:title\" content=\"Elfsight Radio Player para sites do Weebly (r\u00e1pido e gratuito)\" \/>\n<meta property=\"og:description\" content=\"Apresente um aplicativo Radio Player responsivo em seu site. Aplique nossa demonstra\u00e7\u00e3o conveniente e crie sua ferramenta com apenas alguns cliques!\" \/>\n<meta property=\"og:url\" content=\"https:\/\/elfsight.com\/pt\/radio-player-widget\/weebly\/\" \/>\n<meta property=\"og:site_name\" content=\"Elfsight PT\" \/>\n<meta property=\"article:modified_time\" content=\"2024-11-13T11:32:30+00:00\" \/>\n<meta name=\"twitter:card\" content=\"summary_large_image\" \/>\n<meta name=\"twitter:label1\" content=\"Tempo estimado de leitura\" \/>\n\t<meta name=\"twitter:data1\" content=\"2 minutos\" \/>\n<!-- \/ Yoast SEO plugin. -->","yoast_head_json":{"title":"Elfsight Radio Player para sites do Weebly (r\u00e1pido e gratuito)","description":"Apresente um aplicativo Radio Player responsivo em seu site. Aplique nossa demonstra\u00e7\u00e3o conveniente e crie sua ferramenta com apenas alguns cliques!","robots":{"index":"index","follow":"follow","max-snippet":"max-snippet:-1","max-image-preview":"max-image-preview:large","max-video-preview":"max-video-preview:-1"},"canonical":"https:\/\/elfsight.com\/pt\/radio-player-widget\/weebly\/","og_locale":"pt_PT","og_type":"article","og_title":"Elfsight Radio Player para sites do Weebly (r\u00e1pido e gratuito)","og_description":"Apresente um aplicativo Radio Player responsivo em seu site. Aplique nossa demonstra\u00e7\u00e3o conveniente e crie sua ferramenta com apenas alguns cliques!","og_url":"https:\/\/elfsight.com\/pt\/radio-player-widget\/weebly\/","og_site_name":"Elfsight PT","article_modified_time":"2024-11-13T11:32:30+00:00","twitter_card":"summary_large_image","twitter_misc":{"Tempo estimado de leitura":"2 minutos"},"schema":{"@context":"https:\/\/schema.org","@graph":[{"@type":"WebPage","@id":"https:\/\/elfsight.com\/pt\/radio-player-widget\/weebly\/","url":"https:\/\/elfsight.com\/pt\/radio-player-widget\/weebly\/","name":"Elfsight Radio Player para sites do Weebly (r\u00e1pido e gratuito)","isPartOf":{"@id":"https:\/\/elfsight.com\/pt\/#website"},"datePublished":"1970-01-01T00:00:00+00:00","dateModified":"2024-11-13T11:32:30+00:00","description":"Apresente um aplicativo Radio Player responsivo em seu site. Aplique nossa demonstra\u00e7\u00e3o conveniente e crie sua ferramenta com apenas alguns cliques!","breadcrumb":{"@id":"https:\/\/elfsight.com\/pt\/radio-player-widget\/weebly\/#breadcrumb"},"inLanguage":"pt-PT","potentialAction":[{"@type":"ReadAction","target":["https:\/\/elfsight.com\/pt\/radio-player-widget\/weebly\/"]}]},{"@type":"BreadcrumbList","@id":"https:\/\/elfsight.com\/pt\/radio-player-widget\/weebly\/#breadcrumb","itemListElement":[{"@type":"ListItem","position":1,"name":"Home","item":"https:\/\/elfsight.com\/pt\/"},{"@type":"ListItem","position":2,"name":"Radio Player","item":"https:\/\/elfsight.com\/pt\/radio-player-widget\/"},{"@type":"ListItem","position":3,"name":"Radio Player &#8211; Weebly"}]},{"@type":"WebSite","@id":"https:\/\/elfsight.com\/pt\/#website","url":"https:\/\/elfsight.com\/pt\/","name":"Elfsight PT","description":"Just another Elfsight Sites site","potentialAction":[{"@type":"SearchAction","target":{"@type":"EntryPoint","urlTemplate":"https:\/\/elfsight.com\/pt\/?s={search_term_string}"},"query-input":{"@type":"PropertyValueSpecification","valueRequired":true,"valueName":"search_term_string"}}],"inLanguage":"pt-PT"}]}},"meta_box":{"industry":"","seo_heading":"","heading":"","description":"","cta_heading":"","cta_description":"","application":"1454","h1":"Aplicativo Weebly Radio Player","h1_caption":"Varie suas variantes de conte\u00fado e destaque-se de seus concorrentes","application_category":[],"applications_title":"","applications_request_title":"","applications_request_button_text":"","hero_text":"","hero_video":"","hero_video_schema_markup":"","selling_points_title":"","selling_points_caption":"","selling_points":[],"selling_points_cta_text":"","features_title":"","features":"","ed_cta_examples_text":"","ed_cta_examples_hidden":"","ed_cta_demo_text":"","ed_cta_demo_hidden":"","why_caption":"","why_editor_title":"","why_editor_text":"","why_team_title":"","why_team_text":"","why_service_title":"","why_service_text":"","template_catalog_visible":"","template_catalog_title":"","template_catalog_text":"","template_catalog_categories_visible":"","demo_title":"Crie seu aplicativo Radio Player","demo_caption":"Configure seu Radio Player e adicione-o ao seu site do Weebly gratuitamente!","default_faq_hidden":"","app_template_category":[],"platform":"73","template_public_id":"","codecanyon_url":"","codecanyon_item_id":"","codecanyon_price":"","pricing_caption":"","pricing_elfsight_apps_hide_column":"","pricing_elfsight_apps_url":"","pricing_codecanyon_price_caption":"","integration_category":[],"integration_request_title":"","integration_request_cta":"","integration_platform":"","integrations":[],"platform_category":[],"video_schema_markup":"","price":"a partir de US$ 0\/m\u00eas","trial":"","benefits":[{"text":"Assist\u00eancia de instala\u00e7\u00e3o gratuita"},{"text":"Atendimento ao cliente competente"},{"text":"Garantia de reembolso de 14 dias"},{"text":"Atualiza\u00e7\u00f5es gratuitas cont\u00ednuas"}],"button_url":"#demo","button_target_blank":"","button_nofollow":"","attributes":[{"name":"Instala\u00e7\u00f5es","content":"10,000 - 100,000"},{"name":"Responsivo","content":"Sim"},{"name":"Navegadores compat\u00edveis","content":"Firefox, Safari, Opera, Chrome, Edge"}],"tags":[],"tags_disable_links":"","hide_more_platforms":"","video_object":"","demo_hide_cta":"","demo_hide_cloud_options":"","pricing_title":"","pricing":[{"pricing_icon":"platform","pricing_title":"Elfsight Apps","pricing_title_caption":"Solu\u00e7\u00e3o digital multiplataforma que funciona em qualquer site","pricing_price":"a partir de US$ 0\/m\u00eas","pricing_price_caption":"comece com um plano gratuito","pricing_benefits":[{"text":"Dom\u00ednios ilimitados"},{"text":"Suporte dedicado ao cliente"},{"text":"Suporte dedicado ao cliente"},{"text":"Totalmente personaliz\u00e1vel"}],"pricing_button_text":"Adicionar ao site","pricing_button_url":"#demo"}],"related_apps_title":"","related_apps_hidden":"","author":"","image":[],"title":"","job":"","social_networks":[]},"_links":{"self":[{"href":"https:\/\/elfsight.com\/pt\/wp-json\/wp\/v2\/pages\/7690","targetHints":{"allow":["GET"]}}],"collection":[{"href":"https:\/\/elfsight.com\/pt\/wp-json\/wp\/v2\/pages"}],"about":[{"href":"https:\/\/elfsight.com\/pt\/wp-json\/wp\/v2\/types\/page"}],"author":[{"embeddable":true,"href":"https:\/\/elfsight.com\/pt\/wp-json\/wp\/v2\/users\/9"}],"replies":[{"embeddable":true,"href":"https:\/\/elfsight.com\/pt\/wp-json\/wp\/v2\/comments?post=7690"}],"version-history":[{"count":2,"href":"https:\/\/elfsight.com\/pt\/wp-json\/wp\/v2\/pages\/7690\/revisions"}],"predecessor-version":[{"id":12142,"href":"https:\/\/elfsight.com\/pt\/wp-json\/wp\/v2\/pages\/7690\/revisions\/12142"}],"up":[{"embeddable":true,"href":"https:\/\/elfsight.com\/pt\/wp-json\/wp\/v2\/pages\/1455"}],"wp:attachment":[{"href":"https:\/\/elfsight.com\/pt\/wp-json\/wp\/v2\/media?parent=7690"}],"curies":[{"name":"wp","href":"https:\/\/api.w.org\/{rel}","templated":true}]}}