{"id":7689,"date":"1970-01-01T00:00:00","date_gmt":"1970-01-01T00:00:00","guid":{"rendered":"https:\/\/elfsight.com\/pt\/?page_id=7689"},"modified":"2024-11-13T11:32:30","modified_gmt":"2024-11-13T11:32:30","slug":"wix","status":"publish","type":"page","link":"https:\/\/elfsight.com\/pt\/radio-player-widget\/wix\/","title":{"rendered":"Radio Player &#8211; Wix"},"content":{"rendered":"<div class=\"application-platform-content-item-description application-platform-content-item\" id=\"description\" data-nav-section=\"description\"> <h2>Descri\u00e7\u00e3o<\/h2> <p>A aplica\u00e7\u00e3o Elfsight Radio \u00e9 uma ferramenta descomplicada que lhe permite reproduzir esta\u00e7\u00f5es de r\u00e1dio diretamente no seu site. O aplicativo \u00e9 altamente ajust\u00e1vel: voc\u00ea pode alterar seu posicionamento, incorpor\u00e1-lo em qualquer lugar da p\u00e1gina, alterar seu tamanho, fazer sobre o plano de fundo e outras partes para combin\u00e1-lo com o layout do seu site, aplicar tema escuro, revelar capas e exibir ou ocultar tr\u00eas componentes adicionais do jogador, por exemplo, t\u00edtulo, status e muito mais. Voc\u00ea pode enviar quantas esta\u00e7\u00f5es precisar para encantar seu p\u00fablico, ative a op\u00e7\u00e3o de reprodu\u00e7\u00e3o autom\u00e1tica e n\u00e3o tenha d\u00favidas: seu p\u00fablico n\u00e3o sair\u00e1 da sua p\u00e1gina inicial t\u00e3o cedo!<\/p> <p><b>Equipe seu p\u00fablico com mais uma fonte de conte\u00fado \u00fatil e interessante usando o aplicativo Elfsight Radio Player.<\/b><\/p> <\/div> <div class=\"application-platform-content-item-features application-platform-content-item\" id=\"features\" data-nav-section=\"features\"> <h2>Oferecemos recursos poderosos e descomplicados, aqui est\u00e3o alguns deles: <\/h2> <ul><li>Altera\u00e7\u00f5es de cores ilimitadas. <\/li><li>Tema de cores claras\/escuras. <\/li><li>2 layouts dispon\u00edveis. <\/li><li>Uma oportunidade de usar imagem de fundo. <\/li><li>Adicione uma quantidade ilimitada de esta\u00e7\u00f5es<\/li><\/ul><p><a href=\"#demo\">Basta experimentar esta demonstra\u00e7\u00e3o para ter uma ideia completa<\/a><\/p> <\/div> <div class=\"application-platform-content-item-installation application-platform-content-item\" id=\"installation\" data-nav-section=\"installation\"> <h2>Como posso incorporar o Radio Player em meu site Wix? <\/h2><div class=\"video-container\"><iframe width=\"720\" height=\"405\" src=\"https:\/\/www.youtube.com\/embed\/aTr6zjRt3q8\" frameborder=\"0\" allowfullscreen><\/iframe><\/div><p>Basta seguir as orienta\u00e7\u00f5es abaixo para integrar o aplicativo. <\/p> <ol><li><b>Abra nosso configurador gratuito e comece a moldar seu instrumento personalizado. <\/b><br> Encontre o layout e a funcionalidade preferidos do aplicativo e aplique as edi\u00e7\u00f5es. <\/li> <li><b>Adquira o seu c\u00f3digo pessoal que aparece na janela das Apps Elfsight. <\/b><br> Ap\u00f3s a configura\u00e7\u00e3o da sua ferramenta, copie o c\u00f3digo individual na janela exibida e guarde-o para uso posterior. <\/li> <li><b>Comece a usar a ferramenta no site Wix. <\/b><br> Cole o c\u00f3digo copiado anteriormente em sua p\u00e1gina inicial e salve as melhorias. <\/li> <li><b>Conclu\u00eddo! A configura\u00e7\u00e3o foi realizada com sucesso. <\/b><br> Visite seu site para ver como a ferramenta est\u00e1 funcionando. <\/li><\/ol> <p>Na condi\u00e7\u00e3o de lidar com d\u00favidas ou encontrar quaisquer complica\u00e7\u00f5es, n\u00e3o hesite em solicitar nossa equipe de suporte. Nossos especialistas est\u00e3o ansiosos para ajud\u00e1-lo com todas as d\u00favidas que voc\u00ea possa ter sobre o aplicativo. <\/p> <\/div>","protected":false},"excerpt":{"rendered":"","protected":false},"author":9,"featured_media":0,"parent":1455,"menu_order":0,"comment_status":"closed","ping_status":"closed","template":"templates\/template-application-platform.php","meta":{"publish_to_discourse":"","publish_post_category":"","wpdc_auto_publish_overridden":"","wpdc_topic_tags":"","wpdc_pin_topic":"","wpdc_pin_until":"","discourse_post_id":"","discourse_permalink":"","wpdc_publishing_response":"","wpdc_publishing_error":"","footnotes":""},"class_list":["post-7689","page","type-page","status-publish","hentry"],"yoast_head":"<!-- This site is optimized with the Yoast SEO plugin v25.3.1 - https:\/\/yoast.com\/wordpress\/plugins\/seo\/ -->\n<title>Radio Player \u2013 Adicionar bot\u00e3o Radio Player ao site Wix [2025]<\/title>\n<meta name=\"description\" content=\"Introduza um aplicativo Radio Player responsivo em seu site Wix. Aplique nossa demonstra\u00e7\u00e3o gerenci\u00e1vel e crie sua ferramenta facilmente!\" \/>\n<meta name=\"robots\" content=\"index, follow, max-snippet:-1, max-image-preview:large, max-video-preview:-1\" \/>\n<link rel=\"canonical\" href=\"https:\/\/elfsight.com\/pt\/radio-player-widget\/wix\/\" \/>\n<meta property=\"og:locale\" content=\"pt_PT\" \/>\n<meta property=\"og:type\" content=\"article\" \/>\n<meta property=\"og:title\" content=\"Radio Player \u2013 Adicionar bot\u00e3o Radio Player ao site Wix [2025]\" \/>\n<meta property=\"og:description\" content=\"Introduza um aplicativo Radio Player responsivo em seu site Wix. Aplique nossa demonstra\u00e7\u00e3o gerenci\u00e1vel e crie sua ferramenta facilmente!\" \/>\n<meta property=\"og:url\" content=\"https:\/\/elfsight.com\/pt\/radio-player-widget\/wix\/\" \/>\n<meta property=\"og:site_name\" content=\"Elfsight PT\" \/>\n<meta property=\"article:modified_time\" content=\"2024-11-13T11:32:30+00:00\" \/>\n<meta name=\"twitter:card\" content=\"summary_large_image\" \/>\n<meta name=\"twitter:label1\" content=\"Tempo estimado de leitura\" \/>\n\t<meta name=\"twitter:data1\" content=\"2 minutos\" \/>\n<!-- \/ Yoast SEO plugin. -->","yoast_head_json":{"title":"Radio Player \u2013 Adicionar bot\u00e3o Radio Player ao site Wix [2025]","description":"Introduza um aplicativo Radio Player responsivo em seu site Wix. Aplique nossa demonstra\u00e7\u00e3o gerenci\u00e1vel e crie sua ferramenta facilmente!","robots":{"index":"index","follow":"follow","max-snippet":"max-snippet:-1","max-image-preview":"max-image-preview:large","max-video-preview":"max-video-preview:-1"},"canonical":"https:\/\/elfsight.com\/pt\/radio-player-widget\/wix\/","og_locale":"pt_PT","og_type":"article","og_title":"Radio Player \u2013 Adicionar bot\u00e3o Radio Player ao site Wix [2025]","og_description":"Introduza um aplicativo Radio Player responsivo em seu site Wix. Aplique nossa demonstra\u00e7\u00e3o gerenci\u00e1vel e crie sua ferramenta facilmente!","og_url":"https:\/\/elfsight.com\/pt\/radio-player-widget\/wix\/","og_site_name":"Elfsight PT","article_modified_time":"2024-11-13T11:32:30+00:00","twitter_card":"summary_large_image","twitter_misc":{"Tempo estimado de leitura":"2 minutos"},"schema":{"@context":"https:\/\/schema.org","@graph":[{"@type":"WebPage","@id":"https:\/\/elfsight.com\/pt\/radio-player-widget\/wix\/","url":"https:\/\/elfsight.com\/pt\/radio-player-widget\/wix\/","name":"Radio Player \u2013 Adicionar bot\u00e3o Radio Player ao site Wix [2025]","isPartOf":{"@id":"https:\/\/elfsight.com\/pt\/#website"},"datePublished":"1970-01-01T00:00:00+00:00","dateModified":"2024-11-13T11:32:30+00:00","description":"Introduza um aplicativo Radio Player responsivo em seu site Wix. Aplique nossa demonstra\u00e7\u00e3o gerenci\u00e1vel e crie sua ferramenta facilmente!","breadcrumb":{"@id":"https:\/\/elfsight.com\/pt\/radio-player-widget\/wix\/#breadcrumb"},"inLanguage":"pt-PT","potentialAction":[{"@type":"ReadAction","target":["https:\/\/elfsight.com\/pt\/radio-player-widget\/wix\/"]}]},{"@type":"BreadcrumbList","@id":"https:\/\/elfsight.com\/pt\/radio-player-widget\/wix\/#breadcrumb","itemListElement":[{"@type":"ListItem","position":1,"name":"Home","item":"https:\/\/elfsight.com\/pt\/"},{"@type":"ListItem","position":2,"name":"Radio Player","item":"https:\/\/elfsight.com\/pt\/radio-player-widget\/"},{"@type":"ListItem","position":3,"name":"Radio Player &#8211; Wix"}]},{"@type":"WebSite","@id":"https:\/\/elfsight.com\/pt\/#website","url":"https:\/\/elfsight.com\/pt\/","name":"Elfsight PT","description":"Just another Elfsight Sites site","potentialAction":[{"@type":"SearchAction","target":{"@type":"EntryPoint","urlTemplate":"https:\/\/elfsight.com\/pt\/?s={search_term_string}"},"query-input":{"@type":"PropertyValueSpecification","valueRequired":true,"valueName":"search_term_string"}}],"inLanguage":"pt-PT"}]}},"meta_box":{"industry":"","seo_heading":"","heading":"","description":"","cta_heading":"","cta_description":"","application":"1454","h1":"Aplicativo Wix Radio Player","h1_caption":"Diversifique suas variantes de conte\u00fado e supere seus concorrentes","application_category":[],"applications_title":"","applications_request_title":"","applications_request_button_text":"","hero_text":"","hero_video":"","hero_video_schema_markup":"","selling_points_title":"","selling_points_caption":"","selling_points":[],"selling_points_cta_text":"","features_title":"","features":"","ed_cta_examples_text":"","ed_cta_examples_hidden":"","ed_cta_demo_text":"","ed_cta_demo_hidden":"","why_caption":"","why_editor_title":"","why_editor_text":"","why_team_title":"","why_team_text":"","why_service_title":"","why_service_text":"","template_catalog_visible":"","template_catalog_title":"","template_catalog_text":"","template_catalog_categories_visible":"","demo_title":"Crie seu aplicativo Radio Player","demo_caption":"Configure seu Radio Player e adicione-o ao seu site Wix gratuitamente!","default_faq_hidden":"","app_template_category":[],"platform":"37","template_public_id":"","codecanyon_url":"","codecanyon_item_id":"","codecanyon_price":"","pricing_caption":"","pricing_elfsight_apps_hide_column":"","pricing_elfsight_apps_url":"","pricing_codecanyon_price_caption":"","integration_category":[],"integration_request_title":"","integration_request_cta":"","integration_platform":"","integrations":[],"platform_category":[],"video_schema_markup":"","price":"a partir de US$ 0\/m\u00eas","trial":"","benefits":[{"text":"Assist\u00eancia de instala\u00e7\u00e3o gratuita"},{"text":"Suporte premium"},{"text":"Garantia de devolu\u00e7\u00e3o do dinheiro em 14 dias"},{"text":"Atualizando constantemente"}],"button_url":"#demo","button_target_blank":"","button_nofollow":"","attributes":[{"name":"Instala\u00e7\u00f5es","content":"10,000 - 100,000"},{"name":"Responsivo","content":"Sim"},{"name":"Navegadores compat\u00edveis","content":"Opera, Safari, Chrome, Firefox, Edge"}],"tags":[],"tags_disable_links":"","hide_more_platforms":"","video_object":"","demo_hide_cta":"","demo_hide_cloud_options":"","pricing_title":"","pricing":[{"pricing_icon":"platform","pricing_title":"Elfsight Apps","pricing_title_caption":"Solu\u00e7\u00e3o digital multiplataforma que se adapta a qualquer site","pricing_price":"a partir de US$ 0\/m\u00eas","pricing_price_caption":"comece com plano gratuito","pricing_benefits":[{"text":"Sites ilimitados"},{"text":"Suporte profissional ao cliente"},{"text":"Suporte profissional ao cliente"},{"text":"Pre\u00e7o especial para v\u00e1rios aplicativos"}],"pricing_button_text":"Adicionar ao site","pricing_button_url":"#demo"}],"related_apps_title":"","related_apps_hidden":"","author":"","image":[],"title":"","job":"","social_networks":[]},"_links":{"self":[{"href":"https:\/\/elfsight.com\/pt\/wp-json\/wp\/v2\/pages\/7689","targetHints":{"allow":["GET"]}}],"collection":[{"href":"https:\/\/elfsight.com\/pt\/wp-json\/wp\/v2\/pages"}],"about":[{"href":"https:\/\/elfsight.com\/pt\/wp-json\/wp\/v2\/types\/page"}],"author":[{"embeddable":true,"href":"https:\/\/elfsight.com\/pt\/wp-json\/wp\/v2\/users\/9"}],"replies":[{"embeddable":true,"href":"https:\/\/elfsight.com\/pt\/wp-json\/wp\/v2\/comments?post=7689"}],"version-history":[{"count":2,"href":"https:\/\/elfsight.com\/pt\/wp-json\/wp\/v2\/pages\/7689\/revisions"}],"predecessor-version":[{"id":12141,"href":"https:\/\/elfsight.com\/pt\/wp-json\/wp\/v2\/pages\/7689\/revisions\/12141"}],"up":[{"embeddable":true,"href":"https:\/\/elfsight.com\/pt\/wp-json\/wp\/v2\/pages\/1455"}],"wp:attachment":[{"href":"https:\/\/elfsight.com\/pt\/wp-json\/wp\/v2\/media?parent=7689"}],"curies":[{"name":"wp","href":"https:\/\/api.w.org\/{rel}","templated":true}]}}