{"id":7688,"date":"1970-01-01T00:00:00","date_gmt":"1970-01-01T00:00:00","guid":{"rendered":"https:\/\/elfsight.com\/pt\/?page_id=7688"},"modified":"2025-02-27T11:06:46","modified_gmt":"2025-02-27T11:06:46","slug":"woocommerce","status":"publish","type":"page","link":"https:\/\/elfsight.com\/pt\/radio-player-widget\/woocommerce\/","title":{"rendered":"Radio Player &#8211; WooCommerce"},"content":{"rendered":"\n<div class=\"application-platform-content-item-description application-platform-content-item\" id=\"description\" data-nav-section=\"description\"> <h2>Descri\u00e7\u00e3o<\/h2> <p>O plugin Elfsight Radio \u00e9 uma ferramenta descomplicada que permite transmitir esta\u00e7\u00f5es de r\u00e1dio diretamente na sua p\u00e1gina inicial. A ferramenta \u00e9 extremamente personaliz\u00e1vel: voc\u00ea pode alterar sua posi\u00e7\u00e3o, incorpor\u00e1-la em qualquer lugar da p\u00e1gina, dimensionar seu tamanho, repintar o plano de fundo e todas as outras partes para combin\u00e1-lo com o layout do seu site, aplicar esquema de cores escuras, demonstrar capas e exibir ou ocultar tr\u00eas outros elementos do jogador, como t\u00edtulo, status e outros. Adicione quantas esta\u00e7\u00f5es voc\u00ea precisar para envolver seus visitantes, ative a op\u00e7\u00e3o de reprodu\u00e7\u00e3o autom\u00e1tica e n\u00e3o tenha d\u00favidas: seus usu\u00e1rios n\u00e3o sair\u00e3o da sua p\u00e1gina inicial t\u00e3o rapidamente!<\/p> <p><b>D\u00ea ao seu p\u00fablico mais uma fonte de conte\u00fado \u00fatil e divertido usando o Radio Player.<\/b><\/p> <\/div> <div class=\"application-platform-content-item-features application-platform-content-item\" id=\"features\" data-nav-section=\"features\"> <h2>Estes s\u00e3o apenas alguns dos recursos avan\u00e7ados do plug-in:<\/h2> <ul><li>Numerosas altera\u00e7\u00f5es de cores.<\/li><li>Tema de cores claras\/escuras.<\/li><li>Dois layouts aplic\u00e1veis.<\/li><li>Possibilidade de anexar imagem de fundo.<\/li><li> Uma quantidade ilimitada de esta\u00e7\u00f5es.<\/li><\/ul><p><a href=\"#demo\">Voc\u00ea pode descobrir todas as funcionalidades do plugin na demonstra\u00e7\u00e3o nesta p\u00e1gina<\/a><\/p> <\/div> <div class=\"application-platform-content-item-installation application-platform-content-item\" id=\"installation\" data-nav-section=\"installation\"> <h2>Como fa\u00e7o para incorporar o Radio Player \u00e0 minha p\u00e1gina WooCommerce?<\/h2> <p>Basta seguir as instru\u00e7\u00f5es abaixo para ativar o plug-in.<\/p> <ol> <li><b>Inicie nossa demonstra\u00e7\u00e3o gratuita e comece a moldar seu instrumento personalizado.<\/b><br> Especifique a forma e os recursos preferidos da ferramenta e salve as modifica\u00e7\u00f5es.<\/li> <li><b>Obtenha o c\u00f3digo individual que aparece na janela dos aplicativos Elfsight.<\/b><br> Quando a configura\u00e7\u00e3o do seu plugin estiver conclu\u00edda, copie o c\u00f3digo exclusivo na caixa exibida e guarde-o para uso futuro.<\/li> <li><b>Inicie a aplica\u00e7\u00e3o do plugin no site WooCommerce.<\/b><br> Adicione o c\u00f3digo copiado recentemente em sua p\u00e1gina web e salve os ajustes. <\/li> <li><b>Pronto! A incorpora\u00e7\u00e3o foi realizada com sucesso.<\/b><br> Acesse seu site para dar uma olhada no funcionamento do plugin.<\/li><\/ol> <p>Supondo que voc\u00ea tenha alguma complica\u00e7\u00e3o, n\u00e3o hesite em entrar. entre em contato com nossa equipe de atendimento ao cliente. Nosso pessoal est\u00e1 ansioso para resolver todas as dificuldades que voc\u00ea possa ter com o plugin.<\/p> <\/div>\n","protected":false},"excerpt":{"rendered":"","protected":false},"author":9,"featured_media":0,"parent":1455,"menu_order":0,"comment_status":"closed","ping_status":"closed","template":"templates\/template-application-platform.php","meta":{"publish_to_discourse":"","publish_post_category":"","wpdc_auto_publish_overridden":"","wpdc_topic_tags":"","wpdc_pin_topic":"","wpdc_pin_until":"","discourse_post_id":"","discourse_permalink":"","wpdc_publishing_response":"","wpdc_publishing_error":"","footnotes":""},"class_list":["post-7688","page","type-page","status-publish","hentry"],"yoast_head":"<!-- This site is optimized with the Yoast SEO plugin v25.3.1 - https:\/\/yoast.com\/wordpress\/plugins\/seo\/ -->\n<title>Bot\u00e3o Radio Player para site WooCommerce (gr\u00e1tis e f\u00e1cil)<\/title>\n<meta name=\"description\" content=\"Incorpore um aplicativo Radio Player responsivo ao seu site WooCommerce. Empregue nossa demonstra\u00e7\u00e3o pr\u00e1tica e gere seu widget Radio Button sem esfor\u00e7o!\" \/>\n<meta name=\"robots\" content=\"index, follow, max-snippet:-1, max-image-preview:large, max-video-preview:-1\" \/>\n<link rel=\"canonical\" href=\"https:\/\/elfsight.com\/pt\/radio-player-widget\/woocommerce\/\" \/>\n<meta property=\"og:locale\" content=\"pt_PT\" \/>\n<meta property=\"og:type\" content=\"article\" \/>\n<meta property=\"og:title\" content=\"Bot\u00e3o Radio Player para site WooCommerce (gr\u00e1tis e f\u00e1cil)\" \/>\n<meta property=\"og:description\" content=\"Incorpore um aplicativo Radio Player responsivo ao seu site WooCommerce. Empregue nossa demonstra\u00e7\u00e3o pr\u00e1tica e gere seu widget Radio Button sem esfor\u00e7o!\" \/>\n<meta property=\"og:url\" content=\"https:\/\/elfsight.com\/pt\/radio-player-widget\/woocommerce\/\" \/>\n<meta property=\"og:site_name\" content=\"Elfsight PT\" \/>\n<meta property=\"article:modified_time\" content=\"2025-02-27T11:06:46+00:00\" \/>\n<meta name=\"twitter:card\" content=\"summary_large_image\" \/>\n<meta name=\"twitter:label1\" content=\"Tempo estimado de leitura\" \/>\n\t<meta name=\"twitter:data1\" content=\"2 minutos\" \/>\n<!-- \/ Yoast SEO plugin. -->","yoast_head_json":{"title":"Bot\u00e3o Radio Player para site WooCommerce (gr\u00e1tis e f\u00e1cil)","description":"Incorpore um aplicativo Radio Player responsivo ao seu site WooCommerce. Empregue nossa demonstra\u00e7\u00e3o pr\u00e1tica e gere seu widget Radio Button sem esfor\u00e7o!","robots":{"index":"index","follow":"follow","max-snippet":"max-snippet:-1","max-image-preview":"max-image-preview:large","max-video-preview":"max-video-preview:-1"},"canonical":"https:\/\/elfsight.com\/pt\/radio-player-widget\/woocommerce\/","og_locale":"pt_PT","og_type":"article","og_title":"Bot\u00e3o Radio Player para site WooCommerce (gr\u00e1tis e f\u00e1cil)","og_description":"Incorpore um aplicativo Radio Player responsivo ao seu site WooCommerce. Empregue nossa demonstra\u00e7\u00e3o pr\u00e1tica e gere seu widget Radio Button sem esfor\u00e7o!","og_url":"https:\/\/elfsight.com\/pt\/radio-player-widget\/woocommerce\/","og_site_name":"Elfsight PT","article_modified_time":"2025-02-27T11:06:46+00:00","twitter_card":"summary_large_image","twitter_misc":{"Tempo estimado de leitura":"2 minutos"},"schema":{"@context":"https:\/\/schema.org","@graph":[{"@type":"WebPage","@id":"https:\/\/elfsight.com\/pt\/radio-player-widget\/woocommerce\/","url":"https:\/\/elfsight.com\/pt\/radio-player-widget\/woocommerce\/","name":"Bot\u00e3o Radio Player para site WooCommerce (gr\u00e1tis e f\u00e1cil)","isPartOf":{"@id":"https:\/\/elfsight.com\/pt\/#website"},"datePublished":"1970-01-01T00:00:00+00:00","dateModified":"2025-02-27T11:06:46+00:00","description":"Incorpore um aplicativo Radio Player responsivo ao seu site WooCommerce. Empregue nossa demonstra\u00e7\u00e3o pr\u00e1tica e gere seu widget Radio Button sem esfor\u00e7o!","breadcrumb":{"@id":"https:\/\/elfsight.com\/pt\/radio-player-widget\/woocommerce\/#breadcrumb"},"inLanguage":"pt-PT","potentialAction":[{"@type":"ReadAction","target":["https:\/\/elfsight.com\/pt\/radio-player-widget\/woocommerce\/"]}]},{"@type":"BreadcrumbList","@id":"https:\/\/elfsight.com\/pt\/radio-player-widget\/woocommerce\/#breadcrumb","itemListElement":[{"@type":"ListItem","position":1,"name":"Home","item":"https:\/\/elfsight.com\/pt\/"},{"@type":"ListItem","position":2,"name":"Radio Player","item":"https:\/\/elfsight.com\/pt\/radio-player-widget\/"},{"@type":"ListItem","position":3,"name":"Radio Player &#8211; WooCommerce"}]},{"@type":"WebSite","@id":"https:\/\/elfsight.com\/pt\/#website","url":"https:\/\/elfsight.com\/pt\/","name":"Elfsight PT","description":"Just another Elfsight Sites site","potentialAction":[{"@type":"SearchAction","target":{"@type":"EntryPoint","urlTemplate":"https:\/\/elfsight.com\/pt\/?s={search_term_string}"},"query-input":{"@type":"PropertyValueSpecification","valueRequired":true,"valueName":"search_term_string"}}],"inLanguage":"pt-PT"}]}},"meta_box":{"industry":"","seo_heading":"","heading":"","description":"","cta_heading":"","cta_description":"","application":"1454","h1":"Widget do reprodutor de r\u00e1dio WooCommerce","h1_caption":"Diversifique suas variantes de conte\u00fado e destaque-se de seus concorrentes","application_category":[],"applications_title":"","applications_request_title":"","applications_request_button_text":"","hero_text":"","hero_video":"","hero_video_schema_markup":"","selling_points_title":"","selling_points_caption":"","selling_points":[],"selling_points_cta_text":"","features_title":"","features":"","ed_cta_examples_text":"","ed_cta_examples_hidden":"","ed_cta_demo_text":"","ed_cta_demo_hidden":"","why_caption":"","why_editor_title":"","why_editor_text":"","why_team_title":"","why_team_text":"","why_service_title":"","why_service_text":"","template_catalog_visible":"0","template_catalog_title":"","template_catalog_text":"","template_catalog_categories_visible":"","demo_title":"Crie seu aplicativo Radio Player","demo_caption":"Configure seu Radio Player e adicione-o ao seu site WooCommerce gratuitamente!","default_faq_hidden":"","app_template_category":[],"platform":"4920","template_public_id":"","codecanyon_url":"","codecanyon_item_id":"","codecanyon_price":"","pricing_caption":"","pricing_elfsight_apps_hide_column":"","pricing_elfsight_apps_url":"","pricing_codecanyon_price_caption":"","integration_category":[],"integration_request_title":"","integration_request_cta":"","integration_platform":"","integrations":[],"platform_category":[],"video_schema_markup":"","price":"a partir de US$ 0\/m\u00eas","trial":"","benefits":[{"text":"Assist\u00eancia de instala\u00e7\u00e3o gratuita"},{"text":"Atendimento ao cliente eficaz"},{"text":"Garantia de devolu\u00e7\u00e3o do dinheiro em 14 dias"},{"text":"Atualiza\u00e7\u00f5es gratuitas regulares"}],"button_url":"#demo","button_target_blank":"0","button_nofollow":"0","attributes":[{"name":"Instala\u00e7\u00f5es","content":"10,000 - 100,000"},{"name":"Responsivo","content":"Sim"},{"name":"Navegadores compat\u00edveis","content":"Firefox, Safari, Opera, Chrome, Edge"}],"tags":[],"tags_disable_links":"0","hide_more_platforms":"0","video_object":"","demo_hide_cta":"0","demo_hide_cloud_options":"0","pricing_title":"","pricing":[{"pricing_icon":"platform","pricing_title":"Elfsight Apps","pricing_title_caption":"Vers\u00e3o independente de plataforma","pricing_price":"a partir de US$ 0\/m\u00eas","pricing_price_caption":"comece com um plano gratuito","pricing_benefits":[{"text":"Dom\u00ednios ilimitados"},{"text":"Suporte ao cliente 24 horas por dia, 7 dias por semana e bem documentado"},{"text":"Suporte ao cliente 24 horas por dia, 7 dias por semana e bem documentado"},{"text":"Totalmente personaliz\u00e1vel"}],"pricing_button_text":"Adicionar ao site","pricing_button_url":"#demo"}],"related_apps_title":"","related_apps_hidden":"0","author":"","image":[],"title":"","job":"","social_networks":[]},"_links":{"self":[{"href":"https:\/\/elfsight.com\/pt\/wp-json\/wp\/v2\/pages\/7688","targetHints":{"allow":["GET"]}}],"collection":[{"href":"https:\/\/elfsight.com\/pt\/wp-json\/wp\/v2\/pages"}],"about":[{"href":"https:\/\/elfsight.com\/pt\/wp-json\/wp\/v2\/types\/page"}],"author":[{"embeddable":true,"href":"https:\/\/elfsight.com\/pt\/wp-json\/wp\/v2\/users\/9"}],"replies":[{"embeddable":true,"href":"https:\/\/elfsight.com\/pt\/wp-json\/wp\/v2\/comments?post=7688"}],"version-history":[{"count":2,"href":"https:\/\/elfsight.com\/pt\/wp-json\/wp\/v2\/pages\/7688\/revisions"}],"predecessor-version":[{"id":14051,"href":"https:\/\/elfsight.com\/pt\/wp-json\/wp\/v2\/pages\/7688\/revisions\/14051"}],"up":[{"embeddable":true,"href":"https:\/\/elfsight.com\/pt\/wp-json\/wp\/v2\/pages\/1455"}],"wp:attachment":[{"href":"https:\/\/elfsight.com\/pt\/wp-json\/wp\/v2\/media?parent=7688"}],"curies":[{"name":"wp","href":"https:\/\/api.w.org\/{rel}","templated":true}]}}