{"id":7681,"date":"1970-01-01T00:00:00","date_gmt":"1970-01-01T00:00:00","guid":{"rendered":"https:\/\/elfsight.com\/pt\/?page_id=7681"},"modified":"2025-02-27T11:07:56","modified_gmt":"2025-02-27T11:07:56","slug":"google-sites","status":"publish","type":"page","link":"https:\/\/elfsight.com\/pt\/radio-player-widget\/google-sites\/","title":{"rendered":"Radio Player &#8211; Google Sites"},"content":{"rendered":"\n<div class=\"application-platform-content-item-description application-platform-content-item\" id=\"description\" data-nav-section=\"description\"> <h2>Incorpore o Radio Player no Google Sites com o widget Elfsight<\/h2> <p>O Elfsight Radio Player para Google Sites \u00e9 um widget simples que permite que voc\u00ea para reproduzir esta\u00e7\u00f5es de r\u00e1dio diretamente na sua p\u00e1gina da web. A ferramenta \u00e9 extremamente modific\u00e1vel: voc\u00ea pode alterar seu posicionamento, inserindo-a em qualquer lugar da p\u00e1gina, alterar seu tamanho, recolorir o fundo e todos os outros elementos para combin\u00e1-lo com o estilo do seu site, aplicar esquema de cores escuras, revelar imagens e exibir ou ocultar 3 outros elementos do jogador, como t\u00edtulo, status e muito mais. Adicione quantas esta\u00e7\u00f5es desejar para envolver seu p\u00fablico, ative a op\u00e7\u00e3o de reprodu\u00e7\u00e3o autom\u00e1tica e tenha certeza: seus usu\u00e1rios n\u00e3o sair\u00e3o do seu site com pressa! <\/p> <p><b>Ofere\u00e7a aos seus visitantes mais uma fonte de conte\u00fado \u00fatil e divertido com a ajuda do Elfsight Radio Player<\/b><\/p> <\/div> <div class=\"application-platform-content-item-features application-platform-content-item\" id=\"features\" data-nav-section=\"features\"> <h2>Os recursos essenciais do widget oferecem<\/h2> <ul><li>V\u00e1rias varia\u00e7\u00f5es de cores. <\/li><li>Esquema de cores claras\/escuras. <\/li><li>Dois layouts dispon\u00edveis. <\/li><li>Uma op\u00e7\u00e3o para anexar imagem de fundo. <\/li><li>Adicione uma quantidade ilimitada de esta\u00e7\u00f5es<\/li><\/ul><p><a href=\"#demo\">Teste todas as op\u00e7\u00f5es de personaliza\u00e7\u00e3o em uma demonstra\u00e7\u00e3o 100% funcional<\/a><\/p> <\/div> <div class=\"application-platform-content-item-installation application-platform-content-item\" id=\"installation\" data-nav-section=\"installation\"> <h2>Como adiciono o Radio Player ao meu site do Google Sites? <\/h2> <div class=\"video-container\"><iframe width=\"720\" height=\"405\" src=\"https:\/\/www.youtube.com\/embed\/x1-g7oqnMDI\" frameborder=\"0\" allowfullscreen=\"\"><\/iframe><\/div><p>Basta seguir alguns passos abaixo para inserir o plugin. <\/p> <ol><li><b>Abra nossa demonstra\u00e7\u00e3o gratuita e comece a moldar seu instrumento personalizado. <\/b><br> Escolha a interface e funcionalidade preferidas do widget e aplique as corre\u00e7\u00f5es. <\/li> <li><b>Obtenha seu c\u00f3digo exclusivo que aparece na janela dos aplicativos Elfsight. <\/b><br> Logo ap\u00f3s a conclus\u00e3o da configura\u00e7\u00e3o do seu plugin pessoal, copie o c\u00f3digo exclusivo na janela que aparece e salve-o para uso posterior. <\/li> <li><b>Iniciar o uso do widget na p\u00e1gina inicial do Google Sites. <\/b><br> Cole o c\u00f3digo que voc\u00ea salvou antes em sua p\u00e1gina e aplique as edi\u00e7\u00f5es. <\/li> <li><b>A instala\u00e7\u00e3o foi realizada com sucesso. <\/b><br> Visite sua p\u00e1gina para ver o desempenho da ferramenta. <\/li><\/ol> <div class=\"tip-yellow tip\"><b>Devido \u00e0s peculiaridades do funcionamento do Google Sites, o widget pode ter uma apar\u00eancia diferente da demonstra\u00e7\u00e3o on-line. Pedimos desculpas por qualquer inconveniente causado.<\/b><\/div><p>Caso tenha d\u00favidas ou enfrente quaisquer dificuldades, sinta-se \u00e0 vontade para entrar em contato com nossa equipe de suporte. Nosso pessoal deseja resolver todas as dificuldades que voc\u00ea possa ter com o produto. <\/p> <div class=\"faq\" data-component=\"FAQ\"><div class=\"faq-item\">\r\n\t\t\t\t\t<div class=\"faq-item-question\">\r\n\t\t\t\t\t\t<h3 class=\"faq-item-question-text\">Como posso incorporar um widget Radio Player na minha p\u00e1gina do Google Sites sem conhecimento de codifica\u00e7\u00e3o?<\/h3>\r\n\r\n\t\t\t\t\t\t<div class=\"faq-item-question-icon\"><\/div>\r\n\t\t\t\t\t<\/div>\r\n\r\n\t\t\t\t\t<div class=\"faq-item-answer\">\r\n\t\t\t\t\t\t<div class=\"faq-item-answer-text\"><p>A Elfsight fornece uma solu\u00e7\u00e3o baseada na nuvem que permite aos usu\u00e1rios incorporar um widget Radio Player na p\u00e1gina do Google Sites, veja como o processo \u00e9 simples:<\/p><ul><li>Acesse o editor on-line para gerar uma se\u00e7\u00e3o de widget do Radio Player que voc\u00ea gostaria de incorporar \u00e0 sua p\u00e1gina do Google Sites.<\/li> <li>Escolha um de nossos modelos pr\u00e9-concebidos e personalize as configura\u00e7\u00f5es do widget Radio Player, modifique o layout e o esquema de cores, inclua seu conte\u00fado sem qualquer necessidade de codifica\u00e7\u00e3o.<\/li><li>Salve as configura\u00e7\u00f5es que voc\u00ea configurou para o widget Radio Player e obtenha o c\u00f3digo do widget para incorpora\u00e7\u00e3o, que pode ser facilmente inclu\u00eddo em sua p\u00e1gina do Google Sites e sem nenhum custo.<\/li><\/ul><p>Ao trabalhar no Editor amig\u00e1vel, qualquer usu\u00e1rio da Internet pode crie uma se\u00e7\u00e3o de widget do Radio Player e incorpore-a \u00e0 p\u00e1gina do Google Sites. N\u00e3o h\u00e1 exig\u00eancia de pagamento ou divulga\u00e7\u00e3o dos dados do seu cart\u00e3o para acessar o Editor Elfsight. Se voc\u00ea encontrar alguma dificuldade em qualquer est\u00e1gio, sinta-se \u00e0 vontade para entrar em contato com nosso suporte ao cliente.<\/p><\/div>\r\n\t\t\t\t\t<\/div>\r\n\t\t\t\t<\/div><\/div><\/div>\n","protected":false},"excerpt":{"rendered":"","protected":false},"author":9,"featured_media":0,"parent":1455,"menu_order":0,"comment_status":"closed","ping_status":"closed","template":"templates\/template-application-platform.php","meta":{"publish_to_discourse":"","publish_post_category":"","wpdc_auto_publish_overridden":"","wpdc_topic_tags":"","wpdc_pin_topic":"","wpdc_pin_until":"","discourse_post_id":"","discourse_permalink":"","wpdc_publishing_response":"","wpdc_publishing_error":"","footnotes":""},"class_list":["post-7681","page","type-page","status-publish","hentry"],"yoast_head":"<!-- This site is optimized with the Yoast SEO plugin v25.3.1 - https:\/\/yoast.com\/wordpress\/plugins\/seo\/ -->\n<title>Radio Player - Adicionar widget Radio Player ao Google Sites (2025)<\/title>\n<meta name=\"description\" content=\"Implemente um widget Radio Player responsivo em seu site. Use nossa demonstra\u00e7\u00e3o pr\u00e1tica e molde sua ferramenta sem esfor\u00e7o em apenas alguns minutos!\" \/>\n<meta name=\"robots\" content=\"index, follow, max-snippet:-1, max-image-preview:large, max-video-preview:-1\" \/>\n<link rel=\"canonical\" href=\"https:\/\/elfsight.com\/pt\/radio-player-widget\/google-sites\/\" \/>\n<meta property=\"og:locale\" content=\"pt_PT\" \/>\n<meta property=\"og:type\" content=\"article\" \/>\n<meta property=\"og:title\" content=\"Radio Player - Adicionar widget Radio Player ao Google Sites (2025)\" \/>\n<meta property=\"og:description\" content=\"Implemente um widget Radio Player responsivo em seu site. Use nossa demonstra\u00e7\u00e3o pr\u00e1tica e molde sua ferramenta sem esfor\u00e7o em apenas alguns minutos!\" \/>\n<meta property=\"og:url\" content=\"https:\/\/elfsight.com\/pt\/radio-player-widget\/google-sites\/\" \/>\n<meta property=\"og:site_name\" content=\"Elfsight PT\" \/>\n<meta property=\"article:modified_time\" content=\"2025-02-27T11:07:56+00:00\" \/>\n<meta name=\"twitter:card\" content=\"summary_large_image\" \/>\n<meta name=\"twitter:label1\" content=\"Tempo estimado de leitura\" \/>\n\t<meta name=\"twitter:data1\" content=\"4 minutos\" \/>\n<!-- \/ Yoast SEO plugin. -->","yoast_head_json":{"title":"Radio Player - Adicionar widget Radio Player ao Google Sites (2025)","description":"Implemente um widget Radio Player responsivo em seu site. Use nossa demonstra\u00e7\u00e3o pr\u00e1tica e molde sua ferramenta sem esfor\u00e7o em apenas alguns minutos!","robots":{"index":"index","follow":"follow","max-snippet":"max-snippet:-1","max-image-preview":"max-image-preview:large","max-video-preview":"max-video-preview:-1"},"canonical":"https:\/\/elfsight.com\/pt\/radio-player-widget\/google-sites\/","og_locale":"pt_PT","og_type":"article","og_title":"Radio Player - Adicionar widget Radio Player ao Google Sites (2025)","og_description":"Implemente um widget Radio Player responsivo em seu site. Use nossa demonstra\u00e7\u00e3o pr\u00e1tica e molde sua ferramenta sem esfor\u00e7o em apenas alguns minutos!","og_url":"https:\/\/elfsight.com\/pt\/radio-player-widget\/google-sites\/","og_site_name":"Elfsight PT","article_modified_time":"2025-02-27T11:07:56+00:00","twitter_card":"summary_large_image","twitter_misc":{"Tempo estimado de leitura":"4 minutos"},"schema":{"@context":"https:\/\/schema.org","@graph":[{"@type":"WebPage","@id":"https:\/\/elfsight.com\/pt\/radio-player-widget\/google-sites\/","url":"https:\/\/elfsight.com\/pt\/radio-player-widget\/google-sites\/","name":"Radio Player - Adicionar widget Radio Player ao Google Sites (2025)","isPartOf":{"@id":"https:\/\/elfsight.com\/pt\/#website"},"datePublished":"1970-01-01T00:00:00+00:00","dateModified":"2025-02-27T11:07:56+00:00","description":"Implemente um widget Radio Player responsivo em seu site. Use nossa demonstra\u00e7\u00e3o pr\u00e1tica e molde sua ferramenta sem esfor\u00e7o em apenas alguns minutos!","breadcrumb":{"@id":"https:\/\/elfsight.com\/pt\/radio-player-widget\/google-sites\/#breadcrumb"},"inLanguage":"pt-PT","potentialAction":[{"@type":"ReadAction","target":["https:\/\/elfsight.com\/pt\/radio-player-widget\/google-sites\/"]}]},{"@type":"BreadcrumbList","@id":"https:\/\/elfsight.com\/pt\/radio-player-widget\/google-sites\/#breadcrumb","itemListElement":[{"@type":"ListItem","position":1,"name":"Home","item":"https:\/\/elfsight.com\/pt\/"},{"@type":"ListItem","position":2,"name":"Radio Player","item":"https:\/\/elfsight.com\/pt\/radio-player-widget\/"},{"@type":"ListItem","position":3,"name":"Radio Player &#8211; Google Sites"}]},{"@type":"WebSite","@id":"https:\/\/elfsight.com\/pt\/#website","url":"https:\/\/elfsight.com\/pt\/","name":"Elfsight PT","description":"Just another Elfsight Sites site","potentialAction":[{"@type":"SearchAction","target":{"@type":"EntryPoint","urlTemplate":"https:\/\/elfsight.com\/pt\/?s={search_term_string}"},"query-input":{"@type":"PropertyValueSpecification","valueRequired":true,"valueName":"search_term_string"}}],"inLanguage":"pt-PT"}]}},"meta_box":{"industry":"","seo_heading":"","heading":"","description":"","cta_heading":"","cta_description":"","application":"1454","h1":"Widget do reprodutor de r\u00e1dio do Google Sites","h1_caption":"Diversifique suas variantes de conte\u00fado e destaque-se de seus concorrentes","application_category":[],"applications_title":"","applications_request_title":"","applications_request_button_text":"","hero_text":"","hero_video":"","hero_video_schema_markup":"","selling_points_title":"","selling_points_caption":"","selling_points":[],"selling_points_cta_text":"","features_title":"","features":"","ed_cta_examples_text":"","ed_cta_examples_hidden":"","ed_cta_demo_text":"","ed_cta_demo_hidden":"","why_caption":"","why_editor_title":"","why_editor_text":"","why_team_title":"","why_team_text":"","why_service_title":"","why_service_text":"","template_catalog_visible":"0","template_catalog_title":"","template_catalog_text":"","template_catalog_categories_visible":"","demo_title":"Crie seu widget Radio Player","demo_caption":"Configure seu Radio Player e adicione-o ao seu site do Google Sites gratuitamente!","default_faq_hidden":"","app_template_category":[],"platform":"112","template_public_id":"","codecanyon_url":"","codecanyon_item_id":"","codecanyon_price":"","pricing_caption":"","pricing_elfsight_apps_hide_column":"","pricing_elfsight_apps_url":"","pricing_codecanyon_price_caption":"","integration_category":[],"integration_request_title":"","integration_request_cta":"","integration_platform":"","integrations":[],"platform_category":[],"video_schema_markup":"","price":"a partir de US$ 0\/m\u00eas","trial":"","benefits":[{"text":"Assist\u00eancia de instala\u00e7\u00e3o gratuita"},{"text":"Suporte premium"},{"text":"Garantia de reembolso de 14 dias"},{"text":"Melhorias cont\u00ednuas"}],"button_url":"#demo","button_target_blank":"0","button_nofollow":"0","attributes":[{"name":"Instala\u00e7\u00f5es","content":"10,000 - 100,000"},{"name":"Responsivo","content":"Otimizado para celular"},{"name":"Navegadores compat\u00edveis","content":" Firefox, Opera, Edge, Safari, Chrome"}],"tags":[],"tags_disable_links":"0","hide_more_platforms":"0","video_object":"","demo_hide_cta":"0","demo_hide_cloud_options":"0","pricing_title":"","pricing":[{"pricing_icon":"platform","pricing_title":"Elfsight Apps","pricing_title_caption":"Software independente de plataforma que se adapta a qualquer site","pricing_price":"a partir de US$ 0\/m\u00eas","pricing_price_caption":"comece com plano gratuito","pricing_benefits":[{"text":"Dom\u00ednios ilimitados"},{"text":"Suporte dedicado"},{"text":"Suporte dedicado"},{"text":"Design flex\u00edvel"}],"pricing_button_text":"Adicionar ao site","pricing_button_url":"#demo"}],"related_apps_title":"","related_apps_hidden":"0","author":"","image":[],"title":"","job":"","social_networks":[]},"_links":{"self":[{"href":"https:\/\/elfsight.com\/pt\/wp-json\/wp\/v2\/pages\/7681","targetHints":{"allow":["GET"]}}],"collection":[{"href":"https:\/\/elfsight.com\/pt\/wp-json\/wp\/v2\/pages"}],"about":[{"href":"https:\/\/elfsight.com\/pt\/wp-json\/wp\/v2\/types\/page"}],"author":[{"embeddable":true,"href":"https:\/\/elfsight.com\/pt\/wp-json\/wp\/v2\/users\/9"}],"replies":[{"embeddable":true,"href":"https:\/\/elfsight.com\/pt\/wp-json\/wp\/v2\/comments?post=7681"}],"version-history":[{"count":3,"href":"https:\/\/elfsight.com\/pt\/wp-json\/wp\/v2\/pages\/7681\/revisions"}],"predecessor-version":[{"id":14052,"href":"https:\/\/elfsight.com\/pt\/wp-json\/wp\/v2\/pages\/7681\/revisions\/14052"}],"up":[{"embeddable":true,"href":"https:\/\/elfsight.com\/pt\/wp-json\/wp\/v2\/pages\/1455"}],"wp:attachment":[{"href":"https:\/\/elfsight.com\/pt\/wp-json\/wp\/v2\/media?parent=7681"}],"curies":[{"name":"wp","href":"https:\/\/api.w.org\/{rel}","templated":true}]}}