{"id":7674,"date":"1970-01-01T00:00:00","date_gmt":"1970-01-01T00:00:00","guid":{"rendered":"https:\/\/elfsight.com\/pt\/?page_id=7674"},"modified":"2024-11-12T15:28:11","modified_gmt":"2024-11-12T15:28:11","slug":"jimdo","status":"publish","type":"page","link":"https:\/\/elfsight.com\/pt\/radio-player-widget\/jimdo\/","title":{"rendered":"Radio Player &#8211; Jimdo"},"content":{"rendered":"<div class=\"application-platform-content-item-description application-platform-content-item\" id=\"description\" data-nav-section=\"description\"><h2>Descri\u00e7\u00e3o<\/h2> <p>Elfsight Radio Player \u00e9 uma ferramenta descomplicada que permite reproduzir faixas de \u00e1udio no seu site. O widget \u00e9 extremamente ajust\u00e1vel: voc\u00ea pode alterar sua posi\u00e7\u00e3o, configurando-o em qualquer lugar da p\u00e1gina, alterar seu tamanho, repintar o fundo e outros elementos para mistur\u00e1-lo com o design do seu site, aplicar esquema de cores escuras, demonstrar capas e exibir ou ocultar 3 adicionais elementos do jogador como barra de progresso e muito mais. Adicione quantas faixas forem necess\u00e1rias para envolver seus usu\u00e1rios, ative a reprodu\u00e7\u00e3o autom\u00e1tica e n\u00e3o hesite: seus visitantes n\u00e3o sair\u00e3o do seu site t\u00e3o cedo! <\/p><p><b>Com o Radio Player, tenha desenvolvimento sustent\u00e1vel de neg\u00f3cios e aumente as vendas.<\/b><\/p> <\/div> <div class=\"application-platform-content-item-features application-platform-content-item\" id=\"features\" data-nav-section=\"features\"> <h2>Confira a lista dos maiores recursos: <\/h2> <ul><li>2 layouts dispon\u00edveis<\/li><li>Possibilidade de adicionar imagem de fundo<\/li><li>Adicionar n\u00famero ilimitado de esta\u00e7\u00f5es<\/li><li>Uma op\u00e7\u00e3o para crie seu esquema de cores personalizado<\/li><li>Adicione um n\u00famero ilimitado de esta\u00e7\u00f5es<\/li><li>Demonstre o status da esta\u00e7\u00e3o<\/li><\/ul><p><a href=\"#demo\">Voc\u00ea pode conferir a funcionalidade completa do widget na demonstra\u00e7\u00e3o abaixo<\/a><\/p> <\/div> <div class=\"application-platform-content-item-installation application-platform-content-item\" id=\"installation\" data-nav-section=\"installation\"> <h2>Como incorporar um Radio Player no meu site Jimdo? <\/h2> <p>Basta seguir as instru\u00e7\u00f5es abaixo para adicionar o widget. <\/p> <ol><li><b>Utilize nosso editor gratuito e comece a moldar seu widget personalizado. <\/b><br> Encontre o design personalizado e a funcionalidade da ferramenta e salve as edi\u00e7\u00f5es. <\/li> <li><b>Exiba seu c\u00f3digo exclusivo na caixa dos aplicativos Elfsight. <\/b><br> Assim que a configura\u00e7\u00e3o do seu widget pessoal for conclu\u00edda, copie o c\u00f3digo exclusivo na caixa e salve-o para uso posterior. <\/li> <li><b>Iniciar a utiliza\u00e7\u00e3o do widget no site Jimdo. <\/b><br> Integre o c\u00f3digo que voc\u00ea copiou recentemente em sua p\u00e1gina da web e aplique as edi\u00e7\u00f5es. <\/li> <li><b>A configura\u00e7\u00e3o foi totalmente executada. <\/b><br> Acesse seu site para observar o funcionamento do widget. <\/li><\/ol> <p>Caso voc\u00ea enfrente alguns obst\u00e1culos, n\u00e3o tenha medo de entrar em contato com nossa equipe de suporte. Nosso pessoal ter\u00e1 prazer em ajud\u00e1-lo com todas as d\u00favidas que voc\u00ea possa ter sobre o produto. <\/p> <\/div>","protected":false},"excerpt":{"rendered":"","protected":false},"author":9,"featured_media":0,"parent":1455,"menu_order":0,"comment_status":"closed","ping_status":"closed","template":"templates\/template-application-platform.php","meta":{"publish_to_discourse":"","publish_post_category":"","wpdc_auto_publish_overridden":"","wpdc_topic_tags":"","wpdc_pin_topic":"","wpdc_pin_until":"","discourse_post_id":"","discourse_permalink":"","wpdc_publishing_response":"","wpdc_publishing_error":"","footnotes":""},"class_list":["post-7674","page","type-page","status-publish","hentry"],"yoast_head":"<!-- This site is optimized with the Yoast SEO plugin v25.3.1 - https:\/\/yoast.com\/wordpress\/plugins\/seo\/ -->\n<title>Widget Elfsight Radio Player para sites Jimdo (gratuito e r\u00e1pido)<\/title>\n<meta name=\"description\" content=\"Implemente um widget Radio Player responsivo em seu site. Use nossa demonstra\u00e7\u00e3o pr\u00e1tica e crie seu widget sem esfor\u00e7o!\" \/>\n<meta name=\"robots\" content=\"index, follow, max-snippet:-1, max-image-preview:large, max-video-preview:-1\" \/>\n<link rel=\"canonical\" href=\"https:\/\/elfsight.com\/pt\/radio-player-widget\/jimdo\/\" \/>\n<meta property=\"og:locale\" content=\"pt_PT\" \/>\n<meta property=\"og:type\" content=\"article\" \/>\n<meta property=\"og:title\" content=\"Widget Elfsight Radio Player para sites Jimdo (gratuito e r\u00e1pido)\" \/>\n<meta property=\"og:description\" content=\"Implemente um widget Radio Player responsivo em seu site. Use nossa demonstra\u00e7\u00e3o pr\u00e1tica e crie seu widget sem esfor\u00e7o!\" \/>\n<meta property=\"og:url\" content=\"https:\/\/elfsight.com\/pt\/radio-player-widget\/jimdo\/\" \/>\n<meta property=\"og:site_name\" content=\"Elfsight PT\" \/>\n<meta property=\"article:modified_time\" content=\"2024-11-12T15:28:11+00:00\" \/>\n<meta name=\"twitter:card\" content=\"summary_large_image\" \/>\n<meta name=\"twitter:label1\" content=\"Tempo estimado de leitura\" \/>\n\t<meta name=\"twitter:data1\" content=\"2 minutos\" \/>\n<!-- \/ Yoast SEO plugin. -->","yoast_head_json":{"title":"Widget Elfsight Radio Player para sites Jimdo (gratuito e r\u00e1pido)","description":"Implemente um widget Radio Player responsivo em seu site. Use nossa demonstra\u00e7\u00e3o pr\u00e1tica e crie seu widget sem esfor\u00e7o!","robots":{"index":"index","follow":"follow","max-snippet":"max-snippet:-1","max-image-preview":"max-image-preview:large","max-video-preview":"max-video-preview:-1"},"canonical":"https:\/\/elfsight.com\/pt\/radio-player-widget\/jimdo\/","og_locale":"pt_PT","og_type":"article","og_title":"Widget Elfsight Radio Player para sites Jimdo (gratuito e r\u00e1pido)","og_description":"Implemente um widget Radio Player responsivo em seu site. Use nossa demonstra\u00e7\u00e3o pr\u00e1tica e crie seu widget sem esfor\u00e7o!","og_url":"https:\/\/elfsight.com\/pt\/radio-player-widget\/jimdo\/","og_site_name":"Elfsight PT","article_modified_time":"2024-11-12T15:28:11+00:00","twitter_card":"summary_large_image","twitter_misc":{"Tempo estimado de leitura":"2 minutos"},"schema":{"@context":"https:\/\/schema.org","@graph":[{"@type":"WebPage","@id":"https:\/\/elfsight.com\/pt\/radio-player-widget\/jimdo\/","url":"https:\/\/elfsight.com\/pt\/radio-player-widget\/jimdo\/","name":"Widget Elfsight Radio Player para sites Jimdo (gratuito e r\u00e1pido)","isPartOf":{"@id":"https:\/\/elfsight.com\/pt\/#website"},"datePublished":"1970-01-01T00:00:00+00:00","dateModified":"2024-11-12T15:28:11+00:00","description":"Implemente um widget Radio Player responsivo em seu site. Use nossa demonstra\u00e7\u00e3o pr\u00e1tica e crie seu widget sem esfor\u00e7o!","breadcrumb":{"@id":"https:\/\/elfsight.com\/pt\/radio-player-widget\/jimdo\/#breadcrumb"},"inLanguage":"pt-PT","potentialAction":[{"@type":"ReadAction","target":["https:\/\/elfsight.com\/pt\/radio-player-widget\/jimdo\/"]}]},{"@type":"BreadcrumbList","@id":"https:\/\/elfsight.com\/pt\/radio-player-widget\/jimdo\/#breadcrumb","itemListElement":[{"@type":"ListItem","position":1,"name":"Home","item":"https:\/\/elfsight.com\/pt\/"},{"@type":"ListItem","position":2,"name":"Radio Player","item":"https:\/\/elfsight.com\/pt\/radio-player-widget\/"},{"@type":"ListItem","position":3,"name":"Radio Player &#8211; Jimdo"}]},{"@type":"WebSite","@id":"https:\/\/elfsight.com\/pt\/#website","url":"https:\/\/elfsight.com\/pt\/","name":"Elfsight PT","description":"Just another Elfsight Sites site","potentialAction":[{"@type":"SearchAction","target":{"@type":"EntryPoint","urlTemplate":"https:\/\/elfsight.com\/pt\/?s={search_term_string}"},"query-input":{"@type":"PropertyValueSpecification","valueRequired":true,"valueName":"search_term_string"}}],"inLanguage":"pt-PT"}]}},"meta_box":{"industry":"","seo_heading":"","heading":"","description":"","cta_heading":"","cta_description":"","application":"1454","h1":"Widget do reprodutor de r\u00e1dio Jimdo","h1_caption":"Multiplique suas op\u00e7\u00f5es de conte\u00fado e destaque-se na multid\u00e3o","application_category":[],"applications_title":"","applications_request_title":"","applications_request_button_text":"","hero_text":"","hero_video":"","hero_video_schema_markup":"","selling_points_title":"","selling_points_caption":"","selling_points":[],"selling_points_cta_text":"","features_title":"","features":"","ed_cta_examples_text":"","ed_cta_examples_hidden":"","ed_cta_demo_text":"","ed_cta_demo_hidden":"","why_caption":"","why_editor_title":"","why_editor_text":"","why_team_title":"","why_team_text":"","why_service_title":"","why_service_text":"","template_catalog_visible":"","template_catalog_title":"","template_catalog_text":"","template_catalog_categories_visible":"","demo_title":"Crie seu widget Radio Player","demo_caption":"Configure seu Radio Player e adicione-o ao seu site Jimdo gratuitamente!","default_faq_hidden":"","app_template_category":[],"platform":"5393","template_public_id":"","codecanyon_url":"","codecanyon_item_id":"","codecanyon_price":"","pricing_caption":"","pricing_elfsight_apps_hide_column":"","pricing_elfsight_apps_url":"","pricing_codecanyon_price_caption":"","integration_category":[],"integration_request_title":"","integration_request_cta":"","integration_platform":"","integrations":[],"platform_category":[],"video_schema_markup":"","price":"a partir de US$ 0\/m\u00eas","trial":"","benefits":[{"text":"Servi\u00e7o de instala\u00e7\u00e3o gratuito"},{"text":"Atendimento ao cliente profissional"},{"text":"Garantia de devolu\u00e7\u00e3o do dinheiro em 14 dias"},{"text":"Melhorias gratuitas cont\u00ednuas"}],"button_url":"#demo","button_target_blank":"","button_nofollow":"","attributes":[{"name":"Instala\u00e7\u00f5es","content":"10,000 - 100,000"},{"name":"Responsivo","content":"Sim"},{"name":"Navegadores compat\u00edveis","content":"Firefox, Safari, Opera, Chrome, Edge"}],"tags":[],"tags_disable_links":"","hide_more_platforms":"","video_object":"","demo_hide_cta":"","demo_hide_cloud_options":"","pricing_title":"","pricing":[{"pricing_icon":"platform","pricing_title":"Elfsight Apps","pricing_title_caption":"Solu\u00e7\u00e3o multiplataforma que funciona em qualquer site","pricing_price":"a partir de US$ 0\/m\u00eas","pricing_price_caption":"comece com um plano gratuito","pricing_benefits":[{"text":"Dom\u00ednios ilimitados"},{"text":"Suporte gratuito ao cliente"},{"text":"Suporte gratuito ao cliente"},{"text":"Design flex\u00edvel"}],"pricing_button_text":"Adicionar ao site","pricing_button_url":"#demo"}],"related_apps_title":"","related_apps_hidden":"","author":"","image":[],"title":"","job":"","social_networks":[]},"_links":{"self":[{"href":"https:\/\/elfsight.com\/pt\/wp-json\/wp\/v2\/pages\/7674","targetHints":{"allow":["GET"]}}],"collection":[{"href":"https:\/\/elfsight.com\/pt\/wp-json\/wp\/v2\/pages"}],"about":[{"href":"https:\/\/elfsight.com\/pt\/wp-json\/wp\/v2\/types\/page"}],"author":[{"embeddable":true,"href":"https:\/\/elfsight.com\/pt\/wp-json\/wp\/v2\/users\/9"}],"replies":[{"embeddable":true,"href":"https:\/\/elfsight.com\/pt\/wp-json\/wp\/v2\/comments?post=7674"}],"version-history":[{"count":1,"href":"https:\/\/elfsight.com\/pt\/wp-json\/wp\/v2\/pages\/7674\/revisions"}],"predecessor-version":[{"id":7678,"href":"https:\/\/elfsight.com\/pt\/wp-json\/wp\/v2\/pages\/7674\/revisions\/7678"}],"up":[{"embeddable":true,"href":"https:\/\/elfsight.com\/pt\/wp-json\/wp\/v2\/pages\/1455"}],"wp:attachment":[{"href":"https:\/\/elfsight.com\/pt\/wp-json\/wp\/v2\/media?parent=7674"}],"curies":[{"name":"wp","href":"https:\/\/api.w.org\/{rel}","templated":true}]}}