{"id":7672,"date":"1970-01-01T00:00:00","date_gmt":"1970-01-01T00:00:00","guid":{"rendered":"https:\/\/elfsight.com\/pt\/?page_id=7672"},"modified":"2025-03-07T05:00:18","modified_gmt":"2025-03-07T05:00:18","slug":"bigcommerce","status":"publish","type":"page","link":"https:\/\/elfsight.com\/pt\/qr-code-widget\/bigcommerce\/","title":{"rendered":"QR Code &#8211; BigCommerce"},"content":{"rendered":"\n<div class=\"application-platform-content-item-description application-platform-content-item\" id=\"description\" data-nav-section=\"description\"> <h2>Descri\u00e7\u00e3o<\/h2> <p>O gerador de QR Code da Elfsight \u00e9 uma op\u00e7\u00e3o not\u00e1vel para BigCommerce, permitindo que voc\u00ea redirecione instantaneamente seus visitantes para qualquer site, compartilhe um link, sua localiza\u00e7\u00e3o, email, qualquer arquivo e muito mais. O plugin \u00e9 extremamente ajust\u00e1vel: voc\u00ea pode adicionar um t\u00edtulo, legenda, escolher o \u00edcone e o logotipo &#8211; de nossa biblioteca ou fazer upload do seu pr\u00f3prio, repintar o texto, o plano de fundo, a moldura e alterar o tamanho da maneira que desejar. Tudo o que voc\u00ea precisa fazer \u00e9 come\u00e7ar a criar o recurso &#8211; a instala\u00e7\u00e3o n\u00e3o \u00e9 sofisticada e n\u00e3o requer nenhuma habilidade de codifica\u00e7\u00e3o. <\/p> <p><b>Insira o gerador de QR Code da Elfsight em seu site e leve os visitantes diretamente para onde voc\u00ea deseja e simplifique o uso do conte\u00fado.<\/b><\/p> <\/div> <div class=\"application-platform-content-item- features application-platform-content-item\" id=\" features\" data-nav-section=\" features\"> <h2>Os recursos mais importantes do aplicativo incluem<\/h2> <ul><li>Acesso imediato ao conte\u00fado que voc\u00ea enviou<\/li><li>Adicionar qualquer texto<\/li><li>Oito logotipos troc\u00e1veis <\/li><li>Quinze \u00edcones troc\u00e1veis \u200b\u200bpara voc\u00ea escolher<\/li><li>Recolorir todos os elementos<\/li><\/ul><p><a href=\"#demo\">Explorar todos os recursos de personaliza\u00e7\u00e3o em uma demonstra\u00e7\u00e3o totalmente funcional<\/a><\/p> <\/div> <div class=\"application-platform-content-item-installation application-platform-content-item\" id=\"installation\" data-nav-section=\"installation\"> <h2>Como incorporo o QR Code em minha p\u00e1gina do BigCommerce? <\/h2> <p>Basta seguir as etapas descritas abaixo para adicionar o aplicativo. <\/p> <ol><li><b>Abra nossa demonstra\u00e7\u00e3o gratuita e comece a criar seu widget personalizado. <\/b><br> Encontre o layout e desempenho desejados do widget e aplique todas as modifica\u00e7\u00f5es. <\/li> <li><b>Receba o seu c\u00f3digo exclusivo revelado no formul\u00e1rio especial nas aplica\u00e7\u00f5es Elfsight. <\/b><br> Logo ap\u00f3s a configura\u00e7\u00e3o do seu widget, copie o seu c\u00f3digo no popup que aparece e guarde-o para futuras ocasi\u00f5es. <\/li> <li><b>Comece a usar o widget em sua p\u00e1gina do BigCommerce. <\/b><br> Integre o c\u00f3digo que voc\u00ea copiou recentemente em sua p\u00e1gina web e aplique as corre\u00e7\u00f5es. <\/li> <li><b>A instala\u00e7\u00e3o foi totalmente conclu\u00edda. <\/b><br> Abra seu site para observar o desempenho do widget. <\/li><\/ol> <p>Supondo que voc\u00ea tenha alguma dificuldade, n\u00e3o tenha medo de entrar em contato com nossa equipe de atendimento ao cliente. Nossos especialistas est\u00e3o ansiosos para resolver todas as d\u00favidas que voc\u00ea possa ter sobre o produto. <\/p> <div class=\"faq\" data-component=\"FAQ\"><div class=\"faq-item\">\r\n\t\t\t\t\t<div class=\"faq-item-question\">\r\n\t\t\t\t\t\t<h3 class=\"faq-item-question-text\">Existe um m\u00e9todo para incorporar um portf\u00f3lio ao meu site BigCommerce sem nenhum conhecimento de codifica\u00e7\u00e3o?<\/h3>\r\n\r\n\t\t\t\t\t\t<div class=\"faq-item-question-icon\"><\/div>\r\n\t\t\t\t\t<\/div>\r\n\r\n\t\t\t\t\t<div class=\"faq-item-answer\">\r\n\t\t\t\t\t\t<div class=\"faq-item-answer-text\"> <p>A empresa Elfsight oferece uma solu\u00e7\u00e3o SaaS que permite que voc\u00ea mesmo estabele\u00e7a um plugin de portf\u00f3lio, descubra as instru\u00e7\u00f5es f\u00e1ceis: Comece a trabalhar diretamente na demonstra\u00e7\u00e3o ao vivo para construir um aplicativo de portf\u00f3lio que voc\u00ea gostaria de ver no BigCommerce. Escolha um de nossos modelos pr\u00e9-fabricados e modifique as configura\u00e7\u00f5es do Portf\u00f3lio, adicione seu conte\u00fado, altere o layout e o esquema de cores sem nenhum conhecimento de codifica\u00e7\u00e3o. Salve o Portf\u00f3lio e obtenha o c\u00f3digo de instala\u00e7\u00e3o do widget, que voc\u00ea pode incorporar na sua p\u00e1gina inicial do BigCommerce dentro de um plano gratuito. Com o configurador intuitivo, cada usu\u00e1rio da Internet pode estabelecer um widget de portf\u00f3lio online e adicion\u00e1-lo facilmente a qualquer p\u00e1gina inicial do BigCommerce. Voc\u00ea n\u00e3o deve pagar ou inserir as credenciais do seu cart\u00e3o para acessar nosso Editor. Se voc\u00ea encontrar algum problema em qualquer etapa, n\u00e3o hesite em entrar em contato com nossa equipe de suporte t\u00e9cnico.<\/p> <\/div>\r\n\t\t\t\t\t<\/div>\r\n\t\t\t\t<\/div> <\/div><\/div>\n","protected":false},"excerpt":{"rendered":"","protected":false},"author":9,"featured_media":0,"parent":1419,"menu_order":0,"comment_status":"closed","ping_status":"closed","template":"templates\/template-application-platform.php","meta":{"publish_to_discourse":"","publish_post_category":"","wpdc_auto_publish_overridden":"","wpdc_topic_tags":"","wpdc_pin_topic":"","wpdc_pin_until":"","discourse_post_id":"","discourse_permalink":"","wpdc_publishing_response":"","wpdc_publishing_error":"","footnotes":""},"class_list":["post-7672","page","type-page","status-publish","hentry"],"yoast_head":"<!-- This site is optimized with the Yoast SEO plugin v25.3.1 - https:\/\/yoast.com\/wordpress\/plugins\/seo\/ -->\n<title>Gerador de c\u00f3digo QR \u2013 Adicionar widget de c\u00f3digo QR ao BigCommerce [2025]<\/title>\n<meta name=\"description\" content=\"Forme seu c\u00f3digo QR exclusivo para o site BigCommerce rapidamente. Basta utilizar nossa demonstra\u00e7\u00e3o e seu aplicativo estar\u00e1 pronto em menos de um minuto.\" \/>\n<meta name=\"robots\" content=\"index, follow, max-snippet:-1, max-image-preview:large, max-video-preview:-1\" \/>\n<link rel=\"canonical\" href=\"https:\/\/elfsight.com\/pt\/qr-code-widget\/bigcommerce\/\" \/>\n<meta property=\"og:locale\" content=\"pt_PT\" \/>\n<meta property=\"og:type\" content=\"article\" \/>\n<meta property=\"og:title\" content=\"Gerador de c\u00f3digo QR \u2013 Adicionar widget de c\u00f3digo QR ao BigCommerce [2025]\" \/>\n<meta property=\"og:description\" content=\"Forme seu c\u00f3digo QR exclusivo para o site BigCommerce rapidamente. Basta utilizar nossa demonstra\u00e7\u00e3o e seu aplicativo estar\u00e1 pronto em menos de um minuto.\" \/>\n<meta property=\"og:url\" content=\"https:\/\/elfsight.com\/pt\/qr-code-widget\/bigcommerce\/\" \/>\n<meta property=\"og:site_name\" content=\"Elfsight PT\" \/>\n<meta property=\"article:modified_time\" content=\"2025-03-07T05:00:18+00:00\" \/>\n<meta name=\"twitter:card\" content=\"summary_large_image\" \/>\n<meta name=\"twitter:label1\" content=\"Tempo estimado de leitura\" \/>\n\t<meta name=\"twitter:data1\" content=\"3 minutos\" \/>\n<!-- \/ Yoast SEO plugin. -->","yoast_head_json":{"title":"Gerador de c\u00f3digo QR \u2013 Adicionar widget de c\u00f3digo QR ao BigCommerce [2025]","description":"Forme seu c\u00f3digo QR exclusivo para o site BigCommerce rapidamente. Basta utilizar nossa demonstra\u00e7\u00e3o e seu aplicativo estar\u00e1 pronto em menos de um minuto.","robots":{"index":"index","follow":"follow","max-snippet":"max-snippet:-1","max-image-preview":"max-image-preview:large","max-video-preview":"max-video-preview:-1"},"canonical":"https:\/\/elfsight.com\/pt\/qr-code-widget\/bigcommerce\/","og_locale":"pt_PT","og_type":"article","og_title":"Gerador de c\u00f3digo QR \u2013 Adicionar widget de c\u00f3digo QR ao BigCommerce [2025]","og_description":"Forme seu c\u00f3digo QR exclusivo para o site BigCommerce rapidamente. Basta utilizar nossa demonstra\u00e7\u00e3o e seu aplicativo estar\u00e1 pronto em menos de um minuto.","og_url":"https:\/\/elfsight.com\/pt\/qr-code-widget\/bigcommerce\/","og_site_name":"Elfsight PT","article_modified_time":"2025-03-07T05:00:18+00:00","twitter_card":"summary_large_image","twitter_misc":{"Tempo estimado de leitura":"3 minutos"},"schema":{"@context":"https:\/\/schema.org","@graph":[{"@type":"WebPage","@id":"https:\/\/elfsight.com\/pt\/qr-code-widget\/bigcommerce\/","url":"https:\/\/elfsight.com\/pt\/qr-code-widget\/bigcommerce\/","name":"Gerador de c\u00f3digo QR \u2013 Adicionar widget de c\u00f3digo QR ao BigCommerce [2025]","isPartOf":{"@id":"https:\/\/elfsight.com\/pt\/#website"},"datePublished":"1970-01-01T00:00:00+00:00","dateModified":"2025-03-07T05:00:18+00:00","description":"Forme seu c\u00f3digo QR exclusivo para o site BigCommerce rapidamente. Basta utilizar nossa demonstra\u00e7\u00e3o e seu aplicativo estar\u00e1 pronto em menos de um minuto.","breadcrumb":{"@id":"https:\/\/elfsight.com\/pt\/qr-code-widget\/bigcommerce\/#breadcrumb"},"inLanguage":"pt-PT","potentialAction":[{"@type":"ReadAction","target":["https:\/\/elfsight.com\/pt\/qr-code-widget\/bigcommerce\/"]}]},{"@type":"BreadcrumbList","@id":"https:\/\/elfsight.com\/pt\/qr-code-widget\/bigcommerce\/#breadcrumb","itemListElement":[{"@type":"ListItem","position":1,"name":"Home","item":"https:\/\/elfsight.com\/pt\/"},{"@type":"ListItem","position":2,"name":"QR Code","item":"https:\/\/elfsight.com\/pt\/qr-code-widget\/"},{"@type":"ListItem","position":3,"name":"QR Code &#8211; BigCommerce"}]},{"@type":"WebSite","@id":"https:\/\/elfsight.com\/pt\/#website","url":"https:\/\/elfsight.com\/pt\/","name":"Elfsight PT","description":"Just another Elfsight Sites site","potentialAction":[{"@type":"SearchAction","target":{"@type":"EntryPoint","urlTemplate":"https:\/\/elfsight.com\/pt\/?s={search_term_string}"},"query-input":{"@type":"PropertyValueSpecification","valueRequired":true,"valueName":"search_term_string"}}],"inLanguage":"pt-PT"}]}},"meta_box":{"industry":"","seo_heading":"","heading":"","description":"","cta_heading":"","cta_description":"","application":"1418","h1":"Aplicativo de c\u00f3digo QR BigCommerce","h1_caption":"Encaminhe seu p\u00fablico para qualquer site, compartilhe arquivos instantaneamente e melhore a experi\u00eancia do usu\u00e1rio","application_category":[],"applications_title":"","applications_request_title":"","applications_request_button_text":"","hero_text":"","hero_video":"","hero_video_schema_markup":"","selling_points_title":"","selling_points_caption":"","selling_points":[],"selling_points_cta_text":"","features_title":"","features":"","ed_cta_examples_text":"","ed_cta_examples_hidden":"","ed_cta_demo_text":"","ed_cta_demo_hidden":"","why_caption":"","why_editor_title":"","why_editor_text":"","why_team_title":"","why_team_text":"","why_service_title":"","why_service_text":"","template_catalog_visible":"0","template_catalog_title":"","template_catalog_text":"","template_catalog_categories_visible":"","demo_title":"Crie seu aplicativo de QR Code","demo_caption":"Configure seu QR Code e adicione-o ao seu site BigCommerce gratuitamente!","default_faq_hidden":"","app_template_category":[],"platform":"43","template_public_id":"","codecanyon_url":"","codecanyon_item_id":"","codecanyon_price":"","pricing_caption":"","pricing_elfsight_apps_hide_column":"","pricing_elfsight_apps_url":"","pricing_codecanyon_price_caption":"","integration_category":[],"integration_request_title":"","integration_request_cta":"","integration_platform":"","integrations":[],"platform_category":[],"video_schema_markup":"","price":"a partir de US$ 0\/m\u00eas","trial":"","benefits":[{"text":"Servi\u00e7o de instala\u00e7\u00e3o gratuito"},{"text":"Suporte ao cliente experiente"},{"text":"Garantia de reembolso de 14 dias"},{"text":"Desenvolvimento cont\u00ednuo"}],"button_url":"#demo","button_target_blank":"0","button_nofollow":"0","attributes":[{"name":"Instala\u00e7\u00f5es","content":"10,000 - 100,000"},{"name":"Responsivo","content":"Sim"},{"name":"Navegadores compat\u00edveis","content":"Firefox, Safari, Opera, Chrome, Edge"}],"tags":[],"tags_disable_links":"0","hide_more_platforms":"0","video_object":"","demo_hide_cta":"0","demo_hide_cloud_options":"0","pricing_title":"","pricing":[{"pricing_icon":"platform","pricing_title":"Elfsight Apps","pricing_title_caption":"Vers\u00e3o multiplataforma adequada para qualquer site","pricing_price":"a partir de US$ 0\/m\u00eas","pricing_price_caption":"comece com um plano gratuito","pricing_benefits":[{"text":"Dom\u00ednios ilimitados"},{"text":"Suporte ao cliente r\u00e1pido e bem documentado"},{"text":"Suporte ao cliente r\u00e1pido e bem documentado"},{"text":"100% personaliz\u00e1vel"}],"pricing_button_text":"Adicionar ao site","pricing_button_url":"#demo"}],"related_apps_title":"","related_apps_hidden":"0","author":"","image":[],"title":"","job":"","social_networks":[]},"_links":{"self":[{"href":"https:\/\/elfsight.com\/pt\/wp-json\/wp\/v2\/pages\/7672","targetHints":{"allow":["GET"]}}],"collection":[{"href":"https:\/\/elfsight.com\/pt\/wp-json\/wp\/v2\/pages"}],"about":[{"href":"https:\/\/elfsight.com\/pt\/wp-json\/wp\/v2\/types\/page"}],"author":[{"embeddable":true,"href":"https:\/\/elfsight.com\/pt\/wp-json\/wp\/v2\/users\/9"}],"replies":[{"embeddable":true,"href":"https:\/\/elfsight.com\/pt\/wp-json\/wp\/v2\/comments?post=7672"}],"version-history":[{"count":2,"href":"https:\/\/elfsight.com\/pt\/wp-json\/wp\/v2\/pages\/7672\/revisions"}],"predecessor-version":[{"id":14504,"href":"https:\/\/elfsight.com\/pt\/wp-json\/wp\/v2\/pages\/7672\/revisions\/14504"}],"up":[{"embeddable":true,"href":"https:\/\/elfsight.com\/pt\/wp-json\/wp\/v2\/pages\/1419"}],"wp:attachment":[{"href":"https:\/\/elfsight.com\/pt\/wp-json\/wp\/v2\/media?parent=7672"}],"curies":[{"name":"wp","href":"https:\/\/api.w.org\/{rel}","templated":true}]}}