{"id":7671,"date":"1970-01-01T00:00:00","date_gmt":"1970-01-01T00:00:00","guid":{"rendered":"https:\/\/elfsight.com\/pt\/?page_id=7671"},"modified":"2025-03-07T05:01:09","modified_gmt":"2025-03-07T05:01:09","slug":"blogger","status":"publish","type":"page","link":"https:\/\/elfsight.com\/pt\/qr-code-widget\/blogger\/","title":{"rendered":"QR Code &#8211; Blogger"},"content":{"rendered":"\n<div class=\"application-platform-content-item-description application-platform-content-item\" id=\"description\" data-nav-section=\"description\"> <h2>Descri\u00e7\u00e3o<\/h2> <p>O gerador de QR Code \u00e9 uma op\u00e7\u00e3o poderosa para sites do Blogger, permitindo redirecionar imediatamente os usu\u00e1rios para qualquer p\u00e1gina da web, compartilhe um URL, sua localiza\u00e7\u00e3o, email, arquivo e muito mais. O plugin \u00e9 altamente ajust\u00e1vel: voc\u00ea pode adicionar um t\u00edtulo, legenda, selecionar o \u00edcone e o logotipo &#8211; de nossa biblioteca ou escolher o seu pr\u00f3prio, repintar o texto, o plano de fundo, o quadro e ajustar o tamanho do widget da maneira que melhor se adequa ao seu site. Tudo o que voc\u00ea precisa fazer \u00e9 come\u00e7ar a criar o recurso \u2013 a instala\u00e7\u00e3o \u00e9 muito f\u00e1cil e n\u00e3o requer nenhuma habilidade de codifica\u00e7\u00e3o. <\/p> <p><b>Incorpore o gerador de QR Code do Blogger em sua p\u00e1gina da web e redirecione os visitantes diretamente para onde voc\u00ea precisa e simplifique o uso do conte\u00fado.<\/b><\/p> <\/div> <div class=\"application-platform-content-item-recursos application-platform-content-item\" id=\"recursos\" data-nav-section=\"recursos\"> <h2>Os recursos de widget mais valiosos incluem<\/h2> <ul><li>Acesso instant\u00e2neo ao conte\u00fado que voc\u00ea enviou<\/li><li>Adicionar qualquer texto<\/li><li>Oito logotipos troc\u00e1veis<\/li><li>15 \u00edcones troc\u00e1veis \u200b\u200bdispon\u00edveis<\/li><li>Repintar todos os elementos do widget<\/li><\/ul><p><a href=\"#demo\">Basta verificar esta demonstra\u00e7\u00e3o para veja como funciona<\/a><\/p> <\/div> <div class=\"application-platform-content-item-installation application-platform-content-item\" id=\"installation\" data-nav-section=\"installation\"> <h2>Como posso incorporar o QR Code ao meu site do Blogger?<\/h2> <p>Basta aplicar as instru\u00e7\u00f5es abaixo para integrar o widget. <\/p> <ol><li><b>Fa\u00e7a nossa demonstra\u00e7\u00e3o gratuita e comece a criar seu pr\u00f3prio plugin. <\/b><br> Encontre o design personalizado e os par\u00e2metros do plugin e aplique as edi\u00e7\u00f5es. <\/li> <li><b>Receba o seu c\u00f3digo pessoal que aparece no formul\u00e1rio especial nas aplica\u00e7\u00f5es Elfsight. <\/b><br> Ap\u00f3s a cria\u00e7\u00e3o do seu widget pessoal, copie o c\u00f3digo pessoal da janela exibida e salve-o para uso posterior. <\/li> <li><b>Comece a usar o widget na p\u00e1gina inicial do Blogger. <\/b><br> Cole o c\u00f3digo que voc\u00ea copiou anteriormente em sua p\u00e1gina e aplique as melhorias. <\/li> <li><b>Pronto! A configura\u00e7\u00e3o foi finalizada com sucesso. <\/b><br> Visite sua p\u00e1gina da web para ver o desempenho da ferramenta. <\/li><\/ol> <p>Caso tenha d\u00favidas ou se depare com algum obst\u00e1culo, sinta-se \u00e0 vontade para procurar atendimento de nossa equipe de atendimento ao cliente. Nossos especialistas est\u00e3o ansiosos para resolver todas as dificuldades que voc\u00ea possa ter com o produto. <\/p> <div class=\"faq\" data-component=\"FAQ\"><div class=\"faq-item\">\r\n\t\t\t\t\t<div class=\"faq-item-question\">\r\n\t\t\t\t\t\t<h3 class=\"faq-item-question-text\">De que maneira posso adicionar o Portf\u00f3lio ao meu site do Blogger sem conhecimento de codifica\u00e7\u00e3o?<\/h3>\r\n\r\n\t\t\t\t\t\t<div class=\"faq-item-question-icon\"><\/div>\r\n\t\t\t\t\t<\/div>\r\n\r\n\t\t\t\t\t<div class=\"faq-item-answer\">\r\n\t\t\t\t\t\t<div class=\"faq-item-answer-text\"> <p>A empresa Elfsight oferece uma solu\u00e7\u00e3o que permite que voc\u00ea mesmo crie um plugin de Portf\u00f3lio, descubra como \u00e9 descomplicado \u00e9: V\u00e1 para o Editor ao vivo para criar um plugin de portf\u00f3lio que voc\u00ea gostaria de ver no Blogger. Escolha um dos modelos prontos e altere as configura\u00e7\u00f5es do Portf\u00f3lio, atualize seu conte\u00fado, transforme o layout e as cores sem codifica\u00e7\u00e3o. Salve as configura\u00e7\u00f5es feitas no Portf\u00f3lio e obtenha o c\u00f3digo de instala\u00e7\u00e3o, que voc\u00ea pode simplesmente colar em qualquer p\u00e1gina inicial do Blogger usando um plano gratuito. Com o Editor intuitivo, qualquer usu\u00e1rio da web pode criar um portf\u00f3lio on-line e incorpor\u00e1-lo prontamente em qualquer p\u00e1gina inicial do Blogger. N\u00e3o \u00e9 necess\u00e1rio obter uma assinatura paga ou divulgar as credenciais do seu cart\u00e3o para acessar o servi\u00e7o Elfsight. Se voc\u00ea tiver algum problema em qualquer etapa, n\u00e3o hesite em falar com nossa equipe de suporte.<\/p> <\/div>\r\n\t\t\t\t\t<\/div>\r\n\t\t\t\t<\/div> <\/div><\/div>\n","protected":false},"excerpt":{"rendered":"","protected":false},"author":9,"featured_media":0,"parent":1419,"menu_order":0,"comment_status":"closed","ping_status":"closed","template":"templates\/template-application-platform.php","meta":{"publish_to_discourse":"","publish_post_category":"","wpdc_auto_publish_overridden":"","wpdc_topic_tags":"","wpdc_pin_topic":"","wpdc_pin_until":"","discourse_post_id":"","discourse_permalink":"","wpdc_publishing_response":"","wpdc_publishing_error":"","footnotes":""},"class_list":["post-7671","page","type-page","status-publish","hentry"],"yoast_head":"<!-- This site is optimized with the Yoast SEO plugin v25.3.1 - https:\/\/yoast.com\/wordpress\/plugins\/seo\/ -->\n<title>Gerador de c\u00f3digo QR \u2013 Adicione widget de c\u00f3digo QR ao Blogger (gr\u00e1tis e r\u00e1pido)<\/title>\n<meta name=\"description\" content=\"Crie rapidamente seu gerador de c\u00f3digo QR personalizado para a p\u00e1gina do Blogger. Basta usar nossa demonstra\u00e7\u00e3o ativa e seu widget ser\u00e1 constru\u00eddo em menos de dois minutos.\" \/>\n<meta name=\"robots\" content=\"index, follow, max-snippet:-1, max-image-preview:large, max-video-preview:-1\" \/>\n<link rel=\"canonical\" href=\"https:\/\/elfsight.com\/pt\/qr-code-widget\/blogger\/\" \/>\n<meta property=\"og:locale\" content=\"pt_PT\" \/>\n<meta property=\"og:type\" content=\"article\" \/>\n<meta property=\"og:title\" content=\"Gerador de c\u00f3digo QR \u2013 Adicione widget de c\u00f3digo QR ao Blogger (gr\u00e1tis e r\u00e1pido)\" \/>\n<meta property=\"og:description\" content=\"Crie rapidamente seu gerador de c\u00f3digo QR personalizado para a p\u00e1gina do Blogger. Basta usar nossa demonstra\u00e7\u00e3o ativa e seu widget ser\u00e1 constru\u00eddo em menos de dois minutos.\" \/>\n<meta property=\"og:url\" content=\"https:\/\/elfsight.com\/pt\/qr-code-widget\/blogger\/\" \/>\n<meta property=\"og:site_name\" content=\"Elfsight PT\" \/>\n<meta property=\"article:modified_time\" content=\"2025-03-07T05:01:09+00:00\" \/>\n<meta name=\"twitter:card\" content=\"summary_large_image\" \/>\n<meta name=\"twitter:label1\" content=\"Tempo estimado de leitura\" \/>\n\t<meta name=\"twitter:data1\" content=\"3 minutos\" \/>\n<!-- \/ Yoast SEO plugin. -->","yoast_head_json":{"title":"Gerador de c\u00f3digo QR \u2013 Adicione widget de c\u00f3digo QR ao Blogger (gr\u00e1tis e r\u00e1pido)","description":"Crie rapidamente seu gerador de c\u00f3digo QR personalizado para a p\u00e1gina do Blogger. Basta usar nossa demonstra\u00e7\u00e3o ativa e seu widget ser\u00e1 constru\u00eddo em menos de dois minutos.","robots":{"index":"index","follow":"follow","max-snippet":"max-snippet:-1","max-image-preview":"max-image-preview:large","max-video-preview":"max-video-preview:-1"},"canonical":"https:\/\/elfsight.com\/pt\/qr-code-widget\/blogger\/","og_locale":"pt_PT","og_type":"article","og_title":"Gerador de c\u00f3digo QR \u2013 Adicione widget de c\u00f3digo QR ao Blogger (gr\u00e1tis e r\u00e1pido)","og_description":"Crie rapidamente seu gerador de c\u00f3digo QR personalizado para a p\u00e1gina do Blogger. Basta usar nossa demonstra\u00e7\u00e3o ativa e seu widget ser\u00e1 constru\u00eddo em menos de dois minutos.","og_url":"https:\/\/elfsight.com\/pt\/qr-code-widget\/blogger\/","og_site_name":"Elfsight PT","article_modified_time":"2025-03-07T05:01:09+00:00","twitter_card":"summary_large_image","twitter_misc":{"Tempo estimado de leitura":"3 minutos"},"schema":{"@context":"https:\/\/schema.org","@graph":[{"@type":"WebPage","@id":"https:\/\/elfsight.com\/pt\/qr-code-widget\/blogger\/","url":"https:\/\/elfsight.com\/pt\/qr-code-widget\/blogger\/","name":"Gerador de c\u00f3digo QR \u2013 Adicione widget de c\u00f3digo QR ao Blogger (gr\u00e1tis e r\u00e1pido)","isPartOf":{"@id":"https:\/\/elfsight.com\/pt\/#website"},"datePublished":"1970-01-01T00:00:00+00:00","dateModified":"2025-03-07T05:01:09+00:00","description":"Crie rapidamente seu gerador de c\u00f3digo QR personalizado para a p\u00e1gina do Blogger. Basta usar nossa demonstra\u00e7\u00e3o ativa e seu widget ser\u00e1 constru\u00eddo em menos de dois minutos.","breadcrumb":{"@id":"https:\/\/elfsight.com\/pt\/qr-code-widget\/blogger\/#breadcrumb"},"inLanguage":"pt-PT","potentialAction":[{"@type":"ReadAction","target":["https:\/\/elfsight.com\/pt\/qr-code-widget\/blogger\/"]}]},{"@type":"BreadcrumbList","@id":"https:\/\/elfsight.com\/pt\/qr-code-widget\/blogger\/#breadcrumb","itemListElement":[{"@type":"ListItem","position":1,"name":"Home","item":"https:\/\/elfsight.com\/pt\/"},{"@type":"ListItem","position":2,"name":"QR Code","item":"https:\/\/elfsight.com\/pt\/qr-code-widget\/"},{"@type":"ListItem","position":3,"name":"QR Code &#8211; Blogger"}]},{"@type":"WebSite","@id":"https:\/\/elfsight.com\/pt\/#website","url":"https:\/\/elfsight.com\/pt\/","name":"Elfsight PT","description":"Just another Elfsight Sites site","potentialAction":[{"@type":"SearchAction","target":{"@type":"EntryPoint","urlTemplate":"https:\/\/elfsight.com\/pt\/?s={search_term_string}"},"query-input":{"@type":"PropertyValueSpecification","valueRequired":true,"valueName":"search_term_string"}}],"inLanguage":"pt-PT"}]}},"meta_box":{"industry":"","seo_heading":"","heading":"","description":"","cta_heading":"","cta_description":"","application":"1418","h1":"Widget de c\u00f3digo QR do Blogger","h1_caption":"Encaminhe usu\u00e1rios para qualquer site, compartilhe arquivos imediatamente e melhore a experi\u00eancia do usu\u00e1rio","application_category":[],"applications_title":"","applications_request_title":"","applications_request_button_text":"","hero_text":"","hero_video":"","hero_video_schema_markup":"","selling_points_title":"","selling_points_caption":"","selling_points":[],"selling_points_cta_text":"","features_title":"","features":"","ed_cta_examples_text":"","ed_cta_examples_hidden":"","ed_cta_demo_text":"","ed_cta_demo_hidden":"","why_caption":"","why_editor_title":"","why_editor_text":"","why_team_title":"","why_team_text":"","why_service_title":"","why_service_text":"","template_catalog_visible":"0","template_catalog_title":"","template_catalog_text":"","template_catalog_categories_visible":"","demo_title":"Crie seu widget de c\u00f3digo QR","demo_caption":"Configure seu QR Code e adicione-o ao site do Blogger gratuitamente!","default_faq_hidden":"","app_template_category":[],"platform":"46","template_public_id":"","codecanyon_url":"","codecanyon_item_id":"","codecanyon_price":"","pricing_caption":"","pricing_elfsight_apps_hide_column":"","pricing_elfsight_apps_url":"","pricing_codecanyon_price_caption":"","integration_category":[],"integration_request_title":"","integration_request_cta":"","integration_platform":"","integrations":[],"platform_category":[],"video_schema_markup":"","price":"a partir de US$ 0\/m\u00eas","trial":"","benefits":[{"text":"Ajuda de instala\u00e7\u00e3o gratuita"},{"text":"Suporte ao cliente experiente"},{"text":"Garantia de devolu\u00e7\u00e3o do dinheiro em 14 dias"},{"text":"Atualiza\u00e7\u00f5es cont\u00ednuas"}],"button_url":"#demo","button_target_blank":"0","button_nofollow":"0","attributes":[{"name":"Instala\u00e7\u00f5es","content":"10,000 - 100,000"},{"name":"Responsivo","content":"Sim"},{"name":"Navegadores compat\u00edveis","content":"Firefox, Safari, Opera, Chrome, Edge"}],"tags":[],"tags_disable_links":"0","hide_more_platforms":"0","video_object":"","demo_hide_cta":"0","demo_hide_cloud_options":"0","pricing_title":"","pricing":[{"pricing_icon":"platform","pricing_title":"Elfsight Apps","pricing_title_caption":"Software multiplataforma adequado para qualquer site","pricing_price":"a partir de US$ 0\/m\u00eas","pricing_price_caption":"comece com plano gratuito","pricing_benefits":[{"text":"Software multiplataforma adequado para qualquer site"},{"text":"Suporte r\u00e1pido \u00e0 empresa"},{"text":"Suporte r\u00e1pido \u00e0 empresa"},{"text":"100% personaliz\u00e1vel"}],"pricing_button_text":"Adicionar ao site","pricing_button_url":"#demo"}],"related_apps_title":"","related_apps_hidden":"0","author":"","image":[],"title":"","job":"","social_networks":[]},"_links":{"self":[{"href":"https:\/\/elfsight.com\/pt\/wp-json\/wp\/v2\/pages\/7671","targetHints":{"allow":["GET"]}}],"collection":[{"href":"https:\/\/elfsight.com\/pt\/wp-json\/wp\/v2\/pages"}],"about":[{"href":"https:\/\/elfsight.com\/pt\/wp-json\/wp\/v2\/types\/page"}],"author":[{"embeddable":true,"href":"https:\/\/elfsight.com\/pt\/wp-json\/wp\/v2\/users\/9"}],"replies":[{"embeddable":true,"href":"https:\/\/elfsight.com\/pt\/wp-json\/wp\/v2\/comments?post=7671"}],"version-history":[{"count":2,"href":"https:\/\/elfsight.com\/pt\/wp-json\/wp\/v2\/pages\/7671\/revisions"}],"predecessor-version":[{"id":14505,"href":"https:\/\/elfsight.com\/pt\/wp-json\/wp\/v2\/pages\/7671\/revisions\/14505"}],"up":[{"embeddable":true,"href":"https:\/\/elfsight.com\/pt\/wp-json\/wp\/v2\/pages\/1419"}],"wp:attachment":[{"href":"https:\/\/elfsight.com\/pt\/wp-json\/wp\/v2\/media?parent=7671"}],"curies":[{"name":"wp","href":"https:\/\/api.w.org\/{rel}","templated":true}]}}