{"id":7666,"date":"1970-01-01T00:00:00","date_gmt":"1970-01-01T00:00:00","guid":{"rendered":"https:\/\/elfsight.com\/pt\/?page_id=7666"},"modified":"2025-03-07T05:01:51","modified_gmt":"2025-03-07T05:01:51","slug":"drupal","status":"publish","type":"page","link":"https:\/\/elfsight.com\/pt\/qr-code-widget\/drupal\/","title":{"rendered":"QR Code &#8211; Drupal"},"content":{"rendered":"\n<div class=\"application-platform-content-item-description application-platform-content-item\" id=\"description\" data-nav-section=\"description\"> <h2>Descri\u00e7\u00e3o<\/h2> <p>O gerador de QR Code da Elfsight \u00e9 um m\u00f3dulo impressionante para Drupal que permite redirecionar rapidamente os usu\u00e1rios para qualquer site, compartilhar um link, localiza\u00e7\u00e3o, email, arquivo e muito mais. A ferramenta \u00e9 altamente personaliz\u00e1vel: voc\u00ea pode anexar um t\u00edtulo, uma legenda explicativa, selecionar o \u00edcone e tipo de logotipo mais adequado usando nossa biblioteca ou fazer upload do seu pr\u00f3prio, repintar o texto, o fundo, a moldura e alterar o tamanho da maneira que desejar. Tudo o que resta fazer \u00e9 simplesmente come\u00e7ar a formar o widget &#8211; a instala\u00e7\u00e3o \u00e9 muito f\u00e1cil e n\u00e3o requer habilidades de codifica\u00e7\u00e3o. <\/p> <p><b>Incorpore o gerador de c\u00f3digo QR Drupal em sua p\u00e1gina da web e leve os usu\u00e1rios diretamente onde voc\u00ea precisa e simplifique o consumo de conte\u00fado.<\/b><\/p> <\/div> <div class=\"application-platform-content-item-recursos application-platform-content-item\" id=\"recursos\" data-nav-section=\"recursos\"> <h2>Oferecemos recursos \u00fateis e descomplicados, aqui est\u00e3o alguns deles: <\/h2> <ul><li>Acesso instant\u00e2neo ao conte\u00fado que voc\u00ea enviou<\/li><li>Anexar qualquer texto<\/li><li>Oito logotipos troc\u00e1veis<\/li><li>15 \u00edcones troc\u00e1veis \u200b\u200bdispon\u00edveis<\/li><li>Recolorir todas as partes do widget<\/li><\/ul><p><a href=\"#demo \">Experimente esta demonstra\u00e7\u00e3o para entender a funcionalidade do m\u00f3dulo<\/a><\/p> <\/div> <div class=\"application-platform-content-item-installation application-platform-content-item\" id=\"installation\" data-nav-section=\"installation\"> <h2>Como incorporo o QR Code em meu site Drupal? <\/h2> <p>Basta seguir as orienta\u00e7\u00f5es abaixo para come\u00e7ar a trabalhar com o plugin. <\/p> <ol><li><b>Abra nossa demonstra\u00e7\u00e3o gratuita e comece a formar seu m\u00f3dulo personalizado. <\/b><br> Encontre o layout e as caracter\u00edsticas desej\u00e1veis \u200b\u200bdo m\u00f3dulo e salve todas as modifica\u00e7\u00f5es. <\/li> <li><b>Adquira o c\u00f3digo individual que \u00e9 mostrado na janela dos aplicativos Elfsight. <\/b><br> Terminada a gera\u00e7\u00e3o do seu m\u00f3dulo, copie seu c\u00f3digo na caixa exibida e guarde-o para uso posterior. <\/li> <li><b>Entre usando o m\u00f3dulo em sua p\u00e1gina da web Drupal. <\/b><br> Coloque o c\u00f3digo que voc\u00ea copiou antes em seu site e aplique as edi\u00e7\u00f5es. <\/li> <li><b>A instala\u00e7\u00e3o foi finalizada com sucesso. <\/b><br> Abra seu site para ver o funcionamento do m\u00f3dulo. <\/li><\/ol><p>Caso voc\u00ea tenha alguma dificuldade, n\u00e3o tenha medo de procurar ajuda de nossa equipe de atendimento ao cliente. Nossos consultores est\u00e3o ansiosos para ajud\u00e1-lo com todas as d\u00favidas que voc\u00ea possa ter sobre o widget. <\/p> <div class=\"faq\" data-component=\"FAQ\"><div class=\"faq-item\">\r\n\t\t\t\t\t<div class=\"faq-item-question\">\r\n\t\t\t\t\t\t<h3 class=\"faq-item-question-text\">Existe uma op\u00e7\u00e3o para incorporar QR Code no meu site Drupal sem experi\u00eancia de codifica\u00e7\u00e3o?<\/h3>\r\n\r\n\t\t\t\t\t\t<div class=\"faq-item-question-icon\"><\/div>\r\n\t\t\t\t\t<\/div>\r\n\r\n\t\t\t\t\t<div class=\"faq-item-answer\">\r\n\t\t\t\t\t\t<div class=\"faq-item-answer-text\"> <p>A empresa Elfsight oferece uma solu\u00e7\u00e3o que permite que os propriet\u00e1rios de sites criem voc\u00ea mesmo uma se\u00e7\u00e3o de QR Code, assista como \u00e9 simples: trabalhe diretamente na demonstra\u00e7\u00e3o ao vivo para criar um aplicativo QR Code que voc\u00ea gostaria de adicionar ao seu Drupal. Escolha um dos modelos prontos e adapte as configura\u00e7\u00f5es do QR Code, altere o layout e os esquemas de cores incluindo o seu conte\u00fado, sem nenhuma habilidade de codifica\u00e7\u00e3o. Clique para salvar o QR Code e obter o c\u00f3digo de instala\u00e7\u00e3o, que voc\u00ea pode adicionar facilmente na sua p\u00e1gina inicial do Drupal sem a necessidade de adquirir uma assinatura paga. Com nosso editor simples, cada usu\u00e1rio da web pode criar um widget de QR Code online e simplesmente incorpor\u00e1-lo em qualquer site Drupal. Voc\u00ea n\u00e3o deve obter uma assinatura paga ou inserir os dados do seu cart\u00e3o para entrar no servi\u00e7o. Se voc\u00ea enfrentar qualquer problema em qualquer etapa, n\u00e3o hesite em entrar em contato com nossa equipe de suporte.<\/p> <\/div>\r\n\t\t\t\t\t<\/div>\r\n\t\t\t\t<\/div> <\/div><\/div>\n","protected":false},"excerpt":{"rendered":"","protected":false},"author":9,"featured_media":0,"parent":1419,"menu_order":0,"comment_status":"closed","ping_status":"closed","template":"templates\/template-application-platform.php","meta":{"publish_to_discourse":"","publish_post_category":"","wpdc_auto_publish_overridden":"","wpdc_topic_tags":"","wpdc_pin_topic":"","wpdc_pin_until":"","discourse_post_id":"","discourse_permalink":"","wpdc_publishing_response":"","wpdc_publishing_error":"","footnotes":""},"class_list":["post-7666","page","type-page","status-publish","hentry"],"yoast_head":"<!-- This site is optimized with the Yoast SEO plugin v25.3.1 - https:\/\/yoast.com\/wordpress\/plugins\/seo\/ -->\n<title>QR Code \u2013 Adicionar gerador de c\u00f3digo QR ao site Drupal [2025]<\/title>\n<meta name=\"description\" content=\"Crie facilmente seu gerador de c\u00f3digo QR exclusivo para o site Drupal. Basta utilizar nossa pr\u00e1tica demonstra\u00e7\u00e3o e seu m\u00f3dulo ser\u00e1 criado em menos de dois minutos.\" \/>\n<meta name=\"robots\" content=\"index, follow, max-snippet:-1, max-image-preview:large, max-video-preview:-1\" \/>\n<link rel=\"canonical\" href=\"https:\/\/elfsight.com\/pt\/qr-code-widget\/drupal\/\" \/>\n<meta property=\"og:locale\" content=\"pt_PT\" \/>\n<meta property=\"og:type\" content=\"article\" \/>\n<meta property=\"og:title\" content=\"QR Code \u2013 Adicionar gerador de c\u00f3digo QR ao site Drupal [2025]\" \/>\n<meta property=\"og:description\" content=\"Crie facilmente seu gerador de c\u00f3digo QR exclusivo para o site Drupal. Basta utilizar nossa pr\u00e1tica demonstra\u00e7\u00e3o e seu m\u00f3dulo ser\u00e1 criado em menos de dois minutos.\" \/>\n<meta property=\"og:url\" content=\"https:\/\/elfsight.com\/pt\/qr-code-widget\/drupal\/\" \/>\n<meta property=\"og:site_name\" content=\"Elfsight PT\" \/>\n<meta property=\"article:modified_time\" content=\"2025-03-07T05:01:51+00:00\" \/>\n<meta name=\"twitter:card\" content=\"summary_large_image\" \/>\n<meta name=\"twitter:label1\" content=\"Tempo estimado de leitura\" \/>\n\t<meta name=\"twitter:data1\" content=\"3 minutos\" \/>\n<!-- \/ Yoast SEO plugin. -->","yoast_head_json":{"title":"QR Code \u2013 Adicionar gerador de c\u00f3digo QR ao site Drupal [2025]","description":"Crie facilmente seu gerador de c\u00f3digo QR exclusivo para o site Drupal. Basta utilizar nossa pr\u00e1tica demonstra\u00e7\u00e3o e seu m\u00f3dulo ser\u00e1 criado em menos de dois minutos.","robots":{"index":"index","follow":"follow","max-snippet":"max-snippet:-1","max-image-preview":"max-image-preview:large","max-video-preview":"max-video-preview:-1"},"canonical":"https:\/\/elfsight.com\/pt\/qr-code-widget\/drupal\/","og_locale":"pt_PT","og_type":"article","og_title":"QR Code \u2013 Adicionar gerador de c\u00f3digo QR ao site Drupal [2025]","og_description":"Crie facilmente seu gerador de c\u00f3digo QR exclusivo para o site Drupal. Basta utilizar nossa pr\u00e1tica demonstra\u00e7\u00e3o e seu m\u00f3dulo ser\u00e1 criado em menos de dois minutos.","og_url":"https:\/\/elfsight.com\/pt\/qr-code-widget\/drupal\/","og_site_name":"Elfsight PT","article_modified_time":"2025-03-07T05:01:51+00:00","twitter_card":"summary_large_image","twitter_misc":{"Tempo estimado de leitura":"3 minutos"},"schema":{"@context":"https:\/\/schema.org","@graph":[{"@type":"WebPage","@id":"https:\/\/elfsight.com\/pt\/qr-code-widget\/drupal\/","url":"https:\/\/elfsight.com\/pt\/qr-code-widget\/drupal\/","name":"QR Code \u2013 Adicionar gerador de c\u00f3digo QR ao site Drupal [2025]","isPartOf":{"@id":"https:\/\/elfsight.com\/pt\/#website"},"datePublished":"1970-01-01T00:00:00+00:00","dateModified":"2025-03-07T05:01:51+00:00","description":"Crie facilmente seu gerador de c\u00f3digo QR exclusivo para o site Drupal. Basta utilizar nossa pr\u00e1tica demonstra\u00e7\u00e3o e seu m\u00f3dulo ser\u00e1 criado em menos de dois minutos.","breadcrumb":{"@id":"https:\/\/elfsight.com\/pt\/qr-code-widget\/drupal\/#breadcrumb"},"inLanguage":"pt-PT","potentialAction":[{"@type":"ReadAction","target":["https:\/\/elfsight.com\/pt\/qr-code-widget\/drupal\/"]}]},{"@type":"BreadcrumbList","@id":"https:\/\/elfsight.com\/pt\/qr-code-widget\/drupal\/#breadcrumb","itemListElement":[{"@type":"ListItem","position":1,"name":"Home","item":"https:\/\/elfsight.com\/pt\/"},{"@type":"ListItem","position":2,"name":"QR Code","item":"https:\/\/elfsight.com\/pt\/qr-code-widget\/"},{"@type":"ListItem","position":3,"name":"QR Code &#8211; Drupal"}]},{"@type":"WebSite","@id":"https:\/\/elfsight.com\/pt\/#website","url":"https:\/\/elfsight.com\/pt\/","name":"Elfsight PT","description":"Just another Elfsight Sites site","potentialAction":[{"@type":"SearchAction","target":{"@type":"EntryPoint","urlTemplate":"https:\/\/elfsight.com\/pt\/?s={search_term_string}"},"query-input":{"@type":"PropertyValueSpecification","valueRequired":true,"valueName":"search_term_string"}}],"inLanguage":"pt-PT"}]}},"meta_box":{"industry":"","seo_heading":"","heading":"","description":"","cta_heading":"","cta_description":"","application":"1418","h1":"M\u00f3dulo de c\u00f3digo QR Drupal","h1_caption":"Redirecione seu p\u00fablico para qualquer p\u00e1gina da web, compartilhe arquivos imediatamente e melhore a experi\u00eancia do usu\u00e1rio","application_category":[],"applications_title":"","applications_request_title":"","applications_request_button_text":"","hero_text":"","hero_video":"","hero_video_schema_markup":"","selling_points_title":"","selling_points_caption":"","selling_points":[],"selling_points_cta_text":"","features_title":"","features":"","ed_cta_examples_text":"","ed_cta_examples_hidden":"","ed_cta_demo_text":"","ed_cta_demo_hidden":"","why_caption":"","why_editor_title":"","why_editor_text":"","why_team_title":"","why_team_text":"","why_service_title":"","why_service_text":"","template_catalog_visible":"0","template_catalog_title":"","template_catalog_text":"","template_catalog_categories_visible":"","demo_title":"Crie seu m\u00f3dulo QR Code","demo_caption":"Configure seu QR Code e adicione-o ao seu site Drupal gratuitamente!","default_faq_hidden":"","app_template_category":[],"platform":"4905","template_public_id":"","codecanyon_url":"","codecanyon_item_id":"","codecanyon_price":"","pricing_caption":"","pricing_elfsight_apps_hide_column":"","pricing_elfsight_apps_url":"","pricing_codecanyon_price_caption":"","integration_category":[],"integration_request_title":"","integration_request_cta":"","integration_platform":"","integrations":[],"platform_category":[],"video_schema_markup":"","price":"a partir de US$ 0\/m\u00eas","trial":"","benefits":[{"text":"Assist\u00eancia de instala\u00e7\u00e3o gratuita"},{"text":"Suporte ao cliente experiente"},{"text":"Garantia de devolu\u00e7\u00e3o do dinheiro em 14 dias"},{"text":"Atualiza\u00e7\u00f5es cont\u00ednuas"}],"button_url":"#demo","button_target_blank":"0","button_nofollow":"0","attributes":[{"name":"Instala\u00e7\u00f5es","content":"10,000 - 100,000"},{"name":"Responsivo","content":"Sim"},{"name":"Navegadores compat\u00edveis","content":"IE11, Firefox, Safari, Opera, Chrome, Edge"}],"tags":[],"tags_disable_links":"0","hide_more_platforms":"0","video_object":"","demo_hide_cta":"0","demo_hide_cloud_options":"0","pricing_title":"","pricing":[{"pricing_icon":"platform","pricing_title":"Elfsight Apps","pricing_title_caption":"Solu\u00e7\u00e3o digital multiplataforma que funciona em qualquer site","pricing_price":"a partir de US$ 0\/m\u00eas","pricing_price_caption":"comece com plano gratuito","pricing_benefits":[{"text":"Dom\u00ednios ilimitados"},{"text":"Suporte profissional ao cliente e bem documentado"},{"text":"Suporte profissional ao cliente e bem documentado"},{"text":"Oferta por tempo limitado para v\u00e1rios aplicativos"}],"pricing_button_text":"Adicionar ao site","pricing_button_url":"#demo"}],"related_apps_title":"","related_apps_hidden":"0","author":"","image":[],"title":"","job":"","social_networks":[]},"_links":{"self":[{"href":"https:\/\/elfsight.com\/pt\/wp-json\/wp\/v2\/pages\/7666","targetHints":{"allow":["GET"]}}],"collection":[{"href":"https:\/\/elfsight.com\/pt\/wp-json\/wp\/v2\/pages"}],"about":[{"href":"https:\/\/elfsight.com\/pt\/wp-json\/wp\/v2\/types\/page"}],"author":[{"embeddable":true,"href":"https:\/\/elfsight.com\/pt\/wp-json\/wp\/v2\/users\/9"}],"replies":[{"embeddable":true,"href":"https:\/\/elfsight.com\/pt\/wp-json\/wp\/v2\/comments?post=7666"}],"version-history":[{"count":2,"href":"https:\/\/elfsight.com\/pt\/wp-json\/wp\/v2\/pages\/7666\/revisions"}],"predecessor-version":[{"id":14506,"href":"https:\/\/elfsight.com\/pt\/wp-json\/wp\/v2\/pages\/7666\/revisions\/14506"}],"up":[{"embeddable":true,"href":"https:\/\/elfsight.com\/pt\/wp-json\/wp\/v2\/pages\/1419"}],"wp:attachment":[{"href":"https:\/\/elfsight.com\/pt\/wp-json\/wp\/v2\/media?parent=7666"}],"curies":[{"name":"wp","href":"https:\/\/api.w.org\/{rel}","templated":true}]}}