{"id":7663,"date":"1970-01-01T00:00:00","date_gmt":"1970-01-01T00:00:00","guid":{"rendered":"https:\/\/elfsight.com\/pt\/?page_id=7663"},"modified":"2025-03-07T05:05:34","modified_gmt":"2025-03-07T05:05:34","slug":"joomla","status":"publish","type":"page","link":"https:\/\/elfsight.com\/pt\/qr-code-widget\/joomla\/","title":{"rendered":"QR Code &#8211; Joomla"},"content":{"rendered":"\n<div class=\"application-platform-content-item-description application-platform-content-item\" id=\"description\" data-nav-section=\"description\"> <h2>Descri\u00e7\u00e3o<\/h2> <p>O gerador de QR Code \u00e9 uma op\u00e7\u00e3o impressionante para sites Joomla, permitindo que voc\u00ea redirecione rapidamente seus visitantes para qualquer site, compartilhe um link, sua localiza\u00e7\u00e3o, email, arquivo e muito mais. O plugin \u00e9 extremamente ajust\u00e1vel: voc\u00ea pode anexar um t\u00edtulo, legenda, escolher o \u00edcone e tipo de logotipo mais adequado usando nossa biblioteca ou criar o seu pr\u00f3prio, recolorir o texto, o fundo, a moldura e alterar o tamanho da maneira que desejar. Tudo o que resta fazer \u00e9 simplesmente come\u00e7ar a criar o recurso &#8211; a instala\u00e7\u00e3o \u00e9 muito f\u00e1cil e n\u00e3o exigir\u00e1 de voc\u00ea habilidades de codifica\u00e7\u00e3o. <\/p> <p><b>Insira a extens\u00e3o Joomla com c\u00f3digo QR em seu site e leve os visitantes diretamente onde voc\u00ea precisa e simplifique o uso do conte\u00fado.<\/b><\/p> <\/div> <div class=\"application-platform-content-item-features  application-platform-content-item\" id=\"features \" data-nav-section=\"features \"> <h2>A extens\u00e3o oferece recursos pr\u00e1ticos e descomplicados, confira alguns deles: <\/h2> <ul><li>Acesso instant\u00e2neo ao seu conte\u00fado<\/li><li>Juntar qualquer texto<\/li><li> Oito logotipos altern\u00e1veis<\/li><li>Quinze \u00edcones altern\u00e1veis \u200b\u200bpara voc\u00ea escolher<\/li><li>Recolorir todas as partes do widget<\/li><\/ul><p><a href=\"#demo\">Explorar todos os recursos de personaliza\u00e7\u00e3o em uma demonstra\u00e7\u00e3o completa<\/a><\/p> <\/div> <div class=\"application-platform-content-item-installation application-platform-content-item\" id=\"installation\" data-nav-section=\"installation\"> <h2>Como adiciono a extens\u00e3o QR Code no meu Joomla?<\/h2> <p> Basta seguir os seguintes passos apresentados abaixo para inserir a extens\u00e3o. <\/p> <ol><li><b>Utilize nosso editor gratuito e comece a moldar sua extens\u00e3o personalizada. <\/b><br> Determine a forma e os par\u00e2metros preferidos do widget e salve todas as edi\u00e7\u00f5es.<\/li> <li><b>Receba o c\u00f3digo pessoal que \u00e9 mostrado no formul\u00e1rio especial nos aplicativos Elfsight.<\/b><br> Logo ap\u00f3s finalizar a configura\u00e7\u00e3o do seu widget, copie o c\u00f3digo exclusivo na caixa exibida e salve-o para uso futuro.<\/li> <li><b>Comece a usar a extens\u00e3o na p\u00e1gina do Joomla.<\/b><br> Adicione o c\u00f3digo que voc\u00ea copiou recentemente em sua p\u00e1gina e aplique as melhorias.<\/li> <li><b>Pronto! A incorpora\u00e7\u00e3o foi totalmente conclu\u00edda.<\/b><br> Acesse seu site para verificar o funcionamento da extens\u00e3o.<\/li><\/ol><p>Se tiver d\u00favidas ou problemas, n\u00e3o hesite para entrar em contato com nossa equipe de atendimento ao cliente. Nosso pessoal est\u00e1 ansioso para resolver todas as dificuldades que voc\u00ea possa ter com a ferramenta. <\/p> <div class=\"faq\" data-component=\"FAQ\"><div class=\"faq-item\">\r\n\t\t\t\t\t<div class=\"faq-item-question\">\r\n\t\t\t\t\t\t<h3 class=\"faq-item-question-text\">Existe uma forma de incorporar QR Code no meu site Joomla sem conhecimentos de codifica\u00e7\u00e3o?<\/h3>\r\n\r\n\t\t\t\t\t\t<div class=\"faq-item-question-icon\"><\/div>\r\n\t\t\t\t\t<\/div>\r\n\r\n\t\t\t\t\t<div class=\"faq-item-answer\">\r\n\t\t\t\t\t\t<div class=\"faq-item-answer-text\"> <p>A Elfsight apresenta uma solu\u00e7\u00e3o SaaS que permite aos utilizadores gerarem voc\u00eas pr\u00f3prios uma sec\u00e7\u00e3o de QR Code, consulte as instru\u00e7\u00f5es descomplicadas: V\u00e1 para o Editor ao vivo para gerar um widget de QR Code que voc\u00ea gostaria de incluir no site Joomla. Escolha um dos muitos modelos prontos e adapte as configura\u00e7\u00f5es do QR Code, inclua seu conte\u00fado, transforme o layout e a cor dos elementos sem experi\u00eancia em codifica\u00e7\u00e3o. Clique para salvar o QR Code e obter o c\u00f3digo para incorpora\u00e7\u00e3o, que voc\u00ea pode incluir facilmente em qualquer site Joomla usando um plano gratuito. Com a ajuda de nosso editor f\u00e1cil de usar, cada usu\u00e1rio da Internet pode criar um aplicativo QR Code online e simplesmente col\u00e1-lo na p\u00e1gina do Joomla. N\u00e3o \u00e9 necess\u00e1rio adquirir um plano pago ou inserir os dados do seu cart\u00e3o para acessar o Elfsight Editor. Se voc\u00ea enfrentar algum obst\u00e1culo em qualquer etapa, entre em contato com nossa equipe de suporte.<\/p> <\/div>\r\n\t\t\t\t\t<\/div>\r\n\t\t\t\t<\/div> <\/div><\/div>\n","protected":false},"excerpt":{"rendered":"","protected":false},"author":9,"featured_media":0,"parent":1419,"menu_order":0,"comment_status":"closed","ping_status":"closed","template":"templates\/template-application-platform.php","meta":{"publish_to_discourse":"","publish_post_category":"","wpdc_auto_publish_overridden":"","wpdc_topic_tags":"","wpdc_pin_topic":"","wpdc_pin_until":"","discourse_post_id":"","discourse_permalink":"","wpdc_publishing_response":"","wpdc_publishing_error":"","footnotes":""},"class_list":["post-7663","page","type-page","status-publish","hentry"],"yoast_head":"<!-- This site is optimized with the Yoast SEO plugin v25.3.1 - https:\/\/yoast.com\/wordpress\/plugins\/seo\/ -->\n<title>Gerador de c\u00f3digo QR \u2013 Adicionar extens\u00e3o de c\u00f3digo QR ao Joomla [2025]<\/title>\n<meta name=\"description\" content=\"Crie rapidamente seu gerador de c\u00f3digo QR exclusivo para o site Joomla. Basta utilizar nossa demonstra\u00e7\u00e3o ativa e sua extens\u00e3o estar\u00e1 pronta em menos de dois minutos.\" \/>\n<meta name=\"robots\" content=\"index, follow, max-snippet:-1, max-image-preview:large, max-video-preview:-1\" \/>\n<link rel=\"canonical\" href=\"https:\/\/elfsight.com\/pt\/qr-code-widget\/joomla\/\" \/>\n<meta property=\"og:locale\" content=\"pt_PT\" \/>\n<meta property=\"og:type\" content=\"article\" \/>\n<meta property=\"og:title\" content=\"Gerador de c\u00f3digo QR \u2013 Adicionar extens\u00e3o de c\u00f3digo QR ao Joomla [2025]\" \/>\n<meta property=\"og:description\" content=\"Crie rapidamente seu gerador de c\u00f3digo QR exclusivo para o site Joomla. Basta utilizar nossa demonstra\u00e7\u00e3o ativa e sua extens\u00e3o estar\u00e1 pronta em menos de dois minutos.\" \/>\n<meta property=\"og:url\" content=\"https:\/\/elfsight.com\/pt\/qr-code-widget\/joomla\/\" \/>\n<meta property=\"og:site_name\" content=\"Elfsight PT\" \/>\n<meta property=\"article:modified_time\" content=\"2025-03-07T05:05:34+00:00\" \/>\n<meta name=\"twitter:card\" content=\"summary_large_image\" \/>\n<meta name=\"twitter:label1\" content=\"Tempo estimado de leitura\" \/>\n\t<meta name=\"twitter:data1\" content=\"3 minutos\" \/>\n<!-- \/ Yoast SEO plugin. -->","yoast_head_json":{"title":"Gerador de c\u00f3digo QR \u2013 Adicionar extens\u00e3o de c\u00f3digo QR ao Joomla [2025]","description":"Crie rapidamente seu gerador de c\u00f3digo QR exclusivo para o site Joomla. Basta utilizar nossa demonstra\u00e7\u00e3o ativa e sua extens\u00e3o estar\u00e1 pronta em menos de dois minutos.","robots":{"index":"index","follow":"follow","max-snippet":"max-snippet:-1","max-image-preview":"max-image-preview:large","max-video-preview":"max-video-preview:-1"},"canonical":"https:\/\/elfsight.com\/pt\/qr-code-widget\/joomla\/","og_locale":"pt_PT","og_type":"article","og_title":"Gerador de c\u00f3digo QR \u2013 Adicionar extens\u00e3o de c\u00f3digo QR ao Joomla [2025]","og_description":"Crie rapidamente seu gerador de c\u00f3digo QR exclusivo para o site Joomla. Basta utilizar nossa demonstra\u00e7\u00e3o ativa e sua extens\u00e3o estar\u00e1 pronta em menos de dois minutos.","og_url":"https:\/\/elfsight.com\/pt\/qr-code-widget\/joomla\/","og_site_name":"Elfsight PT","article_modified_time":"2025-03-07T05:05:34+00:00","twitter_card":"summary_large_image","twitter_misc":{"Tempo estimado de leitura":"3 minutos"},"schema":{"@context":"https:\/\/schema.org","@graph":[{"@type":"WebPage","@id":"https:\/\/elfsight.com\/pt\/qr-code-widget\/joomla\/","url":"https:\/\/elfsight.com\/pt\/qr-code-widget\/joomla\/","name":"Gerador de c\u00f3digo QR \u2013 Adicionar extens\u00e3o de c\u00f3digo QR ao Joomla [2025]","isPartOf":{"@id":"https:\/\/elfsight.com\/pt\/#website"},"datePublished":"1970-01-01T00:00:00+00:00","dateModified":"2025-03-07T05:05:34+00:00","description":"Crie rapidamente seu gerador de c\u00f3digo QR exclusivo para o site Joomla. Basta utilizar nossa demonstra\u00e7\u00e3o ativa e sua extens\u00e3o estar\u00e1 pronta em menos de dois minutos.","breadcrumb":{"@id":"https:\/\/elfsight.com\/pt\/qr-code-widget\/joomla\/#breadcrumb"},"inLanguage":"pt-PT","potentialAction":[{"@type":"ReadAction","target":["https:\/\/elfsight.com\/pt\/qr-code-widget\/joomla\/"]}]},{"@type":"BreadcrumbList","@id":"https:\/\/elfsight.com\/pt\/qr-code-widget\/joomla\/#breadcrumb","itemListElement":[{"@type":"ListItem","position":1,"name":"Home","item":"https:\/\/elfsight.com\/pt\/"},{"@type":"ListItem","position":2,"name":"QR Code","item":"https:\/\/elfsight.com\/pt\/qr-code-widget\/"},{"@type":"ListItem","position":3,"name":"QR Code &#8211; Joomla"}]},{"@type":"WebSite","@id":"https:\/\/elfsight.com\/pt\/#website","url":"https:\/\/elfsight.com\/pt\/","name":"Elfsight PT","description":"Just another Elfsight Sites site","potentialAction":[{"@type":"SearchAction","target":{"@type":"EntryPoint","urlTemplate":"https:\/\/elfsight.com\/pt\/?s={search_term_string}"},"query-input":{"@type":"PropertyValueSpecification","valueRequired":true,"valueName":"search_term_string"}}],"inLanguage":"pt-PT"}]}},"meta_box":{"industry":"","seo_heading":"","heading":"","description":"","cta_heading":"","cta_description":"","application":"1418","h1":"Extens\u00e3o de c\u00f3digo QR Joomla","h1_caption":"Redirecione os visitantes para qualquer site, distribua arquivos imediatamente e melhore a experi\u00eancia do usu\u00e1rio","application_category":[],"applications_title":"","applications_request_title":"","applications_request_button_text":"","hero_text":"","hero_video":"","hero_video_schema_markup":"","selling_points_title":"","selling_points_caption":"","selling_points":[],"selling_points_cta_text":"","features_title":"","features":"","ed_cta_examples_text":"","ed_cta_examples_hidden":"","ed_cta_demo_text":"","ed_cta_demo_hidden":"","why_caption":"","why_editor_title":"","why_editor_text":"","why_team_title":"","why_team_text":"","why_service_title":"","why_service_text":"","template_catalog_visible":"0","template_catalog_title":"","template_catalog_text":"","template_catalog_categories_visible":"","demo_title":"Crie seu plugin de QR Code","demo_caption":"Configure seu QR Code e adicione-o ao seu site Joomla gratuitamente!","default_faq_hidden":"","app_template_category":[],"platform":"52","template_public_id":"","codecanyon_url":"","codecanyon_item_id":"","codecanyon_price":"","pricing_caption":"","pricing_elfsight_apps_hide_column":"","pricing_elfsight_apps_url":"","pricing_codecanyon_price_caption":"","integration_category":[],"integration_request_title":"","integration_request_cta":"","integration_platform":"","integrations":[],"platform_category":[],"video_schema_markup":"","price":"a partir de US$ 0\/m\u00eas","trial":"","benefits":[{"text":"Assist\u00eancia de instala\u00e7\u00e3o gratuita"},{"text":"Atendimento ao cliente profissional"},{"text":"Garantia de devolu\u00e7\u00e3o do dinheiro em 14 dias"},{"text":"Melhorias gratuitas cont\u00ednuas"}],"button_url":"#demo","button_target_blank":"0","button_nofollow":"0","attributes":[{"name":"Instala\u00e7\u00f5es","content":"10,000 - 100,000"},{"name":"Responsivo","content":"Sim"},{"name":"Navegadores compat\u00edveis","content":"IE11, Firefox, Safari, Opera, Chrome, Edge"}],"tags":[],"tags_disable_links":"0","hide_more_platforms":"0","video_object":"","demo_hide_cta":"0","demo_hide_cloud_options":"0","pricing_title":"","pricing":[{"pricing_icon":"platform","pricing_title":"Elfsight Apps","pricing_title_caption":"Solu\u00e7\u00e3o multiplataforma adequada para qualquer site","pricing_price":"a partir de US$ 0\/m\u00eas","pricing_price_caption":"comece com plano gratuito","pricing_benefits":[{"text":"Sites ilimitados"},{"text":"Suporte ao cliente premium"},{"text":"Suporte ao cliente premium"},{"text":"Oferta por tempo limitado para v\u00e1rios aplicativos"}],"pricing_button_text":"Adicionar ao site","pricing_button_url":"#demo"}],"related_apps_title":"","related_apps_hidden":"0","author":"","image":[],"title":"","job":"","social_networks":[]},"_links":{"self":[{"href":"https:\/\/elfsight.com\/pt\/wp-json\/wp\/v2\/pages\/7663","targetHints":{"allow":["GET"]}}],"collection":[{"href":"https:\/\/elfsight.com\/pt\/wp-json\/wp\/v2\/pages"}],"about":[{"href":"https:\/\/elfsight.com\/pt\/wp-json\/wp\/v2\/types\/page"}],"author":[{"embeddable":true,"href":"https:\/\/elfsight.com\/pt\/wp-json\/wp\/v2\/users\/9"}],"replies":[{"embeddable":true,"href":"https:\/\/elfsight.com\/pt\/wp-json\/wp\/v2\/comments?post=7663"}],"version-history":[{"count":3,"href":"https:\/\/elfsight.com\/pt\/wp-json\/wp\/v2\/pages\/7663\/revisions"}],"predecessor-version":[{"id":14510,"href":"https:\/\/elfsight.com\/pt\/wp-json\/wp\/v2\/pages\/7663\/revisions\/14510"}],"up":[{"embeddable":true,"href":"https:\/\/elfsight.com\/pt\/wp-json\/wp\/v2\/pages\/1419"}],"wp:attachment":[{"href":"https:\/\/elfsight.com\/pt\/wp-json\/wp\/v2\/media?parent=7663"}],"curies":[{"name":"wp","href":"https:\/\/api.w.org\/{rel}","templated":true}]}}