{"id":7658,"date":"1970-01-01T00:00:00","date_gmt":"1970-01-01T00:00:00","guid":{"rendered":"https:\/\/elfsight.com\/pt\/?page_id=7658"},"modified":"2025-03-07T05:06:39","modified_gmt":"2025-03-07T05:06:39","slug":"jquery","status":"publish","type":"page","link":"https:\/\/elfsight.com\/pt\/qr-code-widget\/jquery\/","title":{"rendered":"QR Code &#8211; jQuery"},"content":{"rendered":"\n<div class=\"application-platform-content-item-description application-platform-content-item\" id=\"description\" data-nav-section=\"description\"> <h2>Descri\u00e7\u00e3o<\/h2> <p>O gerador de QR Code \u00e9 uma op\u00e7\u00e3o impressionante para sites jQuery, permitindo redirecionar rapidamente os usu\u00e1rios para qualquer p\u00e1gina da web, compartilhe um URL, sua localiza\u00e7\u00e3o, email, qualquer arquivo e muito mais. A ferramenta \u00e9 extremamente personaliz\u00e1vel: voc\u00ea pode anexar um t\u00edtulo, uma legenda explicativa, escolher o \u00edcone e o logotipo mais adequados &#8211; da nossa biblioteca ou fazer upload do seu pr\u00f3prio, recolorir o texto, o fundo, a moldura e ajustar o tamanho da maneira que desejar. precisar. Tudo o que voc\u00ea precisa fazer \u00e9 simplesmente come\u00e7ar a criar seu widget personalizado &#8211; a instala\u00e7\u00e3o n\u00e3o \u00e9 sofisticada e n\u00e3o requer habilidades de codifica\u00e7\u00e3o.<\/p> <p><b>Incorpore o gerador de QR Code em seu site jQuery e redirecione os usu\u00e1rios diretamente para onde voc\u00ea quiser. precisa que eles sejam e simplifique o uso do conte\u00fado.<\/b><\/p> <\/div> <div class=\"application-platform-content-item-features application-platform-content-item\" id=\"features\" data-nav-section=\"features\"> <h2>Aqui est\u00e3o os recursos b\u00e1sicos do plug-in:<\/h2> <ul><li> Acesso instant\u00e2neo ao seu conte\u00fado<\/li><li>Anexar qualquer texto<\/li><li>8 logotipos altern\u00e1veis<\/li><li>15 \u00edcones troc\u00e1veis \u200b\u200bdispon\u00edveis<\/li><li>Repintar todos os elementos do widget<\/li><\/ul><p><a href=\"#demo\">Voc\u00ea pode testar a funcionalidade completa do plug-in de c\u00f3digo QR na demonstra\u00e7\u00e3o <\/a><\/p> <\/div> <div class=\"application-platform-content-item-installation  application-platform-content-item\" id=\"installation \" data-nav-section=\"installation \"> <h2>Como adicionar QR Code no meu site jQuery?<\/h2> <p>Basta seguir alguns passos descritos abaixo para integrar o plugin.<\/p> <ol><li><b>Lan\u00e7ando nosso editor gratuito e comece a formar seu widget exclusivo. <\/b><br> Escolha o design e os par\u00e2metros desejados da ferramenta e salve as modifica\u00e7\u00f5es. <\/li> <li><b>Receba o seu c\u00f3digo pessoal apresentado no formul\u00e1rio especial nas aplica\u00e7\u00f5es Elfsight. <\/b><br> Quando a configura\u00e7\u00e3o do seu plugin pessoal for conclu\u00edda, copie o c\u00f3digo exclusivo no pop-up que aparece e salve-o para uso posterior. <\/li> <li><b>Comece a usar o plugin na p\u00e1gina web do jQuery. <\/b><br> Integre o c\u00f3digo que voc\u00ea salvou recentemente em sua p\u00e1gina e salve as modifica\u00e7\u00f5es. <\/li> <li><b>Conclu\u00eddo! A incorpora\u00e7\u00e3o est\u00e1 totalmente realizada. <\/b><br> Acesse seu site para dar uma olhada no funcionamento do widget. <\/li><\/ol> <p>Supondo que voc\u00ea tenha alguma complica\u00e7\u00e3o, n\u00e3o hesite em procurar ajuda de nossa equipe de suporte. Nosso pessoal ficar\u00e1 feliz em ajud\u00e1-lo com todos os problemas que voc\u00ea possa ter com a ferramenta. <\/p> <div class=\"faq\" data-component=\"FAQ\"><div class=\"faq-item\">\r\n\t\t\t\t\t<div class=\"faq-item-question\">\r\n\t\t\t\t\t\t<h3 class=\"faq-item-question-text\">Existe uma forma de incorporar QR Code no meu site jQuery sem conhecimentos de codifica\u00e7\u00e3o?<\/h3>\r\n\r\n\t\t\t\t\t\t<div class=\"faq-item-question-icon\"><\/div>\r\n\t\t\t\t\t<\/div>\r\n\r\n\t\t\t\t\t<div class=\"faq-item-answer\">\r\n\t\t\t\t\t\t<div class=\"faq-item-answer-text\"> <p>A Elfsight oferece uma solu\u00e7\u00e3o que permite \u00e0s pessoas estabelecerem voc\u00eas pr\u00f3prios um plugin de QR Code, encontrarem Confira o guia f\u00e1cil: comece a trabalhar diretamente na demonstra\u00e7\u00e3o online para gerar uma se\u00e7\u00e3o de c\u00f3digo QR que voc\u00ea gostaria de incluir na p\u00e1gina da web do jQuery. Escolha um dos v\u00e1rios modelos prontos e ajuste as configura\u00e7\u00f5es do QR Code, inclua seu conte\u00fado, altere o layout e o esquema de cores sem codifica\u00e7\u00e3o. Salve as configura\u00e7\u00f5es feitas no QR Code e obtenha o c\u00f3digo de instala\u00e7\u00e3o que pode ser adicionado gratuitamente na p\u00e1gina inicial do jQuery. Com a ajuda do Editor f\u00e1cil de usar, cada usu\u00e1rio da web pode estabelecer um plugin de QR Code online e incorpor\u00e1-lo prontamente na p\u00e1gina inicial do jQuery. N\u00e3o h\u00e1 necessidade de pagar ou enviar as credenciais do seu cart\u00e3o para acessar nosso servi\u00e7o. Se voc\u00ea enfrentar qualquer tipo de problema, entre em contato com nossa equipe de suporte.<\/p> <\/div>\r\n\t\t\t\t\t<\/div>\r\n\t\t\t\t<\/div> <\/div><\/div>\n","protected":false},"excerpt":{"rendered":"","protected":false},"author":9,"featured_media":0,"parent":1419,"menu_order":0,"comment_status":"closed","ping_status":"closed","template":"templates\/template-application-platform.php","meta":{"publish_to_discourse":"","publish_post_category":"","wpdc_auto_publish_overridden":"","wpdc_topic_tags":"","wpdc_pin_topic":"","wpdc_pin_until":"","discourse_post_id":"","discourse_permalink":"","wpdc_publishing_response":"","wpdc_publishing_error":"","footnotes":""},"class_list":["post-7658","page","type-page","status-publish","hentry"],"yoast_head":"<!-- This site is optimized with the Yoast SEO plugin v25.3.1 - https:\/\/yoast.com\/wordpress\/plugins\/seo\/ -->\n<title>Gerador de c\u00f3digo QR \u2013 Adicionar plugin de c\u00f3digo QR ao jQuery [2025]<\/title>\n<meta name=\"description\" content=\"Crie rapidamente seus plug-ins de c\u00f3digo QR jQuery exclusivos. Basta aplicar nossa pr\u00e1tica demonstra\u00e7\u00e3o e seu plugin ser\u00e1 constru\u00eddo em menos de dois minutos.\" \/>\n<meta name=\"robots\" content=\"index, follow, max-snippet:-1, max-image-preview:large, max-video-preview:-1\" \/>\n<link rel=\"canonical\" href=\"https:\/\/elfsight.com\/pt\/qr-code-widget\/jquery\/\" \/>\n<meta property=\"og:locale\" content=\"pt_PT\" \/>\n<meta property=\"og:type\" content=\"article\" \/>\n<meta property=\"og:title\" content=\"Gerador de c\u00f3digo QR \u2013 Adicionar plugin de c\u00f3digo QR ao jQuery [2025]\" \/>\n<meta property=\"og:description\" content=\"Crie rapidamente seus plug-ins de c\u00f3digo QR jQuery exclusivos. Basta aplicar nossa pr\u00e1tica demonstra\u00e7\u00e3o e seu plugin ser\u00e1 constru\u00eddo em menos de dois minutos.\" \/>\n<meta property=\"og:url\" content=\"https:\/\/elfsight.com\/pt\/qr-code-widget\/jquery\/\" \/>\n<meta property=\"og:site_name\" content=\"Elfsight PT\" \/>\n<meta property=\"article:modified_time\" content=\"2025-03-07T05:06:39+00:00\" \/>\n<meta name=\"twitter:card\" content=\"summary_large_image\" \/>\n<meta name=\"twitter:label1\" content=\"Tempo estimado de leitura\" \/>\n\t<meta name=\"twitter:data1\" content=\"3 minutos\" \/>\n<!-- \/ Yoast SEO plugin. -->","yoast_head_json":{"title":"Gerador de c\u00f3digo QR \u2013 Adicionar plugin de c\u00f3digo QR ao jQuery [2025]","description":"Crie rapidamente seus plug-ins de c\u00f3digo QR jQuery exclusivos. Basta aplicar nossa pr\u00e1tica demonstra\u00e7\u00e3o e seu plugin ser\u00e1 constru\u00eddo em menos de dois minutos.","robots":{"index":"index","follow":"follow","max-snippet":"max-snippet:-1","max-image-preview":"max-image-preview:large","max-video-preview":"max-video-preview:-1"},"canonical":"https:\/\/elfsight.com\/pt\/qr-code-widget\/jquery\/","og_locale":"pt_PT","og_type":"article","og_title":"Gerador de c\u00f3digo QR \u2013 Adicionar plugin de c\u00f3digo QR ao jQuery [2025]","og_description":"Crie rapidamente seus plug-ins de c\u00f3digo QR jQuery exclusivos. Basta aplicar nossa pr\u00e1tica demonstra\u00e7\u00e3o e seu plugin ser\u00e1 constru\u00eddo em menos de dois minutos.","og_url":"https:\/\/elfsight.com\/pt\/qr-code-widget\/jquery\/","og_site_name":"Elfsight PT","article_modified_time":"2025-03-07T05:06:39+00:00","twitter_card":"summary_large_image","twitter_misc":{"Tempo estimado de leitura":"3 minutos"},"schema":{"@context":"https:\/\/schema.org","@graph":[{"@type":"WebPage","@id":"https:\/\/elfsight.com\/pt\/qr-code-widget\/jquery\/","url":"https:\/\/elfsight.com\/pt\/qr-code-widget\/jquery\/","name":"Gerador de c\u00f3digo QR \u2013 Adicionar plugin de c\u00f3digo QR ao jQuery [2025]","isPartOf":{"@id":"https:\/\/elfsight.com\/pt\/#website"},"datePublished":"1970-01-01T00:00:00+00:00","dateModified":"2025-03-07T05:06:39+00:00","description":"Crie rapidamente seus plug-ins de c\u00f3digo QR jQuery exclusivos. Basta aplicar nossa pr\u00e1tica demonstra\u00e7\u00e3o e seu plugin ser\u00e1 constru\u00eddo em menos de dois minutos.","breadcrumb":{"@id":"https:\/\/elfsight.com\/pt\/qr-code-widget\/jquery\/#breadcrumb"},"inLanguage":"pt-PT","potentialAction":[{"@type":"ReadAction","target":["https:\/\/elfsight.com\/pt\/qr-code-widget\/jquery\/"]}]},{"@type":"BreadcrumbList","@id":"https:\/\/elfsight.com\/pt\/qr-code-widget\/jquery\/#breadcrumb","itemListElement":[{"@type":"ListItem","position":1,"name":"Home","item":"https:\/\/elfsight.com\/pt\/"},{"@type":"ListItem","position":2,"name":"QR Code","item":"https:\/\/elfsight.com\/pt\/qr-code-widget\/"},{"@type":"ListItem","position":3,"name":"QR Code &#8211; jQuery"}]},{"@type":"WebSite","@id":"https:\/\/elfsight.com\/pt\/#website","url":"https:\/\/elfsight.com\/pt\/","name":"Elfsight PT","description":"Just another Elfsight Sites site","potentialAction":[{"@type":"SearchAction","target":{"@type":"EntryPoint","urlTemplate":"https:\/\/elfsight.com\/pt\/?s={search_term_string}"},"query-input":{"@type":"PropertyValueSpecification","valueRequired":true,"valueName":"search_term_string"}}],"inLanguage":"pt-PT"}]}},"meta_box":{"industry":"","seo_heading":"","heading":"","description":"","cta_heading":"","cta_description":"","application":"1418","h1":"Plug-in de c\u00f3digo QR jQuery","h1_caption":"Encaminhe visitantes para qualquer site, distribua arquivos imediatamente e melhore a UX","application_category":[],"applications_title":"","applications_request_title":"","applications_request_button_text":"","hero_text":"","hero_video":"","hero_video_schema_markup":"","selling_points_title":"","selling_points_caption":"","selling_points":[],"selling_points_cta_text":"","features_title":"","features":"","ed_cta_examples_text":"","ed_cta_examples_hidden":"","ed_cta_demo_text":"","ed_cta_demo_hidden":"","why_caption":"","why_editor_title":"","why_editor_text":"","why_team_title":"","why_team_text":"","why_service_title":"","why_service_text":"","template_catalog_visible":"0","template_catalog_title":"","template_catalog_text":"","template_catalog_categories_visible":"","demo_title":"Crie seu plugin de QR Code","demo_caption":"Configure seu QR Code e adicione-o ao seu site jQuery gratuitamente!","default_faq_hidden":"","app_template_category":[],"platform":"55","template_public_id":"","codecanyon_url":"","codecanyon_item_id":"","codecanyon_price":"","pricing_caption":"","pricing_elfsight_apps_hide_column":"","pricing_elfsight_apps_url":"","pricing_codecanyon_price_caption":"","integration_category":[],"integration_request_title":"","integration_request_cta":"","integration_platform":"","integrations":[],"platform_category":[],"video_schema_markup":"","price":"a partir de US$ 0\/m\u00eas","trial":"","benefits":[{"text":"Ajuda de instala\u00e7\u00e3o gratuita"},{"text":"Suporte ao cliente experiente"},{"text":"Garantia de devolu\u00e7\u00e3o do dinheiro em 14 dias"},{"text":"Atualiza\u00e7\u00f5es gratuitas vital\u00edcias"}],"button_url":"#demo","button_target_blank":"0","button_nofollow":"0","attributes":[{"name":"Instala\u00e7\u00f5es","content":"10,000 - 100,000"},{"name":"Responsivo","content":"Sim"},{"name":"Navegadores compat\u00edveis","content":"Firefox, Safari, Opera, Chrome, Edge"}],"tags":[],"tags_disable_links":"0","hide_more_platforms":"0","video_object":"","demo_hide_cta":"0","demo_hide_cloud_options":"0","pricing_title":"","pricing":[{"pricing_icon":"platform","pricing_title":"Elfsight Apps","pricing_title_caption":"Vers\u00e3o independente de plataforma que funciona em qualquer site","pricing_price":"a partir de US$ 0\/m\u00eas","pricing_price_caption":"comece com um plano gratuito","pricing_benefits":[{"text":"Sites ilimitados"},{"text":"Suporte premium, pontual e bem documentado"},{"text":"Suporte premium, pontual e bem documentado"},{"text":"Totalmente personaliz\u00e1vel"}],"pricing_button_text":"Adicionar ao site","pricing_button_url":"#demo"}],"related_apps_title":"","related_apps_hidden":"0","author":"","image":[],"title":"","job":"","social_networks":[]},"_links":{"self":[{"href":"https:\/\/elfsight.com\/pt\/wp-json\/wp\/v2\/pages\/7658","targetHints":{"allow":["GET"]}}],"collection":[{"href":"https:\/\/elfsight.com\/pt\/wp-json\/wp\/v2\/pages"}],"about":[{"href":"https:\/\/elfsight.com\/pt\/wp-json\/wp\/v2\/types\/page"}],"author":[{"embeddable":true,"href":"https:\/\/elfsight.com\/pt\/wp-json\/wp\/v2\/users\/9"}],"replies":[{"embeddable":true,"href":"https:\/\/elfsight.com\/pt\/wp-json\/wp\/v2\/comments?post=7658"}],"version-history":[{"count":2,"href":"https:\/\/elfsight.com\/pt\/wp-json\/wp\/v2\/pages\/7658\/revisions"}],"predecessor-version":[{"id":14511,"href":"https:\/\/elfsight.com\/pt\/wp-json\/wp\/v2\/pages\/7658\/revisions\/14511"}],"up":[{"embeddable":true,"href":"https:\/\/elfsight.com\/pt\/wp-json\/wp\/v2\/pages\/1419"}],"wp:attachment":[{"href":"https:\/\/elfsight.com\/pt\/wp-json\/wp\/v2\/media?parent=7658"}],"curies":[{"name":"wp","href":"https:\/\/api.w.org\/{rel}","templated":true}]}}