{"id":7650,"date":"1970-01-01T00:00:00","date_gmt":"1970-01-01T00:00:00","guid":{"rendered":"https:\/\/elfsight.com\/pt\/?page_id=7650"},"modified":"2025-03-07T05:10:30","modified_gmt":"2025-03-07T05:10:30","slug":"html","status":"publish","type":"page","link":"https:\/\/elfsight.com\/pt\/qr-code-widget\/html\/","title":{"rendered":"QR Code &#8211; HTML"},"content":{"rendered":"\n<div class=\"application-platform-content-item-description application-platform-content-item\" id=\"description\" data-nav-section=\"description\"> <h2>Descri\u00e7\u00e3o<\/h2> <p>Elfsight QR Code \u00e9 uma op\u00e7\u00e3o impressionante que permite redirecionar instantaneamente os usu\u00e1rios para qualquer site, compartilhar uma URL, localiza\u00e7\u00e3o , e-mail, arquivo e muito mais. O plugin \u00e9 extremamente ajust\u00e1vel: voc\u00ea pode adicionar um t\u00edtulo, legenda, escolher o \u00edcone e o logotipo &#8211; de nossa biblioteca ou criar o seu pr\u00f3prio, recolorir o texto, o fundo, a moldura e alterar o tamanho do widget da maneira que melhor se adapta ao seu site. Tudo o que resta fazer \u00e9 simplesmente come\u00e7ar a moldar o recurso &#8211; a instala\u00e7\u00e3o n\u00e3o \u00e9 sofisticada e n\u00e3o exigir\u00e1 habilidades de codifica\u00e7\u00e3o de sua parte.<\/p> <p><b>Integre o gerador de c\u00f3digo QR da Elfsight em seu site HTML e direcione os visitantes diretamente para onde voc\u00ea deseja e simplifique o uso do conte\u00fado.<\/b><\/p> <\/div> <div class=\"application-platform-content-item-features application-platform-content-item\" id=\"features\" data-nav-section=\"features\"> <h2>Oferecemos recursos pr\u00e1ticos e f\u00e1ceis, veja alguns deles: <\/h2> <ul><li>Acesso imediato ao conte\u00fado que voc\u00ea enviou<\/li><li>Anexar qualquer texto<\/li><li>8 logotipos troc\u00e1veis<\/li><li>Quinze \u00edcones altern\u00e1veis \u200b\u200bdispon\u00edveis<\/li><li>Recolorir todos os elementos do widget<\/li><\/ul><p><a href=\"#demo\">Voc\u00ea pode explorar todas as funcionalidades do widget na demonstra\u00e7\u00e3o nesta p\u00e1gina<\/a><\/p> <\/div> <div class=\"application-platform-content-item-installation application-platform-content-item\" id=\"installation\" data-nav-section=\"installation\"> <h2>Como posso adicionar QR Code no meu site HTML? <\/h2> <p>Basta seguir os seguintes passos apresentados abaixo para ativar o plugin. <\/p> <ol><li><b>Abra nossa demonstra\u00e7\u00e3o gratuita e comece a formar seu gerador personalizado. <\/b><br> Encontre o design e as especifica\u00e7\u00f5es prefer\u00edveis do plugin e aplique as modifica\u00e7\u00f5es. <\/li> <li><b>Receba o c\u00f3digo exclusivo revelado na caixa dos aplicativos Elfsight. <\/b><br> Ap\u00f3s a conclus\u00e3o do estabelecimento de sua ferramenta, copie o c\u00f3digo individual do pop-up exibido e salve-o para uso posterior. <\/li> <li><b>Comece a usar a ferramenta na p\u00e1gina inicial do HTML. <\/b><br>Incorpore o c\u00f3digo copiado recentemente em seu site e salve as melhorias. <\/li> <li><b>A instala\u00e7\u00e3o foi totalmente conclu\u00edda. <\/b><br> Visite sua p\u00e1gina para ver como o widget est\u00e1 funcionando. <\/li><\/ol> <p>Se voc\u00ea enfrentar d\u00favidas ou encontrar quaisquer obst\u00e1culos, n\u00e3o hesite em entrar em contato com nossa equipe de suporte. Nosso pessoal ter\u00e1 o maior prazer em resolver todas as dificuldades que voc\u00ea possa ter com o produto. <\/p> <\/div><div class=\"faq\" data-component=\"FAQ\"><div class=\"faq-item\">\r\n\t\t\t\t\t<div class=\"faq-item-question\">\r\n\t\t\t\t\t\t<h3 class=\"faq-item-question-text\">De que forma posso incorporar um QR Code ao meu site HTML? <\/h3>\r\n\r\n\t\t\t\t\t\t<div class=\"faq-item-question-icon\"><\/div>\r\n\t\t\t\t\t<\/div>\r\n\r\n\t\t\t\t\t<div class=\"faq-item-answer\">\r\n\t\t\t\t\t\t<div class=\"faq-item-answer-text\"><p>Ocorre a constru\u00e7\u00e3o do widget nas p\u00e1ginas da Elfsight e n\u00e3o h\u00e1 necessidade de aprender a programar. Use nossa demonstra\u00e7\u00e3o ao vivo para formar seu aplicativo, pegue o c\u00f3digo e insira-o em seu site. <\/p><\/div>\r\n\t\t\t\t\t<\/div>\r\n\t\t\t\t<\/div><div class=\"faq-item\">\r\n\t\t\t\t\t<div class=\"faq-item-question\">\r\n\t\t\t\t\t\t<h3 class=\"faq-item-question-text\">Os melhores exemplos de uso do gerador de QR Code<\/h3>\r\n\r\n\t\t\t\t\t\t<div class=\"faq-item-question-icon\"><\/div>\r\n\t\t\t\t\t<\/div>\r\n\r\n\t\t\t\t\t<div class=\"faq-item-answer\">\r\n\t\t\t\t\t\t<div class=\"faq-item-answer-text\"><p>Forneceremos in\u00fameras oportunidades de ajuste: widgets em escala real para inserir no zona de conte\u00fado, widgets flutuantes para op\u00e7\u00f5es de rolagem, miniaturas para rodap\u00e9, cabe\u00e7alho e todas as varia\u00e7\u00f5es de op\u00e7\u00f5es verticais para barras laterais e menus. <\/p><\/div>\r\n\t\t\t\t\t<\/div>\r\n\t\t\t\t<\/div><div class=\"faq-item\">\r\n\t\t\t\t\t<div class=\"faq-item-question\">\r\n\t\t\t\t\t\t<h3 class=\"faq-item-question-text\">Existe a op\u00e7\u00e3o de construir um QR Code de imagem ou link atrav\u00e9s da ag\u00eancia do seu editor? <\/h3>\r\n\r\n\t\t\t\t\t\t<div class=\"faq-item-question-icon\"><\/div>\r\n\t\t\t\t\t<\/div>\r\n\r\n\t\t\t\t\t<div class=\"faq-item-answer\">\r\n\t\t\t\t\t\t<div class=\"faq-item-answer-text\"><p>Voc\u00ea est\u00e1 convidado a construir quaisquer altera\u00e7\u00f5es de widget . H\u00e1 uma infinidade de layouts aplic\u00e1veis \u200b\u200bno editor e todos eles podem ser facilmente customizados conforme sua necessidade. <\/p><\/div>\r\n\t\t\t\t\t<\/div>\r\n\t\t\t\t<\/div><\/div>\n","protected":false},"excerpt":{"rendered":"","protected":false},"author":9,"featured_media":0,"parent":1419,"menu_order":0,"comment_status":"closed","ping_status":"closed","template":"templates\/template-application-platform.php","meta":{"publish_to_discourse":"","publish_post_category":"","wpdc_auto_publish_overridden":"","wpdc_topic_tags":"","wpdc_pin_topic":"","wpdc_pin_until":"","discourse_post_id":"","discourse_permalink":"","wpdc_publishing_response":"","wpdc_publishing_error":"","footnotes":""},"class_list":["post-7650","page","type-page","status-publish","hentry"],"yoast_head":"<!-- This site is optimized with the Yoast SEO plugin v25.3.1 - https:\/\/yoast.com\/wordpress\/plugins\/seo\/ -->\n<title>QR Code \u2013 Adicionar widget gerador de c\u00f3digo QR ao HTML [2025]<\/title>\n<meta name=\"description\" content=\"Crie seu gerador de c\u00f3digo QR exclusivo para p\u00e1gina HTML rapidamente. Conhe\u00e7a nosso editor interativo e crie um c\u00f3digo QR pessoal de forma gratuita e r\u00e1pida!\" \/>\n<meta name=\"robots\" content=\"index, follow, max-snippet:-1, max-image-preview:large, max-video-preview:-1\" \/>\n<link rel=\"canonical\" href=\"https:\/\/elfsight.com\/pt\/qr-code-widget\/html\/\" \/>\n<meta property=\"og:locale\" content=\"pt_PT\" \/>\n<meta property=\"og:type\" content=\"article\" \/>\n<meta property=\"og:title\" content=\"QR Code \u2013 Adicionar widget gerador de c\u00f3digo QR ao HTML [2025]\" \/>\n<meta property=\"og:description\" content=\"Crie seu gerador de c\u00f3digo QR exclusivo para p\u00e1gina HTML rapidamente. Conhe\u00e7a nosso editor interativo e crie um c\u00f3digo QR pessoal de forma gratuita e r\u00e1pida!\" \/>\n<meta property=\"og:url\" content=\"https:\/\/elfsight.com\/pt\/qr-code-widget\/html\/\" \/>\n<meta property=\"og:site_name\" content=\"Elfsight PT\" \/>\n<meta property=\"article:modified_time\" content=\"2025-03-07T05:10:30+00:00\" \/>\n<meta name=\"twitter:card\" content=\"summary_large_image\" \/>\n<meta name=\"twitter:label1\" content=\"Tempo estimado de leitura\" \/>\n\t<meta name=\"twitter:data1\" content=\"3 minutos\" \/>\n<!-- \/ Yoast SEO plugin. -->","yoast_head_json":{"title":"QR Code \u2013 Adicionar widget gerador de c\u00f3digo QR ao HTML [2025]","description":"Crie seu gerador de c\u00f3digo QR exclusivo para p\u00e1gina HTML rapidamente. Conhe\u00e7a nosso editor interativo e crie um c\u00f3digo QR pessoal de forma gratuita e r\u00e1pida!","robots":{"index":"index","follow":"follow","max-snippet":"max-snippet:-1","max-image-preview":"max-image-preview:large","max-video-preview":"max-video-preview:-1"},"canonical":"https:\/\/elfsight.com\/pt\/qr-code-widget\/html\/","og_locale":"pt_PT","og_type":"article","og_title":"QR Code \u2013 Adicionar widget gerador de c\u00f3digo QR ao HTML [2025]","og_description":"Crie seu gerador de c\u00f3digo QR exclusivo para p\u00e1gina HTML rapidamente. Conhe\u00e7a nosso editor interativo e crie um c\u00f3digo QR pessoal de forma gratuita e r\u00e1pida!","og_url":"https:\/\/elfsight.com\/pt\/qr-code-widget\/html\/","og_site_name":"Elfsight PT","article_modified_time":"2025-03-07T05:10:30+00:00","twitter_card":"summary_large_image","twitter_misc":{"Tempo estimado de leitura":"3 minutos"},"schema":{"@context":"https:\/\/schema.org","@graph":[{"@type":"WebPage","@id":"https:\/\/elfsight.com\/pt\/qr-code-widget\/html\/","url":"https:\/\/elfsight.com\/pt\/qr-code-widget\/html\/","name":"QR Code \u2013 Adicionar widget gerador de c\u00f3digo QR ao HTML [2025]","isPartOf":{"@id":"https:\/\/elfsight.com\/pt\/#website"},"datePublished":"1970-01-01T00:00:00+00:00","dateModified":"2025-03-07T05:10:30+00:00","description":"Crie seu gerador de c\u00f3digo QR exclusivo para p\u00e1gina HTML rapidamente. Conhe\u00e7a nosso editor interativo e crie um c\u00f3digo QR pessoal de forma gratuita e r\u00e1pida!","breadcrumb":{"@id":"https:\/\/elfsight.com\/pt\/qr-code-widget\/html\/#breadcrumb"},"inLanguage":"pt-PT","potentialAction":[{"@type":"ReadAction","target":["https:\/\/elfsight.com\/pt\/qr-code-widget\/html\/"]}]},{"@type":"BreadcrumbList","@id":"https:\/\/elfsight.com\/pt\/qr-code-widget\/html\/#breadcrumb","itemListElement":[{"@type":"ListItem","position":1,"name":"Home","item":"https:\/\/elfsight.com\/pt\/"},{"@type":"ListItem","position":2,"name":"QR Code","item":"https:\/\/elfsight.com\/pt\/qr-code-widget\/"},{"@type":"ListItem","position":3,"name":"QR Code &#8211; HTML"}]},{"@type":"WebSite","@id":"https:\/\/elfsight.com\/pt\/#website","url":"https:\/\/elfsight.com\/pt\/","name":"Elfsight PT","description":"Just another Elfsight Sites site","potentialAction":[{"@type":"SearchAction","target":{"@type":"EntryPoint","urlTemplate":"https:\/\/elfsight.com\/pt\/?s={search_term_string}"},"query-input":{"@type":"PropertyValueSpecification","valueRequired":true,"valueName":"search_term_string"}}],"inLanguage":"pt-PT"}]}},"meta_box":{"industry":"","seo_heading":"","heading":"","description":"","cta_heading":"","cta_description":"","application":"1418","h1":"Gerador de c\u00f3digo QR HTML","h1_caption":"Redirecione os usu\u00e1rios para qualquer p\u00e1gina da web, compartilhe arquivos instantaneamente e melhore a experi\u00eancia do usu\u00e1rio","application_category":[],"applications_title":"","applications_request_title":"","applications_request_button_text":"","hero_text":"","hero_video":"","hero_video_schema_markup":"","selling_points_title":"","selling_points_caption":"","selling_points":[],"selling_points_cta_text":"","features_title":"","features":"","ed_cta_examples_text":"","ed_cta_examples_hidden":"","ed_cta_demo_text":"","ed_cta_demo_hidden":"","why_caption":"","why_editor_title":"","why_editor_text":"","why_team_title":"","why_team_text":"","why_service_title":"","why_service_text":"","template_catalog_visible":"0","template_catalog_title":"","template_catalog_text":"","template_catalog_categories_visible":"","demo_title":"Crie seu widget de c\u00f3digo QR","demo_caption":"Configure seu QR Code e adicione-o ao seu site HTML gratuitamente!","default_faq_hidden":"","app_template_category":[],"platform":"49","template_public_id":"","codecanyon_url":"","codecanyon_item_id":"","codecanyon_price":"","pricing_caption":"","pricing_elfsight_apps_hide_column":"","pricing_elfsight_apps_url":"","pricing_codecanyon_price_caption":"","integration_category":[],"integration_request_title":"","integration_request_cta":"","integration_platform":"","integrations":[],"platform_category":[],"video_schema_markup":"","price":"a partir de US$ 0\/m\u00eas","trial":"","benefits":[{"text":"Assist\u00eancia de instala\u00e7\u00e3o gratuita"},{"text":"Atendimento ao cliente eficaz"},{"text":"Garantia de reembolso de 14 dias"},{"text":"Melhorias futuras"}],"button_url":"#demo","button_target_blank":"0","button_nofollow":"0","attributes":[{"name":"Instala\u00e7\u00f5es","content":"10,000 - 100,000"},{"name":"Responsivo","content":"Sim"},{"name":"Navegadores compat\u00edveis","content":"Firefox, Safari, Opera, Chrome, Edge"}],"tags":[],"tags_disable_links":"0","hide_more_platforms":"0","video_object":"","demo_hide_cta":"0","demo_hide_cloud_options":"0","pricing_title":"","pricing":[{"pricing_icon":"platform","pricing_title":"Elfsight Apps","pricing_title_caption":"Solu\u00e7\u00e3o multiplataforma adequada para qualquer site","pricing_price":"a partir de US$ 0\/m\u00eas","pricing_price_caption":"comece com plano gratuito","pricing_benefits":[{"text":"Dom\u00ednios ilimitados"},{"text":"Suporte profissional ao cliente"},{"text":"Suporte profissional ao cliente"},{"text":"Oferta especial para v\u00e1rios aplicativos"}],"pricing_button_text":"Adicionar ao site","pricing_button_url":"#demo"}],"related_apps_title":"","related_apps_hidden":"0","author":"","image":[],"title":"","job":"","social_networks":[]},"_links":{"self":[{"href":"https:\/\/elfsight.com\/pt\/wp-json\/wp\/v2\/pages\/7650","targetHints":{"allow":["GET"]}}],"collection":[{"href":"https:\/\/elfsight.com\/pt\/wp-json\/wp\/v2\/pages"}],"about":[{"href":"https:\/\/elfsight.com\/pt\/wp-json\/wp\/v2\/types\/page"}],"author":[{"embeddable":true,"href":"https:\/\/elfsight.com\/pt\/wp-json\/wp\/v2\/users\/9"}],"replies":[{"embeddable":true,"href":"https:\/\/elfsight.com\/pt\/wp-json\/wp\/v2\/comments?post=7650"}],"version-history":[{"count":3,"href":"https:\/\/elfsight.com\/pt\/wp-json\/wp\/v2\/pages\/7650\/revisions"}],"predecessor-version":[{"id":14516,"href":"https:\/\/elfsight.com\/pt\/wp-json\/wp\/v2\/pages\/7650\/revisions\/14516"}],"up":[{"embeddable":true,"href":"https:\/\/elfsight.com\/pt\/wp-json\/wp\/v2\/pages\/1419"}],"wp:attachment":[{"href":"https:\/\/elfsight.com\/pt\/wp-json\/wp\/v2\/media?parent=7650"}],"curies":[{"name":"wp","href":"https:\/\/api.w.org\/{rel}","templated":true}]}}