{"id":7648,"date":"1970-01-01T00:00:00","date_gmt":"1970-01-01T00:00:00","guid":{"rendered":"https:\/\/elfsight.com\/pt\/?page_id=7648"},"modified":"2025-03-07T05:12:42","modified_gmt":"2025-03-07T05:12:42","slug":"opencart","status":"publish","type":"page","link":"https:\/\/elfsight.com\/pt\/qr-code-widget\/opencart\/","title":{"rendered":"QR Code &#8211; OpenCart"},"content":{"rendered":"\n<div class=\"application-platform-content-item-description application-platform-content-item\" id=\"description\" data-nav-section=\"description\"> <h2>Descri\u00e7\u00e3o<\/h2> <p>O gerador de QR Code Elfsight \u00e9 uma ferramenta not\u00e1vel para OpenCart que permite redirecionar imediatamente os usu\u00e1rios para qualquer p\u00e1gina da web, compartilhar um link, localiza\u00e7\u00e3o, e-mail, arquivo e muito mais. A ferramenta \u00e9 extremamente personaliz\u00e1vel: voc\u00ea pode adicionar um t\u00edtulo, uma legenda, selecionar o \u00edcone e o logotipo &#8211; da nossa biblioteca ou escolher o seu pr\u00f3prio, repintar o texto, o fundo, a moldura e ajustar o tamanho da maneira que desejar. Tudo o que resta fazer \u00e9 come\u00e7ar a criar seu widget personalizado &#8211; a instala\u00e7\u00e3o n\u00e3o \u00e9 sofisticada e n\u00e3o exigir\u00e1 nenhum conhecimento de codifica\u00e7\u00e3o de sua parte.<\/p> <p><b>Integre o gerador de QR Code em sua p\u00e1gina da web e traga visitantes diretamente onde voc\u00ea precisa e simplifique o consumo de conte\u00fado.<\/b><\/p> <\/div> <div class=\"application-platform-content-item-features application-platform-content-item\" id=\"features\" data-nav-section=\"features\"> <h2>A extens\u00e3o possui recursos \u00fateis e descomplicados, veja alguns deles: <\/h2> <ul><li>Acesso instant\u00e2neo ao conte\u00fado que voc\u00ea enviou<\/li><li>Anexe qualquer texto<\/li><li>8 logotipos troc\u00e1veis<\/li><li>Quinze \u00edcones troc\u00e1veis \u200b\u200bpara voc\u00ea escolher<\/li><li>Recolorir todos os elementos<\/li><\/ul><p><a href=\"#demo\">Experimente esta demonstra\u00e7\u00e3o para ver quanto vale a extens\u00e3o<\/a><\/p> <\/div> <div class=\"application-platform-content-item-installation application-platform-content-item\" id=\"installation\" data-nav-section=\"installation\"> <h2>Como adicionar gerador de QR Code ao meu site OpenCart? <\/h2> <p>Basta seguir as orienta\u00e7\u00f5es abaixo para come\u00e7ar a usar a ferramenta. <\/p> <ol><li><b>Abra nossa demonstra\u00e7\u00e3o gratuita e comece a criar sua pr\u00f3pria extens\u00e3o. <\/b><br> Escolha a interface selecionada e os recursos da extens\u00e3o e salve todas as edi\u00e7\u00f5es. <\/li> <li><b>Copie o c\u00f3digo exclusivo mostrado na janela dos aplicativos Elfsight. <\/b><br> Quando a personaliza\u00e7\u00e3o da sua extens\u00e3o estiver conclu\u00edda, copie o c\u00f3digo exclusivo da caixa exibida e guarde-o para futuras ocasi\u00f5es. <\/li> <li><b>Entre usando a extens\u00e3o no site OpenCart. <\/b><br> Cole o c\u00f3digo salvo recentemente em seu site e aplique as corre\u00e7\u00f5es. <\/li> <li><b>A instala\u00e7\u00e3o foi totalmente realizada. <\/b><br> Visite seu site para dar uma olhada no funcionamento da extens\u00e3o. <\/li><\/ol><p>Supondo que voc\u00ea tenha alguma dificuldade, n\u00e3o hesite em recorrer \u00e0 nossa equipe de suporte. Nossos especialistas ter\u00e3o prazer em resolver todas as dificuldades que voc\u00ea possa ter com o produto. <\/p> <div class=\"faq\" data-component=\"FAQ\"><div class=\"faq-item\">\r\n\t\t\t\t\t<div class=\"faq-item-question\">\r\n\t\t\t\t\t\t<h3 class=\"faq-item-question-text\">De que forma \u00e9 poss\u00edvel incorporar QR Code na minha p\u00e1gina OpenCart sem conhecimentos de codifica\u00e7\u00e3o?<\/h3>\r\n\r\n\t\t\t\t\t\t<div class=\"faq-item-question-icon\"><\/div>\r\n\t\t\t\t\t<\/div>\r\n\r\n\t\t\t\t\t<div class=\"faq-item-answer\">\r\n\t\t\t\t\t\t<div class=\"faq-item-answer-text\"> <p>A Elfsight oferece uma solu\u00e7\u00e3o SaaS que permite a um grande p\u00fablico criar um QR Code se\u00e7\u00e3o voc\u00ea mesmo, aprenda as etapas f\u00e1ceis: Comece a trabalhar diretamente no Editor on-line para criar um widget de QR Code que voc\u00ea gostaria de adicionar no OpenCart. Clique em um de nossos templates pr\u00e9-desenhados e ajuste as configura\u00e7\u00f5es do QR Code, transforme o layout e as cores e adicione seu conte\u00fado, sem nenhum conhecimento de codifica\u00e7\u00e3o. Salve o QR Code e obtenha o c\u00f3digo de instala\u00e7\u00e3o do plugin, que pode ser facilmente incorporado na p\u00e1gina do OpenCart sem a necessidade de adquirir uma assinatura paga. Com o Editor intuitivo, todo usu\u00e1rio da web pode gerar QR Code online e simplesmente incorpor\u00e1-lo \u00e0 p\u00e1gina inicial do OpenCart. N\u00e3o h\u00e1 necessidade de obter uma assinatura paga ou inserir as credenciais do seu cart\u00e3o para entrar no servi\u00e7o. Se voc\u00ea tiver qualquer tipo de problema, entre em contato com nossa equipe de suporte.<\/p> <\/div>\r\n\t\t\t\t\t<\/div>\r\n\t\t\t\t<\/div> <\/div><\/div>\n","protected":false},"excerpt":{"rendered":"","protected":false},"author":9,"featured_media":0,"parent":1419,"menu_order":0,"comment_status":"closed","ping_status":"closed","template":"templates\/template-application-platform.php","meta":{"publish_to_discourse":"","publish_post_category":"","wpdc_auto_publish_overridden":"","wpdc_topic_tags":"","wpdc_pin_topic":"","wpdc_pin_until":"","discourse_post_id":"","discourse_permalink":"","wpdc_publishing_response":"","wpdc_publishing_error":"","footnotes":""},"class_list":["post-7648","page","type-page","status-publish","hentry"],"yoast_head":"<!-- This site is optimized with the Yoast SEO plugin v25.3.1 - https:\/\/yoast.com\/wordpress\/plugins\/seo\/ -->\n<title>C\u00f3digo QR \u2013 Adicione gerador de c\u00f3digo QR ao OpenCart (gratuito e r\u00e1pido)<\/title>\n<meta name=\"description\" content=\"Molde facilmente sua extens\u00e3o de c\u00f3digo QR exclusiva para a p\u00e1gina da web OpenCart. Basta usar nossa demonstra\u00e7\u00e3o pr\u00e1tica e sua extens\u00e3o estar\u00e1 pronta em menos de dois minutos.\" \/>\n<meta name=\"robots\" content=\"index, follow, max-snippet:-1, max-image-preview:large, max-video-preview:-1\" \/>\n<link rel=\"canonical\" href=\"https:\/\/elfsight.com\/pt\/qr-code-widget\/opencart\/\" \/>\n<meta property=\"og:locale\" content=\"pt_PT\" \/>\n<meta property=\"og:type\" content=\"article\" \/>\n<meta property=\"og:title\" content=\"C\u00f3digo QR \u2013 Adicione gerador de c\u00f3digo QR ao OpenCart (gratuito e r\u00e1pido)\" \/>\n<meta property=\"og:description\" content=\"Molde facilmente sua extens\u00e3o de c\u00f3digo QR exclusiva para a p\u00e1gina da web OpenCart. Basta usar nossa demonstra\u00e7\u00e3o pr\u00e1tica e sua extens\u00e3o estar\u00e1 pronta em menos de dois minutos.\" \/>\n<meta property=\"og:url\" content=\"https:\/\/elfsight.com\/pt\/qr-code-widget\/opencart\/\" \/>\n<meta property=\"og:site_name\" content=\"Elfsight PT\" \/>\n<meta property=\"article:modified_time\" content=\"2025-03-07T05:12:42+00:00\" \/>\n<meta name=\"twitter:card\" content=\"summary_large_image\" \/>\n<meta name=\"twitter:label1\" content=\"Tempo estimado de leitura\" \/>\n\t<meta name=\"twitter:data1\" content=\"3 minutos\" \/>\n<!-- \/ Yoast SEO plugin. -->","yoast_head_json":{"title":"C\u00f3digo QR \u2013 Adicione gerador de c\u00f3digo QR ao OpenCart (gratuito e r\u00e1pido)","description":"Molde facilmente sua extens\u00e3o de c\u00f3digo QR exclusiva para a p\u00e1gina da web OpenCart. Basta usar nossa demonstra\u00e7\u00e3o pr\u00e1tica e sua extens\u00e3o estar\u00e1 pronta em menos de dois minutos.","robots":{"index":"index","follow":"follow","max-snippet":"max-snippet:-1","max-image-preview":"max-image-preview:large","max-video-preview":"max-video-preview:-1"},"canonical":"https:\/\/elfsight.com\/pt\/qr-code-widget\/opencart\/","og_locale":"pt_PT","og_type":"article","og_title":"C\u00f3digo QR \u2013 Adicione gerador de c\u00f3digo QR ao OpenCart (gratuito e r\u00e1pido)","og_description":"Molde facilmente sua extens\u00e3o de c\u00f3digo QR exclusiva para a p\u00e1gina da web OpenCart. Basta usar nossa demonstra\u00e7\u00e3o pr\u00e1tica e sua extens\u00e3o estar\u00e1 pronta em menos de dois minutos.","og_url":"https:\/\/elfsight.com\/pt\/qr-code-widget\/opencart\/","og_site_name":"Elfsight PT","article_modified_time":"2025-03-07T05:12:42+00:00","twitter_card":"summary_large_image","twitter_misc":{"Tempo estimado de leitura":"3 minutos"},"schema":{"@context":"https:\/\/schema.org","@graph":[{"@type":"WebPage","@id":"https:\/\/elfsight.com\/pt\/qr-code-widget\/opencart\/","url":"https:\/\/elfsight.com\/pt\/qr-code-widget\/opencart\/","name":"C\u00f3digo QR \u2013 Adicione gerador de c\u00f3digo QR ao OpenCart (gratuito e r\u00e1pido)","isPartOf":{"@id":"https:\/\/elfsight.com\/pt\/#website"},"datePublished":"1970-01-01T00:00:00+00:00","dateModified":"2025-03-07T05:12:42+00:00","description":"Molde facilmente sua extens\u00e3o de c\u00f3digo QR exclusiva para a p\u00e1gina da web OpenCart. Basta usar nossa demonstra\u00e7\u00e3o pr\u00e1tica e sua extens\u00e3o estar\u00e1 pronta em menos de dois minutos.","breadcrumb":{"@id":"https:\/\/elfsight.com\/pt\/qr-code-widget\/opencart\/#breadcrumb"},"inLanguage":"pt-PT","potentialAction":[{"@type":"ReadAction","target":["https:\/\/elfsight.com\/pt\/qr-code-widget\/opencart\/"]}]},{"@type":"BreadcrumbList","@id":"https:\/\/elfsight.com\/pt\/qr-code-widget\/opencart\/#breadcrumb","itemListElement":[{"@type":"ListItem","position":1,"name":"Home","item":"https:\/\/elfsight.com\/pt\/"},{"@type":"ListItem","position":2,"name":"QR Code","item":"https:\/\/elfsight.com\/pt\/qr-code-widget\/"},{"@type":"ListItem","position":3,"name":"QR Code &#8211; OpenCart"}]},{"@type":"WebSite","@id":"https:\/\/elfsight.com\/pt\/#website","url":"https:\/\/elfsight.com\/pt\/","name":"Elfsight PT","description":"Just another Elfsight Sites site","potentialAction":[{"@type":"SearchAction","target":{"@type":"EntryPoint","urlTemplate":"https:\/\/elfsight.com\/pt\/?s={search_term_string}"},"query-input":{"@type":"PropertyValueSpecification","valueRequired":true,"valueName":"search_term_string"}}],"inLanguage":"pt-PT"}]}},"meta_box":{"industry":"","seo_heading":"","heading":"","description":"","cta_heading":"","cta_description":"","application":"1418","h1":"Extens\u00e3o de c\u00f3digo QR OpenCart","h1_caption":"Encaminhe seu p\u00fablico para qualquer site, distribua arquivos na hora e melhore a experi\u00eancia do usu\u00e1rio","application_category":[],"applications_title":"","applications_request_title":"","applications_request_button_text":"","hero_text":"","hero_video":"","hero_video_schema_markup":"","selling_points_title":"","selling_points_caption":"","selling_points":[],"selling_points_cta_text":"","features_title":"","features":"","ed_cta_examples_text":"","ed_cta_examples_hidden":"","ed_cta_demo_text":"","ed_cta_demo_hidden":"","why_caption":"","why_editor_title":"","why_editor_text":"","why_team_title":"","why_team_text":"","why_service_title":"","why_service_text":"","template_catalog_visible":"0","template_catalog_title":"","template_catalog_text":"","template_catalog_categories_visible":"","demo_title":"Crie sua extens\u00e3o de QR Code","demo_caption":"Configure seu QR Code e adicione-o ao seu site OpenCart gratuitamente!","default_faq_hidden":"","app_template_category":[],"platform":"61","template_public_id":"","codecanyon_url":"","codecanyon_item_id":"","codecanyon_price":"","pricing_caption":"","pricing_elfsight_apps_hide_column":"","pricing_elfsight_apps_url":"","pricing_codecanyon_price_caption":"","integration_category":[],"integration_request_title":"","integration_request_cta":"","integration_platform":"","integrations":[],"platform_category":[],"video_schema_markup":"","price":"a partir de US$ 0\/m\u00eas","trial":"","benefits":[{"text":"Servi\u00e7o de instala\u00e7\u00e3o gratuito"},{"text":"Suporte excepcional"},{"text":"Garantia de devolu\u00e7\u00e3o do dinheiro em 14 dias"},{"text":"Melhorias ao longo da vida"}],"button_url":"#demo","button_target_blank":"0","button_nofollow":"0","attributes":[{"name":"Instala\u00e7\u00f5es","content":"10,000 - 100,000"},{"name":"Responsivo","content":"Sim"},{"name":"Navegadores compat\u00edveis","content":"Chrome, Edge, Firefox, Safari, Opera"}],"tags":[],"tags_disable_links":"0","hide_more_platforms":"0","video_object":"","demo_hide_cta":"0","demo_hide_cloud_options":"0","pricing_title":"","pricing":[{"pricing_icon":"platform","pricing_title":"Elfsight Apps","pricing_title_caption":"Solu\u00e7\u00e3o digital multiplataforma","pricing_price":"a partir de US$ 0\/m\u00eas","pricing_price_caption":"comece com plano gratuito","pricing_benefits":[{"text":"Sites ilimitados"},{"text":"Suporte r\u00e1pido e pontual"},{"text":"Suporte r\u00e1pido e pontual"},{"text":"100% personaliz\u00e1vel"}],"pricing_button_text":"Adicionar ao site","pricing_button_url":"#demo"}],"related_apps_title":"","related_apps_hidden":"0","author":"","image":[],"title":"","job":"","social_networks":[]},"_links":{"self":[{"href":"https:\/\/elfsight.com\/pt\/wp-json\/wp\/v2\/pages\/7648","targetHints":{"allow":["GET"]}}],"collection":[{"href":"https:\/\/elfsight.com\/pt\/wp-json\/wp\/v2\/pages"}],"about":[{"href":"https:\/\/elfsight.com\/pt\/wp-json\/wp\/v2\/types\/page"}],"author":[{"embeddable":true,"href":"https:\/\/elfsight.com\/pt\/wp-json\/wp\/v2\/users\/9"}],"replies":[{"embeddable":true,"href":"https:\/\/elfsight.com\/pt\/wp-json\/wp\/v2\/comments?post=7648"}],"version-history":[{"count":2,"href":"https:\/\/elfsight.com\/pt\/wp-json\/wp\/v2\/pages\/7648\/revisions"}],"predecessor-version":[{"id":14518,"href":"https:\/\/elfsight.com\/pt\/wp-json\/wp\/v2\/pages\/7648\/revisions\/14518"}],"up":[{"embeddable":true,"href":"https:\/\/elfsight.com\/pt\/wp-json\/wp\/v2\/pages\/1419"}],"wp:attachment":[{"href":"https:\/\/elfsight.com\/pt\/wp-json\/wp\/v2\/media?parent=7648"}],"curies":[{"name":"wp","href":"https:\/\/api.w.org\/{rel}","templated":true}]}}