{"id":7647,"date":"1970-01-01T00:00:00","date_gmt":"1970-01-01T00:00:00","guid":{"rendered":"https:\/\/elfsight.com\/pt\/?page_id=7647"},"modified":"2025-03-07T05:20:52","modified_gmt":"2025-03-07T05:20:52","slug":"shopify","status":"publish","type":"page","link":"https:\/\/elfsight.com\/pt\/qr-code-widget\/shopify\/","title":{"rendered":"QR Code &#8211; Shopify"},"content":{"rendered":"\n<div class=\"application-platform-content-item-description application-platform-content-item\" id=\"description\" data-nav-section=\"description\"> <h2>Incorpore o QR Code no Shopify com o widget Elfsight<\/h2> <p>O aplicativo Elfsight QR Code \u00e9 uma op\u00e7\u00e3o not\u00e1vel para o Shopify, permitindo que voc\u00ea imediatamente redirecione seus visitantes para qualquer site, compartilhe um link, localiza\u00e7\u00e3o, email, arquivo e muito mais. O widget \u00e9 extremamente personaliz\u00e1vel: voc\u00ea pode adicionar um t\u00edtulo, uma legenda explicativa, escolher o \u00edcone e o logotipo &#8211; da nossa biblioteca ou escolher o seu pr\u00f3prio, repintar o texto, o fundo, a moldura e alterar o tamanho do widget da maneira que voc\u00ea precisar. Tudo o que voc\u00ea precisa fazer \u00e9 come\u00e7ar a formar seu recurso personalizado &#8211; a instala\u00e7\u00e3o \u00e9 f\u00e1cil e n\u00e3o requer habilidades de codifica\u00e7\u00e3o.<\/p> <p><b>Insira o gerador de c\u00f3digo QR da Elfsight em seu site da Shopify e direcione os usu\u00e1rios diretamente para onde voc\u00ea deseja. deseja que eles sejam e agilize o uso do conte\u00fado.<\/b><\/p> <\/div> <div class=\"application-platform-content-item-features application-platform-content-item\" id=\"features\" data-nav-section=\"features\"> <h2>O widget oferece recursos poderosos e r\u00e1pidos, veja alguns deles:<\/h2> <ul><li>Acesso instant\u00e2neo ao conte\u00fado que voc\u00ea enviou<\/li><li>Adicione qualquer texto<\/li><li>8 logotipos altern\u00e1veis<\/li><li>Quinze \u00edcones troc\u00e1veis \u200b\u200bdispon\u00edveis<\/li><li>Repintar todas as partes<\/li><\/ul><p><a href=\"#demo\">Voc\u00ea pode testar a funcionalidade completa do widget na demonstra\u00e7\u00e3o abaixo<\/a><\/p> <\/div> <div class=\"application-platform-content-item-installation application-platform-content-item\" id=\"installation\" data-nav-section=\"installation\"> <h2>Como adiciono QR Code no meu site da Shopify?<\/h2> <p>Basta seguir algumas etapas apresentadas abaixo para ativar o aplicativo.<\/p> <ol><li><b>Abra nosso editor gratuito e comece a criar seu aplicativo personalizado.<\/b><br> Especifique a forma e as especifica\u00e7\u00f5es preferidas do widget e salve todas as modifica\u00e7\u00f5es.<\/li> <li><b> Receba o c\u00f3digo pessoal apresentado no formul\u00e1rio especial nas aplica\u00e7\u00f5es Elfsight.<\/b><br> Quando a configura\u00e7\u00e3o do seu widget pessoal terminar, copie o seu c\u00f3digo no pop-up que aparece e guarde-o para ocasi\u00f5es futuras.<\/li> <li><b>Inscreva-se em usar o aplicativo em seu site da Shopify.<\/b><br> Cole o c\u00f3digo copiado recentemente em seu site e aplique as edi\u00e7\u00f5es. <\/li> <li><b>Conclu\u00eddo! A incorpora\u00e7\u00e3o est\u00e1 totalmente realizada.<\/b><br> Abra seu site para dar uma olhada no funcionamento do aplicativo.<\/li><\/ol><p>Na condi\u00e7\u00e3o de enfrentar d\u00favidas ou enfrentar alguma dificuldade, n\u00e3o tenha medo de escrever para nossa equipe de atendimento ao cliente. Os nossos consultores ter\u00e3o todo o prazer em resolver todos os problemas que possa ter com o widget.<\/p><\/div> <div class=\"faq\" data-component=\"FAQ\"><div class=\"faq-item\">\r\n\t\t\t\t\t<div class=\"faq-item-question\">\r\n\t\t\t\t\t\t<h3 class=\"faq-item-question-text\">Como posso incorporar o QR Code no meu Shopify sem experi\u00eancia de codifica\u00e7\u00e3o?<\/h3>\r\n\r\n\t\t\t\t\t\t<div class=\"faq-item-question-icon\"><\/div>\r\n\t\t\t\t\t<\/div>\r\n\r\n\t\t\t\t\t<div class=\"faq-item-answer\">\r\n\t\t\t\t\t\t<div class=\"faq-item-answer-text\"> <p>A empresa Elfsight oferece uma solu\u00e7\u00e3o em nuvem que permite que um p\u00fablico amplo gere voc\u00ea mesmo um widget de QR Code, descubra como o processo \u00e9 descomplicado: Acesse a Demo online para gerar uma se\u00e7\u00e3o de QR Code que voc\u00ea gostaria que aparecesse em seu Shopify. Escolha um dos muitos modelos pr\u00e9-fabricados e ajuste as configura\u00e7\u00f5es do QR Code, inclua seu conte\u00fado, altere o layout e a cor dos elementos sem nenhum conhecimento de codifica\u00e7\u00e3o. Salve as configura\u00e7\u00f5es que voc\u00ea fez no QR Code e obtenha seu c\u00f3digo para instala\u00e7\u00e3o, que pode ser facilmente adicionado em qualquer p\u00e1gina do Shopify sem a necessidade de comprar uma vers\u00e3o paga. Com nosso configurador intuitivo qualquer usu\u00e1rio web pode criar QR Code e col\u00e1-lo no site Shopify. N\u00e3o \u00e9 necess\u00e1rio pagar ou divulgar os dados do seu cart\u00e3o para entrar no Elfsight Editor. Se voc\u00ea tiver algum problema em qualquer etapa, sinta-se \u00e0 vontade para entrar em contato com nosso suporte t\u00e9cnico ao cliente.<\/p> <\/div>\r\n\t\t\t\t\t<\/div>\r\n\t\t\t\t<\/div> <\/div>\n","protected":false},"excerpt":{"rendered":"","protected":false},"author":9,"featured_media":0,"parent":1419,"menu_order":0,"comment_status":"closed","ping_status":"closed","template":"templates\/template-application-platform.php","meta":{"publish_to_discourse":"","publish_post_category":"","wpdc_auto_publish_overridden":"","wpdc_topic_tags":"","wpdc_pin_topic":"","wpdc_pin_until":"","discourse_post_id":"","discourse_permalink":"","wpdc_publishing_response":"","wpdc_publishing_error":"","footnotes":""},"class_list":["post-7647","page","type-page","status-publish","hentry"],"yoast_head":"<!-- This site is optimized with the Yoast SEO plugin v25.3.1 - https:\/\/yoast.com\/wordpress\/plugins\/seo\/ -->\n<title>C\u00f3digo QR \u2013 Adicione gerador de c\u00f3digo QR ao Shopify (gratuito e r\u00e1pido)<\/title>\n<meta name=\"description\" content=\"Crie facilmente seu gerador de c\u00f3digo QR exclusivo para a p\u00e1gina da web do Shopify. Basta usar nossa demonstra\u00e7\u00e3o e sua ferramenta ser\u00e1 criada em menos de um minuto.\" \/>\n<meta name=\"robots\" content=\"index, follow, max-snippet:-1, max-image-preview:large, max-video-preview:-1\" \/>\n<link rel=\"canonical\" href=\"https:\/\/elfsight.com\/pt\/qr-code-widget\/shopify\/\" \/>\n<meta property=\"og:locale\" content=\"pt_PT\" \/>\n<meta property=\"og:type\" content=\"article\" \/>\n<meta property=\"og:title\" content=\"C\u00f3digo QR \u2013 Adicione gerador de c\u00f3digo QR ao Shopify (gratuito e r\u00e1pido)\" \/>\n<meta property=\"og:description\" content=\"Crie facilmente seu gerador de c\u00f3digo QR exclusivo para a p\u00e1gina da web do Shopify. Basta usar nossa demonstra\u00e7\u00e3o e sua ferramenta ser\u00e1 criada em menos de um minuto.\" \/>\n<meta property=\"og:url\" content=\"https:\/\/elfsight.com\/pt\/qr-code-widget\/shopify\/\" \/>\n<meta property=\"og:site_name\" content=\"Elfsight PT\" \/>\n<meta property=\"article:modified_time\" content=\"2025-03-07T05:20:52+00:00\" \/>\n<meta name=\"twitter:card\" content=\"summary_large_image\" \/>\n<meta name=\"twitter:label1\" content=\"Tempo estimado de leitura\" \/>\n\t<meta name=\"twitter:data1\" content=\"3 minutos\" \/>\n<!-- \/ Yoast SEO plugin. -->","yoast_head_json":{"title":"C\u00f3digo QR \u2013 Adicione gerador de c\u00f3digo QR ao Shopify (gratuito e r\u00e1pido)","description":"Crie facilmente seu gerador de c\u00f3digo QR exclusivo para a p\u00e1gina da web do Shopify. Basta usar nossa demonstra\u00e7\u00e3o e sua ferramenta ser\u00e1 criada em menos de um minuto.","robots":{"index":"index","follow":"follow","max-snippet":"max-snippet:-1","max-image-preview":"max-image-preview:large","max-video-preview":"max-video-preview:-1"},"canonical":"https:\/\/elfsight.com\/pt\/qr-code-widget\/shopify\/","og_locale":"pt_PT","og_type":"article","og_title":"C\u00f3digo QR \u2013 Adicione gerador de c\u00f3digo QR ao Shopify (gratuito e r\u00e1pido)","og_description":"Crie facilmente seu gerador de c\u00f3digo QR exclusivo para a p\u00e1gina da web do Shopify. Basta usar nossa demonstra\u00e7\u00e3o e sua ferramenta ser\u00e1 criada em menos de um minuto.","og_url":"https:\/\/elfsight.com\/pt\/qr-code-widget\/shopify\/","og_site_name":"Elfsight PT","article_modified_time":"2025-03-07T05:20:52+00:00","twitter_card":"summary_large_image","twitter_misc":{"Tempo estimado de leitura":"3 minutos"},"schema":{"@context":"https:\/\/schema.org","@graph":[{"@type":"WebPage","@id":"https:\/\/elfsight.com\/pt\/qr-code-widget\/shopify\/","url":"https:\/\/elfsight.com\/pt\/qr-code-widget\/shopify\/","name":"C\u00f3digo QR \u2013 Adicione gerador de c\u00f3digo QR ao Shopify (gratuito e r\u00e1pido)","isPartOf":{"@id":"https:\/\/elfsight.com\/pt\/#website"},"datePublished":"1970-01-01T00:00:00+00:00","dateModified":"2025-03-07T05:20:52+00:00","description":"Crie facilmente seu gerador de c\u00f3digo QR exclusivo para a p\u00e1gina da web do Shopify. Basta usar nossa demonstra\u00e7\u00e3o e sua ferramenta ser\u00e1 criada em menos de um minuto.","breadcrumb":{"@id":"https:\/\/elfsight.com\/pt\/qr-code-widget\/shopify\/#breadcrumb"},"inLanguage":"pt-PT","potentialAction":[{"@type":"ReadAction","target":["https:\/\/elfsight.com\/pt\/qr-code-widget\/shopify\/"]}]},{"@type":"BreadcrumbList","@id":"https:\/\/elfsight.com\/pt\/qr-code-widget\/shopify\/#breadcrumb","itemListElement":[{"@type":"ListItem","position":1,"name":"Home","item":"https:\/\/elfsight.com\/pt\/"},{"@type":"ListItem","position":2,"name":"QR Code","item":"https:\/\/elfsight.com\/pt\/qr-code-widget\/"},{"@type":"ListItem","position":3,"name":"QR Code &#8211; Shopify"}]},{"@type":"WebSite","@id":"https:\/\/elfsight.com\/pt\/#website","url":"https:\/\/elfsight.com\/pt\/","name":"Elfsight PT","description":"Just another Elfsight Sites site","potentialAction":[{"@type":"SearchAction","target":{"@type":"EntryPoint","urlTemplate":"https:\/\/elfsight.com\/pt\/?s={search_term_string}"},"query-input":{"@type":"PropertyValueSpecification","valueRequired":true,"valueName":"search_term_string"}}],"inLanguage":"pt-PT"}]}},"meta_box":{"industry":"","seo_heading":"","heading":"","description":"","cta_heading":"","cta_description":"","application":"1418","h1":"Gerador de c\u00f3digo QR Shopify","h1_caption":"Encaminhe seu p\u00fablico para qualquer site, distribua arquivos instantaneamente e melhore a UX","application_category":[],"applications_title":"","applications_request_title":"","applications_request_button_text":"","hero_text":"","hero_video":"","hero_video_schema_markup":"","selling_points_title":"","selling_points_caption":"","selling_points":[],"selling_points_cta_text":"","features_title":"","features":"","ed_cta_examples_text":"","ed_cta_examples_hidden":"","ed_cta_demo_text":"","ed_cta_demo_hidden":"","why_caption":"","why_editor_title":"","why_editor_text":"","why_team_title":"","why_team_text":"","why_service_title":"","why_service_text":"","template_catalog_visible":"0","template_catalog_title":"","template_catalog_text":"","template_catalog_categories_visible":"","demo_title":"Crie seu aplicativo de QR Code","demo_caption":"Configure seu QR Code e adicione-o ao seu site Shopify gratuitamente!","default_faq_hidden":"","app_template_category":[],"platform":"64","template_public_id":"","codecanyon_url":"","codecanyon_item_id":"","codecanyon_price":"","pricing_caption":"","pricing_elfsight_apps_hide_column":"","pricing_elfsight_apps_url":"","pricing_codecanyon_price_caption":"","integration_category":[],"integration_request_title":"","integration_request_cta":"","integration_platform":"","integrations":[],"platform_category":[],"video_schema_markup":"","price":"a partir de US$ 0\/m\u00eas","trial":"","benefits":[{"text":"Servi\u00e7o de instala\u00e7\u00e3o gratuito"},{"text":"Suporte premium"},{"text":"Garantia de devolu\u00e7\u00e3o do dinheiro em 14 dias"},{"text":"Atualiza\u00e7\u00f5es gratuitas cont\u00ednuas"}],"button_url":"#demo","button_target_blank":"0","button_nofollow":"0","attributes":[{"name":"Instala\u00e7\u00f5es","content":"10,000 - 100,000"},{"name":"Responsivo","content":"Sim"},{"name":"Navegadores compat\u00edveis","content":"Firefox, Safari, Opera, Chrome, Edge"}],"tags":[],"tags_disable_links":"0","hide_more_platforms":"0","video_object":"","demo_hide_cta":"0","demo_hide_cloud_options":"0","pricing_title":"","pricing":[{"pricing_icon":"cloud","pricing_title":"Elfsight Apps","pricing_title_caption":"Vers\u00e3o multiplataforma que funciona em qualquer site","pricing_price":"a partir de US$ 0\/m\u00eas","pricing_price_caption":"comece com plano gratuito","pricing_benefits":[{"text":"Sites ilimitados"},{"text":"Suporte premium"},{"text":"Suporte premium"},{"text":"Oferta especial para v\u00e1rios aplicativos"}],"pricing_button_text":"Adicionar ao site","pricing_button_url":"#demo"}],"related_apps_title":"","related_apps_hidden":"0","author":"","image":[],"title":"","job":"","social_networks":[]},"_links":{"self":[{"href":"https:\/\/elfsight.com\/pt\/wp-json\/wp\/v2\/pages\/7647","targetHints":{"allow":["GET"]}}],"collection":[{"href":"https:\/\/elfsight.com\/pt\/wp-json\/wp\/v2\/pages"}],"about":[{"href":"https:\/\/elfsight.com\/pt\/wp-json\/wp\/v2\/types\/page"}],"author":[{"embeddable":true,"href":"https:\/\/elfsight.com\/pt\/wp-json\/wp\/v2\/users\/9"}],"replies":[{"embeddable":true,"href":"https:\/\/elfsight.com\/pt\/wp-json\/wp\/v2\/comments?post=7647"}],"version-history":[{"count":3,"href":"https:\/\/elfsight.com\/pt\/wp-json\/wp\/v2\/pages\/7647\/revisions"}],"predecessor-version":[{"id":14522,"href":"https:\/\/elfsight.com\/pt\/wp-json\/wp\/v2\/pages\/7647\/revisions\/14522"}],"up":[{"embeddable":true,"href":"https:\/\/elfsight.com\/pt\/wp-json\/wp\/v2\/pages\/1419"}],"wp:attachment":[{"href":"https:\/\/elfsight.com\/pt\/wp-json\/wp\/v2\/media?parent=7647"}],"curies":[{"name":"wp","href":"https:\/\/api.w.org\/{rel}","templated":true}]}}