{"id":7642,"date":"1970-01-01T00:00:00","date_gmt":"1970-01-01T00:00:00","guid":{"rendered":"https:\/\/elfsight.com\/pt\/?page_id=7642"},"modified":"2025-03-07T05:19:24","modified_gmt":"2025-03-07T05:19:24","slug":"squarespace","status":"publish","type":"page","link":"https:\/\/elfsight.com\/pt\/qr-code-widget\/squarespace\/","title":{"rendered":"QR Code &#8211; Squarespace"},"content":{"rendered":"\n<div class=\"application-platform-content-item-description application-platform-content-item\" id=\"description\" data-nav-section=\"description\"> <h2>Incorpore QR Code no Squarespace com o widget Elfsight<\/h2> <p>Elfsight QR Code \u00e9 um plugin poderoso para Squarespace que permite redirecionar instantaneamente usu\u00e1rios para qualquer site, compartilhe um link, sua localiza\u00e7\u00e3o, e-mail, arquivo e muito mais. O plugin \u00e9 extremamente ajust\u00e1vel: voc\u00ea pode anexar um t\u00edtulo, legenda, escolher o \u00edcone e o tipo de logotipo &#8211; de nossa biblioteca ou fazer upload do seu pr\u00f3prio, repintar o texto, fundo, moldura e alterar o tamanho do widget da maneira que melhor se adequa ao seu site. Tudo o que voc\u00ea precisa fazer \u00e9 come\u00e7ar a moldar sua ferramenta personalizada &#8211; a instala\u00e7\u00e3o n\u00e3o \u00e9 sofisticada e n\u00e3o exigir\u00e1 nenhuma habilidade de codifica\u00e7\u00e3o de sua parte. <\/p> <p><b>Integre o gerador de QR Code ao seu site Squarespace e direcione os visitantes diretamente para onde voc\u00ea deseja e simplifique o consumo de conte\u00fado.<\/b><\/p> <\/div> <div class=\"application-platform-content-item-features application-platform-content-item\" id=\"features\" data-nav-section=\"features\"> <h2>Veja a lista dos melhores recursos: <\/h2> <ul><li>Acesso instant\u00e2neo ao seu conte\u00fado<\/li><li>Anexe qualquer texto<\/li><li>8 logotipos altern\u00e1veis <\/li><li>15 \u00edcones altern\u00e1veis \u200b\u200bdispon\u00edveis<\/li><li>Recolorir todas as partes do widget<\/li><\/ul><p><a href=\"#demo\">Experimente todos os recursos de personaliza\u00e7\u00e3o por completo -demonstra\u00e7\u00e3o em destaque<\/a><\/p> <\/div> <div class=\"application-platform-content-item-installation application-platform-content-item\" id=\"installation\" data-nav-section=\"installation\"> <h2>Como adicionar QR Code ao meu site Squarespace?<\/h2> <p>Basta aplicar as instru\u00e7\u00f5es abaixo para integrar o plug-in.<\/p> <ol><li><b>Abra nossa demonstra\u00e7\u00e3o gratuita e comece a moldar seu plug-in personalizado.<\/b><br> Especifique o design e os recursos preferidos do widget e salve as corre\u00e7\u00f5es.<\/li> <li><b>Receba o c\u00f3digo individual exposto na caixa nas aplica\u00e7\u00f5es Elfsight. <\/b><br> Ap\u00f3s a conclus\u00e3o da configura\u00e7\u00e3o do seu widget, copie o c\u00f3digo pessoal na caixa exibida e guarde-o para uso futuro.<\/li> <li><b>Inicie a aplica\u00e7\u00e3o do plugin no site do Squarespace. <\/b><br> Insira o c\u00f3digo que voc\u00ea salvou antes em sua p\u00e1gina inicial e aplique as corre\u00e7\u00f5es.<\/li> <li><b>Pronto! A integra\u00e7\u00e3o est\u00e1 totalmente finalizada.<\/b><br> Acesse seu site para inspecionar o desempenho do plugin.<\/li><\/ol> <p>Na condi\u00e7\u00e3o de ter d\u00favidas ou encontrar alguma dificuldade, solicite nossa equipe de atendimento ao cliente. Nossos consultores ter\u00e3o prazer em resolver todos os problemas que voc\u00ea possa ter com o plugin.<\/p> <div class=\"faq\" data-component=\"FAQ\"><div class=\"faq-item\">\r\n\t\t\t\t\t<div class=\"faq-item-question\">\r\n\t\t\t\t\t\t<h3 class=\"faq-item-question-text\">Existe uma maneira de incorporar QR Code ao meu site Squarespace sem conhecimento de codifica\u00e7\u00e3o?<\/h3>\r\n\r\n\t\t\t\t\t\t<div class=\"faq-item-question-icon\"><\/div>\r\n\t\t\t\t\t<\/div>\r\n\r\n\t\t\t\t\t<div class=\"faq-item-answer\">\r\n\t\t\t\t\t\t<div class=\"faq-item-answer-text\"> <p> A Elfsight apresenta uma solu\u00e7\u00e3o que permite aos usu\u00e1rios criarem um aplicativo de QR Code por conta pr\u00f3pria. Descubra como o processo \u00e9 f\u00e1cil: V\u00e1 para o Editor ao vivo para criar uma se\u00e7\u00e3o de QR Code que voc\u00ea gostaria de incorporar em sua p\u00e1gina do Squarespace. Escolha um dos modelos pr\u00e9-fabricados e altere as configura\u00e7\u00f5es do QR Code, altere o layout e a cor dos elementos, adicione seu conte\u00fado, sem codifica\u00e7\u00e3o. Salve o QR Code e obtenha seu c\u00f3digo de instala\u00e7\u00e3o, que pode ser facilmente incorporado no site do Squarespace dentro de um plano gratuito. Trabalhando em nosso editor simples, cada usu\u00e1rio da Internet pode criar um QR Code e incorpor\u00e1-lo facilmente em qualquer site do Squarespace. N\u00e3o h\u00e1 necessidade de obter uma assinatura paga ou enviar as credenciais do seu cart\u00e3o para acessar o servi\u00e7o Elfsight. Se voc\u00ea encontrar qualquer tipo de problema, n\u00e3o hesite em entrar em contato com nossa equipe de suporte t\u00e9cnico.<\/p> <\/div>\r\n\t\t\t\t\t<\/div>\r\n\t\t\t\t<\/div> <\/div><\/div>\n","protected":false},"excerpt":{"rendered":"","protected":false},"author":9,"featured_media":0,"parent":1419,"menu_order":0,"comment_status":"closed","ping_status":"closed","template":"templates\/template-application-platform.php","meta":{"publish_to_discourse":"","publish_post_category":"","wpdc_auto_publish_overridden":"","wpdc_topic_tags":"","wpdc_pin_topic":"","wpdc_pin_until":"","discourse_post_id":"","discourse_permalink":"","wpdc_publishing_response":"","wpdc_publishing_error":"","footnotes":""},"class_list":["post-7642","page","type-page","status-publish","hentry"],"yoast_head":"<!-- This site is optimized with the Yoast SEO plugin v25.3.1 - https:\/\/yoast.com\/wordpress\/plugins\/seo\/ -->\n<title>Gerador de c\u00f3digo QR - Adicionar plugin de c\u00f3digo QR ao Squarespace [2026]<\/title>\n<meta name=\"description\" content=\"Crie rapidamente seu gerador de c\u00f3digo QR personalizado para o site Squarespace. Basta aplicar nossa demonstra\u00e7\u00e3o e seu plugin ser\u00e1 constru\u00eddo em menos de dois minutos.\" \/>\n<meta name=\"robots\" content=\"index, follow, max-snippet:-1, max-image-preview:large, max-video-preview:-1\" \/>\n<link rel=\"canonical\" href=\"https:\/\/elfsight.com\/pt\/qr-code-widget\/squarespace\/\" \/>\n<meta property=\"og:locale\" content=\"pt_PT\" \/>\n<meta property=\"og:type\" content=\"article\" \/>\n<meta property=\"og:title\" content=\"Gerador de c\u00f3digo QR - Adicionar plugin de c\u00f3digo QR ao Squarespace [2026]\" \/>\n<meta property=\"og:description\" content=\"Crie rapidamente seu gerador de c\u00f3digo QR personalizado para o site Squarespace. Basta aplicar nossa demonstra\u00e7\u00e3o e seu plugin ser\u00e1 constru\u00eddo em menos de dois minutos.\" \/>\n<meta property=\"og:url\" content=\"https:\/\/elfsight.com\/pt\/qr-code-widget\/squarespace\/\" \/>\n<meta property=\"og:site_name\" content=\"Elfsight PT\" \/>\n<meta property=\"article:modified_time\" content=\"2025-03-07T05:19:24+00:00\" \/>\n<meta name=\"twitter:card\" content=\"summary_large_image\" \/>\n<meta name=\"twitter:label1\" content=\"Tempo estimado de leitura\" \/>\n\t<meta name=\"twitter:data1\" content=\"3 minutos\" \/>\n<!-- \/ Yoast SEO plugin. -->","yoast_head_json":{"title":"Gerador de c\u00f3digo QR - Adicionar plugin de c\u00f3digo QR ao Squarespace [2026]","description":"Crie rapidamente seu gerador de c\u00f3digo QR personalizado para o site Squarespace. Basta aplicar nossa demonstra\u00e7\u00e3o e seu plugin ser\u00e1 constru\u00eddo em menos de dois minutos.","robots":{"index":"index","follow":"follow","max-snippet":"max-snippet:-1","max-image-preview":"max-image-preview:large","max-video-preview":"max-video-preview:-1"},"canonical":"https:\/\/elfsight.com\/pt\/qr-code-widget\/squarespace\/","og_locale":"pt_PT","og_type":"article","og_title":"Gerador de c\u00f3digo QR - Adicionar plugin de c\u00f3digo QR ao Squarespace [2026]","og_description":"Crie rapidamente seu gerador de c\u00f3digo QR personalizado para o site Squarespace. Basta aplicar nossa demonstra\u00e7\u00e3o e seu plugin ser\u00e1 constru\u00eddo em menos de dois minutos.","og_url":"https:\/\/elfsight.com\/pt\/qr-code-widget\/squarespace\/","og_site_name":"Elfsight PT","article_modified_time":"2025-03-07T05:19:24+00:00","twitter_card":"summary_large_image","twitter_misc":{"Tempo estimado de leitura":"3 minutos"},"schema":{"@context":"https:\/\/schema.org","@graph":[{"@type":"WebPage","@id":"https:\/\/elfsight.com\/pt\/qr-code-widget\/squarespace\/","url":"https:\/\/elfsight.com\/pt\/qr-code-widget\/squarespace\/","name":"Gerador de c\u00f3digo QR - Adicionar plugin de c\u00f3digo QR ao Squarespace [2026]","isPartOf":{"@id":"https:\/\/elfsight.com\/pt\/#website"},"datePublished":"1970-01-01T00:00:00+00:00","dateModified":"2025-03-07T05:19:24+00:00","description":"Crie rapidamente seu gerador de c\u00f3digo QR personalizado para o site Squarespace. Basta aplicar nossa demonstra\u00e7\u00e3o e seu plugin ser\u00e1 constru\u00eddo em menos de dois minutos.","breadcrumb":{"@id":"https:\/\/elfsight.com\/pt\/qr-code-widget\/squarespace\/#breadcrumb"},"inLanguage":"pt-PT","potentialAction":[{"@type":"ReadAction","target":["https:\/\/elfsight.com\/pt\/qr-code-widget\/squarespace\/"]}]},{"@type":"BreadcrumbList","@id":"https:\/\/elfsight.com\/pt\/qr-code-widget\/squarespace\/#breadcrumb","itemListElement":[{"@type":"ListItem","position":1,"name":"Home","item":"https:\/\/elfsight.com\/pt\/"},{"@type":"ListItem","position":2,"name":"QR Code","item":"https:\/\/elfsight.com\/pt\/qr-code-widget\/"},{"@type":"ListItem","position":3,"name":"QR Code &#8211; Squarespace"}]},{"@type":"WebSite","@id":"https:\/\/elfsight.com\/pt\/#website","url":"https:\/\/elfsight.com\/pt\/","name":"Elfsight PT","description":"Just another Elfsight Sites site","potentialAction":[{"@type":"SearchAction","target":{"@type":"EntryPoint","urlTemplate":"https:\/\/elfsight.com\/pt\/?s={search_term_string}"},"query-input":{"@type":"PropertyValueSpecification","valueRequired":true,"valueName":"search_term_string"}}],"inLanguage":"pt-PT"}]}},"meta_box":{"industry":"","seo_heading":"","heading":"","description":"","cta_heading":"","cta_description":"","application":"1418","h1":"Gerador de c\u00f3digo QR do Squarespace","h1_caption":"Redirecione os usu\u00e1rios para qualquer p\u00e1gina da web, compartilhe arquivos instantaneamente e melhore a experi\u00eancia do usu\u00e1rio","application_category":[],"applications_title":"","applications_request_title":"","applications_request_button_text":"","hero_text":"","hero_video":"","hero_video_schema_markup":"","selling_points_title":"","selling_points_caption":"","selling_points":[],"selling_points_cta_text":"","features_title":"","features":"","ed_cta_examples_text":"","ed_cta_examples_hidden":"","ed_cta_demo_text":"","ed_cta_demo_hidden":"","why_caption":"","why_editor_title":"","why_editor_text":"","why_team_title":"","why_team_text":"","why_service_title":"","why_service_text":"","template_catalog_visible":"0","template_catalog_title":"","template_catalog_text":"","template_catalog_categories_visible":"","demo_title":"Crie seu plugin de QR Code","demo_caption":"Configure seu QR Code e adicione-o ao seu site do Squarespace gratuitamente!","default_faq_hidden":"","app_template_category":[],"platform":"67","template_public_id":"","codecanyon_url":"","codecanyon_item_id":"","codecanyon_price":"","pricing_caption":"","pricing_elfsight_apps_hide_column":"","pricing_elfsight_apps_url":"","pricing_codecanyon_price_caption":"","integration_category":[],"integration_request_title":"","integration_request_cta":"","integration_platform":"","integrations":[],"platform_category":[],"video_schema_markup":"","price":"a partir de US$ 0\/m\u00eas","trial":"","benefits":[{"text":"Ajuda de instala\u00e7\u00e3o gratuita"},{"text":"Suporte premium"},{"text":"Garantia de reembolso de 14 dias"},{"text":"Futuras atualiza\u00e7\u00f5es gratuitas"}],"button_url":"#demo","button_target_blank":"0","button_nofollow":"0","attributes":[{"name":"Instala\u00e7\u00f5es","content":"10,000 - 100,000"},{"name":"Responsivo","content":"Sim"},{"name":"Navegadores compat\u00edveis","content":"Firefox, Safari, Opera, Chrome, Edge"}],"tags":[],"tags_disable_links":"0","hide_more_platforms":"0","video_object":"","demo_hide_cta":"0","demo_hide_cloud_options":"0","pricing_title":"","pricing":[{"pricing_icon":"platform","pricing_title":"Elfsight Apps","pricing_title_caption":"Vers\u00e3o multiplataforma que funciona em qualquer site","pricing_price":"a partir de US$ 0\/m\u00eas","pricing_price_caption":"comece com plano gratuito","pricing_benefits":[{"text":"Dom\u00ednios ilimitados"},{"text":"Suporte gratuito \u00e0 empresa"},{"text":"Suporte gratuito \u00e0 empresa"},{"text":"Design flex\u00edvel"}],"pricing_button_text":"Adicionar ao site","pricing_button_url":"#demo"}],"related_apps_title":"","related_apps_hidden":"0","author":"","image":[],"title":"","job":"","social_networks":[]},"_links":{"self":[{"href":"https:\/\/elfsight.com\/pt\/wp-json\/wp\/v2\/pages\/7642","targetHints":{"allow":["GET"]}}],"collection":[{"href":"https:\/\/elfsight.com\/pt\/wp-json\/wp\/v2\/pages"}],"about":[{"href":"https:\/\/elfsight.com\/pt\/wp-json\/wp\/v2\/types\/page"}],"author":[{"embeddable":true,"href":"https:\/\/elfsight.com\/pt\/wp-json\/wp\/v2\/users\/9"}],"replies":[{"embeddable":true,"href":"https:\/\/elfsight.com\/pt\/wp-json\/wp\/v2\/comments?post=7642"}],"version-history":[{"count":2,"href":"https:\/\/elfsight.com\/pt\/wp-json\/wp\/v2\/pages\/7642\/revisions"}],"predecessor-version":[{"id":14521,"href":"https:\/\/elfsight.com\/pt\/wp-json\/wp\/v2\/pages\/7642\/revisions\/14521"}],"up":[{"embeddable":true,"href":"https:\/\/elfsight.com\/pt\/wp-json\/wp\/v2\/pages\/1419"}],"wp:attachment":[{"href":"https:\/\/elfsight.com\/pt\/wp-json\/wp\/v2\/media?parent=7642"}],"curies":[{"name":"wp","href":"https:\/\/api.w.org\/{rel}","templated":true}]}}