{"id":7640,"date":"1970-01-01T00:00:00","date_gmt":"1970-01-01T00:00:00","guid":{"rendered":"https:\/\/elfsight.com\/pt\/?page_id=7640"},"modified":"2025-03-07T05:22:40","modified_gmt":"2025-03-07T05:22:40","slug":"webnode","status":"publish","type":"page","link":"https:\/\/elfsight.com\/pt\/qr-code-widget\/webnode\/","title":{"rendered":"QR Code &#8211; Webnode"},"content":{"rendered":"\n<div class=\"application-platform-content-item-description application-platform-content-item\" id=\"description\" data-nav-section=\"description\"> <h2>Descri\u00e7\u00e3o<\/h2> <p>O gerador de QR Code da Elfsight \u00e9 uma ferramenta not\u00e1vel para Webnode que permite redirecionar rapidamente usu\u00e1rios para qualquer site, compartilhar um URL, sua localiza\u00e7\u00e3o, email, qualquer arquivo e muito mais. O widget \u00e9 extremamente personaliz\u00e1vel: voc\u00ea pode adicionar um t\u00edtulo, legenda, selecionar o \u00edcone e o tipo de logotipo &#8211; da nossa biblioteca ou criar o seu pr\u00f3prio, repintar o texto, o fundo, a moldura e alterar o tamanho da maneira que melhor se adequa ao seu site. Tudo o que voc\u00ea precisa fazer \u00e9 come\u00e7ar a construir a ferramenta &#8211; a instala\u00e7\u00e3o n\u00e3o \u00e9 sofisticada e n\u00e3o exigir\u00e1 de voc\u00ea habilidades de codifica\u00e7\u00e3o. <\/p> <p><b>Incorpore o gerador de QR Code da Elfsight em seu site e leve os usu\u00e1rios diretamente onde voc\u00ea precisa e simplifique o uso do conte\u00fado.<\/b><\/p> <\/div> <div class=\"application-platform-content-item- features application-platform-content-item\" id=\" features\" data-nav-section=\" features\"> <h2>Explore a lista dos melhores recursos: <\/h2> <ul><li>Acesso imediato ao seu conte\u00fado<\/li><li>Adicione qualquer texto<\/li><li>Oito logotipos altern\u00e1veis<\/li><li>Quinze \u00edcones troc\u00e1veis \u200b\u200bpara voc\u00ea escolher<\/li><li>Recolorir todas as partes<\/li><\/ul><p><a href=\"#demo\">Voc\u00ea pode conferir a vers\u00e3o completa recursos do widget na demonstra\u00e7\u00e3o aqui<\/a><\/p> <\/div> <div class=\"application-platform-content-item-installation application-platform-content-item\" id=\"installation\" data-nav-section=\"installation\"> <h2>Como posso adicionar QR Code \u00e0 minha p\u00e1gina Webnode? <\/h2> <p>Basta seguir v\u00e1rios passos apresentados abaixo para inserir o widget. <\/p> <ol><li><b>Utilize nosso editor gratuito e comece a moldar seu widget personalizado. <\/b><br> Determine o design personalizado e a funcionalidade do widget e aplique as modifica\u00e7\u00f5es. <\/li> <li><b>Receba o seu c\u00f3digo exclusivo que aparece na caixa das aplica\u00e7\u00f5es Elfsight. <\/b><br> Assim que a cria\u00e7\u00e3o do seu widget for conclu\u00edda, copie o c\u00f3digo pessoal da janela que aparece e guarde-o para uso futuro. <\/li> <li><b>Comece a usar o widget no seu site Webnode. <\/b><br> Adicione o c\u00f3digo que voc\u00ea copiou recentemente em sua p\u00e1gina e salve as corre\u00e7\u00f5es. <\/li> <li><b>A configura\u00e7\u00e3o foi totalmente conclu\u00edda. <\/b><br> Visite seu site para ver como a ferramenta funciona. <\/li><\/ol> <p>Supondo que voc\u00ea tenha algum problema, n\u00e3o tenha medo de entrar em contato com nossa equipe de atendimento ao cliente. Nossos consultores ter\u00e3o prazer em resolver todas as dificuldades que voc\u00ea possa ter com o plugin. <\/p> <div class=\"faq\" data-component=\"FAQ\"><div class=\"faq-item\">\r\n\t\t\t\t\t<div class=\"faq-item-question\">\r\n\t\t\t\t\t\t<h3 class=\"faq-item-question-text\">Como posso adicionar QR Code ao meu Webnode sem conhecimentos de codifica\u00e7\u00e3o?<\/h3>\r\n\r\n\t\t\t\t\t\t<div class=\"faq-item-question-icon\"><\/div>\r\n\t\t\t\t\t<\/div>\r\n\r\n\t\t\t\t\t<div class=\"faq-item-answer\">\r\n\t\t\t\t\t\t<div class=\"faq-item-answer-text\"> <p>A Elfsight oferece uma solu\u00e7\u00e3o SaaS que permite aos propriet\u00e1rios de sites criarem voc\u00ea mesmo uma sec\u00e7\u00e3o de QR Code, veja como \u00e9 simples O processo \u00e9: Trabalhe no Editor ao vivo para criar uma se\u00e7\u00e3o de QR Code que voc\u00ea gostaria de adicionar na p\u00e1gina Webnode. Escolha um dos templates pr\u00e9-desenhados e ajuste as configura\u00e7\u00f5es do QR Code, transforme o layout e a cor dos elementos inclusive o seu conte\u00fado, sem codifica\u00e7\u00e3o. Clique para salvar o QR Code e copiar seu c\u00f3digo de instala\u00e7\u00e3o, que pode ser facilmente colado na p\u00e1gina do Webnode sem comprar uma vers\u00e3o paga. Usando o configurador simples, qualquer usu\u00e1rio da Internet pode criar uma se\u00e7\u00e3o de QR Code online e col\u00e1-la facilmente na p\u00e1gina Webnode. N\u00e3o \u00e9 necess\u00e1rio obter uma assinatura paga ou enviar as credenciais do seu cart\u00e3o para entrar no Elfsight Editor. Se voc\u00ea encontrar algum problema em qualquer etapa, n\u00e3o hesite em falar com nossa equipe de suporte t\u00e9cnico.<\/p> <\/div>\r\n\t\t\t\t\t<\/div>\r\n\t\t\t\t<\/div> <\/div><\/div>\n","protected":false},"excerpt":{"rendered":"","protected":false},"author":9,"featured_media":0,"parent":1419,"menu_order":0,"comment_status":"closed","ping_status":"closed","template":"templates\/template-application-platform.php","meta":{"publish_to_discourse":"","publish_post_category":"","wpdc_auto_publish_overridden":"","wpdc_topic_tags":"","wpdc_pin_topic":"","wpdc_pin_until":"","discourse_post_id":"","discourse_permalink":"","wpdc_publishing_response":"","wpdc_publishing_error":"","footnotes":""},"class_list":["post-7640","page","type-page","status-publish","hentry"],"yoast_head":"<!-- This site is optimized with the Yoast SEO plugin v25.3.1 - https:\/\/yoast.com\/wordpress\/plugins\/seo\/ -->\n<title>Gerador de c\u00f3digo QR - Adicionar c\u00f3digo QR ao Webnode [2025]<\/title>\n<meta name=\"description\" content=\"Molde facilmente seu c\u00f3digo QR personalizado para o site Webnode. Basta aplicar nossa pr\u00e1tica demonstra\u00e7\u00e3o e seu widget ser\u00e1 criado em menos de dois minutos.\" \/>\n<meta name=\"robots\" content=\"index, follow, max-snippet:-1, max-image-preview:large, max-video-preview:-1\" \/>\n<link rel=\"canonical\" href=\"https:\/\/elfsight.com\/pt\/qr-code-widget\/webnode\/\" \/>\n<meta property=\"og:locale\" content=\"pt_PT\" \/>\n<meta property=\"og:type\" content=\"article\" \/>\n<meta property=\"og:title\" content=\"Gerador de c\u00f3digo QR - Adicionar c\u00f3digo QR ao Webnode [2025]\" \/>\n<meta property=\"og:description\" content=\"Molde facilmente seu c\u00f3digo QR personalizado para o site Webnode. Basta aplicar nossa pr\u00e1tica demonstra\u00e7\u00e3o e seu widget ser\u00e1 criado em menos de dois minutos.\" \/>\n<meta property=\"og:url\" content=\"https:\/\/elfsight.com\/pt\/qr-code-widget\/webnode\/\" \/>\n<meta property=\"og:site_name\" content=\"Elfsight PT\" \/>\n<meta property=\"article:modified_time\" content=\"2025-03-07T05:22:40+00:00\" \/>\n<meta name=\"twitter:card\" content=\"summary_large_image\" \/>\n<meta name=\"twitter:label1\" content=\"Tempo estimado de leitura\" \/>\n\t<meta name=\"twitter:data1\" content=\"3 minutos\" \/>\n<!-- \/ Yoast SEO plugin. -->","yoast_head_json":{"title":"Gerador de c\u00f3digo QR - Adicionar c\u00f3digo QR ao Webnode [2025]","description":"Molde facilmente seu c\u00f3digo QR personalizado para o site Webnode. Basta aplicar nossa pr\u00e1tica demonstra\u00e7\u00e3o e seu widget ser\u00e1 criado em menos de dois minutos.","robots":{"index":"index","follow":"follow","max-snippet":"max-snippet:-1","max-image-preview":"max-image-preview:large","max-video-preview":"max-video-preview:-1"},"canonical":"https:\/\/elfsight.com\/pt\/qr-code-widget\/webnode\/","og_locale":"pt_PT","og_type":"article","og_title":"Gerador de c\u00f3digo QR - Adicionar c\u00f3digo QR ao Webnode [2025]","og_description":"Molde facilmente seu c\u00f3digo QR personalizado para o site Webnode. Basta aplicar nossa pr\u00e1tica demonstra\u00e7\u00e3o e seu widget ser\u00e1 criado em menos de dois minutos.","og_url":"https:\/\/elfsight.com\/pt\/qr-code-widget\/webnode\/","og_site_name":"Elfsight PT","article_modified_time":"2025-03-07T05:22:40+00:00","twitter_card":"summary_large_image","twitter_misc":{"Tempo estimado de leitura":"3 minutos"},"schema":{"@context":"https:\/\/schema.org","@graph":[{"@type":"WebPage","@id":"https:\/\/elfsight.com\/pt\/qr-code-widget\/webnode\/","url":"https:\/\/elfsight.com\/pt\/qr-code-widget\/webnode\/","name":"Gerador de c\u00f3digo QR - Adicionar c\u00f3digo QR ao Webnode [2025]","isPartOf":{"@id":"https:\/\/elfsight.com\/pt\/#website"},"datePublished":"1970-01-01T00:00:00+00:00","dateModified":"2025-03-07T05:22:40+00:00","description":"Molde facilmente seu c\u00f3digo QR personalizado para o site Webnode. Basta aplicar nossa pr\u00e1tica demonstra\u00e7\u00e3o e seu widget ser\u00e1 criado em menos de dois minutos.","breadcrumb":{"@id":"https:\/\/elfsight.com\/pt\/qr-code-widget\/webnode\/#breadcrumb"},"inLanguage":"pt-PT","potentialAction":[{"@type":"ReadAction","target":["https:\/\/elfsight.com\/pt\/qr-code-widget\/webnode\/"]}]},{"@type":"BreadcrumbList","@id":"https:\/\/elfsight.com\/pt\/qr-code-widget\/webnode\/#breadcrumb","itemListElement":[{"@type":"ListItem","position":1,"name":"Home","item":"https:\/\/elfsight.com\/pt\/"},{"@type":"ListItem","position":2,"name":"QR Code","item":"https:\/\/elfsight.com\/pt\/qr-code-widget\/"},{"@type":"ListItem","position":3,"name":"QR Code &#8211; Webnode"}]},{"@type":"WebSite","@id":"https:\/\/elfsight.com\/pt\/#website","url":"https:\/\/elfsight.com\/pt\/","name":"Elfsight PT","description":"Just another Elfsight Sites site","potentialAction":[{"@type":"SearchAction","target":{"@type":"EntryPoint","urlTemplate":"https:\/\/elfsight.com\/pt\/?s={search_term_string}"},"query-input":{"@type":"PropertyValueSpecification","valueRequired":true,"valueName":"search_term_string"}}],"inLanguage":"pt-PT"}]}},"meta_box":{"industry":"","seo_heading":"","heading":"","description":"","cta_heading":"","cta_description":"","application":"1418","h1":"Widget de c\u00f3digo QR Webnode","h1_caption":"Encaminhe usu\u00e1rios para qualquer site, compartilhe arquivos instantaneamente e melhore a experi\u00eancia do usu\u00e1rio","application_category":[],"applications_title":"","applications_request_title":"","applications_request_button_text":"","hero_text":"","hero_video":"","hero_video_schema_markup":"","selling_points_title":"","selling_points_caption":"","selling_points":[],"selling_points_cta_text":"","features_title":"","features":"","ed_cta_examples_text":"","ed_cta_examples_hidden":"","ed_cta_demo_text":"","ed_cta_demo_hidden":"","why_caption":"","why_editor_title":"","why_editor_text":"","why_team_title":"","why_team_text":"","why_service_title":"","why_service_text":"","template_catalog_visible":"0","template_catalog_title":"","template_catalog_text":"","template_catalog_categories_visible":"","demo_title":"Crie seu widget de c\u00f3digo QR","demo_caption":"Configure seu QR Code e adicione-o ao seu site Webnode gratuitamente!","default_faq_hidden":"","app_template_category":[],"platform":"4917","template_public_id":"","codecanyon_url":"","codecanyon_item_id":"","codecanyon_price":"","pricing_caption":"","pricing_elfsight_apps_hide_column":"","pricing_elfsight_apps_url":"","pricing_codecanyon_price_caption":"","integration_category":[],"integration_request_title":"","integration_request_cta":"","integration_platform":"","integrations":[],"platform_category":[],"video_schema_markup":"","price":"a partir de US$ 0\/m\u00eas","trial":"","benefits":[{"text":"Servi\u00e7o de instala\u00e7\u00e3o gratuito"},{"text":"Suporte ao cliente experiente"},{"text":"Garantia de reembolso de 14 dias"},{"text":"Atualizando constantemente"}],"button_url":"#demo","button_target_blank":"0","button_nofollow":"0","attributes":[{"name":"Instala\u00e7\u00f5es","content":"10,000 - 100,000"},{"name":"Responsivo","content":"Sim"},{"name":"Navegadores compat\u00edveis","content":"Firefox, Safari, Opera, Chrome, Edge"}],"tags":[],"tags_disable_links":"0","hide_more_platforms":"0","video_object":"","demo_hide_cta":"0","demo_hide_cloud_options":"0","pricing_title":"","pricing":[{"pricing_icon":"platform","pricing_title":"Elfsight Apps","pricing_title_caption":"Solu\u00e7\u00e3o digital independente de plataforma","pricing_price":"a partir de US$ 0\/m\u00eas","pricing_price_caption":"comece com plano gratuito","pricing_benefits":[{"text":"Dom\u00ednios ilimitados"},{"text":"Suporte gratuito da empresa e bem documentado"},{"text":"Suporte gratuito da empresa e bem documentado"},{"text":"Oferta por tempo limitado para v\u00e1rios aplicativos"}],"pricing_button_text":"Adicionar ao site","pricing_button_url":"#demo"}],"related_apps_title":"","related_apps_hidden":"0","author":"","image":[],"title":"","job":"","social_networks":[]},"_links":{"self":[{"href":"https:\/\/elfsight.com\/pt\/wp-json\/wp\/v2\/pages\/7640","targetHints":{"allow":["GET"]}}],"collection":[{"href":"https:\/\/elfsight.com\/pt\/wp-json\/wp\/v2\/pages"}],"about":[{"href":"https:\/\/elfsight.com\/pt\/wp-json\/wp\/v2\/types\/page"}],"author":[{"embeddable":true,"href":"https:\/\/elfsight.com\/pt\/wp-json\/wp\/v2\/users\/9"}],"replies":[{"embeddable":true,"href":"https:\/\/elfsight.com\/pt\/wp-json\/wp\/v2\/comments?post=7640"}],"version-history":[{"count":2,"href":"https:\/\/elfsight.com\/pt\/wp-json\/wp\/v2\/pages\/7640\/revisions"}],"predecessor-version":[{"id":14524,"href":"https:\/\/elfsight.com\/pt\/wp-json\/wp\/v2\/pages\/7640\/revisions\/14524"}],"up":[{"embeddable":true,"href":"https:\/\/elfsight.com\/pt\/wp-json\/wp\/v2\/pages\/1419"}],"wp:attachment":[{"href":"https:\/\/elfsight.com\/pt\/wp-json\/wp\/v2\/media?parent=7640"}],"curies":[{"name":"wp","href":"https:\/\/api.w.org\/{rel}","templated":true}]}}