{"id":7633,"date":"1970-01-01T00:00:00","date_gmt":"1970-01-01T00:00:00","guid":{"rendered":"https:\/\/elfsight.com\/pt\/?page_id=7633"},"modified":"2025-03-07T05:24:58","modified_gmt":"2025-03-07T05:24:58","slug":"wordpress","status":"publish","type":"page","link":"https:\/\/elfsight.com\/pt\/qr-code-widget\/wordpress\/","title":{"rendered":"QR Code &#8211; WordPress"},"content":{"rendered":"\n<div class=\"application-platform-content-item-description application-platform-content-item\" id=\"description\" data-nav-section=\"description\"> <h2>Incorpore QR Code no WordPress com o widget Elfsight<\/h2> <p>O gerador de QR Code \u00e9 um plugin poderoso para WordPress que permite que voc\u00ea rapidamente redirecione usu\u00e1rios para qualquer site, compartilhe um link, sua localiza\u00e7\u00e3o, email, arquivo e muito mais. O widget \u00e9 extremamente personaliz\u00e1vel: voc\u00ea pode anexar um t\u00edtulo, legenda, escolher o \u00edcone e o logotipo &#8211; da nossa biblioteca ou criar o seu pr\u00f3prio, repintar o texto, o fundo, a moldura e alterar o tamanho da maneira que desejar. Tudo o que resta fazer \u00e9 simplesmente come\u00e7ar a moldar sua ferramenta personalizada &#8211; a instala\u00e7\u00e3o n\u00e3o \u00e9 sofisticada e n\u00e3o requer nenhuma habilidade de codifica\u00e7\u00e3o. <\/p> <p><b>Insira o gerador de QR Code em sua p\u00e1gina WordPress e redirecione os visitantes diretamente para onde voc\u00ea precisa e simplifique o consumo de conte\u00fado.<\/b><\/p> <\/div> <div class=\"application-platform-content-item-recursos application-platform-content-item\" id=\"recursos\" data-nav-section=\"recursos\"> <h2>Os recursos de widget mais importantes incluem<\/h2> <ul><li>Acesso imediato ao seu conte\u00fado<\/li><li>Adicionar qualquer texto<\/li><li>8 logotipos troc\u00e1veis<\/li><li>Quinze \u00edcones altern\u00e1veis \u200b\u200bdispon\u00edveis<\/li><li>Repintar todos os elementos<\/li><\/ul><p><a href=\"#demo\">Voc\u00ea pode testar a funcionalidade completa do plugin na demonstra\u00e7\u00e3o aqui<\/a><\/p> <\/div> <div class=\"application-platform-content-item-installation application-platform-content-item\" id=\"installation\" data-nav-section=\"installation\"> <h2>Como posso incorporar o plugin QR Code ao meu site WordPress? <\/h2> <p>Basta seguir as etapas abaixo para incorporar a ferramenta. <\/p> <ol><li><b>Inicie nossa demonstra\u00e7\u00e3o gratuita e comece a trabalhar com seu pr\u00f3prio plugin.<\/b><br> Determine a disposi\u00e7\u00e3o e as op\u00e7\u00f5es selecionadas do widget e salve todas as modifica\u00e7\u00f5es.<\/li> <li><b>Adquira o c\u00f3digo individual que aparece no formul\u00e1rio especial nas aplica\u00e7\u00f5es Elfsight.<\/b><br> Logo ap\u00f3s a conclus\u00e3o da configura\u00e7\u00e3o do seu plugin, copie o seu c\u00f3digo no pop-up que aparece e guarde-o para futuras ocasi\u00f5es. .<\/li> <li><b>Comece a usar o plugin no site WordPress.<\/b><br> Adicione o c\u00f3digo salvo recentemente em seu site e aplique as melhorias.<\/li> <li><b>Voc\u00ea terminou! A configura\u00e7\u00e3o est\u00e1 totalmente realizada.<\/b><br> Acesse seu site para ver em a\u00e7\u00e3o o funcionamento do plugin.<\/li><\/ol><p>Na condi\u00e7\u00e3o de enfrentar d\u00favidas ou atropelar algum obst\u00e1culo, sinta-se gr\u00e1tis para entrar em contato com nossa equipe de atendimento ao cliente. Nossos consultores ficar\u00e3o entusiasmados em resolver todos os problemas que voc\u00ea possa ter com o produto.<\/p> <div class=\"faq\" data-component=\"FAQ\"><div class=\"faq-item\">\r\n\t\t\t\t\t<div class=\"faq-item-question\">\r\n\t\t\t\t\t\t<h3 class=\"faq-item-question-text\">Existe um m\u00e9todo para incorporar QR Code ao meu site WordPress sem codifica\u00e7\u00e3o?<\/h3>\r\n\r\n\t\t\t\t\t\t<div class=\"faq-item-question-icon\"><\/div>\r\n\t\t\t\t\t<\/div>\r\n\r\n\t\t\t\t\t<div class=\"faq-item-answer\">\r\n\t\t\t\t\t\t<div class=\"faq-item-answer-text\"> <p> A empresa Elfsight oferece uma solu\u00e7\u00e3o Cloud que permite criar voc\u00ea mesmo uma se\u00e7\u00e3o de QR Code, aprenda o guia simples: Comece a trabalhar no Editor ao vivo para estabelecer um plugin de QR Code que voc\u00ea gostaria de ver em seu site WordPress. Clique em um dos modelos pr\u00e9-fabricados e ajuste as configura\u00e7\u00f5es do QR Code, altere o layout e as cores e atualize seu conte\u00fado, sem codifica\u00e7\u00e3o. Clique para salvar o QR Code e obter o c\u00f3digo de instala\u00e7\u00e3o do widget, que pode ser facilmente colado na sua p\u00e1gina inicial do WordPress sem comprar uma vers\u00e3o paga. Usando o Configurador f\u00e1cil de usar, todo usu\u00e1rio da Internet pode gerar um widget de QR Code online e simplesmente col\u00e1-lo no site WordPress. N\u00e3o \u00e9 necess\u00e1rio pagar ou divulgar os dados do seu cart\u00e3o para entrar no servi\u00e7o. Se voc\u00ea tiver algum tipo de problema, sinta-se \u00e0 vontade para entrar em contato com nossa equipe de suporte t\u00e9cnico.<\/p> <\/div>\r\n\t\t\t\t\t<\/div>\r\n\t\t\t\t<\/div> <\/div><\/div>\n","protected":false},"excerpt":{"rendered":"","protected":false},"author":9,"featured_media":0,"parent":1419,"menu_order":0,"comment_status":"closed","ping_status":"closed","template":"templates\/template-application-platform.php","meta":{"publish_to_discourse":"","publish_post_category":"","wpdc_auto_publish_overridden":"","wpdc_topic_tags":"","wpdc_pin_topic":"","wpdc_pin_until":"","discourse_post_id":"","discourse_permalink":"","wpdc_publishing_response":"","wpdc_publishing_error":"","footnotes":""},"class_list":["post-7633","page","type-page","status-publish","hentry"],"yoast_head":"<!-- This site is optimized with the Yoast SEO plugin v25.3.1 - https:\/\/yoast.com\/wordpress\/plugins\/seo\/ -->\n<title>Gerador de c\u00f3digo QR \u2013 Adicionar plugin de c\u00f3digo QR ao WordPress [2025]<\/title>\n<meta name=\"description\" content=\"Crie facilmente seu gerador de c\u00f3digo QR exclusivo para site WordPress. Basta usar nossa demonstra\u00e7\u00e3o e seu plugin ser\u00e1 criado em menos de 2 minutos.\" \/>\n<meta name=\"robots\" content=\"index, follow, max-snippet:-1, max-image-preview:large, max-video-preview:-1\" \/>\n<link rel=\"canonical\" href=\"https:\/\/elfsight.com\/pt\/qr-code-widget\/wordpress\/\" \/>\n<meta property=\"og:locale\" content=\"pt_PT\" \/>\n<meta property=\"og:type\" content=\"article\" \/>\n<meta property=\"og:title\" content=\"Gerador de c\u00f3digo QR \u2013 Adicionar plugin de c\u00f3digo QR ao WordPress [2025]\" \/>\n<meta property=\"og:description\" content=\"Crie facilmente seu gerador de c\u00f3digo QR exclusivo para site WordPress. Basta usar nossa demonstra\u00e7\u00e3o e seu plugin ser\u00e1 criado em menos de 2 minutos.\" \/>\n<meta property=\"og:url\" content=\"https:\/\/elfsight.com\/pt\/qr-code-widget\/wordpress\/\" \/>\n<meta property=\"og:site_name\" content=\"Elfsight PT\" \/>\n<meta property=\"article:modified_time\" content=\"2025-03-07T05:24:58+00:00\" \/>\n<meta name=\"twitter:card\" content=\"summary_large_image\" \/>\n<meta name=\"twitter:label1\" content=\"Tempo estimado de leitura\" \/>\n\t<meta name=\"twitter:data1\" content=\"3 minutos\" \/>\n<!-- \/ Yoast SEO plugin. -->","yoast_head_json":{"title":"Gerador de c\u00f3digo QR \u2013 Adicionar plugin de c\u00f3digo QR ao WordPress [2025]","description":"Crie facilmente seu gerador de c\u00f3digo QR exclusivo para site WordPress. Basta usar nossa demonstra\u00e7\u00e3o e seu plugin ser\u00e1 criado em menos de 2 minutos.","robots":{"index":"index","follow":"follow","max-snippet":"max-snippet:-1","max-image-preview":"max-image-preview:large","max-video-preview":"max-video-preview:-1"},"canonical":"https:\/\/elfsight.com\/pt\/qr-code-widget\/wordpress\/","og_locale":"pt_PT","og_type":"article","og_title":"Gerador de c\u00f3digo QR \u2013 Adicionar plugin de c\u00f3digo QR ao WordPress [2025]","og_description":"Crie facilmente seu gerador de c\u00f3digo QR exclusivo para site WordPress. Basta usar nossa demonstra\u00e7\u00e3o e seu plugin ser\u00e1 criado em menos de 2 minutos.","og_url":"https:\/\/elfsight.com\/pt\/qr-code-widget\/wordpress\/","og_site_name":"Elfsight PT","article_modified_time":"2025-03-07T05:24:58+00:00","twitter_card":"summary_large_image","twitter_misc":{"Tempo estimado de leitura":"3 minutos"},"schema":{"@context":"https:\/\/schema.org","@graph":[{"@type":"WebPage","@id":"https:\/\/elfsight.com\/pt\/qr-code-widget\/wordpress\/","url":"https:\/\/elfsight.com\/pt\/qr-code-widget\/wordpress\/","name":"Gerador de c\u00f3digo QR \u2013 Adicionar plugin de c\u00f3digo QR ao WordPress [2025]","isPartOf":{"@id":"https:\/\/elfsight.com\/pt\/#website"},"datePublished":"1970-01-01T00:00:00+00:00","dateModified":"2025-03-07T05:24:58+00:00","description":"Crie facilmente seu gerador de c\u00f3digo QR exclusivo para site WordPress. Basta usar nossa demonstra\u00e7\u00e3o e seu plugin ser\u00e1 criado em menos de 2 minutos.","breadcrumb":{"@id":"https:\/\/elfsight.com\/pt\/qr-code-widget\/wordpress\/#breadcrumb"},"inLanguage":"pt-PT","potentialAction":[{"@type":"ReadAction","target":["https:\/\/elfsight.com\/pt\/qr-code-widget\/wordpress\/"]}]},{"@type":"BreadcrumbList","@id":"https:\/\/elfsight.com\/pt\/qr-code-widget\/wordpress\/#breadcrumb","itemListElement":[{"@type":"ListItem","position":1,"name":"Home","item":"https:\/\/elfsight.com\/pt\/"},{"@type":"ListItem","position":2,"name":"QR Code","item":"https:\/\/elfsight.com\/pt\/qr-code-widget\/"},{"@type":"ListItem","position":3,"name":"QR Code &#8211; WordPress"}]},{"@type":"WebSite","@id":"https:\/\/elfsight.com\/pt\/#website","url":"https:\/\/elfsight.com\/pt\/","name":"Elfsight PT","description":"Just another Elfsight Sites site","potentialAction":[{"@type":"SearchAction","target":{"@type":"EntryPoint","urlTemplate":"https:\/\/elfsight.com\/pt\/?s={search_term_string}"},"query-input":{"@type":"PropertyValueSpecification","valueRequired":true,"valueName":"search_term_string"}}],"inLanguage":"pt-PT"}]}},"meta_box":{"industry":"","seo_heading":"","heading":"","description":"","cta_heading":"","cta_description":"","application":"1418","h1":"Plug-in gerador de c\u00f3digo QR para WordPress","h1_caption":"Encaminhe usu\u00e1rios para qualquer p\u00e1gina da web, distribua arquivos instantaneamente e melhore a experi\u00eancia do usu\u00e1rio","application_category":[],"applications_title":"","applications_request_title":"","applications_request_button_text":"","hero_text":"","hero_video":"","hero_video_schema_markup":"","selling_points_title":"","selling_points_caption":"","selling_points":[],"selling_points_cta_text":"","features_title":"","features":"","ed_cta_examples_text":"","ed_cta_examples_hidden":"","ed_cta_demo_text":"","ed_cta_demo_hidden":"","why_caption":"","why_editor_title":"","why_editor_text":"","why_team_title":"","why_team_text":"","why_service_title":"","why_service_text":"","template_catalog_visible":"0","template_catalog_title":"","template_catalog_text":"","template_catalog_categories_visible":"","demo_title":"Crie seu plugin de QR Code","demo_caption":"Configure seu QR Code e adicione-o ao seu site WordPress gratuitamente!","default_faq_hidden":"","app_template_category":[],"platform":"34","template_public_id":"","codecanyon_url":"","codecanyon_item_id":"","codecanyon_price":"","pricing_caption":"","pricing_elfsight_apps_hide_column":"","pricing_elfsight_apps_url":"","pricing_codecanyon_price_caption":"","integration_category":[],"integration_request_title":"","integration_request_cta":"","integration_platform":"","integrations":[],"platform_category":[],"video_schema_markup":"","price":"a partir de US$ 0\/m\u00eas","trial":"","benefits":[{"text":"Servi\u00e7o de instala\u00e7\u00e3o gratuito"},{"text":"Suporte premium"},{"text":"Garantia de reembolso de 14 dias"},{"text":"Atualizando constantemente"}],"button_url":"#demo","button_target_blank":"0","button_nofollow":"0","attributes":[{"name":"Instala\u00e7\u00f5es","content":"10,000 - 100,000"},{"name":"Responsivo","content":"Sim"},{"name":"Navegadores compat\u00edveis","content":"Firefox, Safari, Opera, Chrome, Edge"}],"tags":[],"tags_disable_links":"0","hide_more_platforms":"0","video_object":"","demo_hide_cta":"0","demo_hide_cloud_options":"0","pricing_title":"","pricing":[{"pricing_icon":"platform","pricing_title":"Elfsight Apps","pricing_title_caption":"Solu\u00e7\u00e3o independente de plataforma adequada para qualquer site","pricing_price":"a partir de US$ 0\/m\u00eas","pricing_price_caption":"comece com plano gratuito","pricing_benefits":[{"text":"Sites ilimitados"},{"text":"Suporte \u00e0 empresa 24 horas por dia, 7 dias por semana"},{"text":"Suporte \u00e0 empresa 24 horas por dia, 7 dias por semana"},{"text":"Pre\u00e7o especial para v\u00e1rios aplicativos"}],"pricing_button_text":"Adicionar ao site","pricing_button_url":"#demo"}],"related_apps_title":"","related_apps_hidden":"0","author":"","image":[],"title":"","job":"","social_networks":[]},"_links":{"self":[{"href":"https:\/\/elfsight.com\/pt\/wp-json\/wp\/v2\/pages\/7633","targetHints":{"allow":["GET"]}}],"collection":[{"href":"https:\/\/elfsight.com\/pt\/wp-json\/wp\/v2\/pages"}],"about":[{"href":"https:\/\/elfsight.com\/pt\/wp-json\/wp\/v2\/types\/page"}],"author":[{"embeddable":true,"href":"https:\/\/elfsight.com\/pt\/wp-json\/wp\/v2\/users\/9"}],"replies":[{"embeddable":true,"href":"https:\/\/elfsight.com\/pt\/wp-json\/wp\/v2\/comments?post=7633"}],"version-history":[{"count":2,"href":"https:\/\/elfsight.com\/pt\/wp-json\/wp\/v2\/pages\/7633\/revisions"}],"predecessor-version":[{"id":14527,"href":"https:\/\/elfsight.com\/pt\/wp-json\/wp\/v2\/pages\/7633\/revisions\/14527"}],"up":[{"embeddable":true,"href":"https:\/\/elfsight.com\/pt\/wp-json\/wp\/v2\/pages\/1419"}],"wp:attachment":[{"href":"https:\/\/elfsight.com\/pt\/wp-json\/wp\/v2\/media?parent=7633"}],"curies":[{"name":"wp","href":"https:\/\/api.w.org\/{rel}","templated":true}]}}