{"id":7626,"date":"1970-01-01T00:00:00","date_gmt":"1970-01-01T00:00:00","guid":{"rendered":"https:\/\/elfsight.com\/pt\/?page_id=7626"},"modified":"2025-03-07T05:27:44","modified_gmt":"2025-03-07T05:27:44","slug":"godaddy","status":"publish","type":"page","link":"https:\/\/elfsight.com\/pt\/qr-code-widget\/godaddy\/","title":{"rendered":"QR Code &#8211; GoDaddy"},"content":{"rendered":"\n<div class=\"application-platform-content-item-description application-platform-content-item\" id=\"description\" data-nav-section=\"description\"> <h2>Incorpore o QR Code no GoDaddy com o widget Elfsight<\/h2> <p>O Elfsight QR Code \u00e9 uma op\u00e7\u00e3o impressionante que permite redirecionar usu\u00e1rios instantaneamente para qualquer site, compartilhe uma URL, localiza\u00e7\u00e3o, email, qualquer arquivo e muito mais. A ferramenta \u00e9 altamente personaliz\u00e1vel: voc\u00ea pode anexar um t\u00edtulo, uma legenda explicativa, selecionar o \u00edcone e o logotipo usando nossa biblioteca ou escolher o seu pr\u00f3prio, recolorir o texto, o fundo, a moldura e ajustar o tamanho do plugin de acordo com o seu site. Tudo o que voc\u00ea precisa fazer \u00e9 come\u00e7ar a construir seu recurso personalizado &#8211; a instala\u00e7\u00e3o \u00e9 muito f\u00e1cil e n\u00e3o exigir\u00e1 de voc\u00ea habilidades de codifica\u00e7\u00e3o. <\/p> <p><b>Integre o QR Code ao seu site e leve os usu\u00e1rios diretamente para onde voc\u00ea deseja e simplifique o uso do conte\u00fado.<\/b><\/p> <\/div> <div class=\"application-platform-content-item-features  application-platform-content-item\" id=\"features \" data-nav-section=\"features \"> <h2>Estes s\u00e3o apenas alguns dos valiosos recursos do plug-in: <\/h2> <ul><li>Acesso imediato ao seu conte\u00fado<\/li><li>Anexar qualquer texto<\/li><li>Oito logotipos troc\u00e1veis <\/li><li>Quinze \u00edcones troc\u00e1veis \u200b\u200bpara voc\u00ea escolher<\/li><li>Repintar todos os elementos<\/li><\/ul><p><a href=\"#demo\">Simplesmente experimente esta demonstra\u00e7\u00e3o para entender a funcionalidade do plugin<\/a><\/p> <\/div> <div class=\"application-platform-content-item-installation application-platform-content-item\" id=\"installation\" data-nav-section=\"installation\"> <h2>Como adiciono QR Code ao meu site GoDaddy? <\/h2> <p>Basta seguir estas etapas descritas abaixo para come\u00e7ar a trabalhar com o plugin. <\/p> <ol><li><b>Utilize nosso editor gratuito e comece a moldar seu instrumento personalizado. <\/b><br> Encontre a forma e os recursos preferidos do plugin e salve as corre\u00e7\u00f5es. <\/li> <li><b>Receba o seu c\u00f3digo pessoal que aparece na janela das Apps Elfsight. <\/b><br> Ap\u00f3s a configura\u00e7\u00e3o do seu plugin pessoal, copie o c\u00f3digo exclusivo no pop-up exibido e salve-o para uso posterior. <\/li> <li><b>Comece a usar o plugin no site GoDaddy. <\/b><br> Integre o c\u00f3digo copiado anteriormente em seu site e aplique as edi\u00e7\u00f5es. <\/li> <li><b>Pronto! A incorpora\u00e7\u00e3o est\u00e1 totalmente realizada. <\/b><br> Visite seu site para ver o desempenho do plugin. <\/li><\/ol> <p>Na condi\u00e7\u00e3o de lidar com d\u00favidas ou enfrentar quaisquer complica\u00e7\u00f5es, entre em contato com nossa equipe de suporte. Nossos consultores ter\u00e3o prazer em resolver todas as dificuldades que voc\u00ea possa ter com o produto. <\/p> <div class=\"faq\" data-component=\"FAQ\"><div class=\"faq-item\">\r\n\t\t\t\t\t<div class=\"faq-item-question\">\r\n\t\t\t\t\t\t<h3 class=\"faq-item-question-text\">Existe uma maneira de incorporar o QR Code na minha p\u00e1gina inicial do GoDaddy sem codifica\u00e7\u00e3o?<\/h3>\r\n\r\n\t\t\t\t\t\t<div class=\"faq-item-question-icon\"><\/div>\r\n\t\t\t\t\t<\/div>\r\n\r\n\t\t\t\t\t<div class=\"faq-item-answer\">\r\n\t\t\t\t\t\t<div class=\"faq-item-answer-text\"> <p>A empresa Elfsight apresenta uma solu\u00e7\u00e3o SaaS que permite que os usu\u00e1rios estabele\u00e7am uma se\u00e7\u00e3o de QR Code, descubram o etapas descomplicadas: V\u00e1 para o Editor on-line para criar uma se\u00e7\u00e3o de QR Code que voc\u00ea gostaria que aparecesse no site GoDaddy. Escolha um dos muitos modelos pr\u00e9-concebidos e ajuste as configura\u00e7\u00f5es do QR Code, altere o layout e o esquema de cores, adicione seu conte\u00fado, sem qualquer experi\u00eancia em codifica\u00e7\u00e3o. Clique para salvar o c\u00f3digo QR e copiar o c\u00f3digo para incorpora\u00e7\u00e3o, que voc\u00ea pode incluir facilmente em qualquer site GoDaddy sem a necessidade de comprar uma vers\u00e3o paga. Usando nosso editor simples, qualquer usu\u00e1rio da web pode criar um aplicativo QR Code e adicion\u00e1-lo facilmente a qualquer site GoDaddy. N\u00e3o \u00e9 necess\u00e1rio obter uma assinatura paga ou divulgar as credenciais do seu cart\u00e3o para acessar o servi\u00e7o. Se voc\u00ea encontrar algum problema em qualquer etapa, sinta-se \u00e0 vontade para falar com nossa equipe de suporte.<\/p> <\/div>\r\n\t\t\t\t\t<\/div>\r\n\t\t\t\t<\/div> <\/div><\/div>\n","protected":false},"excerpt":{"rendered":"","protected":false},"author":9,"featured_media":0,"parent":1419,"menu_order":0,"comment_status":"closed","ping_status":"closed","template":"templates\/template-application-platform.php","meta":{"publish_to_discourse":"","publish_post_category":"","wpdc_auto_publish_overridden":"","wpdc_topic_tags":"","wpdc_pin_topic":"","wpdc_pin_until":"","discourse_post_id":"","discourse_permalink":"","wpdc_publishing_response":"","wpdc_publishing_error":"","footnotes":""},"class_list":["post-7626","page","type-page","status-publish","hentry"],"yoast_head":"<!-- This site is optimized with the Yoast SEO plugin v25.3.1 - https:\/\/yoast.com\/wordpress\/plugins\/seo\/ -->\n<title>C\u00f3digo QR - Adicione o plugin de c\u00f3digo QR ao site GoDaddy!<\/title>\n<meta name=\"description\" content=\"Crie seu c\u00f3digo QR exclusivo para o site GoDaddy rapidamente. Basta aplicar nossa demonstra\u00e7\u00e3o e seu aplicativo ser\u00e1 criado em menos de um minuto.\" \/>\n<meta name=\"robots\" content=\"index, follow, max-snippet:-1, max-image-preview:large, max-video-preview:-1\" \/>\n<link rel=\"canonical\" href=\"https:\/\/elfsight.com\/pt\/qr-code-widget\/godaddy\/\" \/>\n<meta property=\"og:locale\" content=\"pt_PT\" \/>\n<meta property=\"og:type\" content=\"article\" \/>\n<meta property=\"og:title\" content=\"C\u00f3digo QR - Adicione o plugin de c\u00f3digo QR ao site GoDaddy!\" \/>\n<meta property=\"og:description\" content=\"Crie seu c\u00f3digo QR exclusivo para o site GoDaddy rapidamente. Basta aplicar nossa demonstra\u00e7\u00e3o e seu aplicativo ser\u00e1 criado em menos de um minuto.\" \/>\n<meta property=\"og:url\" content=\"https:\/\/elfsight.com\/pt\/qr-code-widget\/godaddy\/\" \/>\n<meta property=\"og:site_name\" content=\"Elfsight PT\" \/>\n<meta property=\"article:modified_time\" content=\"2025-03-07T05:27:44+00:00\" \/>\n<meta name=\"twitter:card\" content=\"summary_large_image\" \/>\n<meta name=\"twitter:label1\" content=\"Tempo estimado de leitura\" \/>\n\t<meta name=\"twitter:data1\" content=\"3 minutos\" \/>\n<!-- \/ Yoast SEO plugin. -->","yoast_head_json":{"title":"C\u00f3digo QR - Adicione o plugin de c\u00f3digo QR ao site GoDaddy!","description":"Crie seu c\u00f3digo QR exclusivo para o site GoDaddy rapidamente. Basta aplicar nossa demonstra\u00e7\u00e3o e seu aplicativo ser\u00e1 criado em menos de um minuto.","robots":{"index":"index","follow":"follow","max-snippet":"max-snippet:-1","max-image-preview":"max-image-preview:large","max-video-preview":"max-video-preview:-1"},"canonical":"https:\/\/elfsight.com\/pt\/qr-code-widget\/godaddy\/","og_locale":"pt_PT","og_type":"article","og_title":"C\u00f3digo QR - Adicione o plugin de c\u00f3digo QR ao site GoDaddy!","og_description":"Crie seu c\u00f3digo QR exclusivo para o site GoDaddy rapidamente. Basta aplicar nossa demonstra\u00e7\u00e3o e seu aplicativo ser\u00e1 criado em menos de um minuto.","og_url":"https:\/\/elfsight.com\/pt\/qr-code-widget\/godaddy\/","og_site_name":"Elfsight PT","article_modified_time":"2025-03-07T05:27:44+00:00","twitter_card":"summary_large_image","twitter_misc":{"Tempo estimado de leitura":"3 minutos"},"schema":{"@context":"https:\/\/schema.org","@graph":[{"@type":"WebPage","@id":"https:\/\/elfsight.com\/pt\/qr-code-widget\/godaddy\/","url":"https:\/\/elfsight.com\/pt\/qr-code-widget\/godaddy\/","name":"C\u00f3digo QR - Adicione o plugin de c\u00f3digo QR ao site GoDaddy!","isPartOf":{"@id":"https:\/\/elfsight.com\/pt\/#website"},"datePublished":"1970-01-01T00:00:00+00:00","dateModified":"2025-03-07T05:27:44+00:00","description":"Crie seu c\u00f3digo QR exclusivo para o site GoDaddy rapidamente. Basta aplicar nossa demonstra\u00e7\u00e3o e seu aplicativo ser\u00e1 criado em menos de um minuto.","breadcrumb":{"@id":"https:\/\/elfsight.com\/pt\/qr-code-widget\/godaddy\/#breadcrumb"},"inLanguage":"pt-PT","potentialAction":[{"@type":"ReadAction","target":["https:\/\/elfsight.com\/pt\/qr-code-widget\/godaddy\/"]}]},{"@type":"BreadcrumbList","@id":"https:\/\/elfsight.com\/pt\/qr-code-widget\/godaddy\/#breadcrumb","itemListElement":[{"@type":"ListItem","position":1,"name":"Home","item":"https:\/\/elfsight.com\/pt\/"},{"@type":"ListItem","position":2,"name":"QR Code","item":"https:\/\/elfsight.com\/pt\/qr-code-widget\/"},{"@type":"ListItem","position":3,"name":"QR Code &#8211; GoDaddy"}]},{"@type":"WebSite","@id":"https:\/\/elfsight.com\/pt\/#website","url":"https:\/\/elfsight.com\/pt\/","name":"Elfsight PT","description":"Just another Elfsight Sites site","potentialAction":[{"@type":"SearchAction","target":{"@type":"EntryPoint","urlTemplate":"https:\/\/elfsight.com\/pt\/?s={search_term_string}"},"query-input":{"@type":"PropertyValueSpecification","valueRequired":true,"valueName":"search_term_string"}}],"inLanguage":"pt-PT"}]}},"meta_box":{"industry":"","seo_heading":"","heading":"","description":"","cta_heading":"","cta_description":"","application":"1418","h1":"Plug-in de c\u00f3digo QR GoDaddy","h1_caption":"Redirecione seu p\u00fablico para qualquer site, compartilhe arquivos imediatamente e melhore a experi\u00eancia do usu\u00e1rio","application_category":[],"applications_title":"","applications_request_title":"","applications_request_button_text":"","hero_text":"","hero_video":"","hero_video_schema_markup":"","selling_points_title":"","selling_points_caption":"","selling_points":[],"selling_points_cta_text":"","features_title":"","features":"","ed_cta_examples_text":"","ed_cta_examples_hidden":"","ed_cta_demo_text":"","ed_cta_demo_hidden":"","why_caption":"","why_editor_title":"","why_editor_text":"","why_team_title":"","why_team_text":"","why_service_title":"","why_service_text":"","template_catalog_visible":"0","template_catalog_title":"","template_catalog_text":"","template_catalog_categories_visible":"","demo_title":"Crie seu plugin de QR Code","demo_caption":"Configure seu QR Code e adicione-o ao seu site GoDaddy gratuitamente!","default_faq_hidden":"","app_template_category":[],"platform":"4908","template_public_id":"","codecanyon_url":"","codecanyon_item_id":"","codecanyon_price":"","pricing_caption":"","pricing_elfsight_apps_hide_column":"","pricing_elfsight_apps_url":"","pricing_codecanyon_price_caption":"","integration_category":[],"integration_request_title":"","integration_request_cta":"","integration_platform":"","integrations":[],"platform_category":[],"video_schema_markup":"","price":"a partir de US$ 0\/m\u00eas","trial":"","benefits":[{"text":"Servi\u00e7o de instala\u00e7\u00e3o gratuito"},{"text":"Atendimento ao cliente eficaz"},{"text":"Garantia de devolu\u00e7\u00e3o do dinheiro em 14 dias"},{"text":"Atualizando constantemente"}],"button_url":"#demo","button_target_blank":"0","button_nofollow":"0","attributes":[{"name":"Instala\u00e7\u00f5es","content":"10,000 - 100,000"},{"name":"Responsivo","content":"Sim"},{"name":"Navegadores compat\u00edveis","content":"IE11, Firefox, Safari, Opera, Chrome, Edge"}],"tags":[],"tags_disable_links":"0","hide_more_platforms":"0","video_object":"","demo_hide_cta":"0","demo_hide_cloud_options":"0","pricing_title":"","pricing":[{"pricing_icon":"platform","pricing_title":"Elfsight Apps","pricing_title_caption":"Solu\u00e7\u00e3o digital multiplataforma que se adapta a qualquer site","pricing_price":"a partir de US$ 0\/m\u00eas","pricing_price_caption":"comece com plano gratuito","pricing_benefits":[{"text":"Dom\u00ednios ilimitados"},{"text":"Suporte 24 horas por dia, 7 dias por semana, pontual e bem documentado"},{"text":"Suporte 24 horas por dia, 7 dias por semana, pontual e bem documentado"},{"text":"Design flex\u00edvel"}],"pricing_button_text":"Adicionar ao site","pricing_button_url":"#demo"}],"related_apps_title":"","related_apps_hidden":"0","author":"","image":[],"title":"","job":"","social_networks":[]},"_links":{"self":[{"href":"https:\/\/elfsight.com\/pt\/wp-json\/wp\/v2\/pages\/7626","targetHints":{"allow":["GET"]}}],"collection":[{"href":"https:\/\/elfsight.com\/pt\/wp-json\/wp\/v2\/pages"}],"about":[{"href":"https:\/\/elfsight.com\/pt\/wp-json\/wp\/v2\/types\/page"}],"author":[{"embeddable":true,"href":"https:\/\/elfsight.com\/pt\/wp-json\/wp\/v2\/users\/9"}],"replies":[{"embeddable":true,"href":"https:\/\/elfsight.com\/pt\/wp-json\/wp\/v2\/comments?post=7626"}],"version-history":[{"count":2,"href":"https:\/\/elfsight.com\/pt\/wp-json\/wp\/v2\/pages\/7626\/revisions"}],"predecessor-version":[{"id":14530,"href":"https:\/\/elfsight.com\/pt\/wp-json\/wp\/v2\/pages\/7626\/revisions\/14530"}],"up":[{"embeddable":true,"href":"https:\/\/elfsight.com\/pt\/wp-json\/wp\/v2\/pages\/1419"}],"wp:attachment":[{"href":"https:\/\/elfsight.com\/pt\/wp-json\/wp\/v2\/media?parent=7626"}],"curies":[{"name":"wp","href":"https:\/\/api.w.org\/{rel}","templated":true}]}}