{"id":7625,"date":"1970-01-01T00:00:00","date_gmt":"1970-01-01T00:00:00","guid":{"rendered":"https:\/\/elfsight.com\/pt\/?page_id=7625"},"modified":"2025-03-07T05:29:31","modified_gmt":"2025-03-07T05:29:31","slug":"prestashop","status":"publish","type":"page","link":"https:\/\/elfsight.com\/pt\/qr-code-widget\/prestashop\/","title":{"rendered":"QR Code &#8211; PrestaShop"},"content":{"rendered":"\n<div class=\"application-platform-content-item-description application-platform-content-item\" id=\"description\" data-nav-section=\"description\"> <h2>Descri\u00e7\u00e3o<\/h2> <p>O QR Code \u00e9 uma ferramenta not\u00e1vel que permite redirecionar rapidamente seus visitantes para qualquer site, compartilhar um link , sua localiza\u00e7\u00e3o, email, arquivo e muito mais. A ferramenta \u00e9 extremamente personaliz\u00e1vel: voc\u00ea pode adicionar um t\u00edtulo, legenda, selecionar o \u00edcone e tipo de logotipo mais adequados usando nossa biblioteca ou fazer upload do seu pr\u00f3prio, repintar o texto, o fundo, a moldura e alterar o tamanho do widget da maneira que melhor se adapta ao seu site. Tudo o que voc\u00ea precisa fazer \u00e9 simplesmente come\u00e7ar a criar a ferramenta &#8211; a instala\u00e7\u00e3o n\u00e3o \u00e9 sofisticada e n\u00e3o exigir\u00e1 de voc\u00ea habilidades de codifica\u00e7\u00e3o. <\/p> <p><b>Torne seu site mais bem-sucedido para fins de com\u00e9rcio eletr\u00f4nico com a ajuda do QR Code.<\/b><\/p> <\/div> <div class=\"application-platform-content-item-features application-platform-content-item\" id=\"features\" data-nav-section=\"features\"> <h2>Estes s\u00e3o apenas alguns dos muitos recursos do widget: <\/h2> <ul><li>Acesso instant\u00e2neo ao seu conte\u00fado<\/li><li>A possibilidade de compartilhar URLs, locais, arquivos, perfis de m\u00eddia social e muito mais<\/li><li>Adicione qualquer texto<\/li><li>8 logotipos altern\u00e1veis<\/li><li>Possibilidade de fazer upload de seu logotipo personalizado<\/li><li>15 \u00edcones troc\u00e1veis \u200b\u200bdispon\u00edveis<\/li><li> Quadros para apresentar o c\u00f3digo da maneira mais reveladora<\/li><li>Alterar o tamanho do c\u00f3digo<\/li><li>Alterar o tamanho do texto<\/li><li>Anexar uma legenda<\/li><\/ul><p><a href=\"#demo\">Basta verificar esta demonstra\u00e7\u00e3o para ter uma ideia completa<\/a><\/p> <\/div> <div class=\"application-platform-content-item-installation application-platform-content-item\" id=\"installation\" data-nav-section=\"installation\"> <h2>Como adicionar c\u00f3digo QR para o meu site PrestaShop? <\/h2> <p>Basta seguir as orienta\u00e7\u00f5es abaixo para integrar o widget. <\/p> <ol><li><b>Abra nossa demonstra\u00e7\u00e3o gratuita e comece a moldar seu widget personalizado. <\/b><br> Determine a forma e as op\u00e7\u00f5es adequadas do widget e salve as corre\u00e7\u00f5es. <\/li> <li><b>Obtenha o c\u00f3digo pessoal que aparece no formul\u00e1rio especial nas aplica\u00e7\u00f5es Elfsight. <\/b><br> Quando a personaliza\u00e7\u00e3o do seu addon for conclu\u00edda, copie o c\u00f3digo pessoal no pop-up que aparece e guarde-o para uso posterior. <\/li> <li><b>Inicie o uso do widget no seu site PrestaShop. <\/b><br> Implemente o c\u00f3digo que voc\u00ea copiou anteriormente em seu site e salve as corre\u00e7\u00f5es. <\/li> <li><b>Pronto! A integra\u00e7\u00e3o foi realizada com sucesso. <\/b><br> Acesse seu site para revisar como o widget est\u00e1 funcionando. <\/li><\/ol> <p>Caso tenha d\u00favidas ou encontre alguma complica\u00e7\u00e3o, entre em contato com nossa equipe de atendimento ao cliente. Nossos consultores ter\u00e3o prazer em resolver todas as dificuldades que voc\u00ea possa ter com a ferramenta. <\/p> <div class=\"faq\" data-component=\"FAQ\"><div class=\"faq-item\">\r\n\t\t\t\t\t<div class=\"faq-item-question\">\r\n\t\t\t\t\t\t<h3 class=\"faq-item-question-text\">Existe uma op\u00e7\u00e3o para incorporar QR Code no meu site PrestaShop sem habilidades de codifica\u00e7\u00e3o?<\/h3>\r\n\r\n\t\t\t\t\t\t<div class=\"faq-item-question-icon\"><\/div>\r\n\t\t\t\t\t<\/div>\r\n\r\n\t\t\t\t\t<div class=\"faq-item-answer\">\r\n\t\t\t\t\t\t<div class=\"faq-item-answer-text\"> <p>A Elfsight fornece uma solu\u00e7\u00e3o que permite que um p\u00fablico amplo gere voc\u00ea mesmo um plugin de QR Code, verifique qu\u00e3o simples \u00e9 o processo: Trabalhe no Editor on-line para formar uma se\u00e7\u00e3o de QR Code que voc\u00ea gostaria de incorporar no site PrestaShop. Escolha um dos modelos pr\u00e9-fabricados e ajuste as configura\u00e7\u00f5es do QR Code, adicione seu conte\u00fado, altere o layout e a cor dos elementos sem nenhuma habilidade de codifica\u00e7\u00e3o. Clique para salvar as configura\u00e7\u00f5es feitas no QR Code e copie o c\u00f3digo do widget para instala\u00e7\u00e3o, que pode ser colado em qualquer p\u00e1gina inicial do PrestaShop gratuitamente. Com nosso configurador f\u00e1cil de usar, qualquer usu\u00e1rio da web pode gerar uma se\u00e7\u00e3o de QR Code e inclu\u00ed-la facilmente em qualquer p\u00e1gina inicial do PrestaShop. Voc\u00ea n\u00e3o deve pagar ou divulgar os dados do seu cart\u00e3o para entrar em nosso Editor. Se voc\u00ea enfrentar qualquer tipo de problema, sinta-se \u00e0 vontade para entrar em contato com nossa equipe de suporte t\u00e9cnico.<\/p> <\/div>\r\n\t\t\t\t\t<\/div>\r\n\t\t\t\t<\/div> <\/div><\/div>\n","protected":false},"excerpt":{"rendered":"","protected":false},"author":9,"featured_media":0,"parent":1419,"menu_order":0,"comment_status":"closed","ping_status":"closed","template":"templates\/template-application-platform.php","meta":{"publish_to_discourse":"","publish_post_category":"","wpdc_auto_publish_overridden":"","wpdc_topic_tags":"","wpdc_pin_topic":"","wpdc_pin_until":"","discourse_post_id":"","discourse_permalink":"","wpdc_publishing_response":"","wpdc_publishing_error":"","footnotes":""},"class_list":["post-7625","page","type-page","status-publish","hentry"],"yoast_head":"<!-- This site is optimized with the Yoast SEO plugin v25.3.1 - https:\/\/yoast.com\/wordpress\/plugins\/seo\/ -->\n<title>Gerador de c\u00f3digo QR - Adicionar plugin de c\u00f3digo QR ao PrestaShop [2025]<\/title>\n<meta name=\"description\" content=\"Crie rapidamente seu gerador de c\u00f3digo QR personalizado para o site PrestaShop. Basta aplicar nossa demonstra\u00e7\u00e3o e seu plugin ser\u00e1 constru\u00eddo em dois minutos.\" \/>\n<meta name=\"robots\" content=\"index, follow, max-snippet:-1, max-image-preview:large, max-video-preview:-1\" \/>\n<link rel=\"canonical\" href=\"https:\/\/elfsight.com\/pt\/qr-code-widget\/prestashop\/\" \/>\n<meta property=\"og:locale\" content=\"pt_PT\" \/>\n<meta property=\"og:type\" content=\"article\" \/>\n<meta property=\"og:title\" content=\"Gerador de c\u00f3digo QR - Adicionar plugin de c\u00f3digo QR ao PrestaShop [2025]\" \/>\n<meta property=\"og:description\" content=\"Crie rapidamente seu gerador de c\u00f3digo QR personalizado para o site PrestaShop. Basta aplicar nossa demonstra\u00e7\u00e3o e seu plugin ser\u00e1 constru\u00eddo em dois minutos.\" \/>\n<meta property=\"og:url\" content=\"https:\/\/elfsight.com\/pt\/qr-code-widget\/prestashop\/\" \/>\n<meta property=\"og:site_name\" content=\"Elfsight PT\" \/>\n<meta property=\"article:modified_time\" content=\"2025-03-07T05:29:31+00:00\" \/>\n<meta name=\"twitter:card\" content=\"summary_large_image\" \/>\n<meta name=\"twitter:label1\" content=\"Tempo estimado de leitura\" \/>\n\t<meta name=\"twitter:data1\" content=\"3 minutos\" \/>\n<!-- \/ Yoast SEO plugin. -->","yoast_head_json":{"title":"Gerador de c\u00f3digo QR - Adicionar plugin de c\u00f3digo QR ao PrestaShop [2025]","description":"Crie rapidamente seu gerador de c\u00f3digo QR personalizado para o site PrestaShop. Basta aplicar nossa demonstra\u00e7\u00e3o e seu plugin ser\u00e1 constru\u00eddo em dois minutos.","robots":{"index":"index","follow":"follow","max-snippet":"max-snippet:-1","max-image-preview":"max-image-preview:large","max-video-preview":"max-video-preview:-1"},"canonical":"https:\/\/elfsight.com\/pt\/qr-code-widget\/prestashop\/","og_locale":"pt_PT","og_type":"article","og_title":"Gerador de c\u00f3digo QR - Adicionar plugin de c\u00f3digo QR ao PrestaShop [2025]","og_description":"Crie rapidamente seu gerador de c\u00f3digo QR personalizado para o site PrestaShop. Basta aplicar nossa demonstra\u00e7\u00e3o e seu plugin ser\u00e1 constru\u00eddo em dois minutos.","og_url":"https:\/\/elfsight.com\/pt\/qr-code-widget\/prestashop\/","og_site_name":"Elfsight PT","article_modified_time":"2025-03-07T05:29:31+00:00","twitter_card":"summary_large_image","twitter_misc":{"Tempo estimado de leitura":"3 minutos"},"schema":{"@context":"https:\/\/schema.org","@graph":[{"@type":"WebPage","@id":"https:\/\/elfsight.com\/pt\/qr-code-widget\/prestashop\/","url":"https:\/\/elfsight.com\/pt\/qr-code-widget\/prestashop\/","name":"Gerador de c\u00f3digo QR - Adicionar plugin de c\u00f3digo QR ao PrestaShop [2025]","isPartOf":{"@id":"https:\/\/elfsight.com\/pt\/#website"},"datePublished":"1970-01-01T00:00:00+00:00","dateModified":"2025-03-07T05:29:31+00:00","description":"Crie rapidamente seu gerador de c\u00f3digo QR personalizado para o site PrestaShop. Basta aplicar nossa demonstra\u00e7\u00e3o e seu plugin ser\u00e1 constru\u00eddo em dois minutos.","breadcrumb":{"@id":"https:\/\/elfsight.com\/pt\/qr-code-widget\/prestashop\/#breadcrumb"},"inLanguage":"pt-PT","potentialAction":[{"@type":"ReadAction","target":["https:\/\/elfsight.com\/pt\/qr-code-widget\/prestashop\/"]}]},{"@type":"BreadcrumbList","@id":"https:\/\/elfsight.com\/pt\/qr-code-widget\/prestashop\/#breadcrumb","itemListElement":[{"@type":"ListItem","position":1,"name":"Home","item":"https:\/\/elfsight.com\/pt\/"},{"@type":"ListItem","position":2,"name":"QR Code","item":"https:\/\/elfsight.com\/pt\/qr-code-widget\/"},{"@type":"ListItem","position":3,"name":"QR Code &#8211; PrestaShop"}]},{"@type":"WebSite","@id":"https:\/\/elfsight.com\/pt\/#website","url":"https:\/\/elfsight.com\/pt\/","name":"Elfsight PT","description":"Just another Elfsight Sites site","potentialAction":[{"@type":"SearchAction","target":{"@type":"EntryPoint","urlTemplate":"https:\/\/elfsight.com\/pt\/?s={search_term_string}"},"query-input":{"@type":"PropertyValueSpecification","valueRequired":true,"valueName":"search_term_string"}}],"inLanguage":"pt-PT"}]}},"meta_box":{"industry":"","seo_heading":"","heading":"","description":"","cta_heading":"","cta_description":"","application":"1418","h1":"Gerador de c\u00f3digo QR PrestaShop","h1_caption":"Redirecione seus usu\u00e1rios para qualquer site sem esfor\u00e7o","application_category":[],"applications_title":"","applications_request_title":"","applications_request_button_text":"","hero_text":"","hero_video":"","hero_video_schema_markup":"","selling_points_title":"","selling_points_caption":"","selling_points":[],"selling_points_cta_text":"","features_title":"","features":"","ed_cta_examples_text":"","ed_cta_examples_hidden":"","ed_cta_demo_text":"","ed_cta_demo_hidden":"","why_caption":"","why_editor_title":"","why_editor_text":"","why_team_title":"","why_team_text":"","why_service_title":"","why_service_text":"","template_catalog_visible":"0","template_catalog_title":"","template_catalog_text":"","template_catalog_categories_visible":"","demo_title":"Crie seu complemento de c\u00f3digo QR","demo_caption":"Configure seu QR Code e adicione-o ao seu site PrestaShop gratuitamente!","default_faq_hidden":"","app_template_category":[],"platform":"5343","template_public_id":"","codecanyon_url":"","codecanyon_item_id":"","codecanyon_price":"","pricing_caption":"","pricing_elfsight_apps_hide_column":"","pricing_elfsight_apps_url":"","pricing_codecanyon_price_caption":"","integration_category":[],"integration_request_title":"","integration_request_cta":"","integration_platform":"","integrations":[],"platform_category":[],"video_schema_markup":"","price":"a partir de US$ 0\/m\u00eas","trial":"","benefits":[{"text":"Assist\u00eancia de instala\u00e7\u00e3o gratuita"},{"text":"Suporte ao cliente experiente"},{"text":"Garantia de reembolso de 14 dias"},{"text":"Atualizando constantemente"}],"button_url":"#demo","button_target_blank":"0","button_nofollow":"0","attributes":[{"name":"Instala\u00e7\u00f5es","content":"10,000 - 100,000"},{"name":"Responsivo","content":"Sim"},{"name":"Navegadores compat\u00edveis","content":"Firefox, Safari, Opera, Chrome, Edge"}],"tags":[],"tags_disable_links":"0","hide_more_platforms":"0","video_object":"","demo_hide_cta":"0","demo_hide_cloud_options":"0","pricing_title":"","pricing":[{"pricing_icon":"platform","pricing_title":"Elfsight Apps","pricing_title_caption":"Software independente de plataforma","pricing_price":"a partir de US$ 0\/m\u00eas","pricing_price_caption":"comece com plano gratuito","pricing_benefits":[{"text":"Sites ilimitados"},{"text":"Suporte ao cliente 24 horas por dia, 7 dias por semana"},{"text":"Suporte ao cliente 24 horas por dia, 7 dias por semana"},{"text":"100% personaliz\u00e1vel"}],"pricing_button_text":"Adicionar ao site","pricing_button_url":"#demo"}],"related_apps_title":"","related_apps_hidden":"0","author":"","image":[],"title":"","job":"","social_networks":[]},"_links":{"self":[{"href":"https:\/\/elfsight.com\/pt\/wp-json\/wp\/v2\/pages\/7625","targetHints":{"allow":["GET"]}}],"collection":[{"href":"https:\/\/elfsight.com\/pt\/wp-json\/wp\/v2\/pages"}],"about":[{"href":"https:\/\/elfsight.com\/pt\/wp-json\/wp\/v2\/types\/page"}],"author":[{"embeddable":true,"href":"https:\/\/elfsight.com\/pt\/wp-json\/wp\/v2\/users\/9"}],"replies":[{"embeddable":true,"href":"https:\/\/elfsight.com\/pt\/wp-json\/wp\/v2\/comments?post=7625"}],"version-history":[{"count":2,"href":"https:\/\/elfsight.com\/pt\/wp-json\/wp\/v2\/pages\/7625\/revisions"}],"predecessor-version":[{"id":14531,"href":"https:\/\/elfsight.com\/pt\/wp-json\/wp\/v2\/pages\/7625\/revisions\/14531"}],"up":[{"embeddable":true,"href":"https:\/\/elfsight.com\/pt\/wp-json\/wp\/v2\/pages\/1419"}],"wp:attachment":[{"href":"https:\/\/elfsight.com\/pt\/wp-json\/wp\/v2\/media?parent=7625"}],"curies":[{"name":"wp","href":"https:\/\/api.w.org\/{rel}","templated":true}]}}