{"id":7575,"date":"1970-01-01T00:00:00","date_gmt":"1970-01-01T00:00:00","guid":{"rendered":"https:\/\/elfsight.com\/pt\/?page_id=7575"},"modified":"2024-11-12T15:30:25","modified_gmt":"2024-11-12T15:30:25","slug":"prestashop","status":"publish","type":"page","link":"https:\/\/elfsight.com\/pt\/pricing-table-plugin\/prestashop\/","title":{"rendered":"Pricing Table &#8211; PrestaShop"},"content":{"rendered":"<div class=\"application-platform-content-item-description application-platform-content-item\" id=\"description\" data-nav-section=\"description\"> <h2>Descri\u00e7\u00e3o<\/h2> <p>O pre\u00e7o tem uma das posi\u00e7\u00f5es b\u00e1sicas para estimular os clientes a fazerem uma compra. O plugin da nossa equipe n\u00e3o s\u00f3 ajuda os usu\u00e1rios da p\u00e1gina a ver e comparar rapidamente as tarifas dispon\u00edveis. Tamb\u00e9m contribui para aumentar a convers\u00e3o com a ajuda das \u00faltimas tend\u00eancias em design e modelagem. <\/p><p><b>Torne seu site mais eficaz para os objetivos de neg\u00f3cios com a ajuda da Tabela de pre\u00e7os<\/b><\/p> <\/div> <div class=\"application-platform-content-item-features application-platform-content-item\" id=\"features\" data-nav-section=\"features\"> <h2>O widget fundamental os recursos cont\u00eam<\/h2> <ul><li>Seis elementos de coluna predefinidos que podem ser personalizados e organizados para obter a apar\u00eancia perfeita<\/li><li>Dar destaque a qualquer coluna<\/li><li>Os elementos de cada coluna podem ser personalizado individualmente<\/li><li>4 tipos predefinidos de largura de borda e dois tipos predefinidos de raio de borda<\/li><li>Lista de recursos ajust\u00e1veis \u200b\u200bcompleta com dicas, n\u00famero ilimitado de recursos e \u00edcones de recursos<\/li><li> Vincule o bot\u00e3o CTA \u00e0 p\u00e1gina necess\u00e1ria<\/li><\/ul><p><a href=\"#demo\">Voc\u00ea pode conferir todos os recursos do widget na demonstra\u00e7\u00e3o nesta p\u00e1gina<\/a><\/p> <\/div> <div class=\"application-platform-content-item-installation application-platform-content-item\" id=\"installation\" data-nav-section=\"installation\"> <h2>Como incorporo a tabela de pre\u00e7os no meu site PrestaShop? <\/h2> <p>Basta seguir as orienta\u00e7\u00f5es abaixo para come\u00e7ar a trabalhar com o widget. <\/p> <ol><li><b>Utilize nosso configurador gratuito e comece a criar seu complemento exclusivo. <\/b><br> Especifique a interface adequada e as caracter\u00edsticas da ferramenta e aplique as corre\u00e7\u00f5es. <\/li> <li><b>Receba o c\u00f3digo exclusivo que aparece na caixa dos aplicativos Elfsight. <\/b><br> Assim que o estabelecimento do seu widget for conclu\u00eddo, copie o c\u00f3digo individual da caixa exibida e salve-o para uso posterior. <\/li> <li><b>Comece a usar o complemento no seu site PrestaShop. <\/b><br> Cole o c\u00f3digo salvo anteriormente em seu site e aplique as modifica\u00e7\u00f5es. <\/li> <li><b>Conclu\u00eddo! A integra\u00e7\u00e3o foi finalizada com sucesso. <\/b><br> Visite seu site para ver como a ferramenta funciona. <\/li><\/ol> <p>Se voc\u00ea encontrar alguns obst\u00e1culos, n\u00e3o hesite em entrar em contato com nossa equipe de atendimento ao cliente. Nossos consultores ter\u00e3o o maior prazer em ajud\u00e1-lo com todas as dificuldades que voc\u00ea possa ter com a ferramenta. <\/p><div class=\"faq\" data-component=\"FAQ\"> <div class=\"faq-item\">\r\n\t\t\t\t\t<div class=\"faq-item-question\">\r\n\t\t\t\t\t\t<h3 class=\"faq-item-question-text\">Como adicionar uma tabela de pre\u00e7os ao meu site PrestaShop sem habilidades de codifica\u00e7\u00e3o?<\/h3>\r\n\r\n\t\t\t\t\t\t<div class=\"faq-item-question-icon\"><\/div>\r\n\t\t\t\t\t<\/div>\r\n\r\n\t\t\t\t\t<div class=\"faq-item-answer\">\r\n\t\t\t\t\t\t<div class=\"faq-item-answer-text\"> <p>A Elfsight fornece uma solu\u00e7\u00e3o SaaS que permite que voc\u00ea mesmo crie um widget de tabela de pre\u00e7os, veja como \u00e9 f\u00e1cil O processo \u00e9: Trabalhe diretamente no Editor on-line para criar um widget de Tabela de Pre\u00e7os que voc\u00ea gostaria de ver no seu site PrestaShop. Escolha um dos modelos predefinidos e ajuste as configura\u00e7\u00f5es da Tabela de Pre\u00e7os, adicione seu conte\u00fado, altere o layout e as cores sem nenhuma habilidade de codifica\u00e7\u00e3o. Salve a Tabela de Pre\u00e7os e copie seu c\u00f3digo de instala\u00e7\u00e3o, que voc\u00ea pode incluir no seu site %platform% sem comprar uma vers\u00e3o paga. Com nosso editor intuitivo, qualquer usu\u00e1rio da Internet pode criar um widget de tabela de pre\u00e7os online e incorpor\u00e1-lo facilmente ao site PrestaShop. N\u00e3o h\u00e1 necessidade de pagar ou inserir as credenciais do seu cart\u00e3o para acessar o servi\u00e7o. Se voc\u00ea enfrentar qualquer problema em qualquer etapa, n\u00e3o hesite em entrar em contato com nossa equipe de suporte t\u00e9cnico.<\/p> <\/div>\r\n\t\t\t\t\t<\/div>\r\n\t\t\t\t<\/div> <\/div> <\/div><!-- wp:par\u00e1grafo --><p><\/p><!-- \/wp:par\u00e1grafo -->","protected":false},"excerpt":{"rendered":"","protected":false},"author":9,"featured_media":0,"parent":793,"menu_order":0,"comment_status":"closed","ping_status":"closed","template":"templates\/template-application-platform.php","meta":{"publish_to_discourse":"","publish_post_category":"","wpdc_auto_publish_overridden":"","wpdc_topic_tags":"","wpdc_pin_topic":"","wpdc_pin_until":"","discourse_post_id":"","discourse_permalink":"","wpdc_publishing_response":"","wpdc_publishing_error":"","footnotes":""},"class_list":["post-7575","page","type-page","status-publish","hentry"],"yoast_head":"<!-- This site is optimized with the Yoast SEO plugin v25.3.1 - https:\/\/yoast.com\/wordpress\/plugins\/seo\/ -->\n<title>Tabela de pre\u00e7os - Adicionar complemento de pre\u00e7os ao site PrestaShop<\/title>\n<meta name=\"description\" content=\"Instale o complemento Pricing Table para PrestaShop em apenas 3 minutos. Descubra todas as principais caracter\u00edsticas do complemento de melhor pre\u00e7o na demonstra\u00e7\u00e3o gratuita.\" \/>\n<meta name=\"robots\" content=\"index, follow, max-snippet:-1, max-image-preview:large, max-video-preview:-1\" \/>\n<link rel=\"canonical\" href=\"https:\/\/elfsight.com\/pt\/pricing-table-plugin\/prestashop\/\" \/>\n<meta property=\"og:locale\" content=\"pt_PT\" \/>\n<meta property=\"og:type\" content=\"article\" \/>\n<meta property=\"og:title\" content=\"Tabela de pre\u00e7os - Adicionar complemento de pre\u00e7os ao site PrestaShop\" \/>\n<meta property=\"og:description\" content=\"Instale o complemento Pricing Table para PrestaShop em apenas 3 minutos. Descubra todas as principais caracter\u00edsticas do complemento de melhor pre\u00e7o na demonstra\u00e7\u00e3o gratuita.\" \/>\n<meta property=\"og:url\" content=\"https:\/\/elfsight.com\/pt\/pricing-table-plugin\/prestashop\/\" \/>\n<meta property=\"og:site_name\" content=\"Elfsight PT\" \/>\n<meta property=\"article:modified_time\" content=\"2024-11-12T15:30:25+00:00\" \/>\n<meta name=\"twitter:card\" content=\"summary_large_image\" \/>\n<meta name=\"twitter:label1\" content=\"Tempo estimado de leitura\" \/>\n\t<meta name=\"twitter:data1\" content=\"3 minutos\" \/>\n<!-- \/ Yoast SEO plugin. -->","yoast_head_json":{"title":"Tabela de pre\u00e7os - Adicionar complemento de pre\u00e7os ao site PrestaShop","description":"Instale o complemento Pricing Table para PrestaShop em apenas 3 minutos. Descubra todas as principais caracter\u00edsticas do complemento de melhor pre\u00e7o na demonstra\u00e7\u00e3o gratuita.","robots":{"index":"index","follow":"follow","max-snippet":"max-snippet:-1","max-image-preview":"max-image-preview:large","max-video-preview":"max-video-preview:-1"},"canonical":"https:\/\/elfsight.com\/pt\/pricing-table-plugin\/prestashop\/","og_locale":"pt_PT","og_type":"article","og_title":"Tabela de pre\u00e7os - Adicionar complemento de pre\u00e7os ao site PrestaShop","og_description":"Instale o complemento Pricing Table para PrestaShop em apenas 3 minutos. Descubra todas as principais caracter\u00edsticas do complemento de melhor pre\u00e7o na demonstra\u00e7\u00e3o gratuita.","og_url":"https:\/\/elfsight.com\/pt\/pricing-table-plugin\/prestashop\/","og_site_name":"Elfsight PT","article_modified_time":"2024-11-12T15:30:25+00:00","twitter_card":"summary_large_image","twitter_misc":{"Tempo estimado de leitura":"3 minutos"},"schema":{"@context":"https:\/\/schema.org","@graph":[{"@type":"WebPage","@id":"https:\/\/elfsight.com\/pt\/pricing-table-plugin\/prestashop\/","url":"https:\/\/elfsight.com\/pt\/pricing-table-plugin\/prestashop\/","name":"Tabela de pre\u00e7os - Adicionar complemento de pre\u00e7os ao site PrestaShop","isPartOf":{"@id":"https:\/\/elfsight.com\/pt\/#website"},"datePublished":"1970-01-01T00:00:00+00:00","dateModified":"2024-11-12T15:30:25+00:00","description":"Instale o complemento Pricing Table para PrestaShop em apenas 3 minutos. Descubra todas as principais caracter\u00edsticas do complemento de melhor pre\u00e7o na demonstra\u00e7\u00e3o gratuita.","breadcrumb":{"@id":"https:\/\/elfsight.com\/pt\/pricing-table-plugin\/prestashop\/#breadcrumb"},"inLanguage":"pt-PT","potentialAction":[{"@type":"ReadAction","target":["https:\/\/elfsight.com\/pt\/pricing-table-plugin\/prestashop\/"]}]},{"@type":"BreadcrumbList","@id":"https:\/\/elfsight.com\/pt\/pricing-table-plugin\/prestashop\/#breadcrumb","itemListElement":[{"@type":"ListItem","position":1,"name":"Home","item":"https:\/\/elfsight.com\/pt\/"},{"@type":"ListItem","position":2,"name":"Pricing Table","item":"https:\/\/elfsight.com\/pt\/pricing-table-plugin\/"},{"@type":"ListItem","position":3,"name":"Pricing Table &#8211; PrestaShop"}]},{"@type":"WebSite","@id":"https:\/\/elfsight.com\/pt\/#website","url":"https:\/\/elfsight.com\/pt\/","name":"Elfsight PT","description":"Just another Elfsight Sites site","potentialAction":[{"@type":"SearchAction","target":{"@type":"EntryPoint","urlTemplate":"https:\/\/elfsight.com\/pt\/?s={search_term_string}"},"query-input":{"@type":"PropertyValueSpecification","valueRequired":true,"valueName":"search_term_string"}}],"inLanguage":"pt-PT"}]}},"meta_box":{"industry":"","seo_heading":"","heading":"","description":"","cta_heading":"","cta_description":"","application":"792","h1":"Complemento de tabela de pre\u00e7os para PrestaShop","h1_caption":"O melhor complemento para demonstrar pre\u00e7os em seu site","application_category":[],"applications_title":"","applications_request_title":"","applications_request_button_text":"","hero_text":"","hero_video":"","hero_video_schema_markup":"","selling_points_title":"","selling_points_caption":"","selling_points":[],"selling_points_cta_text":"","features_title":"","features":"","ed_cta_examples_text":"","ed_cta_examples_hidden":"","ed_cta_demo_text":"","ed_cta_demo_hidden":"","why_caption":"","why_editor_title":"","why_editor_text":"","why_team_title":"","why_team_text":"","why_service_title":"","why_service_text":"","template_catalog_visible":"","template_catalog_title":"","template_catalog_text":"","template_catalog_categories_visible":"","demo_title":"Crie seu complemento Tabela de pre\u00e7os","demo_caption":"Configure sua Tabela de Pre\u00e7os e adicione-a ao seu site PrestaShop gratuitamente!","default_faq_hidden":"","app_template_category":[],"platform":"5343","template_public_id":"","codecanyon_url":"","codecanyon_item_id":"","codecanyon_price":"","pricing_caption":"","pricing_elfsight_apps_hide_column":"","pricing_elfsight_apps_url":"","pricing_codecanyon_price_caption":"","integration_category":[],"integration_request_title":"","integration_request_cta":"","integration_platform":"","integrations":[],"platform_category":[],"video_schema_markup":"","price":"a partir de US$ 0\/m\u00eas","trial":"","benefits":[{"text":"Servi\u00e7o de instala\u00e7\u00e3o gratuito"},{"text":"Suporte excepcional"},{"text":"Garantia de devolu\u00e7\u00e3o do dinheiro em 14 dias"},{"text":"Desenvolvimento cont\u00ednuo"}],"button_url":"#demo","button_target_blank":"","button_nofollow":"","attributes":[{"name":"Instala\u00e7\u00f5es","content":"10,000 - 100,000"},{"name":"Responsivo","content":"Sim"},{"name":"Navegadores compat\u00edveis","content":"Firefox, Safari, Opera, Chrome, Edge"}],"tags":[],"tags_disable_links":"","hide_more_platforms":"","video_object":"","demo_hide_cta":"","demo_hide_cloud_options":"","pricing_title":"","pricing":[{"pricing_icon":"platform","pricing_title":"Elfsight Apps","pricing_title_caption":"Software independente de plataforma","pricing_price":"a partir de US$ 0\/m\u00eas","pricing_price_caption":"comece com um plano gratuito","pricing_benefits":[{"text":"Sites ilimitados"},{"text":"Suporte r\u00e1pido e pontual"},{"text":"Suporte r\u00e1pido e pontual"},{"text":"100% personaliz\u00e1vel"}],"pricing_button_text":"Adicionar ao site","pricing_button_url":"#demo"}],"related_apps_title":"","related_apps_hidden":"","author":"","image":[],"title":"","job":"","social_networks":[]},"_links":{"self":[{"href":"https:\/\/elfsight.com\/pt\/wp-json\/wp\/v2\/pages\/7575","targetHints":{"allow":["GET"]}}],"collection":[{"href":"https:\/\/elfsight.com\/pt\/wp-json\/wp\/v2\/pages"}],"about":[{"href":"https:\/\/elfsight.com\/pt\/wp-json\/wp\/v2\/types\/page"}],"author":[{"embeddable":true,"href":"https:\/\/elfsight.com\/pt\/wp-json\/wp\/v2\/users\/9"}],"replies":[{"embeddable":true,"href":"https:\/\/elfsight.com\/pt\/wp-json\/wp\/v2\/comments?post=7575"}],"version-history":[{"count":1,"href":"https:\/\/elfsight.com\/pt\/wp-json\/wp\/v2\/pages\/7575\/revisions"}],"predecessor-version":[{"id":7579,"href":"https:\/\/elfsight.com\/pt\/wp-json\/wp\/v2\/pages\/7575\/revisions\/7579"}],"up":[{"embeddable":true,"href":"https:\/\/elfsight.com\/pt\/wp-json\/wp\/v2\/pages\/793"}],"wp:attachment":[{"href":"https:\/\/elfsight.com\/pt\/wp-json\/wp\/v2\/media?parent=7575"}],"curies":[{"name":"wp","href":"https:\/\/api.w.org\/{rel}","templated":true}]}}