{"id":7568,"date":"1970-01-01T00:00:00","date_gmt":"1970-01-01T00:00:00","guid":{"rendered":"https:\/\/elfsight.com\/pt\/?page_id=7568"},"modified":"2024-11-13T11:54:30","modified_gmt":"2024-11-13T11:54:30","slug":"bigcommerce","status":"publish","type":"page","link":"https:\/\/elfsight.com\/pt\/portfolio-widget\/bigcommerce\/","title":{"rendered":"Portfolio &#8211; BigCommerce"},"content":{"rendered":"<div class=\"application-platform-content-item-description application-platform-content-item\" id=\"description\" data-nav-section=\"description\"><h2>Descri\u00e7\u00e3o<\/h2><p>A ferramenta Elfsight Portfolio \u00e9 criada para cada pessoa que tem a necessidade de expor o seu portf\u00f3lio no site e obter novos clientes. Com a ferramenta, voc\u00ea poder\u00e1 revelar projetos com fotos, conte\u00fado de v\u00eddeo, esquemas e outros materiais. Cada parte do conte\u00fado pode ter uma descri\u00e7\u00e3o detalhada e data. Voc\u00ea tem a oportunidade de vincular projetos a sites e divulgar projetos em categorias. Os usu\u00e1rios poder\u00e3o visualizar seu portf\u00f3lio, abrir cada projeto e visualizar todos os trabalhos direto no site. O cabe\u00e7alho exibir\u00e1 seu nome, foto e dados de contato, que permitem entrar em contato com voc\u00ea. O bot\u00e3o ativo levar\u00e1 as pessoas \u00e0 p\u00e1gina de compra e ajudar\u00e1 voc\u00ea a aumentar o n\u00famero de vendas.<\/p><div class=\"faq\" data-component=\"FAQ\"> <div class=\"faq-item\">\r\n\t\t\t\t\t<div class=\"faq-item-question\">\r\n\t\t\t\t\t\t<h3 class=\"faq-item-question-text\">Onde no meu site posso adicionar o modelo de portf\u00f3lio pessoal<\/h3>\r\n\r\n\t\t\t\t\t\t<div class=\"faq-item-question-icon\"><\/div>\r\n\t\t\t\t\t<\/div>\r\n\r\n\t\t\t\t\t<div class=\"faq-item-answer\">\r\n\t\t\t\t\t\t<div class=\"faq-item-answer-text\"><p>Voc\u00ea pode incorpor\u00e1-lo em qualquer p\u00e1gina do site ou em todas as p\u00e1ginas da web. Seus trabalhos atraentes atrair\u00e3o a aten\u00e7\u00e3o dos visitantes publicados na p\u00e1gina principal do site e poder\u00e3o visualizar suas ofertas nas p\u00e1ginas do Portf\u00f3lio.<\/p><\/div>\r\n\t\t\t\t\t<\/div>\r\n\t\t\t\t<\/div><div class=\"faq-item\">\r\n\t\t\t\t\t<div class=\"faq-item-question\">\r\n\t\t\t\t\t\t<h3 class=\"faq-item-question-text\">Como eu me beneficiaria com este plugin?<\/h3>\r\n\r\n\t\t\t\t\t\t<div class=\"faq-item-question-icon\"><\/div>\r\n\t\t\t\t\t<\/div>\r\n\r\n\t\t\t\t\t<div class=\"faq-item-answer\">\r\n\t\t\t\t\t\t<div class=\"faq-item-answer-text\"><p>Um portf\u00f3lio impressionante com seus trabalhos ir\u00e1 provar toda a sua grande habilidade e criatividade aos visitantes. Isso deixar\u00e1 os usu\u00e1rios ansiosos para que os mesmos trabalhos sejam feitos para eles e voc\u00ea ver\u00e1 novos pedidos chegando. Al\u00e9m disso, atrav\u00e9s das formas r\u00e1pidas de entrar em contato com voc\u00ea, voc\u00ea ter\u00e1 mais leads.<\/p><\/div>\r\n\t\t\t\t\t<\/div>\r\n\t\t\t\t<\/div><div class=\"faq-item\">\r\n\t\t\t\t\t<div class=\"faq-item-question\">\r\n\t\t\t\t\t\t<h3 class=\"faq-item-question-text\">Como fa\u00e7o para incorporar o modelo de portf\u00f3lio em meu site BigCommerce?<\/h3>\r\n\r\n\t\t\t\t\t\t<div class=\"faq-item-question-icon\"><\/div>\r\n\t\t\t\t\t<\/div>\r\n\r\n\t\t\t\t\t<div class=\"faq-item-answer\">\r\n\t\t\t\t\t\t<div class=\"faq-item-answer-text\"><p>Voc\u00ea precisar\u00e1 de apenas um minuto do seu tempo para come\u00e7ar a usar o aplicativo. A incorpora\u00e7\u00e3o \u00e9 muito r\u00e1pida, gratuita e sem codifica\u00e7\u00e3o.<\/p><p>O widget pode ser integrado atrav\u00e9s do nosso servi\u00e7o ou atrav\u00e9s do mercado. Voc\u00ea pode ler os pr\u00f3s e contras dessas op\u00e7\u00f5es e escolher a sua.<\/p><\/div>\r\n\t\t\t\t\t<\/div>\r\n\t\t\t\t<\/div><\/div><\/div><div class=\"application-platform-content-item-features application-platform-content-item\" id=\"features\" data-nav-section=\"features\"><h2>Recursos<\/h2><p>Em para ter uma percep\u00e7\u00e3o clara do portf\u00f3lio do BigCommerce, voc\u00ea pode estudar a lista das principais caracter\u00edsticas. Eles tornam o aplicativo realmente eficaz para voc\u00ea:<\/p><ul><li>Defina v\u00e1rios projetos com t\u00edtulos de projetos;<\/li><li>Defina categorias e atribua projetos a elas;<\/li><li>Escolha quais informa\u00e7\u00f5es para mostrar em pop-up e passar o mouse;<\/li><li>Adicionar textos e adicionar datas a todos os arquivos do projeto;<\/li><li>Bot\u00e3o ativo no cabe\u00e7alho e no pop-up leva os clientes a qualquer p\u00e1gina.<\/li><\/ul><p><a href=\"#demo\">Verifique todos os recursos na demonstra\u00e7\u00e3o<\/a><\/p><\/div><div class=\"application-platform-content-item-installation application-platform-content-item\" id=\"installation\" data-nav-section=\"installation\"><h2>Como adicionar o portf\u00f3lio para seu site BigCommerce<\/h2><div class=\"video-container\"><iframe width=\"720\" height=\"405\" src=\"https:\/\/www.youtube.com\/embed\/QEsX4nKvZ0o\" frameborder=\"0\" allowfullscreen=\"\"><\/iframe><\/div><p>Basta seguir os passos descritos abaixo para come\u00e7ar a trabalhar com o plugin no BigCommerce.<\/p> <ol><li><b>Abra nosso demonstra\u00e7\u00e3o gratuita e comece a criar seu aplicativo personalizado. <\/b><br> Encontre a interface e os aspectos preferidos da ferramenta e aplique as corre\u00e7\u00f5es. <\/li> <li><b>Receba o seu c\u00f3digo exclusivo exposto no formul\u00e1rio especial nas aplica\u00e7\u00f5es Elfsight. <\/b><br> Assim que o estabelecimento do seu widget de portf\u00f3lio pessoal for conclu\u00eddo, copie o c\u00f3digo individual no pop-up exibido e salve-o para uso futuro. <\/li> <li><b>Comece a aplicar o widget em seu site BigCommerce. <\/b><br> Coloque o c\u00f3digo que voc\u00ea copiou recentemente em seu site e aplique os ajustes. <\/li> <li><b>A instala\u00e7\u00e3o est\u00e1 totalmente conclu\u00edda. <\/b><br> Acesse seu site para ver em a\u00e7\u00e3o como o widget est\u00e1 funcionando. <\/li><\/ol><p>Ainda n\u00e3o consegue decidir? Ou tem d\u00favidas? Basta direcionar uma solicita\u00e7\u00e3o ao nosso atendimento ao cliente, eles resolver\u00e3o qualquer tipo de problema.<\/p><\/div>","protected":false},"excerpt":{"rendered":"","protected":false},"author":9,"featured_media":0,"parent":1235,"menu_order":0,"comment_status":"closed","ping_status":"closed","template":"templates\/template-application-platform.php","meta":{"publish_to_discourse":"","publish_post_category":"","wpdc_auto_publish_overridden":"","wpdc_topic_tags":"","wpdc_pin_topic":"","wpdc_pin_until":"","discourse_post_id":"","discourse_permalink":"","wpdc_publishing_response":"","wpdc_publishing_error":"","footnotes":""},"class_list":["post-7568","page","type-page","status-publish","hentry"],"yoast_head":"<!-- This site is optimized with the Yoast SEO plugin v25.3.1 - https:\/\/yoast.com\/wordpress\/plugins\/seo\/ -->\n<title>Modelo de portf\u00f3lio para site BigCommerce (gratuito e r\u00e1pido)<\/title>\n<meta name=\"description\" content=\"Com a Elfsight, crie seu aplicativo Portfolio e adicione-o ao site BigCommerce com facilidade. Temos atendimento gratuito ao cliente e outros b\u00f4nus.\" \/>\n<meta name=\"robots\" content=\"index, follow, max-snippet:-1, max-image-preview:large, max-video-preview:-1\" \/>\n<link rel=\"canonical\" href=\"https:\/\/elfsight.com\/pt\/portfolio-widget\/bigcommerce\/\" \/>\n<meta property=\"og:locale\" content=\"pt_PT\" \/>\n<meta property=\"og:type\" content=\"article\" \/>\n<meta property=\"og:title\" content=\"Modelo de portf\u00f3lio para site BigCommerce (gratuito e r\u00e1pido)\" \/>\n<meta property=\"og:description\" content=\"Com a Elfsight, crie seu aplicativo Portfolio e adicione-o ao site BigCommerce com facilidade. Temos atendimento gratuito ao cliente e outros b\u00f4nus.\" \/>\n<meta property=\"og:url\" content=\"https:\/\/elfsight.com\/pt\/portfolio-widget\/bigcommerce\/\" \/>\n<meta property=\"og:site_name\" content=\"Elfsight PT\" \/>\n<meta property=\"article:modified_time\" content=\"2024-11-13T11:54:30+00:00\" \/>\n<meta name=\"twitter:card\" content=\"summary_large_image\" \/>\n<meta name=\"twitter:label1\" content=\"Tempo estimado de leitura\" \/>\n\t<meta name=\"twitter:data1\" content=\"3 minutos\" \/>\n<!-- \/ Yoast SEO plugin. -->","yoast_head_json":{"title":"Modelo de portf\u00f3lio para site BigCommerce (gratuito e r\u00e1pido)","description":"Com a Elfsight, crie seu aplicativo Portfolio e adicione-o ao site BigCommerce com facilidade. Temos atendimento gratuito ao cliente e outros b\u00f4nus.","robots":{"index":"index","follow":"follow","max-snippet":"max-snippet:-1","max-image-preview":"max-image-preview:large","max-video-preview":"max-video-preview:-1"},"canonical":"https:\/\/elfsight.com\/pt\/portfolio-widget\/bigcommerce\/","og_locale":"pt_PT","og_type":"article","og_title":"Modelo de portf\u00f3lio para site BigCommerce (gratuito e r\u00e1pido)","og_description":"Com a Elfsight, crie seu aplicativo Portfolio e adicione-o ao site BigCommerce com facilidade. Temos atendimento gratuito ao cliente e outros b\u00f4nus.","og_url":"https:\/\/elfsight.com\/pt\/portfolio-widget\/bigcommerce\/","og_site_name":"Elfsight PT","article_modified_time":"2024-11-13T11:54:30+00:00","twitter_card":"summary_large_image","twitter_misc":{"Tempo estimado de leitura":"3 minutos"},"schema":{"@context":"https:\/\/schema.org","@graph":[{"@type":"WebPage","@id":"https:\/\/elfsight.com\/pt\/portfolio-widget\/bigcommerce\/","url":"https:\/\/elfsight.com\/pt\/portfolio-widget\/bigcommerce\/","name":"Modelo de portf\u00f3lio para site BigCommerce (gratuito e r\u00e1pido)","isPartOf":{"@id":"https:\/\/elfsight.com\/pt\/#website"},"datePublished":"1970-01-01T00:00:00+00:00","dateModified":"2024-11-13T11:54:30+00:00","description":"Com a Elfsight, crie seu aplicativo Portfolio e adicione-o ao site BigCommerce com facilidade. Temos atendimento gratuito ao cliente e outros b\u00f4nus.","breadcrumb":{"@id":"https:\/\/elfsight.com\/pt\/portfolio-widget\/bigcommerce\/#breadcrumb"},"inLanguage":"pt-PT","potentialAction":[{"@type":"ReadAction","target":["https:\/\/elfsight.com\/pt\/portfolio-widget\/bigcommerce\/"]}]},{"@type":"BreadcrumbList","@id":"https:\/\/elfsight.com\/pt\/portfolio-widget\/bigcommerce\/#breadcrumb","itemListElement":[{"@type":"ListItem","position":1,"name":"Home","item":"https:\/\/elfsight.com\/pt\/"},{"@type":"ListItem","position":2,"name":"Portfolio","item":"https:\/\/elfsight.com\/pt\/portfolio-widget\/"},{"@type":"ListItem","position":3,"name":"Portfolio &#8211; BigCommerce"}]},{"@type":"WebSite","@id":"https:\/\/elfsight.com\/pt\/#website","url":"https:\/\/elfsight.com\/pt\/","name":"Elfsight PT","description":"Just another Elfsight Sites site","potentialAction":[{"@type":"SearchAction","target":{"@type":"EntryPoint","urlTemplate":"https:\/\/elfsight.com\/pt\/?s={search_term_string}"},"query-input":{"@type":"PropertyValueSpecification","valueRequired":true,"valueName":"search_term_string"}}],"inLanguage":"pt-PT"}]}},"meta_box":{"industry":"","seo_heading":"","heading":"","description":"","cta_heading":"","cta_description":"","application":"1234","h1":"Modelo de portf\u00f3lio BigCommerce","h1_caption":"Exiba suas melhores obras e projetos para aumentar o n\u00famero de clientes","application_category":[],"applications_title":"","applications_request_title":"","applications_request_button_text":"","hero_text":"","hero_video":"","hero_video_schema_markup":"","selling_points_title":"","selling_points_caption":"","selling_points":[],"selling_points_cta_text":"","features_title":"","features":"","ed_cta_examples_text":"","ed_cta_examples_hidden":"","ed_cta_demo_text":"","ed_cta_demo_hidden":"","why_caption":"","why_editor_title":"","why_editor_text":"","why_team_title":"","why_team_text":"","why_service_title":"","why_service_text":"","template_catalog_visible":"","template_catalog_title":"","template_catalog_text":"","template_catalog_categories_visible":"","demo_title":"Crie seu aplicativo de portf\u00f3lio","demo_caption":"Configure seu portf\u00f3lio e adicione-o ao seu site BigCommerce gratuitamente!","default_faq_hidden":"","app_template_category":[],"platform":"43","template_public_id":"","codecanyon_url":"","codecanyon_item_id":"","codecanyon_price":"","pricing_caption":"","pricing_elfsight_apps_hide_column":"","pricing_elfsight_apps_url":"","pricing_codecanyon_price_caption":"","integration_category":[],"integration_request_title":"","integration_request_cta":"","integration_platform":"","integrations":[],"platform_category":[],"video_schema_markup":"","price":"a partir de US$ 0\/m\u00eas","trial":"","benefits":[{"text":"Servi\u00e7o de instala\u00e7\u00e3o gratuito"},{"text":"Atendimento ao cliente eficaz"},{"text":"Garantia de reembolso de 14 dias"},{"text":"Melhorias regulares"}],"button_url":"#demo","button_target_blank":"","button_nofollow":"","attributes":[{"name":"Instala\u00e7\u00f5es","content":"10,000 - 100,000"},{"name":"Responsivo","content":"Sim"},{"name":"Navegadores compat\u00edveis","content":"Firefox, Safari, Opera, Chrome, Edge"}],"tags":[],"tags_disable_links":"","hide_more_platforms":"","video_object":"","demo_hide_cta":"","demo_hide_cloud_options":"","pricing_title":"","pricing":[{"pricing_icon":"platform","pricing_title":"Elfsight Apps","pricing_title_caption":"Vers\u00e3o multiplataforma que funciona em qualquer site","pricing_price":"a partir de US$ 0\/m\u00eas","pricing_price_caption":"comece com um plano gratuito","pricing_benefits":[{"text":"Sites ilimitados"},{"text":"Suporte gratuito e pontual"},{"text":"Suporte gratuito e pontual"},{"text":"Servi\u00e7o de instala\u00e7\u00e3o gratuito"}],"pricing_button_text":"Adicionar ao site","pricing_button_url":"#demo"}],"related_apps_title":"","related_apps_hidden":"","author":"","image":[],"title":"","job":"","social_networks":[]},"_links":{"self":[{"href":"https:\/\/elfsight.com\/pt\/wp-json\/wp\/v2\/pages\/7568","targetHints":{"allow":["GET"]}}],"collection":[{"href":"https:\/\/elfsight.com\/pt\/wp-json\/wp\/v2\/pages"}],"about":[{"href":"https:\/\/elfsight.com\/pt\/wp-json\/wp\/v2\/types\/page"}],"author":[{"embeddable":true,"href":"https:\/\/elfsight.com\/pt\/wp-json\/wp\/v2\/users\/9"}],"replies":[{"embeddable":true,"href":"https:\/\/elfsight.com\/pt\/wp-json\/wp\/v2\/comments?post=7568"}],"version-history":[{"count":2,"href":"https:\/\/elfsight.com\/pt\/wp-json\/wp\/v2\/pages\/7568\/revisions"}],"predecessor-version":[{"id":12114,"href":"https:\/\/elfsight.com\/pt\/wp-json\/wp\/v2\/pages\/7568\/revisions\/12114"}],"up":[{"embeddable":true,"href":"https:\/\/elfsight.com\/pt\/wp-json\/wp\/v2\/pages\/1235"}],"wp:attachment":[{"href":"https:\/\/elfsight.com\/pt\/wp-json\/wp\/v2\/media?parent=7568"}],"curies":[{"name":"wp","href":"https:\/\/api.w.org\/{rel}","templated":true}]}}