{"id":7567,"date":"1970-01-01T00:00:00","date_gmt":"1970-01-01T00:00:00","guid":{"rendered":"https:\/\/elfsight.com\/pt\/?page_id=7567"},"modified":"2025-03-06T14:27:20","modified_gmt":"2025-03-06T14:27:20","slug":"blogger","status":"publish","type":"page","link":"https:\/\/elfsight.com\/pt\/portfolio-widget\/blogger\/","title":{"rendered":"Portfolio &#8211; Blogger"},"content":{"rendered":"\n<div class=\"application-platform-content-item-description application-platform-content-item\" id=\"description\" data-nav-section=\"description\"><h2>Descri\u00e7\u00e3o<\/h2><p>O Elfsight Portfolio foi desenvolvido para todos que desejam publicar sua cole\u00e7\u00e3o profissional no site e atrair vendas. Com a ferramenta, voc\u00ea pode revelar cole\u00e7\u00f5es de fotos, v\u00eddeos, maquetes e outros conte\u00fados do projeto. Cada arquivo pode ter um texto e uma data. Voc\u00ea tem a chance de vincular projetos a sites e dividir projetos em grupos. Seu p\u00fablico ver\u00e1 seu portf\u00f3lio, tocar\u00e1 em um projeto e estudar\u00e1 seu conte\u00fado diretamente no seu site. O cabe\u00e7alho revelar\u00e1 seu nome, foto e dados de contato, o que facilitar\u00e1 o contato com voc\u00ea. O bot\u00e3o CTA levar\u00e1 os clientes \u00e0 p\u00e1gina de fazer pedidos e ajudar\u00e1 voc\u00ea a ampliar o n\u00edvel de vendas. <\/p><div class=\"faq\" data-component=\"FAQ\"><div class=\"faq-item\">\r\n\t\t\t\t\t<div class=\"faq-item-question\">\r\n\t\t\t\t\t\t<h3 class=\"faq-item-question-text\">Como posso incorporar um portf\u00f3lio no site do Blogger? <\/h3>\r\n\r\n\t\t\t\t\t\t<div class=\"faq-item-question-icon\"><\/div>\r\n\t\t\t\t\t<\/div>\r\n\r\n\t\t\t\t\t<div class=\"faq-item-answer\">\r\n\t\t\t\t\t\t<div class=\"faq-item-answer-text\"><p>A cria\u00e7\u00e3o da ferramenta acontece dentro do site da Elfsight e h\u00e1 n\u00e3o h\u00e1 necessidade de aprender codifica\u00e7\u00e3o. Utilize a demonstra\u00e7\u00e3o online para construir seu plugin, obter o c\u00f3digo e integr\u00e1-lo ao seu site. <\/p><\/div>\r\n\t\t\t\t\t<\/div>\r\n\t\t\t\t<\/div><div class=\"faq-item\">\r\n\t\t\t\t\t<div class=\"faq-item-question\">\r\n\t\t\t\t\t\t<h3 class=\"faq-item-question-text\">As melhores maneiras de usar a integra\u00e7\u00e3o da galeria de portf\u00f3lio<\/h3>\r\n\r\n\t\t\t\t\t\t<div class=\"faq-item-question-icon\"><\/div>\r\n\t\t\t\t\t<\/div>\r\n\r\n\t\t\t\t\t<div class=\"faq-item-answer\">\r\n\t\t\t\t\t\t<div class=\"faq-item-answer-text\"><p>Temos uma ampla gama de possibilidades de personaliza\u00e7\u00e3o: widgets em grande escala para implementa\u00e7\u00e3o na \u00e1rea de conte\u00fado, widgets flutuantes para recurso de rolagem, layouts para rodap\u00e9, cabe\u00e7alho e todas as varia\u00e7\u00f5es de oportunidades verticais para barras laterais e menus. <\/p><\/div>\r\n\t\t\t\t\t<\/div>\r\n\t\t\t\t<\/div><div class=\"faq-item\">\r\n\t\t\t\t\t<div class=\"faq-item-question\">\r\n\t\t\t\t\t\t<h3 class=\"faq-item-question-text\">Existe a op\u00e7\u00e3o de construir um portf\u00f3lio de v\u00eddeos ou ilustra\u00e7\u00f5es atrav\u00e9s da ag\u00eancia do editor? <\/h3>\r\n\r\n\t\t\t\t\t\t<div class=\"faq-item-question-icon\"><\/div>\r\n\t\t\t\t\t<\/div>\r\n\r\n\t\t\t\t\t<div class=\"faq-item-answer\">\r\n\t\t\t\t\t\t<div class=\"faq-item-answer-text\"><p>Voc\u00ea pode moldar as altera\u00e7\u00f5es de qualquer widget. Existem v\u00e1rios layouts dispon\u00edveis no editor, e todos eles podem ser facilmente personalizados do jeito que voc\u00ea precisa. <\/p><\/div>\r\n\t\t\t\t\t<\/div>\r\n\t\t\t\t<\/div><\/div><\/div><div class=\"application-platform-content-item-features application-platform-content-item\" id=\"features\" data-nav-section=\"features\"><h2>Recursos<\/h2><p>Para ter um conhecimento completo do Portf\u00f3lio, voc\u00ea pode dar uma olhada no lista de suas principais caracter\u00edsticas. Eles tornam nosso widget realmente eficiente para voc\u00ea: <\/p><ul><li>Adicione qualquer n\u00famero de projetos e t\u00edtulos;<\/li><li>Crie grupos e una projetos a eles;<\/li><li>Escolha quais informa\u00e7\u00f5es exibir no pop-up e ao passar o mouse;<\/li><li>Adicione textos e atribua datas aos arquivos do projeto;<\/li><li>Bot\u00e3o de call to action no cabe\u00e7alho e no pop-up redireciona os clientes para qualquer site ou p\u00e1gina.<\/li><\/ul><p><a href=\"#demo\">Verifique todos os recursos na demonstra\u00e7\u00e3o<\/a><\/p><\/div><div class=\"application-platform-content-item-installation application-platform-content-item\" id=\"installation\" data-nav-section=\"installation\"><h2>Como adiciono o portf\u00f3lio ao meu site do Blogger?<\/h2><div class=\"video-container\"><iframe width=\"720\" height=\"405\" src=\"https:\/\/www.youtube.com\/embed\/bDyGvQadAmY\" frameborder=\"0\" allowfullscreen=\"\"><\/iframe><\/div><p>Basta seguir algumas etapas descritas abaixo para come\u00e7ar a usar o plugin. <\/p><ol><li><b>Use nosso editor gratuito e comece a criar seu widget personalizado. <\/b><br>Encontre a forma desej\u00e1vel e as caracter\u00edsticas funcionais da ferramenta e aplique as corre\u00e7\u00f5es. <\/li><li><b>Obtenha o c\u00f3digo individual revelado no formul\u00e1rio especial nas aplica\u00e7\u00f5es Elfsight. <\/b><br> Assim que a configura\u00e7\u00e3o do seu widget pessoal for conclu\u00edda, copie o c\u00f3digo individual no pop-up exibido e salve-o para ocasi\u00f5es futuras. <\/li><li><b>Comece a usar o plugin na p\u00e1gina inicial do Blogger. <\/b><br>Cole o c\u00f3digo que voc\u00ea copiou antes em sua p\u00e1gina inicial e salve as edi\u00e7\u00f5es. <\/li><li><b>A instala\u00e7\u00e3o foi totalmente finalizada. <\/b><br> Visite sua p\u00e1gina da web para ver em a\u00e7\u00e3o o desempenho do widget. <\/li><\/ol><p>Na condi\u00e7\u00e3o de enfrentar d\u00favidas ou quaisquer complica\u00e7\u00f5es, n\u00e3o hesite em entrar em contato com nossa equipe de suporte. Nossos consultores ter\u00e3o prazer em ajud\u00e1-lo com todas as dificuldades que voc\u00ea possa ter com o plugin<\/p><\/div>\n","protected":false},"excerpt":{"rendered":"","protected":false},"author":9,"featured_media":0,"parent":1235,"menu_order":0,"comment_status":"closed","ping_status":"closed","template":"templates\/template-application-platform.php","meta":{"publish_to_discourse":"","publish_post_category":"","wpdc_auto_publish_overridden":"","wpdc_topic_tags":"","wpdc_pin_topic":"","wpdc_pin_until":"","discourse_post_id":"","discourse_permalink":"","wpdc_publishing_response":"","wpdc_publishing_error":"","footnotes":""},"class_list":["post-7567","page","type-page","status-publish","hentry"],"yoast_head":"<!-- This site is optimized with the Yoast SEO plugin v25.3.1 - https:\/\/yoast.com\/wordpress\/plugins\/seo\/ -->\n<title>Modelo de portf\u00f3lio para site do Blogger (gratuito e r\u00e1pido)<\/title>\n<meta name=\"description\" content=\"Esta \u00e9 a possibilidade de adicionar um widget de portf\u00f3lio personalizado ao site do Blogger de forma r\u00e1pida e f\u00e1cil. Aproveite o atendimento gratuito ao cliente e outros b\u00f4nus da Elfsight.\" \/>\n<meta name=\"robots\" content=\"index, follow, max-snippet:-1, max-image-preview:large, max-video-preview:-1\" \/>\n<link rel=\"canonical\" href=\"https:\/\/elfsight.com\/pt\/portfolio-widget\/blogger\/\" \/>\n<meta property=\"og:locale\" content=\"pt_PT\" \/>\n<meta property=\"og:type\" content=\"article\" \/>\n<meta property=\"og:title\" content=\"Modelo de portf\u00f3lio para site do Blogger (gratuito e r\u00e1pido)\" \/>\n<meta property=\"og:description\" content=\"Esta \u00e9 a possibilidade de adicionar um widget de portf\u00f3lio personalizado ao site do Blogger de forma r\u00e1pida e f\u00e1cil. Aproveite o atendimento gratuito ao cliente e outros b\u00f4nus da Elfsight.\" \/>\n<meta property=\"og:url\" content=\"https:\/\/elfsight.com\/pt\/portfolio-widget\/blogger\/\" \/>\n<meta property=\"og:site_name\" content=\"Elfsight PT\" \/>\n<meta property=\"article:modified_time\" content=\"2025-03-06T14:27:20+00:00\" \/>\n<meta name=\"twitter:card\" content=\"summary_large_image\" \/>\n<meta name=\"twitter:label1\" content=\"Tempo estimado de leitura\" \/>\n\t<meta name=\"twitter:data1\" content=\"3 minutos\" \/>\n<!-- \/ Yoast SEO plugin. -->","yoast_head_json":{"title":"Modelo de portf\u00f3lio para site do Blogger (gratuito e r\u00e1pido)","description":"Esta \u00e9 a possibilidade de adicionar um widget de portf\u00f3lio personalizado ao site do Blogger de forma r\u00e1pida e f\u00e1cil. Aproveite o atendimento gratuito ao cliente e outros b\u00f4nus da Elfsight.","robots":{"index":"index","follow":"follow","max-snippet":"max-snippet:-1","max-image-preview":"max-image-preview:large","max-video-preview":"max-video-preview:-1"},"canonical":"https:\/\/elfsight.com\/pt\/portfolio-widget\/blogger\/","og_locale":"pt_PT","og_type":"article","og_title":"Modelo de portf\u00f3lio para site do Blogger (gratuito e r\u00e1pido)","og_description":"Esta \u00e9 a possibilidade de adicionar um widget de portf\u00f3lio personalizado ao site do Blogger de forma r\u00e1pida e f\u00e1cil. Aproveite o atendimento gratuito ao cliente e outros b\u00f4nus da Elfsight.","og_url":"https:\/\/elfsight.com\/pt\/portfolio-widget\/blogger\/","og_site_name":"Elfsight PT","article_modified_time":"2025-03-06T14:27:20+00:00","twitter_card":"summary_large_image","twitter_misc":{"Tempo estimado de leitura":"3 minutos"},"schema":{"@context":"https:\/\/schema.org","@graph":[{"@type":"WebPage","@id":"https:\/\/elfsight.com\/pt\/portfolio-widget\/blogger\/","url":"https:\/\/elfsight.com\/pt\/portfolio-widget\/blogger\/","name":"Modelo de portf\u00f3lio para site do Blogger (gratuito e r\u00e1pido)","isPartOf":{"@id":"https:\/\/elfsight.com\/pt\/#website"},"datePublished":"1970-01-01T00:00:00+00:00","dateModified":"2025-03-06T14:27:20+00:00","description":"Esta \u00e9 a possibilidade de adicionar um widget de portf\u00f3lio personalizado ao site do Blogger de forma r\u00e1pida e f\u00e1cil. Aproveite o atendimento gratuito ao cliente e outros b\u00f4nus da Elfsight.","breadcrumb":{"@id":"https:\/\/elfsight.com\/pt\/portfolio-widget\/blogger\/#breadcrumb"},"inLanguage":"pt-PT","potentialAction":[{"@type":"ReadAction","target":["https:\/\/elfsight.com\/pt\/portfolio-widget\/blogger\/"]}]},{"@type":"BreadcrumbList","@id":"https:\/\/elfsight.com\/pt\/portfolio-widget\/blogger\/#breadcrumb","itemListElement":[{"@type":"ListItem","position":1,"name":"Home","item":"https:\/\/elfsight.com\/pt\/"},{"@type":"ListItem","position":2,"name":"Portfolio","item":"https:\/\/elfsight.com\/pt\/portfolio-widget\/"},{"@type":"ListItem","position":3,"name":"Portfolio &#8211; Blogger"}]},{"@type":"WebSite","@id":"https:\/\/elfsight.com\/pt\/#website","url":"https:\/\/elfsight.com\/pt\/","name":"Elfsight PT","description":"Just another Elfsight Sites site","potentialAction":[{"@type":"SearchAction","target":{"@type":"EntryPoint","urlTemplate":"https:\/\/elfsight.com\/pt\/?s={search_term_string}"},"query-input":{"@type":"PropertyValueSpecification","valueRequired":true,"valueName":"search_term_string"}}],"inLanguage":"pt-PT"}]}},"meta_box":{"industry":"","seo_heading":"","heading":"","description":"","cta_heading":"","cta_description":"","application":"1234","h1":"Modelo de portf\u00f3lio do Blogger","h1_caption":"Deixe seu p\u00fablico conhecer seus trabalhos e todos os projetos e conquistar novos clientes.","application_category":[],"applications_title":"","applications_request_title":"","applications_request_button_text":"","hero_text":"","hero_video":"","hero_video_schema_markup":"","selling_points_title":"","selling_points_caption":"","selling_points":[],"selling_points_cta_text":"","features_title":"","features":"","ed_cta_examples_text":"","ed_cta_examples_hidden":"","ed_cta_demo_text":"","ed_cta_demo_hidden":"","why_caption":"","why_editor_title":"","why_editor_text":"","why_team_title":"","why_team_text":"","why_service_title":"","why_service_text":"","template_catalog_visible":"0","template_catalog_title":"","template_catalog_text":"","template_catalog_categories_visible":"","demo_title":"Crie seu widget de portf\u00f3lio","demo_caption":"Configure seu portf\u00f3lio e adicione-o ao site do Blogger gratuitamente!","default_faq_hidden":"","app_template_category":[],"platform":"46","template_public_id":"","codecanyon_url":"","codecanyon_item_id":"","codecanyon_price":"","pricing_caption":"","pricing_elfsight_apps_hide_column":"","pricing_elfsight_apps_url":"","pricing_codecanyon_price_caption":"","integration_category":[],"integration_request_title":"","integration_request_cta":"","integration_platform":"","integrations":[],"platform_category":[],"video_schema_markup":"","price":"a partir de US$ 0\/m\u00eas","trial":"","benefits":[{"text":"Ajuda de instala\u00e7\u00e3o gratuita"},{"text":"Atendimento ao cliente competente"},{"text":"Garantia de reembolso de 14 dias"},{"text":"Futuras atualiza\u00e7\u00f5es gratuitas"}],"button_url":"#demo","button_target_blank":"0","button_nofollow":"0","attributes":[{"name":"Instala\u00e7\u00f5es","content":"10,000 - 100,000"},{"name":"Responsivo","content":"Sim"},{"name":"Navegadores compat\u00edveis","content":"Firefox, Safari, Opera, Chrome, Edge"}],"tags":[],"tags_disable_links":"0","hide_more_platforms":"0","video_object":"","demo_hide_cta":"0","demo_hide_cloud_options":"0","pricing_title":"","pricing":[{"pricing_icon":"platform","pricing_title":"Elfsight Apps","pricing_title_caption":"Solu\u00e7\u00e3o digital independente de plataforma que se adapta a qualquer site","pricing_price":"a partir de US$ 0\/m\u00eas","pricing_price_caption":"comece com um plano gratuito","pricing_benefits":[{"text":"Dom\u00ednios ilimitados"},{"text":"Suporte dedicado, pontual e bem documentado"},{"text":"Suporte dedicado, pontual e bem documentado"},{"text":"Totalmente personaliz\u00e1vel"}],"pricing_button_text":"Adicionar ao site","pricing_button_url":"#demo"}],"related_apps_title":"","related_apps_hidden":"0","author":"","image":[],"title":"","job":"","social_networks":[]},"_links":{"self":[{"href":"https:\/\/elfsight.com\/pt\/wp-json\/wp\/v2\/pages\/7567","targetHints":{"allow":["GET"]}}],"collection":[{"href":"https:\/\/elfsight.com\/pt\/wp-json\/wp\/v2\/pages"}],"about":[{"href":"https:\/\/elfsight.com\/pt\/wp-json\/wp\/v2\/types\/page"}],"author":[{"embeddable":true,"href":"https:\/\/elfsight.com\/pt\/wp-json\/wp\/v2\/users\/9"}],"replies":[{"embeddable":true,"href":"https:\/\/elfsight.com\/pt\/wp-json\/wp\/v2\/comments?post=7567"}],"version-history":[{"count":3,"href":"https:\/\/elfsight.com\/pt\/wp-json\/wp\/v2\/pages\/7567\/revisions"}],"predecessor-version":[{"id":14491,"href":"https:\/\/elfsight.com\/pt\/wp-json\/wp\/v2\/pages\/7567\/revisions\/14491"}],"up":[{"embeddable":true,"href":"https:\/\/elfsight.com\/pt\/wp-json\/wp\/v2\/pages\/1235"}],"wp:attachment":[{"href":"https:\/\/elfsight.com\/pt\/wp-json\/wp\/v2\/media?parent=7567"}],"curies":[{"name":"wp","href":"https:\/\/api.w.org\/{rel}","templated":true}]}}