{"id":7554,"date":"1970-01-01T00:00:00","date_gmt":"1970-01-01T00:00:00","guid":{"rendered":"https:\/\/elfsight.com\/pt\/?page_id=7554"},"modified":"2024-11-13T11:54:11","modified_gmt":"2024-11-13T11:54:11","slug":"magento","status":"publish","type":"page","link":"https:\/\/elfsight.com\/pt\/portfolio-widget\/magento\/","title":{"rendered":"Portfolio &#8211; Magento"},"content":{"rendered":"<div class=\"application-platform-content-item-description application-platform-content-item\" id=\"description\" data-nav-section=\"description\"><h2>Descri\u00e7\u00e3o<\/h2><p>A extens\u00e3o Elfsight Portfolio destina-se a ajudar todos os utilizadores que pretendem demonstrar o seu portf\u00f3lio de projetos no site e obter novos clientes. Com esta ferramenta voc\u00ea ter\u00e1 oportunidade de exibir imagens, conte\u00fado de v\u00eddeo, esquemas e outros materiais. Cada arquivo pode ser acompanhado por uma descri\u00e7\u00e3o e data abrangentes. Voc\u00ea pode vincular projetos aos seus sites e estabelecer categorias de projetos. Os usu\u00e1rios do site ir\u00e3o conferir seu portf\u00f3lio, abrir cada projeto e visualizar seu conte\u00fado direto no site. O cabe\u00e7alho da extens\u00e3o apresenta seu nome, foto e dados de contato, que permitem entrar em contato com voc\u00ea. O bot\u00e3o ativo levar\u00e1 os usu\u00e1rios \u00e0 p\u00e1gina de compra e ajudar\u00e1 voc\u00ea a aumentar a quantidade de vendas.<\/p><div class=\"faq\" data-component=\"FAQ\"> <div class=\"faq-item\">\r\n\t\t\t\t\t<div class=\"faq-item-question\">\r\n\t\t\t\t\t\t<h3 class=\"faq-item-question-text\">Onde posso adicion\u00e1-lo no meu site<\/h3>\r\n\r\n\t\t\t\t\t\t<div class=\"faq-item-question-icon\"><\/div>\r\n\t\t\t\t\t<\/div>\r\n\r\n\t\t\t\t\t<div class=\"faq-item-answer\">\r\n\t\t\t\t\t\t<div class=\"faq-item-answer-text\"><p> A extens\u00e3o pode aparecer em qualquer p\u00e1gina do seu site ou em todas as p\u00e1ginas da web. Seus trabalhos atraentes ir\u00e3o atrair o m\u00e1ximo de aten\u00e7\u00e3o quando colocados na p\u00e1gina principal do site e podem fornecer suporte visual de seus servi\u00e7os nas p\u00e1ginas do Portf\u00f3lio.<\/p><\/div>\r\n\t\t\t\t\t<\/div>\r\n\t\t\t\t<\/div><div class=\"faq-item\">\r\n\t\t\t\t\t<div class=\"faq-item-question\">\r\n\t\t\t\t\t\t<h3 class=\"faq-item-question-text\">Como vou me beneficiar da extens\u00e3o? <\/h3>\r\n\r\n\t\t\t\t\t\t<div class=\"faq-item-question-icon\"><\/div>\r\n\t\t\t\t\t<\/div>\r\n\r\n\t\t\t\t\t<div class=\"faq-item-answer\">\r\n\t\t\t\t\t\t<div class=\"faq-item-answer-text\"><p>Um portf\u00f3lio impressionante com seus projetos demonstrar\u00e1 todas as suas grandes habilidades e talentos ao seu p\u00fablico. Eles ficar\u00e3o ansiosos para ter o mesmo e voc\u00ea receber\u00e1 novos clientes. Al\u00e9m disso, tendo formas r\u00e1pidas de entrar em contato com voc\u00ea, voc\u00ea ter\u00e1 mais leads.<\/p><\/div>\r\n\t\t\t\t\t<\/div>\r\n\t\t\t\t<\/div><div class=\"faq-item\">\r\n\t\t\t\t\t<div class=\"faq-item-question\">\r\n\t\t\t\t\t\t<h3 class=\"faq-item-question-text\">Como adiciono o Portf\u00f3lio ao meu site Magento?<\/h3>\r\n\r\n\t\t\t\t\t\t<div class=\"faq-item-question-icon\"><\/div>\r\n\t\t\t\t\t<\/div>\r\n\r\n\t\t\t\t\t<div class=\"faq-item-answer\">\r\n\t\t\t\t\t\t<div class=\"faq-item-answer-text\"><p>Voc\u00ea precisa de apenas um minuto para incorporar a extens\u00e3o em seu site. \u00c9 muito r\u00e1pido, gratuito e sem codifica\u00e7\u00e3o.<\/p><p>H\u00e1 uma op\u00e7\u00e3o de integrar o widget ao seu site em nosso servi\u00e7o. Basta ver as instru\u00e7\u00f5es a seguir nesta p\u00e1gina.<\/p><\/div>\r\n\t\t\t\t\t<\/div>\r\n\t\t\t\t<\/div><\/div><\/div><div class=\"application-platform-content-item-features application-platform-content-item\" id=\"features\" data-nav-section=\"features\"><h2>Recursos<\/h2><p>Para moldar uma vis\u00e3o mais clara conhecimento do Portf\u00f3lio Magento, veja a lista das fun\u00e7\u00f5es essenciais. Eles tornam a extens\u00e3o mais ben\u00e9fica para voc\u00ea:<\/p><ul><li>Adicione v\u00e1rios projetos com t\u00edtulos de projetos;<\/li><li>Defina categorias e divida projetos para elas;<\/li><li>Defina o que informa\u00e7\u00f5es para exibir em popup e ao passar o mouse;<\/li><li>A op\u00e7\u00e3o de escrever textos e atribuir datas a todos os arquivos do projeto;<\/li><li>Bot\u00e3o ativo no cabe\u00e7alho e no popup leva os clientes a qualquer website.<\/li><\/ul><p><a href=\"#demo\">Conhe\u00e7a mais recursos em nossa demonstra\u00e7\u00e3o ao vivo<\/a><\/p><\/div><div class=\"application-platform-content-item-installation application-platform-content-item\" id=\"installation\" data-nav-section=\"installation\"><\/div><h2>Como incorporar a extens\u00e3o Portfolio \u00e0 sua p\u00e1gina Magento<\/h2><p>Basta seguir v\u00e1rios passos apresentados abaixo para adicionar a extens\u00e3o no Magento.<\/p> <ol><li><b>Abra nosso site gratuito demonstra\u00e7\u00e3o e comece a criar seu widget personalizado. <\/b><br> Determine a apar\u00eancia e as caracter\u00edsticas desej\u00e1veis \u200b\u200bdo widget e salve as edi\u00e7\u00f5es. <\/li> <li><b>Adquira o c\u00f3digo exclusivo que aparece na janela dos aplicativos Elfsight. <\/b><br> Quando a personaliza\u00e7\u00e3o da extens\u00e3o do seu Portf\u00f3lio for conclu\u00edda, copie o c\u00f3digo pessoal na janela exibida e salve-o para uso posterior. <\/li> <li><b>Entre usando a extens\u00e3o na sua p\u00e1gina inicial do Magento. <\/b><br> Coloque o c\u00f3digo salvo anteriormente em seu site e salve as corre\u00e7\u00f5es. <\/li> <li><b>Pronto! A integra\u00e7\u00e3o foi finalizada com sucesso. <\/b><br> Acesse seu site para observar o desempenho da ferramenta. <\/li><\/ol><p>Ainda inseguro? Ou tendo problemas? Apenas uma \u00fanica solicita\u00e7\u00e3o ao nosso suporte ao cliente ajudar\u00e1 em todos os assuntos.<\/p>","protected":false},"excerpt":{"rendered":"Como incorporar a extens\u00e3o Portfolio \u00e0 sua p\u00e1gina MagentoBasta seguir v\u00e1rios passos apresentados abaixo para adicionar a extens\u00e3o no Magento. Abra nosso site gratuito demonstra\u00e7\u00e3o e comece a criar seu widget personalizado. Determine a apar\u00eancia e as caracter\u00edsticas desej\u00e1veis \u200b\u200bdo widget e salve as edi\u00e7\u00f5es. Adquira o c\u00f3digo exclusivo que&#8230;","protected":false},"author":9,"featured_media":0,"parent":1235,"menu_order":0,"comment_status":"closed","ping_status":"closed","template":"templates\/template-application-platform.php","meta":{"publish_to_discourse":"","publish_post_category":"","wpdc_auto_publish_overridden":"","wpdc_topic_tags":"","wpdc_pin_topic":"","wpdc_pin_until":"","discourse_post_id":"","discourse_permalink":"","wpdc_publishing_response":"","wpdc_publishing_error":"","footnotes":""},"class_list":["post-7554","page","type-page","status-publish","hentry"],"yoast_head":"<!-- This site is optimized with the Yoast SEO plugin v25.3.1 - https:\/\/yoast.com\/wordpress\/plugins\/seo\/ -->\n<title>Portf\u00f3lio Magento | Adicionar extens\u00e3o da Galeria de Portf\u00f3lio para o site Magento<\/title>\n<meta name=\"description\" content=\"Com a Elfsight, produza a sua extens\u00e3o de portf\u00f3lio e adicione-a ao seu site Magento rapidamente. Oferecemos suporte gratuito ao cliente e outros b\u00f4nus.\" \/>\n<meta name=\"robots\" content=\"index, follow, max-snippet:-1, max-image-preview:large, max-video-preview:-1\" \/>\n<link rel=\"canonical\" href=\"https:\/\/elfsight.com\/pt\/portfolio-widget\/magento\/\" \/>\n<meta property=\"og:locale\" content=\"pt_PT\" \/>\n<meta property=\"og:type\" content=\"article\" \/>\n<meta property=\"og:title\" content=\"Portf\u00f3lio Magento | Adicionar extens\u00e3o da Galeria de Portf\u00f3lio para o site Magento\" \/>\n<meta property=\"og:description\" content=\"Com a Elfsight, produza a sua extens\u00e3o de portf\u00f3lio e adicione-a ao seu site Magento rapidamente. Oferecemos suporte gratuito ao cliente e outros b\u00f4nus.\" \/>\n<meta property=\"og:url\" content=\"https:\/\/elfsight.com\/pt\/portfolio-widget\/magento\/\" \/>\n<meta property=\"og:site_name\" content=\"Elfsight PT\" \/>\n<meta property=\"article:modified_time\" content=\"2024-11-13T11:54:11+00:00\" \/>\n<meta name=\"twitter:card\" content=\"summary_large_image\" \/>\n<meta name=\"twitter:label1\" content=\"Tempo estimado de leitura\" \/>\n\t<meta name=\"twitter:data1\" content=\"3 minutos\" \/>\n<!-- \/ Yoast SEO plugin. -->","yoast_head_json":{"title":"Portf\u00f3lio Magento | Adicionar extens\u00e3o da Galeria de Portf\u00f3lio para o site Magento","description":"Com a Elfsight, produza a sua extens\u00e3o de portf\u00f3lio e adicione-a ao seu site Magento rapidamente. Oferecemos suporte gratuito ao cliente e outros b\u00f4nus.","robots":{"index":"index","follow":"follow","max-snippet":"max-snippet:-1","max-image-preview":"max-image-preview:large","max-video-preview":"max-video-preview:-1"},"canonical":"https:\/\/elfsight.com\/pt\/portfolio-widget\/magento\/","og_locale":"pt_PT","og_type":"article","og_title":"Portf\u00f3lio Magento | Adicionar extens\u00e3o da Galeria de Portf\u00f3lio para o site Magento","og_description":"Com a Elfsight, produza a sua extens\u00e3o de portf\u00f3lio e adicione-a ao seu site Magento rapidamente. Oferecemos suporte gratuito ao cliente e outros b\u00f4nus.","og_url":"https:\/\/elfsight.com\/pt\/portfolio-widget\/magento\/","og_site_name":"Elfsight PT","article_modified_time":"2024-11-13T11:54:11+00:00","twitter_card":"summary_large_image","twitter_misc":{"Tempo estimado de leitura":"3 minutos"},"schema":{"@context":"https:\/\/schema.org","@graph":[{"@type":"WebPage","@id":"https:\/\/elfsight.com\/pt\/portfolio-widget\/magento\/","url":"https:\/\/elfsight.com\/pt\/portfolio-widget\/magento\/","name":"Portf\u00f3lio Magento | Adicionar extens\u00e3o da Galeria de Portf\u00f3lio para o site Magento","isPartOf":{"@id":"https:\/\/elfsight.com\/pt\/#website"},"datePublished":"1970-01-01T00:00:00+00:00","dateModified":"2024-11-13T11:54:11+00:00","description":"Com a Elfsight, produza a sua extens\u00e3o de portf\u00f3lio e adicione-a ao seu site Magento rapidamente. Oferecemos suporte gratuito ao cliente e outros b\u00f4nus.","breadcrumb":{"@id":"https:\/\/elfsight.com\/pt\/portfolio-widget\/magento\/#breadcrumb"},"inLanguage":"pt-PT","potentialAction":[{"@type":"ReadAction","target":["https:\/\/elfsight.com\/pt\/portfolio-widget\/magento\/"]}]},{"@type":"BreadcrumbList","@id":"https:\/\/elfsight.com\/pt\/portfolio-widget\/magento\/#breadcrumb","itemListElement":[{"@type":"ListItem","position":1,"name":"Home","item":"https:\/\/elfsight.com\/pt\/"},{"@type":"ListItem","position":2,"name":"Portfolio","item":"https:\/\/elfsight.com\/pt\/portfolio-widget\/"},{"@type":"ListItem","position":3,"name":"Portfolio &#8211; Magento"}]},{"@type":"WebSite","@id":"https:\/\/elfsight.com\/pt\/#website","url":"https:\/\/elfsight.com\/pt\/","name":"Elfsight PT","description":"Just another Elfsight Sites site","potentialAction":[{"@type":"SearchAction","target":{"@type":"EntryPoint","urlTemplate":"https:\/\/elfsight.com\/pt\/?s={search_term_string}"},"query-input":{"@type":"PropertyValueSpecification","valueRequired":true,"valueName":"search_term_string"}}],"inLanguage":"pt-PT"}]}},"meta_box":{"industry":"","seo_heading":"","heading":"","description":"","cta_heading":"","cta_description":"","application":"1234","h1":"Extens\u00e3o do portf\u00f3lio Magento","h1_caption":"Exiba suas melhores obras e projetos completos e conquiste ainda mais clientes","application_category":[],"applications_title":"","applications_request_title":"","applications_request_button_text":"","hero_text":"","hero_video":"","hero_video_schema_markup":"","selling_points_title":"","selling_points_caption":"","selling_points":[],"selling_points_cta_text":"","features_title":"","features":"","ed_cta_examples_text":"","ed_cta_examples_hidden":"","ed_cta_demo_text":"","ed_cta_demo_hidden":"","why_caption":"","why_editor_title":"","why_editor_text":"","why_team_title":"","why_team_text":"","why_service_title":"","why_service_text":"","template_catalog_visible":"","template_catalog_title":"","template_catalog_text":"","template_catalog_categories_visible":"","demo_title":"Crie sua extens\u00e3o de portf\u00f3lio","demo_caption":"Configure seu portf\u00f3lio e adicione-o ao seu site Magento gratuitamente!","default_faq_hidden":"","app_template_category":[],"platform":"58","template_public_id":"","codecanyon_url":"","codecanyon_item_id":"","codecanyon_price":"","pricing_caption":"","pricing_elfsight_apps_hide_column":"","pricing_elfsight_apps_url":"","pricing_codecanyon_price_caption":"","integration_category":[],"integration_request_title":"","integration_request_cta":"","integration_platform":"","integrations":[],"platform_category":[],"video_schema_markup":"","price":"a partir de US$ 0\/m\u00eas","trial":"","benefits":[{"text":"Servi\u00e7o de instala\u00e7\u00e3o gratuito"},{"text":"Atendimento ao cliente competente"},{"text":"Garantia de devolu\u00e7\u00e3o do dinheiro em 14 dias"},{"text":"Atualizando constantemente"}],"button_url":"#demo","button_target_blank":"","button_nofollow":"","attributes":[{"name":"Instala\u00e7\u00f5es","content":"10,000 - 100,000"},{"name":"Responsivo","content":"Sim"},{"name":"Navegadores compat\u00edveis","content":"Firefox, Safari, Opera, Chrome, Edge"}],"tags":[],"tags_disable_links":"","hide_more_platforms":"","video_object":"","demo_hide_cta":"","demo_hide_cloud_options":"","pricing_title":"","pricing":[{"pricing_icon":"platform","pricing_title":"Elfsight Apps","pricing_title_caption":"Solu\u00e7\u00e3o independente de plataforma que funciona em qualquer site","pricing_price":"a partir de US$ 0\/m\u00eas","pricing_price_caption":"comece com um plano gratuito","pricing_benefits":[{"text":"Dom\u00ednios ilimitados"},{"text":"Suporte profissional da empresa e bem documentado"},{"text":"Suporte profissional da empresa e bem documentado"},{"text":"Totalmente personaliz\u00e1vel"}],"pricing_button_text":"Adicionar ao site","pricing_button_url":"#demo"}],"related_apps_title":"","related_apps_hidden":"","author":"","image":[],"title":"","job":"","social_networks":[]},"_links":{"self":[{"href":"https:\/\/elfsight.com\/pt\/wp-json\/wp\/v2\/pages\/7554","targetHints":{"allow":["GET"]}}],"collection":[{"href":"https:\/\/elfsight.com\/pt\/wp-json\/wp\/v2\/pages"}],"about":[{"href":"https:\/\/elfsight.com\/pt\/wp-json\/wp\/v2\/types\/page"}],"author":[{"embeddable":true,"href":"https:\/\/elfsight.com\/pt\/wp-json\/wp\/v2\/users\/9"}],"replies":[{"embeddable":true,"href":"https:\/\/elfsight.com\/pt\/wp-json\/wp\/v2\/comments?post=7554"}],"version-history":[{"count":1,"href":"https:\/\/elfsight.com\/pt\/wp-json\/wp\/v2\/pages\/7554\/revisions"}],"predecessor-version":[{"id":7558,"href":"https:\/\/elfsight.com\/pt\/wp-json\/wp\/v2\/pages\/7554\/revisions\/7558"}],"up":[{"embeddable":true,"href":"https:\/\/elfsight.com\/pt\/wp-json\/wp\/v2\/pages\/1235"}],"wp:attachment":[{"href":"https:\/\/elfsight.com\/pt\/wp-json\/wp\/v2\/media?parent=7554"}],"curies":[{"name":"wp","href":"https:\/\/api.w.org\/{rel}","templated":true}]}}