{"id":7551,"date":"1970-01-01T00:00:00","date_gmt":"1970-01-01T00:00:00","guid":{"rendered":"https:\/\/elfsight.com\/pt\/?page_id=7551"},"modified":"2024-11-13T11:54:11","modified_gmt":"2024-11-13T11:54:11","slug":"opencart","status":"publish","type":"page","link":"https:\/\/elfsight.com\/pt\/portfolio-widget\/opencart\/","title":{"rendered":"Portfolio &#8211; OpenCart"},"content":{"rendered":"<div class=\"application-platform-content-item-description application-platform-content-item\" id=\"description\" data-nav-section=\"description\"><h2>Descri\u00e7\u00e3o<\/h2><p>A extens\u00e3o Elfsight Portfolio foi criada para ajudar todos os usu\u00e1rios que desejam publicar sua biblioteca de trabalho no site e atrair novas vendas. Com a ferramenta, voc\u00ea ter\u00e1 oportunidade de revelar imagens, conte\u00fado de v\u00eddeo, maquetes e demais conte\u00fados do projeto. Cada arquivo de projeto pode apresentar uma descri\u00e7\u00e3o e data abrangentes. Voc\u00ea pode vincular projetos a sites e dividir projetos em categorias. Os usu\u00e1rios visualizar\u00e3o seu portf\u00f3lio, entrar\u00e3o em cada projeto e estudar\u00e3o seu conte\u00fado diretamente no site. O cabe\u00e7alho apresenta seu nome completo, foto e dados de contato, que ajudam a entrar em contato com voc\u00ea. O bot\u00e3o de call to action levar\u00e1 as pessoas \u00e0 p\u00e1gina de fazer pedidos e ajudar\u00e1 voc\u00ea a aumentar o volume de vendas.<\/p><div class=\"faq\" data-component=\"FAQ\"> <div class=\"faq-item\">\r\n\t\t\t\t\t<div class=\"faq-item-question\">\r\n\t\t\t\t\t\t<h3 class=\"faq-item-question-text\">Onde posso instal\u00e1-lo<\/h3>\r\n\r\n\t\t\t\t\t\t<div class=\"faq-item-question-icon\"><\/div>\r\n\t\t\t\t\t<\/div>\r\n\r\n\t\t\t\t\t<div class=\"faq-item-answer\">\r\n\t\t\t\t\t\t<div class=\"faq-item-answer-text\"><p>Voc\u00ea pode integr\u00e1-lo em qualquer p\u00e1gina do site ou em todas as p\u00e1ginas da web. Seu maravilhoso portf\u00f3lio responsivo ter\u00e1 a aten\u00e7\u00e3o dos visitantes publicada na p\u00e1gina principal do site e poder\u00e1 fornecer suporte visual de suas ofertas nas p\u00e1ginas do portf\u00f3lio.<\/p><\/div>\r\n\t\t\t\t\t<\/div>\r\n\t\t\t\t<\/div><div class=\"faq-item\">\r\n\t\t\t\t\t<div class=\"faq-item-question\">\r\n\t\t\t\t\t\t<h3 class=\"faq-item-question-text\">Quais benef\u00edcios isso me trar\u00e1?<\/h3>\r\n\r\n\t\t\t\t\t\t<div class=\"faq-item-question-icon\"><\/div>\r\n\t\t\t\t\t<\/div>\r\n\r\n\t\t\t\t\t<div class=\"faq-item-answer\">\r\n\t\t\t\t\t\t<div class=\"faq-item-answer-text\"><p>Uma maravilhosa cole\u00e7\u00e3o de seus trabalhos ir\u00e1 provar todas as suas altas habilidades e criatividade aos seus usu\u00e1rios. Eles ficar\u00e3o ansiosos para ter o mesmo e voc\u00ea ter\u00e1 novos clientes. Al\u00e9m disso, gra\u00e7as \u00e0s formas pr\u00e1ticas de entrar em contato com voc\u00ea, voc\u00ea ter\u00e1 mais leads.<\/p><\/div>\r\n\t\t\t\t\t<\/div>\r\n\t\t\t\t<\/div><div class=\"faq-item\">\r\n\t\t\t\t\t<div class=\"faq-item-question\">\r\n\t\t\t\t\t\t<h3 class=\"faq-item-question-text\">O que preciso para instalar o Portfolio no meu site OpenCart?<\/h3>\r\n\r\n\t\t\t\t\t\t<div class=\"faq-item-question-icon\"><\/div>\r\n\t\t\t\t\t<\/div>\r\n\r\n\t\t\t\t\t<div class=\"faq-item-answer\">\r\n\t\t\t\t\t\t<div class=\"faq-item-answer-text\"><p> Levar\u00e1 apenas dois minutos do seu tempo para que a extens\u00e3o esteja instalada e funcionando. O processo de integra\u00e7\u00e3o \u00e9 super r\u00e1pido, gratuito e sem codifica\u00e7\u00e3o.<\/p><p>O m\u00f3dulo pode ser integrado em nosso servi\u00e7o ou no marketplace. Voc\u00ea pode comparar as vantagens de ambas as op\u00e7\u00f5es e escolher a mais adequada.<\/p><\/div>\r\n\t\t\t\t\t<\/div>\r\n\t\t\t\t<\/div><\/div><\/div><div class=\"application-platform-content-item-features application-platform-content-item\" id=\"features\" data-nav-section=\"features\"><h2>Recursos<\/h2><p>Para ter uma compreens\u00e3o clara da extens\u00e3o OpenCart Portfolio, descubra a lista de suas caracter\u00edsticas essenciais. Eles tornam o m\u00f3dulo incrivelmente ben\u00e9fico para o seu site:<\/p><ul><li>Adicione v\u00e1rios projetos e adicione t\u00edtulos de projetos;<\/li><li>Estabele\u00e7a grupos e una projetos a eles;<\/li><li> Definir os tipos de dados a serem exibidos em popup e hover;<\/li><li>A op\u00e7\u00e3o de escrever descri\u00e7\u00f5es e atribuir datas aos arquivos do projeto;<\/li><li>Bot\u00e3o ativo no cabe\u00e7alho e em popup leva clientes para qualquer site.<\/li><\/ul><p><a href=\"#demo\">Confira uma lista completa de recursos em nossa demonstra\u00e7\u00e3o ao vivo<\/a><\/p><\/div><div class=\"application-platform-content-item-instala\u00e7\u00e3o application-platform-content-item\" id=\"instala\u00e7\u00e3o\" data-nav-section=\"instala\u00e7\u00e3o\"><h2>Como adicionar a extens\u00e3o Portf\u00f3lio ao seu site OpenCart<\/h2><p>Basta seguir v\u00e1rias etapas descritas abaixo para adicionar o widget no OpenCart.<\/p> <ol><li><b>Lance nossa demonstra\u00e7\u00e3o gratuita e comece a construir sua extens\u00e3o exclusiva. <\/b><br> Especifique a apar\u00eancia e as especifica\u00e7\u00f5es desejadas da extens\u00e3o e aplique as modifica\u00e7\u00f5es. <\/li> <li><b>Adquira o c\u00f3digo exclusivo que aparece na caixa dos aplicativos Elfsight. <\/b><br> Assim que o estabelecimento da extens\u00e3o do seu portf\u00f3lio pessoal for conclu\u00eddo, copie o c\u00f3digo exclusivo no pop-up exibido e guarde-o para uso futuro. <\/li> <li><b>Inicie a aplica\u00e7\u00e3o da ferramenta em seu site OpenCart. <\/b><br> Coloque o c\u00f3digo que voc\u00ea salvou recentemente em seu site e aplique os ajustes. <\/li> <li><b>Pronto! A incorpora\u00e7\u00e3o est\u00e1 totalmente realizada. <\/b><br> Acesse seu site para examinar o funcionamento do widget. <\/li><\/ol> <p>Ainda n\u00e3o decidiu? Ou tem perguntas a fazer? Apenas uma \u00fanica solicita\u00e7\u00e3o \u00e0 nossa equipe de suporte ao cliente ajudar\u00e1 com todos os problemas.<\/p><\/div>","protected":false},"excerpt":{"rendered":"","protected":false},"author":9,"featured_media":0,"parent":1235,"menu_order":0,"comment_status":"closed","ping_status":"closed","template":"templates\/template-application-platform.php","meta":{"publish_to_discourse":"","publish_post_category":"","wpdc_auto_publish_overridden":"","wpdc_topic_tags":"","wpdc_pin_topic":"","wpdc_pin_until":"","discourse_post_id":"","discourse_permalink":"","wpdc_publishing_response":"","wpdc_publishing_error":"","footnotes":""},"class_list":["post-7551","page","type-page","status-publish","hentry"],"yoast_head":"<!-- This site is optimized with the Yoast SEO plugin v25.3.1 - https:\/\/yoast.com\/wordpress\/plugins\/seo\/ -->\n<title>A melhor extens\u00e3o de portf\u00f3lio para site OpenCart (gratuita e r\u00e1pida)<\/title>\n<meta name=\"description\" content=\"Crie uma extens\u00e3o de portf\u00f3lio e adicione-a ao seu site OpenCart. Obtenha suporte gratuito ao cliente e outras vantagens da Elfsight.\" \/>\n<meta name=\"robots\" content=\"index, follow, max-snippet:-1, max-image-preview:large, max-video-preview:-1\" \/>\n<link rel=\"canonical\" href=\"https:\/\/elfsight.com\/pt\/portfolio-widget\/opencart\/\" \/>\n<meta property=\"og:locale\" content=\"pt_PT\" \/>\n<meta property=\"og:type\" content=\"article\" \/>\n<meta property=\"og:title\" content=\"A melhor extens\u00e3o de portf\u00f3lio para site OpenCart (gratuita e r\u00e1pida)\" \/>\n<meta property=\"og:description\" content=\"Crie uma extens\u00e3o de portf\u00f3lio e adicione-a ao seu site OpenCart. Obtenha suporte gratuito ao cliente e outras vantagens da Elfsight.\" \/>\n<meta property=\"og:url\" content=\"https:\/\/elfsight.com\/pt\/portfolio-widget\/opencart\/\" \/>\n<meta property=\"og:site_name\" content=\"Elfsight PT\" \/>\n<meta property=\"article:modified_time\" content=\"2024-11-13T11:54:11+00:00\" \/>\n<meta name=\"twitter:card\" content=\"summary_large_image\" \/>\n<meta name=\"twitter:label1\" content=\"Tempo estimado de leitura\" \/>\n\t<meta name=\"twitter:data1\" content=\"3 minutos\" \/>\n<!-- \/ Yoast SEO plugin. -->","yoast_head_json":{"title":"A melhor extens\u00e3o de portf\u00f3lio para site OpenCart (gratuita e r\u00e1pida)","description":"Crie uma extens\u00e3o de portf\u00f3lio e adicione-a ao seu site OpenCart. Obtenha suporte gratuito ao cliente e outras vantagens da Elfsight.","robots":{"index":"index","follow":"follow","max-snippet":"max-snippet:-1","max-image-preview":"max-image-preview:large","max-video-preview":"max-video-preview:-1"},"canonical":"https:\/\/elfsight.com\/pt\/portfolio-widget\/opencart\/","og_locale":"pt_PT","og_type":"article","og_title":"A melhor extens\u00e3o de portf\u00f3lio para site OpenCart (gratuita e r\u00e1pida)","og_description":"Crie uma extens\u00e3o de portf\u00f3lio e adicione-a ao seu site OpenCart. Obtenha suporte gratuito ao cliente e outras vantagens da Elfsight.","og_url":"https:\/\/elfsight.com\/pt\/portfolio-widget\/opencart\/","og_site_name":"Elfsight PT","article_modified_time":"2024-11-13T11:54:11+00:00","twitter_card":"summary_large_image","twitter_misc":{"Tempo estimado de leitura":"3 minutos"},"schema":{"@context":"https:\/\/schema.org","@graph":[{"@type":"WebPage","@id":"https:\/\/elfsight.com\/pt\/portfolio-widget\/opencart\/","url":"https:\/\/elfsight.com\/pt\/portfolio-widget\/opencart\/","name":"A melhor extens\u00e3o de portf\u00f3lio para site OpenCart (gratuita e r\u00e1pida)","isPartOf":{"@id":"https:\/\/elfsight.com\/pt\/#website"},"datePublished":"1970-01-01T00:00:00+00:00","dateModified":"2024-11-13T11:54:11+00:00","description":"Crie uma extens\u00e3o de portf\u00f3lio e adicione-a ao seu site OpenCart. Obtenha suporte gratuito ao cliente e outras vantagens da Elfsight.","breadcrumb":{"@id":"https:\/\/elfsight.com\/pt\/portfolio-widget\/opencart\/#breadcrumb"},"inLanguage":"pt-PT","potentialAction":[{"@type":"ReadAction","target":["https:\/\/elfsight.com\/pt\/portfolio-widget\/opencart\/"]}]},{"@type":"BreadcrumbList","@id":"https:\/\/elfsight.com\/pt\/portfolio-widget\/opencart\/#breadcrumb","itemListElement":[{"@type":"ListItem","position":1,"name":"Home","item":"https:\/\/elfsight.com\/pt\/"},{"@type":"ListItem","position":2,"name":"Portfolio","item":"https:\/\/elfsight.com\/pt\/portfolio-widget\/"},{"@type":"ListItem","position":3,"name":"Portfolio &#8211; OpenCart"}]},{"@type":"WebSite","@id":"https:\/\/elfsight.com\/pt\/#website","url":"https:\/\/elfsight.com\/pt\/","name":"Elfsight PT","description":"Just another Elfsight Sites site","potentialAction":[{"@type":"SearchAction","target":{"@type":"EntryPoint","urlTemplate":"https:\/\/elfsight.com\/pt\/?s={search_term_string}"},"query-input":{"@type":"PropertyValueSpecification","valueRequired":true,"valueName":"search_term_string"}}],"inLanguage":"pt-PT"}]}},"meta_box":{"industry":"","seo_heading":"","heading":"","description":"","cta_heading":"","cta_description":"","application":"1234","h1":"Extens\u00e3o do portf\u00f3lio OpenCart","h1_caption":"Mostre seus melhores trabalhos e projetos e conquiste ainda mais clientes","application_category":[],"applications_title":"","applications_request_title":"","applications_request_button_text":"","hero_text":"","hero_video":"","hero_video_schema_markup":"","selling_points_title":"","selling_points_caption":"","selling_points":[],"selling_points_cta_text":"","features_title":"","features":"","ed_cta_examples_text":"","ed_cta_examples_hidden":"","ed_cta_demo_text":"","ed_cta_demo_hidden":"","why_caption":"","why_editor_title":"","why_editor_text":"","why_team_title":"","why_team_text":"","why_service_title":"","why_service_text":"","template_catalog_visible":"","template_catalog_title":"","template_catalog_text":"","template_catalog_categories_visible":"","demo_title":"Crie sua extens\u00e3o de portf\u00f3lio","demo_caption":"Configure seu portf\u00f3lio e adicione-o ao seu site OpenCart gratuitamente!","default_faq_hidden":"","app_template_category":[],"platform":"61","template_public_id":"","codecanyon_url":"","codecanyon_item_id":"","codecanyon_price":"","pricing_caption":"","pricing_elfsight_apps_hide_column":"","pricing_elfsight_apps_url":"","pricing_codecanyon_price_caption":"","integration_category":[],"integration_request_title":"","integration_request_cta":"","integration_platform":"","integrations":[],"platform_category":[],"video_schema_markup":"","price":"a partir de US$ 0\/m\u00eas","trial":"","benefits":[{"text":"Ajuda de instala\u00e7\u00e3o gratuita"},{"text":"Atendimento ao cliente profissional"},{"text":"Garantia de devolu\u00e7\u00e3o do dinheiro em 14 dias"},{"text":"Melhorias cont\u00ednuas"}],"button_url":"#demo","button_target_blank":"","button_nofollow":"","attributes":[{"name":"Instala\u00e7\u00f5es","content":"10,000 - 100,000"},{"name":"Responsivo","content":"Sim"},{"name":"Navegadores compat\u00edveis","content":"Chrome, Firefox, Opera, Edge, Safari"}],"tags":[],"tags_disable_links":"","hide_more_platforms":"","video_object":"","demo_hide_cta":"","demo_hide_cloud_options":"","pricing_title":"","pricing":[{"pricing_icon":"platform","pricing_title":"Elfsight Apps","pricing_title_caption":"Solu\u00e7\u00e3o multiplataforma que funciona em qualquer site","pricing_price":"a partir de US$ 0\/m\u00eas","pricing_price_caption":"comece com plano gratuito","pricing_benefits":[{"text":"Sites ilimitados"},{"text":"Suporte dedicado ao cliente"},{"text":"Suporte dedicado ao cliente"},{"text":"100% personaliz\u00e1vel"}],"pricing_button_text":"Adicionar ao site","pricing_button_url":"#demo"}],"related_apps_title":"","related_apps_hidden":"","author":"","image":[],"title":"","job":"","social_networks":[]},"_links":{"self":[{"href":"https:\/\/elfsight.com\/pt\/wp-json\/wp\/v2\/pages\/7551","targetHints":{"allow":["GET"]}}],"collection":[{"href":"https:\/\/elfsight.com\/pt\/wp-json\/wp\/v2\/pages"}],"about":[{"href":"https:\/\/elfsight.com\/pt\/wp-json\/wp\/v2\/types\/page"}],"author":[{"embeddable":true,"href":"https:\/\/elfsight.com\/pt\/wp-json\/wp\/v2\/users\/9"}],"replies":[{"embeddable":true,"href":"https:\/\/elfsight.com\/pt\/wp-json\/wp\/v2\/comments?post=7551"}],"version-history":[{"count":1,"href":"https:\/\/elfsight.com\/pt\/wp-json\/wp\/v2\/pages\/7551\/revisions"}],"predecessor-version":[{"id":7555,"href":"https:\/\/elfsight.com\/pt\/wp-json\/wp\/v2\/pages\/7551\/revisions\/7555"}],"up":[{"embeddable":true,"href":"https:\/\/elfsight.com\/pt\/wp-json\/wp\/v2\/pages\/1235"}],"wp:attachment":[{"href":"https:\/\/elfsight.com\/pt\/wp-json\/wp\/v2\/media?parent=7551"}],"curies":[{"name":"wp","href":"https:\/\/api.w.org\/{rel}","templated":true}]}}