{"id":7546,"date":"1970-01-01T00:00:00","date_gmt":"1970-01-01T00:00:00","guid":{"rendered":"https:\/\/elfsight.com\/pt\/?page_id=7546"},"modified":"2024-11-13T11:54:02","modified_gmt":"2024-11-13T11:54:02","slug":"shopify","status":"publish","type":"page","link":"https:\/\/elfsight.com\/pt\/portfolio-widget\/shopify\/","title":{"rendered":"Portfolio &#8211; Shopify"},"content":{"rendered":"<div class=\"application-platform-content-item-description application-platform-content-item\" id=\"description\" data-nav-section=\"description\"><h2>Incorporar portf\u00f3lio no Shopify com o widget Elfsight<\/h2><p>O portf\u00f3lio Elfsight \u00e9 criado para cada pessoa que deseja exibir sua cole\u00e7\u00e3o de trabalhos no site e tenha mais novos clientes. Utilizando nossa ferramenta, voc\u00ea poder\u00e1 reenviar sele\u00e7\u00f5es de imagens, v\u00eddeos, esbo\u00e7os e outros materiais. Cada arquivo de projeto pode apresentar um texto e uma data abrangentes. Voc\u00ea pode vincular projetos aos seus sites e dividir os projetos em categorias. Os visitantes do site ver\u00e3o seu portf\u00f3lio, entrar\u00e3o em cada projeto e visualizar\u00e3o seu conte\u00fado diretamente no seu site. O cabe\u00e7alho exibe seu nome, foto e detalhes de contato, que ajudam a se comunicar com voc\u00ea. O bot\u00e3o de call to action levar\u00e1 os usu\u00e1rios \u00e0 p\u00e1gina de fazer pedidos e ajudar\u00e1 voc\u00ea a aumentar o n\u00edvel de vendas.<\/p><div class=\"faq\" data-component=\"FAQ\"> <div class=\"faq-item\">\r\n\t\t\t\t\t<div class=\"faq-item-question\">\r\n\t\t\t\t\t\t<h3 class=\"faq-item-question-text\">Onde posso instalar o aplicativo no meu site<\/h3>\r\n\r\n\t\t\t\t\t\t<div class=\"faq-item-question-icon\"><\/div>\r\n\t\t\t\t\t<\/div>\r\n\r\n\t\t\t\t\t<div class=\"faq-item-answer\">\r\n\t\t\t\t\t\t<div class=\"faq-item-answer-text\"><p>O O aplicativo pode ser inserido em qualquer p\u00e1gina do site, bem como em todas as p\u00e1ginas da web. Sua galeria de portf\u00f3lio responsiva e envolvente atrair\u00e1 a aten\u00e7\u00e3o dos visitantes publicada na p\u00e1gina principal do site e poder\u00e1 fornecer suporte visual para suas ofertas nas p\u00e1ginas do portf\u00f3lio.<\/p><\/div>\r\n\t\t\t\t\t<\/div>\r\n\t\t\t\t<\/div><div class=\"faq-item\">\r\n\t\t\t\t\t<div class=\"faq-item-question\">\r\n\t\t\t\t\t\t<h3 class=\"faq-item-question-text\">Quais s\u00e3o as vantagens de us\u00e1-lo para mim ?<\/h3>\r\n\r\n\t\t\t\t\t\t<div class=\"faq-item-question-icon\"><\/div>\r\n\t\t\t\t\t<\/div>\r\n\r\n\t\t\t\t\t<div class=\"faq-item-answer\">\r\n\t\t\t\t\t\t<div class=\"faq-item-answer-text\"><p>Um portf\u00f3lio maravilhoso com seus trabalhos comprovar\u00e1 toda sua grande habilidade e criatividade aos visitantes. Eles ficar\u00e3o ansiosos para comprar e voc\u00ea conquistar\u00e1 novos clientes. Al\u00e9m disso, com maneiras f\u00e1ceis de entrar em contato com voc\u00ea com um clique, voc\u00ea ter\u00e1 mais leads.<\/p><\/div>\r\n\t\t\t\t\t<\/div>\r\n\t\t\t\t<\/div><div class=\"faq-item\">\r\n\t\t\t\t\t<div class=\"faq-item-question\">\r\n\t\t\t\t\t\t<h3 class=\"faq-item-question-text\">Como fa\u00e7o para incorporar o portf\u00f3lio no meu site do Shopify?<\/h3>\r\n\r\n\t\t\t\t\t\t<div class=\"faq-item-question-icon\"><\/div>\r\n\t\t\t\t\t<\/div>\r\n\r\n\t\t\t\t\t<div class=\"faq-item-answer\">\r\n\t\t\t\t\t\t<div class=\"faq-item-answer-text\"><p>\u00c9 leva apenas um minuto do seu tempo para come\u00e7ar a usar o aplicativo. \u00c9 muito r\u00e1pido, gratuito e sem codifica\u00e7\u00e3o.<\/p><p>O widget pode ser incorporado diretamente atrav\u00e9s do nosso servi\u00e7o ou atrav\u00e9s do mercado. Voc\u00ea pode comparar as vantagens dessas op\u00e7\u00f5es e escolher a sua.<\/p><\/div>\r\n\t\t\t\t\t<\/div>\r\n\t\t\t\t<\/div><\/div><\/div><div class=\"application-platform-content-item-features application-platform-content-item\" id=\"features\" data-nav-section=\"features\"><h2>Principais recursos do widget Portf\u00f3lio<\/h2><p>Para ter uma percep\u00e7\u00e3o mais clara do Portf\u00f3lio Shopify, confira a lista das caracter\u00edsticas mais importantes. Eles tornam este aplicativo incrivelmente eficiente para sua promo\u00e7\u00e3o:<\/p><ul><li>Adicione v\u00e1rios projetos com t\u00edtulos;<\/li><li>Defina grupos e divida projetos para eles;<\/li><li>Escolha o tipos de dados para exibir em popup e hover;<\/li><li>Adicionar descri\u00e7\u00f5es e adicionar datas a todos os trabalhos do projeto;<\/li><li>Bot\u00e3o ativo no cabe\u00e7alho e em popup redireciona os clientes para qualquer p\u00e1gina. <\/li><\/ul><p><a href=\"#demo\">Explore todos os recursos na demonstra\u00e7\u00e3o ao vivo<\/a><\/p><\/div><div class=\"application-platform-content-item-installation application-platform-content-item\" id=\"installation\" data-nav-section=\"installation\"><h2>Como para adicionar o aplicativo Portfolio \u00e0 sua loja Shopify<\/h2><div class=\"video-container\"><iframe width=\"720\" height=\"405\" src=\"https:\/\/www.youtube.com\/embed\/XuJ0OIsxY2Y\" frameborder=\"0\" allowfullscreen=\"\"><\/iframe><\/div><p>As a\u00e7\u00f5es abaixo s\u00e3o tudo que voc\u00ea precisa fazer: <\/p><ol><li><b>Use nosso editor gratuito e comece a criar seu pr\u00f3prio aplicativo. <\/b><br> Determine o formul\u00e1rio personalizado e os par\u00e2metros do aplicativo e aplique todas as edi\u00e7\u00f5es. <\/li> <li><b>Receba o c\u00f3digo pessoal demonstrado na janela das Apps Elfsight. <\/b><br> Logo ap\u00f3s a conclus\u00e3o da configura\u00e7\u00e3o do seu aplicativo pessoal, copie seu c\u00f3digo no pop-up exibido e salve-o para uso posterior. <\/li> <li><b>Iniciar a utiliza\u00e7\u00e3o do aplicativo no site da Shopify. <\/b><br> Coloque o c\u00f3digo que voc\u00ea salvou recentemente em sua p\u00e1gina e aplique as edi\u00e7\u00f5es. <\/li> <li><b>A instala\u00e7\u00e3o foi realizada com sucesso. <\/b><br> Acesse seu site para ver o funcionamento do aplicativo. <\/li><\/ol><p>Ainda tem d\u00favidas? Ou trope\u00e7ou em alguma coisa? Apenas uma \u00fanica solicita\u00e7\u00e3o \u00e0 nossa equipe de suporte resolver\u00e1 qualquer tipo de d\u00favida.<\/p><\/div>","protected":false},"excerpt":{"rendered":"","protected":false},"author":9,"featured_media":0,"parent":1235,"menu_order":0,"comment_status":"closed","ping_status":"closed","template":"templates\/template-application-platform.php","meta":{"publish_to_discourse":"","publish_post_category":"","wpdc_auto_publish_overridden":"","wpdc_topic_tags":"","wpdc_pin_topic":"","wpdc_pin_until":"","discourse_post_id":"","discourse_permalink":"","wpdc_publishing_response":"","wpdc_publishing_error":"","footnotes":""},"class_list":["post-7546","page","type-page","status-publish","hentry"],"yoast_head":"<!-- This site is optimized with the Yoast SEO plugin v25.3.1 - https:\/\/yoast.com\/wordpress\/plugins\/seo\/ -->\n<title>Portf\u00f3lio Shopify | O melhor aplicativo de portf\u00f3lio para o site Shopify (gratuito e r\u00e1pido)<\/title>\n<meta name=\"description\" content=\"\u00c9 muito f\u00e1cil criar seu aplicativo Portf\u00f3lio e coloc\u00e1-lo no site do Shopify. O suporte ao cliente da Elfsight \u00e9 gratuito e r\u00e1pido.\" \/>\n<meta name=\"robots\" content=\"index, follow, max-snippet:-1, max-image-preview:large, max-video-preview:-1\" \/>\n<link rel=\"canonical\" href=\"https:\/\/elfsight.com\/pt\/portfolio-widget\/shopify\/\" \/>\n<meta property=\"og:locale\" content=\"pt_PT\" \/>\n<meta property=\"og:type\" content=\"article\" \/>\n<meta property=\"og:title\" content=\"Portf\u00f3lio Shopify | O melhor aplicativo de portf\u00f3lio para o site Shopify (gratuito e r\u00e1pido)\" \/>\n<meta property=\"og:description\" content=\"\u00c9 muito f\u00e1cil criar seu aplicativo Portf\u00f3lio e coloc\u00e1-lo no site do Shopify. O suporte ao cliente da Elfsight \u00e9 gratuito e r\u00e1pido.\" \/>\n<meta property=\"og:url\" content=\"https:\/\/elfsight.com\/pt\/portfolio-widget\/shopify\/\" \/>\n<meta property=\"og:site_name\" content=\"Elfsight PT\" \/>\n<meta property=\"article:modified_time\" content=\"2024-11-13T11:54:02+00:00\" \/>\n<meta name=\"twitter:card\" content=\"summary_large_image\" \/>\n<meta name=\"twitter:label1\" content=\"Tempo estimado de leitura\" \/>\n\t<meta name=\"twitter:data1\" content=\"3 minutos\" \/>\n<!-- \/ Yoast SEO plugin. -->","yoast_head_json":{"title":"Portf\u00f3lio Shopify | O melhor aplicativo de portf\u00f3lio para o site Shopify (gratuito e r\u00e1pido)","description":"\u00c9 muito f\u00e1cil criar seu aplicativo Portf\u00f3lio e coloc\u00e1-lo no site do Shopify. O suporte ao cliente da Elfsight \u00e9 gratuito e r\u00e1pido.","robots":{"index":"index","follow":"follow","max-snippet":"max-snippet:-1","max-image-preview":"max-image-preview:large","max-video-preview":"max-video-preview:-1"},"canonical":"https:\/\/elfsight.com\/pt\/portfolio-widget\/shopify\/","og_locale":"pt_PT","og_type":"article","og_title":"Portf\u00f3lio Shopify | O melhor aplicativo de portf\u00f3lio para o site Shopify (gratuito e r\u00e1pido)","og_description":"\u00c9 muito f\u00e1cil criar seu aplicativo Portf\u00f3lio e coloc\u00e1-lo no site do Shopify. O suporte ao cliente da Elfsight \u00e9 gratuito e r\u00e1pido.","og_url":"https:\/\/elfsight.com\/pt\/portfolio-widget\/shopify\/","og_site_name":"Elfsight PT","article_modified_time":"2024-11-13T11:54:02+00:00","twitter_card":"summary_large_image","twitter_misc":{"Tempo estimado de leitura":"3 minutos"},"schema":{"@context":"https:\/\/schema.org","@graph":[{"@type":"WebPage","@id":"https:\/\/elfsight.com\/pt\/portfolio-widget\/shopify\/","url":"https:\/\/elfsight.com\/pt\/portfolio-widget\/shopify\/","name":"Portf\u00f3lio Shopify | O melhor aplicativo de portf\u00f3lio para o site Shopify (gratuito e r\u00e1pido)","isPartOf":{"@id":"https:\/\/elfsight.com\/pt\/#website"},"datePublished":"1970-01-01T00:00:00+00:00","dateModified":"2024-11-13T11:54:02+00:00","description":"\u00c9 muito f\u00e1cil criar seu aplicativo Portf\u00f3lio e coloc\u00e1-lo no site do Shopify. O suporte ao cliente da Elfsight \u00e9 gratuito e r\u00e1pido.","breadcrumb":{"@id":"https:\/\/elfsight.com\/pt\/portfolio-widget\/shopify\/#breadcrumb"},"inLanguage":"pt-PT","potentialAction":[{"@type":"ReadAction","target":["https:\/\/elfsight.com\/pt\/portfolio-widget\/shopify\/"]}]},{"@type":"BreadcrumbList","@id":"https:\/\/elfsight.com\/pt\/portfolio-widget\/shopify\/#breadcrumb","itemListElement":[{"@type":"ListItem","position":1,"name":"Home","item":"https:\/\/elfsight.com\/pt\/"},{"@type":"ListItem","position":2,"name":"Portfolio","item":"https:\/\/elfsight.com\/pt\/portfolio-widget\/"},{"@type":"ListItem","position":3,"name":"Portfolio &#8211; Shopify"}]},{"@type":"WebSite","@id":"https:\/\/elfsight.com\/pt\/#website","url":"https:\/\/elfsight.com\/pt\/","name":"Elfsight PT","description":"Just another Elfsight Sites site","potentialAction":[{"@type":"SearchAction","target":{"@type":"EntryPoint","urlTemplate":"https:\/\/elfsight.com\/pt\/?s={search_term_string}"},"query-input":{"@type":"PropertyValueSpecification","valueRequired":true,"valueName":"search_term_string"}}],"inLanguage":"pt-PT"}]}},"meta_box":{"industry":"","seo_heading":"","heading":"","description":"","cta_heading":"","cta_description":"","application":"1234","h1":"O melhor aplicativo de portf\u00f3lio do Shopify","h1_caption":"Exiba seus trabalhos e projetos completos em detalhes para conquistar novos clientes","application_category":[],"applications_title":"","applications_request_title":"","applications_request_button_text":"","hero_text":"","hero_video":"","hero_video_schema_markup":"","selling_points_title":"","selling_points_caption":"","selling_points":[],"selling_points_cta_text":"","features_title":"","features":"","ed_cta_examples_text":"","ed_cta_examples_hidden":"","ed_cta_demo_text":"","ed_cta_demo_hidden":"","why_caption":"","why_editor_title":"","why_editor_text":"","why_team_title":"","why_team_text":"","why_service_title":"","why_service_text":"","template_catalog_visible":"","template_catalog_title":"","template_catalog_text":"","template_catalog_categories_visible":"","demo_title":"Crie seu aplicativo de portf\u00f3lio","demo_caption":"Configure seu portf\u00f3lio e adicione-o ao seu site Shopify gratuitamente!","default_faq_hidden":"","app_template_category":[],"platform":"64","template_public_id":"","codecanyon_url":"","codecanyon_item_id":"","codecanyon_price":"","pricing_caption":"","pricing_elfsight_apps_hide_column":"","pricing_elfsight_apps_url":"","pricing_codecanyon_price_caption":"","integration_category":[],"integration_request_title":"","integration_request_cta":"","integration_platform":"","integrations":[],"platform_category":[],"video_schema_markup":"","price":"a partir de US$ 0\/m\u00eas","trial":"","benefits":[{"text":"Servi\u00e7o de instala\u00e7\u00e3o gratuito"},{"text":"Suporte premium"},{"text":"Garantia de devolu\u00e7\u00e3o do dinheiro em 14 dias"},{"text":"Atualiza\u00e7\u00f5es gratuitas cont\u00ednuas"}],"button_url":"#demo","button_target_blank":"","button_nofollow":"","attributes":[{"name":"Instala\u00e7\u00f5es","content":"10,000 - 100,000"},{"name":"Responsivo","content":"Sim"},{"name":"Navegadores compat\u00edveis","content":"Firefox, Safari, Opera, Chrome, Edge"}],"tags":[],"tags_disable_links":"","hide_more_platforms":"","video_object":"","demo_hide_cta":"","demo_hide_cloud_options":"","pricing_title":"","pricing":[{"pricing_icon":"cloud","pricing_title":"Elfsight Apps","pricing_title_caption":"Vers\u00e3o multiplataforma que funciona em qualquer site","pricing_price":"a partir de US$ 0\/m\u00eas","pricing_price_caption":"comece com plano gratuito","pricing_benefits":[{"text":"Sites ilimitados"},{"text":"Suporte premium"},{"text":"Suporte premium"},{"text":"Oferta especial para v\u00e1rios aplicativos"}],"pricing_button_text":"Adicionar ao site","pricing_button_url":"#demo"}],"related_apps_title":"","related_apps_hidden":"","author":"","image":[],"title":"","job":"","social_networks":[]},"_links":{"self":[{"href":"https:\/\/elfsight.com\/pt\/wp-json\/wp\/v2\/pages\/7546","targetHints":{"allow":["GET"]}}],"collection":[{"href":"https:\/\/elfsight.com\/pt\/wp-json\/wp\/v2\/pages"}],"about":[{"href":"https:\/\/elfsight.com\/pt\/wp-json\/wp\/v2\/types\/page"}],"author":[{"embeddable":true,"href":"https:\/\/elfsight.com\/pt\/wp-json\/wp\/v2\/users\/9"}],"replies":[{"embeddable":true,"href":"https:\/\/elfsight.com\/pt\/wp-json\/wp\/v2\/comments?post=7546"}],"version-history":[{"count":2,"href":"https:\/\/elfsight.com\/pt\/wp-json\/wp\/v2\/pages\/7546\/revisions"}],"predecessor-version":[{"id":12110,"href":"https:\/\/elfsight.com\/pt\/wp-json\/wp\/v2\/pages\/7546\/revisions\/12110"}],"up":[{"embeddable":true,"href":"https:\/\/elfsight.com\/pt\/wp-json\/wp\/v2\/pages\/1235"}],"wp:attachment":[{"href":"https:\/\/elfsight.com\/pt\/wp-json\/wp\/v2\/media?parent=7546"}],"curies":[{"name":"wp","href":"https:\/\/api.w.org\/{rel}","templated":true}]}}