{"id":7544,"date":"1970-01-01T00:00:00","date_gmt":"1970-01-01T00:00:00","guid":{"rendered":"https:\/\/elfsight.com\/pt\/?page_id=7544"},"modified":"2024-11-13T11:54:02","modified_gmt":"2024-11-13T11:54:02","slug":"webflow","status":"publish","type":"page","link":"https:\/\/elfsight.com\/pt\/portfolio-widget\/webflow\/","title":{"rendered":"Portfolio &#8211; Webflow"},"content":{"rendered":"<div class=\"application-platform-content-item-description application-platform-content-item\" id=\"description\" data-nav-section=\"description\"><h2>Incorporar portf\u00f3lio no Webflow com o widget Elfsight<\/h2><p>A ferramenta Elfsight Portfolio \u00e9 para todos que precisam incorporar seus projetos no site e aumentar o n\u00famero de novos clientes. Com a ajuda de nossa ferramenta voc\u00ea pode mostrar sele\u00e7\u00f5es de fotos, v\u00eddeos, esbo\u00e7os e outros materiais. Cada arquivo de projeto pode ter texto completo e data. Voc\u00ea pode vincular projetos a sites e estabelecer categorias de projetos. Os usu\u00e1rios do site ver\u00e3o seu portf\u00f3lio, entrar\u00e3o em um projeto e estudar\u00e3o detalhadamente direto no seu site. O cabe\u00e7alho apresenta seu nome completo, foto e dados de contato, que permitem entrar em contato com voc\u00ea. O bot\u00e3o ativo levar\u00e1 as pessoas \u00e0 p\u00e1gina de realiza\u00e7\u00e3o de pedidos e ajudar\u00e1 voc\u00ea a aumentar o n\u00edvel de vendas.<\/p><div class=\"faq\" data-component=\"FAQ\"> <div class=\"faq-item\">\r\n\t\t\t\t\t<div class=\"faq-item-question\">\r\n\t\t\t\t\t\t<h3 class=\"faq-item-question-text\">Onde posso adicionar o portf\u00f3lio<\/h3>\r\n\r\n\t\t\t\t\t\t<div class=\"faq-item-question-icon\"><\/div>\r\n\t\t\t\t\t<\/div>\r\n\r\n\t\t\t\t\t<div class=\"faq-item-answer\">\r\n\t\t\t\t\t\t<div class=\"faq-item-answer-text\"><p> Ele pode funcionar em qualquer p\u00e1gina do site ou em todas as p\u00e1ginas da web. Seus materiais atraentes receber\u00e3o a m\u00e1xima aten\u00e7\u00e3o na p\u00e1gina principal do site e poder\u00e3o visualizar suas ofertas nas p\u00e1ginas do portf\u00f3lio.<\/p><\/div>\r\n\t\t\t\t\t<\/div>\r\n\t\t\t\t<\/div><div class=\"faq-item\">\r\n\t\t\t\t\t<div class=\"faq-item-question\">\r\n\t\t\t\t\t\t<h3 class=\"faq-item-question-text\">Como posso me beneficiar do widget?<\/h3>\r\n\r\n\t\t\t\t\t\t<div class=\"faq-item-question-icon\"><\/div>\r\n\t\t\t\t\t<\/div>\r\n\r\n\t\t\t\t\t<div class=\"faq-item-answer\">\r\n\t\t\t\t\t\t<div class=\"faq-item-answer-text\"><p>A lindo portf\u00f3lio responsivo com seus projetos revelar\u00e1 todas as suas grandes habilidades e criatividade ao seu p\u00fablico. Isso os deixar\u00e1 ansiosos para solicitar seus servi\u00e7os e voc\u00ea ver\u00e1 novos clientes. Al\u00e9m disso, atrav\u00e9s das maneiras f\u00e1ceis de entrar em contato com voc\u00ea, voc\u00ea pode aumentar o n\u00famero de leads.<\/p><\/div>\r\n\t\t\t\t\t<\/div>\r\n\t\t\t\t<\/div><div class=\"faq-item\">\r\n\t\t\t\t\t<div class=\"faq-item-question\">\r\n\t\t\t\t\t\t<h3 class=\"faq-item-question-text\">Como fa\u00e7o para incorporar o Portf\u00f3lio ao meu site Webflow?<\/h3>\r\n\r\n\t\t\t\t\t\t<div class=\"faq-item-question-icon\"><\/div>\r\n\t\t\t\t\t<\/div>\r\n\r\n\t\t\t\t\t<div class=\"faq-item-answer\">\r\n\t\t\t\t\t\t<div class=\"faq-item-answer-text\"><p>\u00c9 preciso apenas um minuto para que o widget esteja instalado e funcionando. Este processo \u00e9 super r\u00e1pido, gratuito e sem codifica\u00e7\u00e3o.<\/p><p>Voc\u00ea pode integrar o widget ao seu site diretamente atrav\u00e9s do nosso servi\u00e7o. Basta ver a breve descri\u00e7\u00e3o abaixo nesta p\u00e1gina.<\/p><\/div>\r\n\t\t\t\t\t<\/div>\r\n\t\t\t\t<\/div><\/div><\/div><div class=\"application-platform-content-item-features application-platform-content-item\" id=\"features\" data-nav-section=\"features\"><h2>Principais recursos do widget Portf\u00f3lio<\/h2><p> Para ter uma ideia melhor do Portf\u00f3lio Webflow, voc\u00ea pode estudar a lista dos recursos mais destacados. Eles tornam o plugin o mais ben\u00e9fico para sua loja:<\/p><ul><li>Adicione v\u00e1rios projetos e adicione t\u00edtulos;<\/li><li>Estabele\u00e7a categorias e divida projetos para elas;<\/li><li>Selecione quais informa\u00e7\u00f5es exibir no pop-up e passar o mouse;<\/li><li>Adicionar textos e atribuir datas a todos os arquivos do projeto;<\/li><li>Bot\u00e3o ativo no cabe\u00e7alho e no pop-up leva os usu\u00e1rios a qualquer site.<\/li><\/ul><p><a href=\"#demo\">Para ver todos os recursos, veja a demonstra\u00e7\u00e3o ao vivo<\/a><\/p><\/div><div class=\"application-platform-content-item-installation application-platform-content-item\" id=\"installation\" data-nav-section=\"installation\"><h2> Como criar o portf\u00f3lio no seu site Webflow<\/h2><div class=\"video-container\"><iframe width=\"720\" height=\"405\" src=\"https:\/\/www.youtube.com\/embed\/q4HOPpCvyig\" frameborder=\"0\" allowfullscreen=\"\"><\/iframe><\/div><p>As a\u00e7\u00f5es abaixo s\u00e3o a \u00fanica coisa que voc\u00ea precisa fazer para ativar o widget.<\/p><ol><li><b>Crie seu portf\u00f3lio responsivo personalizado<\/b><br> Em nosso configurador gratuito, crie um widget com design e fun\u00e7\u00f5es personalizadas.<\/li><li><b>Obtenha o c\u00f3digo individual para instalar o widget<\/b> <br> Depois de personalizar o seu widget, voc\u00ea obter\u00e1 o c\u00f3digo de instala\u00e7\u00e3o na janela pop-up dos aplicativos Elfsight. Copie o c\u00f3digo para uso posterior. <\/li> <li><b>Adicione o widget em seu site Webflow<\/b><br> Escolha a \u00e1rea onde deseja colocar o widget e cole o c\u00f3digo copiado l\u00e1. Aplique as altera\u00e7\u00f5es. <\/li> <li><b>A configura\u00e7\u00e3o foi conclu\u00edda<\/b><br> Entre na p\u00e1gina para dar uma olhada no seu portf\u00f3lio. <\/li> <\/ol><p>Ainda n\u00e3o consegue decidir? Ou enfrentando problemas? Basta direcionar uma solicita\u00e7\u00e3o ao nosso atendimento ao cliente. Os especialistas resolver\u00e3o qualquer d\u00favida.<\/p><\/div>","protected":false},"excerpt":{"rendered":"","protected":false},"author":9,"featured_media":0,"parent":1235,"menu_order":0,"comment_status":"closed","ping_status":"closed","template":"templates\/template-application-platform.php","meta":{"publish_to_discourse":"","publish_post_category":"","wpdc_auto_publish_overridden":"","wpdc_topic_tags":"","wpdc_pin_topic":"","wpdc_pin_until":"","discourse_post_id":"","discourse_permalink":"","wpdc_publishing_response":"","wpdc_publishing_error":"","footnotes":""},"class_list":["post-7544","page","type-page","status-publish","hentry"],"yoast_head":"<!-- This site is optimized with the Yoast SEO plugin v25.3.1 - https:\/\/yoast.com\/wordpress\/plugins\/seo\/ -->\n<title>Portf\u00f3lio Webflow \u2013 Adicionar m\u00f3dulo de portf\u00f3lio ao site Webflow [2025]<\/title>\n<meta name=\"description\" content=\"Crie um modelo de widget de portf\u00f3lio e adicione-o ao seu site Webflow. Voc\u00ea desfrutar\u00e1 de suporte gratuito ao cliente e outras vantagens.\" \/>\n<meta name=\"robots\" content=\"index, follow, max-snippet:-1, max-image-preview:large, max-video-preview:-1\" \/>\n<link rel=\"canonical\" href=\"https:\/\/elfsight.com\/pt\/portfolio-widget\/webflow\/\" \/>\n<meta property=\"og:locale\" content=\"pt_PT\" \/>\n<meta property=\"og:type\" content=\"article\" \/>\n<meta property=\"og:title\" content=\"Portf\u00f3lio Webflow \u2013 Adicionar m\u00f3dulo de portf\u00f3lio ao site Webflow [2025]\" \/>\n<meta property=\"og:description\" content=\"Crie um modelo de widget de portf\u00f3lio e adicione-o ao seu site Webflow. Voc\u00ea desfrutar\u00e1 de suporte gratuito ao cliente e outras vantagens.\" \/>\n<meta property=\"og:url\" content=\"https:\/\/elfsight.com\/pt\/portfolio-widget\/webflow\/\" \/>\n<meta property=\"og:site_name\" content=\"Elfsight PT\" \/>\n<meta property=\"article:modified_time\" content=\"2024-11-13T11:54:02+00:00\" \/>\n<meta name=\"twitter:card\" content=\"summary_large_image\" \/>\n<meta name=\"twitter:label1\" content=\"Tempo estimado de leitura\" \/>\n\t<meta name=\"twitter:data1\" content=\"3 minutos\" \/>\n<!-- \/ Yoast SEO plugin. -->","yoast_head_json":{"title":"Portf\u00f3lio Webflow \u2013 Adicionar m\u00f3dulo de portf\u00f3lio ao site Webflow [2025]","description":"Crie um modelo de widget de portf\u00f3lio e adicione-o ao seu site Webflow. Voc\u00ea desfrutar\u00e1 de suporte gratuito ao cliente e outras vantagens.","robots":{"index":"index","follow":"follow","max-snippet":"max-snippet:-1","max-image-preview":"max-image-preview:large","max-video-preview":"max-video-preview:-1"},"canonical":"https:\/\/elfsight.com\/pt\/portfolio-widget\/webflow\/","og_locale":"pt_PT","og_type":"article","og_title":"Portf\u00f3lio Webflow \u2013 Adicionar m\u00f3dulo de portf\u00f3lio ao site Webflow [2025]","og_description":"Crie um modelo de widget de portf\u00f3lio e adicione-o ao seu site Webflow. Voc\u00ea desfrutar\u00e1 de suporte gratuito ao cliente e outras vantagens.","og_url":"https:\/\/elfsight.com\/pt\/portfolio-widget\/webflow\/","og_site_name":"Elfsight PT","article_modified_time":"2024-11-13T11:54:02+00:00","twitter_card":"summary_large_image","twitter_misc":{"Tempo estimado de leitura":"3 minutos"},"schema":{"@context":"https:\/\/schema.org","@graph":[{"@type":"WebPage","@id":"https:\/\/elfsight.com\/pt\/portfolio-widget\/webflow\/","url":"https:\/\/elfsight.com\/pt\/portfolio-widget\/webflow\/","name":"Portf\u00f3lio Webflow \u2013 Adicionar m\u00f3dulo de portf\u00f3lio ao site Webflow [2025]","isPartOf":{"@id":"https:\/\/elfsight.com\/pt\/#website"},"datePublished":"1970-01-01T00:00:00+00:00","dateModified":"2024-11-13T11:54:02+00:00","description":"Crie um modelo de widget de portf\u00f3lio e adicione-o ao seu site Webflow. Voc\u00ea desfrutar\u00e1 de suporte gratuito ao cliente e outras vantagens.","breadcrumb":{"@id":"https:\/\/elfsight.com\/pt\/portfolio-widget\/webflow\/#breadcrumb"},"inLanguage":"pt-PT","potentialAction":[{"@type":"ReadAction","target":["https:\/\/elfsight.com\/pt\/portfolio-widget\/webflow\/"]}]},{"@type":"BreadcrumbList","@id":"https:\/\/elfsight.com\/pt\/portfolio-widget\/webflow\/#breadcrumb","itemListElement":[{"@type":"ListItem","position":1,"name":"Home","item":"https:\/\/elfsight.com\/pt\/"},{"@type":"ListItem","position":2,"name":"Portfolio","item":"https:\/\/elfsight.com\/pt\/portfolio-widget\/"},{"@type":"ListItem","position":3,"name":"Portfolio &#8211; Webflow"}]},{"@type":"WebSite","@id":"https:\/\/elfsight.com\/pt\/#website","url":"https:\/\/elfsight.com\/pt\/","name":"Elfsight PT","description":"Just another Elfsight Sites site","potentialAction":[{"@type":"SearchAction","target":{"@type":"EntryPoint","urlTemplate":"https:\/\/elfsight.com\/pt\/?s={search_term_string}"},"query-input":{"@type":"PropertyValueSpecification","valueRequired":true,"valueName":"search_term_string"}}],"inLanguage":"pt-PT"}]}},"meta_box":{"industry":"","seo_heading":"","heading":"","description":"","cta_heading":"","cta_description":"","application":"1234","h1":"Widget de portf\u00f3lio de fluxo da Web","h1_caption":"Exiba seus trabalhos e projetos completos para atrair novos clientes","application_category":[],"applications_title":"","applications_request_title":"","applications_request_button_text":"","hero_text":"","hero_video":"","hero_video_schema_markup":"","selling_points_title":"","selling_points_caption":"","selling_points":[],"selling_points_cta_text":"","features_title":"","features":"","ed_cta_examples_text":"","ed_cta_examples_hidden":"","ed_cta_demo_text":"","ed_cta_demo_hidden":"","why_caption":"","why_editor_title":"","why_editor_text":"","why_team_title":"","why_team_text":"","why_service_title":"","why_service_text":"","template_catalog_visible":"","template_catalog_title":"","template_catalog_text":"","template_catalog_categories_visible":"","demo_title":"Crie seu widget de portf\u00f3lio","demo_caption":"Configure seu portf\u00f3lio e adicione-o ao seu site Webflow gratuitamente!","default_faq_hidden":"","app_template_category":[],"platform":"70","template_public_id":"","codecanyon_url":"","codecanyon_item_id":"","codecanyon_price":"","pricing_caption":"","pricing_elfsight_apps_hide_column":"","pricing_elfsight_apps_url":"","pricing_codecanyon_price_caption":"","integration_category":[],"integration_request_title":"","integration_request_cta":"","integration_platform":"","integrations":[],"platform_category":[],"video_schema_markup":"","price":"a partir de US$ 0\/m\u00eas","trial":"","benefits":[{"text":"Ajuda de instala\u00e7\u00e3o gratuita"},{"text":"Suporte eficaz ao cliente"},{"text":"Garantia de reembolso de 14 dias"},{"text":"Futuras atualiza\u00e7\u00f5es gratuitas"}],"button_url":"#demo","button_target_blank":"","button_nofollow":"","attributes":[{"name":"Instala\u00e7\u00f5es","content":"10,000 - 100,000"},{"name":"Responsivo","content":"Sim"},{"name":"Navegadores compat\u00edveis","content":"Chrome, Edge, Firefox, Safari, Opera"}],"tags":[],"tags_disable_links":"","hide_more_platforms":"","video_object":"","demo_hide_cta":"","demo_hide_cloud_options":"","pricing_title":"","pricing":[{"pricing_icon":"platform","pricing_title":"Elfsight Apps","pricing_title_caption":"Vers\u00e3o independente de plataforma que se adapta a qualquer site","pricing_price":"a partir de US$ 0\/m\u00eas","pricing_price_caption":"comece com plano gratuito","pricing_benefits":[{"text":"Dom\u00ednios ilimitados"},{"text":"Suporte gratuito e pontual"},{"text":"Suporte gratuito e pontual"},{"text":"Oferta especial para v\u00e1rios aplicativos"}],"pricing_button_text":"Adicionar ao site","pricing_button_url":"#demo"}],"related_apps_title":"","related_apps_hidden":"","author":"","image":[],"title":"","job":"","social_networks":[]},"_links":{"self":[{"href":"https:\/\/elfsight.com\/pt\/wp-json\/wp\/v2\/pages\/7544","targetHints":{"allow":["GET"]}}],"collection":[{"href":"https:\/\/elfsight.com\/pt\/wp-json\/wp\/v2\/pages"}],"about":[{"href":"https:\/\/elfsight.com\/pt\/wp-json\/wp\/v2\/types\/page"}],"author":[{"embeddable":true,"href":"https:\/\/elfsight.com\/pt\/wp-json\/wp\/v2\/users\/9"}],"replies":[{"embeddable":true,"href":"https:\/\/elfsight.com\/pt\/wp-json\/wp\/v2\/comments?post=7544"}],"version-history":[{"count":2,"href":"https:\/\/elfsight.com\/pt\/wp-json\/wp\/v2\/pages\/7544\/revisions"}],"predecessor-version":[{"id":12108,"href":"https:\/\/elfsight.com\/pt\/wp-json\/wp\/v2\/pages\/7544\/revisions\/12108"}],"up":[{"embeddable":true,"href":"https:\/\/elfsight.com\/pt\/wp-json\/wp\/v2\/pages\/1235"}],"wp:attachment":[{"href":"https:\/\/elfsight.com\/pt\/wp-json\/wp\/v2\/media?parent=7544"}],"curies":[{"name":"wp","href":"https:\/\/api.w.org\/{rel}","templated":true}]}}