{"id":7543,"date":"1970-01-01T00:00:00","date_gmt":"1970-01-01T00:00:00","guid":{"rendered":"https:\/\/elfsight.com\/pt\/?page_id=7543"},"modified":"2024-11-13T11:54:02","modified_gmt":"2024-11-13T11:54:02","slug":"webnode","status":"publish","type":"page","link":"https:\/\/elfsight.com\/pt\/portfolio-widget\/webnode\/","title":{"rendered":"Portfolio &#8211; Webnode"},"content":{"rendered":"<div class=\"application-platform-content-item-description application-platform-content-item\" id=\"description\" data-nav-section=\"description\"><h2>Descri\u00e7\u00e3o<\/h2><p>O Elfsight Portfolio foi criado para ajudar todos os interessados \u200b\u200bem publicar a sua biblioteca ativa no site e ter mais novas ordens. Com a ajuda deste widget, voc\u00ea pode reenviar cole\u00e7\u00f5es de fotos, v\u00eddeos, designs e outros conte\u00fados de projetos. Cada arquivo de projeto pode ser acompanhado de texto completo e data. Voc\u00ea tem a oportunidade de vincular projetos aos seus sites e criar categorias de projetos. Os usu\u00e1rios ver\u00e3o seu portf\u00f3lio, tocar\u00e3o em cada portf\u00f3lio e visualizar\u00e3o todos os trabalhos diretamente na sua p\u00e1gina inicial. O cabe\u00e7alho exibir\u00e1 seu nome, foto e dados de contato, o que facilita o contato com voc\u00ea. O bot\u00e3o CTA levar\u00e1 os clientes \u00e0 p\u00e1gina do pedido e ajudar\u00e1 voc\u00ea a ampliar o n\u00edvel de vendas. <\/p><div class=\"faq\" data-component=\"FAQ\"><div class=\"faq-item\">\r\n\t\t\t\t\t<div class=\"faq-item-question\">\r\n\t\t\t\t\t\t<h3 class=\"faq-item-question-text\">Onde no meu site posso inserir este widget?<\/h3>\r\n\r\n\t\t\t\t\t\t<div class=\"faq-item-question-icon\"><\/div>\r\n\t\t\t\t\t<\/div>\r\n\r\n\t\t\t\t\t<div class=\"faq-item-answer\">\r\n\t\t\t\t\t\t<div class=\"faq-item-answer-text\"> <p>O widget pode ser mostrado em qualquer p\u00e1gina do seu site, bem como em todas as p\u00e1ginas. <\/p><\/div>\r\n\t\t\t\t\t<\/div>\r\n\t\t\t\t<\/div><div class=\"faq-item\">\r\n\t\t\t\t\t<div class=\"faq-item-question\">\r\n\t\t\t\t\t\t<h3 class=\"faq-item-question-text\">Como eu me beneficiaria ao us\u00e1-lo?<\/h3>\r\n\r\n\t\t\t\t\t\t<div class=\"faq-item-question-icon\"><\/div>\r\n\t\t\t\t\t<\/div>\r\n\r\n\t\t\t\t\t<div class=\"faq-item-answer\">\r\n\t\t\t\t\t\t<div class=\"faq-item-answer-text\"> <p>Uma cole\u00e7\u00e3o impressionante de seus materiais demonstrar\u00e1 todas as suas grandes habilidades e talentos ao p\u00fablico. Isso os deixar\u00e1 ansiosos por ter o mesmo e voc\u00ea ter\u00e1 novos clientes. <\/p><\/div>\r\n\t\t\t\t\t<\/div>\r\n\t\t\t\t<\/div><div class=\"faq-item\">\r\n\t\t\t\t\t<div class=\"faq-item-question\">\r\n\t\t\t\t\t\t<h3 class=\"faq-item-question-text\">O que preciso para colar um portf\u00f3lio no meu site Webnode?<\/h3>\r\n\r\n\t\t\t\t\t\t<div class=\"faq-item-question-icon\"><\/div>\r\n\t\t\t\t\t<\/div>\r\n\r\n\t\t\t\t\t<div class=\"faq-item-answer\">\r\n\t\t\t\t\t\t<div class=\"faq-item-answer-text\"> <p>O processo de integra\u00e7\u00e3o \u00e9 super r\u00e1pido, gratuito e n\u00e3o inclui codifica\u00e7\u00e3o. Voc\u00ea pode introduzir o widget em seu site diretamente atrav\u00e9s de nosso servi\u00e7o. Para isso siga o guia abaixo nesta p\u00e1gina. <\/p><\/div>\r\n\t\t\t\t\t<\/div>\r\n\t\t\t\t<\/div><\/div> <\/div> <div class=\"application-platform-content-item-features application-platform-content-item\" id=\"features\" data-nav-section=\"features\"><h2>Recursos<\/h2><p>Para conhecer melhor o widget, veja a lista dos recursos essenciais fun\u00e7\u00f5es. Eles tornam este widget incrivelmente eficiente para sua promo\u00e7\u00e3o: <\/p><ul><li>Defina qualquer n\u00famero de projetos com t\u00edtulos; <\/li><li>Definir grupos e dividir projetos entre eles.<\/li><li>Decidir quais dados demonstrar em pop-up e ao passar o mouse; <\/li><li>A op\u00e7\u00e3o de adicionar descri\u00e7\u00f5es e atribuir datas a todos os trabalhos do projeto<\/li><li>Bot\u00e3o ativo no cabe\u00e7alho e no pop-up redireciona os usu\u00e1rios para qualquer site ou p\u00e1gina<\/li><\/ul><p><a href=\"#demo\">Para descobrir todos os recursos, veja nossa demonstra\u00e7\u00e3o ao vivo<\/a><\/p><\/div> <div class=\"application-platform-content-item-installation application-platform-content-item\" id=\"installation\" data-nav-section=\"installation\"><h2>Como adicionar o portf\u00f3lio ao meu site Webnode? <\/h2><p>Basta seguir as orienta\u00e7\u00f5es abaixo para incorporar o plugin. <\/p><ol><li><b>Use nossa demonstra\u00e7\u00e3o gratuita e comece a construir seu instrumento personalizado. <\/b><br>Especifique o design e a funcionalidade preferidos do widget e aplique as edi\u00e7\u00f5es. <\/li><li><b>Copie o c\u00f3digo exclusivo que aparece na janela dos aplicativos Elfsight. <\/b><br>Assim que a personaliza\u00e7\u00e3o da sua ferramenta pessoal for conclu\u00edda, copie o c\u00f3digo pessoal do pop-up exibido e guarde-o para uso posterior. <\/li><li><b>Iniciar a aplica\u00e7\u00e3o da ferramenta no site Webnode. <\/b><br>Insira o c\u00f3digo salvo recentemente em sua p\u00e1gina e salve as corre\u00e7\u00f5es. <\/li><li><b>Conclu\u00eddo! A incorpora\u00e7\u00e3o foi realizada com sucesso. <\/b><br>Visite sua p\u00e1gina para ver como o plug-in est\u00e1 sendo executado. <\/li><\/ol><p>Caso voc\u00ea tenha algum problema, sinta-se \u00e0 vontade para entrar em contato com nossa equipe de atendimento ao cliente. Nosso pessoal ficar\u00e1 feliz em ajud\u00e1-lo com todos os problemas que voc\u00ea possa ter com o produto.<\/p><\/div>","protected":false},"excerpt":{"rendered":"","protected":false},"author":9,"featured_media":0,"parent":1235,"menu_order":0,"comment_status":"closed","ping_status":"closed","template":"templates\/template-application-platform.php","meta":{"publish_to_discourse":"","publish_post_category":"","wpdc_auto_publish_overridden":"","wpdc_topic_tags":"","wpdc_pin_topic":"","wpdc_pin_until":"","discourse_post_id":"","discourse_permalink":"","wpdc_publishing_response":"","wpdc_publishing_error":"","footnotes":""},"class_list":["post-7543","page","type-page","status-publish","hentry"],"yoast_head":"<!-- This site is optimized with the Yoast SEO plugin v25.3.1 - https:\/\/yoast.com\/wordpress\/plugins\/seo\/ -->\n<title>Portf\u00f3lio Webnode \u2013 Adicionar widget de portf\u00f3lio ao site Webnode [2025]<\/title>\n<meta name=\"description\" content=\"Crie um widget de portf\u00f3lio personalizado e adicione-o ao seu site Webnode. Aproveite o suporte gratuito ao cliente e outros b\u00f4nus da Elfsight.\" \/>\n<meta name=\"robots\" content=\"index, follow, max-snippet:-1, max-image-preview:large, max-video-preview:-1\" \/>\n<link rel=\"canonical\" href=\"https:\/\/elfsight.com\/pt\/portfolio-widget\/webnode\/\" \/>\n<meta property=\"og:locale\" content=\"pt_PT\" \/>\n<meta property=\"og:type\" content=\"article\" \/>\n<meta property=\"og:title\" content=\"Portf\u00f3lio Webnode \u2013 Adicionar widget de portf\u00f3lio ao site Webnode [2025]\" \/>\n<meta property=\"og:description\" content=\"Crie um widget de portf\u00f3lio personalizado e adicione-o ao seu site Webnode. Aproveite o suporte gratuito ao cliente e outros b\u00f4nus da Elfsight.\" \/>\n<meta property=\"og:url\" content=\"https:\/\/elfsight.com\/pt\/portfolio-widget\/webnode\/\" \/>\n<meta property=\"og:site_name\" content=\"Elfsight PT\" \/>\n<meta property=\"article:modified_time\" content=\"2024-11-13T11:54:02+00:00\" \/>\n<meta name=\"twitter:card\" content=\"summary_large_image\" \/>\n<meta name=\"twitter:label1\" content=\"Tempo estimado de leitura\" \/>\n\t<meta name=\"twitter:data1\" content=\"3 minutos\" \/>\n<!-- \/ Yoast SEO plugin. -->","yoast_head_json":{"title":"Portf\u00f3lio Webnode \u2013 Adicionar widget de portf\u00f3lio ao site Webnode [2025]","description":"Crie um widget de portf\u00f3lio personalizado e adicione-o ao seu site Webnode. Aproveite o suporte gratuito ao cliente e outros b\u00f4nus da Elfsight.","robots":{"index":"index","follow":"follow","max-snippet":"max-snippet:-1","max-image-preview":"max-image-preview:large","max-video-preview":"max-video-preview:-1"},"canonical":"https:\/\/elfsight.com\/pt\/portfolio-widget\/webnode\/","og_locale":"pt_PT","og_type":"article","og_title":"Portf\u00f3lio Webnode \u2013 Adicionar widget de portf\u00f3lio ao site Webnode [2025]","og_description":"Crie um widget de portf\u00f3lio personalizado e adicione-o ao seu site Webnode. Aproveite o suporte gratuito ao cliente e outros b\u00f4nus da Elfsight.","og_url":"https:\/\/elfsight.com\/pt\/portfolio-widget\/webnode\/","og_site_name":"Elfsight PT","article_modified_time":"2024-11-13T11:54:02+00:00","twitter_card":"summary_large_image","twitter_misc":{"Tempo estimado de leitura":"3 minutos"},"schema":{"@context":"https:\/\/schema.org","@graph":[{"@type":"WebPage","@id":"https:\/\/elfsight.com\/pt\/portfolio-widget\/webnode\/","url":"https:\/\/elfsight.com\/pt\/portfolio-widget\/webnode\/","name":"Portf\u00f3lio Webnode \u2013 Adicionar widget de portf\u00f3lio ao site Webnode [2025]","isPartOf":{"@id":"https:\/\/elfsight.com\/pt\/#website"},"datePublished":"1970-01-01T00:00:00+00:00","dateModified":"2024-11-13T11:54:02+00:00","description":"Crie um widget de portf\u00f3lio personalizado e adicione-o ao seu site Webnode. Aproveite o suporte gratuito ao cliente e outros b\u00f4nus da Elfsight.","breadcrumb":{"@id":"https:\/\/elfsight.com\/pt\/portfolio-widget\/webnode\/#breadcrumb"},"inLanguage":"pt-PT","potentialAction":[{"@type":"ReadAction","target":["https:\/\/elfsight.com\/pt\/portfolio-widget\/webnode\/"]}]},{"@type":"BreadcrumbList","@id":"https:\/\/elfsight.com\/pt\/portfolio-widget\/webnode\/#breadcrumb","itemListElement":[{"@type":"ListItem","position":1,"name":"Home","item":"https:\/\/elfsight.com\/pt\/"},{"@type":"ListItem","position":2,"name":"Portfolio","item":"https:\/\/elfsight.com\/pt\/portfolio-widget\/"},{"@type":"ListItem","position":3,"name":"Portfolio &#8211; Webnode"}]},{"@type":"WebSite","@id":"https:\/\/elfsight.com\/pt\/#website","url":"https:\/\/elfsight.com\/pt\/","name":"Elfsight PT","description":"Just another Elfsight Sites site","potentialAction":[{"@type":"SearchAction","target":{"@type":"EntryPoint","urlTemplate":"https:\/\/elfsight.com\/pt\/?s={search_term_string}"},"query-input":{"@type":"PropertyValueSpecification","valueRequired":true,"valueName":"search_term_string"}}],"inLanguage":"pt-PT"}]}},"meta_box":{"industry":"","seo_heading":"","heading":"","description":"","cta_heading":"","cta_description":"","application":"1234","h1":"Widget de portf\u00f3lio Webnode","h1_caption":"Exiba suas obras de arte e todos os projetos detalhadamente para conseguir novos clientes.","application_category":[],"applications_title":"","applications_request_title":"","applications_request_button_text":"","hero_text":"","hero_video":"","hero_video_schema_markup":"","selling_points_title":"","selling_points_caption":"","selling_points":[],"selling_points_cta_text":"","features_title":"","features":"","ed_cta_examples_text":"","ed_cta_examples_hidden":"","ed_cta_demo_text":"","ed_cta_demo_hidden":"","why_caption":"","why_editor_title":"","why_editor_text":"","why_team_title":"","why_team_text":"","why_service_title":"","why_service_text":"","template_catalog_visible":"","template_catalog_title":"","template_catalog_text":"","template_catalog_categories_visible":"","demo_title":"Crie seu widget de portf\u00f3lio","demo_caption":"Configure seu portf\u00f3lio e adicione-o ao seu site Webnode gratuitamente!","default_faq_hidden":"","app_template_category":[],"platform":"4917","template_public_id":"","codecanyon_url":"","codecanyon_item_id":"","codecanyon_price":"","pricing_caption":"","pricing_elfsight_apps_hide_column":"","pricing_elfsight_apps_url":"","pricing_codecanyon_price_caption":"","integration_category":[],"integration_request_title":"","integration_request_cta":"","integration_platform":"","integrations":[],"platform_category":[],"video_schema_markup":"","price":"a partir de US$ 0\/m\u00eas","trial":"","benefits":[{"text":"Servi\u00e7o de instala\u00e7\u00e3o gratuito"},{"text":"Suporte profissional ao cliente"},{"text":"Garantia de devolu\u00e7\u00e3o do dinheiro em 14 dias"},{"text":"Melhorias gratuitas cont\u00ednuas"}],"button_url":"#demo","button_target_blank":"","button_nofollow":"","attributes":[{"name":"Instala\u00e7\u00f5es","content":"10,000 - 100,000"},{"name":"Responsivo","content":"Sim"},{"name":"Navegadores compat\u00edveis","content":"IE11, Firefox, Safari, Opera, Chrome, Edge"}],"tags":[],"tags_disable_links":"","hide_more_platforms":"","video_object":"","demo_hide_cta":"","demo_hide_cloud_options":"","pricing_title":"","pricing":[{"pricing_icon":"platform","pricing_title":"Elfsight Apps","pricing_title_caption":"Solu\u00e7\u00e3o digital independente de plataforma","pricing_price":"a partir de US$ 0\/m\u00eas","pricing_price_caption":"comece com plano gratuito","pricing_benefits":[{"text":"Sites ilimitados"},{"text":"Suporte ao cliente premium e bem documentado"},{"text":"Suporte ao cliente premium e bem documentado"},{"text":"Oferta especial para v\u00e1rios aplicativos"}],"pricing_button_text":"Adicionar ao site","pricing_button_url":"#demo"}],"related_apps_title":"","related_apps_hidden":"","author":"","image":[],"title":"","job":"","social_networks":[]},"_links":{"self":[{"href":"https:\/\/elfsight.com\/pt\/wp-json\/wp\/v2\/pages\/7543","targetHints":{"allow":["GET"]}}],"collection":[{"href":"https:\/\/elfsight.com\/pt\/wp-json\/wp\/v2\/pages"}],"about":[{"href":"https:\/\/elfsight.com\/pt\/wp-json\/wp\/v2\/types\/page"}],"author":[{"embeddable":true,"href":"https:\/\/elfsight.com\/pt\/wp-json\/wp\/v2\/users\/9"}],"replies":[{"embeddable":true,"href":"https:\/\/elfsight.com\/pt\/wp-json\/wp\/v2\/comments?post=7543"}],"version-history":[{"count":1,"href":"https:\/\/elfsight.com\/pt\/wp-json\/wp\/v2\/pages\/7543\/revisions"}],"predecessor-version":[{"id":7547,"href":"https:\/\/elfsight.com\/pt\/wp-json\/wp\/v2\/pages\/7543\/revisions\/7547"}],"up":[{"embeddable":true,"href":"https:\/\/elfsight.com\/pt\/wp-json\/wp\/v2\/pages\/1235"}],"wp:attachment":[{"href":"https:\/\/elfsight.com\/pt\/wp-json\/wp\/v2\/media?parent=7543"}],"curies":[{"name":"wp","href":"https:\/\/api.w.org\/{rel}","templated":true}]}}