{"id":7536,"date":"1970-01-01T00:00:00","date_gmt":"1970-01-01T00:00:00","guid":{"rendered":"https:\/\/elfsight.com\/pt\/?page_id=7536"},"modified":"2026-01-15T10:15:19","modified_gmt":"2026-01-15T10:15:19","slug":"wordpress","status":"publish","type":"page","link":"https:\/\/elfsight.com\/pt\/portfolio-widget\/wordpress\/","title":{"rendered":"Portfolio &#8211; WordPress"},"content":{"rendered":"<div class=\"application-platform-content-item-description application-platform-content-item\" id=\"description\" data-nav-section=\"description\"><h2>Incorporar Portf\u00f3lio no WordPress com o widget Elfsight<\/h2><p>O Elfsight Portfolio foi criado para todas as pessoas que pretendem apresentar sua impressionante biblioteca no site e obtenha novas vendas. Usando nossa ferramenta, voc\u00ea poder\u00e1 reenviar sele\u00e7\u00f5es de fotos, conte\u00fado de v\u00eddeo, esbo\u00e7os e outros materiais. Cada parte do conte\u00fado pode apresentar um texto detalhado e uma data. Voc\u00ea pode vincular projetos aos seus sites e distribu\u00ed-los em grupos. Os usu\u00e1rios visualizar\u00e3o seu portf\u00f3lio de projetos, tocar\u00e3o em um portf\u00f3lio e visualizar\u00e3o todas as filmagens e v\u00eddeos diretamente em seu site. O cabe\u00e7alho exibir\u00e1 seu nome completo, foto e dados de contato, o que facilita o processo de contato com voc\u00ea. O bot\u00e3o CTA levar\u00e1 os clientes \u00e0 p\u00e1gina de fazer pedidos e ajudar\u00e1 voc\u00ea a ampliar o n\u00famero de vendas. <\/p><div class=\"faq\" data-component=\"FAQ\"><div class=\"faq-item\">\r\n\t\t\t\t\t<div class=\"faq-item-question\">\r\n\t\t\t\t\t\t<h3 class=\"faq-item-question-text\">Como posso incorporar um portf\u00f3lio no meu site WordPress?<\/h3>\r\n\r\n\t\t\t\t\t\t<div class=\"faq-item-question-icon\"><\/div>\r\n\t\t\t\t\t<\/div>\r\n\r\n\t\t\t\t\t<div class=\"faq-item-answer\">\r\n\t\t\t\t\t\t<div class=\"faq-item-answer-text\"><p>A base do widget \u00e9 realizada dentro do site da Elfsight e n\u00e3o h\u00e1 necessidade de aprender codifica\u00e7\u00e3o. Utilize nossa demonstra\u00e7\u00e3o ao vivo para projetar sua ferramenta, obter o c\u00f3digo e inseri-lo em seu site. <\/p><\/div>\r\n\t\t\t\t\t<\/div>\r\n\t\t\t\t<\/div><div class=\"faq-item\">\r\n\t\t\t\t\t<div class=\"faq-item-question\">\r\n\t\t\t\t\t\t<h3 class=\"faq-item-question-text\">Os melhores exemplos de uso de integra\u00e7\u00e3o de portf\u00f3lio de sites<\/h3>\r\n\r\n\t\t\t\t\t\t<div class=\"faq-item-question-icon\"><\/div>\r\n\t\t\t\t\t<\/div>\r\n\r\n\t\t\t\t\t<div class=\"faq-item-answer\">\r\n\t\t\t\t\t\t<div class=\"faq-item-answer-text\"><p>Oferecemos muitas possibilidades de personaliza\u00e7\u00e3o: widgets completos para incorpora\u00e7\u00e3o na \u00e1rea de conte\u00fado, plug-ins flutuantes para oportunidades de rolagem, miniaturas para o rodap\u00e9 do seu site, cabe\u00e7alho e todos os tipos de possibilidades verticais para barras laterais e menus. <\/p><\/div>\r\n\t\t\t\t\t<\/div>\r\n\t\t\t\t<\/div><div class=\"faq-item\">\r\n\t\t\t\t\t<div class=\"faq-item-question\">\r\n\t\t\t\t\t\t<h3 class=\"faq-item-question-text\">Posso construir uma galeria responsiva ou portf\u00f3lio de imagens atrav\u00e9s da ag\u00eancia do editor? <\/h3>\r\n\r\n\t\t\t\t\t\t<div class=\"faq-item-question-icon\"><\/div>\r\n\t\t\t\t\t<\/div>\r\n\r\n\t\t\t\t\t<div class=\"faq-item-answer\">\r\n\t\t\t\t\t\t<div class=\"faq-item-answer-text\"><p>Voc\u00ea pode moldar as varia\u00e7\u00f5es de qualquer widget. Existem diversos layouts dispon\u00edveis no editor, e todos eles podem ser facilmente personalizados conforme sua necessidade. <\/p><\/div>\r\n\t\t\t\t\t<\/div>\r\n\t\t\t\t<\/div><\/div><h2>Principais recursos do widget Portf\u00f3lio<\/h2><p>Para moldar uma percep\u00e7\u00e3o clara do widget, examine a lista de suas fun\u00e7\u00f5es mais importantes. Eles tornam nosso widget mais eficaz para sua loja: <\/p><ul><li>Defina qualquer quantidade de projetos e adicione t\u00edtulos; <\/li><li>Estabele\u00e7a categorias e divida projetos nelas.<\/li><li>Decida os tipos de dados a serem demonstrados em pop-up e hover; <\/li><li>A op\u00e7\u00e3o de adicionar descri\u00e7\u00f5es e atribuir datas a todos os arquivos do projeto<\/li><li>O bot\u00e3o ativo no cabe\u00e7alho e no pop-up leva os clientes a qualquer p\u00e1gina<\/li><\/ul><p><a href=\"#demo\">Para descobrir mais recursos, consulte a demonstra\u00e7\u00e3o<\/a><\/p><\/div> <div class=\"application-platform-content-item-installation application-platform-content-item\" id=\"installation\" data-nav-section=\"installation\"><h2>Como adicionar portf\u00f3lio ao WordPress? <\/h2><div class=\"video-container\"><iframe allowfullscreen=\"\" frameborder=\"0\" height=\"405\" src=\"https:\/\/www.youtube.com\/embed\/Iz6-GukMZ4M?si=eFCMqC7ckcdrOMlH\" width=\"720\"><\/iframe><\/div><p>Basta seguir as etapas apresentadas abaixo para integrar a ferramenta. <\/p><ol><li><b>Gerencie nosso configurador gratuito e comece a moldar seu widget exclusivo. <\/b><br>Escolha a forma e os recursos preferidos do widget e aplique as corre\u00e7\u00f5es. <\/li><li><b>Copie o c\u00f3digo exclusivo mostrado no formul\u00e1rio especial nas aplica\u00e7\u00f5es Elfsight. <\/b><br>Assim que terminar a configura\u00e7\u00e3o do plugin do seu Portf\u00f3lio, copie o c\u00f3digo exclusivo na caixa que surgir e guarde-o para uso posterior. <\/li><li><b>In\u00edcio da utiliza\u00e7\u00e3o do plugin na sua p\u00e1gina WordPress. <\/b><br>Cole o c\u00f3digo que voc\u00ea salvou anteriormente em seu site e salve os ajustes. <\/li><li><b>A configura\u00e7\u00e3o foi realizada com sucesso. <\/b><br>Visite sua p\u00e1gina para verificar como a ferramenta est\u00e1 funcionando. <\/li><\/ol><p>Para mais detalhes sobre o plugin, consulte <a href=\"https:\/\/elfsight.com\/blog\/how-to-add-portfolio-to-wordpress-with-elfsight-plugin\/\" target=\"_blank\" rel=\"noopener\">artigo sobre como adicionar portf\u00f3lio a sites WordPress<\/a>.<\/p><p>Condi\u00e7\u00e3o de lidar com d\u00favidas ou encontrar qualquer dificuldade, sinta-se \u00e0 vontade para entrar em contato nossa equipe de atendimento ao cliente. Nossos consultores est\u00e3o ansiosos para resolver todas as dificuldades que voc\u00ea possa ter com o widget<\/p><\/div>","protected":false},"excerpt":{"rendered":"","protected":false},"author":9,"featured_media":0,"parent":1235,"menu_order":0,"comment_status":"closed","ping_status":"closed","template":"templates\/template-application-platform.php","meta":{"publish_to_discourse":"","publish_post_category":"","wpdc_auto_publish_overridden":"","wpdc_topic_tags":"","wpdc_pin_topic":"","wpdc_pin_until":"","discourse_post_id":"","discourse_permalink":"","wpdc_publishing_response":"","wpdc_publishing_error":"","footnotes":""},"class_list":["post-7536","page","type-page","status-publish","hentry"],"yoast_head":"<!-- This site is optimized with the Yoast SEO plugin v25.3.1 - https:\/\/yoast.com\/wordpress\/plugins\/seo\/ -->\n<title>Plug-in de portf\u00f3lio responsivo para site WordPress (gratuito e r\u00e1pido)<\/title>\n<meta name=\"description\" content=\"\u00c9 muito f\u00e1cil criar seu plugin de portf\u00f3lio e coloc\u00e1-lo no site WordPress. O suporte ao cliente da Elfsight \u00e9 gratuito e r\u00e1pido.\" \/>\n<meta name=\"robots\" content=\"index, follow, max-snippet:-1, max-image-preview:large, max-video-preview:-1\" \/>\n<link rel=\"canonical\" href=\"https:\/\/elfsight.com\/pt\/portfolio-widget\/wordpress\/\" \/>\n<meta property=\"og:locale\" content=\"pt_PT\" \/>\n<meta property=\"og:type\" content=\"article\" \/>\n<meta property=\"og:title\" content=\"Plug-in de portf\u00f3lio responsivo para site WordPress (gratuito e r\u00e1pido)\" \/>\n<meta property=\"og:description\" content=\"\u00c9 muito f\u00e1cil criar seu plugin de portf\u00f3lio e coloc\u00e1-lo no site WordPress. O suporte ao cliente da Elfsight \u00e9 gratuito e r\u00e1pido.\" \/>\n<meta property=\"og:url\" content=\"https:\/\/elfsight.com\/pt\/portfolio-widget\/wordpress\/\" \/>\n<meta property=\"og:site_name\" content=\"Elfsight PT\" \/>\n<meta property=\"article:modified_time\" content=\"2026-01-15T10:15:19+00:00\" \/>\n<meta name=\"twitter:card\" content=\"summary_large_image\" \/>\n<meta name=\"twitter:label1\" content=\"Tempo estimado de leitura\" \/>\n\t<meta name=\"twitter:data1\" content=\"3 minutos\" \/>\n<!-- \/ Yoast SEO plugin. -->","yoast_head_json":{"title":"Plug-in de portf\u00f3lio responsivo para site WordPress (gratuito e r\u00e1pido)","description":"\u00c9 muito f\u00e1cil criar seu plugin de portf\u00f3lio e coloc\u00e1-lo no site WordPress. O suporte ao cliente da Elfsight \u00e9 gratuito e r\u00e1pido.","robots":{"index":"index","follow":"follow","max-snippet":"max-snippet:-1","max-image-preview":"max-image-preview:large","max-video-preview":"max-video-preview:-1"},"canonical":"https:\/\/elfsight.com\/pt\/portfolio-widget\/wordpress\/","og_locale":"pt_PT","og_type":"article","og_title":"Plug-in de portf\u00f3lio responsivo para site WordPress (gratuito e r\u00e1pido)","og_description":"\u00c9 muito f\u00e1cil criar seu plugin de portf\u00f3lio e coloc\u00e1-lo no site WordPress. O suporte ao cliente da Elfsight \u00e9 gratuito e r\u00e1pido.","og_url":"https:\/\/elfsight.com\/pt\/portfolio-widget\/wordpress\/","og_site_name":"Elfsight PT","article_modified_time":"2026-01-15T10:15:19+00:00","twitter_card":"summary_large_image","twitter_misc":{"Tempo estimado de leitura":"3 minutos"},"schema":{"@context":"https:\/\/schema.org","@graph":[{"@type":"WebPage","@id":"https:\/\/elfsight.com\/pt\/portfolio-widget\/wordpress\/","url":"https:\/\/elfsight.com\/pt\/portfolio-widget\/wordpress\/","name":"Plug-in de portf\u00f3lio responsivo para site WordPress (gratuito e r\u00e1pido)","isPartOf":{"@id":"https:\/\/elfsight.com\/pt\/#website"},"datePublished":"1970-01-01T00:00:00+00:00","dateModified":"2026-01-15T10:15:19+00:00","description":"\u00c9 muito f\u00e1cil criar seu plugin de portf\u00f3lio e coloc\u00e1-lo no site WordPress. O suporte ao cliente da Elfsight \u00e9 gratuito e r\u00e1pido.","breadcrumb":{"@id":"https:\/\/elfsight.com\/pt\/portfolio-widget\/wordpress\/#breadcrumb"},"inLanguage":"pt-PT","potentialAction":[{"@type":"ReadAction","target":["https:\/\/elfsight.com\/pt\/portfolio-widget\/wordpress\/"]}]},{"@type":"BreadcrumbList","@id":"https:\/\/elfsight.com\/pt\/portfolio-widget\/wordpress\/#breadcrumb","itemListElement":[{"@type":"ListItem","position":1,"name":"Home","item":"https:\/\/elfsight.com\/pt\/"},{"@type":"ListItem","position":2,"name":"Portfolio","item":"https:\/\/elfsight.com\/pt\/portfolio-widget\/"},{"@type":"ListItem","position":3,"name":"Portfolio &#8211; WordPress"}]},{"@type":"WebSite","@id":"https:\/\/elfsight.com\/pt\/#website","url":"https:\/\/elfsight.com\/pt\/","name":"Elfsight PT","description":"Just another Elfsight Sites site","potentialAction":[{"@type":"SearchAction","target":{"@type":"EntryPoint","urlTemplate":"https:\/\/elfsight.com\/pt\/?s={search_term_string}"},"query-input":{"@type":"PropertyValueSpecification","valueRequired":true,"valueName":"search_term_string"}}],"inLanguage":"pt-PT"}]}},"meta_box":{"industry":"","seo_heading":"","heading":"","description":"","cta_heading":"","cta_description":"","application":"1234","h1":"Plug-in de portf\u00f3lio WordPress","h1_caption":"Demonstre os seus melhores trabalhos e todo o conjunto de projetos para conquistar novos clientes","application_category":[],"applications_title":"","applications_request_title":"","applications_request_button_text":"","hero_text":"","hero_video":"","hero_video_schema_markup":"","selling_points_title":"","selling_points_caption":"","selling_points":[],"selling_points_cta_text":"","features_title":"","features":"","ed_cta_examples_text":"","ed_cta_examples_hidden":"","ed_cta_demo_text":"","ed_cta_demo_hidden":"","why_caption":"","why_editor_title":"","why_editor_text":"","why_team_title":"","why_team_text":"","why_service_title":"","why_service_text":"","template_catalog_visible":"0","template_catalog_title":"","template_catalog_text":"","template_catalog_categories_visible":"","demo_title":"Crie o plugin do seu portf\u00f3lio","demo_caption":"Configure seu portf\u00f3lio e adicione-o ao seu site WordPress gratuitamente!","default_faq_hidden":"","app_template_category":[],"platform":"34","template_public_id":"","codecanyon_url":"","codecanyon_item_id":"","codecanyon_price":"","pricing_caption":"","pricing_elfsight_apps_hide_column":"","pricing_elfsight_apps_url":"","pricing_codecanyon_price_caption":"","integration_category":[],"integration_request_title":"","integration_request_cta":"","integration_platform":"","integrations":[],"platform_category":[],"video_schema_markup":"","price":"a partir de US$ 0\/m\u00eas","trial":"","benefits":[{"text":"Assist\u00eancia de instala\u00e7\u00e3o gratuita"},{"text":"Suporte premium"},{"text":"Garantia de reembolso de 14 dias"},{"text":"Melhorias cont\u00ednuas"}],"button_url":"#demo","button_target_blank":"0","button_nofollow":"0","attributes":[{"name":"Instala\u00e7\u00f5es","content":"10,000 - 100,000"},{"name":"Responsivo","content":"Sim"},{"name":"Navegadores compat\u00edveis","content":"Firefox, Safari, Opera, Chrome, Edge"}],"tags":[],"tags_disable_links":"0","hide_more_platforms":"0","video_object":"","demo_hide_cta":"0","demo_hide_cloud_options":"0","pricing_title":"","pricing":[{"pricing_icon":"platform","pricing_title":"Elfsight Apps","pricing_title_caption":"Solu\u00e7\u00e3o multiplataforma","pricing_price":"a partir de US$ 0\/m\u00eas","pricing_price_caption":"comece com plano gratuito","pricing_benefits":[{"text":"Dom\u00ednios ilimitados"},{"text":"Suporte gratuito"},{"text":"Suporte gratuito"},{"text":"Oferta especial para v\u00e1rios aplicativos"}],"pricing_button_text":"Adicionar ao site","pricing_button_url":"#demo"}],"related_apps_title":"","related_apps_hidden":"0","author":"","image":[],"title":"","job":"","social_networks":[]},"_links":{"self":[{"href":"https:\/\/elfsight.com\/pt\/wp-json\/wp\/v2\/pages\/7536","targetHints":{"allow":["GET"]}}],"collection":[{"href":"https:\/\/elfsight.com\/pt\/wp-json\/wp\/v2\/pages"}],"about":[{"href":"https:\/\/elfsight.com\/pt\/wp-json\/wp\/v2\/types\/page"}],"author":[{"embeddable":true,"href":"https:\/\/elfsight.com\/pt\/wp-json\/wp\/v2\/users\/9"}],"replies":[{"embeddable":true,"href":"https:\/\/elfsight.com\/pt\/wp-json\/wp\/v2\/comments?post=7536"}],"version-history":[{"count":4,"href":"https:\/\/elfsight.com\/pt\/wp-json\/wp\/v2\/pages\/7536\/revisions"}],"predecessor-version":[{"id":15206,"href":"https:\/\/elfsight.com\/pt\/wp-json\/wp\/v2\/pages\/7536\/revisions\/15206"}],"up":[{"embeddable":true,"href":"https:\/\/elfsight.com\/pt\/wp-json\/wp\/v2\/pages\/1235"}],"wp:attachment":[{"href":"https:\/\/elfsight.com\/pt\/wp-json\/wp\/v2\/media?parent=7536"}],"curies":[{"name":"wp","href":"https:\/\/api.w.org\/{rel}","templated":true}]}}