{"id":7529,"date":"1970-01-01T00:00:00","date_gmt":"1970-01-01T00:00:00","guid":{"rendered":"https:\/\/elfsight.com\/pt\/?page_id=7529"},"modified":"2024-11-13T11:38:01","modified_gmt":"2024-11-13T11:38:01","slug":"woocommerce","status":"publish","type":"page","link":"https:\/\/elfsight.com\/pt\/portfolio-widget\/woocommerce\/","title":{"rendered":"Portfolio &#8211; WooCommerce"},"content":{"rendered":"<div class=\"application-platform-content-item-description application-platform-content-item\" id=\"description\" data-nav-section=\"description\"><h2>Descri\u00e7\u00e3o<\/h2><p>O widget Elfsight Portfolio foi criado para ajudar todos os usu\u00e1rios que precisam publicar seu incr\u00edvel portf\u00f3lio no site e ter mais novos clientes. Com a ajuda do widget, voc\u00ea poder\u00e1 mostrar cole\u00e7\u00f5es de fotos, v\u00eddeos, desenhos e outros conte\u00fados do projeto. Cada arquivo de projeto pode ser acompanhado por uma descri\u00e7\u00e3o e data abrangentes. Voc\u00ea pode vincular projetos a sites e dividir projetos em grupos. Os usu\u00e1rios do site ir\u00e3o conferir seu portf\u00f3lio, clicar em cada projeto e visualizar todas as imagens e v\u00eddeos diretamente na sua p\u00e1gina inicial. O cabe\u00e7alho do widget revela seu nome, foto e dados de contato, o que facilita o contato com voc\u00ea. O bot\u00e3o ativo levar\u00e1 as pessoas \u00e0 p\u00e1gina do pedido e ajudar\u00e1 voc\u00ea a ampliar o valor das vendas. <\/p><div class=\"faq\" data-component=\"FAQ\"><div class=\"faq-item\">\r\n\t\t\t\t\t<div class=\"faq-item-question\">\r\n\t\t\t\t\t\t<h3 class=\"faq-item-question-text\">Como posso incorporar um Portef\u00f3lio no meu WooCommerce?<\/h3>\r\n\r\n\t\t\t\t\t\t<div class=\"faq-item-question-icon\"><\/div>\r\n\t\t\t\t\t<\/div>\r\n\r\n\t\t\t\t\t<div class=\"faq-item-answer\">\r\n\t\t\t\t\t\t<div class=\"faq-item-answer-text\"><p>A confec\u00e7\u00e3o da ferramenta \u00e9 realizada nas p\u00e1ginas da Elfsight e voc\u00ea n\u00e3o precisa aprender codifica\u00e7\u00e3o. Utilize nossa demonstra\u00e7\u00e3o ativa para moldar sua pr\u00f3pria ferramenta, adquirir o c\u00f3digo e implement\u00e1-lo em seu site. <\/p><\/div>\r\n\t\t\t\t\t<\/div>\r\n\t\t\t\t<\/div><div class=\"faq-item\">\r\n\t\t\t\t\t<div class=\"faq-item-question\">\r\n\t\t\t\t\t\t<h3 class=\"faq-item-question-text\">Os melhores exemplos de uso de integra\u00e7\u00e3o de portf\u00f3lio de sites de imagens<\/h3>\r\n\r\n\t\t\t\t\t\t<div class=\"faq-item-question-icon\"><\/div>\r\n\t\t\t\t\t<\/div>\r\n\r\n\t\t\t\t\t<div class=\"faq-item-answer\">\r\n\t\t\t\t\t\t<div class=\"faq-item-answer-text\"><p>Temos uma s\u00e9rie de op\u00e7\u00f5es de personaliza\u00e7\u00e3o: widgets em tamanho real para inserir na \u00e1rea de conte\u00fado , plug-ins flutuantes com oportunidades de rolagem, layouts de rodap\u00e9, cabe\u00e7alho e todas as varia\u00e7\u00f5es de oportunidades verticais para barras laterais e menus do site. <\/p><\/div>\r\n\t\t\t\t\t<\/div>\r\n\t\t\t\t<\/div><div class=\"faq-item\">\r\n\t\t\t\t\t<div class=\"faq-item-question\">\r\n\t\t\t\t\t\t<h3 class=\"faq-item-question-text\">Existe a op\u00e7\u00e3o de criar uma galeria ou portf\u00f3lio de sliders atrav\u00e9s da ag\u00eancia do seu editor? <\/h3>\r\n\r\n\t\t\t\t\t\t<div class=\"faq-item-question-icon\"><\/div>\r\n\t\t\t\t\t<\/div>\r\n\r\n\t\t\t\t\t<div class=\"faq-item-answer\">\r\n\t\t\t\t\t\t<div class=\"faq-item-answer-text\"><p>Voc\u00ea pode criar altera\u00e7\u00f5es em qualquer widget. Existem muitos layouts dispon\u00edveis no editor, e todos eles podem ser facilmente ajustados da maneira que voc\u00ea precisar. <\/p><\/div>\r\n\t\t\t\t\t<\/div>\r\n\t\t\t\t<\/div><\/div><\/div> <div class=\"application-platform-content-item-features application-platform-content-item\" id=\"features\" data-nav-section=\"features\"><h2>Recursos<\/h2><p>Para moldar um conhecimento claro do widget, descubra a lista dos principais caracter\u00edsticas. Eles tornam nosso widget o mais eficiente poss\u00edvel para voc\u00ea: <\/p><ul><li>Mostre qualquer n\u00famero de projetos e adicione seus t\u00edtulos; <\/li><li>Definir grupos e atribuir projetos a eles<\/li><li>Definir quais dados mostrar em pop-up e passar o mouse; <\/li><li>A op\u00e7\u00e3o de adicionar textos e adicionar datas aos arquivos do projeto<\/li><li>Bot\u00e3o de call to action no cabe\u00e7alho do widget e no pop-up redireciona os clientes para qualquer site<\/li> <\/ul><p><a href=\"#demo\">Para conferir uma lista completa de recursos, veja nossa demonstra\u00e7\u00e3o<\/a><\/p><\/div> <div class=\"application-platform-content-item-installation application-platform-content-item\" id=\"installation\" data-nav-section=\"installation\"><h2> Como posso adicionar o portf\u00f3lio ao meu site WooCommerce? <\/h2><p>Basta seguir algumas etapas abaixo para ativar a ferramenta. <\/p><ol><li><b>Abra nosso configurador gratuito e comece a criar seu pr\u00f3prio widget. <\/b><br>Encontre o design e as caracter\u00edsticas preferidas da ferramenta e salve as edi\u00e7\u00f5es. <\/li><li><b>Copie o seu c\u00f3digo exclusivo que aparece no formul\u00e1rio especial nas aplica\u00e7\u00f5es Elfsight. <\/b><br>Logo ap\u00f3s a gera\u00e7\u00e3o do seu plugin, copie o c\u00f3digo pessoal na caixa exibida e guarde-o para uso posterior. <\/li><li><b>Comece a usar o widget no seu site WooCommerce. <\/b><br>Adicione o c\u00f3digo copiado anteriormente em seu site e aplique as melhorias. <\/li><li><b>Conclu\u00eddo! A configura\u00e7\u00e3o est\u00e1 totalmente conclu\u00edda. <\/b><br>Acesse seu site para ver como o widget funciona. <\/li><\/ol><p>Na condi\u00e7\u00e3o de enfrentar d\u00favidas ou enfrentar quaisquer obst\u00e1culos, n\u00e3o hesite em entrar em contato com nossa equipe de atendimento ao cliente. Nosso pessoal ter\u00e1 prazer em resolver todos os problemas que voc\u00ea possa ter com o widget.<\/p><\/div>","protected":false},"excerpt":{"rendered":"","protected":false},"author":9,"featured_media":0,"parent":1235,"menu_order":0,"comment_status":"closed","ping_status":"closed","template":"templates\/template-application-platform.php","meta":{"publish_to_discourse":"","publish_post_category":"","wpdc_auto_publish_overridden":"","wpdc_topic_tags":"","wpdc_pin_topic":"","wpdc_pin_until":"","discourse_post_id":"","discourse_permalink":"","wpdc_publishing_response":"","wpdc_publishing_error":"","footnotes":""},"class_list":["post-7529","page","type-page","status-publish","hentry"],"yoast_head":"<!-- This site is optimized with the Yoast SEO plugin v25.3.1 - https:\/\/yoast.com\/wordpress\/plugins\/seo\/ -->\n<title>Portf\u00f3lio WooCommerce \u2013 Adicione o plugin de portf\u00f3lio ao site WooCommerce<\/title>\n<meta name=\"description\" content=\"Simples de construir seu plugin de portf\u00f3lio e adicion\u00e1-lo ao site WooCommerce. A Elfsight oferece atendimento gratuito ao cliente.\" \/>\n<meta name=\"robots\" content=\"index, follow, max-snippet:-1, max-image-preview:large, max-video-preview:-1\" \/>\n<link rel=\"canonical\" href=\"https:\/\/elfsight.com\/pt\/portfolio-widget\/woocommerce\/\" \/>\n<meta property=\"og:locale\" content=\"pt_PT\" \/>\n<meta property=\"og:type\" content=\"article\" \/>\n<meta property=\"og:title\" content=\"Portf\u00f3lio WooCommerce \u2013 Adicione o plugin de portf\u00f3lio ao site WooCommerce\" \/>\n<meta property=\"og:description\" content=\"Simples de construir seu plugin de portf\u00f3lio e adicion\u00e1-lo ao site WooCommerce. A Elfsight oferece atendimento gratuito ao cliente.\" \/>\n<meta property=\"og:url\" content=\"https:\/\/elfsight.com\/pt\/portfolio-widget\/woocommerce\/\" \/>\n<meta property=\"og:site_name\" content=\"Elfsight PT\" \/>\n<meta property=\"article:modified_time\" content=\"2024-11-13T11:38:01+00:00\" \/>\n<meta name=\"twitter:card\" content=\"summary_large_image\" \/>\n<meta name=\"twitter:label1\" content=\"Tempo estimado de leitura\" \/>\n\t<meta name=\"twitter:data1\" content=\"3 minutos\" \/>\n<!-- \/ Yoast SEO plugin. -->","yoast_head_json":{"title":"Portf\u00f3lio WooCommerce \u2013 Adicione o plugin de portf\u00f3lio ao site WooCommerce","description":"Simples de construir seu plugin de portf\u00f3lio e adicion\u00e1-lo ao site WooCommerce. A Elfsight oferece atendimento gratuito ao cliente.","robots":{"index":"index","follow":"follow","max-snippet":"max-snippet:-1","max-image-preview":"max-image-preview:large","max-video-preview":"max-video-preview:-1"},"canonical":"https:\/\/elfsight.com\/pt\/portfolio-widget\/woocommerce\/","og_locale":"pt_PT","og_type":"article","og_title":"Portf\u00f3lio WooCommerce \u2013 Adicione o plugin de portf\u00f3lio ao site WooCommerce","og_description":"Simples de construir seu plugin de portf\u00f3lio e adicion\u00e1-lo ao site WooCommerce. A Elfsight oferece atendimento gratuito ao cliente.","og_url":"https:\/\/elfsight.com\/pt\/portfolio-widget\/woocommerce\/","og_site_name":"Elfsight PT","article_modified_time":"2024-11-13T11:38:01+00:00","twitter_card":"summary_large_image","twitter_misc":{"Tempo estimado de leitura":"3 minutos"},"schema":{"@context":"https:\/\/schema.org","@graph":[{"@type":"WebPage","@id":"https:\/\/elfsight.com\/pt\/portfolio-widget\/woocommerce\/","url":"https:\/\/elfsight.com\/pt\/portfolio-widget\/woocommerce\/","name":"Portf\u00f3lio WooCommerce \u2013 Adicione o plugin de portf\u00f3lio ao site WooCommerce","isPartOf":{"@id":"https:\/\/elfsight.com\/pt\/#website"},"datePublished":"1970-01-01T00:00:00+00:00","dateModified":"2024-11-13T11:38:01+00:00","description":"Simples de construir seu plugin de portf\u00f3lio e adicion\u00e1-lo ao site WooCommerce. A Elfsight oferece atendimento gratuito ao cliente.","breadcrumb":{"@id":"https:\/\/elfsight.com\/pt\/portfolio-widget\/woocommerce\/#breadcrumb"},"inLanguage":"pt-PT","potentialAction":[{"@type":"ReadAction","target":["https:\/\/elfsight.com\/pt\/portfolio-widget\/woocommerce\/"]}]},{"@type":"BreadcrumbList","@id":"https:\/\/elfsight.com\/pt\/portfolio-widget\/woocommerce\/#breadcrumb","itemListElement":[{"@type":"ListItem","position":1,"name":"Home","item":"https:\/\/elfsight.com\/pt\/"},{"@type":"ListItem","position":2,"name":"Portfolio","item":"https:\/\/elfsight.com\/pt\/portfolio-widget\/"},{"@type":"ListItem","position":3,"name":"Portfolio &#8211; WooCommerce"}]},{"@type":"WebSite","@id":"https:\/\/elfsight.com\/pt\/#website","url":"https:\/\/elfsight.com\/pt\/","name":"Elfsight PT","description":"Just another Elfsight Sites site","potentialAction":[{"@type":"SearchAction","target":{"@type":"EntryPoint","urlTemplate":"https:\/\/elfsight.com\/pt\/?s={search_term_string}"},"query-input":{"@type":"PropertyValueSpecification","valueRequired":true,"valueName":"search_term_string"}}],"inLanguage":"pt-PT"}]}},"meta_box":{"industry":"","seo_heading":"","heading":"","description":"","cta_heading":"","cta_description":"","application":"1234","h1":"Plug-in de portf\u00f3lio WooCommerce","h1_caption":"Permita que os usu\u00e1rios visualizem suas obras de arte e toda a gama de projetos com mais detalhes para ter novos clientes.","application_category":[],"applications_title":"","applications_request_title":"","applications_request_button_text":"","hero_text":"","hero_video":"","hero_video_schema_markup":"","selling_points_title":"","selling_points_caption":"","selling_points":[],"selling_points_cta_text":"","features_title":"","features":"","ed_cta_examples_text":"","ed_cta_examples_hidden":"","ed_cta_demo_text":"","ed_cta_demo_hidden":"","why_caption":"","why_editor_title":"","why_editor_text":"","why_team_title":"","why_team_text":"","why_service_title":"","why_service_text":"","template_catalog_visible":"","template_catalog_title":"","template_catalog_text":"","template_catalog_categories_visible":"","demo_title":"Crie seu aplicativo de portf\u00f3lio","demo_caption":"Configure seu portf\u00f3lio e adicione-o ao seu site WooCommerce gratuitamente!","default_faq_hidden":"","app_template_category":[],"platform":"4920","template_public_id":"","codecanyon_url":"","codecanyon_item_id":"","codecanyon_price":"","pricing_caption":"","pricing_elfsight_apps_hide_column":"","pricing_elfsight_apps_url":"","pricing_codecanyon_price_caption":"","integration_category":[],"integration_request_title":"","integration_request_cta":"","integration_platform":"","integrations":[],"platform_category":[],"video_schema_markup":"","price":"a partir de US$ 0\/m\u00eas","trial":"","benefits":[{"text":"Ajuda de instala\u00e7\u00e3o gratuita"},{"text":"Atendimento ao cliente competente"},{"text":"Garantia de reembolso de 14 dias"},{"text":"Melhorias gratuitas vital\u00edcias"}],"button_url":"#demo","button_target_blank":"","button_nofollow":"","attributes":[{"name":"Instala\u00e7\u00f5es","content":"10,000 - 100,000"},{"name":"Responsivo","content":"Sim"},{"name":"Navegadores compat\u00edveis","content":"Firefox, Safari, Opera, Chrome, Edge"}],"tags":[],"tags_disable_links":"","hide_more_platforms":"","video_object":"","demo_hide_cta":"","demo_hide_cloud_options":"","pricing_title":"","pricing":[{"pricing_icon":"platform","pricing_title":"Elfsight Apps","pricing_title_caption":"Vers\u00e3o multiplataforma adequada para qualquer site","pricing_price":"a partir de US$ 0\/m\u00eas","pricing_price_caption":"comece com um plano gratuito","pricing_benefits":[{"text":"Dom\u00ednios ilimitados"},{"text":"Suporte gratuito, pontual e bem documentado"},{"text":"Suporte gratuito, pontual e bem documentado"},{"text":"100% personaliz\u00e1vel"}],"pricing_button_text":"Adicionar ao site","pricing_button_url":"#demo"}],"related_apps_title":"","related_apps_hidden":"","author":"","image":[],"title":"","job":"","social_networks":[]},"_links":{"self":[{"href":"https:\/\/elfsight.com\/pt\/wp-json\/wp\/v2\/pages\/7529","targetHints":{"allow":["GET"]}}],"collection":[{"href":"https:\/\/elfsight.com\/pt\/wp-json\/wp\/v2\/pages"}],"about":[{"href":"https:\/\/elfsight.com\/pt\/wp-json\/wp\/v2\/types\/page"}],"author":[{"embeddable":true,"href":"https:\/\/elfsight.com\/pt\/wp-json\/wp\/v2\/users\/9"}],"replies":[{"embeddable":true,"href":"https:\/\/elfsight.com\/pt\/wp-json\/wp\/v2\/comments?post=7529"}],"version-history":[{"count":1,"href":"https:\/\/elfsight.com\/pt\/wp-json\/wp\/v2\/pages\/7529\/revisions"}],"predecessor-version":[{"id":7533,"href":"https:\/\/elfsight.com\/pt\/wp-json\/wp\/v2\/pages\/7529\/revisions\/7533"}],"up":[{"embeddable":true,"href":"https:\/\/elfsight.com\/pt\/wp-json\/wp\/v2\/pages\/1235"}],"wp:attachment":[{"href":"https:\/\/elfsight.com\/pt\/wp-json\/wp\/v2\/media?parent=7529"}],"curies":[{"name":"wp","href":"https:\/\/api.w.org\/{rel}","templated":true}]}}