{"id":7522,"date":"1970-01-01T00:00:00","date_gmt":"1970-01-01T00:00:00","guid":{"rendered":"https:\/\/elfsight.com\/pt\/?page_id=7522"},"modified":"2025-03-07T04:50:26","modified_gmt":"2025-03-07T04:50:26","slug":"godaddy","status":"publish","type":"page","link":"https:\/\/elfsight.com\/pt\/portfolio-widget\/godaddy\/","title":{"rendered":"Portfolio &#8211; GoDaddy"},"content":{"rendered":"\n<div class=\"application-platform-content-item-description application-platform-content-item\" id=\"description\" data-nav-section=\"description\"> <h2>Incorporar Portf\u00f3lio no GoDaddy com o widget Elfsight<\/h2> <p>O plugin Elfsight Portfolio para GoDaddy \u00e9 criado para cada pessoa que precisa expor seus trabalho ativo no site e ter mais clientes novos. Com a ferramenta Elfsight, voc\u00ea pode revelar sele\u00e7\u00f5es de fotos, conte\u00fado de v\u00eddeo, pinturas e outros conte\u00fados do projeto. Cada arquivo pode ser acompanhado por uma descri\u00e7\u00e3o completa e data. Voc\u00ea tem a oportunidade de vincular projetos aos seus sites e dividir os projetos em grupos. <\/p> <p><b>Maior n\u00famero de leads com formas de contato com um clique e links para m\u00eddias sociais!<\/b><\/p> <\/div> <div class=\"application-platform-content-item-features application-platform-content-item\" id=\"features\" data-nav-section=\"features\"> <h2>Oferecemos recursos pr\u00e1ticos e r\u00e1pidos, confira alguns deles: <\/h2> <ul><li>Crie seu portf\u00f3lio de projetos para mostrar trabalhos de qualquer esfera<\/li><li>Defina categorias e atribua projetos a elas<\/li><li>Bot\u00e3o de call to action no cabe\u00e7alho e no pop-up redireciona o usu\u00e1rio para qualquer endere\u00e7o<\/li><li>Adicionar descri\u00e7\u00f5es e datas aos trabalhos no projeto<\/li><li>o cabe\u00e7alho do plugin mostra o nome do autor, foto e texto de descri\u00e7\u00e3o<\/li><\/ul><p><a href=\"#demo\">Voc\u00ea pode descobrir todos os recursos do plugin na demonstra\u00e7\u00e3o nesta p\u00e1gina<\/a><\/p> <\/div> <div class=\"application-platform-content-item-installation application-platform-content-item\" id=\"installation\" data-nav-section=\"installation\"> <h2>Como incorporar o Portf\u00f3lio ao meu site GoDaddy? <\/h2> <p>Basta seguir as orienta\u00e7\u00f5es abaixo para come\u00e7ar a trabalhar com o plugin. <\/p> <ol><li><b>Gerencie nosso configurador gratuito e comece a construir seu instrumento personalizado. <\/b><br> Determine o layout e funcionalidade preferidos da ferramenta e salve as modifica\u00e7\u00f5es. <\/li> <li><b>Copie o c\u00f3digo individual que aparece na janela dos aplicativos Elfsight. <\/b><br> Quando a personaliza\u00e7\u00e3o da sua ferramenta pessoal terminar, copie o c\u00f3digo pessoal no pop-up exibido e salve-o para uso futuro. <\/li> <li><b>Inscreva-se usando a ferramenta no site GoDaddy. <\/b><br> Insira o c\u00f3digo que voc\u00ea copiou antes em sua p\u00e1gina e salve as melhorias. <\/li> <li><b>A instala\u00e7\u00e3o est\u00e1 totalmente conclu\u00edda. <\/b><br> Acesse sua p\u00e1gina para verificar o desempenho do plugin. <\/li><\/ol> <p>Na condi\u00e7\u00e3o de enfrentar d\u00favidas ou enfrentar algumas complica\u00e7\u00f5es, n\u00e3o hesite em recorrer \u00e0 nossa equipe de suporte. Nossos consultores ter\u00e3o prazer em ajud\u00e1-lo com todas as d\u00favidas que voc\u00ea possa ter com o plugin. <\/p> <div class=\"faq\" data-component=\"FAQ\"><div class=\"faq-item\">\r\n\t\t\t\t\t<div class=\"faq-item-question\">\r\n\t\t\t\t\t\t<h3 class=\"faq-item-question-text\">De que forma \u00e9 poss\u00edvel adicionar um Portf\u00f3lio \u00e0 minha p\u00e1gina inicial do GoDaddy sem experi\u00eancia de codifica\u00e7\u00e3o?<\/h3>\r\n\r\n\t\t\t\t\t\t<div class=\"faq-item-question-icon\"><\/div>\r\n\t\t\t\t\t<\/div>\r\n\r\n\t\t\t\t\t<div class=\"faq-item-answer\">\r\n\t\t\t\t\t\t<div class=\"faq-item-answer-text\"> <p>A empresa Elfsight apresenta uma solu\u00e7\u00e3o que permite que voc\u00ea mesmo crie um widget de Portf\u00f3lio, veja o instru\u00e7\u00f5es descomplicadas: V\u00e1 para o Editor ao vivo para formar um plugin de portf\u00f3lio que voc\u00ea gostaria de ver no site GoDaddy. Escolha um dos modelos pr\u00e9-concebidos e modifique as configura\u00e7\u00f5es do portf\u00f3lio, altere o layout e os esquemas de cores incluindo o seu conte\u00fado, sem codifica\u00e7\u00e3o. Salve as configura\u00e7\u00f5es feitas no Portf\u00f3lio e copie seu c\u00f3digo de instala\u00e7\u00e3o, que pode ser facilmente incorporado em qualquer p\u00e1gina inicial do GoDaddy gratuitamente. Com o configurador f\u00e1cil de usar, qualquer usu\u00e1rio da web pode estabelecer um portf\u00f3lio e adicion\u00e1-lo facilmente ao site GoDaddy. N\u00e3o h\u00e1 necessidade de pagar ou divulgar as credenciais do seu cart\u00e3o para acessar o Editor. Se voc\u00ea enfrentar algum problema em qualquer etapa, fale com nosso suporte ao cliente.<\/p> <\/div>\r\n\t\t\t\t\t<\/div>\r\n\t\t\t\t<\/div> <\/div><\/div>\n","protected":false},"excerpt":{"rendered":"","protected":false},"author":9,"featured_media":0,"parent":1235,"menu_order":0,"comment_status":"closed","ping_status":"closed","template":"templates\/template-application-platform.php","meta":{"publish_to_discourse":"","publish_post_category":"","wpdc_auto_publish_overridden":"","wpdc_topic_tags":"","wpdc_pin_topic":"","wpdc_pin_until":"","discourse_post_id":"","discourse_permalink":"","wpdc_publishing_response":"","wpdc_publishing_error":"","footnotes":""},"class_list":["post-7522","page","type-page","status-publish","hentry"],"yoast_head":"<!-- This site is optimized with the Yoast SEO plugin v25.3.1 - https:\/\/yoast.com\/wordpress\/plugins\/seo\/ -->\n<title>Portf\u00f3lio - Adicione o plugin Portf\u00f3lio ao site GoDaddy!<\/title>\n<meta name=\"description\" content=\"Apresente seus melhores trabalhos por meio de um plugin de portf\u00f3lio atraente e criativo para sites GoDaddy! Obtenha mais clientes com apenas alguns cliques!\" \/>\n<meta name=\"robots\" content=\"index, follow, max-snippet:-1, max-image-preview:large, max-video-preview:-1\" \/>\n<link rel=\"canonical\" href=\"https:\/\/elfsight.com\/pt\/portfolio-widget\/godaddy\/\" \/>\n<meta property=\"og:locale\" content=\"pt_PT\" \/>\n<meta property=\"og:type\" content=\"article\" \/>\n<meta property=\"og:title\" content=\"Portf\u00f3lio - Adicione o plugin Portf\u00f3lio ao site GoDaddy!\" \/>\n<meta property=\"og:description\" content=\"Apresente seus melhores trabalhos por meio de um plugin de portf\u00f3lio atraente e criativo para sites GoDaddy! Obtenha mais clientes com apenas alguns cliques!\" \/>\n<meta property=\"og:url\" content=\"https:\/\/elfsight.com\/pt\/portfolio-widget\/godaddy\/\" \/>\n<meta property=\"og:site_name\" content=\"Elfsight PT\" \/>\n<meta property=\"article:modified_time\" content=\"2025-03-07T04:50:26+00:00\" \/>\n<meta name=\"twitter:card\" content=\"summary_large_image\" \/>\n<meta name=\"twitter:label1\" content=\"Tempo estimado de leitura\" \/>\n\t<meta name=\"twitter:data1\" content=\"3 minutos\" \/>\n<!-- \/ Yoast SEO plugin. -->","yoast_head_json":{"title":"Portf\u00f3lio - Adicione o plugin Portf\u00f3lio ao site GoDaddy!","description":"Apresente seus melhores trabalhos por meio de um plugin de portf\u00f3lio atraente e criativo para sites GoDaddy! Obtenha mais clientes com apenas alguns cliques!","robots":{"index":"index","follow":"follow","max-snippet":"max-snippet:-1","max-image-preview":"max-image-preview:large","max-video-preview":"max-video-preview:-1"},"canonical":"https:\/\/elfsight.com\/pt\/portfolio-widget\/godaddy\/","og_locale":"pt_PT","og_type":"article","og_title":"Portf\u00f3lio - Adicione o plugin Portf\u00f3lio ao site GoDaddy!","og_description":"Apresente seus melhores trabalhos por meio de um plugin de portf\u00f3lio atraente e criativo para sites GoDaddy! Obtenha mais clientes com apenas alguns cliques!","og_url":"https:\/\/elfsight.com\/pt\/portfolio-widget\/godaddy\/","og_site_name":"Elfsight PT","article_modified_time":"2025-03-07T04:50:26+00:00","twitter_card":"summary_large_image","twitter_misc":{"Tempo estimado de leitura":"3 minutos"},"schema":{"@context":"https:\/\/schema.org","@graph":[{"@type":"WebPage","@id":"https:\/\/elfsight.com\/pt\/portfolio-widget\/godaddy\/","url":"https:\/\/elfsight.com\/pt\/portfolio-widget\/godaddy\/","name":"Portf\u00f3lio - Adicione o plugin Portf\u00f3lio ao site GoDaddy!","isPartOf":{"@id":"https:\/\/elfsight.com\/pt\/#website"},"datePublished":"1970-01-01T00:00:00+00:00","dateModified":"2025-03-07T04:50:26+00:00","description":"Apresente seus melhores trabalhos por meio de um plugin de portf\u00f3lio atraente e criativo para sites GoDaddy! Obtenha mais clientes com apenas alguns cliques!","breadcrumb":{"@id":"https:\/\/elfsight.com\/pt\/portfolio-widget\/godaddy\/#breadcrumb"},"inLanguage":"pt-PT","potentialAction":[{"@type":"ReadAction","target":["https:\/\/elfsight.com\/pt\/portfolio-widget\/godaddy\/"]}]},{"@type":"BreadcrumbList","@id":"https:\/\/elfsight.com\/pt\/portfolio-widget\/godaddy\/#breadcrumb","itemListElement":[{"@type":"ListItem","position":1,"name":"Home","item":"https:\/\/elfsight.com\/pt\/"},{"@type":"ListItem","position":2,"name":"Portfolio","item":"https:\/\/elfsight.com\/pt\/portfolio-widget\/"},{"@type":"ListItem","position":3,"name":"Portfolio &#8211; GoDaddy"}]},{"@type":"WebSite","@id":"https:\/\/elfsight.com\/pt\/#website","url":"https:\/\/elfsight.com\/pt\/","name":"Elfsight PT","description":"Just another Elfsight Sites site","potentialAction":[{"@type":"SearchAction","target":{"@type":"EntryPoint","urlTemplate":"https:\/\/elfsight.com\/pt\/?s={search_term_string}"},"query-input":{"@type":"PropertyValueSpecification","valueRequired":true,"valueName":"search_term_string"}}],"inLanguage":"pt-PT"}]}},"meta_box":{"industry":"","seo_heading":"","heading":"","description":"","cta_heading":"","cta_description":"","application":"1234","h1":"Plug-in de portf\u00f3lio GoDaddy","h1_caption":"Demonstre suas obras de arte e toda a gama de projetos para atrair novos clientes.","application_category":[],"applications_title":"","applications_request_title":"","applications_request_button_text":"","hero_text":"","hero_video":"","hero_video_schema_markup":"","selling_points_title":"","selling_points_caption":"","selling_points":[],"selling_points_cta_text":"","features_title":"","features":"","ed_cta_examples_text":"","ed_cta_examples_hidden":"","ed_cta_demo_text":"","ed_cta_demo_hidden":"","why_caption":"","why_editor_title":"","why_editor_text":"","why_team_title":"","why_team_text":"","why_service_title":"","why_service_text":"","template_catalog_visible":"0","template_catalog_title":"","template_catalog_text":"","template_catalog_categories_visible":"","demo_title":"Crie o plugin do seu portf\u00f3lio","demo_caption":"Configure seu portf\u00f3lio e adicione-o ao site GoDaddy gratuitamente!","default_faq_hidden":"","app_template_category":[],"platform":"4908","template_public_id":"","codecanyon_url":"","codecanyon_item_id":"","codecanyon_price":"","pricing_caption":"","pricing_elfsight_apps_hide_column":"","pricing_elfsight_apps_url":"","pricing_codecanyon_price_caption":"","integration_category":[],"integration_request_title":"","integration_request_cta":"","integration_platform":"","integrations":[],"platform_category":[],"video_schema_markup":"","price":"a partir de US$ 0\/m\u00eas","trial":"","benefits":[{"text":"Servi\u00e7o de instala\u00e7\u00e3o gratuito"},{"text":"Atendimento ao cliente profissional"},{"text":"Garantia de devolu\u00e7\u00e3o do dinheiro em 14 dias"},{"text":"Atualizando constantemente"}],"button_url":"#demo","button_target_blank":"0","button_nofollow":"0","attributes":[{"name":"Instala\u00e7\u00f5es","content":"10,000 - 100,000"},{"name":"Responsivo","content":"Sim"},{"name":"Navegadores compat\u00edveis","content":"IE11, Firefox, Safari, Opera, Chrome, Edge"}],"tags":[],"tags_disable_links":"0","hide_more_platforms":"0","video_object":"","demo_hide_cta":"0","demo_hide_cloud_options":"0","pricing_title":"","pricing":[{"pricing_icon":"platform","pricing_title":"Elfsight Apps","pricing_title_caption":"Software multiplataforma","pricing_price":"a partir de US$ 0\/m\u00eas","pricing_price_caption":"comece com plano gratuito","pricing_benefits":[{"text":"Sites ilimitados"},{"text":"Suporte 24 horas por dia, 7 dias por semana e pontual"},{"text":"Suporte 24 horas por dia, 7 dias por semana e pontual"},{"text":"100% personaliz\u00e1vel"}],"pricing_button_text":"Adicionar ao site","pricing_button_url":"#demo"}],"related_apps_title":"","related_apps_hidden":"0","author":"","image":[],"title":"","job":"","social_networks":[]},"_links":{"self":[{"href":"https:\/\/elfsight.com\/pt\/wp-json\/wp\/v2\/pages\/7522","targetHints":{"allow":["GET"]}}],"collection":[{"href":"https:\/\/elfsight.com\/pt\/wp-json\/wp\/v2\/pages"}],"about":[{"href":"https:\/\/elfsight.com\/pt\/wp-json\/wp\/v2\/types\/page"}],"author":[{"embeddable":true,"href":"https:\/\/elfsight.com\/pt\/wp-json\/wp\/v2\/users\/9"}],"replies":[{"embeddable":true,"href":"https:\/\/elfsight.com\/pt\/wp-json\/wp\/v2\/comments?post=7522"}],"version-history":[{"count":2,"href":"https:\/\/elfsight.com\/pt\/wp-json\/wp\/v2\/pages\/7522\/revisions"}],"predecessor-version":[{"id":14501,"href":"https:\/\/elfsight.com\/pt\/wp-json\/wp\/v2\/pages\/7522\/revisions\/14501"}],"up":[{"embeddable":true,"href":"https:\/\/elfsight.com\/pt\/wp-json\/wp\/v2\/pages\/1235"}],"wp:attachment":[{"href":"https:\/\/elfsight.com\/pt\/wp-json\/wp\/v2\/media?parent=7522"}],"curies":[{"name":"wp","href":"https:\/\/api.w.org\/{rel}","templated":true}]}}