{"id":7521,"date":"1970-01-01T00:00:00","date_gmt":"1970-01-01T00:00:00","guid":{"rendered":"https:\/\/elfsight.com\/pt\/?page_id=7521"},"modified":"2025-03-07T04:54:13","modified_gmt":"2025-03-07T04:54:13","slug":"prestashop","status":"publish","type":"page","link":"https:\/\/elfsight.com\/pt\/portfolio-widget\/prestashop\/","title":{"rendered":"Portfolio &#8211; PrestaShop"},"content":{"rendered":"\n<div class=\"application-platform-content-item-description application-platform-content-item\" id=\"description\" data-nav-section=\"description\"> <h2>Descri\u00e7\u00e3o<\/h2> <p>O complemento Elfsight Portfolio foi criado para ajudar todos os usu\u00e1rios que desejam mostrar sua cole\u00e7\u00e3o de projetos no site e obter clientes. Com o widget Elfsight, voc\u00ea poder\u00e1 reenviar imagens, conte\u00fado de v\u00eddeo, maquetes e outros conte\u00fados do projeto. Cada arquivo pode apresentar um texto completo e uma data. Voc\u00ea tem a oportunidade de vincular projetos a sites e definir categorias de projetos. Os visitantes do site ver\u00e3o seu portf\u00f3lio, entrar\u00e3o em um projeto e assistir\u00e3o seu conte\u00fado direto no site. O cabe\u00e7alho exibir\u00e1 seu nome, foto e dados de contato, que permitem que voc\u00ea entre em contato com voc\u00ea. O bot\u00e3o ativo levar\u00e1 os usu\u00e1rios \u00e0 p\u00e1gina de fazer pedidos e ajudar\u00e1 voc\u00ea a aumentar o n\u00famero de vendas. <\/p><p><b>Com o Portfolio, alcance o desenvolvimento sustent\u00e1vel dos neg\u00f3cios e aumente as vendas <\/b><\/p> <\/div> <div class=\"application-platform-content-item-features application-platform-content-item\" id=\"features\" data-nav-section=\"features\"> <h2>O widget oferece recursos \u00fateis e descomplicados, veja alguns deles: <\/h2> <ul><li>Crie seu portf\u00f3lio de projetos para mostrar trabalhos de qualquer esfera<\/li><li>Envie fotos e v\u00eddeos para cada projeto<\/li><li>Crie v\u00e1rios projetos com t\u00edtulos<\/li><li>Definir categorias e atribuir projetos a elas<\/li><li>Bot\u00e3o CTA no cabe\u00e7alho e no pop-up redireciona o usu\u00e1rio para qualquer endere\u00e7o<\/li><li>Adicionar descri\u00e7\u00f5es e datas aos trabalhos no projeto<\/li><\/ul><p><a href=\"#demo\">Voc\u00ea pode descobrir a funcionalidade completa do widget na demonstra\u00e7\u00e3o aqui<\/a><\/p> <\/div> <div class=\"application-platform-content-item-installation application-platform-content-item\" id=\"installation\" data-nav-section=\"installation\"> <h2>Como incorporar o Portf\u00f3lio no meu site PrestaShop? <\/h2> <p>Basta seguir as diretrizes abaixo para integrar a ferramenta. <\/p> <ol><li><b>Inicie nosso configurador gratuito e comece a criar seu widget exclusivo. <\/b><br> Encontre o design personalizado e os recursos da ferramenta e salve as edi\u00e7\u00f5es. <\/li> <li><b>Exiba seu c\u00f3digo exclusivo na caixa dos aplicativos Elfsight. <\/b><br> Logo ap\u00f3s a gera\u00e7\u00e3o de sua ferramenta pessoal, copie o c\u00f3digo exclusivo da janela que aparece e salve-o para futuras ocasi\u00f5es. <\/li> <li><b>Comece a utilizar o widget no seu site PrestaShop. <\/b><br> Insira o c\u00f3digo que voc\u00ea copiou anteriormente em seu site e aplique as modifica\u00e7\u00f5es. <\/li> <li><b>Conclu\u00eddo! A integra\u00e7\u00e3o foi realizada com sucesso. <\/b><br> Visite seu site para ver como o complemento funciona. <\/li><\/ol> <p>Na condi\u00e7\u00e3o de enfrentar d\u00favidas ou enfrentar alguns problemas, entre em contato com nossa equipe de suporte. Nossos especialistas ficar\u00e3o entusiasmados em resolver todos os problemas que voc\u00ea possa ter com o complemento. <\/p><div class=\"faq\" data-component=\"FAQ\"><div class=\"faq-item\">\r\n\t\t\t\t\t<div class=\"faq-item-question\">\r\n\t\t\t\t\t\t<h3 class=\"faq-item-question-text\">Existe um m\u00e9todo para incorporar um portf\u00f3lio ao meu site PrestaShop sem nenhuma experi\u00eancia de codifica\u00e7\u00e3o?<\/h3>\r\n\r\n\t\t\t\t\t\t<div class=\"faq-item-question-icon\"><\/div>\r\n\t\t\t\t\t<\/div>\r\n\r\n\t\t\t\t\t<div class=\"faq-item-answer\">\r\n\t\t\t\t\t\t<div class=\"faq-item-answer-text\"> <p>A Elfsight fornece uma solu\u00e7\u00e3o em nuvem que permite aos usu\u00e1rios gerar um widget de portf\u00f3lio, assistir ao etapas simples: V\u00e1 para a demonstra\u00e7\u00e3o on-line para gerar uma se\u00e7\u00e3o de portf\u00f3lio que voc\u00ea gostaria de incorporar em sua p\u00e1gina PrestaShop. Clique em um dos templates pr\u00e9-desenhados e altere as configura\u00e7\u00f5es do Portf\u00f3lio, atualize seu conte\u00fado, transforme o layout e a cor dos elementos sem codifica\u00e7\u00e3o. Salve as configura\u00e7\u00f5es feitas no Portfolio e obtenha o c\u00f3digo de instala\u00e7\u00e3o, que voc\u00ea pode adicionar facilmente em qualquer site PrestaShop usando um plano gratuito. Trabalhando no configurador intuitivo, cada usu\u00e1rio da web pode criar um aplicativo de portf\u00f3lio on-line e col\u00e1-lo facilmente no site PrestaShop. N\u00e3o \u00e9 necess\u00e1rio pagar ou enviar as credenciais do seu cart\u00e3o para acessar o Elfsight Editor. Se voc\u00ea encontrar qualquer tipo de obst\u00e1culo, fale com nossa equipe de suporte t\u00e9cnico.<\/p> <\/div>\r\n\t\t\t\t\t<\/div>\r\n\t\t\t\t<\/div> <\/div> <\/div>\n","protected":false},"excerpt":{"rendered":"","protected":false},"author":9,"featured_media":0,"parent":1235,"menu_order":0,"comment_status":"closed","ping_status":"closed","template":"templates\/template-application-platform.php","meta":{"publish_to_discourse":"","publish_post_category":"","wpdc_auto_publish_overridden":"","wpdc_topic_tags":"","wpdc_pin_topic":"","wpdc_pin_until":"","discourse_post_id":"","discourse_permalink":"","wpdc_publishing_response":"","wpdc_publishing_error":"","footnotes":""},"class_list":["post-7521","page","type-page","status-publish","hentry"],"yoast_head":"<!-- This site is optimized with the Yoast SEO plugin v25.3.1 - https:\/\/yoast.com\/wordpress\/plugins\/seo\/ -->\n<title>Complemento de portf\u00f3lio para site PrestaShop (gratuito e r\u00e1pido)<\/title>\n<meta name=\"description\" content=\"Esta \u00e9 uma oportunidade de criar um complemento do Portf\u00f3lio PrestaShop e incorpor\u00e1-lo ao seu site. Voc\u00ea desfrutar\u00e1 de um servi\u00e7o ao cliente gratuito e vital\u00edcio.\" \/>\n<meta name=\"robots\" content=\"index, follow, max-snippet:-1, max-image-preview:large, max-video-preview:-1\" \/>\n<link rel=\"canonical\" href=\"https:\/\/elfsight.com\/pt\/portfolio-widget\/prestashop\/\" \/>\n<meta property=\"og:locale\" content=\"pt_PT\" \/>\n<meta property=\"og:type\" content=\"article\" \/>\n<meta property=\"og:title\" content=\"Complemento de portf\u00f3lio para site PrestaShop (gratuito e r\u00e1pido)\" \/>\n<meta property=\"og:description\" content=\"Esta \u00e9 uma oportunidade de criar um complemento do Portf\u00f3lio PrestaShop e incorpor\u00e1-lo ao seu site. Voc\u00ea desfrutar\u00e1 de um servi\u00e7o ao cliente gratuito e vital\u00edcio.\" \/>\n<meta property=\"og:url\" content=\"https:\/\/elfsight.com\/pt\/portfolio-widget\/prestashop\/\" \/>\n<meta property=\"og:site_name\" content=\"Elfsight PT\" \/>\n<meta property=\"article:modified_time\" content=\"2025-03-07T04:54:13+00:00\" \/>\n<meta name=\"twitter:card\" content=\"summary_large_image\" \/>\n<meta name=\"twitter:label1\" content=\"Tempo estimado de leitura\" \/>\n\t<meta name=\"twitter:data1\" content=\"3 minutos\" \/>\n<!-- \/ Yoast SEO plugin. -->","yoast_head_json":{"title":"Complemento de portf\u00f3lio para site PrestaShop (gratuito e r\u00e1pido)","description":"Esta \u00e9 uma oportunidade de criar um complemento do Portf\u00f3lio PrestaShop e incorpor\u00e1-lo ao seu site. Voc\u00ea desfrutar\u00e1 de um servi\u00e7o ao cliente gratuito e vital\u00edcio.","robots":{"index":"index","follow":"follow","max-snippet":"max-snippet:-1","max-image-preview":"max-image-preview:large","max-video-preview":"max-video-preview:-1"},"canonical":"https:\/\/elfsight.com\/pt\/portfolio-widget\/prestashop\/","og_locale":"pt_PT","og_type":"article","og_title":"Complemento de portf\u00f3lio para site PrestaShop (gratuito e r\u00e1pido)","og_description":"Esta \u00e9 uma oportunidade de criar um complemento do Portf\u00f3lio PrestaShop e incorpor\u00e1-lo ao seu site. Voc\u00ea desfrutar\u00e1 de um servi\u00e7o ao cliente gratuito e vital\u00edcio.","og_url":"https:\/\/elfsight.com\/pt\/portfolio-widget\/prestashop\/","og_site_name":"Elfsight PT","article_modified_time":"2025-03-07T04:54:13+00:00","twitter_card":"summary_large_image","twitter_misc":{"Tempo estimado de leitura":"3 minutos"},"schema":{"@context":"https:\/\/schema.org","@graph":[{"@type":"WebPage","@id":"https:\/\/elfsight.com\/pt\/portfolio-widget\/prestashop\/","url":"https:\/\/elfsight.com\/pt\/portfolio-widget\/prestashop\/","name":"Complemento de portf\u00f3lio para site PrestaShop (gratuito e r\u00e1pido)","isPartOf":{"@id":"https:\/\/elfsight.com\/pt\/#website"},"datePublished":"1970-01-01T00:00:00+00:00","dateModified":"2025-03-07T04:54:13+00:00","description":"Esta \u00e9 uma oportunidade de criar um complemento do Portf\u00f3lio PrestaShop e incorpor\u00e1-lo ao seu site. Voc\u00ea desfrutar\u00e1 de um servi\u00e7o ao cliente gratuito e vital\u00edcio.","breadcrumb":{"@id":"https:\/\/elfsight.com\/pt\/portfolio-widget\/prestashop\/#breadcrumb"},"inLanguage":"pt-PT","potentialAction":[{"@type":"ReadAction","target":["https:\/\/elfsight.com\/pt\/portfolio-widget\/prestashop\/"]}]},{"@type":"BreadcrumbList","@id":"https:\/\/elfsight.com\/pt\/portfolio-widget\/prestashop\/#breadcrumb","itemListElement":[{"@type":"ListItem","position":1,"name":"Home","item":"https:\/\/elfsight.com\/pt\/"},{"@type":"ListItem","position":2,"name":"Portfolio","item":"https:\/\/elfsight.com\/pt\/portfolio-widget\/"},{"@type":"ListItem","position":3,"name":"Portfolio &#8211; PrestaShop"}]},{"@type":"WebSite","@id":"https:\/\/elfsight.com\/pt\/#website","url":"https:\/\/elfsight.com\/pt\/","name":"Elfsight PT","description":"Just another Elfsight Sites site","potentialAction":[{"@type":"SearchAction","target":{"@type":"EntryPoint","urlTemplate":"https:\/\/elfsight.com\/pt\/?s={search_term_string}"},"query-input":{"@type":"PropertyValueSpecification","valueRequired":true,"valueName":"search_term_string"}}],"inLanguage":"pt-PT"}]}},"meta_box":{"industry":"","seo_heading":"","heading":"","description":"","cta_heading":"","cta_description":"","application":"1234","h1":"Modelo de portf\u00f3lio PrestaShop","h1_caption":"Deixe o p\u00fablico assistir seus trabalhos e projetos completos para conquistar ainda mais clientes","application_category":[],"applications_title":"","applications_request_title":"","applications_request_button_text":"","hero_text":"","hero_video":"","hero_video_schema_markup":"","selling_points_title":"","selling_points_caption":"","selling_points":[],"selling_points_cta_text":"","features_title":"","features":"","ed_cta_examples_text":"","ed_cta_examples_hidden":"","ed_cta_demo_text":"","ed_cta_demo_hidden":"","why_caption":"","why_editor_title":"","why_editor_text":"","why_team_title":"","why_team_text":"","why_service_title":"","why_service_text":"","template_catalog_visible":"0","template_catalog_title":"","template_catalog_text":"","template_catalog_categories_visible":"","demo_title":"Crie seu complemento de portf\u00f3lio","demo_caption":"Configure seu portf\u00f3lio e adicione-o gratuitamente ao seu site PrestaShop!","default_faq_hidden":"","app_template_category":[],"platform":"5343","template_public_id":"","codecanyon_url":"","codecanyon_item_id":"","codecanyon_price":"","pricing_caption":"","pricing_elfsight_apps_hide_column":"","pricing_elfsight_apps_url":"","pricing_codecanyon_price_caption":"","integration_category":[],"integration_request_title":"","integration_request_cta":"","integration_platform":"","integrations":[],"platform_category":[],"video_schema_markup":"","price":"a partir de US$ 0\/m\u00eas","trial":"","benefits":[{"text":"Ajuda de instala\u00e7\u00e3o gratuita"},{"text":"Suporte ao cliente experiente"},{"text":"Garantia de reembolso de 14 dias"},{"text":"Atualizando constantemente"}],"button_url":"#demo","button_target_blank":"0","button_nofollow":"0","attributes":[{"name":"Instala\u00e7\u00f5es","content":"10,000 - 100,000"},{"name":"Responsivo","content":"Sim"},{"name":"Navegadores compat\u00edveis","content":"Firefox, Safari, Opera, Chrome, Edge"}],"tags":[],"tags_disable_links":"0","hide_more_platforms":"0","video_object":"","demo_hide_cta":"0","demo_hide_cloud_options":"0","pricing_title":"","pricing":[{"pricing_icon":"platform","pricing_title":"Elfsight Apps","pricing_title_caption":"Solu\u00e7\u00e3o independente de plataforma que se adapta a qualquer site","pricing_price":"a partir de US$ 0\/m\u00eas","pricing_price_caption":"comece com um plano gratuito","pricing_benefits":[{"text":"Sites ilimitados"},{"text":"Suporte r\u00e1pido \u00e0 empresa"},{"text":"Suporte r\u00e1pido \u00e0 empresa"},{"text":"Design flex\u00edvel"}],"pricing_button_text":"Adicionar ao site","pricing_button_url":"#demo"}],"related_apps_title":"","related_apps_hidden":"0","author":"","image":[],"title":"","job":"","social_networks":[]},"_links":{"self":[{"href":"https:\/\/elfsight.com\/pt\/wp-json\/wp\/v2\/pages\/7521","targetHints":{"allow":["GET"]}}],"collection":[{"href":"https:\/\/elfsight.com\/pt\/wp-json\/wp\/v2\/pages"}],"about":[{"href":"https:\/\/elfsight.com\/pt\/wp-json\/wp\/v2\/types\/page"}],"author":[{"embeddable":true,"href":"https:\/\/elfsight.com\/pt\/wp-json\/wp\/v2\/users\/9"}],"replies":[{"embeddable":true,"href":"https:\/\/elfsight.com\/pt\/wp-json\/wp\/v2\/comments?post=7521"}],"version-history":[{"count":2,"href":"https:\/\/elfsight.com\/pt\/wp-json\/wp\/v2\/pages\/7521\/revisions"}],"predecessor-version":[{"id":14503,"href":"https:\/\/elfsight.com\/pt\/wp-json\/wp\/v2\/pages\/7521\/revisions\/14503"}],"up":[{"embeddable":true,"href":"https:\/\/elfsight.com\/pt\/wp-json\/wp\/v2\/pages\/1235"}],"wp:attachment":[{"href":"https:\/\/elfsight.com\/pt\/wp-json\/wp\/v2\/media?parent=7521"}],"curies":[{"name":"wp","href":"https:\/\/api.w.org\/{rel}","templated":true}]}}