{"id":7463,"date":"1970-01-01T00:00:00","date_gmt":"1970-01-01T00:00:00","guid":{"rendered":"https:\/\/elfsight.com\/pt\/?page_id=7463"},"modified":"2024-11-13T11:38:40","modified_gmt":"2024-11-13T11:38:40","slug":"drupal","status":"publish","type":"page","link":"https:\/\/elfsight.com\/pt\/podcast-player-widget\/drupal\/","title":{"rendered":"Podcast Player &#8211; Drupal"},"content":{"rendered":"<div class=\"application-platform-content-item-description application-platform-content-item\" id=\"description\" data-nav-section=\"description\"> <h2>Descri\u00e7\u00e3o<\/h2> <p>Elfsight Podcast Player \u00e9 um m\u00f3dulo descomplicado para Drupal que permite transmitir podcasts nas p\u00e1ginas do seu site . O widget \u00e9 altamente ajust\u00e1vel: voc\u00ea pode alterar seu posicionamento, posicionando-o em qualquer lugar da p\u00e1gina, dimensionar seu tamanho, fazer sobre o fundo e outros elementos para combin\u00e1-lo com o estilo do seu site, aplicar esquema de cores escuras, demonstrar imagens e demonstrar ou ocultar 3 componentes adicionais do jogador, por exemplo barra de progresso e outros. Entretenha seus visitantes, ative a op\u00e7\u00e3o de reprodu\u00e7\u00e3o autom\u00e1tica e n\u00e3o tenha d\u00favidas: seus usu\u00e1rios n\u00e3o sair\u00e3o do seu site imediatamente! <\/p> <p><b>Encante seus usu\u00e1rios fornecendo-lhes materiais pr\u00e1ticos e divertidos por meio do Elfsight Podcast Player<\/b><\/p> <\/div> <div class=\"application-platform-content-item-features application-platform-content-item\" id=\"features\" data-nav-section=\"features\"> <h2> Os recursos mais necess\u00e1rios do m\u00f3dulo oferecem<\/h2> <ul><li>Numerosas altera\u00e7\u00f5es de cores. <\/li><li>Dois layouts prontos para uso. <\/li><li>Uma oportunidade para adicionar imagem de fundo. <\/li><li>Adicione uma quantidade ilimitada de faixas. <\/li><li>Uma op\u00e7\u00e3o para formar seu pr\u00f3prio esquema de cores. <\/li><\/ul><p><a href=\"#demo\">Basta verificar esta demonstra\u00e7\u00e3o para ver quanto vale o m\u00f3dulo<\/a><\/p> <\/div> <div class=\"application-platform-content-item-installation application-platform-content-item\" id=\"installation\" data-nav-section=\"installation\"> <h2>Como adicionar o Podcast Player \u00e0 minha p\u00e1gina Drupal? <\/h2><div class=\"video-container\"><iframe width=\"720\" height=\"405\" src=\"https:\/\/www.youtube.com\/embed\/A1CRkUJ299A\" frameborder=\"0\" allowfullscreen><\/iframe><\/div><p>Basta aplicar as instru\u00e7\u00f5es abaixo para incorporar a ferramenta. <\/p> <ol><li><b>Execute nosso editor gratuito e comece a construir seu m\u00f3dulo exclusivo. <\/b><br> Encontre a apar\u00eancia personalizada e as op\u00e7\u00f5es do m\u00f3dulo e aplique todas as corre\u00e7\u00f5es. <\/li> <li><b>Obtenha o c\u00f3digo individual mostrado no formul\u00e1rio especial nas aplica\u00e7\u00f5es Elfsight. <\/b><br> Assim que a cria\u00e7\u00e3o do seu m\u00f3dulo for conclu\u00edda, copie o c\u00f3digo individual na caixa que surgiu e salve-o para futuras ocasi\u00f5es. <\/li> <li><b>Iniciar a utiliza\u00e7\u00e3o do m\u00f3dulo no site Drupal. <\/b><br> Integre o c\u00f3digo salvo anteriormente em sua p\u00e1gina e salve as corre\u00e7\u00f5es. <\/li> <li><b>Pronto! A configura\u00e7\u00e3o foi finalizada com sucesso. <\/b><br> Visite seu site para examinar como o m\u00f3dulo est\u00e1 operando. <\/li><\/ol><p>Sob a condi\u00e7\u00e3o de lidar com d\u00favidas ou enfrentar quaisquer problemas, sinta-se \u00e0 vontade para escrever para nossa equipe de atendimento ao cliente. Nossos consultores ter\u00e3o prazer em ajud\u00e1-lo com todos os problemas que voc\u00ea possa ter com o produto. <\/p> <\/div>","protected":false},"excerpt":{"rendered":"","protected":false},"author":9,"featured_media":0,"parent":1216,"menu_order":0,"comment_status":"closed","ping_status":"closed","template":"templates\/template-application-platform.php","meta":{"publish_to_discourse":"","publish_post_category":"","wpdc_auto_publish_overridden":"","wpdc_topic_tags":"","wpdc_pin_topic":"","wpdc_pin_until":"","discourse_post_id":"","discourse_permalink":"","wpdc_publishing_response":"","wpdc_publishing_error":"","footnotes":""},"class_list":["post-7463","page","type-page","status-publish","hentry"],"yoast_head":"<!-- This site is optimized with the Yoast SEO plugin v25.3.1 - https:\/\/yoast.com\/wordpress\/plugins\/seo\/ -->\n<title>Elfsight Podcast Player para site Drupal (f\u00e1cil e gratuito)<\/title>\n<meta name=\"description\" content=\"Use nossa demonstra\u00e7\u00e3o pr\u00e1tica e adicione um Podcast Player responsivo \u00e0 sua p\u00e1gina Drupal. Use nossa demonstra\u00e7\u00e3o acess\u00edvel e crie seu widget personalizado com um clique!\" \/>\n<meta name=\"robots\" content=\"index, follow, max-snippet:-1, max-image-preview:large, max-video-preview:-1\" \/>\n<link rel=\"canonical\" href=\"https:\/\/elfsight.com\/pt\/podcast-player-widget\/drupal\/\" \/>\n<meta property=\"og:locale\" content=\"pt_PT\" \/>\n<meta property=\"og:type\" content=\"article\" \/>\n<meta property=\"og:title\" content=\"Elfsight Podcast Player para site Drupal (f\u00e1cil e gratuito)\" \/>\n<meta property=\"og:description\" content=\"Use nossa demonstra\u00e7\u00e3o pr\u00e1tica e adicione um Podcast Player responsivo \u00e0 sua p\u00e1gina Drupal. Use nossa demonstra\u00e7\u00e3o acess\u00edvel e crie seu widget personalizado com um clique!\" \/>\n<meta property=\"og:url\" content=\"https:\/\/elfsight.com\/pt\/podcast-player-widget\/drupal\/\" \/>\n<meta property=\"og:site_name\" content=\"Elfsight PT\" \/>\n<meta property=\"article:modified_time\" content=\"2024-11-13T11:38:40+00:00\" \/>\n<meta name=\"twitter:card\" content=\"summary_large_image\" \/>\n<meta name=\"twitter:label1\" content=\"Tempo estimado de leitura\" \/>\n\t<meta name=\"twitter:data1\" content=\"2 minutos\" \/>\n<!-- \/ Yoast SEO plugin. -->","yoast_head_json":{"title":"Elfsight Podcast Player para site Drupal (f\u00e1cil e gratuito)","description":"Use nossa demonstra\u00e7\u00e3o pr\u00e1tica e adicione um Podcast Player responsivo \u00e0 sua p\u00e1gina Drupal. Use nossa demonstra\u00e7\u00e3o acess\u00edvel e crie seu widget personalizado com um clique!","robots":{"index":"index","follow":"follow","max-snippet":"max-snippet:-1","max-image-preview":"max-image-preview:large","max-video-preview":"max-video-preview:-1"},"canonical":"https:\/\/elfsight.com\/pt\/podcast-player-widget\/drupal\/","og_locale":"pt_PT","og_type":"article","og_title":"Elfsight Podcast Player para site Drupal (f\u00e1cil e gratuito)","og_description":"Use nossa demonstra\u00e7\u00e3o pr\u00e1tica e adicione um Podcast Player responsivo \u00e0 sua p\u00e1gina Drupal. Use nossa demonstra\u00e7\u00e3o acess\u00edvel e crie seu widget personalizado com um clique!","og_url":"https:\/\/elfsight.com\/pt\/podcast-player-widget\/drupal\/","og_site_name":"Elfsight PT","article_modified_time":"2024-11-13T11:38:40+00:00","twitter_card":"summary_large_image","twitter_misc":{"Tempo estimado de leitura":"2 minutos"},"schema":{"@context":"https:\/\/schema.org","@graph":[{"@type":"WebPage","@id":"https:\/\/elfsight.com\/pt\/podcast-player-widget\/drupal\/","url":"https:\/\/elfsight.com\/pt\/podcast-player-widget\/drupal\/","name":"Elfsight Podcast Player para site Drupal (f\u00e1cil e gratuito)","isPartOf":{"@id":"https:\/\/elfsight.com\/pt\/#website"},"datePublished":"1970-01-01T00:00:00+00:00","dateModified":"2024-11-13T11:38:40+00:00","description":"Use nossa demonstra\u00e7\u00e3o pr\u00e1tica e adicione um Podcast Player responsivo \u00e0 sua p\u00e1gina Drupal. Use nossa demonstra\u00e7\u00e3o acess\u00edvel e crie seu widget personalizado com um clique!","breadcrumb":{"@id":"https:\/\/elfsight.com\/pt\/podcast-player-widget\/drupal\/#breadcrumb"},"inLanguage":"pt-PT","potentialAction":[{"@type":"ReadAction","target":["https:\/\/elfsight.com\/pt\/podcast-player-widget\/drupal\/"]}]},{"@type":"BreadcrumbList","@id":"https:\/\/elfsight.com\/pt\/podcast-player-widget\/drupal\/#breadcrumb","itemListElement":[{"@type":"ListItem","position":1,"name":"Home","item":"https:\/\/elfsight.com\/pt\/"},{"@type":"ListItem","position":2,"name":"Podcast Player","item":"https:\/\/elfsight.com\/pt\/podcast-player-widget\/"},{"@type":"ListItem","position":3,"name":"Podcast Player &#8211; Drupal"}]},{"@type":"WebSite","@id":"https:\/\/elfsight.com\/pt\/#website","url":"https:\/\/elfsight.com\/pt\/","name":"Elfsight PT","description":"Just another Elfsight Sites site","potentialAction":[{"@type":"SearchAction","target":{"@type":"EntryPoint","urlTemplate":"https:\/\/elfsight.com\/pt\/?s={search_term_string}"},"query-input":{"@type":"PropertyValueSpecification","valueRequired":true,"valueName":"search_term_string"}}],"inLanguage":"pt-PT"}]}},"meta_box":{"industry":"","seo_heading":"","heading":"","description":"","cta_heading":"","cta_description":"","application":"1215","h1":"M\u00f3dulo Drupal Podcast Player","h1_caption":"Ofere\u00e7a ao seu p\u00fablico uma nova experi\u00eancia e receba clientes fi\u00e9is com facilidade","application_category":[],"applications_title":"","applications_request_title":"","applications_request_button_text":"","hero_text":"","hero_video":"","hero_video_schema_markup":"","selling_points_title":"","selling_points_caption":"","selling_points":[],"selling_points_cta_text":"","features_title":"","features":"","ed_cta_examples_text":"","ed_cta_examples_hidden":"","ed_cta_demo_text":"","ed_cta_demo_hidden":"","why_caption":"","why_editor_title":"","why_editor_text":"","why_team_title":"","why_team_text":"","why_service_title":"","why_service_text":"","template_catalog_visible":"","template_catalog_title":"","template_catalog_text":"","template_catalog_categories_visible":"","demo_title":"Crie seu m\u00f3dulo Podcast Player","demo_caption":"Configure seu Podcast Player e adicione-o ao seu site Drupal gratuitamente!","default_faq_hidden":"","app_template_category":[],"platform":"4905","template_public_id":"","codecanyon_url":"","codecanyon_item_id":"","codecanyon_price":"","pricing_caption":"","pricing_elfsight_apps_hide_column":"","pricing_elfsight_apps_url":"","pricing_codecanyon_price_caption":"","integration_category":[],"integration_request_title":"","integration_request_cta":"","integration_platform":"","integrations":[],"platform_category":[],"video_schema_markup":"","price":"a partir de US$ 0\/m\u00eas","trial":"","benefits":[{"text":"Assist\u00eancia de instala\u00e7\u00e3o gratuita"},{"text":"Atendimento ao cliente profissional"},{"text":"Garantia de devolu\u00e7\u00e3o do dinheiro em 14 dias"},{"text":"Atualiza\u00e7\u00f5es gratuitas cont\u00ednuas"}],"button_url":"#demo","button_target_blank":"","button_nofollow":"","attributes":[{"name":"Instala\u00e7\u00f5es","content":"10,000 - 100,000"},{"name":"Responsivo","content":"Sim"},{"name":"Navegadores compat\u00edveis","content":"Firefox, Safari, Opera, Chrome, Edge"}],"tags":[],"tags_disable_links":"","hide_more_platforms":"","video_object":"","demo_hide_cta":"","demo_hide_cloud_options":"","pricing_title":"","pricing":[{"pricing_icon":"platform","pricing_title":"Elfsight Apps","pricing_title_caption":"Vers\u00e3o independente de plataforma adequada para qualquer site","pricing_price":"a partir de US$ 0\/m\u00eas","pricing_price_caption":"comece com plano gratuito","pricing_benefits":[{"text":"Sites ilimitados"},{"text":"Suporte ao cliente dedicado e bem documentado"},{"text":"Suporte ao cliente dedicado e bem documentado"},{"text":"Pre\u00e7o a ser pago para v\u00e1rios aplicativos"}],"pricing_button_text":"Adicionar ao site","pricing_button_url":"#demo"}],"related_apps_title":"","related_apps_hidden":"","author":"","image":[],"title":"","job":"","social_networks":[]},"_links":{"self":[{"href":"https:\/\/elfsight.com\/pt\/wp-json\/wp\/v2\/pages\/7463","targetHints":{"allow":["GET"]}}],"collection":[{"href":"https:\/\/elfsight.com\/pt\/wp-json\/wp\/v2\/pages"}],"about":[{"href":"https:\/\/elfsight.com\/pt\/wp-json\/wp\/v2\/types\/page"}],"author":[{"embeddable":true,"href":"https:\/\/elfsight.com\/pt\/wp-json\/wp\/v2\/users\/9"}],"replies":[{"embeddable":true,"href":"https:\/\/elfsight.com\/pt\/wp-json\/wp\/v2\/comments?post=7463"}],"version-history":[{"count":2,"href":"https:\/\/elfsight.com\/pt\/wp-json\/wp\/v2\/pages\/7463\/revisions"}],"predecessor-version":[{"id":12079,"href":"https:\/\/elfsight.com\/pt\/wp-json\/wp\/v2\/pages\/7463\/revisions\/12079"}],"up":[{"embeddable":true,"href":"https:\/\/elfsight.com\/pt\/wp-json\/wp\/v2\/pages\/1216"}],"wp:attachment":[{"href":"https:\/\/elfsight.com\/pt\/wp-json\/wp\/v2\/media?parent=7463"}],"curies":[{"name":"wp","href":"https:\/\/api.w.org\/{rel}","templated":true}]}}