{"id":7456,"date":"1970-01-01T00:00:00","date_gmt":"1970-01-01T00:00:00","guid":{"rendered":"https:\/\/elfsight.com\/pt\/?page_id=7456"},"modified":"2025-02-27T09:30:02","modified_gmt":"2025-02-27T09:30:02","slug":"elementor","status":"publish","type":"page","link":"https:\/\/elfsight.com\/pt\/podcast-player-widget\/elementor\/","title":{"rendered":"Podcast Player &#8211; Elementor"},"content":{"rendered":"\n<div class=\"application-platform-content-item-description application-platform-content-item\" id=\"description\" data-nav-section=\"description\"> <h2>Incorpore Podcast Player no Elementor com o widget Elfsight<\/h2> <p>Elfsight Podcast Player \u00e9 um plugin simples para sites Elementor que permite que voc\u00ea para reproduzir podcasts diretamente na sua p\u00e1gina inicial. O plugin \u00e9 extremamente personaliz\u00e1vel: voc\u00ea pode alterar seu posicionamento, configurando-o em qualquer lugar da p\u00e1gina, dimensionar seu tamanho, fazer sobre o fundo e todas as outras partes para combin\u00e1-lo com o layout do seu site, usar tema escuro, mostrar capas e mostrar ou ocultar 3 outros detalhes do jogador, como barra de progresso e outros. Envolva o seu p\u00fablico, ative a reprodu\u00e7\u00e3o autom\u00e1tica e tenha certeza: seu p\u00fablico n\u00e3o sair\u00e1 do seu site imediatamente! <\/p> <p><b>Encante seu p\u00fablico fornecendo-lhes materiais valiosos e cativantes com a ajuda do Elfsight Podcast Player<\/b><\/p> <\/div> <div class=\"application-platform-content-item-features application-platform-content-item\" id=\"features\" data-nav-section=\"features\"> <h2> Os principais recursos do widget oferecem<\/h2> <ul><li>V\u00e1rias varia\u00e7\u00f5es de cores. <\/li><li>2 layouts dispon\u00edveis. <\/li><li>Uma op\u00e7\u00e3o para usar imagem de fundo. <\/li><li>Adicione uma quantidade infinita de faixas. <\/li><li>Uma possibilidade de moldar seu tema de cores personalizado. <\/li><\/ul><p><a href=\"#demo\">Voc\u00ea pode conferir todos os recursos do widget na demonstra\u00e7\u00e3o nesta p\u00e1gina<\/a><\/p> <\/div> <div class=\"application-platform-content-item-installation application-platform-content-item\" id=\"installation\" data-nav-section=\"installation\"> <h2>Como incorporo o Podcast Player ao meu site Elementor? <\/h2><div class=\"video-container\"><iframe width=\"720\" height=\"405\" src=\"https:\/\/www.youtube.com\/embed\/PAInxny7X5o\" frameborder=\"0\" allowfullscreen=\"\"><\/iframe><\/div><p>Basta seguir as orienta\u00e7\u00f5es abaixo para adicionar a ferramenta. <\/p> <ol><li><b>Utilize nosso configurador gratuito e comece a formar seu instrumento personalizado. <\/b><br> Especifique o layout adequado e as caracter\u00edsticas funcionais do plugin e salve as corre\u00e7\u00f5es. <\/li> <li><b>Receba o c\u00f3digo exclusivo exposto na janela dos aplicativos Elfsight. <\/b><br> Assim que a gera\u00e7\u00e3o do seu plugin pessoal for conclu\u00edda, copie o c\u00f3digo exclusivo do popup que surgiu e guarde-o para futuras ocasi\u00f5es. <\/li> <li><b>Comece a usar o widget em seu site Elementor. <\/b><br> Insira o c\u00f3digo que voc\u00ea salvou recentemente em sua p\u00e1gina e salve as melhorias. <\/li> <li><b>Conclu\u00eddo! A incorpora\u00e7\u00e3o foi finalizada com sucesso. <\/b><br> Visite sua p\u00e1gina da web para ver o trabalho do widget em a\u00e7\u00e3o. <\/li><\/ol> <p>Na condi\u00e7\u00e3o de lidar com d\u00favidas ou enfrentar alguns obst\u00e1culos, n\u00e3o hesite em entrar em contato com nossa equipe de atendimento ao cliente. Nossos especialistas ter\u00e3o prazer em resolver todas as d\u00favidas que voc\u00ea possa ter com a ferramenta. <\/p> \n<div class=\"faq\" data-component=\"FAQ\"><div class=\"faq-item\">\r\n\t\t\t\t\t<div class=\"faq-item-question\">\r\n\t\t\t\t\t\t<h3 class=\"faq-item-question-text\">Como posso adicionar um widget de reprodutor de podcast \u00e0 minha p\u00e1gina do Elementor sem conhecimentos de programa\u00e7\u00e3o?<\/h3>\r\n\r\n\t\t\t\t\t\t<div class=\"faq-item-question-icon\"><\/div>\r\n\t\t\t\t\t<\/div>\r\n\r\n\t\t\t\t\t<div class=\"faq-item-answer\">\r\n\t\t\t\t\t\t<div class=\"faq-item-answer-text\"><p>Elfsight oferece uma solu\u00e7\u00e3o simples baseada em nuvem que permite criar facilmente um widget de reprodutor de podcast. Veja como \u00e9 f\u00e1cil:<\/p>\n\n<li>Use o editor online para criar a se\u00e7\u00e3o do reprodutor de podcast para sua p\u00e1gina do Elementor.<\/li>\n\n<li>Escolha um modelo, ajuste as configura\u00e7\u00f5es, layout e cores e insira seu conte\u00fado \u2013 tudo sem precisar de c\u00f3digo.<\/li>\n\n<li>Salve suas personaliza\u00e7\u00f5es e obtenha o c\u00f3digo de incorpora\u00e7\u00e3o, que voc\u00ea pode facilmente adicionar \u00e0 sua p\u00e1gina do Elementor \u2013 gratuitamente.<\/li>\n\n<p>Com o editor f\u00e1cil de usar, qualquer pessoa pode criar um widget de reprodutor de podcast e inseri-lo em sua p\u00e1gina do Elementor. O acesso ao editor \u00e9 gratuito, sem necessidade de informa\u00e7\u00f5es de cart\u00e3o de cr\u00e9dito. Se encontrar algum problema, nossa equipe de suporte est\u00e1 \u00e0 disposi\u00e7\u00e3o para ajudar.<\/p><\/div>\r\n\t\t\t\t\t<\/div>\r\n\t\t\t\t<\/div><\/div>\n<\/div>\n","protected":false},"excerpt":{"rendered":"","protected":false},"author":9,"featured_media":0,"parent":1216,"menu_order":0,"comment_status":"closed","ping_status":"closed","template":"templates\/template-application-platform.php","meta":{"publish_to_discourse":"","publish_post_category":"","wpdc_auto_publish_overridden":"","wpdc_topic_tags":"","wpdc_pin_topic":"","wpdc_pin_until":"","discourse_post_id":"","discourse_permalink":"","wpdc_publishing_response":"","wpdc_publishing_error":"","footnotes":""},"class_list":["post-7456","page","type-page","status-publish","hentry"],"yoast_head":"<!-- This site is optimized with the Yoast SEO plugin v25.3.1 - https:\/\/yoast.com\/wordpress\/plugins\/seo\/ -->\n<title>P\u00e1gina da web do Elfsight Podcast Player para Elementor (gratuito e r\u00e1pido)<\/title>\n<meta name=\"description\" content=\"Aplique nossa demonstra\u00e7\u00e3o acess\u00edvel e incorpore um Podcast Player responsivo em sua p\u00e1gina da web Elementor. Use nossa demonstra\u00e7\u00e3o conveniente e crie seu widget personalizado sem esfor\u00e7o!\" \/>\n<meta name=\"robots\" content=\"index, follow, max-snippet:-1, max-image-preview:large, max-video-preview:-1\" \/>\n<link rel=\"canonical\" href=\"https:\/\/elfsight.com\/pt\/podcast-player-widget\/elementor\/\" \/>\n<meta property=\"og:locale\" content=\"pt_PT\" \/>\n<meta property=\"og:type\" content=\"article\" \/>\n<meta property=\"og:title\" content=\"P\u00e1gina da web do Elfsight Podcast Player para Elementor (gratuito e r\u00e1pido)\" \/>\n<meta property=\"og:description\" content=\"Aplique nossa demonstra\u00e7\u00e3o acess\u00edvel e incorpore um Podcast Player responsivo em sua p\u00e1gina da web Elementor. Use nossa demonstra\u00e7\u00e3o conveniente e crie seu widget personalizado sem esfor\u00e7o!\" \/>\n<meta property=\"og:url\" content=\"https:\/\/elfsight.com\/pt\/podcast-player-widget\/elementor\/\" \/>\n<meta property=\"og:site_name\" content=\"Elfsight PT\" \/>\n<meta property=\"article:modified_time\" content=\"2025-02-27T09:30:02+00:00\" \/>\n<meta name=\"twitter:card\" content=\"summary_large_image\" \/>\n<meta name=\"twitter:label1\" content=\"Tempo estimado de leitura\" \/>\n\t<meta name=\"twitter:data1\" content=\"3 minutos\" \/>\n<!-- \/ Yoast SEO plugin. -->","yoast_head_json":{"title":"P\u00e1gina da web do Elfsight Podcast Player para Elementor (gratuito e r\u00e1pido)","description":"Aplique nossa demonstra\u00e7\u00e3o acess\u00edvel e incorpore um Podcast Player responsivo em sua p\u00e1gina da web Elementor. Use nossa demonstra\u00e7\u00e3o conveniente e crie seu widget personalizado sem esfor\u00e7o!","robots":{"index":"index","follow":"follow","max-snippet":"max-snippet:-1","max-image-preview":"max-image-preview:large","max-video-preview":"max-video-preview:-1"},"canonical":"https:\/\/elfsight.com\/pt\/podcast-player-widget\/elementor\/","og_locale":"pt_PT","og_type":"article","og_title":"P\u00e1gina da web do Elfsight Podcast Player para Elementor (gratuito e r\u00e1pido)","og_description":"Aplique nossa demonstra\u00e7\u00e3o acess\u00edvel e incorpore um Podcast Player responsivo em sua p\u00e1gina da web Elementor. Use nossa demonstra\u00e7\u00e3o conveniente e crie seu widget personalizado sem esfor\u00e7o!","og_url":"https:\/\/elfsight.com\/pt\/podcast-player-widget\/elementor\/","og_site_name":"Elfsight PT","article_modified_time":"2025-02-27T09:30:02+00:00","twitter_card":"summary_large_image","twitter_misc":{"Tempo estimado de leitura":"3 minutos"},"schema":{"@context":"https:\/\/schema.org","@graph":[{"@type":"WebPage","@id":"https:\/\/elfsight.com\/pt\/podcast-player-widget\/elementor\/","url":"https:\/\/elfsight.com\/pt\/podcast-player-widget\/elementor\/","name":"P\u00e1gina da web do Elfsight Podcast Player para Elementor (gratuito e r\u00e1pido)","isPartOf":{"@id":"https:\/\/elfsight.com\/pt\/#website"},"datePublished":"1970-01-01T00:00:00+00:00","dateModified":"2025-02-27T09:30:02+00:00","description":"Aplique nossa demonstra\u00e7\u00e3o acess\u00edvel e incorpore um Podcast Player responsivo em sua p\u00e1gina da web Elementor. Use nossa demonstra\u00e7\u00e3o conveniente e crie seu widget personalizado sem esfor\u00e7o!","breadcrumb":{"@id":"https:\/\/elfsight.com\/pt\/podcast-player-widget\/elementor\/#breadcrumb"},"inLanguage":"pt-PT","potentialAction":[{"@type":"ReadAction","target":["https:\/\/elfsight.com\/pt\/podcast-player-widget\/elementor\/"]}]},{"@type":"BreadcrumbList","@id":"https:\/\/elfsight.com\/pt\/podcast-player-widget\/elementor\/#breadcrumb","itemListElement":[{"@type":"ListItem","position":1,"name":"Home","item":"https:\/\/elfsight.com\/pt\/"},{"@type":"ListItem","position":2,"name":"Podcast Player","item":"https:\/\/elfsight.com\/pt\/podcast-player-widget\/"},{"@type":"ListItem","position":3,"name":"Podcast Player &#8211; Elementor"}]},{"@type":"WebSite","@id":"https:\/\/elfsight.com\/pt\/#website","url":"https:\/\/elfsight.com\/pt\/","name":"Elfsight PT","description":"Just another Elfsight Sites site","potentialAction":[{"@type":"SearchAction","target":{"@type":"EntryPoint","urlTemplate":"https:\/\/elfsight.com\/pt\/?s={search_term_string}"},"query-input":{"@type":"PropertyValueSpecification","valueRequired":true,"valueName":"search_term_string"}}],"inLanguage":"pt-PT"}]}},"meta_box":{"industry":"","seo_heading":"","heading":"","description":"","cta_heading":"","cta_description":"","application":"1215","h1":"Plug-in Elementor Podcast Player","h1_caption":"Ofere\u00e7a aos seus usu\u00e1rios uma nova experi\u00eancia e escolha clientes fi\u00e9is rapidamente","application_category":[],"applications_title":"","applications_request_title":"","applications_request_button_text":"","hero_text":"","hero_video":"","hero_video_schema_markup":"","selling_points_title":"","selling_points_caption":"","selling_points":[],"selling_points_cta_text":"","features_title":"","features":"","ed_cta_examples_text":"","ed_cta_examples_hidden":"","ed_cta_demo_text":"","ed_cta_demo_hidden":"","why_caption":"","why_editor_title":"","why_editor_text":"","why_team_title":"","why_team_text":"","why_service_title":"","why_service_text":"","template_catalog_visible":"0","template_catalog_title":"","template_catalog_text":"","template_catalog_categories_visible":"","demo_title":"Crie seu widget do Podcast Player","demo_caption":"Configure seu Podcast Player e adicione-o ao seu site Elementor gratuitamente!","default_faq_hidden":"","app_template_category":[],"platform":"100","template_public_id":"","codecanyon_url":"","codecanyon_item_id":"","codecanyon_price":"","pricing_caption":"","pricing_elfsight_apps_hide_column":"","pricing_elfsight_apps_url":"","pricing_codecanyon_price_caption":"","integration_category":[],"integration_request_title":"","integration_request_cta":"","integration_platform":"","integrations":[],"platform_category":[],"video_schema_markup":"","price":"a partir de US$ 0\/m\u00eas","trial":"","benefits":[{"text":"Assist\u00eancia de instala\u00e7\u00e3o gratuita"},{"text":"Suporte excepcional"},{"text":"Garantia de reembolso de 14 dias"},{"text":"Atualiza\u00e7\u00f5es futuras"}],"button_url":"#demo","button_target_blank":"0","button_nofollow":"0","attributes":[{"name":"Instala\u00e7\u00f5es","content":"10,000 - 100,000"},{"name":"Responsivo","content":"Sim"},{"name":"Navegadores compat\u00edveis","content":"Firefox, Safari, Opera, Chrome, Edge"}],"tags":[],"tags_disable_links":"0","hide_more_platforms":"0","video_object":"","demo_hide_cta":"0","demo_hide_cloud_options":"0","pricing_title":"","pricing":[{"pricing_icon":"platform","pricing_title":"Elfsight Apps","pricing_title_caption":"Vers\u00e3o multiplataforma que funciona em qualquer site","pricing_price":"a partir de US$ 0\/m\u00eas","pricing_price_caption":"comece com plano gratuito","pricing_benefits":[{"text":"Dom\u00ednios ilimitados"},{"text":"Suporte premium"},{"text":"Suporte premium"},{"text":"Oferta especial para v\u00e1rios aplicativos"}],"pricing_button_text":"Adicionar ao site","pricing_button_url":"#demo"}],"related_apps_title":"","related_apps_hidden":"0","author":"","image":[],"title":"","job":"","social_networks":[]},"_links":{"self":[{"href":"https:\/\/elfsight.com\/pt\/wp-json\/wp\/v2\/pages\/7456","targetHints":{"allow":["GET"]}}],"collection":[{"href":"https:\/\/elfsight.com\/pt\/wp-json\/wp\/v2\/pages"}],"about":[{"href":"https:\/\/elfsight.com\/pt\/wp-json\/wp\/v2\/types\/page"}],"author":[{"embeddable":true,"href":"https:\/\/elfsight.com\/pt\/wp-json\/wp\/v2\/users\/9"}],"replies":[{"embeddable":true,"href":"https:\/\/elfsight.com\/pt\/wp-json\/wp\/v2\/comments?post=7456"}],"version-history":[{"count":3,"href":"https:\/\/elfsight.com\/pt\/wp-json\/wp\/v2\/pages\/7456\/revisions"}],"predecessor-version":[{"id":14033,"href":"https:\/\/elfsight.com\/pt\/wp-json\/wp\/v2\/pages\/7456\/revisions\/14033"}],"up":[{"embeddable":true,"href":"https:\/\/elfsight.com\/pt\/wp-json\/wp\/v2\/pages\/1216"}],"wp:attachment":[{"href":"https:\/\/elfsight.com\/pt\/wp-json\/wp\/v2\/media?parent=7456"}],"curies":[{"name":"wp","href":"https:\/\/api.w.org\/{rel}","templated":true}]}}