{"id":7449,"date":"1970-01-01T00:00:00","date_gmt":"1970-01-01T00:00:00","guid":{"rendered":"https:\/\/elfsight.com\/pt\/?page_id=7449"},"modified":"2025-02-27T09:36:51","modified_gmt":"2025-02-27T09:36:51","slug":"iframe","status":"publish","type":"page","link":"https:\/\/elfsight.com\/pt\/podcast-player-widget\/iframe\/","title":{"rendered":"Podcast Player &#8211; iFrame"},"content":{"rendered":"\n<div class=\"application-platform-content-item-description application-platform-content-item\" id=\"description\" data-nav-section=\"description\"> <h2>Incorpore o Podcast Player no iFrame com o widget Elfsight<\/h2> <p>O Elfsight Podcast Player \u00e9 uma ferramenta simples para iFrame que lhe d\u00e1 uma oportunidade para reproduzir podcasts diretamente em seu site. O plugin \u00e9 extremamente ajust\u00e1vel: voc\u00ea pode alterar seu posicionamento, colocando-o em qualquer lugar da p\u00e1gina, alterar seu tamanho, recolorir o fundo e outros elementos para combin\u00e1-lo com o design do seu site, empregar esquema de cores escuras, exibir imagens e mostrar ou ocultar 3 outros componentes do player, como barra de progresso e muito mais. Divirta seus usu\u00e1rios, ative a op\u00e7\u00e3o de reprodu\u00e7\u00e3o autom\u00e1tica e n\u00e3o tenha d\u00favidas: seu p\u00fablico n\u00e3o sair\u00e1 da sua p\u00e1gina inicial imediatamente! <\/p> <p><b>Encante seus usu\u00e1rios fornecendo-lhes materiais \u00fateis e interessantes usando o Elfsight Podcast Player<\/b><\/p> <\/div> <div class=\"application-platform-content-item-features application-platform-content-item\" id=\"features\" data-nav-section=\"features\"> <h2>A chave os recursos do widget oferecem<\/h2> <ul><li>V\u00e1rias altera\u00e7\u00f5es de cores. <\/li><li>Dois layouts aplic\u00e1veis. <\/li><li>Uma oportunidade para adicionar imagem de fundo. <\/li><li>Uma quantidade ilimitada de faixas. <\/li><li>Uma possibilidade de formar seu esquema de cores personalizado. <\/li><\/ul><p><a href=\"#demo\">Voc\u00ea pode explorar todas as funcionalidades do widget na demonstra\u00e7\u00e3o abaixo<\/a><\/p> <\/div> <div class=\"application-platform-content-item- instala\u00e7\u00e3o application-platform-content-item\" id=\" instala\u00e7\u00e3o\" data-nav-section=\" instala\u00e7\u00e3o\"> <h2>Como adiciono o Podcast Player na minha p\u00e1gina iFrame? <\/h2> <p>Basta seguir os passos apresentados abaixo para ativar a ferramenta. <\/p> <ol><li><b>Gerencie nossa demonstra\u00e7\u00e3o gratuita e comece a moldar seu instrumento personalizado. <\/b><br> Encontre a apar\u00eancia e os par\u00e2metros personalizados da ferramenta e salve as modifica\u00e7\u00f5es. <\/li> <li><b>Receba o c\u00f3digo individual que aparece na caixa dos aplicativos Elfsight. <\/b><br> Logo ap\u00f3s a conclus\u00e3o da personaliza\u00e7\u00e3o do seu plugin, copie o c\u00f3digo individual no pop-up que aparece e guarde-o para uso posterior. <\/li> <li><b>Inicie a utiliza\u00e7\u00e3o do plugin em seu site iFrame. <\/b><br> Insira o c\u00f3digo que voc\u00ea copiou anteriormente em sua p\u00e1gina inicial e salve as corre\u00e7\u00f5es. <\/li> <li><b>A configura\u00e7\u00e3o foi finalizada com sucesso. <\/b><br> Visite seu site para observar como o plugin est\u00e1 funcionando. <\/li><\/ol> <p>Caso tenha d\u00favidas ou encontre alguma complica\u00e7\u00e3o, n\u00e3o hesite em solicitar nossa equipe de atendimento ao cliente. Nosso pessoal ter\u00e1 prazer em resolver todos os problemas que voc\u00ea possa ter com o plugin.<\/p> \n<div class=\"faq\" data-component=\"FAQ\"><div class=\"faq-item\">\r\n\t\t\t\t\t<div class=\"faq-item-question\">\r\n\t\t\t\t\t\t<h3 class=\"faq-item-question-text\">Como posso integrar um widget Podcast Player em meu site iFrame sem habilidades de codifica\u00e7\u00e3o?<\/h3>\r\n\r\n\t\t\t\t\t\t<div class=\"faq-item-question-icon\"><\/div>\r\n\t\t\t\t\t<\/div>\r\n\r\n\t\t\t\t\t<div class=\"faq-item-answer\">\r\n\t\t\t\t\t\t<div class=\"faq-item-answer-text\"><p>A Elfsight oferece uma solu\u00e7\u00e3o baseada em nuvem que permite aos usu\u00e1rios gerar um widget Podcast Player por eles mesmos. Descubra como o processo \u00e9 simples:<\/p><ul><li>Acesse o Editor on-line para criar uma se\u00e7\u00e3o de widget do Podcast Player que voc\u00ea gostaria de incorporar ao seu site com iFrame.<\/li><li>Selecione um de nossos modelos pr\u00e9-projetados e defina as configura\u00e7\u00f5es do widget Podcast Player, personalize o layout e o esquema de cores, incorpore seu conte\u00fado sem qualquer necessidade de codifica\u00e7\u00e3o.<\/li><li>Preservar as configura\u00e7\u00f5es que voc\u00ea ajustou para o widget Podcast Player e adquirir o snippet de c\u00f3digo para incorpora\u00e7\u00e3o, que pode ser facilmente inserido em seu site iFrame gratuitamente.<\/li><\/ul><p>Ao utilizar o editor f\u00e1cil de usar, qualquer usu\u00e1rio da Internet pode construir uma se\u00e7\u00e3o de widget do Podcast Player e adicion\u00e1-la ao site com iFrame. N\u00e3o h\u00e1 necessidade de pagamento ou compartilhamento dos dados do seu cart\u00e3o de cr\u00e9dito para acessar o Editor Elfsight. Se voc\u00ea encontrar algum desafio em qualquer est\u00e1gio, n\u00e3o hesite em entrar em contato com nosso suporte ao cliente para obter assist\u00eancia.<\/p><\/div>\r\n\t\t\t\t\t<\/div>\r\n\t\t\t\t<\/div><\/div>\n<\/div>\n","protected":false},"excerpt":{"rendered":"","protected":false},"author":9,"featured_media":0,"parent":1216,"menu_order":0,"comment_status":"closed","ping_status":"closed","template":"templates\/template-application-platform.php","meta":{"publish_to_discourse":"","publish_post_category":"","wpdc_auto_publish_overridden":"","wpdc_topic_tags":"","wpdc_pin_topic":"","wpdc_pin_until":"","discourse_post_id":"","discourse_permalink":"","wpdc_publishing_response":"","wpdc_publishing_error":"","footnotes":""},"class_list":["post-7449","page","type-page","status-publish","hentry"],"yoast_head":"<!-- This site is optimized with the Yoast SEO plugin v25.3.1 - https:\/\/yoast.com\/wordpress\/plugins\/seo\/ -->\n<title>Elfsight Podcast Player para site iFrame (f\u00e1cil e gratuito)<\/title>\n<meta name=\"description\" content=\"Use nossa demonstra\u00e7\u00e3o gerenci\u00e1vel e integre um Podcast Player responsivo \u00e0 sua p\u00e1gina inicial do iFrame. Use nossa demonstra\u00e7\u00e3o \u00fatil e crie seu widget personalizado sem esfor\u00e7o!\" \/>\n<meta name=\"robots\" content=\"index, follow, max-snippet:-1, max-image-preview:large, max-video-preview:-1\" \/>\n<link rel=\"canonical\" href=\"https:\/\/elfsight.com\/pt\/podcast-player-widget\/iframe\/\" \/>\n<meta property=\"og:locale\" content=\"pt_PT\" \/>\n<meta property=\"og:type\" content=\"article\" \/>\n<meta property=\"og:title\" content=\"Elfsight Podcast Player para site iFrame (f\u00e1cil e gratuito)\" \/>\n<meta property=\"og:description\" content=\"Use nossa demonstra\u00e7\u00e3o gerenci\u00e1vel e integre um Podcast Player responsivo \u00e0 sua p\u00e1gina inicial do iFrame. Use nossa demonstra\u00e7\u00e3o \u00fatil e crie seu widget personalizado sem esfor\u00e7o!\" \/>\n<meta property=\"og:url\" content=\"https:\/\/elfsight.com\/pt\/podcast-player-widget\/iframe\/\" \/>\n<meta property=\"og:site_name\" content=\"Elfsight PT\" \/>\n<meta property=\"article:modified_time\" content=\"2025-02-27T09:36:51+00:00\" \/>\n<meta name=\"twitter:card\" content=\"summary_large_image\" \/>\n<meta name=\"twitter:label1\" content=\"Tempo estimado de leitura\" \/>\n\t<meta name=\"twitter:data1\" content=\"3 minutos\" \/>\n<!-- \/ Yoast SEO plugin. -->","yoast_head_json":{"title":"Elfsight Podcast Player para site iFrame (f\u00e1cil e gratuito)","description":"Use nossa demonstra\u00e7\u00e3o gerenci\u00e1vel e integre um Podcast Player responsivo \u00e0 sua p\u00e1gina inicial do iFrame. Use nossa demonstra\u00e7\u00e3o \u00fatil e crie seu widget personalizado sem esfor\u00e7o!","robots":{"index":"index","follow":"follow","max-snippet":"max-snippet:-1","max-image-preview":"max-image-preview:large","max-video-preview":"max-video-preview:-1"},"canonical":"https:\/\/elfsight.com\/pt\/podcast-player-widget\/iframe\/","og_locale":"pt_PT","og_type":"article","og_title":"Elfsight Podcast Player para site iFrame (f\u00e1cil e gratuito)","og_description":"Use nossa demonstra\u00e7\u00e3o gerenci\u00e1vel e integre um Podcast Player responsivo \u00e0 sua p\u00e1gina inicial do iFrame. Use nossa demonstra\u00e7\u00e3o \u00fatil e crie seu widget personalizado sem esfor\u00e7o!","og_url":"https:\/\/elfsight.com\/pt\/podcast-player-widget\/iframe\/","og_site_name":"Elfsight PT","article_modified_time":"2025-02-27T09:36:51+00:00","twitter_card":"summary_large_image","twitter_misc":{"Tempo estimado de leitura":"3 minutos"},"schema":{"@context":"https:\/\/schema.org","@graph":[{"@type":"WebPage","@id":"https:\/\/elfsight.com\/pt\/podcast-player-widget\/iframe\/","url":"https:\/\/elfsight.com\/pt\/podcast-player-widget\/iframe\/","name":"Elfsight Podcast Player para site iFrame (f\u00e1cil e gratuito)","isPartOf":{"@id":"https:\/\/elfsight.com\/pt\/#website"},"datePublished":"1970-01-01T00:00:00+00:00","dateModified":"2025-02-27T09:36:51+00:00","description":"Use nossa demonstra\u00e7\u00e3o gerenci\u00e1vel e integre um Podcast Player responsivo \u00e0 sua p\u00e1gina inicial do iFrame. Use nossa demonstra\u00e7\u00e3o \u00fatil e crie seu widget personalizado sem esfor\u00e7o!","breadcrumb":{"@id":"https:\/\/elfsight.com\/pt\/podcast-player-widget\/iframe\/#breadcrumb"},"inLanguage":"pt-PT","potentialAction":[{"@type":"ReadAction","target":["https:\/\/elfsight.com\/pt\/podcast-player-widget\/iframe\/"]}]},{"@type":"BreadcrumbList","@id":"https:\/\/elfsight.com\/pt\/podcast-player-widget\/iframe\/#breadcrumb","itemListElement":[{"@type":"ListItem","position":1,"name":"Home","item":"https:\/\/elfsight.com\/pt\/"},{"@type":"ListItem","position":2,"name":"Podcast Player","item":"https:\/\/elfsight.com\/pt\/podcast-player-widget\/"},{"@type":"ListItem","position":3,"name":"Podcast Player &#8211; iFrame"}]},{"@type":"WebSite","@id":"https:\/\/elfsight.com\/pt\/#website","url":"https:\/\/elfsight.com\/pt\/","name":"Elfsight PT","description":"Just another Elfsight Sites site","potentialAction":[{"@type":"SearchAction","target":{"@type":"EntryPoint","urlTemplate":"https:\/\/elfsight.com\/pt\/?s={search_term_string}"},"query-input":{"@type":"PropertyValueSpecification","valueRequired":true,"valueName":"search_term_string"}}],"inLanguage":"pt-PT"}]}},"meta_box":{"industry":"","seo_heading":"","heading":"","description":"","cta_heading":"","cta_description":"","application":"1215","h1":"Widget do reprodutor de podcast iFrame","h1_caption":"Ofere\u00e7a ao seu p\u00fablico uma nova experi\u00eancia e receba clientes fi\u00e9is em apenas alguns cliques","application_category":[],"applications_title":"","applications_request_title":"","applications_request_button_text":"","hero_text":"","hero_video":"","hero_video_schema_markup":"","selling_points_title":"","selling_points_caption":"","selling_points":[],"selling_points_cta_text":"","features_title":"","features":"","ed_cta_examples_text":"","ed_cta_examples_hidden":"","ed_cta_demo_text":"","ed_cta_demo_hidden":"","why_caption":"","why_editor_title":"","why_editor_text":"","why_team_title":"","why_team_text":"","why_service_title":"","why_service_text":"","template_catalog_visible":"0","template_catalog_title":"","template_catalog_text":"","template_catalog_categories_visible":"","demo_title":"Crie seu widget do Podcast Player","demo_caption":"Configure seu Podcast Player e adicione-o ao seu site iFrame gratuitamente!","default_faq_hidden":"","app_template_category":[],"platform":"4911","template_public_id":"","codecanyon_url":"","codecanyon_item_id":"","codecanyon_price":"","pricing_caption":"","pricing_elfsight_apps_hide_column":"","pricing_elfsight_apps_url":"","pricing_codecanyon_price_caption":"","integration_category":[],"integration_request_title":"","integration_request_cta":"","integration_platform":"","integrations":[],"platform_category":[],"video_schema_markup":"","price":"a partir de US$ 0\/m\u00eas","trial":"","benefits":[{"text":"Assist\u00eancia de instala\u00e7\u00e3o gratuita"},{"text":"Suporte excepcional"},{"text":"Garantia de devolu\u00e7\u00e3o do dinheiro em 14 dias"},{"text":"Atualiza\u00e7\u00f5es gratuitas cont\u00ednuas"}],"button_url":"#demo","button_target_blank":"0","button_nofollow":"0","attributes":[{"name":"Instala\u00e7\u00f5es","content":"10,000 - 100,000"},{"name":"Responsivo","content":"Sim"},{"name":"Navegadores compat\u00edveis","content":"Firefox, Opera, Chrome, Edge, Safari"}],"tags":[],"tags_disable_links":"0","hide_more_platforms":"0","video_object":"","demo_hide_cta":"0","demo_hide_cloud_options":"0","pricing_title":"","pricing":[{"pricing_icon":"platform","pricing_title":"Elfsight Apps","pricing_title_caption":"Solu\u00e7\u00e3o digital multiplataforma que se adapta a cada site","pricing_price":"a partir de US$ 0\/m\u00eas","pricing_price_caption":"comece com plano gratuito","pricing_benefits":[{"text":"Dom\u00ednios ilimitados"},{"text":"Suporte gratuito"},{"text":"Suporte gratuito"},{"text":"Oferta especial para v\u00e1rios aplicativos"}],"pricing_button_text":"Adicionar ao site","pricing_button_url":"#demo"}],"related_apps_title":"","related_apps_hidden":"0","author":"","image":[],"title":"","job":"","social_networks":[]},"_links":{"self":[{"href":"https:\/\/elfsight.com\/pt\/wp-json\/wp\/v2\/pages\/7449","targetHints":{"allow":["GET"]}}],"collection":[{"href":"https:\/\/elfsight.com\/pt\/wp-json\/wp\/v2\/pages"}],"about":[{"href":"https:\/\/elfsight.com\/pt\/wp-json\/wp\/v2\/types\/page"}],"author":[{"embeddable":true,"href":"https:\/\/elfsight.com\/pt\/wp-json\/wp\/v2\/users\/9"}],"replies":[{"embeddable":true,"href":"https:\/\/elfsight.com\/pt\/wp-json\/wp\/v2\/comments?post=7449"}],"version-history":[{"count":2,"href":"https:\/\/elfsight.com\/pt\/wp-json\/wp\/v2\/pages\/7449\/revisions"}],"predecessor-version":[{"id":14034,"href":"https:\/\/elfsight.com\/pt\/wp-json\/wp\/v2\/pages\/7449\/revisions\/14034"}],"up":[{"embeddable":true,"href":"https:\/\/elfsight.com\/pt\/wp-json\/wp\/v2\/pages\/1216"}],"wp:attachment":[{"href":"https:\/\/elfsight.com\/pt\/wp-json\/wp\/v2\/media?parent=7449"}],"curies":[{"name":"wp","href":"https:\/\/api.w.org\/{rel}","templated":true}]}}