{"id":7448,"date":"1970-01-01T00:00:00","date_gmt":"1970-01-01T00:00:00","guid":{"rendered":"https:\/\/elfsight.com\/pt\/?page_id=7448"},"modified":"2024-11-13T11:38:25","modified_gmt":"2024-11-13T11:38:25","slug":"magento","status":"publish","type":"page","link":"https:\/\/elfsight.com\/pt\/podcast-player-widget\/magento\/","title":{"rendered":"Podcast Player &#8211; Magento"},"content":{"rendered":"<div class=\"application-platform-content-item-description application-platform-content-item\" id=\"description\" data-nav-section=\"description\"> <h2>Descri\u00e7\u00e3o<\/h2> <p>Elfsight Podcast Player \u00e9 uma extens\u00e3o descomplicada para Magento que lhe d\u00e1 a oportunidade de transmitir podcasts diretamente na sua p\u00e1gina inicial. A ferramenta \u00e9 totalmente modific\u00e1vel: voc\u00ea pode alterar sua posi\u00e7\u00e3o, incorpor\u00e1-la em qualquer lugar da p\u00e1gina, alterar seu tamanho, fazer sobre o fundo e todas as outras partes para mistur\u00e1-la com o design do seu site, usar tema escuro, demonstrar capas e demonstrar ou oculte 3 componentes adicionais do jogador, como barra de progresso e muito mais. Entretenha os seus visitantes, ative a op\u00e7\u00e3o de reprodu\u00e7\u00e3o autom\u00e1tica e n\u00e3o hesite &#8211; os seus visitantes n\u00e3o sair\u00e3o do seu site t\u00e3o rapidamente! <\/p> <p><b>Encante seus visitantes equipando-os com materiais pr\u00e1ticos e cativantes por meio do Elfsight Podcast Player<\/b><\/p> <\/div> <div class=\"application-platform-content-item-features application-platform-content-item\" id=\"features\" data-nav-section=\"features\"> <h2>Estes s\u00e3o apenas alguns dos poderosos recursos de extens\u00e3o: <\/h2> <ul><li>Varia\u00e7\u00f5es de cores ilimitadas. <\/li><li>2 layouts aplic\u00e1veis. <\/li><li>Uma op\u00e7\u00e3o para anexar imagem de fundo. <\/li><li>Adicione uma quantidade ilimitada de faixas. <\/li><li>Uma op\u00e7\u00e3o para formar seu pr\u00f3prio tema de cores. <\/li><\/ul><p><a href=\"#demo\">Voc\u00ea pode explorar todas as funcionalidades da extens\u00e3o na demonstra\u00e7\u00e3o abaixo<\/a><\/p> <\/div> <div class=\"application-platform-content-item- instala\u00e7\u00e3o application-platform-content-item\" id=\" instala\u00e7\u00e3o\" data-nav-section=\" instala\u00e7\u00e3o\"> <h2>Como posso incorporar o Podcast Player \u00e0 minha p\u00e1gina Magento? <\/h2> <p>Basta seguir as orienta\u00e7\u00f5es abaixo para integrar a extens\u00e3o. <\/p> <ol><li><b>Inicie nosso configurador gratuito e comece a criar sua extens\u00e3o personalizada. <\/b><br> Determine o design e os par\u00e2metros preferidos da extens\u00e3o e salve todas as edi\u00e7\u00f5es. <\/li> <li><b>Receba o c\u00f3digo exclusivo demonstrado na janela dos aplicativos Elfsight. <\/b><br> Quando o estabelecimento da sua extens\u00e3o for conclu\u00eddo, copie o seu c\u00f3digo na janela exibida e guarde-o para futuras ocasi\u00f5es. <\/li> <li><b>Entre usando a extens\u00e3o em seu site Magento. <\/b><br> Adicione o c\u00f3digo copiado recentemente em seu site e aplique os ajustes. <\/li> <li><b>Conclu\u00eddo! A integra\u00e7\u00e3o foi realizada com sucesso. <\/b><br> Acesse seu site para ver em a\u00e7\u00e3o o funcionamento da extens\u00e3o. <\/li><\/ol><p>Caso tenha d\u00favidas ou encontre alguma complica\u00e7\u00e3o, n\u00e3o tenha medo de recorrer \u00e0 nossa equipe de suporte. Nossos especialistas ter\u00e3o prazer em ajud\u00e1-lo com todas as d\u00favidas que voc\u00ea possa ter sobre o plugin. <\/p> <\/div>","protected":false},"excerpt":{"rendered":"","protected":false},"author":9,"featured_media":0,"parent":1216,"menu_order":0,"comment_status":"closed","ping_status":"closed","template":"templates\/template-application-platform.php","meta":{"publish_to_discourse":"","publish_post_category":"","wpdc_auto_publish_overridden":"","wpdc_topic_tags":"","wpdc_pin_topic":"","wpdc_pin_until":"","discourse_post_id":"","discourse_permalink":"","wpdc_publishing_response":"","wpdc_publishing_error":"","footnotes":""},"class_list":["post-7448","page","type-page","status-publish","hentry"],"yoast_head":"<!-- This site is optimized with the Yoast SEO plugin v25.3.1 - https:\/\/yoast.com\/wordpress\/plugins\/seo\/ -->\n<title>Elfsight Podcast Player para site Magento (gr\u00e1tis e f\u00e1cil)<\/title>\n<meta name=\"description\" content=\"Use nossa demonstra\u00e7\u00e3o pr\u00e1tica e integre um Podcast Player responsivo em sua p\u00e1gina Magento. Incorpore nossa demonstra\u00e7\u00e3o conveniente e crie sua extens\u00e3o personalizada sem esfor\u00e7o!\" \/>\n<meta name=\"robots\" content=\"index, follow, max-snippet:-1, max-image-preview:large, max-video-preview:-1\" \/>\n<link rel=\"canonical\" href=\"https:\/\/elfsight.com\/pt\/podcast-player-widget\/magento\/\" \/>\n<meta property=\"og:locale\" content=\"pt_PT\" \/>\n<meta property=\"og:type\" content=\"article\" \/>\n<meta property=\"og:title\" content=\"Elfsight Podcast Player para site Magento (gr\u00e1tis e f\u00e1cil)\" \/>\n<meta property=\"og:description\" content=\"Use nossa demonstra\u00e7\u00e3o pr\u00e1tica e integre um Podcast Player responsivo em sua p\u00e1gina Magento. Incorpore nossa demonstra\u00e7\u00e3o conveniente e crie sua extens\u00e3o personalizada sem esfor\u00e7o!\" \/>\n<meta property=\"og:url\" content=\"https:\/\/elfsight.com\/pt\/podcast-player-widget\/magento\/\" \/>\n<meta property=\"og:site_name\" content=\"Elfsight PT\" \/>\n<meta property=\"article:modified_time\" content=\"2024-11-13T11:38:25+00:00\" \/>\n<meta name=\"twitter:card\" content=\"summary_large_image\" \/>\n<meta name=\"twitter:label1\" content=\"Tempo estimado de leitura\" \/>\n\t<meta name=\"twitter:data1\" content=\"2 minutos\" \/>\n<!-- \/ Yoast SEO plugin. -->","yoast_head_json":{"title":"Elfsight Podcast Player para site Magento (gr\u00e1tis e f\u00e1cil)","description":"Use nossa demonstra\u00e7\u00e3o pr\u00e1tica e integre um Podcast Player responsivo em sua p\u00e1gina Magento. Incorpore nossa demonstra\u00e7\u00e3o conveniente e crie sua extens\u00e3o personalizada sem esfor\u00e7o!","robots":{"index":"index","follow":"follow","max-snippet":"max-snippet:-1","max-image-preview":"max-image-preview:large","max-video-preview":"max-video-preview:-1"},"canonical":"https:\/\/elfsight.com\/pt\/podcast-player-widget\/magento\/","og_locale":"pt_PT","og_type":"article","og_title":"Elfsight Podcast Player para site Magento (gr\u00e1tis e f\u00e1cil)","og_description":"Use nossa demonstra\u00e7\u00e3o pr\u00e1tica e integre um Podcast Player responsivo em sua p\u00e1gina Magento. Incorpore nossa demonstra\u00e7\u00e3o conveniente e crie sua extens\u00e3o personalizada sem esfor\u00e7o!","og_url":"https:\/\/elfsight.com\/pt\/podcast-player-widget\/magento\/","og_site_name":"Elfsight PT","article_modified_time":"2024-11-13T11:38:25+00:00","twitter_card":"summary_large_image","twitter_misc":{"Tempo estimado de leitura":"2 minutos"},"schema":{"@context":"https:\/\/schema.org","@graph":[{"@type":"WebPage","@id":"https:\/\/elfsight.com\/pt\/podcast-player-widget\/magento\/","url":"https:\/\/elfsight.com\/pt\/podcast-player-widget\/magento\/","name":"Elfsight Podcast Player para site Magento (gr\u00e1tis e f\u00e1cil)","isPartOf":{"@id":"https:\/\/elfsight.com\/pt\/#website"},"datePublished":"1970-01-01T00:00:00+00:00","dateModified":"2024-11-13T11:38:25+00:00","description":"Use nossa demonstra\u00e7\u00e3o pr\u00e1tica e integre um Podcast Player responsivo em sua p\u00e1gina Magento. Incorpore nossa demonstra\u00e7\u00e3o conveniente e crie sua extens\u00e3o personalizada sem esfor\u00e7o!","breadcrumb":{"@id":"https:\/\/elfsight.com\/pt\/podcast-player-widget\/magento\/#breadcrumb"},"inLanguage":"pt-PT","potentialAction":[{"@type":"ReadAction","target":["https:\/\/elfsight.com\/pt\/podcast-player-widget\/magento\/"]}]},{"@type":"BreadcrumbList","@id":"https:\/\/elfsight.com\/pt\/podcast-player-widget\/magento\/#breadcrumb","itemListElement":[{"@type":"ListItem","position":1,"name":"Home","item":"https:\/\/elfsight.com\/pt\/"},{"@type":"ListItem","position":2,"name":"Podcast Player","item":"https:\/\/elfsight.com\/pt\/podcast-player-widget\/"},{"@type":"ListItem","position":3,"name":"Podcast Player &#8211; Magento"}]},{"@type":"WebSite","@id":"https:\/\/elfsight.com\/pt\/#website","url":"https:\/\/elfsight.com\/pt\/","name":"Elfsight PT","description":"Just another Elfsight Sites site","potentialAction":[{"@type":"SearchAction","target":{"@type":"EntryPoint","urlTemplate":"https:\/\/elfsight.com\/pt\/?s={search_term_string}"},"query-input":{"@type":"PropertyValueSpecification","valueRequired":true,"valueName":"search_term_string"}}],"inLanguage":"pt-PT"}]}},"meta_box":{"industry":"","seo_heading":"","heading":"","description":"","cta_heading":"","cta_description":"","application":"1215","h1":"Extens\u00e3o Magento Podcast Player","h1_caption":"Proporcione aos seus usu\u00e1rios uma experi\u00eancia inusitada e receba clientes fi\u00e9is em apenas alguns cliques","application_category":[],"applications_title":"","applications_request_title":"","applications_request_button_text":"","hero_text":"","hero_video":"","hero_video_schema_markup":"","selling_points_title":"","selling_points_caption":"","selling_points":[],"selling_points_cta_text":"","features_title":"","features":"","ed_cta_examples_text":"","ed_cta_examples_hidden":"","ed_cta_demo_text":"","ed_cta_demo_hidden":"","why_caption":"","why_editor_title":"","why_editor_text":"","why_team_title":"","why_team_text":"","why_service_title":"","why_service_text":"","template_catalog_visible":"","template_catalog_title":"","template_catalog_text":"","template_catalog_categories_visible":"","demo_title":"Crie sua extens\u00e3o Podcast Player","demo_caption":"Configure seu Podcast Player e adicione-o ao seu site Magento gratuitamente!","default_faq_hidden":"","app_template_category":[],"platform":"58","template_public_id":"","codecanyon_url":"","codecanyon_item_id":"","codecanyon_price":"","pricing_caption":"","pricing_elfsight_apps_hide_column":"","pricing_elfsight_apps_url":"","pricing_codecanyon_price_caption":"","integration_category":[],"integration_request_title":"","integration_request_cta":"","integration_platform":"","integrations":[],"platform_category":[],"video_schema_markup":"","price":"a partir de US$ 0\/m\u00eas","trial":"","benefits":[{"text":"Ajuda de instala\u00e7\u00e3o gratuita"},{"text":"Atendimento ao cliente competente"},{"text":"Garantia de devolu\u00e7\u00e3o do dinheiro em 14 dias"},{"text":"Atualiza\u00e7\u00f5es vital\u00edcias"}],"button_url":"#demo","button_target_blank":"","button_nofollow":"","attributes":[{"name":"Instala\u00e7\u00f5es","content":"10,000 - 100,000"},{"name":"Responsivo","content":"Sim"},{"name":"Navegadores compat\u00edveis","content":"Firefox, Safari, Opera, Chrome, Edge"}],"tags":[],"tags_disable_links":"","hide_more_platforms":"","video_object":"","demo_hide_cta":"","demo_hide_cloud_options":"","pricing_title":"","pricing":[{"pricing_icon":"platform","pricing_title":"Elfsight Apps","pricing_title_caption":"Solu\u00e7\u00e3o digital multiplataforma que funciona em qualquer site","pricing_price":"a partir de US$ 0\/m\u00eas","pricing_price_caption":"comece com um plano gratuito","pricing_benefits":[{"text":"Sites ilimitados"},{"text":"Suporte dedicado e pontual"},{"text":"Suporte dedicado e pontual"},{"text":"Totalmente personaliz\u00e1vel"}],"pricing_button_text":"Adicionar ao site","pricing_button_url":"#demo"}],"related_apps_title":"","related_apps_hidden":"","author":"","image":[],"title":"","job":"","social_networks":[]},"_links":{"self":[{"href":"https:\/\/elfsight.com\/pt\/wp-json\/wp\/v2\/pages\/7448","targetHints":{"allow":["GET"]}}],"collection":[{"href":"https:\/\/elfsight.com\/pt\/wp-json\/wp\/v2\/pages"}],"about":[{"href":"https:\/\/elfsight.com\/pt\/wp-json\/wp\/v2\/types\/page"}],"author":[{"embeddable":true,"href":"https:\/\/elfsight.com\/pt\/wp-json\/wp\/v2\/users\/9"}],"replies":[{"embeddable":true,"href":"https:\/\/elfsight.com\/pt\/wp-json\/wp\/v2\/comments?post=7448"}],"version-history":[{"count":1,"href":"https:\/\/elfsight.com\/pt\/wp-json\/wp\/v2\/pages\/7448\/revisions"}],"predecessor-version":[{"id":7452,"href":"https:\/\/elfsight.com\/pt\/wp-json\/wp\/v2\/pages\/7448\/revisions\/7452"}],"up":[{"embeddable":true,"href":"https:\/\/elfsight.com\/pt\/wp-json\/wp\/v2\/pages\/1216"}],"wp:attachment":[{"href":"https:\/\/elfsight.com\/pt\/wp-json\/wp\/v2\/media?parent=7448"}],"curies":[{"name":"wp","href":"https:\/\/api.w.org\/{rel}","templated":true}]}}