{"id":7447,"date":"1970-01-01T00:00:00","date_gmt":"1970-01-01T00:00:00","guid":{"rendered":"https:\/\/elfsight.com\/pt\/?page_id=7447"},"modified":"2024-11-13T11:38:25","modified_gmt":"2024-11-13T11:38:25","slug":"html","status":"publish","type":"page","link":"https:\/\/elfsight.com\/pt\/podcast-player-widget\/html\/","title":{"rendered":"Podcast Player &#8211; HTML"},"content":{"rendered":"<div class=\"application-platform-content-item-description application-platform-content-item\" id=\"description\" data-nav-section=\"description\"> <h2>Descri\u00e7\u00e3o<\/h2> <p>Elfsight Podcast Player \u00e9 um widget descomplicado para p\u00e1ginas HTML que permite transmitir podcasts nas p\u00e1ginas de seu site. O plugin \u00e9 totalmente ajust\u00e1vel: voc\u00ea pode mudar sua posi\u00e7\u00e3o, posicionando-o em qualquer lugar da p\u00e1gina, alterar seu tamanho, repintar o fundo e outros elementos para mistur\u00e1-lo ao layout do seu site, aplicar esquema de cores escuras, revelar imagens e exibir ou ocultar tr\u00eas adicionais partes do jogador como barra de progresso e outras. Divirta seus usu\u00e1rios, ative a reprodu\u00e7\u00e3o autom\u00e1tica e n\u00e3o hesite &#8211; seus usu\u00e1rios n\u00e3o sair\u00e3o do seu site com pressa! <\/p> <p><b>Envolva seus usu\u00e1rios fornecendo-lhes materiais \u00fateis e divertidos com o Elfsight Podcast Player<\/b><\/p> <\/div> <div class=\"application-platform-content-item-features application-platform-content-item\" id=\"features\" data-nav-section=\"features\"> <h2>O widget b\u00e1sico os recursos cont\u00eam<\/h2> <ul><li>varia\u00e7\u00f5es de cores ilimitadas. <\/li><li>Dois layouts prontos para uso. <\/li><li>Possibilidade de adicionar imagem de fundo. <\/li><li>Adicione um n\u00famero ilimitado de faixas. <\/li><li>Uma possibilidade de moldar seu tema de cores personalizado. <\/li><\/ul><p><a href=\"#demo\">Voc\u00ea pode explorar todas as funcionalidades do widget na demonstra\u00e7\u00e3o abaixo<\/a><\/p> <\/div> <div class=\"application-platform-content-item- instala\u00e7\u00e3o application-platform-content-item\" id=\" instala\u00e7\u00e3o\" data-nav-section=\" instala\u00e7\u00e3o\"> <h2>Como posso adicionar o Podcast Player ao meu site HTML? <\/h2><div class=\"video-container\"><iframe width=\"720\" height=\"405\" src=\"https:\/\/www.youtube.com\/embed\/Tlv4bXziqx8\" frameborder=\"0\" allowfullscreen><\/iframe><\/div><p>Basta seguir as instru\u00e7\u00f5es abaixo para inserir o widget. <\/p> <ol><li><b>Gerencie nosso editor gratuito e comece a moldar seu plugin personalizado. <\/b><br> Escolha a interface selecionada e as op\u00e7\u00f5es da ferramenta e aplique as edi\u00e7\u00f5es. <\/li> <li><b>Copie o c\u00f3digo pessoal que aparece na janela das Apps Elfsight. <\/b><br> Quando a personaliza\u00e7\u00e3o da sua ferramenta pessoal for conclu\u00edda, copie o c\u00f3digo individual do pop-up exibido e salve-o para uso posterior. <\/li> <li><b>Comece a usar a ferramenta no site HTML. <\/b><br> Insira o c\u00f3digo copiado anteriormente em seu site e salve os ajustes. <\/li> <li><b>A instala\u00e7\u00e3o foi finalizada com sucesso. <\/b><br> Acesse seu site para verificar como o plugin est\u00e1 funcionando. <\/li><\/ol> <p>Caso voc\u00ea tenha alguma dificuldade, n\u00e3o hesite em entrar em contato com nossa equipe de atendimento ao cliente. Nosso pessoal deseja ajud\u00e1-lo com todos os problemas que voc\u00ea possa ter com o widget. <\/p> <\/div>","protected":false},"excerpt":{"rendered":"","protected":false},"author":9,"featured_media":0,"parent":1216,"menu_order":0,"comment_status":"closed","ping_status":"closed","template":"templates\/template-application-platform.php","meta":{"publish_to_discourse":"","publish_post_category":"","wpdc_auto_publish_overridden":"","wpdc_topic_tags":"","wpdc_pin_topic":"","wpdc_pin_until":"","discourse_post_id":"","discourse_permalink":"","wpdc_publishing_response":"","wpdc_publishing_error":"","footnotes":""},"class_list":["post-7447","page","type-page","status-publish","hentry"],"yoast_head":"<!-- This site is optimized with the Yoast SEO plugin v25.3.1 - https:\/\/yoast.com\/wordpress\/plugins\/seo\/ -->\n<title>Elfsight Podcast Player para site HTML (gr\u00e1tis e f\u00e1cil)<\/title>\n<meta name=\"description\" content=\"Use nossa demonstra\u00e7\u00e3o gerenci\u00e1vel e implemente um Podcast Player responsivo em sua p\u00e1gina HTML. Implemente nossa demonstra\u00e7\u00e3o gerenci\u00e1vel e crie seu plugin personalizado com um clique!\" \/>\n<meta name=\"robots\" content=\"index, follow, max-snippet:-1, max-image-preview:large, max-video-preview:-1\" \/>\n<link rel=\"canonical\" href=\"https:\/\/elfsight.com\/pt\/podcast-player-widget\/html\/\" \/>\n<meta property=\"og:locale\" content=\"pt_PT\" \/>\n<meta property=\"og:type\" content=\"article\" \/>\n<meta property=\"og:title\" content=\"Elfsight Podcast Player para site HTML (gr\u00e1tis e f\u00e1cil)\" \/>\n<meta property=\"og:description\" content=\"Use nossa demonstra\u00e7\u00e3o gerenci\u00e1vel e implemente um Podcast Player responsivo em sua p\u00e1gina HTML. Implemente nossa demonstra\u00e7\u00e3o gerenci\u00e1vel e crie seu plugin personalizado com um clique!\" \/>\n<meta property=\"og:url\" content=\"https:\/\/elfsight.com\/pt\/podcast-player-widget\/html\/\" \/>\n<meta property=\"og:site_name\" content=\"Elfsight PT\" \/>\n<meta property=\"article:modified_time\" content=\"2024-11-13T11:38:25+00:00\" \/>\n<meta name=\"twitter:card\" content=\"summary_large_image\" \/>\n<meta name=\"twitter:label1\" content=\"Tempo estimado de leitura\" \/>\n\t<meta name=\"twitter:data1\" content=\"2 minutos\" \/>\n<!-- \/ Yoast SEO plugin. -->","yoast_head_json":{"title":"Elfsight Podcast Player para site HTML (gr\u00e1tis e f\u00e1cil)","description":"Use nossa demonstra\u00e7\u00e3o gerenci\u00e1vel e implemente um Podcast Player responsivo em sua p\u00e1gina HTML. Implemente nossa demonstra\u00e7\u00e3o gerenci\u00e1vel e crie seu plugin personalizado com um clique!","robots":{"index":"index","follow":"follow","max-snippet":"max-snippet:-1","max-image-preview":"max-image-preview:large","max-video-preview":"max-video-preview:-1"},"canonical":"https:\/\/elfsight.com\/pt\/podcast-player-widget\/html\/","og_locale":"pt_PT","og_type":"article","og_title":"Elfsight Podcast Player para site HTML (gr\u00e1tis e f\u00e1cil)","og_description":"Use nossa demonstra\u00e7\u00e3o gerenci\u00e1vel e implemente um Podcast Player responsivo em sua p\u00e1gina HTML. Implemente nossa demonstra\u00e7\u00e3o gerenci\u00e1vel e crie seu plugin personalizado com um clique!","og_url":"https:\/\/elfsight.com\/pt\/podcast-player-widget\/html\/","og_site_name":"Elfsight PT","article_modified_time":"2024-11-13T11:38:25+00:00","twitter_card":"summary_large_image","twitter_misc":{"Tempo estimado de leitura":"2 minutos"},"schema":{"@context":"https:\/\/schema.org","@graph":[{"@type":"WebPage","@id":"https:\/\/elfsight.com\/pt\/podcast-player-widget\/html\/","url":"https:\/\/elfsight.com\/pt\/podcast-player-widget\/html\/","name":"Elfsight Podcast Player para site HTML (gr\u00e1tis e f\u00e1cil)","isPartOf":{"@id":"https:\/\/elfsight.com\/pt\/#website"},"datePublished":"1970-01-01T00:00:00+00:00","dateModified":"2024-11-13T11:38:25+00:00","description":"Use nossa demonstra\u00e7\u00e3o gerenci\u00e1vel e implemente um Podcast Player responsivo em sua p\u00e1gina HTML. Implemente nossa demonstra\u00e7\u00e3o gerenci\u00e1vel e crie seu plugin personalizado com um clique!","breadcrumb":{"@id":"https:\/\/elfsight.com\/pt\/podcast-player-widget\/html\/#breadcrumb"},"inLanguage":"pt-PT","potentialAction":[{"@type":"ReadAction","target":["https:\/\/elfsight.com\/pt\/podcast-player-widget\/html\/"]}]},{"@type":"BreadcrumbList","@id":"https:\/\/elfsight.com\/pt\/podcast-player-widget\/html\/#breadcrumb","itemListElement":[{"@type":"ListItem","position":1,"name":"Home","item":"https:\/\/elfsight.com\/pt\/"},{"@type":"ListItem","position":2,"name":"Podcast Player","item":"https:\/\/elfsight.com\/pt\/podcast-player-widget\/"},{"@type":"ListItem","position":3,"name":"Podcast Player &#8211; HTML"}]},{"@type":"WebSite","@id":"https:\/\/elfsight.com\/pt\/#website","url":"https:\/\/elfsight.com\/pt\/","name":"Elfsight PT","description":"Just another Elfsight Sites site","potentialAction":[{"@type":"SearchAction","target":{"@type":"EntryPoint","urlTemplate":"https:\/\/elfsight.com\/pt\/?s={search_term_string}"},"query-input":{"@type":"PropertyValueSpecification","valueRequired":true,"valueName":"search_term_string"}}],"inLanguage":"pt-PT"}]}},"meta_box":{"industry":"","seo_heading":"","heading":"","description":"","cta_heading":"","cta_description":"","application":"1215","h1":"Widget do reprodutor de podcast HTML","h1_caption":"Ofere\u00e7a ao seu p\u00fablico uma experi\u00eancia inusitada e conquiste clientes fi\u00e9is sem esfor\u00e7o","application_category":[],"applications_title":"","applications_request_title":"","applications_request_button_text":"","hero_text":"","hero_video":"","hero_video_schema_markup":"","selling_points_title":"","selling_points_caption":"","selling_points":[],"selling_points_cta_text":"","features_title":"","features":"","ed_cta_examples_text":"","ed_cta_examples_hidden":"","ed_cta_demo_text":"","ed_cta_demo_hidden":"","why_caption":"","why_editor_title":"","why_editor_text":"","why_team_title":"","why_team_text":"","why_service_title":"","why_service_text":"","template_catalog_visible":"","template_catalog_title":"","template_catalog_text":"","template_catalog_categories_visible":"","demo_title":"Crie seu widget do Podcast Player","demo_caption":"Configure seu Podcast Player e adicione-o ao seu site HTML gratuitamente!","default_faq_hidden":"","app_template_category":[],"platform":"49","template_public_id":"","codecanyon_url":"","codecanyon_item_id":"","codecanyon_price":"","pricing_caption":"","pricing_elfsight_apps_hide_column":"","pricing_elfsight_apps_url":"","pricing_codecanyon_price_caption":"","integration_category":[],"integration_request_title":"","integration_request_cta":"","integration_platform":"","integrations":[],"platform_category":[],"video_schema_markup":"","price":"a partir de US$ 0\/m\u00eas","trial":"","benefits":[{"text":"Servi\u00e7o de instala\u00e7\u00e3o gratuito"},{"text":"Atendimento ao cliente competente"},{"text":"Garantia de devolu\u00e7\u00e3o do dinheiro em 14 dias"},{"text":"Melhorias regulares"}],"button_url":"#demo","button_target_blank":"","button_nofollow":"","attributes":[{"name":"Instala\u00e7\u00f5es","content":"10,000 - 100,000"},{"name":"Responsivo","content":"Sim"},{"name":"Navegadores compat\u00edveis","content":"Firefox, Safari, Opera, Chrome, Edge"}],"tags":[],"tags_disable_links":"","hide_more_platforms":"","video_object":"","demo_hide_cta":"","demo_hide_cloud_options":"","pricing_title":"","pricing":[{"pricing_icon":"platform","pricing_title":"Elfsight Apps","pricing_title_caption":"Solu\u00e7\u00e3o multiplataforma adequada para qualquer site","pricing_price":"a partir de US$ 0\/m\u00eas","pricing_price_caption":"comece com plano gratuito","pricing_benefits":[{"text":"Dom\u00ednios ilimitados"},{"text":"Suporte 24 horas por dia, 7 dias por semana, pontual e bem documentado"},{"text":"Suporte 24 horas por dia, 7 dias por semana, pontual e bem documentado"},{"text":"Oferta por tempo limitado para v\u00e1rios aplicativos"}],"pricing_button_text":"Adicionar ao site","pricing_button_url":"#demo"}],"related_apps_title":"","related_apps_hidden":"","author":"","image":[],"title":"","job":"","social_networks":[]},"_links":{"self":[{"href":"https:\/\/elfsight.com\/pt\/wp-json\/wp\/v2\/pages\/7447","targetHints":{"allow":["GET"]}}],"collection":[{"href":"https:\/\/elfsight.com\/pt\/wp-json\/wp\/v2\/pages"}],"about":[{"href":"https:\/\/elfsight.com\/pt\/wp-json\/wp\/v2\/types\/page"}],"author":[{"embeddable":true,"href":"https:\/\/elfsight.com\/pt\/wp-json\/wp\/v2\/users\/9"}],"replies":[{"embeddable":true,"href":"https:\/\/elfsight.com\/pt\/wp-json\/wp\/v2\/comments?post=7447"}],"version-history":[{"count":2,"href":"https:\/\/elfsight.com\/pt\/wp-json\/wp\/v2\/pages\/7447\/revisions"}],"predecessor-version":[{"id":12075,"href":"https:\/\/elfsight.com\/pt\/wp-json\/wp\/v2\/pages\/7447\/revisions\/12075"}],"up":[{"embeddable":true,"href":"https:\/\/elfsight.com\/pt\/wp-json\/wp\/v2\/pages\/1216"}],"wp:attachment":[{"href":"https:\/\/elfsight.com\/pt\/wp-json\/wp\/v2\/media?parent=7447"}],"curies":[{"name":"wp","href":"https:\/\/api.w.org\/{rel}","templated":true}]}}