{"id":7440,"date":"1970-01-01T00:00:00","date_gmt":"1970-01-01T00:00:00","guid":{"rendered":"https:\/\/elfsight.com\/pt\/?page_id=7440"},"modified":"2024-11-13T11:38:16","modified_gmt":"2024-11-13T11:38:16","slug":"shopify","status":"publish","type":"page","link":"https:\/\/elfsight.com\/pt\/podcast-player-widget\/shopify\/","title":{"rendered":"Podcast Player &#8211; Shopify"},"content":{"rendered":"<div class=\"application-platform-content-item-description application-platform-content-item\" id=\"description\" data-nav-section=\"description\"> <h2>Incorpore o Podcast Player no Shopify com o widget Elfsight<\/h2> <p>O Elfsight Podcast Player \u00e9 um aplicativo simples para sites do Shopify que permite que voc\u00ea reproduza podcasts nas p\u00e1ginas do seu site. O widget \u00e9 totalmente personaliz\u00e1vel: voc\u00ea pode alterar seu posicionamento, incorpor\u00e1-lo em qualquer lugar da p\u00e1gina, dimensionar seu tamanho, recolorir o fundo e todos os outros elementos para combin\u00e1-lo com o layout do seu site, empregar esquema de cores escuras, demonstrar capas e exibir ou ocultar 3 detalhes adicionais do jogador, por exemplo barra de progresso e outros. Entretenha seus visitantes, ative a op\u00e7\u00e3o de reprodu\u00e7\u00e3o autom\u00e1tica e n\u00e3o hesite &#8211; seus usu\u00e1rios n\u00e3o sair\u00e3o do seu site com pressa! <\/p> <p><b>Encante seu p\u00fablico fornecendo informa\u00e7\u00f5es valiosas e interessantes com a ajuda do Elfsight Podcast Player<\/b><\/p> <\/div> <div class=\"application-platform-content-item-features application-platform-content-item\" id=\"features\" data-nav-section=\"features\"> <h2>Veja a lista dos recursos mais \u00fateis: <\/h2> <ul><li>Altera\u00e7\u00f5es de cores ilimitadas. <\/li><li>2 layouts prontos para uso. <\/li><li>Uma op\u00e7\u00e3o para adicionar imagem de fundo. <\/li><li>Adjete um n\u00famero ilimitado de faixas. <\/li><li>Uma possibilidade de criar seu pr\u00f3prio tema de cores. <\/li><\/ul><p><a href=\"#demo\">Teste todas as op\u00e7\u00f5es de personaliza\u00e7\u00e3o em uma demonstra\u00e7\u00e3o completa<\/a><\/p> <\/div> <div class=\"application-platform-content-item-installation application-platform-content-item\" id=\"installation\" data-nav-section=\"installation\"> <h2>Como incorporar o Podcast Player ao meu site Shopify? <\/h2><div class=\"video-container\"><iframe width=\"720\" height=\"405\" src=\"https:\/\/www.youtube.com\/embed\/Fi5U7dgsZAo\" frameborder=\"0\" allowfullscreen=\"\"><\/iframe><\/div><p>Basta seguir v\u00e1rias etapas descritas abaixo para integrar o aplicativo. <\/p> <ol><li><b>Utilize nosso configurador gratuito e comece a trabalhar com seu aplicativo personalizado. <\/b><br> Determine a forma selecionada e as caracter\u00edsticas do aplicativo e salve todas as corre\u00e7\u00f5es. <\/li> <li><b>Obtenha seu c\u00f3digo individual na caixa dos aplicativos Elfsight. <\/b><br> Quando a cria\u00e7\u00e3o do seu aplicativo pessoal for conclu\u00edda, copie o c\u00f3digo individual na caixa exibida e guarde-o para uso futuro. <\/li> <li><b>Comece a usar o aplicativo no seu site da Shopify. <\/b><br> Implemente o c\u00f3digo que voc\u00ea salvou recentemente em sua p\u00e1gina web e aplique os ajustes. <\/li> <li><b>Conclu\u00eddo! A integra\u00e7\u00e3o foi finalizada com sucesso. <\/b><br> Abra seu site para ver como o aplicativo funciona. <\/li><\/ol><p>Se voc\u00ea enfrentar alguma dificuldade, n\u00e3o tenha medo de procurar ajuda de nossa equipe de suporte. Nossos consultores ter\u00e3o prazer em ajud\u00e1-lo com todos os problemas que voc\u00ea possa ter com a ferramenta. <\/p><div class=\"faq\" data-component=\"FAQ\"><div class=\"faq-item\">\r\n\t\t\t\t\t<div class=\"faq-item-question\">\r\n\t\t\t\t\t\t<h3 class=\"faq-item-question-text\">Como posso incorporar um Podcast Player para Shopify sem conhecimentos de codifica\u00e7\u00e3o?<\/h3>\r\n\r\n\t\t\t\t\t\t<div class=\"faq-item-question-icon\"><\/div>\r\n\t\t\t\t\t<\/div>\r\n\r\n\t\t\t\t\t<div class=\"faq-item-answer\">\r\n\t\t\t\t\t\t<div class=\"faq-item-answer-text\"><p>A Elfsight fornece uma solu\u00e7\u00e3o baseada na nuvem que permite aos pr\u00f3prios usu\u00e1rios criar um Podcast Player para Shopify. Descubra como o processo pode ser simples:<\/p><ul><li>Acesse o Editor on-line para gerar uma se\u00e7\u00e3o do Podcast Player que voc\u00ea gostaria de integrar \u00e0 sua loja Shopify.<\/li><li>Escolha uma das op\u00e7\u00f5es nossos modelos pr\u00e9-concebidos e personalize as configura\u00e7\u00f5es do Podcast Player, ajustando o layout e o esquema de cores, e incluindo seu conte\u00fado sem qualquer necessidade de codifica\u00e7\u00e3o.<\/li><li>Salve as configura\u00e7\u00f5es que voc\u00ea configurou para o Podcast Player e obtenha o c\u00f3digo para incorpora\u00e7\u00e3o, que pode ser facilmente adicionado \u00e0 sua loja Shopify sem nenhum custo.<\/li><\/ul><p>Ao trabalhar no editor f\u00e1cil de usar, qualquer usu\u00e1rio da Internet pode criar uma se\u00e7\u00e3o do Podcast Player e incorpor\u00e1-la ao sua loja Shopify. N\u00e3o h\u00e1 exig\u00eancia de pagamento ou divulga\u00e7\u00e3o dos dados do seu cart\u00e3o para acessar o Editor Elfsight. Se voc\u00ea encontrar alguma dificuldade em qualquer est\u00e1gio, sinta-se \u00e0 vontade para entrar em contato com nosso suporte ao cliente.<\/p><\/div>\r\n\t\t\t\t\t<\/div>\r\n\t\t\t\t<\/div><\/div> <\/div>","protected":false},"excerpt":{"rendered":"","protected":false},"author":9,"featured_media":0,"parent":1216,"menu_order":0,"comment_status":"closed","ping_status":"closed","template":"templates\/template-application-platform.php","meta":{"publish_to_discourse":"","publish_post_category":"","wpdc_auto_publish_overridden":"","wpdc_topic_tags":"","wpdc_pin_topic":"","wpdc_pin_until":"","discourse_post_id":"","discourse_permalink":"","wpdc_publishing_response":"","wpdc_publishing_error":"","footnotes":""},"class_list":["post-7440","page","type-page","status-publish","hentry"],"yoast_head":"<!-- This site is optimized with the Yoast SEO plugin v25.3.1 - https:\/\/yoast.com\/wordpress\/plugins\/seo\/ -->\n<title>Elfsight Podcast Player para site Shopify (gratuito e f\u00e1cil)<\/title>\n<meta name=\"description\" content=\"Aplique nossa demonstra\u00e7\u00e3o acess\u00edvel e implemente um Podcast Player responsivo em seu site Shopify. Incorpore nossa demonstra\u00e7\u00e3o gerenci\u00e1vel e crie seu aplicativo personalizado em 1-2-3!\" \/>\n<meta name=\"robots\" content=\"index, follow, max-snippet:-1, max-image-preview:large, max-video-preview:-1\" \/>\n<link rel=\"canonical\" href=\"https:\/\/elfsight.com\/pt\/podcast-player-widget\/shopify\/\" \/>\n<meta property=\"og:locale\" content=\"pt_PT\" \/>\n<meta property=\"og:type\" content=\"article\" \/>\n<meta property=\"og:title\" content=\"Elfsight Podcast Player para site Shopify (gratuito e f\u00e1cil)\" \/>\n<meta property=\"og:description\" content=\"Aplique nossa demonstra\u00e7\u00e3o acess\u00edvel e implemente um Podcast Player responsivo em seu site Shopify. Incorpore nossa demonstra\u00e7\u00e3o gerenci\u00e1vel e crie seu aplicativo personalizado em 1-2-3!\" \/>\n<meta property=\"og:url\" content=\"https:\/\/elfsight.com\/pt\/podcast-player-widget\/shopify\/\" \/>\n<meta property=\"og:site_name\" content=\"Elfsight PT\" \/>\n<meta property=\"article:modified_time\" content=\"2024-11-13T11:38:16+00:00\" \/>\n<meta name=\"twitter:card\" content=\"summary_large_image\" \/>\n<meta name=\"twitter:label1\" content=\"Tempo estimado de leitura\" \/>\n\t<meta name=\"twitter:data1\" content=\"3 minutos\" \/>\n<!-- \/ Yoast SEO plugin. -->","yoast_head_json":{"title":"Elfsight Podcast Player para site Shopify (gratuito e f\u00e1cil)","description":"Aplique nossa demonstra\u00e7\u00e3o acess\u00edvel e implemente um Podcast Player responsivo em seu site Shopify. Incorpore nossa demonstra\u00e7\u00e3o gerenci\u00e1vel e crie seu aplicativo personalizado em 1-2-3!","robots":{"index":"index","follow":"follow","max-snippet":"max-snippet:-1","max-image-preview":"max-image-preview:large","max-video-preview":"max-video-preview:-1"},"canonical":"https:\/\/elfsight.com\/pt\/podcast-player-widget\/shopify\/","og_locale":"pt_PT","og_type":"article","og_title":"Elfsight Podcast Player para site Shopify (gratuito e f\u00e1cil)","og_description":"Aplique nossa demonstra\u00e7\u00e3o acess\u00edvel e implemente um Podcast Player responsivo em seu site Shopify. Incorpore nossa demonstra\u00e7\u00e3o gerenci\u00e1vel e crie seu aplicativo personalizado em 1-2-3!","og_url":"https:\/\/elfsight.com\/pt\/podcast-player-widget\/shopify\/","og_site_name":"Elfsight PT","article_modified_time":"2024-11-13T11:38:16+00:00","twitter_card":"summary_large_image","twitter_misc":{"Tempo estimado de leitura":"3 minutos"},"schema":{"@context":"https:\/\/schema.org","@graph":[{"@type":"WebPage","@id":"https:\/\/elfsight.com\/pt\/podcast-player-widget\/shopify\/","url":"https:\/\/elfsight.com\/pt\/podcast-player-widget\/shopify\/","name":"Elfsight Podcast Player para site Shopify (gratuito e f\u00e1cil)","isPartOf":{"@id":"https:\/\/elfsight.com\/pt\/#website"},"datePublished":"1970-01-01T00:00:00+00:00","dateModified":"2024-11-13T11:38:16+00:00","description":"Aplique nossa demonstra\u00e7\u00e3o acess\u00edvel e implemente um Podcast Player responsivo em seu site Shopify. Incorpore nossa demonstra\u00e7\u00e3o gerenci\u00e1vel e crie seu aplicativo personalizado em 1-2-3!","breadcrumb":{"@id":"https:\/\/elfsight.com\/pt\/podcast-player-widget\/shopify\/#breadcrumb"},"inLanguage":"pt-PT","potentialAction":[{"@type":"ReadAction","target":["https:\/\/elfsight.com\/pt\/podcast-player-widget\/shopify\/"]}]},{"@type":"BreadcrumbList","@id":"https:\/\/elfsight.com\/pt\/podcast-player-widget\/shopify\/#breadcrumb","itemListElement":[{"@type":"ListItem","position":1,"name":"Home","item":"https:\/\/elfsight.com\/pt\/"},{"@type":"ListItem","position":2,"name":"Podcast Player","item":"https:\/\/elfsight.com\/pt\/podcast-player-widget\/"},{"@type":"ListItem","position":3,"name":"Podcast Player &#8211; Shopify"}]},{"@type":"WebSite","@id":"https:\/\/elfsight.com\/pt\/#website","url":"https:\/\/elfsight.com\/pt\/","name":"Elfsight PT","description":"Just another Elfsight Sites site","potentialAction":[{"@type":"SearchAction","target":{"@type":"EntryPoint","urlTemplate":"https:\/\/elfsight.com\/pt\/?s={search_term_string}"},"query-input":{"@type":"PropertyValueSpecification","valueRequired":true,"valueName":"search_term_string"}}],"inLanguage":"pt-PT"}]}},"meta_box":{"industry":"","seo_heading":"","heading":"","description":"","cta_heading":"","cta_description":"","application":"1215","h1":"Aplicativo Shopify Podcast Player","h1_caption":"Ofere\u00e7a aos seus usu\u00e1rios uma experi\u00eancia incomum e conquiste clientes fi\u00e9is rapidamente","application_category":[],"applications_title":"","applications_request_title":"","applications_request_button_text":"","hero_text":"","hero_video":"","hero_video_schema_markup":"","selling_points_title":"","selling_points_caption":"","selling_points":[],"selling_points_cta_text":"","features_title":"","features":"","ed_cta_examples_text":"","ed_cta_examples_hidden":"","ed_cta_demo_text":"","ed_cta_demo_hidden":"","why_caption":"","why_editor_title":"","why_editor_text":"","why_team_title":"","why_team_text":"","why_service_title":"","why_service_text":"","template_catalog_visible":"","template_catalog_title":"","template_catalog_text":"","template_catalog_categories_visible":"","demo_title":"Crie seu aplicativo Podcast Player","demo_caption":"Configure seu Podcast Player e adicione-o ao seu site Shopify gratuitamente!","default_faq_hidden":"","app_template_category":[],"platform":"64","template_public_id":"","codecanyon_url":"","codecanyon_item_id":"","codecanyon_price":"","pricing_caption":"","pricing_elfsight_apps_hide_column":"","pricing_elfsight_apps_url":"","pricing_codecanyon_price_caption":"","integration_category":[],"integration_request_title":"","integration_request_cta":"","integration_platform":"","integrations":[],"platform_category":[],"video_schema_markup":"","price":"a partir de US$ 0\/m\u00eas","trial":"","benefits":[{"text":"Servi\u00e7o de instala\u00e7\u00e3o gratuito"},{"text":"Suporte premium"},{"text":"Garantia de devolu\u00e7\u00e3o do dinheiro em 14 dias"},{"text":"Atualiza\u00e7\u00f5es gratuitas cont\u00ednuas"}],"button_url":"#demo","button_target_blank":"","button_nofollow":"","attributes":[{"name":"Instala\u00e7\u00f5es","content":"10,000 - 100,000"},{"name":"Responsivo","content":"Sim"},{"name":"Navegadores compat\u00edveis","content":"Firefox, Safari, Opera, Chrome, Edge"}],"tags":[],"tags_disable_links":"","hide_more_platforms":"","video_object":"","demo_hide_cta":"","demo_hide_cloud_options":"","pricing_title":"","pricing":[{"pricing_icon":"cloud","pricing_title":"Elfsight Apps","pricing_title_caption":"Vers\u00e3o multiplataforma que funciona em todos os sites","pricing_price":"a partir de US$ 0\/m\u00eas","pricing_price_caption":"comece com plano gratuito","pricing_benefits":[{"text":"Sites ilimitados"},{"text":"Suporte premium"},{"text":"Suporte premium"},{"text":"Oferta especial para v\u00e1rios aplicativos"}],"pricing_button_text":"Adicionar ao site","pricing_button_url":"#demo"}],"related_apps_title":"","related_apps_hidden":"","author":"","image":[],"title":"","job":"","social_networks":[]},"_links":{"self":[{"href":"https:\/\/elfsight.com\/pt\/wp-json\/wp\/v2\/pages\/7440","targetHints":{"allow":["GET"]}}],"collection":[{"href":"https:\/\/elfsight.com\/pt\/wp-json\/wp\/v2\/pages"}],"about":[{"href":"https:\/\/elfsight.com\/pt\/wp-json\/wp\/v2\/types\/page"}],"author":[{"embeddable":true,"href":"https:\/\/elfsight.com\/pt\/wp-json\/wp\/v2\/users\/9"}],"replies":[{"embeddable":true,"href":"https:\/\/elfsight.com\/pt\/wp-json\/wp\/v2\/comments?post=7440"}],"version-history":[{"count":2,"href":"https:\/\/elfsight.com\/pt\/wp-json\/wp\/v2\/pages\/7440\/revisions"}],"predecessor-version":[{"id":12074,"href":"https:\/\/elfsight.com\/pt\/wp-json\/wp\/v2\/pages\/7440\/revisions\/12074"}],"up":[{"embeddable":true,"href":"https:\/\/elfsight.com\/pt\/wp-json\/wp\/v2\/pages\/1216"}],"wp:attachment":[{"href":"https:\/\/elfsight.com\/pt\/wp-json\/wp\/v2\/media?parent=7440"}],"curies":[{"name":"wp","href":"https:\/\/api.w.org\/{rel}","templated":true}]}}