{"id":7434,"date":"1970-01-01T00:00:00","date_gmt":"1970-01-01T00:00:00","guid":{"rendered":"https:\/\/elfsight.com\/pt\/?page_id=7434"},"modified":"2024-11-13T11:38:16","modified_gmt":"2024-11-13T11:38:16","slug":"webflow","status":"publish","type":"page","link":"https:\/\/elfsight.com\/pt\/podcast-player-widget\/webflow\/","title":{"rendered":"Podcast Player &#8211; Webflow"},"content":{"rendered":"<div class=\"application-platform-content-item-description application-platform-content-item\" id=\"description\" data-nav-section=\"description\"> <h2>Incorporar Podcast Player no Webflow com o widget Elfsight<\/h2> <p>Elfsight Podcast Player \u00e9 uma ferramenta simples para Webflow que permite que voc\u00ea reproduza podcasts diretamente em sua p\u00e1gina da web. O plugin \u00e9 altamente ajust\u00e1vel: voc\u00ea pode alterar sua posi\u00e7\u00e3o, inserindo-o em qualquer lugar da p\u00e1gina, dimensionar seu tamanho, repintar o fundo e todas as outras partes para combin\u00e1-lo com o design do seu site, empregar tema escuro, exibir capas e mostrar ou ocultar tr\u00eas outros detalhes do jogador, por exemplo barra de progresso e outros. Divirta seus usu\u00e1rios, ative a op\u00e7\u00e3o de reprodu\u00e7\u00e3o autom\u00e1tica e n\u00e3o hesite &#8211; seus usu\u00e1rios n\u00e3o sair\u00e3o da sua p\u00e1gina inicial imediatamente! <\/p> <p><b>Envolva seu p\u00fablico fornecendo-lhes materiais \u00fateis e cativantes por meio do Elfsight Podcast Player<\/b><\/p> <\/div> <div class=\"application-platform-content-item-features application-platform-content-item\" id=\"features\" data-nav-section=\"features\"> <h2>Explorar a lista dos maiores recursos: <\/h2> <ul><li>V\u00e1rias altera\u00e7\u00f5es de cores. <\/li><li>2 layouts dispon\u00edveis. <\/li><li>Uma oportunidade de usar imagem de fundo. <\/li><li>Adicione uma quantidade ilimitada de faixas. <\/li><li>A possibilidade de criar seu pr\u00f3prio esquema de cores. <\/li><\/ul><p><a href=\"#demo\">Voc\u00ea pode verificar como o widget funciona testando a demonstra\u00e7\u00e3o<\/a><\/p> <\/div> <div class=\"application-platform-content-item-installation application-platform-content-item\" id=\"installation\" data-nav-section=\"installation\"> <h2>Como adicionar o Podcast Player ao meu site Webflow? <\/h2><div class=\"video-container\"><iframe width=\"720\" height=\"405\" src=\"https:\/\/www.youtube.com\/embed\/BTZcSyYwR8o\" frameborder=\"0\" allowfullscreen=\"\"><\/iframe><\/div><p>Basta seguir estas etapas descritas abaixo para ativar a ferramenta. <\/p> <ol><li><b>Utilize nossa demonstra\u00e7\u00e3o gratuita e comece a construir seu instrumento personalizado. <\/b><br> Encontre a apar\u00eancia e os recursos adequados do widget e salve as modifica\u00e7\u00f5es. <\/li> <li><b>Copie seu c\u00f3digo individual que aparece na caixa dos aplicativos Elfsight. <\/b><br> Logo ap\u00f3s a configura\u00e7\u00e3o da sua ferramenta, copie o c\u00f3digo pessoal na caixa exibida e guarde-o para uso posterior. <\/li> <li><b>Comece a usar o widget na sua p\u00e1gina Webflow. <\/b><br> Incorpore o c\u00f3digo que voc\u00ea salvou anteriormente em seu site e aplique os ajustes. <\/li> <li><b>Conclu\u00eddo! A integra\u00e7\u00e3o foi finalizada com sucesso. <\/b><br> Acesse seu site para examinar o funcionamento da ferramenta. <\/li><\/ol> <p>Na condi\u00e7\u00e3o de enfrentar d\u00favidas ou passar por alguma dificuldade, n\u00e3o hesite em entrar em contato com nossa equipe de suporte. Nosso pessoal deseja ajud\u00e1-lo com todas as dificuldades que voc\u00ea possa ter com o plugin. <\/p> <div class=\"faq\" data-component=\"FAQ\"><div class=\"faq-item\">\r\n\t\t\t\t\t<div class=\"faq-item-question\">\r\n\t\t\t\t\t\t<h3 class=\"faq-item-question-text\">Como posso incorporar um widget Podcast Player no meu site Webflow sem conhecimentos de codifica\u00e7\u00e3o?<\/h3>\r\n\r\n\t\t\t\t\t\t<div class=\"faq-item-question-icon\"><\/div>\r\n\t\t\t\t\t<\/div>\r\n\r\n\t\t\t\t\t<div class=\"faq-item-answer\">\r\n\t\t\t\t\t\t<div class=\"faq-item-answer-text\"><p>A Elfsight fornece uma solu\u00e7\u00e3o baseada na nuvem que permite aos utilizadores criar um widget Podcast Player em por conta pr\u00f3pria, veja como o processo \u00e9 simples:<\/p><ul><li>Acesse o Editor on-line para gerar uma se\u00e7\u00e3o de widget do Podcast Player que voc\u00ea gostaria de integrar ao seu site Webflow.<\/li><li>Escolha um de nossos modelos predefinidos e personalize as configura\u00e7\u00f5es do widget Podcast Player, modifique o layout e o esquema de cores, inclua seu conte\u00fado sem qualquer necessidade de codifica\u00e7\u00e3o.<\/li><li>Salve as configura\u00e7\u00f5es que voc\u00ea configurou para o widget Podcast Player e obtenha o c\u00f3digo para incorporar o widget, que pode ser facilmente adicionado ao seu site Webflow sem nenhum custo.<\/li><\/ul><p>Ao trabalhar no editor amig\u00e1vel, qualquer usu\u00e1rio da Internet pode criar um reprodutor de podcast se\u00e7\u00e3o de widget e incorpor\u00e1-lo em seu site Webflow. N\u00e3o h\u00e1 exig\u00eancia de pagamento ou divulga\u00e7\u00e3o dos dados do seu cart\u00e3o para acessar o Editor Elfsight. Se voc\u00ea encontrar alguma dificuldade em qualquer est\u00e1gio, sinta-se \u00e0 vontade para entrar em contato com nosso suporte ao cliente.<\/p><\/div>\r\n\t\t\t\t\t<\/div>\r\n\t\t\t\t<\/div><\/div><\/div>","protected":false},"excerpt":{"rendered":"","protected":false},"author":9,"featured_media":0,"parent":1216,"menu_order":0,"comment_status":"closed","ping_status":"closed","template":"templates\/template-application-platform.php","meta":{"publish_to_discourse":"","publish_post_category":"","wpdc_auto_publish_overridden":"","wpdc_topic_tags":"","wpdc_pin_topic":"","wpdc_pin_until":"","discourse_post_id":"","discourse_permalink":"","wpdc_publishing_response":"","wpdc_publishing_error":"","footnotes":""},"class_list":["post-7434","page","type-page","status-publish","hentry"],"yoast_head":"<!-- This site is optimized with the Yoast SEO plugin v25.3.1 - https:\/\/yoast.com\/wordpress\/plugins\/seo\/ -->\n<title>Elfsight Podcast Player para site Webflow (gratuito e r\u00e1pido)<\/title>\n<meta name=\"description\" content=\"Comece a usar nossa demonstra\u00e7\u00e3o gerenci\u00e1vel e incorpore um Podcast Player responsivo em seu site Webflow. Incorpore nossa demonstra\u00e7\u00e3o pr\u00e1tica e crie seu plugin personalizado sem esfor\u00e7o!\" \/>\n<meta name=\"robots\" content=\"index, follow, max-snippet:-1, max-image-preview:large, max-video-preview:-1\" \/>\n<link rel=\"canonical\" href=\"https:\/\/elfsight.com\/pt\/podcast-player-widget\/webflow\/\" \/>\n<meta property=\"og:locale\" content=\"pt_PT\" \/>\n<meta property=\"og:type\" content=\"article\" \/>\n<meta property=\"og:title\" content=\"Elfsight Podcast Player para site Webflow (gratuito e r\u00e1pido)\" \/>\n<meta property=\"og:description\" content=\"Comece a usar nossa demonstra\u00e7\u00e3o gerenci\u00e1vel e incorpore um Podcast Player responsivo em seu site Webflow. Incorpore nossa demonstra\u00e7\u00e3o pr\u00e1tica e crie seu plugin personalizado sem esfor\u00e7o!\" \/>\n<meta property=\"og:url\" content=\"https:\/\/elfsight.com\/pt\/podcast-player-widget\/webflow\/\" \/>\n<meta property=\"og:site_name\" content=\"Elfsight PT\" \/>\n<meta property=\"article:modified_time\" content=\"2024-11-13T11:38:16+00:00\" \/>\n<meta name=\"twitter:card\" content=\"summary_large_image\" \/>\n<meta name=\"twitter:label1\" content=\"Tempo estimado de leitura\" \/>\n\t<meta name=\"twitter:data1\" content=\"3 minutos\" \/>\n<!-- \/ Yoast SEO plugin. -->","yoast_head_json":{"title":"Elfsight Podcast Player para site Webflow (gratuito e r\u00e1pido)","description":"Comece a usar nossa demonstra\u00e7\u00e3o gerenci\u00e1vel e incorpore um Podcast Player responsivo em seu site Webflow. Incorpore nossa demonstra\u00e7\u00e3o pr\u00e1tica e crie seu plugin personalizado sem esfor\u00e7o!","robots":{"index":"index","follow":"follow","max-snippet":"max-snippet:-1","max-image-preview":"max-image-preview:large","max-video-preview":"max-video-preview:-1"},"canonical":"https:\/\/elfsight.com\/pt\/podcast-player-widget\/webflow\/","og_locale":"pt_PT","og_type":"article","og_title":"Elfsight Podcast Player para site Webflow (gratuito e r\u00e1pido)","og_description":"Comece a usar nossa demonstra\u00e7\u00e3o gerenci\u00e1vel e incorpore um Podcast Player responsivo em seu site Webflow. Incorpore nossa demonstra\u00e7\u00e3o pr\u00e1tica e crie seu plugin personalizado sem esfor\u00e7o!","og_url":"https:\/\/elfsight.com\/pt\/podcast-player-widget\/webflow\/","og_site_name":"Elfsight PT","article_modified_time":"2024-11-13T11:38:16+00:00","twitter_card":"summary_large_image","twitter_misc":{"Tempo estimado de leitura":"3 minutos"},"schema":{"@context":"https:\/\/schema.org","@graph":[{"@type":"WebPage","@id":"https:\/\/elfsight.com\/pt\/podcast-player-widget\/webflow\/","url":"https:\/\/elfsight.com\/pt\/podcast-player-widget\/webflow\/","name":"Elfsight Podcast Player para site Webflow (gratuito e r\u00e1pido)","isPartOf":{"@id":"https:\/\/elfsight.com\/pt\/#website"},"datePublished":"1970-01-01T00:00:00+00:00","dateModified":"2024-11-13T11:38:16+00:00","description":"Comece a usar nossa demonstra\u00e7\u00e3o gerenci\u00e1vel e incorpore um Podcast Player responsivo em seu site Webflow. Incorpore nossa demonstra\u00e7\u00e3o pr\u00e1tica e crie seu plugin personalizado sem esfor\u00e7o!","breadcrumb":{"@id":"https:\/\/elfsight.com\/pt\/podcast-player-widget\/webflow\/#breadcrumb"},"inLanguage":"pt-PT","potentialAction":[{"@type":"ReadAction","target":["https:\/\/elfsight.com\/pt\/podcast-player-widget\/webflow\/"]}]},{"@type":"BreadcrumbList","@id":"https:\/\/elfsight.com\/pt\/podcast-player-widget\/webflow\/#breadcrumb","itemListElement":[{"@type":"ListItem","position":1,"name":"Home","item":"https:\/\/elfsight.com\/pt\/"},{"@type":"ListItem","position":2,"name":"Podcast Player","item":"https:\/\/elfsight.com\/pt\/podcast-player-widget\/"},{"@type":"ListItem","position":3,"name":"Podcast Player &#8211; Webflow"}]},{"@type":"WebSite","@id":"https:\/\/elfsight.com\/pt\/#website","url":"https:\/\/elfsight.com\/pt\/","name":"Elfsight PT","description":"Just another Elfsight Sites site","potentialAction":[{"@type":"SearchAction","target":{"@type":"EntryPoint","urlTemplate":"https:\/\/elfsight.com\/pt\/?s={search_term_string}"},"query-input":{"@type":"PropertyValueSpecification","valueRequired":true,"valueName":"search_term_string"}}],"inLanguage":"pt-PT"}]}},"meta_box":{"industry":"","seo_heading":"","heading":"","description":"","cta_heading":"","cta_description":"","application":"1215","h1":"Widget do reprodutor de podcast do Webflow","h1_caption":"D\u00ea ao seu p\u00fablico uma experi\u00eancia nova e conquiste clientes fi\u00e9is facilmente","application_category":[],"applications_title":"","applications_request_title":"","applications_request_button_text":"","hero_text":"","hero_video":"","hero_video_schema_markup":"","selling_points_title":"","selling_points_caption":"","selling_points":[],"selling_points_cta_text":"","features_title":"","features":"","ed_cta_examples_text":"","ed_cta_examples_hidden":"","ed_cta_demo_text":"","ed_cta_demo_hidden":"","why_caption":"","why_editor_title":"","why_editor_text":"","why_team_title":"","why_team_text":"","why_service_title":"","why_service_text":"","template_catalog_visible":"","template_catalog_title":"","template_catalog_text":"","template_catalog_categories_visible":"","demo_title":"Crie seu widget do Podcast Player","demo_caption":"Configure seu Podcast Player e adicione-o ao seu site Webflow gratuitamente!","default_faq_hidden":"","app_template_category":[],"platform":"70","template_public_id":"","codecanyon_url":"","codecanyon_item_id":"","codecanyon_price":"","pricing_caption":"","pricing_elfsight_apps_hide_column":"","pricing_elfsight_apps_url":"","pricing_codecanyon_price_caption":"","integration_category":[],"integration_request_title":"","integration_request_cta":"","integration_platform":"","integrations":[],"platform_category":[],"video_schema_markup":"","price":"a partir de US$ 0\/m\u00eas","trial":"","benefits":[{"text":"Servi\u00e7o de instala\u00e7\u00e3o gratuito"},{"text":"Suporte ao cliente experiente"},{"text":"Garantia de reembolso de 14 dias"},{"text":"Futuras melhorias gratuitas"}],"button_url":"#demo","button_target_blank":"","button_nofollow":"","attributes":[{"name":"Instala\u00e7\u00f5es","content":"10,000 - 100,000"},{"name":"Responsivo","content":"Sim"},{"name":"Navegadores compat\u00edveis","content":"Firefox, Edge, Safari, Opera, Chrome"}],"tags":[],"tags_disable_links":"","hide_more_platforms":"","video_object":"","demo_hide_cta":"","demo_hide_cloud_options":"","pricing_title":"","pricing":[{"pricing_icon":"platform","pricing_title":"Elfsight Apps","pricing_title_caption":"Software multiplataforma que funciona em todos os sites","pricing_price":"a partir de US$ 0\/m\u00eas","pricing_price_caption":"comece com plano gratuito","pricing_benefits":[{"text":"N\u00famero ilimitado de dom\u00ednios"},{"text":"Respostas r\u00e1pidas de suporte"},{"text":"Respostas r\u00e1pidas de suporte"},{"text":"Oferta especial para v\u00e1rios aplicativos"}],"pricing_button_text":"Adicionar ao site","pricing_button_url":"#demo"}],"related_apps_title":"","related_apps_hidden":"","author":"","image":[],"title":"","job":"","social_networks":[]},"_links":{"self":[{"href":"https:\/\/elfsight.com\/pt\/wp-json\/wp\/v2\/pages\/7434","targetHints":{"allow":["GET"]}}],"collection":[{"href":"https:\/\/elfsight.com\/pt\/wp-json\/wp\/v2\/pages"}],"about":[{"href":"https:\/\/elfsight.com\/pt\/wp-json\/wp\/v2\/types\/page"}],"author":[{"embeddable":true,"href":"https:\/\/elfsight.com\/pt\/wp-json\/wp\/v2\/users\/9"}],"replies":[{"embeddable":true,"href":"https:\/\/elfsight.com\/pt\/wp-json\/wp\/v2\/comments?post=7434"}],"version-history":[{"count":2,"href":"https:\/\/elfsight.com\/pt\/wp-json\/wp\/v2\/pages\/7434\/revisions"}],"predecessor-version":[{"id":12072,"href":"https:\/\/elfsight.com\/pt\/wp-json\/wp\/v2\/pages\/7434\/revisions\/12072"}],"up":[{"embeddable":true,"href":"https:\/\/elfsight.com\/pt\/wp-json\/wp\/v2\/pages\/1216"}],"wp:attachment":[{"href":"https:\/\/elfsight.com\/pt\/wp-json\/wp\/v2\/media?parent=7434"}],"curies":[{"name":"wp","href":"https:\/\/api.w.org\/{rel}","templated":true}]}}