{"id":7433,"date":"1970-01-01T00:00:00","date_gmt":"1970-01-01T00:00:00","guid":{"rendered":"https:\/\/elfsight.com\/pt\/?page_id=7433"},"modified":"2024-11-13T11:38:16","modified_gmt":"2024-11-13T11:38:16","slug":"webnode","status":"publish","type":"page","link":"https:\/\/elfsight.com\/pt\/podcast-player-widget\/webnode\/","title":{"rendered":"Podcast Player &#8211; Webnode"},"content":{"rendered":"<div class=\"application-platform-content-item-description application-platform-content-item\" id=\"description\" data-nav-section=\"description\"> <h2>Descri\u00e7\u00e3o<\/h2> <p>Elfsight Podcast Player \u00e9 uma ferramenta simples para Webnode que lhe d\u00e1 a oportunidade de transmitir podcasts nas p\u00e1ginas do seu local na rede Internet. O widget \u00e9 notavelmente modific\u00e1vel: voc\u00ea \u00e9 livre para alterar sua posi\u00e7\u00e3o, incorpor\u00e1-lo em qualquer lugar da p\u00e1gina, alterar seu tamanho, recolorir o fundo e todos os outros elementos para combin\u00e1-lo com o estilo do seu site, usar esquema de cores escuras, demonstrar capas e mostrar ou ocultar 3 outros componentes do jogador, por exemplo barra de progresso e outros. Envolva os seus visitantes, ative a op\u00e7\u00e3o de reprodu\u00e7\u00e3o autom\u00e1tica e n\u00e3o hesite &#8211; os seus visitantes n\u00e3o sair\u00e3o do seu site com pressa! <\/p> <p><b>Encante seus usu\u00e1rios fornecendo-lhes informa\u00e7\u00f5es \u00fateis e divertidas usando o Elfsight Podcast Player<\/b><\/p> <\/div> <div class=\"application-platform-content-item-features application-platform-content-item\" id=\"features\" data-nav-section=\"features\"> <h2>Estes s\u00e3o apenas alguns dos muitos recursos do widget: <\/h2> <ul><li>V\u00e1rias varia\u00e7\u00f5es de cores. <\/li><li>2 layouts aplic\u00e1veis. <\/li><li>Uma op\u00e7\u00e3o para usar imagem de fundo. <\/li><li>Adjete uma quantidade infinita de faixas. <\/li><li>Uma possibilidade de criar seu tema de cores personalizado. <\/li><\/ul><p><a href=\"#demo\">Voc\u00ea pode sentir como o widget funciona com a ajuda da demonstra\u00e7\u00e3o<\/a><\/p> <\/div> <div class=\"application-platform-content-item- instala\u00e7\u00e3o application-platform-content-item\" id=\" instala\u00e7\u00e3o\" data-nav-section=\" instala\u00e7\u00e3o\"> <h2>Como incorporo o Podcast Player no meu site Webnode? <\/h2> <p>Basta seguir as orienta\u00e7\u00f5es abaixo para integrar a ferramenta. <\/p> <ol><li><b>Abra nosso configurador gratuito e comece a construir seu instrumento personalizado. <\/b><br> Escolha o design selecionado e as caracter\u00edsticas do widget e aplique as edi\u00e7\u00f5es. <\/li> <li><b>Copie o seu c\u00f3digo individual revelado na caixa das aplica\u00e7\u00f5es Elfsight. <\/b><br> Assim que a configura\u00e7\u00e3o do seu plugin pessoal for conclu\u00edda, copie o c\u00f3digo individual na caixa exibida e salve-o para uso futuro. <\/li> <li><b>Entre usando a ferramenta na sua p\u00e1gina Webnode. <\/b><br> Coloque o c\u00f3digo que voc\u00ea copiou anteriormente em seu site e salve as modifica\u00e7\u00f5es. <\/li> <li><b>A instala\u00e7\u00e3o foi realizada com sucesso. <\/b><br> Visite sua p\u00e1gina para ver em a\u00e7\u00e3o como o widget funciona. <\/li><\/ol> <p>Se voc\u00ea encontrar alguma dificuldade, entre em contato com nossa equipe de suporte. Nossos consultores est\u00e3o ansiosos para resolver todos os problemas que voc\u00ea possa ter com o produto. <\/p> <\/div>","protected":false},"excerpt":{"rendered":"","protected":false},"author":9,"featured_media":0,"parent":1216,"menu_order":0,"comment_status":"closed","ping_status":"closed","template":"templates\/template-application-platform.php","meta":{"publish_to_discourse":"","publish_post_category":"","wpdc_auto_publish_overridden":"","wpdc_topic_tags":"","wpdc_pin_topic":"","wpdc_pin_until":"","discourse_post_id":"","discourse_permalink":"","wpdc_publishing_response":"","wpdc_publishing_error":"","footnotes":""},"class_list":["post-7433","page","type-page","status-publish","hentry"],"yoast_head":"<!-- This site is optimized with the Yoast SEO plugin v25.3.1 - https:\/\/yoast.com\/wordpress\/plugins\/seo\/ -->\n<title>Elfsight Podcast Player para site Webnode (gr\u00e1tis e f\u00e1cil)<\/title>\n<meta name=\"description\" content=\"Comece a usar nossa demonstra\u00e7\u00e3o acess\u00edvel e incorpore um Podcast Player responsivo na sua p\u00e1gina inicial do Webnode. Incorpore nossa demonstra\u00e7\u00e3o \u00fatil e crie seu plugin personalizado sem esfor\u00e7o!\" \/>\n<meta name=\"robots\" content=\"index, follow, max-snippet:-1, max-image-preview:large, max-video-preview:-1\" \/>\n<link rel=\"canonical\" href=\"https:\/\/elfsight.com\/pt\/podcast-player-widget\/webnode\/\" \/>\n<meta property=\"og:locale\" content=\"pt_PT\" \/>\n<meta property=\"og:type\" content=\"article\" \/>\n<meta property=\"og:title\" content=\"Elfsight Podcast Player para site Webnode (gr\u00e1tis e f\u00e1cil)\" \/>\n<meta property=\"og:description\" content=\"Comece a usar nossa demonstra\u00e7\u00e3o acess\u00edvel e incorpore um Podcast Player responsivo na sua p\u00e1gina inicial do Webnode. Incorpore nossa demonstra\u00e7\u00e3o \u00fatil e crie seu plugin personalizado sem esfor\u00e7o!\" \/>\n<meta property=\"og:url\" content=\"https:\/\/elfsight.com\/pt\/podcast-player-widget\/webnode\/\" \/>\n<meta property=\"og:site_name\" content=\"Elfsight PT\" \/>\n<meta property=\"article:modified_time\" content=\"2024-11-13T11:38:16+00:00\" \/>\n<meta name=\"twitter:card\" content=\"summary_large_image\" \/>\n<meta name=\"twitter:label1\" content=\"Tempo estimado de leitura\" \/>\n\t<meta name=\"twitter:data1\" content=\"2 minutos\" \/>\n<!-- \/ Yoast SEO plugin. -->","yoast_head_json":{"title":"Elfsight Podcast Player para site Webnode (gr\u00e1tis e f\u00e1cil)","description":"Comece a usar nossa demonstra\u00e7\u00e3o acess\u00edvel e incorpore um Podcast Player responsivo na sua p\u00e1gina inicial do Webnode. Incorpore nossa demonstra\u00e7\u00e3o \u00fatil e crie seu plugin personalizado sem esfor\u00e7o!","robots":{"index":"index","follow":"follow","max-snippet":"max-snippet:-1","max-image-preview":"max-image-preview:large","max-video-preview":"max-video-preview:-1"},"canonical":"https:\/\/elfsight.com\/pt\/podcast-player-widget\/webnode\/","og_locale":"pt_PT","og_type":"article","og_title":"Elfsight Podcast Player para site Webnode (gr\u00e1tis e f\u00e1cil)","og_description":"Comece a usar nossa demonstra\u00e7\u00e3o acess\u00edvel e incorpore um Podcast Player responsivo na sua p\u00e1gina inicial do Webnode. Incorpore nossa demonstra\u00e7\u00e3o \u00fatil e crie seu plugin personalizado sem esfor\u00e7o!","og_url":"https:\/\/elfsight.com\/pt\/podcast-player-widget\/webnode\/","og_site_name":"Elfsight PT","article_modified_time":"2024-11-13T11:38:16+00:00","twitter_card":"summary_large_image","twitter_misc":{"Tempo estimado de leitura":"2 minutos"},"schema":{"@context":"https:\/\/schema.org","@graph":[{"@type":"WebPage","@id":"https:\/\/elfsight.com\/pt\/podcast-player-widget\/webnode\/","url":"https:\/\/elfsight.com\/pt\/podcast-player-widget\/webnode\/","name":"Elfsight Podcast Player para site Webnode (gr\u00e1tis e f\u00e1cil)","isPartOf":{"@id":"https:\/\/elfsight.com\/pt\/#website"},"datePublished":"1970-01-01T00:00:00+00:00","dateModified":"2024-11-13T11:38:16+00:00","description":"Comece a usar nossa demonstra\u00e7\u00e3o acess\u00edvel e incorpore um Podcast Player responsivo na sua p\u00e1gina inicial do Webnode. Incorpore nossa demonstra\u00e7\u00e3o \u00fatil e crie seu plugin personalizado sem esfor\u00e7o!","breadcrumb":{"@id":"https:\/\/elfsight.com\/pt\/podcast-player-widget\/webnode\/#breadcrumb"},"inLanguage":"pt-PT","potentialAction":[{"@type":"ReadAction","target":["https:\/\/elfsight.com\/pt\/podcast-player-widget\/webnode\/"]}]},{"@type":"BreadcrumbList","@id":"https:\/\/elfsight.com\/pt\/podcast-player-widget\/webnode\/#breadcrumb","itemListElement":[{"@type":"ListItem","position":1,"name":"Home","item":"https:\/\/elfsight.com\/pt\/"},{"@type":"ListItem","position":2,"name":"Podcast Player","item":"https:\/\/elfsight.com\/pt\/podcast-player-widget\/"},{"@type":"ListItem","position":3,"name":"Podcast Player &#8211; Webnode"}]},{"@type":"WebSite","@id":"https:\/\/elfsight.com\/pt\/#website","url":"https:\/\/elfsight.com\/pt\/","name":"Elfsight PT","description":"Just another Elfsight Sites site","potentialAction":[{"@type":"SearchAction","target":{"@type":"EntryPoint","urlTemplate":"https:\/\/elfsight.com\/pt\/?s={search_term_string}"},"query-input":{"@type":"PropertyValueSpecification","valueRequired":true,"valueName":"search_term_string"}}],"inLanguage":"pt-PT"}]}},"meta_box":{"industry":"","seo_heading":"","heading":"","description":"","cta_heading":"","cta_description":"","application":"1215","h1":"Widget do reprodutor de podcast Webnode","h1_caption":"Ofere\u00e7a aos seus visitantes uma nova experi\u00eancia e obtenha facilmente clientes fi\u00e9is","application_category":[],"applications_title":"","applications_request_title":"","applications_request_button_text":"","hero_text":"","hero_video":"","hero_video_schema_markup":"","selling_points_title":"","selling_points_caption":"","selling_points":[],"selling_points_cta_text":"","features_title":"","features":"","ed_cta_examples_text":"","ed_cta_examples_hidden":"","ed_cta_demo_text":"","ed_cta_demo_hidden":"","why_caption":"","why_editor_title":"","why_editor_text":"","why_team_title":"","why_team_text":"","why_service_title":"","why_service_text":"","template_catalog_visible":"","template_catalog_title":"","template_catalog_text":"","template_catalog_categories_visible":"","demo_title":"Crie seu widget do Podcast Player","demo_caption":"Configure seu Podcast Player e adicione-o ao seu site Webnode gratuitamente!","default_faq_hidden":"","app_template_category":[],"platform":"4917","template_public_id":"","codecanyon_url":"","codecanyon_item_id":"","codecanyon_price":"","pricing_caption":"","pricing_elfsight_apps_hide_column":"","pricing_elfsight_apps_url":"","pricing_codecanyon_price_caption":"","integration_category":[],"integration_request_title":"","integration_request_cta":"","integration_platform":"","integrations":[],"platform_category":[],"video_schema_markup":"","price":"a partir de US$ 0\/m\u00eas","trial":"","benefits":[{"text":"Servi\u00e7o de instala\u00e7\u00e3o gratuito"},{"text":"Atendimento ao cliente competente"},{"text":"Garantia de devolu\u00e7\u00e3o do dinheiro em 14 dias"},{"text":"Atualizando constantemente"}],"button_url":"#demo","button_target_blank":"","button_nofollow":"","attributes":[{"name":"Instala\u00e7\u00f5es","content":"10,000 - 100,000"},{"name":"Responsivo","content":"Sim"},{"name":"Navegadores compat\u00edveis","content":"Firefox, Safari, Opera, Chrome, Edge"}],"tags":[],"tags_disable_links":"","hide_more_platforms":"","video_object":"","demo_hide_cta":"","demo_hide_cloud_options":"","pricing_title":"","pricing":[{"pricing_icon":"platform","pricing_title":"Elfsight Apps","pricing_title_caption":"Solu\u00e7\u00e3o digital independente de plataforma que se adapta a qualquer site","pricing_price":"a partir de US$ 0\/m\u00eas","pricing_price_caption":"comece com plano gratuito","pricing_benefits":[{"text":"Sites ilimitados"},{"text":"Suporte dedicado \u00e0 empresa"},{"text":"Suporte dedicado \u00e0 empresa"},{"text":"Oferta especial para v\u00e1rios aplicativos"}],"pricing_button_text":"Adicionar ao site","pricing_button_url":"#demo"}],"related_apps_title":"","related_apps_hidden":"","author":"","image":[],"title":"","job":"","social_networks":[]},"_links":{"self":[{"href":"https:\/\/elfsight.com\/pt\/wp-json\/wp\/v2\/pages\/7433","targetHints":{"allow":["GET"]}}],"collection":[{"href":"https:\/\/elfsight.com\/pt\/wp-json\/wp\/v2\/pages"}],"about":[{"href":"https:\/\/elfsight.com\/pt\/wp-json\/wp\/v2\/types\/page"}],"author":[{"embeddable":true,"href":"https:\/\/elfsight.com\/pt\/wp-json\/wp\/v2\/users\/9"}],"replies":[{"embeddable":true,"href":"https:\/\/elfsight.com\/pt\/wp-json\/wp\/v2\/comments?post=7433"}],"version-history":[{"count":1,"href":"https:\/\/elfsight.com\/pt\/wp-json\/wp\/v2\/pages\/7433\/revisions"}],"predecessor-version":[{"id":7437,"href":"https:\/\/elfsight.com\/pt\/wp-json\/wp\/v2\/pages\/7433\/revisions\/7437"}],"up":[{"embeddable":true,"href":"https:\/\/elfsight.com\/pt\/wp-json\/wp\/v2\/pages\/1216"}],"wp:attachment":[{"href":"https:\/\/elfsight.com\/pt\/wp-json\/wp\/v2\/media?parent=7433"}],"curies":[{"name":"wp","href":"https:\/\/api.w.org\/{rel}","templated":true}]}}