{"id":7426,"date":"1970-01-01T00:00:00","date_gmt":"1970-01-01T00:00:00","guid":{"rendered":"https:\/\/elfsight.com\/pt\/?page_id=7426"},"modified":"2024-11-13T11:38:08","modified_gmt":"2024-11-13T11:38:08","slug":"wordpress","status":"publish","type":"page","link":"https:\/\/elfsight.com\/pt\/podcast-player-widget\/wordpress\/","title":{"rendered":"Podcast Player &#8211; WordPress"},"content":{"rendered":"<div class=\"application-platform-content-item-description application-platform-content-item\" id=\"description\" data-nav-section=\"description\"> <h2>Incorpore Podcast Player no WordPress com o widget Elfsight<\/h2> <p>Elfsight Podcast Player \u00e9 um plugin descomplicado para WordPress que permite que voc\u00ea reproduza podcasts diretamente em sua p\u00e1gina inicial. O widget \u00e9 extremamente ajust\u00e1vel: voc\u00ea \u00e9 livre para alterar seu posicionamento, coloc\u00e1-lo em qualquer lugar da p\u00e1gina, alterar seu tamanho, recolorir o fundo e todas as outras partes para combin\u00e1-lo com o design do seu site, empregar esquema de cores escuras, exibir imagens e demonstre ou oculte 3 detalhes de outros jogadores, como barra de progresso e muito mais. Envolva o seu p\u00fablico, ative a op\u00e7\u00e3o de reprodu\u00e7\u00e3o autom\u00e1tica e tenha certeza: o seu p\u00fablico n\u00e3o sair\u00e1 da sua p\u00e1gina da web com pressa! <\/p> <p><b>Desperte o interesse do seu p\u00fablico fornecendo-lhes materiais valiosos e interessantes aplicando o Elfsight Podcast Player<\/b><\/p> <\/div> <div class=\"application-platform-content-item-features application-platform-content-item\" id=\"features\" data-nav-section=\"features\"> <h2>Encontre abaixo recursos b\u00e1sicos do plugin: <\/h2> <ul><li>Numerosas altera\u00e7\u00f5es de cores. <\/li><li>2 layouts prontos para uso. <\/li><li>Uma op\u00e7\u00e3o para adicionar imagem de fundo. <\/li><li>Um n\u00famero infinito de faixas. <\/li><li>Uma op\u00e7\u00e3o para criar seu tema de cores personalizado. <\/li><\/ul><p><a href=\"#demo\">Experimente todas as op\u00e7\u00f5es de personaliza\u00e7\u00e3o na demonstra\u00e7\u00e3o completa<\/a><\/p> <\/div> <div class=\"application-platform-content-item-installation application-platform-content-item\" id=\"installation\" data-nav-section=\"installation\"> <h2>Como incorporar o Podcast Player \u00e0 minha p\u00e1gina WordPress? <\/h2><div class=\"video-container\"><iframe width=\"720\" height=\"405\" src=\"https:\/\/www.youtube.com\/embed\/RIhbiXG4zYg\" frameborder=\"0\" allowfullscreen=\"\"><\/iframe><\/div><p>Basta seguir as orienta\u00e7\u00f5es abaixo para come\u00e7ar a trabalhar com o plugin. <\/p> <ol><li><b>Execute nosso configurador gratuito e comece a construir seu plugin personalizado. <\/b><br> Encontre a apar\u00eancia e as caracter\u00edsticas selecionadas do plugin e salve todas as edi\u00e7\u00f5es. <\/li> <li><b>Copie seu c\u00f3digo individual que aparece na caixa dos aplicativos Elfsight. <\/b><br> Logo ap\u00f3s finalizar a configura\u00e7\u00e3o do seu plugin pessoal, copie seu c\u00f3digo na caixa que aparece e guarde-o para uso posterior. <\/li> <li><b>Iniciar a aplica\u00e7\u00e3o do plugin no site WordPress. <\/b><br> Adicione o c\u00f3digo copiado anteriormente em sua p\u00e1gina e salve as corre\u00e7\u00f5es. <\/li> <li><b>Conclu\u00eddo! A integra\u00e7\u00e3o \u00e9 totalmente realizada. <\/b><br> Acesse seu site para observar o funcionamento do plugin. <\/li><\/ol><p>Na condi\u00e7\u00e3o de ter d\u00favidas ou enfrentar alguma complica\u00e7\u00e3o, n\u00e3o tenha medo de entrar em contato com nossa equipe de suporte. Nossos consultores est\u00e3o ansiosos para resolver todas as dificuldades que voc\u00ea possa ter com a ferramenta. <\/p> <div class=\"faq\" data-component=\"FAQ\"><div class=\"faq-item\">\r\n\t\t\t\t\t<div class=\"faq-item-question\">\r\n\t\t\t\t\t\t<h3 class=\"faq-item-question-text\">Como posso incorporar um plugin Podcast Player para WordPress no meu site sem conhecimentos de codifica\u00e7\u00e3o?<\/h3>\r\n\r\n\t\t\t\t\t\t<div class=\"faq-item-question-icon\"><\/div>\r\n\t\t\t\t\t<\/div>\r\n\r\n\t\t\t\t\t<div class=\"faq-item-answer\">\r\n\t\t\t\t\t\t<div class=\"faq-item-answer-text\"><p>A Elfsight fornece uma solu\u00e7\u00e3o baseada na nuvem que permite aos utilizadores criar um plugin Podcast Player para WordPress pr\u00f3prios. Veja como o processo \u00e9 simples:<\/p><ul><li>Acesse o Editor on-line para gerar um plugin Podcast Player para a se\u00e7\u00e3o WordPress que voc\u00ea gostaria de integrar ao seu site.<\/li><li>Escolha um dos nossos modelos pr\u00e9-concebidos e personalize o plug-in Podcast Player para configura\u00e7\u00f5es do WordPress, modifique o layout e o esquema de cores, inclua seu conte\u00fado sem qualquer necessidade de codifica\u00e7\u00e3o.<\/li><li>Salve as configura\u00e7\u00f5es que voc\u00ea configurou para o plug-in Podcast Player para WordPress e obtenha o c\u00f3digo para incorporar o plugin, que pode ser facilmente adicionado ao seu site e sem nenhum custo.<\/li><\/ul><p>Ao trabalhar no Editor amig\u00e1vel, qualquer usu\u00e1rio da Internet pode criar um Podcast Plugin do player para se\u00e7\u00e3o WordPress e incorpore-o em seu site. N\u00e3o h\u00e1 exig\u00eancia de pagamento ou divulga\u00e7\u00e3o dos dados do seu cart\u00e3o para acessar o Editor Elfsight. Se voc\u00ea encontrar alguma dificuldade em qualquer est\u00e1gio, sinta-se \u00e0 vontade para entrar em contato com nosso suporte ao cliente.<\/p><\/div>\r\n\t\t\t\t\t<\/div>\r\n\t\t\t\t<\/div><\/div><\/div>","protected":false},"excerpt":{"rendered":"","protected":false},"author":9,"featured_media":0,"parent":1216,"menu_order":0,"comment_status":"closed","ping_status":"closed","template":"templates\/template-application-platform.php","meta":{"publish_to_discourse":"","publish_post_category":"","wpdc_auto_publish_overridden":"","wpdc_topic_tags":"","wpdc_pin_topic":"","wpdc_pin_until":"","discourse_post_id":"","discourse_permalink":"","wpdc_publishing_response":"","wpdc_publishing_error":"","footnotes":""},"class_list":["post-7426","page","type-page","status-publish","hentry"],"yoast_head":"<!-- This site is optimized with the Yoast SEO plugin v25.3.1 - https:\/\/yoast.com\/wordpress\/plugins\/seo\/ -->\n<title>Elfsight Podcast Player para site WordPress (f\u00e1cil e r\u00e1pido)<\/title>\n<meta name=\"description\" content=\"Integre um Podcast Player responsivo em sua p\u00e1gina WordPress. Implemente nossa demonstra\u00e7\u00e3o e crie seu plugin personalizado com um clique!\" \/>\n<meta name=\"robots\" content=\"index, follow, max-snippet:-1, max-image-preview:large, max-video-preview:-1\" \/>\n<link rel=\"canonical\" href=\"https:\/\/elfsight.com\/pt\/podcast-player-widget\/wordpress\/\" \/>\n<meta property=\"og:locale\" content=\"pt_PT\" \/>\n<meta property=\"og:type\" content=\"article\" \/>\n<meta property=\"og:title\" content=\"Elfsight Podcast Player para site WordPress (f\u00e1cil e r\u00e1pido)\" \/>\n<meta property=\"og:description\" content=\"Integre um Podcast Player responsivo em sua p\u00e1gina WordPress. Implemente nossa demonstra\u00e7\u00e3o e crie seu plugin personalizado com um clique!\" \/>\n<meta property=\"og:url\" content=\"https:\/\/elfsight.com\/pt\/podcast-player-widget\/wordpress\/\" \/>\n<meta property=\"og:site_name\" content=\"Elfsight PT\" \/>\n<meta property=\"article:modified_time\" content=\"2024-11-13T11:38:08+00:00\" \/>\n<meta name=\"twitter:card\" content=\"summary_large_image\" \/>\n<meta name=\"twitter:label1\" content=\"Tempo estimado de leitura\" \/>\n\t<meta name=\"twitter:data1\" content=\"3 minutos\" \/>\n<!-- \/ Yoast SEO plugin. -->","yoast_head_json":{"title":"Elfsight Podcast Player para site WordPress (f\u00e1cil e r\u00e1pido)","description":"Integre um Podcast Player responsivo em sua p\u00e1gina WordPress. Implemente nossa demonstra\u00e7\u00e3o e crie seu plugin personalizado com um clique!","robots":{"index":"index","follow":"follow","max-snippet":"max-snippet:-1","max-image-preview":"max-image-preview:large","max-video-preview":"max-video-preview:-1"},"canonical":"https:\/\/elfsight.com\/pt\/podcast-player-widget\/wordpress\/","og_locale":"pt_PT","og_type":"article","og_title":"Elfsight Podcast Player para site WordPress (f\u00e1cil e r\u00e1pido)","og_description":"Integre um Podcast Player responsivo em sua p\u00e1gina WordPress. Implemente nossa demonstra\u00e7\u00e3o e crie seu plugin personalizado com um clique!","og_url":"https:\/\/elfsight.com\/pt\/podcast-player-widget\/wordpress\/","og_site_name":"Elfsight PT","article_modified_time":"2024-11-13T11:38:08+00:00","twitter_card":"summary_large_image","twitter_misc":{"Tempo estimado de leitura":"3 minutos"},"schema":{"@context":"https:\/\/schema.org","@graph":[{"@type":"WebPage","@id":"https:\/\/elfsight.com\/pt\/podcast-player-widget\/wordpress\/","url":"https:\/\/elfsight.com\/pt\/podcast-player-widget\/wordpress\/","name":"Elfsight Podcast Player para site WordPress (f\u00e1cil e r\u00e1pido)","isPartOf":{"@id":"https:\/\/elfsight.com\/pt\/#website"},"datePublished":"1970-01-01T00:00:00+00:00","dateModified":"2024-11-13T11:38:08+00:00","description":"Integre um Podcast Player responsivo em sua p\u00e1gina WordPress. Implemente nossa demonstra\u00e7\u00e3o e crie seu plugin personalizado com um clique!","breadcrumb":{"@id":"https:\/\/elfsight.com\/pt\/podcast-player-widget\/wordpress\/#breadcrumb"},"inLanguage":"pt-PT","potentialAction":[{"@type":"ReadAction","target":["https:\/\/elfsight.com\/pt\/podcast-player-widget\/wordpress\/"]}]},{"@type":"BreadcrumbList","@id":"https:\/\/elfsight.com\/pt\/podcast-player-widget\/wordpress\/#breadcrumb","itemListElement":[{"@type":"ListItem","position":1,"name":"Home","item":"https:\/\/elfsight.com\/pt\/"},{"@type":"ListItem","position":2,"name":"Podcast Player","item":"https:\/\/elfsight.com\/pt\/podcast-player-widget\/"},{"@type":"ListItem","position":3,"name":"Podcast Player &#8211; WordPress"}]},{"@type":"WebSite","@id":"https:\/\/elfsight.com\/pt\/#website","url":"https:\/\/elfsight.com\/pt\/","name":"Elfsight PT","description":"Just another Elfsight Sites site","potentialAction":[{"@type":"SearchAction","target":{"@type":"EntryPoint","urlTemplate":"https:\/\/elfsight.com\/pt\/?s={search_term_string}"},"query-input":{"@type":"PropertyValueSpecification","valueRequired":true,"valueName":"search_term_string"}}],"inLanguage":"pt-PT"}]}},"meta_box":{"industry":"","seo_heading":"","heading":"","description":"","cta_heading":"","cta_description":"","application":"1215","h1":"Plug-in WordPress Podcast Player","h1_caption":"Ofere\u00e7a ao seu p\u00fablico uma nova experi\u00eancia e receba clientes fi\u00e9is sem esfor\u00e7o","application_category":[],"applications_title":"","applications_request_title":"","applications_request_button_text":"","hero_text":"","hero_video":"","hero_video_schema_markup":"","selling_points_title":"","selling_points_caption":"","selling_points":[],"selling_points_cta_text":"","features_title":"","features":"","ed_cta_examples_text":"","ed_cta_examples_hidden":"","ed_cta_demo_text":"","ed_cta_demo_hidden":"","why_caption":"","why_editor_title":"","why_editor_text":"","why_team_title":"","why_team_text":"","why_service_title":"","why_service_text":"","template_catalog_visible":"","template_catalog_title":"","template_catalog_text":"","template_catalog_categories_visible":"","demo_title":"Crie seu plugin Podcast Player","demo_caption":"Configure seu Podcast Player e adicione-o ao seu site WordPress gratuitamente!","default_faq_hidden":"","app_template_category":[],"platform":"34","template_public_id":"","codecanyon_url":"","codecanyon_item_id":"","codecanyon_price":"","pricing_caption":"","pricing_elfsight_apps_hide_column":"","pricing_elfsight_apps_url":"","pricing_codecanyon_price_caption":"","integration_category":[],"integration_request_title":"","integration_request_cta":"","integration_platform":"","integrations":[],"platform_category":[],"video_schema_markup":"","price":"a partir de US$ 0\/m\u00eas","trial":"","benefits":[{"text":"Assist\u00eancia de instala\u00e7\u00e3o gratuita"},{"text":"Suporte premium"},{"text":"Garantia de reembolso de 14 dias"},{"text":"Futuras melhorias gratuitas"}],"button_url":"#demo","button_target_blank":"","button_nofollow":"","attributes":[{"name":"Instala\u00e7\u00f5es","content":"10,000 - 100,000"},{"name":"Responsivo","content":"Sim"},{"name":"Navegadores compat\u00edveis","content":"Firefox, Safari, Opera, Chrome, Edge"}],"tags":[],"tags_disable_links":"","hide_more_platforms":"","video_object":"","demo_hide_cta":"","demo_hide_cloud_options":"","pricing_title":"","pricing":[{"pricing_icon":"platform","pricing_title":"Elfsight Apps","pricing_title_caption":"Solu\u00e7\u00e3o digital multiplataforma","pricing_price":"a partir de US$ 0\/m\u00eas","pricing_price_caption":"comece com plano gratuito","pricing_benefits":[{"text":"Sites ilimitados"},{"text":"Suporte r\u00e1pido"},{"text":"Suporte r\u00e1pido"},{"text":"\u00d3timo neg\u00f3cio para v\u00e1rios aplicativos"}],"pricing_button_text":"Adicionar ao site","pricing_button_url":"#demo"}],"related_apps_title":"","related_apps_hidden":"","author":"","image":[],"title":"","job":"","social_networks":[]},"_links":{"self":[{"href":"https:\/\/elfsight.com\/pt\/wp-json\/wp\/v2\/pages\/7426","targetHints":{"allow":["GET"]}}],"collection":[{"href":"https:\/\/elfsight.com\/pt\/wp-json\/wp\/v2\/pages"}],"about":[{"href":"https:\/\/elfsight.com\/pt\/wp-json\/wp\/v2\/types\/page"}],"author":[{"embeddable":true,"href":"https:\/\/elfsight.com\/pt\/wp-json\/wp\/v2\/users\/9"}],"replies":[{"embeddable":true,"href":"https:\/\/elfsight.com\/pt\/wp-json\/wp\/v2\/comments?post=7426"}],"version-history":[{"count":2,"href":"https:\/\/elfsight.com\/pt\/wp-json\/wp\/v2\/pages\/7426\/revisions"}],"predecessor-version":[{"id":12069,"href":"https:\/\/elfsight.com\/pt\/wp-json\/wp\/v2\/pages\/7426\/revisions\/12069"}],"up":[{"embeddable":true,"href":"https:\/\/elfsight.com\/pt\/wp-json\/wp\/v2\/pages\/1216"}],"wp:attachment":[{"href":"https:\/\/elfsight.com\/pt\/wp-json\/wp\/v2\/media?parent=7426"}],"curies":[{"name":"wp","href":"https:\/\/api.w.org\/{rel}","templated":true}]}}